{"id":10186,"date":"2025-06-15T12:38:58","date_gmt":"2025-06-15T10:38:58","guid":{"rendered":"https:\/\/bekkalokket.no\/?page_id=10186"},"modified":"2025-12-10T14:59:08","modified_gmt":"2025-12-10T12:59:08","slug":"status-arets-fotograf-2025","status":"publish","type":"page","link":"https:\/\/bekkalokket.no\/index.php\/status-arets-fotograf-2025\/","title":{"rendered":"Status \u00c5rets fotograf 2025"},"content":{"rendered":"\n<figure class=\"wp-block-table\"><table class=\"has-fixed-layout\"><tbody><tr><td><strong>Plassering<\/strong><\/td><td><strong>Autor<\/strong><\/td><td><strong>NM v\u00e5r<\/strong><\/td><td><strong>Klubb v\u00e5r<\/strong><\/td><td><strong>NM h\u00f8st<\/strong><\/td><td><strong>Klubb h\u00f8st<\/strong><\/td><td><strong>Totalt<\/strong><\/td><td><strong>Differanse<\/strong><\/td><\/tr><tr><td>1<\/td><td>Asbj\u00f8rn M Olsen<\/td><td>25<\/td><td>11<\/td><td>3<\/td><td>22<\/td><td>61<\/td><td><\/td><\/tr><tr><td>2<\/td><td>Gunnar Bye<\/td><td>23<\/td><td>11<\/td><td>14<\/td><td>12<\/td><td>60<\/td><td>1<\/td><\/tr><tr><td>3<\/td><td>Kjell Eirik Irgens Henanger<\/td><td>25<\/td><td>0<\/td><td>18<\/td><td>16<\/td><td>59<\/td><td>1<\/td><\/tr><tr><td>4<\/td><td>Audun Nygaard<\/td><td>12<\/td><td>22<\/td><td>3<\/td><td>18<\/td><td>55<\/td><td>4<\/td><\/tr><tr><td>5<\/td><td>Roald Synnev\u00e5g<\/td><td>4<\/td><td>27<\/td><td>5<\/td><td>15<\/td><td>51<\/td><td>4<\/td><\/tr><tr><td>6<\/td><td>Morten Tellefsen<\/td><td>12<\/td><td>11<\/td><td>12<\/td><td>14<\/td><td>49<\/td><td>2<\/td><\/tr><tr><td>7<\/td><td>Espen Lossius<\/td><td>4<\/td><td>27<\/td><td>10<\/td><td>5<\/td><td>46<\/td><td>3<\/td><\/tr><tr><td>8<\/td><td>Tom Jarane<\/td><td>3<\/td><td>8<\/td><td>7<\/td><td>17<\/td><td>35<\/td><td>11<\/td><\/tr><tr><td>9<\/td><td>Endre M Lidal<\/td><td>6<\/td><td>8<\/td><td>8<\/td><td>7<\/td><td>29<\/td><td>6<\/td><\/tr><tr><td>10<\/td><td>Arne Bergo<\/td><td>8<\/td><td>11<\/td><td>6<\/td><td>2<\/td><td>27<\/td><td>2<\/td><\/tr><tr><td>11<\/td><td>John Vint<\/td><td>10<\/td><td>7<\/td><td>2<\/td><td>6<\/td><td>25<\/td><td>2<\/td><\/tr><tr><td><\/td><td>Kari Mikalsen<\/td><td>3<\/td><td>11<\/td><td>1<\/td><td>10<\/td><td>25<\/td><td>0<\/td><\/tr><tr><td>13<\/td><td>Jan Standal<\/td><td>1<\/td><td>9<\/td><td>3<\/td><td>10<\/td><td>23<\/td><td>2<\/td><\/tr><tr><td>14<\/td><td>Lars Sveen<\/td><td>6<\/td><td>8<\/td><td>1<\/td><td>5<\/td><td>20<\/td><td>3<\/td><\/tr><tr><td>15<\/td><td>Per Arne Arntsen<\/td><td>4<\/td><td>5<\/td><td>2<\/td><td>8<\/td><td>19<\/td><td>1<\/td><\/tr><tr><td>16<\/td><td>Arne Skinlo<\/td><td>13<\/td><td>4<\/td><td><\/td><td><\/td><td>17<\/td><td>2<\/td><\/tr><tr><td>17<\/td><td>Oddhild Lien<\/td><td>2<\/td><td>11<\/td><td>1<\/td><td>1<\/td><td>15<\/td><td>2<\/td><\/tr><tr><td><\/td><td>Stig Sverre Haraldsen<\/td><td>0<\/td><td>5<\/td><td>3<\/td><td>7<\/td><td>15<\/td><td>0<\/td><\/tr><tr><td>19<\/td><td>Astrid Bergo<\/td><td>5<\/td><td>7<\/td><td><\/td><td>1<\/td><td>13<\/td><td>2<\/td><\/tr><tr><td>20<\/td><td>Bj\u00f8rn Reidar Olsson<\/td><td>0<\/td><td>3<\/td><td><\/td><td>9<\/td><td>12<\/td><td>1<\/td><\/tr><tr><td><\/td><td>Eli Johanne Stene<\/td><td>1<\/td><td>11<\/td><td><\/td><td><\/td><td>12<\/td><td>0<\/td><\/tr><tr><td>22<\/td><td>Annie Elisabeth Bj\u00f8rklund<\/td><td>1<\/td><td>0<\/td><td>1<\/td><td>8<\/td><td>10<\/td><td>2<\/td><\/tr><tr><td>23<\/td><td>Enrico Curti<\/td><td>9<\/td><td>0<\/td><td><\/td><td><\/td><td>9<\/td><td>1<\/td><\/tr><tr><td><\/td><td>Merja Olsson<\/td><td><\/td><td><\/td><td>3<\/td><td>6<\/td><td>9<\/td><td>0<\/td><\/tr><tr><td>25<\/td><td>Terje Kolbeinsen<\/td><td>0<\/td><td>7<\/td><td><\/td><td>1<\/td><td>8<\/td><td>1<\/td><\/tr><tr><td>26<\/td><td>Eli S\u00f8rensen<\/td><td>7<\/td><td>0<\/td><td><\/td><td><\/td><td>7<\/td><td>1<\/td><\/tr><tr><td>27<\/td><td>Anders Fotland<\/td><td><\/td><td><\/td><td>2<\/td><td>4<\/td><td>6<\/td><td>1<\/td><\/tr><tr><td>28<\/td><td>Dag Magne Ulvang<\/td><td>1<\/td><td>1<\/td><td><\/td><td>2<\/td><td>4<\/td><td>2<\/td><\/tr><tr><td>29<\/td><td>Bente Nedreb\u00f8<\/td><td>0<\/td><td>2<\/td><td><\/td><td>1<\/td><td>3<\/td><td>1<\/td><\/tr><tr><td><\/td><td>Roar Iversen<\/td><td><\/td><td><\/td><td>1<\/td><td>2<\/td><td>3<\/td><td>0<\/td><\/tr><tr><td><\/td><td>Willy Samuelsen<\/td><td>1<\/td><td>2<\/td><td><\/td><td><\/td><td>3<\/td><td>0<\/td><\/tr><tr><td>32<\/td><td>Andreas Brandenborg Lyshaugen<\/td><td>0<\/td><td>1<\/td><td><\/td><td><\/td><td>1<\/td><td>2<\/td><\/tr><tr><td><\/td><td>Helge Fagerlie Nilsen<\/td><td>1<\/td><td>0<\/td><td><\/td><td><\/td><td>1<\/td><td>0<\/td><\/tr><tr><td><\/td><td>Knut Henrik Andersen<\/td><td><\/td><td><\/td><td><\/td><td>1<\/td><td>1<\/td><td>0<\/td><\/tr><\/tbody><\/table><\/figure>\n\n\n\n<p class=\"has-text-align-right\"><em>Oppdatert 10.12.2025<\/em><\/p>\n\n\n\n<p><\/p>\n","protected":false},"excerpt":{"rendered":"<p>Plassering Autor NM v\u00e5r Klubb v\u00e5r NM h\u00f8st Klubb h\u00f8st Totalt Differanse 1 Asbj\u00f8rn M Olsen 25 11 3 22 61 2 Gunnar Bye 23 11 14 12 60 1 3 Kjell Eirik Irgens&#46;&#46;&#46;<\/p>\n","protected":false},"author":2,"featured_media":0,"parent":0,"menu_order":0,"comment_status":"closed","ping_status":"closed","template":"","meta":{"footnotes":""},"class_list":["post-10186","page","type-page","status-publish","hentry"],"yoast_head":"<!-- This site is optimized with the Yoast SEO plugin v27.5 - https:\/\/yoast.com\/product\/yoast-seo-wordpress\/ -->\n<title>Status \u00c5rets fotograf 2025 - Bekkalokket Fotoklubb<\/title>\n<meta name=\"robots\" content=\"index, follow, max-snippet:-1, max-image-preview:large, max-video-preview:-1\" \/>\n<link rel=\"canonical\" href=\"https:\/\/bekkalokket.no\/index.php\/status-arets-fotograf-2025\/\" \/>\n<meta property=\"og:locale\" content=\"nb_NO\" \/>\n<meta property=\"og:type\" content=\"article\" \/>\n<meta property=\"og:title\" content=\"Status \u00c5rets fotograf 2025 - Bekkalokket Fotoklubb\" \/>\n<meta property=\"og:description\" content=\"Plassering Autor NM v\u00e5r Klubb v\u00e5r NM h\u00f8st Klubb h\u00f8st Totalt Differanse 1 Asbj\u00f8rn M Olsen 25 11 3 22 61 2 Gunnar Bye 23 11 14 12 60 1 3 Kjell Eirik Irgens&#046;&#046;&#046;\" \/>\n<meta property=\"og:url\" content=\"https:\/\/bekkalokket.no\/index.php\/status-arets-fotograf-2025\/\" \/>\n<meta property=\"og:site_name\" content=\"Bekkalokket Fotoklubb\" \/>\n<meta property=\"article:modified_time\" content=\"2025-12-10T12:59:08+00:00\" \/>\n<meta name=\"twitter:card\" content=\"summary_large_image\" \/>\n<meta name=\"twitter:label1\" content=\"Ansl. lesetid\" \/>\n\t<meta name=\"twitter:data1\" content=\"2 minutter\" \/>\n<script type=\"application\/ld+json\" class=\"yoast-schema-graph\">{\"@context\":\"https:\\\/\\\/schema.org\",\"@graph\":[{\"@type\":\"WebPage\",\"@id\":\"https:\\\/\\\/bekkalokket.no\\\/index.php\\\/status-arets-fotograf-2025\\\/\",\"url\":\"https:\\\/\\\/bekkalokket.no\\\/index.php\\\/status-arets-fotograf-2025\\\/\",\"name\":\"Status \u00c5rets fotograf 2025 - Bekkalokket Fotoklubb\",\"isPartOf\":{\"@id\":\"https:\\\/\\\/bekkalokket.no\\\/#website\"},\"datePublished\":\"2025-06-15T10:38:58+00:00\",\"dateModified\":\"2025-12-10T12:59:08+00:00\",\"breadcrumb\":{\"@id\":\"https:\\\/\\\/bekkalokket.no\\\/index.php\\\/status-arets-fotograf-2025\\\/#breadcrumb\"},\"inLanguage\":\"nb-NO\",\"potentialAction\":[{\"@type\":\"ReadAction\",\"target\":[\"https:\\\/\\\/bekkalokket.no\\\/index.php\\\/status-arets-fotograf-2025\\\/\"]}]},{\"@type\":\"BreadcrumbList\",\"@id\":\"https:\\\/\\\/bekkalokket.no\\\/index.php\\\/status-arets-fotograf-2025\\\/#breadcrumb\",\"itemListElement\":[{\"@type\":\"ListItem\",\"position\":1,\"name\":\"Home\",\"item\":\"https:\\\/\\\/bekkalokket.no\\\/\"},{\"@type\":\"ListItem\",\"position\":2,\"name\":\"Status \u00c5rets fotograf 2025\"}]},{\"@type\":\"WebSite\",\"@id\":\"https:\\\/\\\/bekkalokket.no\\\/#website\",\"url\":\"https:\\\/\\\/bekkalokket.no\\\/\",\"name\":\"Bekkalokket Fotoklubb\",\"description\":\"En sosial og aktiv fotoklubb i Bergen\",\"potentialAction\":[{\"@type\":\"SearchAction\",\"target\":{\"@type\":\"EntryPoint\",\"urlTemplate\":\"https:\\\/\\\/bekkalokket.no\\\/?s={search_term_string}\"},\"query-input\":{\"@type\":\"PropertyValueSpecification\",\"valueRequired\":true,\"valueName\":\"search_term_string\"}}],\"inLanguage\":\"nb-NO\"}]}<\/script>\n<!-- \/ Yoast SEO plugin. -->","yoast_head_json":{"title":"Status \u00c5rets fotograf 2025 - Bekkalokket Fotoklubb","robots":{"index":"index","follow":"follow","max-snippet":"max-snippet:-1","max-image-preview":"max-image-preview:large","max-video-preview":"max-video-preview:-1"},"canonical":"https:\/\/bekkalokket.no\/index.php\/status-arets-fotograf-2025\/","og_locale":"nb_NO","og_type":"article","og_title":"Status \u00c5rets fotograf 2025 - Bekkalokket Fotoklubb","og_description":"Plassering Autor NM v\u00e5r Klubb v\u00e5r NM h\u00f8st Klubb h\u00f8st Totalt Differanse 1 Asbj\u00f8rn M Olsen 25 11 3 22 61 2 Gunnar Bye 23 11 14 12 60 1 3 Kjell Eirik Irgens&#46;&#46;&#46;","og_url":"https:\/\/bekkalokket.no\/index.php\/status-arets-fotograf-2025\/","og_site_name":"Bekkalokket Fotoklubb","article_modified_time":"2025-12-10T12:59:08+00:00","twitter_card":"summary_large_image","twitter_misc":{"Ansl. lesetid":"2 minutter"},"schema":{"@context":"https:\/\/schema.org","@graph":[{"@type":"WebPage","@id":"https:\/\/bekkalokket.no\/index.php\/status-arets-fotograf-2025\/","url":"https:\/\/bekkalokket.no\/index.php\/status-arets-fotograf-2025\/","name":"Status \u00c5rets fotograf 2025 - Bekkalokket Fotoklubb","isPartOf":{"@id":"https:\/\/bekkalokket.no\/#website"},"datePublished":"2025-06-15T10:38:58+00:00","dateModified":"2025-12-10T12:59:08+00:00","breadcrumb":{"@id":"https:\/\/bekkalokket.no\/index.php\/status-arets-fotograf-2025\/#breadcrumb"},"inLanguage":"nb-NO","potentialAction":[{"@type":"ReadAction","target":["https:\/\/bekkalokket.no\/index.php\/status-arets-fotograf-2025\/"]}]},{"@type":"BreadcrumbList","@id":"https:\/\/bekkalokket.no\/index.php\/status-arets-fotograf-2025\/#breadcrumb","itemListElement":[{"@type":"ListItem","position":1,"name":"Home","item":"https:\/\/bekkalokket.no\/"},{"@type":"ListItem","position":2,"name":"Status \u00c5rets fotograf 2025"}]},{"@type":"WebSite","@id":"https:\/\/bekkalokket.no\/#website","url":"https:\/\/bekkalokket.no\/","name":"Bekkalokket Fotoklubb","description":"En sosial og aktiv fotoklubb i Bergen","potentialAction":[{"@type":"SearchAction","target":{"@type":"EntryPoint","urlTemplate":"https:\/\/bekkalokket.no\/?s={search_term_string}"},"query-input":{"@type":"PropertyValueSpecification","valueRequired":true,"valueName":"search_term_string"}}],"inLanguage":"nb-NO"}]}},"_links":{"self":[{"href":"https:\/\/bekkalokket.no\/index.php\/wp-json\/wp\/v2\/pages\/10186","targetHints":{"allow":["GET"]}}],"collection":[{"href":"https:\/\/bekkalokket.no\/index.php\/wp-json\/wp\/v2\/pages"}],"about":[{"href":"https:\/\/bekkalokket.no\/index.php\/wp-json\/wp\/v2\/types\/page"}],"author":[{"embeddable":true,"href":"https:\/\/bekkalokket.no\/index.php\/wp-json\/wp\/v2\/users\/2"}],"replies":[{"embeddable":true,"href":"https:\/\/bekkalokket.no\/index.php\/wp-json\/wp\/v2\/comments?post=10186"}],"version-history":[{"count":2,"href":"https:\/\/bekkalokket.no\/index.php\/wp-json\/wp\/v2\/pages\/10186\/revisions"}],"predecessor-version":[{"id":10938,"href":"https:\/\/bekkalokket.no\/index.php\/wp-json\/wp\/v2\/pages\/10186\/revisions\/10938"}],"wp:attachment":[{"href":"https:\/\/bekkalokket.no\/index.php\/wp-json\/wp\/v2\/media?parent=10186"}],"curies":[{"name":"wp","href":"https:\/\/api.w.org\/{rel}","templated":true}]}}