{"id":1065,"date":"2018-08-26T17:59:09","date_gmt":"2018-08-26T15:59:09","guid":{"rendered":"http:\/\/bekkalokket.com\/?page_id=1065"},"modified":"2018-08-26T18:03:48","modified_gmt":"2018-08-26T16:03:48","slug":"sommerfesten-2015","status":"publish","type":"page","link":"https:\/\/bekkalokket.no\/index.php\/sommerfesten-2015\/","title":{"rendered":"Sommerfesten 2015"},"content":{"rendered":"<h2>\u00a0Tekst leveres av kos-gjengen&#8230;.<\/h2>\n<p>&nbsp;<\/p>\n<p>&nbsp;<\/p>\n<table border=\"1\">\n<tbody>\n<tr>\n<td>Bilder<\/td>\n<td>Autor<\/td>\n<\/tr>\n<tr>\n<td><div aria-live=\"polite\" id=\"soliloquy-container-1076_1\" class=\"soliloquy-container soliloquy-transition-fade  soliloquy-theme-base\" style=\"max-width:960px;max-height:300px;\"><ul id=\"soliloquy-1076_1\" class=\"soliloquy-slider soliloquy-slides soliloquy-wrap soliloquy-clear\"><li aria-hidden=\"true\" class=\"soliloquy-item soliloquy-item-1 soliloquy-image-slide\" draggable=\"false\" style=\"list-style:none\"><img decoding=\"async\" id=\"soliloquy-image-1075\" class=\"soliloquy-image soliloquy-image-1\" src=\"https:\/\/bekkalokket.no\/wp-content\/uploads\/2018\/08\/11425108_10207314061839929_7530015261628548186_o.jpg\" alt=\"11425108_10207314061839929_7530015261628548186_o\" \/><\/li><li aria-hidden=\"true\" class=\"soliloquy-item soliloquy-item-2 soliloquy-image-slide\" draggable=\"false\" style=\"list-style:none\"><img decoding=\"async\" id=\"soliloquy-image-1074\" class=\"soliloquy-image soliloquy-image-2\" src=\"https:\/\/bekkalokket.no\/wp-content\/uploads\/2018\/08\/11402505_10207314210163637_1355181551935627748_o.jpg\" alt=\"11402505_10207314210163637_1355181551935627748_o\" \/><\/li><li aria-hidden=\"true\" class=\"soliloquy-item soliloquy-item-3 soliloquy-image-slide\" draggable=\"false\" style=\"list-style:none\"><img decoding=\"async\" id=\"soliloquy-image-1073\" class=\"soliloquy-image soliloquy-image-3\" src=\"https:\/\/bekkalokket.no\/wp-content\/uploads\/2018\/08\/11402473_10207314210643649_2742953958719032656_o.jpg\" alt=\"11402473_10207314210643649_2742953958719032656_o\" \/><\/li><li aria-hidden=\"true\" class=\"soliloquy-item soliloquy-item-4 soliloquy-image-slide\" draggable=\"false\" style=\"list-style:none\"><img decoding=\"async\" id=\"soliloquy-image-1072\" class=\"soliloquy-image soliloquy-image-4\" src=\"https:\/\/bekkalokket.no\/wp-content\/uploads\/2018\/08\/11337115_10207314210603648_8052080585214133954_o.jpg\" alt=\"11337115_10207314210603648_8052080585214133954_o\" \/><\/li><li aria-hidden=\"true\" class=\"soliloquy-item soliloquy-item-5 soliloquy-image-slide\" draggable=\"false\" style=\"list-style:none\"><img decoding=\"async\" id=\"soliloquy-image-1071\" class=\"soliloquy-image soliloquy-image-5\" src=\"https:\/\/bekkalokket.no\/wp-content\/uploads\/2018\/08\/11312678_10207314210523646_5103016753462879087_o.jpg\" alt=\"11312678_10207314210523646_5103016753462879087_o\" \/><\/li><li aria-hidden=\"true\" class=\"soliloquy-item soliloquy-item-6 soliloquy-image-slide\" draggable=\"false\" style=\"list-style:none\"><img decoding=\"async\" id=\"soliloquy-image-1070\" class=\"soliloquy-image soliloquy-image-6\" src=\"https:\/\/bekkalokket.no\/wp-content\/uploads\/2018\/08\/11289378_10207314049679625_8823442866327381318_o.jpg\" alt=\"11289378_10207314049679625_8823442866327381318_o\" \/><\/li><li aria-hidden=\"true\" class=\"soliloquy-item soliloquy-item-7 soliloquy-image-slide\" draggable=\"false\" style=\"list-style:none\"><img decoding=\"async\" id=\"soliloquy-image-1069\" class=\"soliloquy-image soliloquy-image-7\" src=\"https:\/\/bekkalokket.no\/wp-content\/uploads\/2018\/08\/11221741_10207314210563647_1159573260024262218_o.jpg\" alt=\"11221741_10207314210563647_1159573260024262218_o\" \/><\/li><li aria-hidden=\"true\" class=\"soliloquy-item soliloquy-item-8 soliloquy-image-slide\" draggable=\"false\" style=\"list-style:none\"><img decoding=\"async\" id=\"soliloquy-image-1068\" class=\"soliloquy-image soliloquy-image-8\" src=\"https:\/\/bekkalokket.no\/wp-content\/uploads\/2018\/08\/11080710_10207314171962682_6975758681042717201_o.jpg\" alt=\"11080710_10207314171962682_6975758681042717201_o\" \/><\/li><li aria-hidden=\"true\" class=\"soliloquy-item soliloquy-item-9 soliloquy-image-slide\" draggable=\"false\" style=\"list-style:none\"><img decoding=\"async\" id=\"soliloquy-image-1067\" class=\"soliloquy-image soliloquy-image-9\" src=\"https:\/\/bekkalokket.no\/wp-content\/uploads\/2018\/08\/11078131_10207314209843629_7312435867051666045_o.jpg\" alt=\"11078131_10207314209843629_7312435867051666045_o\" \/><\/li><\/ul><\/div><noscript><style type=\"text\/css\">#soliloquy-container-1076_1{opacity:1}<\/style><\/noscript><\/td>\n<td>Janne Monsen<\/td>\n<\/tr>\n<tr>\n<td><div aria-live=\"polite\" id=\"soliloquy-container-1077_2\" class=\"soliloquy-container soliloquy-transition-fade  soliloquy-theme-base\" style=\"max-width:960px;max-height:300px;\"><ul id=\"soliloquy-1077_2\" class=\"soliloquy-slider soliloquy-slides soliloquy-wrap soliloquy-clear\"><li aria-hidden=\"true\" class=\"soliloquy-item soliloquy-item-1 soliloquy-image-slide\" draggable=\"false\" style=\"list-style:none\"><img decoding=\"async\" id=\"soliloquy-image-1078\" class=\"soliloquy-image soliloquy-image-1\" src=\"https:\/\/bekkalokket.no\/wp-content\/uploads\/2018\/08\/10268467_1166785400003244_5728648928904838290_n.jpg\" alt=\"10268467_1166785400003244_5728648928904838290_n\" \/><\/li><li aria-hidden=\"true\" class=\"soliloquy-item soliloquy-item-2 soliloquy-image-slide\" draggable=\"false\" style=\"list-style:none\"><img decoding=\"async\" id=\"soliloquy-image-1079\" class=\"soliloquy-image soliloquy-image-2\" src=\"https:\/\/bekkalokket.no\/wp-content\/uploads\/2018\/08\/11391744_1166785470003237_2603406968740512735_n.jpg\" alt=\"11391744_1166785470003237_2603406968740512735_n\" \/><\/li><li aria-hidden=\"true\" class=\"soliloquy-item soliloquy-item-3 soliloquy-image-slide\" draggable=\"false\" style=\"list-style:none\"><img decoding=\"async\" id=\"soliloquy-image-1080\" class=\"soliloquy-image soliloquy-image-3\" src=\"https:\/\/bekkalokket.no\/wp-content\/uploads\/2018\/08\/11401365_1166785443336573_5657864174964840934_n.jpg\" alt=\"11401365_1166785443336573_5657864174964840934_n\" \/><\/li><li aria-hidden=\"true\" class=\"soliloquy-item soliloquy-item-4 soliloquy-image-slide\" draggable=\"false\" style=\"list-style:none\"><img decoding=\"async\" id=\"soliloquy-image-1081\" class=\"soliloquy-image soliloquy-image-4\" src=\"https:\/\/bekkalokket.no\/wp-content\/uploads\/2018\/08\/11422040_1166785410003243_3575665619248732666_n.jpg\" alt=\"11422040_1166785410003243_3575665619248732666_n\" \/><\/li><\/ul><\/div><noscript><style type=\"text\/css\">#soliloquy-container-1077_2{opacity:1}<\/style><\/noscript><\/td>\n<td>Marit Fagerheim<\/td>\n<\/tr>\n<tr>\n<td><div aria-live=\"polite\" id=\"soliloquy-container-1082_3\" class=\"soliloquy-container soliloquy-transition-fade  soliloquy-theme-base\" style=\"max-width:960px;max-height:300px;\"><ul id=\"soliloquy-1082_3\" class=\"soliloquy-slider soliloquy-slides soliloquy-wrap soliloquy-clear\"><li aria-hidden=\"true\" class=\"soliloquy-item soliloquy-item-1 soliloquy-image-slide\" draggable=\"false\" style=\"list-style:none\"><img decoding=\"async\" id=\"soliloquy-image-1083\" class=\"soliloquy-image soliloquy-image-1\" src=\"https:\/\/bekkalokket.no\/wp-content\/uploads\/2018\/08\/549423_10153956969199097_6758431878216895787_n-960x300_c.jpg\" alt=\"549423_10153956969199097_6758431878216895787_n\" \/><\/li><\/ul><\/div><noscript><style type=\"text\/css\">#soliloquy-container-1082_3{opacity:1}<\/style><\/noscript><\/td>\n<td>Roald Synnev\u00e5g<\/td>\n<\/tr>\n<\/tbody>\n<\/table>\n<p>&nbsp;<\/p>\n<p>Om det er noen som har flere bilder, s\u00e5 er det bare \u00e5 sende dem til redaktor@bekkalokket.no, s\u00e5 legges de ut.<\/p>\n","protected":false},"excerpt":{"rendered":"<p>\u00a0Tekst leveres av kos-gjengen&#8230;. &nbsp; &nbsp; Bilder Autor Janne Monsen Marit Fagerheim Roald Synnev\u00e5g &nbsp; Om det er noen som har flere bilder, s\u00e5 er det bare \u00e5 sende dem til redaktor@bekkalokket.no, s\u00e5 legges&#46;&#46;&#46;<\/p>\n","protected":false},"author":2,"featured_media":0,"parent":0,"menu_order":0,"comment_status":"closed","ping_status":"closed","template":"","meta":{"footnotes":""},"class_list":["post-1065","page","type-page","status-publish","hentry"],"yoast_head":"<!-- This site is optimized with the Yoast SEO plugin v27.5 - https:\/\/yoast.com\/product\/yoast-seo-wordpress\/ -->\n<title>Sommerfesten 2015 - Bekkalokket Fotoklubb<\/title>\n<meta name=\"robots\" content=\"index, follow, max-snippet:-1, max-image-preview:large, max-video-preview:-1\" \/>\n<link rel=\"canonical\" href=\"https:\/\/bekkalokket.no\/index.php\/sommerfesten-2015\/\" \/>\n<meta property=\"og:locale\" content=\"nb_NO\" \/>\n<meta property=\"og:type\" content=\"article\" \/>\n<meta property=\"og:title\" content=\"Sommerfesten 2015 - Bekkalokket Fotoklubb\" \/>\n<meta property=\"og:description\" content=\"\u00a0Tekst leveres av kos-gjengen&#8230;. &nbsp; &nbsp; Bilder Autor Janne Monsen Marit Fagerheim Roald Synnev\u00e5g &nbsp; Om det er noen som har flere bilder, s\u00e5 er det bare \u00e5 sende dem til redaktor@bekkalokket.no, s\u00e5 legges&#046;&#046;&#046;\" \/>\n<meta property=\"og:url\" content=\"https:\/\/bekkalokket.no\/index.php\/sommerfesten-2015\/\" \/>\n<meta property=\"og:site_name\" content=\"Bekkalokket Fotoklubb\" \/>\n<meta property=\"article:modified_time\" content=\"2018-08-26T16:03:48+00:00\" \/>\n<meta name=\"twitter:card\" content=\"summary_large_image\" \/>\n<script type=\"application\/ld+json\" class=\"yoast-schema-graph\">{\"@context\":\"https:\\\/\\\/schema.org\",\"@graph\":[{\"@type\":\"WebPage\",\"@id\":\"https:\\\/\\\/bekkalokket.no\\\/index.php\\\/sommerfesten-2015\\\/\",\"url\":\"https:\\\/\\\/bekkalokket.no\\\/index.php\\\/sommerfesten-2015\\\/\",\"name\":\"Sommerfesten 2015 - Bekkalokket Fotoklubb\",\"isPartOf\":{\"@id\":\"https:\\\/\\\/bekkalokket.no\\\/#website\"},\"datePublished\":\"2018-08-26T15:59:09+00:00\",\"dateModified\":\"2018-08-26T16:03:48+00:00\",\"breadcrumb\":{\"@id\":\"https:\\\/\\\/bekkalokket.no\\\/index.php\\\/sommerfesten-2015\\\/#breadcrumb\"},\"inLanguage\":\"nb-NO\",\"potentialAction\":[{\"@type\":\"ReadAction\",\"target\":[\"https:\\\/\\\/bekkalokket.no\\\/index.php\\\/sommerfesten-2015\\\/\"]}]},{\"@type\":\"BreadcrumbList\",\"@id\":\"https:\\\/\\\/bekkalokket.no\\\/index.php\\\/sommerfesten-2015\\\/#breadcrumb\",\"itemListElement\":[{\"@type\":\"ListItem\",\"position\":1,\"name\":\"Home\",\"item\":\"https:\\\/\\\/bekkalokket.no\\\/\"},{\"@type\":\"ListItem\",\"position\":2,\"name\":\"Sommerfesten 2015\"}]},{\"@type\":\"WebSite\",\"@id\":\"https:\\\/\\\/bekkalokket.no\\\/#website\",\"url\":\"https:\\\/\\\/bekkalokket.no\\\/\",\"name\":\"Bekkalokket Fotoklubb\",\"description\":\"En sosial og aktiv fotoklubb i Bergen\",\"potentialAction\":[{\"@type\":\"SearchAction\",\"target\":{\"@type\":\"EntryPoint\",\"urlTemplate\":\"https:\\\/\\\/bekkalokket.no\\\/?s={search_term_string}\"},\"query-input\":{\"@type\":\"PropertyValueSpecification\",\"valueRequired\":true,\"valueName\":\"search_term_string\"}}],\"inLanguage\":\"nb-NO\"}]}<\/script>\n<!-- \/ Yoast SEO plugin. -->","yoast_head_json":{"title":"Sommerfesten 2015 - Bekkalokket Fotoklubb","robots":{"index":"index","follow":"follow","max-snippet":"max-snippet:-1","max-image-preview":"max-image-preview:large","max-video-preview":"max-video-preview:-1"},"canonical":"https:\/\/bekkalokket.no\/index.php\/sommerfesten-2015\/","og_locale":"nb_NO","og_type":"article","og_title":"Sommerfesten 2015 - Bekkalokket Fotoklubb","og_description":"\u00a0Tekst leveres av kos-gjengen&#8230;. &nbsp; &nbsp; Bilder Autor Janne Monsen Marit Fagerheim Roald Synnev\u00e5g &nbsp; Om det er noen som har flere bilder, s\u00e5 er det bare \u00e5 sende dem til redaktor@bekkalokket.no, s\u00e5 legges&#46;&#46;&#46;","og_url":"https:\/\/bekkalokket.no\/index.php\/sommerfesten-2015\/","og_site_name":"Bekkalokket Fotoklubb","article_modified_time":"2018-08-26T16:03:48+00:00","twitter_card":"summary_large_image","schema":{"@context":"https:\/\/schema.org","@graph":[{"@type":"WebPage","@id":"https:\/\/bekkalokket.no\/index.php\/sommerfesten-2015\/","url":"https:\/\/bekkalokket.no\/index.php\/sommerfesten-2015\/","name":"Sommerfesten 2015 - Bekkalokket Fotoklubb","isPartOf":{"@id":"https:\/\/bekkalokket.no\/#website"},"datePublished":"2018-08-26T15:59:09+00:00","dateModified":"2018-08-26T16:03:48+00:00","breadcrumb":{"@id":"https:\/\/bekkalokket.no\/index.php\/sommerfesten-2015\/#breadcrumb"},"inLanguage":"nb-NO","potentialAction":[{"@type":"ReadAction","target":["https:\/\/bekkalokket.no\/index.php\/sommerfesten-2015\/"]}]},{"@type":"BreadcrumbList","@id":"https:\/\/bekkalokket.no\/index.php\/sommerfesten-2015\/#breadcrumb","itemListElement":[{"@type":"ListItem","position":1,"name":"Home","item":"https:\/\/bekkalokket.no\/"},{"@type":"ListItem","position":2,"name":"Sommerfesten 2015"}]},{"@type":"WebSite","@id":"https:\/\/bekkalokket.no\/#website","url":"https:\/\/bekkalokket.no\/","name":"Bekkalokket Fotoklubb","description":"En sosial og aktiv fotoklubb i Bergen","potentialAction":[{"@type":"SearchAction","target":{"@type":"EntryPoint","urlTemplate":"https:\/\/bekkalokket.no\/?s={search_term_string}"},"query-input":{"@type":"PropertyValueSpecification","valueRequired":true,"valueName":"search_term_string"}}],"inLanguage":"nb-NO"}]}},"_links":{"self":[{"href":"https:\/\/bekkalokket.no\/index.php\/wp-json\/wp\/v2\/pages\/1065","targetHints":{"allow":["GET"]}}],"collection":[{"href":"https:\/\/bekkalokket.no\/index.php\/wp-json\/wp\/v2\/pages"}],"about":[{"href":"https:\/\/bekkalokket.no\/index.php\/wp-json\/wp\/v2\/types\/page"}],"author":[{"embeddable":true,"href":"https:\/\/bekkalokket.no\/index.php\/wp-json\/wp\/v2\/users\/2"}],"replies":[{"embeddable":true,"href":"https:\/\/bekkalokket.no\/index.php\/wp-json\/wp\/v2\/comments?post=1065"}],"version-history":[{"count":3,"href":"https:\/\/bekkalokket.no\/index.php\/wp-json\/wp\/v2\/pages\/1065\/revisions"}],"predecessor-version":[{"id":1085,"href":"https:\/\/bekkalokket.no\/index.php\/wp-json\/wp\/v2\/pages\/1065\/revisions\/1085"}],"wp:attachment":[{"href":"https:\/\/bekkalokket.no\/index.php\/wp-json\/wp\/v2\/media?parent=1065"}],"curies":[{"name":"wp","href":"https:\/\/api.w.org\/{rel}","templated":true}]}}