{"id":11006,"date":"2026-01-12T16:13:11","date_gmt":"2026-01-12T14:13:11","guid":{"rendered":"https:\/\/bekkalokket.no\/?page_id=11006"},"modified":"2026-01-13T13:10:00","modified_gmt":"2026-01-13T11:10:00","slug":"tilbakeblikk-fototur-gdansk-2024","status":"publish","type":"page","link":"https:\/\/bekkalokket.no\/index.php\/tilbakeblikk-fototur-gdansk-2024\/","title":{"rendered":"Tilbakeblikk &#8211; Fototuren til Gdansk 2024"},"content":{"rendered":"\n<p>Bli med p\u00e5 et tilbakeblikk &#8211; Fototuren til Gdansk 2024. H\u00f8r om de historiske steder vi bes\u00f8kte, inspirerende \u00f8yeblikk og minner som kan friste deg til \u00e5 bli med p\u00e5 neste fototur i 2026.<\/p>\n\n\n\n<p>Helgen 17.\u201320. oktober 2024 reiste 16 glade Bekkalokkere p\u00e5 en inspirerende fototur til Gdansk i Polen. Fra f\u00f8rste \u00f8yeblikk var stemningen p\u00e5 topp. Vi gledet oss til \u00e5 utforske byen sammen, med fotoutstyret klart og et fellesskap som skapte b\u00e5de engasjement og trivsel.<\/p>\n\n\n\n<p>Etter innsjekk p\u00e5 hotellet tok vi en liten matpause p\u00e5 en hyggelig kaf\u00e9 og skravlet oss i gang,. Det var tydelig at dette skulle bli en helg full av opplevelser og minner.<\/p>\n\n\n\n<div style=\"height:58px\" aria-hidden=\"true\" class=\"wp-block-spacer\"><\/div>\n\n\n\n<h2 class=\"wp-block-heading\">Program for Gdansk turen<\/h2>\n\n\n\n<h3 class=\"wp-block-heading\"><strong>Fredagen: Guidet tur gjennom Gdansk<\/strong><\/h3>\n\n\n\n<p>Vi startet med en 4-timers guidet tur gjennom byen, med en liten pause underveis. Guiden tok oss med til historiske steder og anbefalte museer, blant annet <strong>Solidaritetsmuseet<\/strong> og <strong>Krigsmuseet<\/strong>. Etter en spennende dag med historier fra fortiden, fikk alle litt egentid f\u00f8r vi samlet oss til en hyggelig fellesmiddag p\u00e5 kvelden.<\/p>\n\n\n\n<h3 class=\"wp-block-heading\"><strong>L\u00f8rdagen:<\/strong> Egenutforskning og historiske opplevelser<\/h3>\n\n\n\n<p>L\u00f8rdagen ga rom for \u00e5 utforske byen p\u00e5 egenh\u00e5nd eller dra p\u00e5 mer historisk spennende opplevelser. Noen bes\u00f8kte en konsentrasjonsleir utenfor byen, hvor vi f\u00f8rst s\u00e5 en film f\u00f8r vi gikk rundt p\u00e5 egen h\u00e5nd. Dette var en sterk og tankevekkende opplevelse. Etterp\u00e5 slappet noen av p\u00e5 hotellet mens andre tok en liten shoppingrunde. Kvelden samlet vi oss til middag p\u00e5 en Michelin-restaurant, med god mat til sv\u00e6rt overkommelige priser \u2013 en perfekt avslutning p\u00e5 en innholdsrik dag.<\/p>\n\n\n\n<h3 class=\"wp-block-heading\"><strong>S\u00f8ndag:<\/strong> Fridag og sightseeing<\/h3>\n\n\n\n<p>S\u00f8ndagen var satt av til egen utforskning. Noen bes\u00f8kte museene de hadde g\u00e5tt glipp av, mens andre dro p\u00e5 sightseeing til Sopot, bare en halvtimes togtur fra Gdansk. Vi avsluttet turen samlet p\u00e5 hotellet f\u00f8r avreise med to drosjer ut til flyplassen.<\/p>\n\n\n\n<p>Gdansk turen med Bekkalokket Fotoklubb var ikke bare en mulighet til \u00e5 ta gode bilder, men ogs\u00e5 til \u00e5 <strong>styrke samholdet i klubben<\/strong>, oppleve historien og skape minner for livet. Vi gleder oss allerede til neste fototur \u2013 kanskje du vil v\u00e6re med oss?<\/p>\n\n\n\n<div class=\"wp-block-columns is-layout-flex wp-container-core-columns-is-layout-9d6595d7 wp-block-columns-is-layout-flex\">\n<div class=\"wp-block-column is-layout-flow wp-block-column-is-layout-flow\">\n<figure class=\"wp-block-image size-large\"><img loading=\"lazy\" decoding=\"async\" width=\"1024\" height=\"768\" src=\"https:\/\/bekkalokket.no\/wp-content\/uploads\/2026\/01\/Gdansk-2024-Jan-Standal-6-1024x768.jpg\" alt=\"\" class=\"wp-image-11013\" srcset=\"https:\/\/bekkalokket.no\/wp-content\/uploads\/2026\/01\/Gdansk-2024-Jan-Standal-6-1024x768.jpg 1024w, https:\/\/bekkalokket.no\/wp-content\/uploads\/2026\/01\/Gdansk-2024-Jan-Standal-6-300x225.jpg 300w, https:\/\/bekkalokket.no\/wp-content\/uploads\/2026\/01\/Gdansk-2024-Jan-Standal-6-768x576.jpg 768w, https:\/\/bekkalokket.no\/wp-content\/uploads\/2026\/01\/Gdansk-2024-Jan-Standal-6-1536x1152.jpg 1536w, https:\/\/bekkalokket.no\/wp-content\/uploads\/2026\/01\/Gdansk-2024-Jan-Standal-6.jpg 1920w\" sizes=\"auto, (max-width: 1024px) 100vw, 1024px\" \/><\/figure>\n<\/div>\n\n\n\n<div class=\"wp-block-column is-layout-flow wp-block-column-is-layout-flow\">\n<figure class=\"wp-block-image size-large\"><img loading=\"lazy\" decoding=\"async\" width=\"1024\" height=\"768\" src=\"https:\/\/bekkalokket.no\/wp-content\/uploads\/2026\/01\/Gdansk-2024-Jan-Standal-7-1024x768.jpg\" alt=\"\" class=\"wp-image-11014\" srcset=\"https:\/\/bekkalokket.no\/wp-content\/uploads\/2026\/01\/Gdansk-2024-Jan-Standal-7-1024x768.jpg 1024w, https:\/\/bekkalokket.no\/wp-content\/uploads\/2026\/01\/Gdansk-2024-Jan-Standal-7-300x225.jpg 300w, https:\/\/bekkalokket.no\/wp-content\/uploads\/2026\/01\/Gdansk-2024-Jan-Standal-7-768x576.jpg 768w, https:\/\/bekkalokket.no\/wp-content\/uploads\/2026\/01\/Gdansk-2024-Jan-Standal-7-1536x1152.jpg 1536w, https:\/\/bekkalokket.no\/wp-content\/uploads\/2026\/01\/Gdansk-2024-Jan-Standal-7.jpg 1920w\" sizes=\"auto, (max-width: 1024px) 100vw, 1024px\" \/><\/figure>\n<\/div>\n\n\n\n<div class=\"wp-block-column is-layout-flow wp-block-column-is-layout-flow\">\n<figure class=\"wp-block-image size-large\"><img loading=\"lazy\" decoding=\"async\" width=\"1024\" height=\"768\" src=\"https:\/\/bekkalokket.no\/wp-content\/uploads\/2026\/01\/Gdansk-2024-Jan-Standal-1-1024x768.jpg\" alt=\"\" class=\"wp-image-11009\" srcset=\"https:\/\/bekkalokket.no\/wp-content\/uploads\/2026\/01\/Gdansk-2024-Jan-Standal-1-1024x768.jpg 1024w, https:\/\/bekkalokket.no\/wp-content\/uploads\/2026\/01\/Gdansk-2024-Jan-Standal-1-300x225.jpg 300w, https:\/\/bekkalokket.no\/wp-content\/uploads\/2026\/01\/Gdansk-2024-Jan-Standal-1-768x576.jpg 768w, https:\/\/bekkalokket.no\/wp-content\/uploads\/2026\/01\/Gdansk-2024-Jan-Standal-1-1536x1152.jpg 1536w, https:\/\/bekkalokket.no\/wp-content\/uploads\/2026\/01\/Gdansk-2024-Jan-Standal-1.jpg 1920w\" sizes=\"auto, (max-width: 1024px) 100vw, 1024px\" \/><\/figure>\n<\/div>\n<\/div>\n\n\n\n<div style=\"height:58px\" aria-hidden=\"true\" class=\"wp-block-spacer\"><\/div>\n\n\n\n<div class=\"wp-block-columns is-layout-flex wp-container-core-columns-is-layout-9d6595d7 wp-block-columns-is-layout-flex\">\n<div class=\"wp-block-column is-layout-flow wp-block-column-is-layout-flow\">\n<figure class=\"wp-block-image size-large\"><img loading=\"lazy\" decoding=\"async\" width=\"1024\" height=\"768\" src=\"https:\/\/bekkalokket.no\/wp-content\/uploads\/2026\/01\/Gdansk-2024-Jan-Standal-8-1024x768.jpg\" alt=\"\" class=\"wp-image-11015\" srcset=\"https:\/\/bekkalokket.no\/wp-content\/uploads\/2026\/01\/Gdansk-2024-Jan-Standal-8-1024x768.jpg 1024w, https:\/\/bekkalokket.no\/wp-content\/uploads\/2026\/01\/Gdansk-2024-Jan-Standal-8-300x225.jpg 300w, https:\/\/bekkalokket.no\/wp-content\/uploads\/2026\/01\/Gdansk-2024-Jan-Standal-8-768x576.jpg 768w, https:\/\/bekkalokket.no\/wp-content\/uploads\/2026\/01\/Gdansk-2024-Jan-Standal-8-1536x1152.jpg 1536w, https:\/\/bekkalokket.no\/wp-content\/uploads\/2026\/01\/Gdansk-2024-Jan-Standal-8.jpg 1920w\" sizes=\"auto, (max-width: 1024px) 100vw, 1024px\" \/><\/figure>\n<\/div>\n\n\n\n<div class=\"wp-block-column is-layout-flow wp-block-column-is-layout-flow\">\n<figure class=\"wp-block-image size-large\"><img loading=\"lazy\" decoding=\"async\" width=\"768\" height=\"1024\" src=\"https:\/\/bekkalokket.no\/wp-content\/uploads\/2026\/01\/Gdansk-2024-Jan-Standal-5-768x1024.jpg\" alt=\"\" class=\"wp-image-11012\" srcset=\"https:\/\/bekkalokket.no\/wp-content\/uploads\/2026\/01\/Gdansk-2024-Jan-Standal-5-768x1024.jpg 768w, https:\/\/bekkalokket.no\/wp-content\/uploads\/2026\/01\/Gdansk-2024-Jan-Standal-5-225x300.jpg 225w, https:\/\/bekkalokket.no\/wp-content\/uploads\/2026\/01\/Gdansk-2024-Jan-Standal-5-1152x1536.jpg 1152w, https:\/\/bekkalokket.no\/wp-content\/uploads\/2026\/01\/Gdansk-2024-Jan-Standal-5.jpg 1440w\" sizes=\"auto, (max-width: 768px) 100vw, 768px\" \/><\/figure>\n<\/div>\n\n\n\n<div class=\"wp-block-column is-layout-flow wp-block-column-is-layout-flow\">\n<figure class=\"wp-block-image size-large\"><img loading=\"lazy\" decoding=\"async\" width=\"1024\" height=\"576\" src=\"https:\/\/bekkalokket.no\/wp-content\/uploads\/2026\/01\/Gdansk-2024-Jan-Standal-10-1024x576.jpg\" alt=\"\" class=\"wp-image-11016\" srcset=\"https:\/\/bekkalokket.no\/wp-content\/uploads\/2026\/01\/Gdansk-2024-Jan-Standal-10-1024x576.jpg 1024w, https:\/\/bekkalokket.no\/wp-content\/uploads\/2026\/01\/Gdansk-2024-Jan-Standal-10-300x169.jpg 300w, https:\/\/bekkalokket.no\/wp-content\/uploads\/2026\/01\/Gdansk-2024-Jan-Standal-10-768x432.jpg 768w, https:\/\/bekkalokket.no\/wp-content\/uploads\/2026\/01\/Gdansk-2024-Jan-Standal-10-1536x864.jpg 1536w, https:\/\/bekkalokket.no\/wp-content\/uploads\/2026\/01\/Gdansk-2024-Jan-Standal-10.jpg 1920w\" sizes=\"auto, (max-width: 1024px) 100vw, 1024px\" \/><\/figure>\n<\/div>\n<\/div>\n\n\n\n<p>Hilsen<\/p>\n\n\n\n<p>Turkomiteen i Bekkalokket Fotoklubb<\/p>\n\n\n\n<p><a href=\"https:\/\/bekkalokket.no\/index.php\/turer-vi-har-vaert-pa\/\">Se bilder og historier fra tidligere fototurer<\/a><\/p>\n\n\n\n<p><a href=\"https:\/\/bekkalokket.no\/index.php\/meld-deg-inn-her\/\">Meld deg inn her<\/a><\/p>\n\n\n\n<p><a href=\"https:\/\/bekkalokket.no\/index.php\/om-klubben\/medlemsfordeler-i-bekkalokket-fotoklubb\/\">Medlemsfordeler<\/a><\/p>\n\n\n\n<p><a href=\"https:\/\/nsff.no\/norsk-selskap-for-fotografi-fellesskap-for-norske-film-og-fotoklubber\/\" target=\"_blank\" rel=\"noreferrer noopener\">Enkeltmedlems fordeler via Norsk Selskap for Fotografi<\/a><\/p>\n\n\n\n<p><\/p>\n","protected":false},"excerpt":{"rendered":"<p>Bli med p\u00e5 et tilbakeblikk &#8211; Fototuren til Gdansk 2024. H\u00f8r om de historiske steder vi bes\u00f8kte, inspirerende \u00f8yeblikk og minner som kan friste deg til \u00e5 bli med p\u00e5 neste fototur i 2026.&#46;&#46;&#46;<\/p>\n","protected":false},"author":8,"featured_media":11013,"parent":0,"menu_order":0,"comment_status":"closed","ping_status":"closed","template":"","meta":{"footnotes":""},"class_list":["post-11006","page","type-page","status-publish","has-post-thumbnail","hentry"],"yoast_head":"<!-- This site is optimized with the Yoast SEO plugin v27.5 - https:\/\/yoast.com\/product\/yoast-seo-wordpress\/ -->\n<title>Tilbakeblikk - Fototuren til Gdansk 2024 - Bekkalokket Fotoklubb<\/title>\n<meta name=\"description\" content=\"Opplev tilbakeblikk fra fototuren til Gdansk 2024 med Bekkalokket Fotoklubb. Inspirerende opplevelser og minner for livet. Les mer!\" \/>\n<meta name=\"robots\" content=\"index, follow, max-snippet:-1, max-image-preview:large, max-video-preview:-1\" \/>\n<link rel=\"canonical\" href=\"https:\/\/bekkalokket.no\/index.php\/tilbakeblikk-fototur-gdansk-2024\/\" \/>\n<meta property=\"og:locale\" content=\"nb_NO\" \/>\n<meta property=\"og:type\" content=\"article\" \/>\n<meta property=\"og:title\" content=\"Tilbakeblikk - Fototuren til Gdansk 2024 - Bekkalokket Fotoklubb\" \/>\n<meta property=\"og:description\" content=\"Opplev tilbakeblikk fra fototuren til Gdansk 2024 med Bekkalokket Fotoklubb. Inspirerende opplevelser og minner for livet. Les mer!\" \/>\n<meta property=\"og:url\" content=\"https:\/\/bekkalokket.no\/index.php\/tilbakeblikk-fototur-gdansk-2024\/\" \/>\n<meta property=\"og:site_name\" content=\"Bekkalokket Fotoklubb\" \/>\n<meta property=\"article:modified_time\" content=\"2026-01-13T11:10:00+00:00\" \/>\n<meta property=\"og:image\" content=\"https:\/\/bekkalokket.no\/wp-content\/uploads\/2026\/01\/Gdansk-2024-Jan-Standal-6-1024x768.jpg\" \/>\n\t<meta property=\"og:image:width\" content=\"1024\" \/>\n\t<meta property=\"og:image:height\" content=\"768\" \/>\n\t<meta property=\"og:image:type\" content=\"image\/jpeg\" \/>\n<meta name=\"twitter:card\" content=\"summary_large_image\" \/>\n<meta name=\"twitter:label1\" content=\"Ansl. lesetid\" \/>\n\t<meta name=\"twitter:data1\" content=\"4 minutter\" \/>\n<script type=\"application\/ld+json\" class=\"yoast-schema-graph\">{\"@context\":\"https:\\\/\\\/schema.org\",\"@graph\":[{\"@type\":\"WebPage\",\"@id\":\"https:\\\/\\\/bekkalokket.no\\\/index.php\\\/tilbakeblikk-fototur-gdansk-2024\\\/\",\"url\":\"https:\\\/\\\/bekkalokket.no\\\/index.php\\\/tilbakeblikk-fototur-gdansk-2024\\\/\",\"name\":\"Tilbakeblikk - Fototuren til Gdansk 2024 - Bekkalokket Fotoklubb\",\"isPartOf\":{\"@id\":\"https:\\\/\\\/bekkalokket.no\\\/#website\"},\"primaryImageOfPage\":{\"@id\":\"https:\\\/\\\/bekkalokket.no\\\/index.php\\\/tilbakeblikk-fototur-gdansk-2024\\\/#primaryimage\"},\"image\":{\"@id\":\"https:\\\/\\\/bekkalokket.no\\\/index.php\\\/tilbakeblikk-fototur-gdansk-2024\\\/#primaryimage\"},\"thumbnailUrl\":\"https:\\\/\\\/bekkalokket.no\\\/wp-content\\\/uploads\\\/2026\\\/01\\\/Gdansk-2024-Jan-Standal-6.jpg\",\"datePublished\":\"2026-01-12T14:13:11+00:00\",\"dateModified\":\"2026-01-13T11:10:00+00:00\",\"description\":\"Opplev tilbakeblikk fra fototuren til Gdansk 2024 med Bekkalokket Fotoklubb. Inspirerende opplevelser og minner for livet. Les mer!\",\"breadcrumb\":{\"@id\":\"https:\\\/\\\/bekkalokket.no\\\/index.php\\\/tilbakeblikk-fototur-gdansk-2024\\\/#breadcrumb\"},\"inLanguage\":\"nb-NO\",\"potentialAction\":[{\"@type\":\"ReadAction\",\"target\":[\"https:\\\/\\\/bekkalokket.no\\\/index.php\\\/tilbakeblikk-fototur-gdansk-2024\\\/\"]}]},{\"@type\":\"ImageObject\",\"inLanguage\":\"nb-NO\",\"@id\":\"https:\\\/\\\/bekkalokket.no\\\/index.php\\\/tilbakeblikk-fototur-gdansk-2024\\\/#primaryimage\",\"url\":\"https:\\\/\\\/bekkalokket.no\\\/wp-content\\\/uploads\\\/2026\\\/01\\\/Gdansk-2024-Jan-Standal-6.jpg\",\"contentUrl\":\"https:\\\/\\\/bekkalokket.no\\\/wp-content\\\/uploads\\\/2026\\\/01\\\/Gdansk-2024-Jan-Standal-6.jpg\",\"width\":1920,\"height\":1440,\"caption\":\"Bekkalokket Fotoklubb utforsker Gdansk under fototuren i 2024. Utforsk v\u00e5re kommende turer og aktiviteter\"},{\"@type\":\"BreadcrumbList\",\"@id\":\"https:\\\/\\\/bekkalokket.no\\\/index.php\\\/tilbakeblikk-fototur-gdansk-2024\\\/#breadcrumb\",\"itemListElement\":[{\"@type\":\"ListItem\",\"position\":1,\"name\":\"Home\",\"item\":\"https:\\\/\\\/bekkalokket.no\\\/\"},{\"@type\":\"ListItem\",\"position\":2,\"name\":\"Tilbakeblikk &#8211; Fototuren til Gdansk 2024\"}]},{\"@type\":\"WebSite\",\"@id\":\"https:\\\/\\\/bekkalokket.no\\\/#website\",\"url\":\"https:\\\/\\\/bekkalokket.no\\\/\",\"name\":\"Bekkalokket Fotoklubb\",\"description\":\"En sosial og aktiv fotoklubb i Bergen\",\"potentialAction\":[{\"@type\":\"SearchAction\",\"target\":{\"@type\":\"EntryPoint\",\"urlTemplate\":\"https:\\\/\\\/bekkalokket.no\\\/?s={search_term_string}\"},\"query-input\":{\"@type\":\"PropertyValueSpecification\",\"valueRequired\":true,\"valueName\":\"search_term_string\"}}],\"inLanguage\":\"nb-NO\"}]}<\/script>\n<!-- \/ Yoast SEO plugin. -->","yoast_head_json":{"title":"Tilbakeblikk - Fototuren til Gdansk 2024 - Bekkalokket Fotoklubb","description":"Opplev tilbakeblikk fra fototuren til Gdansk 2024 med Bekkalokket Fotoklubb. Inspirerende opplevelser og minner for livet. Les mer!","robots":{"index":"index","follow":"follow","max-snippet":"max-snippet:-1","max-image-preview":"max-image-preview:large","max-video-preview":"max-video-preview:-1"},"canonical":"https:\/\/bekkalokket.no\/index.php\/tilbakeblikk-fototur-gdansk-2024\/","og_locale":"nb_NO","og_type":"article","og_title":"Tilbakeblikk - Fototuren til Gdansk 2024 - Bekkalokket Fotoklubb","og_description":"Opplev tilbakeblikk fra fototuren til Gdansk 2024 med Bekkalokket Fotoklubb. Inspirerende opplevelser og minner for livet. Les mer!","og_url":"https:\/\/bekkalokket.no\/index.php\/tilbakeblikk-fototur-gdansk-2024\/","og_site_name":"Bekkalokket Fotoklubb","article_modified_time":"2026-01-13T11:10:00+00:00","og_image":[{"width":1024,"height":768,"url":"https:\/\/bekkalokket.no\/wp-content\/uploads\/2026\/01\/Gdansk-2024-Jan-Standal-6-1024x768.jpg","type":"image\/jpeg"}],"twitter_card":"summary_large_image","twitter_misc":{"Ansl. lesetid":"4 minutter"},"schema":{"@context":"https:\/\/schema.org","@graph":[{"@type":"WebPage","@id":"https:\/\/bekkalokket.no\/index.php\/tilbakeblikk-fototur-gdansk-2024\/","url":"https:\/\/bekkalokket.no\/index.php\/tilbakeblikk-fototur-gdansk-2024\/","name":"Tilbakeblikk - Fototuren til Gdansk 2024 - Bekkalokket Fotoklubb","isPartOf":{"@id":"https:\/\/bekkalokket.no\/#website"},"primaryImageOfPage":{"@id":"https:\/\/bekkalokket.no\/index.php\/tilbakeblikk-fototur-gdansk-2024\/#primaryimage"},"image":{"@id":"https:\/\/bekkalokket.no\/index.php\/tilbakeblikk-fototur-gdansk-2024\/#primaryimage"},"thumbnailUrl":"https:\/\/bekkalokket.no\/wp-content\/uploads\/2026\/01\/Gdansk-2024-Jan-Standal-6.jpg","datePublished":"2026-01-12T14:13:11+00:00","dateModified":"2026-01-13T11:10:00+00:00","description":"Opplev tilbakeblikk fra fototuren til Gdansk 2024 med Bekkalokket Fotoklubb. Inspirerende opplevelser og minner for livet. Les mer!","breadcrumb":{"@id":"https:\/\/bekkalokket.no\/index.php\/tilbakeblikk-fototur-gdansk-2024\/#breadcrumb"},"inLanguage":"nb-NO","potentialAction":[{"@type":"ReadAction","target":["https:\/\/bekkalokket.no\/index.php\/tilbakeblikk-fototur-gdansk-2024\/"]}]},{"@type":"ImageObject","inLanguage":"nb-NO","@id":"https:\/\/bekkalokket.no\/index.php\/tilbakeblikk-fototur-gdansk-2024\/#primaryimage","url":"https:\/\/bekkalokket.no\/wp-content\/uploads\/2026\/01\/Gdansk-2024-Jan-Standal-6.jpg","contentUrl":"https:\/\/bekkalokket.no\/wp-content\/uploads\/2026\/01\/Gdansk-2024-Jan-Standal-6.jpg","width":1920,"height":1440,"caption":"Bekkalokket Fotoklubb utforsker Gdansk under fototuren i 2024. Utforsk v\u00e5re kommende turer og aktiviteter"},{"@type":"BreadcrumbList","@id":"https:\/\/bekkalokket.no\/index.php\/tilbakeblikk-fototur-gdansk-2024\/#breadcrumb","itemListElement":[{"@type":"ListItem","position":1,"name":"Home","item":"https:\/\/bekkalokket.no\/"},{"@type":"ListItem","position":2,"name":"Tilbakeblikk &#8211; Fototuren til Gdansk 2024"}]},{"@type":"WebSite","@id":"https:\/\/bekkalokket.no\/#website","url":"https:\/\/bekkalokket.no\/","name":"Bekkalokket Fotoklubb","description":"En sosial og aktiv fotoklubb i Bergen","potentialAction":[{"@type":"SearchAction","target":{"@type":"EntryPoint","urlTemplate":"https:\/\/bekkalokket.no\/?s={search_term_string}"},"query-input":{"@type":"PropertyValueSpecification","valueRequired":true,"valueName":"search_term_string"}}],"inLanguage":"nb-NO"}]}},"_links":{"self":[{"href":"https:\/\/bekkalokket.no\/index.php\/wp-json\/wp\/v2\/pages\/11006","targetHints":{"allow":["GET"]}}],"collection":[{"href":"https:\/\/bekkalokket.no\/index.php\/wp-json\/wp\/v2\/pages"}],"about":[{"href":"https:\/\/bekkalokket.no\/index.php\/wp-json\/wp\/v2\/types\/page"}],"author":[{"embeddable":true,"href":"https:\/\/bekkalokket.no\/index.php\/wp-json\/wp\/v2\/users\/8"}],"replies":[{"embeddable":true,"href":"https:\/\/bekkalokket.no\/index.php\/wp-json\/wp\/v2\/comments?post=11006"}],"version-history":[{"count":13,"href":"https:\/\/bekkalokket.no\/index.php\/wp-json\/wp\/v2\/pages\/11006\/revisions"}],"predecessor-version":[{"id":11045,"href":"https:\/\/bekkalokket.no\/index.php\/wp-json\/wp\/v2\/pages\/11006\/revisions\/11045"}],"wp:featuredmedia":[{"embeddable":true,"href":"https:\/\/bekkalokket.no\/index.php\/wp-json\/wp\/v2\/media\/11013"}],"wp:attachment":[{"href":"https:\/\/bekkalokket.no\/index.php\/wp-json\/wp\/v2\/media?parent=11006"}],"curies":[{"name":"wp","href":"https:\/\/api.w.org\/{rel}","templated":true}]}}