{"id":11151,"date":"2026-02-15T18:57:21","date_gmt":"2026-02-15T16:57:21","guid":{"rendered":"https:\/\/bekkalokket.no\/?page_id=11151"},"modified":"2026-02-15T23:09:20","modified_gmt":"2026-02-15T21:09:20","slug":"presentasjon-av-en-fotograf","status":"publish","type":"page","link":"https:\/\/bekkalokket.no\/index.php\/presentasjon-av-en-fotograf\/","title":{"rendered":"Presentasjon av en fotograf"},"content":{"rendered":"\n<p>Ved ujevne mellomrom presenterer medlemmer kjente (og mindre kjente) fotografer p\u00e5 klubbm\u00f8ter. Dette er korte presentasjoner (5-10 minutter), en slags &#8220;dannelsesreise&#8221; i fotografi. Aktiviteten ble restartet h\u00f8sten 2025 og s\u00e5 langt er f\u00f8lgende fotografer presentert (alfabetisk rekkef\u00f8lge):<\/p>\n\n\n\n<ul class=\"wp-block-list\">\n<li>Henri Cartier-Bresson (Lars Sveen, 11.september 2025) <a href=\"https:\/\/bekkalokket.no\/wp-content\/uploads\/2026\/02\/Henri-Cartier-Bresson.pdf\">Slides<\/a><\/li>\n\n\n\n<li>Saul Leiter (Endre M. Lidal, 12.februar 2025). <a href=\"https:\/\/bekkalokket.no\/wp-content\/uploads\/2026\/02\/Saul-Leiter.pdf\">Slides<\/a><\/li>\n\n\n\n<li>Vivian Meyer (Oddhild Lien, 5.februar 2025) <a href=\"https:\/\/bekkalokket.no\/wp-content\/uploads\/2026\/02\/Vivian-Maier.pdf\">Slides<\/a><\/li>\n<\/ul>\n\n\n\n<p><\/p>\n","protected":false},"excerpt":{"rendered":"<p>Ved ujevne mellomrom presenterer medlemmer kjente (og mindre kjente) fotografer p\u00e5 klubbm\u00f8ter. Dette er korte presentasjoner (5-10 minutter), en slags &#8220;dannelsesreise&#8221; i fotografi. Aktiviteten ble restartet h\u00f8sten 2025 og s\u00e5 langt er f\u00f8lgende fotografer&#46;&#46;&#46;<\/p>\n","protected":false},"author":7,"featured_media":0,"parent":0,"menu_order":0,"comment_status":"closed","ping_status":"closed","template":"","meta":{"footnotes":""},"class_list":["post-11151","page","type-page","status-publish","hentry"],"yoast_head":"<!-- This site is optimized with the Yoast SEO plugin v27.4 - https:\/\/yoast.com\/product\/yoast-seo-wordpress\/ -->\n<title>Presentasjon av en fotograf - Bekkalokket Fotoklubb<\/title>\n<meta name=\"robots\" content=\"index, follow, max-snippet:-1, max-image-preview:large, max-video-preview:-1\" \/>\n<link rel=\"canonical\" href=\"https:\/\/bekkalokket.no\/index.php\/presentasjon-av-en-fotograf\/\" \/>\n<meta property=\"og:locale\" content=\"nb_NO\" \/>\n<meta property=\"og:type\" content=\"article\" \/>\n<meta property=\"og:title\" content=\"Presentasjon av en fotograf - Bekkalokket Fotoklubb\" \/>\n<meta property=\"og:description\" content=\"Ved ujevne mellomrom presenterer medlemmer kjente (og mindre kjente) fotografer p\u00e5 klubbm\u00f8ter. Dette er korte presentasjoner (5-10 minutter), en slags &#8220;dannelsesreise&#8221; i fotografi. Aktiviteten ble restartet h\u00f8sten 2025 og s\u00e5 langt er f\u00f8lgende fotografer&#046;&#046;&#046;\" \/>\n<meta property=\"og:url\" content=\"https:\/\/bekkalokket.no\/index.php\/presentasjon-av-en-fotograf\/\" \/>\n<meta property=\"og:site_name\" content=\"Bekkalokket Fotoklubb\" \/>\n<meta property=\"article:modified_time\" content=\"2026-02-15T21:09:20+00:00\" \/>\n<meta name=\"twitter:card\" content=\"summary_large_image\" \/>\n<meta name=\"twitter:label1\" content=\"Ansl. lesetid\" \/>\n\t<meta name=\"twitter:data1\" content=\"1 minutt\" \/>\n<script type=\"application\/ld+json\" class=\"yoast-schema-graph\">{\"@context\":\"https:\\\/\\\/schema.org\",\"@graph\":[{\"@type\":\"WebPage\",\"@id\":\"https:\\\/\\\/bekkalokket.no\\\/index.php\\\/presentasjon-av-en-fotograf\\\/\",\"url\":\"https:\\\/\\\/bekkalokket.no\\\/index.php\\\/presentasjon-av-en-fotograf\\\/\",\"name\":\"Presentasjon av en fotograf - Bekkalokket Fotoklubb\",\"isPartOf\":{\"@id\":\"https:\\\/\\\/bekkalokket.no\\\/#website\"},\"datePublished\":\"2026-02-15T16:57:21+00:00\",\"dateModified\":\"2026-02-15T21:09:20+00:00\",\"breadcrumb\":{\"@id\":\"https:\\\/\\\/bekkalokket.no\\\/index.php\\\/presentasjon-av-en-fotograf\\\/#breadcrumb\"},\"inLanguage\":\"nb-NO\",\"potentialAction\":[{\"@type\":\"ReadAction\",\"target\":[\"https:\\\/\\\/bekkalokket.no\\\/index.php\\\/presentasjon-av-en-fotograf\\\/\"]}]},{\"@type\":\"BreadcrumbList\",\"@id\":\"https:\\\/\\\/bekkalokket.no\\\/index.php\\\/presentasjon-av-en-fotograf\\\/#breadcrumb\",\"itemListElement\":[{\"@type\":\"ListItem\",\"position\":1,\"name\":\"Home\",\"item\":\"https:\\\/\\\/bekkalokket.no\\\/\"},{\"@type\":\"ListItem\",\"position\":2,\"name\":\"Presentasjon av en fotograf\"}]},{\"@type\":\"WebSite\",\"@id\":\"https:\\\/\\\/bekkalokket.no\\\/#website\",\"url\":\"https:\\\/\\\/bekkalokket.no\\\/\",\"name\":\"Bekkalokket Fotoklubb\",\"description\":\"En sosial og aktiv fotoklubb i Bergen\",\"potentialAction\":[{\"@type\":\"SearchAction\",\"target\":{\"@type\":\"EntryPoint\",\"urlTemplate\":\"https:\\\/\\\/bekkalokket.no\\\/?s={search_term_string}\"},\"query-input\":{\"@type\":\"PropertyValueSpecification\",\"valueRequired\":true,\"valueName\":\"search_term_string\"}}],\"inLanguage\":\"nb-NO\"}]}<\/script>\n<!-- \/ Yoast SEO plugin. -->","yoast_head_json":{"title":"Presentasjon av en fotograf - Bekkalokket Fotoklubb","robots":{"index":"index","follow":"follow","max-snippet":"max-snippet:-1","max-image-preview":"max-image-preview:large","max-video-preview":"max-video-preview:-1"},"canonical":"https:\/\/bekkalokket.no\/index.php\/presentasjon-av-en-fotograf\/","og_locale":"nb_NO","og_type":"article","og_title":"Presentasjon av en fotograf - Bekkalokket Fotoklubb","og_description":"Ved ujevne mellomrom presenterer medlemmer kjente (og mindre kjente) fotografer p\u00e5 klubbm\u00f8ter. Dette er korte presentasjoner (5-10 minutter), en slags &#8220;dannelsesreise&#8221; i fotografi. Aktiviteten ble restartet h\u00f8sten 2025 og s\u00e5 langt er f\u00f8lgende fotografer&#46;&#46;&#46;","og_url":"https:\/\/bekkalokket.no\/index.php\/presentasjon-av-en-fotograf\/","og_site_name":"Bekkalokket Fotoklubb","article_modified_time":"2026-02-15T21:09:20+00:00","twitter_card":"summary_large_image","twitter_misc":{"Ansl. lesetid":"1 minutt"},"schema":{"@context":"https:\/\/schema.org","@graph":[{"@type":"WebPage","@id":"https:\/\/bekkalokket.no\/index.php\/presentasjon-av-en-fotograf\/","url":"https:\/\/bekkalokket.no\/index.php\/presentasjon-av-en-fotograf\/","name":"Presentasjon av en fotograf - Bekkalokket Fotoklubb","isPartOf":{"@id":"https:\/\/bekkalokket.no\/#website"},"datePublished":"2026-02-15T16:57:21+00:00","dateModified":"2026-02-15T21:09:20+00:00","breadcrumb":{"@id":"https:\/\/bekkalokket.no\/index.php\/presentasjon-av-en-fotograf\/#breadcrumb"},"inLanguage":"nb-NO","potentialAction":[{"@type":"ReadAction","target":["https:\/\/bekkalokket.no\/index.php\/presentasjon-av-en-fotograf\/"]}]},{"@type":"BreadcrumbList","@id":"https:\/\/bekkalokket.no\/index.php\/presentasjon-av-en-fotograf\/#breadcrumb","itemListElement":[{"@type":"ListItem","position":1,"name":"Home","item":"https:\/\/bekkalokket.no\/"},{"@type":"ListItem","position":2,"name":"Presentasjon av en fotograf"}]},{"@type":"WebSite","@id":"https:\/\/bekkalokket.no\/#website","url":"https:\/\/bekkalokket.no\/","name":"Bekkalokket Fotoklubb","description":"En sosial og aktiv fotoklubb i Bergen","potentialAction":[{"@type":"SearchAction","target":{"@type":"EntryPoint","urlTemplate":"https:\/\/bekkalokket.no\/?s={search_term_string}"},"query-input":{"@type":"PropertyValueSpecification","valueRequired":true,"valueName":"search_term_string"}}],"inLanguage":"nb-NO"}]}},"_links":{"self":[{"href":"https:\/\/bekkalokket.no\/index.php\/wp-json\/wp\/v2\/pages\/11151","targetHints":{"allow":["GET"]}}],"collection":[{"href":"https:\/\/bekkalokket.no\/index.php\/wp-json\/wp\/v2\/pages"}],"about":[{"href":"https:\/\/bekkalokket.no\/index.php\/wp-json\/wp\/v2\/types\/page"}],"author":[{"embeddable":true,"href":"https:\/\/bekkalokket.no\/index.php\/wp-json\/wp\/v2\/users\/7"}],"replies":[{"embeddable":true,"href":"https:\/\/bekkalokket.no\/index.php\/wp-json\/wp\/v2\/comments?post=11151"}],"version-history":[{"count":6,"href":"https:\/\/bekkalokket.no\/index.php\/wp-json\/wp\/v2\/pages\/11151\/revisions"}],"predecessor-version":[{"id":11167,"href":"https:\/\/bekkalokket.no\/index.php\/wp-json\/wp\/v2\/pages\/11151\/revisions\/11167"}],"wp:attachment":[{"href":"https:\/\/bekkalokket.no\/index.php\/wp-json\/wp\/v2\/media?parent=11151"}],"curies":[{"name":"wp","href":"https:\/\/api.w.org\/{rel}","templated":true}]}}