{"id":11233,"date":"2026-04-11T15:29:24","date_gmt":"2026-04-11T13:29:24","guid":{"rendered":"https:\/\/bekkalokket.no\/?page_id=11233"},"modified":"2026-04-11T15:31:59","modified_gmt":"2026-04-11T13:31:59","slug":"veiledning-til-innsending-av-bilde-og-tekst-til-personlig-side-i-jubileumsboken-2027","status":"publish","type":"page","link":"https:\/\/bekkalokket.no\/index.php\/veiledning-til-innsending-av-bilde-og-tekst-til-personlig-side-i-jubileumsboken-2027\/","title":{"rendered":"VEILEDNING TIL INNSENDING AV BILDE OG TEKST TIL PERSONLIG SIDE I JUBILEUMSBOKEN 2027"},"content":{"rendered":"\n<p>Det vi trenger er:<\/p>\n\n\n\n<ul class=\"wp-block-list\">\n<li>Et portrettbilde av deg<\/li>\n\n\n\n<li>Navn:<\/li>\n\n\n\n<li>E-post: Valgfritt<\/li>\n\n\n\n<li>Facebook side: Valgfritt<\/li>\n\n\n\n<li>Instagram: Valgfritt<\/li>\n\n\n\n<li>Hjemmeside: Valgfritt<\/li>\n\n\n\n<li>En fritekst om deg selv og hva du liker \u00e5 fotografere. Maks ca 120 ord, men kan v\u00e6re mindre. Bokkomit\u00e9en kan v\u00e6re behjelpelig med tekst hvis \u00f8nskelig.<\/li>\n<\/ul>\n\n\n\n<p>Det er valgfritt hvor mange bilder du vil ha med, men et sted mellom 1 og 6 pr side vil v\u00e6re passe. Hvis \u00f8nskelig, kan du sende inn flere og bokkomit\u00e9en velger ut de bildene de syns passer best.<br>Bildene m\u00e5 v\u00e6re i JPG format, 300dpi og 3200 pixler p\u00e5 lengste side. Se eksportbilde for Lightroom Classic.&nbsp;<\/p>\n\n\n\n<p>Alt sendes p\u00e5 e-post til:&nbsp;<a href=\"mailto:bekkalokketbok@gmail.com\">bekkalokketbok@gmail.com<\/a>. Det er en begrensning p\u00e5 25 MB for hver sending, s\u00e5 det er mulig at du m\u00e5 sende i flere omganger.<\/p>\n\n\n\n<figure class=\"wp-block-image size-full is-style-default\"><img loading=\"lazy\" decoding=\"async\" width=\"831\" height=\"459\" src=\"https:\/\/bekkalokket.no\/wp-content\/uploads\/2026\/04\/export_fra_LrC_for_bok2.jpg\" alt=\"\" class=\"wp-image-11238\" srcset=\"https:\/\/bekkalokket.no\/wp-content\/uploads\/2026\/04\/export_fra_LrC_for_bok2.jpg 831w, https:\/\/bekkalokket.no\/wp-content\/uploads\/2026\/04\/export_fra_LrC_for_bok2-300x166.jpg 300w, https:\/\/bekkalokket.no\/wp-content\/uploads\/2026\/04\/export_fra_LrC_for_bok2-768x424.jpg 768w\" sizes=\"auto, (max-width: 831px) 100vw, 831px\" \/><figcaption class=\"wp-element-caption\">Screenshot<\/figcaption><\/figure>\n","protected":false},"excerpt":{"rendered":"<p>Det vi trenger er: Det er valgfritt hvor mange bilder du vil ha med, men et sted mellom 1 og 6 pr side vil v\u00e6re passe. Hvis \u00f8nskelig, kan du sende inn flere og&#46;&#46;&#46;<\/p>\n","protected":false},"author":2,"featured_media":0,"parent":0,"menu_order":0,"comment_status":"closed","ping_status":"closed","template":"","meta":{"footnotes":""},"class_list":["post-11233","page","type-page","status-publish","hentry"],"yoast_head":"<!-- This site is optimized with the Yoast SEO plugin v27.3 - https:\/\/yoast.com\/product\/yoast-seo-wordpress\/ -->\n<title>VEILEDNING TIL INNSENDING AV BILDE OG TEKST TIL PERSONLIG SIDE I JUBILEUMSBOKEN 2027 - Bekkalokket Fotoklubb<\/title>\n<meta name=\"robots\" content=\"index, follow, max-snippet:-1, max-image-preview:large, max-video-preview:-1\" \/>\n<link rel=\"canonical\" href=\"https:\/\/bekkalokket.no\/index.php\/veiledning-til-innsending-av-bilde-og-tekst-til-personlig-side-i-jubileumsboken-2027\/\" \/>\n<meta property=\"og:locale\" content=\"nb_NO\" \/>\n<meta property=\"og:type\" content=\"article\" \/>\n<meta property=\"og:title\" content=\"VEILEDNING TIL INNSENDING AV BILDE OG TEKST TIL PERSONLIG SIDE I JUBILEUMSBOKEN 2027 - Bekkalokket Fotoklubb\" \/>\n<meta property=\"og:description\" content=\"Det vi trenger er: Det er valgfritt hvor mange bilder du vil ha med, men et sted mellom 1 og 6 pr side vil v\u00e6re passe. Hvis \u00f8nskelig, kan du sende inn flere og&#046;&#046;&#046;\" \/>\n<meta property=\"og:url\" content=\"https:\/\/bekkalokket.no\/index.php\/veiledning-til-innsending-av-bilde-og-tekst-til-personlig-side-i-jubileumsboken-2027\/\" \/>\n<meta property=\"og:site_name\" content=\"Bekkalokket Fotoklubb\" \/>\n<meta property=\"article:modified_time\" content=\"2026-04-11T13:31:59+00:00\" \/>\n<meta property=\"og:image\" content=\"https:\/\/bekkalokket.no\/wp-content\/uploads\/2026\/04\/export_fra_LrC_for_bok2.jpg\" \/>\n\t<meta property=\"og:image:width\" content=\"831\" \/>\n\t<meta property=\"og:image:height\" content=\"459\" \/>\n\t<meta property=\"og:image:type\" content=\"image\/jpeg\" \/>\n<meta name=\"twitter:card\" content=\"summary_large_image\" \/>\n<meta name=\"twitter:label1\" content=\"Ansl. lesetid\" \/>\n\t<meta name=\"twitter:data1\" content=\"1 minutt\" \/>\n<script type=\"application\/ld+json\" class=\"yoast-schema-graph\">{\"@context\":\"https:\\\/\\\/schema.org\",\"@graph\":[{\"@type\":\"WebPage\",\"@id\":\"https:\\\/\\\/bekkalokket.no\\\/index.php\\\/veiledning-til-innsending-av-bilde-og-tekst-til-personlig-side-i-jubileumsboken-2027\\\/\",\"url\":\"https:\\\/\\\/bekkalokket.no\\\/index.php\\\/veiledning-til-innsending-av-bilde-og-tekst-til-personlig-side-i-jubileumsboken-2027\\\/\",\"name\":\"VEILEDNING TIL INNSENDING AV BILDE OG TEKST TIL PERSONLIG SIDE I JUBILEUMSBOKEN 2027 - Bekkalokket Fotoklubb\",\"isPartOf\":{\"@id\":\"https:\\\/\\\/bekkalokket.no\\\/#website\"},\"primaryImageOfPage\":{\"@id\":\"https:\\\/\\\/bekkalokket.no\\\/index.php\\\/veiledning-til-innsending-av-bilde-og-tekst-til-personlig-side-i-jubileumsboken-2027\\\/#primaryimage\"},\"image\":{\"@id\":\"https:\\\/\\\/bekkalokket.no\\\/index.php\\\/veiledning-til-innsending-av-bilde-og-tekst-til-personlig-side-i-jubileumsboken-2027\\\/#primaryimage\"},\"thumbnailUrl\":\"https:\\\/\\\/bekkalokket.no\\\/wp-content\\\/uploads\\\/2026\\\/04\\\/export_fra_LrC_for_bok2.jpg\",\"datePublished\":\"2026-04-11T13:29:24+00:00\",\"dateModified\":\"2026-04-11T13:31:59+00:00\",\"breadcrumb\":{\"@id\":\"https:\\\/\\\/bekkalokket.no\\\/index.php\\\/veiledning-til-innsending-av-bilde-og-tekst-til-personlig-side-i-jubileumsboken-2027\\\/#breadcrumb\"},\"inLanguage\":\"nb-NO\",\"potentialAction\":[{\"@type\":\"ReadAction\",\"target\":[\"https:\\\/\\\/bekkalokket.no\\\/index.php\\\/veiledning-til-innsending-av-bilde-og-tekst-til-personlig-side-i-jubileumsboken-2027\\\/\"]}]},{\"@type\":\"ImageObject\",\"inLanguage\":\"nb-NO\",\"@id\":\"https:\\\/\\\/bekkalokket.no\\\/index.php\\\/veiledning-til-innsending-av-bilde-og-tekst-til-personlig-side-i-jubileumsboken-2027\\\/#primaryimage\",\"url\":\"https:\\\/\\\/bekkalokket.no\\\/wp-content\\\/uploads\\\/2026\\\/04\\\/export_fra_LrC_for_bok2.jpg\",\"contentUrl\":\"https:\\\/\\\/bekkalokket.no\\\/wp-content\\\/uploads\\\/2026\\\/04\\\/export_fra_LrC_for_bok2.jpg\",\"width\":831,\"height\":459,\"caption\":\"Screenshot\"},{\"@type\":\"BreadcrumbList\",\"@id\":\"https:\\\/\\\/bekkalokket.no\\\/index.php\\\/veiledning-til-innsending-av-bilde-og-tekst-til-personlig-side-i-jubileumsboken-2027\\\/#breadcrumb\",\"itemListElement\":[{\"@type\":\"ListItem\",\"position\":1,\"name\":\"Home\",\"item\":\"https:\\\/\\\/bekkalokket.no\\\/\"},{\"@type\":\"ListItem\",\"position\":2,\"name\":\"VEILEDNING TIL INNSENDING AV BILDE OG TEKST TIL PERSONLIG SIDE I JUBILEUMSBOKEN 2027\"}]},{\"@type\":\"WebSite\",\"@id\":\"https:\\\/\\\/bekkalokket.no\\\/#website\",\"url\":\"https:\\\/\\\/bekkalokket.no\\\/\",\"name\":\"Bekkalokket Fotoklubb\",\"description\":\"En sosial og aktiv fotoklubb i Bergen\",\"potentialAction\":[{\"@type\":\"SearchAction\",\"target\":{\"@type\":\"EntryPoint\",\"urlTemplate\":\"https:\\\/\\\/bekkalokket.no\\\/?s={search_term_string}\"},\"query-input\":{\"@type\":\"PropertyValueSpecification\",\"valueRequired\":true,\"valueName\":\"search_term_string\"}}],\"inLanguage\":\"nb-NO\"}]}<\/script>\n<!-- \/ Yoast SEO plugin. -->","yoast_head_json":{"title":"VEILEDNING TIL INNSENDING AV BILDE OG TEKST TIL PERSONLIG SIDE I JUBILEUMSBOKEN 2027 - Bekkalokket Fotoklubb","robots":{"index":"index","follow":"follow","max-snippet":"max-snippet:-1","max-image-preview":"max-image-preview:large","max-video-preview":"max-video-preview:-1"},"canonical":"https:\/\/bekkalokket.no\/index.php\/veiledning-til-innsending-av-bilde-og-tekst-til-personlig-side-i-jubileumsboken-2027\/","og_locale":"nb_NO","og_type":"article","og_title":"VEILEDNING TIL INNSENDING AV BILDE OG TEKST TIL PERSONLIG SIDE I JUBILEUMSBOKEN 2027 - Bekkalokket Fotoklubb","og_description":"Det vi trenger er: Det er valgfritt hvor mange bilder du vil ha med, men et sted mellom 1 og 6 pr side vil v\u00e6re passe. Hvis \u00f8nskelig, kan du sende inn flere og&#46;&#46;&#46;","og_url":"https:\/\/bekkalokket.no\/index.php\/veiledning-til-innsending-av-bilde-og-tekst-til-personlig-side-i-jubileumsboken-2027\/","og_site_name":"Bekkalokket Fotoklubb","article_modified_time":"2026-04-11T13:31:59+00:00","og_image":[{"width":831,"height":459,"url":"https:\/\/bekkalokket.no\/wp-content\/uploads\/2026\/04\/export_fra_LrC_for_bok2.jpg","type":"image\/jpeg"}],"twitter_card":"summary_large_image","twitter_misc":{"Ansl. lesetid":"1 minutt"},"schema":{"@context":"https:\/\/schema.org","@graph":[{"@type":"WebPage","@id":"https:\/\/bekkalokket.no\/index.php\/veiledning-til-innsending-av-bilde-og-tekst-til-personlig-side-i-jubileumsboken-2027\/","url":"https:\/\/bekkalokket.no\/index.php\/veiledning-til-innsending-av-bilde-og-tekst-til-personlig-side-i-jubileumsboken-2027\/","name":"VEILEDNING TIL INNSENDING AV BILDE OG TEKST TIL PERSONLIG SIDE I JUBILEUMSBOKEN 2027 - Bekkalokket Fotoklubb","isPartOf":{"@id":"https:\/\/bekkalokket.no\/#website"},"primaryImageOfPage":{"@id":"https:\/\/bekkalokket.no\/index.php\/veiledning-til-innsending-av-bilde-og-tekst-til-personlig-side-i-jubileumsboken-2027\/#primaryimage"},"image":{"@id":"https:\/\/bekkalokket.no\/index.php\/veiledning-til-innsending-av-bilde-og-tekst-til-personlig-side-i-jubileumsboken-2027\/#primaryimage"},"thumbnailUrl":"https:\/\/bekkalokket.no\/wp-content\/uploads\/2026\/04\/export_fra_LrC_for_bok2.jpg","datePublished":"2026-04-11T13:29:24+00:00","dateModified":"2026-04-11T13:31:59+00:00","breadcrumb":{"@id":"https:\/\/bekkalokket.no\/index.php\/veiledning-til-innsending-av-bilde-og-tekst-til-personlig-side-i-jubileumsboken-2027\/#breadcrumb"},"inLanguage":"nb-NO","potentialAction":[{"@type":"ReadAction","target":["https:\/\/bekkalokket.no\/index.php\/veiledning-til-innsending-av-bilde-og-tekst-til-personlig-side-i-jubileumsboken-2027\/"]}]},{"@type":"ImageObject","inLanguage":"nb-NO","@id":"https:\/\/bekkalokket.no\/index.php\/veiledning-til-innsending-av-bilde-og-tekst-til-personlig-side-i-jubileumsboken-2027\/#primaryimage","url":"https:\/\/bekkalokket.no\/wp-content\/uploads\/2026\/04\/export_fra_LrC_for_bok2.jpg","contentUrl":"https:\/\/bekkalokket.no\/wp-content\/uploads\/2026\/04\/export_fra_LrC_for_bok2.jpg","width":831,"height":459,"caption":"Screenshot"},{"@type":"BreadcrumbList","@id":"https:\/\/bekkalokket.no\/index.php\/veiledning-til-innsending-av-bilde-og-tekst-til-personlig-side-i-jubileumsboken-2027\/#breadcrumb","itemListElement":[{"@type":"ListItem","position":1,"name":"Home","item":"https:\/\/bekkalokket.no\/"},{"@type":"ListItem","position":2,"name":"VEILEDNING TIL INNSENDING AV BILDE OG TEKST TIL PERSONLIG SIDE I JUBILEUMSBOKEN 2027"}]},{"@type":"WebSite","@id":"https:\/\/bekkalokket.no\/#website","url":"https:\/\/bekkalokket.no\/","name":"Bekkalokket Fotoklubb","description":"En sosial og aktiv fotoklubb i Bergen","potentialAction":[{"@type":"SearchAction","target":{"@type":"EntryPoint","urlTemplate":"https:\/\/bekkalokket.no\/?s={search_term_string}"},"query-input":{"@type":"PropertyValueSpecification","valueRequired":true,"valueName":"search_term_string"}}],"inLanguage":"nb-NO"}]}},"_links":{"self":[{"href":"https:\/\/bekkalokket.no\/index.php\/wp-json\/wp\/v2\/pages\/11233","targetHints":{"allow":["GET"]}}],"collection":[{"href":"https:\/\/bekkalokket.no\/index.php\/wp-json\/wp\/v2\/pages"}],"about":[{"href":"https:\/\/bekkalokket.no\/index.php\/wp-json\/wp\/v2\/types\/page"}],"author":[{"embeddable":true,"href":"https:\/\/bekkalokket.no\/index.php\/wp-json\/wp\/v2\/users\/2"}],"replies":[{"embeddable":true,"href":"https:\/\/bekkalokket.no\/index.php\/wp-json\/wp\/v2\/comments?post=11233"}],"version-history":[{"count":2,"href":"https:\/\/bekkalokket.no\/index.php\/wp-json\/wp\/v2\/pages\/11233\/revisions"}],"predecessor-version":[{"id":11240,"href":"https:\/\/bekkalokket.no\/index.php\/wp-json\/wp\/v2\/pages\/11233\/revisions\/11240"}],"wp:attachment":[{"href":"https:\/\/bekkalokket.no\/index.php\/wp-json\/wp\/v2\/media?parent=11233"}],"curies":[{"name":"wp","href":"https:\/\/api.w.org\/{rel}","templated":true}]}}