{"id":137,"date":"2018-06-06T17:11:37","date_gmt":"2018-06-06T15:11:37","guid":{"rendered":"http:\/\/wp.bekkalokket.com\/?page_id=137"},"modified":"2025-11-06T18:43:59","modified_gmt":"2025-11-06T16:43:59","slug":"bli-medlem-i-bekkalokket-fotoklubb","status":"publish","type":"page","link":"https:\/\/bekkalokket.no\/index.php\/bli-medlem-i-bekkalokket-fotoklubb\/","title":{"rendered":"Bli medlem"},"content":{"rendered":"\n<h2 class=\"wp-block-heading\"><strong>\u00d8nsker du \u00e5 bli medlem av Bekkalokket Fotoklubb?<\/strong><\/h2>\n\n\n\n<p>Vil du utforske foto og video, og samtidig utvikle ditt kreative blikk? Som medlem i Bekkalokket Fotoklubb f\u00e5r du ikke bare et medlemsskap \u2013 du blir en del av et levende, inspirerende fellesskap fylt med entusiasme, kunnskap og gode opplevelser.<\/p>\n\n\n\n<p>Bekkalokket Fotoklubb er en av de mest aktive fotoklubbene i Norge og Norden. <\/p>\n\n\n\n<p>Som medlem i Bekkalokket Fotoklubb blir du en del av et milj\u00f8 der kunnskap, erfaringer og skaperglede deles fritt. Du f\u00e5r inspirasjon fra fotografer som har n\u00e5dd internasjonale h\u00f8yder, og som gener\u00f8st deler sine historier, teknikker og perspektiver. Gjennom foredrag, workshops og bildevisninger f\u00e5r du innsikt i hvordan de arbeider \u2013 og hvordan du selv kan l\u00f8fte ditt fotografiske uttrykk til et nytt niv\u00e5.<\/p>\n\n\n\n<p>Klubben gir deg ogs\u00e5 muligheten til \u00e5 delta i anerkjente <a href=\"https:\/\/bekkalokket.no\/index.php\/konkurranser\/\">fotokonkurranser<\/a>, b\u00e5de nasjonalt og internasjonalt. Dette gir ikke bare faglig utvikling, men ogs\u00e5 motivasjon til \u00e5 utfordre deg selv og f\u00e5 verdifull tilbakemelding fra profesjonelle juryer. Mange av v\u00e5re medlemmer har oppn\u00e5dd flotte resultater og utmerkelser, og deler gjerne sine erfaringer med andre i klubben.<\/p>\n\n\n\n<p>Enten du fotograferer for hobby, kunstnerisk uttrykk eller profesjonelt arbeid, vil du alltid finne st\u00f8tte, inspirasjon og nye impulser som hjelper deg videre p\u00e5 din kreative reise.<\/p>\n\n\n\n<p>Vi tror p\u00e5 kraften i fotografi til \u00e5 formidle historier, kultur og kreativitet \u2013 og som medlem i Bekkalokket Fotoklubb blir du en del av denne stolte tradisjonen.<\/p>\n\n\n\n<p><\/p>\n\n\n\n<div class=\"wp-block-buttons is-layout-flex wp-block-buttons-is-layout-flex\">\n<div class=\"wp-block-button\"><a class=\"wp-block-button__link wp-element-button\" href=\"https:\/\/bekkalokket.no\/index.php\/om-klubben\/medlemsfordeler-i-bekkalokket-fotoklubb\/\">Bli kjent med klubbens medlemsfordeler<\/a><\/div>\n<\/div>\n\n\n\n<div style=\"height:29px\" aria-hidden=\"true\" class=\"wp-block-spacer\"><\/div>\n\n\n\n<div style=\"height:46px\" aria-hidden=\"true\" class=\"wp-block-spacer\"><\/div>\n\n\n\n<h3 class=\"wp-block-heading\"><strong>Klubbens form\u00e5l er \u00e5 fremme og ivareta medlemmers fotokunnskaper og interesser, samt skape et godt sosialt milj\u00f8.<\/strong><\/h3>\n\n\n\n<div style=\"height:30px\" aria-hidden=\"true\" class=\"wp-block-spacer\"><\/div>\n\n\n\n<div class=\"wp-block-media-text is-stacked-on-mobile\"><figure class=\"wp-block-media-text__media\"><img loading=\"lazy\" decoding=\"async\" width=\"1024\" height=\"682\" src=\"https:\/\/bekkalokket.no\/wp-content\/uploads\/2023\/06\/Morten-Tellefsen-Large-1024x682.jpeg\" alt=\"Bli medlem i Bekkalokket Fotoklubb, og delta p\u00e5 v\u00e5re \u00e5rlige fototurer.\" class=\"wp-image-6717 size-full\" srcset=\"https:\/\/bekkalokket.no\/wp-content\/uploads\/2023\/06\/Morten-Tellefsen-Large-1024x682.jpeg 1024w, https:\/\/bekkalokket.no\/wp-content\/uploads\/2023\/06\/Morten-Tellefsen-Large-300x200.jpeg 300w, https:\/\/bekkalokket.no\/wp-content\/uploads\/2023\/06\/Morten-Tellefsen-Large-768x512.jpeg 768w, https:\/\/bekkalokket.no\/wp-content\/uploads\/2023\/06\/Morten-Tellefsen-Large.jpeg 1280w\" sizes=\"auto, (max-width: 1024px) 100vw, 1024px\" \/><\/figure><div class=\"wp-block-media-text__content\">\n<p><strong>FOTO &#8211; VIDEO &#8211; FELLESKAP &#8211; INSPIRASJON<\/strong> <strong>&#8211; L\u00c6RING<\/strong><\/p>\n\n\n\n<div class=\"wp-block-buttons is-layout-flex wp-block-buttons-is-layout-flex\">\n<div class=\"wp-block-button\"><a class=\"wp-block-button__link wp-element-button\" href=\"https:\/\/bekkalokket.no\/index.php\/meld-deg-inn-her\/\">Meld deg inn her<\/a><\/div>\n<\/div>\n<\/div><\/div>\n\n\n\n<div style=\"height:36px\" aria-hidden=\"true\" class=\"wp-block-spacer\"><\/div>\n\n\n\n<p><\/p>\n\n\n\n<h2 class=\"wp-block-heading\"><strong>Medlemsskapet i Bekkalokket Fotoklubb<\/strong><\/h2>\n\n\n<p><strong>Medlemskapet koster:<\/strong><\/p>\n<blockquote>\n<div>\n<div><span style=\"font-family: verdana, sans-serif;\">Kontingenten er for 2025\u00a0 <b>kr. 800.-<\/b>\u00a0 og for pensjonister, uf\u00f8retrygdede, studenter og familiemedlemmer<b>kr.<\/b><b> 650.-<\/b>\u00a0(et familiemedlem betaler fullt.) Er du medlem av en annen NSFF klubb og har denne som hovedklubb, er kontingenten\u00a0<b>kr. 600.-\/450.<\/b><\/span>Kr. 200.- av kontingenten g\u00e5r til Norsk Selskap For Fotografi (NSFF)<\/div>\n<\/div>\n<\/blockquote>\n<p>Mat\/drikke p\u00e5 ordin\u00e6re klubbm\u00f8ter er inkludert.<\/p>\n<p><strong>Medlemsavgiften inkluderer<\/strong> medlemskap i<a href=\"https:\/\/nsff.no\/\"> Norsk Selskap For Fotografi<\/a> (NSFF), og gir tilgang til en rekke <a href=\"https:\/\/nsff.no\/norsk-selskap-for-fotografi-fellesskap-for-norske-film-og-fotoklubber\/\" target=\"_blank\" rel=\"noopener\">medlemsfordelene til NSFF<\/a>. Blant annet deltakelse i <a href=\"https:\/\/nsff.no\/konkurranser\/nm-i-foto\/\">Norgesmesterskapet i Foto<\/a> (NM),<a href=\"https:\/\/nsff.no\/konkurranser\/nm-i-film\/\"> Norgesmesterskap i film<\/a> og<a href=\"https:\/\/nsff.no\/internasjonalt-samarbeid\/internasjonale-fotokonkurranser\/\"> Internasjonale konkurranser.<\/a><\/p>\n<p><strong>Du vil ogs\u00e5 via v\u00e5rt felleskap \u00f8ke din kompetanse og finne inspirasjon innen film og foto.<\/strong><\/p>\n<h3>Bli medlem i Bekkalokket Fotoklubb i dag!<\/h3>\n<p><strong>Last ned innmeldingsskjema under<\/strong>, og send dette til; &#8220;<a href=\"mailto:kasserer@bekkalokket.no\">kasserer@bekkalokket.no<\/a>&#8220;<\/p>\n<p><a href=\"https:\/\/bekkalokket.no\/wp-content\/uploads\/2018\/06\/Innmelding.docx\">Innmelding<\/a> (MS WORD, .docx)<\/p>\n<h3><strong>Norsk Selskap for Fotografi (NSFF)<\/strong><\/h3>\n<p>Ved \u00e5 gi st\u00f8tte til og legge til rette for nasjonale treff \u00f8nsker NSFF \u00e5 fremme l\u00e6ring, inspirasjon og opplevelser for medlemmer.<\/p>\n<p>Gjennom et aktivt medlemskap i foto- og filmklubb vil man \u00f8ke sin kompetanse og finne inspirasjon.<\/p>\n<p>&#8220;Dette oppn\u00e5s med inspirerende foredragsholdere, bildevisninger, workshops, gjerne en treffkonkurranse med premiering \u2013 og s\u00e5 klart det sosiale: all praten mellom aktivitetene med erfaringsutvekslinger til gjensidig nytte og inspirasjon er kanskje det aller viktigste!&#8221; (kilde:<a href=\"https:\/\/nsff.no\/om-nsff\/film-og-fototreff\/\">NSFF<\/a>)<\/p>\n<p>Det arrangeres \u00e5rlig inntil fire <a href=\"https:\/\/nsff.no\/om-nsff\/film-og-fototreff\/\" target=\"_blank\" rel=\"noopener\">Nasjonale film- og fototreff<\/a> med st\u00f8tte fra NSFF og <a href=\"https:\/\/www.cewe.no\/\" target=\"_blank\" rel=\"noopener\">CEWE<\/a>.<\/p>\n<p>\u00a0<\/p>\n\n\n<div class=\"wp-block-media-text is-stacked-on-mobile\"><figure class=\"wp-block-media-text__media\"><img loading=\"lazy\" decoding=\"async\" width=\"1024\" height=\"683\" src=\"https:\/\/bekkalokket.no\/wp-content\/uploads\/2023\/08\/Rune-Eide-1024x683-1.jpg\" alt=\"Nasjonalt Film og Fototreff 2022. Arrang\u00f8r Bekkkalokket Fotoklubbb.\" class=\"wp-image-6962 size-full\" srcset=\"https:\/\/bekkalokket.no\/wp-content\/uploads\/2023\/08\/Rune-Eide-1024x683-1.jpg 1024w, https:\/\/bekkalokket.no\/wp-content\/uploads\/2023\/08\/Rune-Eide-1024x683-1-300x200.jpg 300w, https:\/\/bekkalokket.no\/wp-content\/uploads\/2023\/08\/Rune-Eide-1024x683-1-768x512.jpg 768w\" sizes=\"auto, (max-width: 1024px) 100vw, 1024px\" \/><\/figure><div class=\"wp-block-media-text__content\">\n<p><a href=\"https:\/\/nasjonaltfotoogfilmtreff2022.bekkalokket.no\/wp\/\">Nasjonalt Film og Fototreff 2022<\/a><\/p>\n\n\n\n<p>Arrang\u00f8r: Bekkalokket Fotoklubb<\/p>\n<\/div><\/div>\n\n\n\n<div style=\"height:23px\" aria-hidden=\"true\" class=\"wp-block-spacer\"><\/div>\n\n\n\n<div style=\"height:52px\" aria-hidden=\"true\" class=\"wp-block-spacer\"><\/div>\n\n\n\n<h3 class=\"wp-block-heading\"><strong>Bli mer kjent med Bekkalokket Fotoklubb ved \u00e5 klikke deg inn p\u00e5 linkene under.<\/strong><\/h3>\n\n\n\n<div style=\"height:46px\" aria-hidden=\"true\" class=\"wp-block-spacer\"><\/div>\n\n\n\n<div class=\"wp-block-columns is-layout-flex wp-container-core-columns-is-layout-9d6595d7 wp-block-columns-is-layout-flex\">\n<div class=\"wp-block-column is-layout-flow wp-block-column-is-layout-flow\">\n<figure class=\"wp-block-image size-full is-resized\"><img loading=\"lazy\" decoding=\"async\" width=\"500\" height=\"625\" src=\"https:\/\/bekkalokket.no\/wp-content\/uploads\/2025\/02\/Eva-portrett-4x5_smallSize_featurePostImage.jpg\" alt=\"\" class=\"wp-image-9857\" style=\"width:245px;height:auto\" srcset=\"https:\/\/bekkalokket.no\/wp-content\/uploads\/2025\/02\/Eva-portrett-4x5_smallSize_featurePostImage.jpg 500w, https:\/\/bekkalokket.no\/wp-content\/uploads\/2025\/02\/Eva-portrett-4x5_smallSize_featurePostImage-240x300.jpg 240w\" sizes=\"auto, (max-width: 500px) 100vw, 500px\" \/><figcaption class=\"wp-element-caption\"><a href=\"https:\/\/nasjonaltfotoogfilmtreff2022.bekkalokket.no\/wp\/\">V\u00e5re foredragsholdere<\/a><\/figcaption><\/figure>\n<\/div>\n\n\n\n<div class=\"wp-block-column is-layout-flow wp-block-column-is-layout-flow\">\n<figure class=\"wp-block-image size-large\"><img loading=\"lazy\" decoding=\"async\" width=\"1024\" height=\"672\" src=\"https:\/\/bekkalokket.no\/wp-content\/uploads\/2019\/08\/Klubbm\u00f8te20190822-1024x672.jpg\" alt=\"\" class=\"wp-image-2689\" srcset=\"https:\/\/bekkalokket.no\/wp-content\/uploads\/2019\/08\/Klubbm\u00f8te20190822-1024x672.jpg 1024w, https:\/\/bekkalokket.no\/wp-content\/uploads\/2019\/08\/Klubbm\u00f8te20190822-300x197.jpg 300w, https:\/\/bekkalokket.no\/wp-content\/uploads\/2019\/08\/Klubbm\u00f8te20190822-768x504.jpg 768w\" sizes=\"auto, (max-width: 1024px) 100vw, 1024px\" \/><figcaption class=\"wp-element-caption\"><a href=\"https:\/\/bekkalokket.no\/index.php\/program\/\">Programmet for Bekkalokket Fotoklubb<\/a>.<\/figcaption><\/figure>\n<\/div>\n\n\n\n<div class=\"wp-block-column is-layout-flow wp-block-column-is-layout-flow\">\n<figure class=\"wp-block-image size-large\"><img loading=\"lazy\" decoding=\"async\" width=\"1024\" height=\"682\" src=\"https:\/\/bekkalokket.no\/wp-content\/uploads\/2023\/06\/Morten-Tellefsen-Large-1024x682.jpeg\" alt=\"Bli medlem i Bekkalokket Fotoklubb, og delta p\u00e5 v\u00e5re \u00e5rlige fototurer.\" class=\"wp-image-6717\" srcset=\"https:\/\/bekkalokket.no\/wp-content\/uploads\/2023\/06\/Morten-Tellefsen-Large-1024x682.jpeg 1024w, https:\/\/bekkalokket.no\/wp-content\/uploads\/2023\/06\/Morten-Tellefsen-Large-300x200.jpeg 300w, https:\/\/bekkalokket.no\/wp-content\/uploads\/2023\/06\/Morten-Tellefsen-Large-768x512.jpeg 768w, https:\/\/bekkalokket.no\/wp-content\/uploads\/2023\/06\/Morten-Tellefsen-Large.jpeg 1280w\" sizes=\"auto, (max-width: 1024px) 100vw, 1024px\" \/><figcaption class=\"wp-element-caption\"><a href=\"https:\/\/bekkalokket.no\/index.php\/turer-vi-har-vaert-pa\/\">Turer vi har v\u00e6rt p\u00e5<\/a><\/figcaption><\/figure>\n<\/div>\n<\/div>\n\n\n\n<div style=\"height:24px\" aria-hidden=\"true\" class=\"wp-block-spacer\"><\/div>\n\n\n\n<div class=\"wp-block-columns is-layout-flex wp-container-core-columns-is-layout-9d6595d7 wp-block-columns-is-layout-flex\">\n<div class=\"wp-block-column is-layout-flow wp-block-column-is-layout-flow\">\n<figure class=\"wp-block-image size-large is-resized\"><a href=\"https:\/\/bekkalokket.no\/index.php\/2022\/02\/01\/nasjonalt-film-og-fototreff-2022-i-bergen\/\"><img loading=\"lazy\" decoding=\"async\" width=\"731\" height=\"1024\" src=\"https:\/\/bekkalokket.no\/wp-content\/uploads\/2023\/08\/pernille_sommer_5-731x1024.jpeg\" alt=\"Foredragsholder Pernille Sommer p\u00e5 Nasjonalt Film og Fototreff 2022.\" class=\"wp-image-6963\" style=\"width:249px;height:auto\" srcset=\"https:\/\/bekkalokket.no\/wp-content\/uploads\/2023\/08\/pernille_sommer_5-731x1024.jpeg 731w, https:\/\/bekkalokket.no\/wp-content\/uploads\/2023\/08\/pernille_sommer_5-214x300.jpeg 214w, https:\/\/bekkalokket.no\/wp-content\/uploads\/2023\/08\/pernille_sommer_5.jpeg 750w\" sizes=\"auto, (max-width: 731px) 100vw, 731px\" \/><\/a><figcaption class=\"wp-element-caption\"><a href=\"https:\/\/nasjonaltfotoogfilmtreff2022.bekkalokket.no\/wp\/foredragsholdere\/\">Nasjonalt Film og Fototreff 2022<\/a> <\/figcaption><\/figure>\n<\/div>\n\n\n\n<div class=\"wp-block-column is-layout-flow wp-block-column-is-layout-flow\">\n<figure class=\"wp-block-image size-large\"><img loading=\"lazy\" decoding=\"async\" width=\"1024\" height=\"683\" src=\"https:\/\/bekkalokket.no\/wp-content\/uploads\/2024\/11\/9-kopi-1024x683.jpg\" alt=\"Bekkalokket Fotoklubb mottar midler fra Grasrotandelen til Norsk Tipping. I 2024 gikk midlene til Way-Back, en ideell stiftelse som arbeider for innsattes tilbakef\u00f8ring til samfunnet. Vi \u00f8nsker at disse pengene skal g\u00e5 til organisasjoner som trenger kunst p\u00e5 veggene.\" class=\"wp-image-9571\" srcset=\"https:\/\/bekkalokket.no\/wp-content\/uploads\/2024\/11\/9-kopi-1024x683.jpg 1024w, https:\/\/bekkalokket.no\/wp-content\/uploads\/2024\/11\/9-kopi-300x200.jpg 300w, https:\/\/bekkalokket.no\/wp-content\/uploads\/2024\/11\/9-kopi-768x512.jpg 768w, https:\/\/bekkalokket.no\/wp-content\/uploads\/2024\/11\/9-kopi-1536x1024.jpg 1536w, https:\/\/bekkalokket.no\/wp-content\/uploads\/2024\/11\/9-kopi.jpg 2040w\" sizes=\"auto, (max-width: 1024px) 100vw, 1024px\" \/><figcaption class=\"wp-element-caption\"><a href=\"https:\/\/bekkalokket.no\/index.php\/grasrotutstillingen-2024\/\">Grasrotutstilling 2024<\/a><\/figcaption><\/figure>\n<\/div>\n\n\n\n<div class=\"wp-block-column is-layout-flow wp-block-column-is-layout-flow\">\n<figure class=\"wp-block-image size-full\"><img loading=\"lazy\" decoding=\"async\" width=\"525\" height=\"720\" src=\"https:\/\/bekkalokket.no\/wp-content\/uploads\/2025\/11\/545195705_10165877570244097_2492537156045857478_n.jpg\" alt=\"\" class=\"wp-image-10811\" srcset=\"https:\/\/bekkalokket.no\/wp-content\/uploads\/2025\/11\/545195705_10165877570244097_2492537156045857478_n.jpg 525w, https:\/\/bekkalokket.no\/wp-content\/uploads\/2025\/11\/545195705_10165877570244097_2492537156045857478_n-219x300.jpg 219w\" sizes=\"auto, (max-width: 525px) 100vw, 525px\" \/><figcaption class=\"wp-element-caption\"><a href=\"https:\/\/www.fjord-bergen.net\/\">Fjord &#8211; Bergen Exhibition of Photographic Art<\/a><\/figcaption><\/figure>\n<\/div>\n<\/div>\n\n\n\n<div style=\"height:46px\" aria-hidden=\"true\" class=\"wp-block-spacer\"><\/div>\n\n\n\n<h2 class=\"wp-block-heading\"><strong>Bekkalokket Fotoklubb &#8211; Foto &#8211; og filmmilj\u00f8 for amat\u00f8rer og profesjonelle<\/strong><\/h2>\n\n\n\n<div style=\"height:38px\" aria-hidden=\"true\" class=\"wp-block-spacer\"><\/div>\n\n\n\n<figure class=\"wp-block-image size-large\"><a href=\"https:\/\/bekkalokket.no\/index.php\/2023\/03\/29\/video-laget-for-45-ars-jubileumet\/\"><img loading=\"lazy\" decoding=\"async\" width=\"1024\" height=\"574\" src=\"https:\/\/bekkalokket.no\/wp-content\/uploads\/2023\/03\/Screenshot-2023-03-29-at-08.05.00-1024x574.png\" alt=\"Video laget for 45-\u00e5rs jubileumet til Bekkalokket Fotoklubb\" class=\"wp-image-5848\" srcset=\"https:\/\/bekkalokket.no\/wp-content\/uploads\/2023\/03\/Screenshot-2023-03-29-at-08.05.00-1024x574.png 1024w, https:\/\/bekkalokket.no\/wp-content\/uploads\/2023\/03\/Screenshot-2023-03-29-at-08.05.00-300x168.png 300w, https:\/\/bekkalokket.no\/wp-content\/uploads\/2023\/03\/Screenshot-2023-03-29-at-08.05.00-768x431.png 768w, https:\/\/bekkalokket.no\/wp-content\/uploads\/2023\/03\/Screenshot-2023-03-29-at-08.05.00.png 1277w\" sizes=\"auto, (max-width: 1024px) 100vw, 1024px\" \/><\/a><figcaption class=\"wp-element-caption\"><a href=\"https:\/\/bekkalokket.no\/index.php\/2023\/03\/29\/video-laget-for-45-ars-jubileumet\/\">Video laget for 45-\u00e5rs jubileumet til Bekkalokket Fotoklubb<\/a><\/figcaption><\/figure>\n\n\n\n<p><\/p>\n","protected":false},"excerpt":{"rendered":"<p>\u00d8nsker du \u00e5 bli medlem av Bekkalokket Fotoklubb? Vil du utforske foto og video, og samtidig utvikle ditt kreative blikk? Som medlem i Bekkalokket Fotoklubb f\u00e5r du ikke bare et medlemsskap \u2013 du blir&#46;&#46;&#46;<\/p>\n","protected":false},"author":1,"featured_media":4948,"parent":0,"menu_order":0,"comment_status":"closed","ping_status":"closed","template":"","meta":{"footnotes":""},"class_list":["post-137","page","type-page","status-publish","has-post-thumbnail","hentry"],"yoast_head":"<!-- This site is optimized with the Yoast SEO plugin v27.6 - https:\/\/yoast.com\/product\/yoast-seo-wordpress\/ -->\n<title>Bli medlem | Bekkalokket Fotoklubb<\/title>\n<meta name=\"description\" content=\"Bekkalokket Fotoklubb er en av de mest aktive fotoklubber i Norge og Norden med formidling av norsk fotografi. Ta kontakt for \u00e5 bli medlem!\" \/>\n<meta name=\"robots\" content=\"index, follow, max-snippet:-1, max-image-preview:large, max-video-preview:-1\" \/>\n<link rel=\"canonical\" href=\"https:\/\/bekkalokket.no\/index.php\/bli-medlem-i-bekkalokket-fotoklubb\/\" \/>\n<meta property=\"og:locale\" content=\"nb_NO\" \/>\n<meta property=\"og:type\" content=\"article\" \/>\n<meta property=\"og:title\" content=\"Bli medlem | Bekkalokket Fotoklubb\" \/>\n<meta property=\"og:description\" content=\"Bekkalokket Fotoklubb er en av de mest aktive fotoklubber i Norge og Norden med formidling av norsk fotografi. Ta kontakt for \u00e5 bli medlem!\" \/>\n<meta property=\"og:url\" content=\"https:\/\/bekkalokket.no\/index.php\/bli-medlem-i-bekkalokket-fotoklubb\/\" \/>\n<meta property=\"og:site_name\" content=\"Bekkalokket Fotoklubb\" \/>\n<meta property=\"article:modified_time\" content=\"2025-11-06T16:43:59+00:00\" \/>\n<meta property=\"og:image\" content=\"https:\/\/bekkalokket.no\/wp-content\/uploads\/2022\/05\/last-ned.jpg\" \/>\n\t<meta property=\"og:image:width\" content=\"226\" \/>\n\t<meta property=\"og:image:height\" content=\"196\" \/>\n\t<meta property=\"og:image:type\" content=\"image\/jpeg\" \/>\n<meta name=\"twitter:card\" content=\"summary_large_image\" \/>\n<meta name=\"twitter:label1\" content=\"Ansl. lesetid\" \/>\n\t<meta name=\"twitter:data1\" content=\"5 minutter\" \/>\n<script type=\"application\/ld+json\" class=\"yoast-schema-graph\">{\"@context\":\"https:\\\/\\\/schema.org\",\"@graph\":[{\"@type\":\"WebPage\",\"@id\":\"https:\\\/\\\/bekkalokket.no\\\/index.php\\\/bli-medlem-i-bekkalokket-fotoklubb\\\/\",\"url\":\"https:\\\/\\\/bekkalokket.no\\\/index.php\\\/bli-medlem-i-bekkalokket-fotoklubb\\\/\",\"name\":\"Bli medlem | Bekkalokket Fotoklubb\",\"isPartOf\":{\"@id\":\"https:\\\/\\\/bekkalokket.no\\\/#website\"},\"primaryImageOfPage\":{\"@id\":\"https:\\\/\\\/bekkalokket.no\\\/index.php\\\/bli-medlem-i-bekkalokket-fotoklubb\\\/#primaryimage\"},\"image\":{\"@id\":\"https:\\\/\\\/bekkalokket.no\\\/index.php\\\/bli-medlem-i-bekkalokket-fotoklubb\\\/#primaryimage\"},\"thumbnailUrl\":\"https:\\\/\\\/bekkalokket.no\\\/wp-content\\\/uploads\\\/2022\\\/05\\\/last-ned.jpg\",\"datePublished\":\"2018-06-06T15:11:37+00:00\",\"dateModified\":\"2025-11-06T16:43:59+00:00\",\"description\":\"Bekkalokket Fotoklubb er en av de mest aktive fotoklubber i Norge og Norden med formidling av norsk fotografi. Ta kontakt for \u00e5 bli medlem!\",\"breadcrumb\":{\"@id\":\"https:\\\/\\\/bekkalokket.no\\\/index.php\\\/bli-medlem-i-bekkalokket-fotoklubb\\\/#breadcrumb\"},\"inLanguage\":\"nb-NO\",\"potentialAction\":[{\"@type\":\"ReadAction\",\"target\":[\"https:\\\/\\\/bekkalokket.no\\\/index.php\\\/bli-medlem-i-bekkalokket-fotoklubb\\\/\"]}]},{\"@type\":\"ImageObject\",\"inLanguage\":\"nb-NO\",\"@id\":\"https:\\\/\\\/bekkalokket.no\\\/index.php\\\/bli-medlem-i-bekkalokket-fotoklubb\\\/#primaryimage\",\"url\":\"https:\\\/\\\/bekkalokket.no\\\/wp-content\\\/uploads\\\/2022\\\/05\\\/last-ned.jpg\",\"contentUrl\":\"https:\\\/\\\/bekkalokket.no\\\/wp-content\\\/uploads\\\/2022\\\/05\\\/last-ned.jpg\",\"width\":226,\"height\":196,\"caption\":\"Logo til Bekkalokket Fotoklubb\"},{\"@type\":\"BreadcrumbList\",\"@id\":\"https:\\\/\\\/bekkalokket.no\\\/index.php\\\/bli-medlem-i-bekkalokket-fotoklubb\\\/#breadcrumb\",\"itemListElement\":[{\"@type\":\"ListItem\",\"position\":1,\"name\":\"Home\",\"item\":\"https:\\\/\\\/bekkalokket.no\\\/\"},{\"@type\":\"ListItem\",\"position\":2,\"name\":\"Bli medlem\"}]},{\"@type\":\"WebSite\",\"@id\":\"https:\\\/\\\/bekkalokket.no\\\/#website\",\"url\":\"https:\\\/\\\/bekkalokket.no\\\/\",\"name\":\"Bekkalokket Fotoklubb\",\"description\":\"En sosial og aktiv fotoklubb i Bergen\",\"potentialAction\":[{\"@type\":\"SearchAction\",\"target\":{\"@type\":\"EntryPoint\",\"urlTemplate\":\"https:\\\/\\\/bekkalokket.no\\\/?s={search_term_string}\"},\"query-input\":{\"@type\":\"PropertyValueSpecification\",\"valueRequired\":true,\"valueName\":\"search_term_string\"}}],\"inLanguage\":\"nb-NO\"}]}<\/script>\n<!-- \/ Yoast SEO plugin. -->","yoast_head_json":{"title":"Bli medlem | Bekkalokket Fotoklubb","description":"Bekkalokket Fotoklubb er en av de mest aktive fotoklubber i Norge og Norden med formidling av norsk fotografi. Ta kontakt for \u00e5 bli medlem!","robots":{"index":"index","follow":"follow","max-snippet":"max-snippet:-1","max-image-preview":"max-image-preview:large","max-video-preview":"max-video-preview:-1"},"canonical":"https:\/\/bekkalokket.no\/index.php\/bli-medlem-i-bekkalokket-fotoklubb\/","og_locale":"nb_NO","og_type":"article","og_title":"Bli medlem | Bekkalokket Fotoklubb","og_description":"Bekkalokket Fotoklubb er en av de mest aktive fotoklubber i Norge og Norden med formidling av norsk fotografi. Ta kontakt for \u00e5 bli medlem!","og_url":"https:\/\/bekkalokket.no\/index.php\/bli-medlem-i-bekkalokket-fotoklubb\/","og_site_name":"Bekkalokket Fotoklubb","article_modified_time":"2025-11-06T16:43:59+00:00","og_image":[{"width":226,"height":196,"url":"https:\/\/bekkalokket.no\/wp-content\/uploads\/2022\/05\/last-ned.jpg","type":"image\/jpeg"}],"twitter_card":"summary_large_image","twitter_misc":{"Ansl. lesetid":"5 minutter"},"schema":{"@context":"https:\/\/schema.org","@graph":[{"@type":"WebPage","@id":"https:\/\/bekkalokket.no\/index.php\/bli-medlem-i-bekkalokket-fotoklubb\/","url":"https:\/\/bekkalokket.no\/index.php\/bli-medlem-i-bekkalokket-fotoklubb\/","name":"Bli medlem | Bekkalokket Fotoklubb","isPartOf":{"@id":"https:\/\/bekkalokket.no\/#website"},"primaryImageOfPage":{"@id":"https:\/\/bekkalokket.no\/index.php\/bli-medlem-i-bekkalokket-fotoklubb\/#primaryimage"},"image":{"@id":"https:\/\/bekkalokket.no\/index.php\/bli-medlem-i-bekkalokket-fotoklubb\/#primaryimage"},"thumbnailUrl":"https:\/\/bekkalokket.no\/wp-content\/uploads\/2022\/05\/last-ned.jpg","datePublished":"2018-06-06T15:11:37+00:00","dateModified":"2025-11-06T16:43:59+00:00","description":"Bekkalokket Fotoklubb er en av de mest aktive fotoklubber i Norge og Norden med formidling av norsk fotografi. Ta kontakt for \u00e5 bli medlem!","breadcrumb":{"@id":"https:\/\/bekkalokket.no\/index.php\/bli-medlem-i-bekkalokket-fotoklubb\/#breadcrumb"},"inLanguage":"nb-NO","potentialAction":[{"@type":"ReadAction","target":["https:\/\/bekkalokket.no\/index.php\/bli-medlem-i-bekkalokket-fotoklubb\/"]}]},{"@type":"ImageObject","inLanguage":"nb-NO","@id":"https:\/\/bekkalokket.no\/index.php\/bli-medlem-i-bekkalokket-fotoklubb\/#primaryimage","url":"https:\/\/bekkalokket.no\/wp-content\/uploads\/2022\/05\/last-ned.jpg","contentUrl":"https:\/\/bekkalokket.no\/wp-content\/uploads\/2022\/05\/last-ned.jpg","width":226,"height":196,"caption":"Logo til Bekkalokket Fotoklubb"},{"@type":"BreadcrumbList","@id":"https:\/\/bekkalokket.no\/index.php\/bli-medlem-i-bekkalokket-fotoklubb\/#breadcrumb","itemListElement":[{"@type":"ListItem","position":1,"name":"Home","item":"https:\/\/bekkalokket.no\/"},{"@type":"ListItem","position":2,"name":"Bli medlem"}]},{"@type":"WebSite","@id":"https:\/\/bekkalokket.no\/#website","url":"https:\/\/bekkalokket.no\/","name":"Bekkalokket Fotoklubb","description":"En sosial og aktiv fotoklubb i Bergen","potentialAction":[{"@type":"SearchAction","target":{"@type":"EntryPoint","urlTemplate":"https:\/\/bekkalokket.no\/?s={search_term_string}"},"query-input":{"@type":"PropertyValueSpecification","valueRequired":true,"valueName":"search_term_string"}}],"inLanguage":"nb-NO"}]}},"_links":{"self":[{"href":"https:\/\/bekkalokket.no\/index.php\/wp-json\/wp\/v2\/pages\/137","targetHints":{"allow":["GET"]}}],"collection":[{"href":"https:\/\/bekkalokket.no\/index.php\/wp-json\/wp\/v2\/pages"}],"about":[{"href":"https:\/\/bekkalokket.no\/index.php\/wp-json\/wp\/v2\/types\/page"}],"author":[{"embeddable":true,"href":"https:\/\/bekkalokket.no\/index.php\/wp-json\/wp\/v2\/users\/1"}],"replies":[{"embeddable":true,"href":"https:\/\/bekkalokket.no\/index.php\/wp-json\/wp\/v2\/comments?post=137"}],"version-history":[{"count":159,"href":"https:\/\/bekkalokket.no\/index.php\/wp-json\/wp\/v2\/pages\/137\/revisions"}],"predecessor-version":[{"id":10871,"href":"https:\/\/bekkalokket.no\/index.php\/wp-json\/wp\/v2\/pages\/137\/revisions\/10871"}],"wp:featuredmedia":[{"embeddable":true,"href":"https:\/\/bekkalokket.no\/index.php\/wp-json\/wp\/v2\/media\/4948"}],"wp:attachment":[{"href":"https:\/\/bekkalokket.no\/index.php\/wp-json\/wp\/v2\/media?parent=137"}],"curies":[{"name":"wp","href":"https:\/\/api.w.org\/{rel}","templated":true}]}}