{"id":174,"date":"2018-06-06T20:06:41","date_gmt":"2018-06-06T18:06:41","guid":{"rendered":"http:\/\/wp.bekkalokket.com\/?page_id=174"},"modified":"2026-02-02T19:40:08","modified_gmt":"2026-02-02T17:40:08","slug":"vart-styre","status":"publish","type":"page","link":"https:\/\/bekkalokket.no\/index.php\/om-klubben\/vart-styre\/","title":{"rendered":"V\u00e5rt styre"},"content":{"rendered":"<p><em><strong>Dagens styret best\u00e5r av:<\/strong><\/em><\/p>\n<ul>\n<li><strong>Styreleder:<\/strong> Inge Solfjell\u00a0<\/li>\n<li><strong>Nestleder:<\/strong> Arne Skinlo<\/li>\n<li><strong>Sekret\u00e6r:<\/strong> Endre M. Lidal<\/li>\n<li><strong>Kasserer:<\/strong> Jan Standal<\/li>\n<li><strong>Leder for utstillingskomit\u00e9:<\/strong> Lars Sveen<\/li>\n<li><strong>Leder for kos-, trivsel og velv\u00e6rekomit\u00e9:<\/strong> P\u00e5l Fagerheim<\/li>\n<li><strong>Leder for jubileumskomit\u00e9:<\/strong> Annie E. Bj\u00f8rklund<\/li>\n<li><strong>Leder for turkomit\u00e9:<\/strong> <span dir=\"ltr\" role=\"presentation\">Oddhild Lien<\/span><\/li>\n<li><strong>Leder for k<\/strong><strong>omit\u00e9 for faglig aktivitet og workshop: <\/strong>Jan Erik Hagen<\/li>\n<li><strong>Leder for internett og digital kommunikasjon og<br \/>Representant for internasjonal og nasjonal konkurranse arrangering:<\/strong> Tom Jarane\u00a0<\/li>\n<\/ul>\n<p><em><strong>Komit\u00e9<\/strong><strong>ledere som ikke m\u00f8ter i styret:<\/strong><\/em><\/p>\n<ul>\n<li><strong>Komit\u00e9 for internasjonal og nasjonal konkurranse arrangering: <\/strong>Roald Synnev\u00e5g<\/li>\n<li><strong>Historisk komit\u00e9:<\/strong> Roald Synnev\u00e5g<\/li>\n<li><strong>Kjellermesterkomit\u00e9:<\/strong> Harald Dalseth<\/li>\n<li><strong>Utstyrskomit\u00e9:<\/strong> Endre M. Lidal<\/li>\n<li><strong>Bok-komit\u00e9:<\/strong> Arne Skinlo<\/li>\n<li><strong>Valgkomit\u00e9:<\/strong> Endre M. Lidal<\/li>\n<\/ul>\n\n\n<p>For \u00e5 kontakte styret kan du sende en epost til: <a href=\"mailto:leder@bekkalokket.no\">leder@bekkalokket.no<\/a> <\/p>\n","protected":false},"excerpt":{"rendered":"<p>Dagens styret best\u00e5r av: Styreleder: Inge Solfjell\u00a0 Nestleder: Arne Skinlo Sekret\u00e6r: Endre M. Lidal Kasserer: Jan Standal Leder for utstillingskomit\u00e9: Lars Sveen Leder for kos-, trivsel og velv\u00e6rekomit\u00e9: P\u00e5l Fagerheim Leder for jubileumskomit\u00e9: Annie&#46;&#46;&#46;<\/p>\n","protected":false},"author":1,"featured_media":0,"parent":16,"menu_order":0,"comment_status":"closed","ping_status":"closed","template":"","meta":{"footnotes":""},"class_list":["post-174","page","type-page","status-publish","hentry"],"yoast_head":"<!-- This site is optimized with the Yoast SEO plugin v27.4 - https:\/\/yoast.com\/product\/yoast-seo-wordpress\/ -->\n<title>V\u00e5rt styre - Bekkalokket Fotoklubb<\/title>\n<meta name=\"robots\" content=\"index, follow, max-snippet:-1, max-image-preview:large, max-video-preview:-1\" \/>\n<link rel=\"canonical\" href=\"https:\/\/bekkalokket.no\/index.php\/om-klubben\/vart-styre\/\" \/>\n<meta property=\"og:locale\" content=\"nb_NO\" \/>\n<meta property=\"og:type\" content=\"article\" \/>\n<meta property=\"og:title\" content=\"V\u00e5rt styre - Bekkalokket Fotoklubb\" \/>\n<meta property=\"og:description\" content=\"Dagens styret best\u00e5r av: Styreleder: Inge Solfjell\u00a0 Nestleder: Arne Skinlo Sekret\u00e6r: Endre M. Lidal Kasserer: Jan Standal Leder for utstillingskomit\u00e9: Lars Sveen Leder for kos-, trivsel og velv\u00e6rekomit\u00e9: P\u00e5l Fagerheim Leder for jubileumskomit\u00e9: Annie&#046;&#046;&#046;\" \/>\n<meta property=\"og:url\" content=\"https:\/\/bekkalokket.no\/index.php\/om-klubben\/vart-styre\/\" \/>\n<meta property=\"og:site_name\" content=\"Bekkalokket Fotoklubb\" \/>\n<meta property=\"article:modified_time\" content=\"2026-02-02T17:40:08+00:00\" \/>\n<meta name=\"twitter:card\" content=\"summary_large_image\" \/>\n<meta name=\"twitter:label1\" content=\"Ansl. lesetid\" \/>\n\t<meta name=\"twitter:data1\" content=\"1 minutt\" \/>\n<script type=\"application\/ld+json\" class=\"yoast-schema-graph\">{\"@context\":\"https:\\\/\\\/schema.org\",\"@graph\":[{\"@type\":\"WebPage\",\"@id\":\"https:\\\/\\\/bekkalokket.no\\\/index.php\\\/om-klubben\\\/vart-styre\\\/\",\"url\":\"https:\\\/\\\/bekkalokket.no\\\/index.php\\\/om-klubben\\\/vart-styre\\\/\",\"name\":\"V\u00e5rt styre - Bekkalokket Fotoklubb\",\"isPartOf\":{\"@id\":\"https:\\\/\\\/bekkalokket.no\\\/#website\"},\"datePublished\":\"2018-06-06T18:06:41+00:00\",\"dateModified\":\"2026-02-02T17:40:08+00:00\",\"breadcrumb\":{\"@id\":\"https:\\\/\\\/bekkalokket.no\\\/index.php\\\/om-klubben\\\/vart-styre\\\/#breadcrumb\"},\"inLanguage\":\"nb-NO\",\"potentialAction\":[{\"@type\":\"ReadAction\",\"target\":[\"https:\\\/\\\/bekkalokket.no\\\/index.php\\\/om-klubben\\\/vart-styre\\\/\"]}]},{\"@type\":\"BreadcrumbList\",\"@id\":\"https:\\\/\\\/bekkalokket.no\\\/index.php\\\/om-klubben\\\/vart-styre\\\/#breadcrumb\",\"itemListElement\":[{\"@type\":\"ListItem\",\"position\":1,\"name\":\"Home\",\"item\":\"https:\\\/\\\/bekkalokket.no\\\/\"},{\"@type\":\"ListItem\",\"position\":2,\"name\":\"Om klubben\",\"item\":\"https:\\\/\\\/bekkalokket.no\\\/index.php\\\/om-klubben\\\/\"},{\"@type\":\"ListItem\",\"position\":3,\"name\":\"V\u00e5rt styre\"}]},{\"@type\":\"WebSite\",\"@id\":\"https:\\\/\\\/bekkalokket.no\\\/#website\",\"url\":\"https:\\\/\\\/bekkalokket.no\\\/\",\"name\":\"Bekkalokket Fotoklubb\",\"description\":\"En sosial og aktiv fotoklubb i Bergen\",\"potentialAction\":[{\"@type\":\"SearchAction\",\"target\":{\"@type\":\"EntryPoint\",\"urlTemplate\":\"https:\\\/\\\/bekkalokket.no\\\/?s={search_term_string}\"},\"query-input\":{\"@type\":\"PropertyValueSpecification\",\"valueRequired\":true,\"valueName\":\"search_term_string\"}}],\"inLanguage\":\"nb-NO\"}]}<\/script>\n<!-- \/ Yoast SEO plugin. -->","yoast_head_json":{"title":"V\u00e5rt styre - Bekkalokket Fotoklubb","robots":{"index":"index","follow":"follow","max-snippet":"max-snippet:-1","max-image-preview":"max-image-preview:large","max-video-preview":"max-video-preview:-1"},"canonical":"https:\/\/bekkalokket.no\/index.php\/om-klubben\/vart-styre\/","og_locale":"nb_NO","og_type":"article","og_title":"V\u00e5rt styre - Bekkalokket Fotoklubb","og_description":"Dagens styret best\u00e5r av: Styreleder: Inge Solfjell\u00a0 Nestleder: Arne Skinlo Sekret\u00e6r: Endre M. Lidal Kasserer: Jan Standal Leder for utstillingskomit\u00e9: Lars Sveen Leder for kos-, trivsel og velv\u00e6rekomit\u00e9: P\u00e5l Fagerheim Leder for jubileumskomit\u00e9: Annie&#46;&#46;&#46;","og_url":"https:\/\/bekkalokket.no\/index.php\/om-klubben\/vart-styre\/","og_site_name":"Bekkalokket Fotoklubb","article_modified_time":"2026-02-02T17:40:08+00:00","twitter_card":"summary_large_image","twitter_misc":{"Ansl. lesetid":"1 minutt"},"schema":{"@context":"https:\/\/schema.org","@graph":[{"@type":"WebPage","@id":"https:\/\/bekkalokket.no\/index.php\/om-klubben\/vart-styre\/","url":"https:\/\/bekkalokket.no\/index.php\/om-klubben\/vart-styre\/","name":"V\u00e5rt styre - Bekkalokket Fotoklubb","isPartOf":{"@id":"https:\/\/bekkalokket.no\/#website"},"datePublished":"2018-06-06T18:06:41+00:00","dateModified":"2026-02-02T17:40:08+00:00","breadcrumb":{"@id":"https:\/\/bekkalokket.no\/index.php\/om-klubben\/vart-styre\/#breadcrumb"},"inLanguage":"nb-NO","potentialAction":[{"@type":"ReadAction","target":["https:\/\/bekkalokket.no\/index.php\/om-klubben\/vart-styre\/"]}]},{"@type":"BreadcrumbList","@id":"https:\/\/bekkalokket.no\/index.php\/om-klubben\/vart-styre\/#breadcrumb","itemListElement":[{"@type":"ListItem","position":1,"name":"Home","item":"https:\/\/bekkalokket.no\/"},{"@type":"ListItem","position":2,"name":"Om klubben","item":"https:\/\/bekkalokket.no\/index.php\/om-klubben\/"},{"@type":"ListItem","position":3,"name":"V\u00e5rt styre"}]},{"@type":"WebSite","@id":"https:\/\/bekkalokket.no\/#website","url":"https:\/\/bekkalokket.no\/","name":"Bekkalokket Fotoklubb","description":"En sosial og aktiv fotoklubb i Bergen","potentialAction":[{"@type":"SearchAction","target":{"@type":"EntryPoint","urlTemplate":"https:\/\/bekkalokket.no\/?s={search_term_string}"},"query-input":{"@type":"PropertyValueSpecification","valueRequired":true,"valueName":"search_term_string"}}],"inLanguage":"nb-NO"}]}},"_links":{"self":[{"href":"https:\/\/bekkalokket.no\/index.php\/wp-json\/wp\/v2\/pages\/174","targetHints":{"allow":["GET"]}}],"collection":[{"href":"https:\/\/bekkalokket.no\/index.php\/wp-json\/wp\/v2\/pages"}],"about":[{"href":"https:\/\/bekkalokket.no\/index.php\/wp-json\/wp\/v2\/types\/page"}],"author":[{"embeddable":true,"href":"https:\/\/bekkalokket.no\/index.php\/wp-json\/wp\/v2\/users\/1"}],"replies":[{"embeddable":true,"href":"https:\/\/bekkalokket.no\/index.php\/wp-json\/wp\/v2\/comments?post=174"}],"version-history":[{"count":20,"href":"https:\/\/bekkalokket.no\/index.php\/wp-json\/wp\/v2\/pages\/174\/revisions"}],"predecessor-version":[{"id":11094,"href":"https:\/\/bekkalokket.no\/index.php\/wp-json\/wp\/v2\/pages\/174\/revisions\/11094"}],"up":[{"embeddable":true,"href":"https:\/\/bekkalokket.no\/index.php\/wp-json\/wp\/v2\/pages\/16"}],"wp:attachment":[{"href":"https:\/\/bekkalokket.no\/index.php\/wp-json\/wp\/v2\/media?parent=174"}],"curies":[{"name":"wp","href":"https:\/\/api.w.org\/{rel}","templated":true}]}}