{"id":216,"date":"2018-06-07T21:24:34","date_gmt":"2018-06-07T19:24:34","guid":{"rendered":"http:\/\/wp.bekkalokket.com\/?page_id=216"},"modified":"2024-08-24T15:32:10","modified_gmt":"2024-08-24T13:32:10","slug":"1980-1989","status":"publish","type":"page","link":"https:\/\/bekkalokket.no\/index.php\/om-klubben\/1980-1989\/","title":{"rendered":"1980-1989"},"content":{"rendered":"<h1 style=\"text-align: center;\">V\u00e5r historie<\/h1>\n<h2 style=\"text-align: center;\">1980-1989<\/h2>\n<h2>Fra et m\u00f8te i 1980<\/h2>\n<p style=\"font-weight: 400; text-align: center;\"><img loading=\"lazy\" decoding=\"async\" class=\"alignnone size-full wp-image-41\" src=\"http:\/\/wp.bekkalokket.com\/wp-content\/uploads\/2018\/06\/omklubben_3.jpg\" alt=\"\" width=\"1416\" height=\"1042\" srcset=\"https:\/\/bekkalokket.no\/wp-content\/uploads\/2018\/06\/omklubben_3.jpg 1416w, https:\/\/bekkalokket.no\/wp-content\/uploads\/2018\/06\/omklubben_3-300x221.jpg 300w, https:\/\/bekkalokket.no\/wp-content\/uploads\/2018\/06\/omklubben_3-768x565.jpg 768w, https:\/\/bekkalokket.no\/wp-content\/uploads\/2018\/06\/omklubben_3-1024x754.jpg 1024w\" sizes=\"auto, (max-width: 1416px) 100vw, 1416px\" \/>Foran fra ventre: Torbj\u00f8rn Pedersen,\u00a0Gunstein Garmann,\u00a0Terje Bergesen,\u00a0Tor-Henning Olsen og Tina Charlotte Kastel<\/p>\n<p style=\"font-weight: 400; text-align: center;\">Bak fra venstre: Terje \u00d8en,\u00a0Arne Br\u00e6nd\u00f8,\u00a0Paul Lossius,\u00a0Jan Standal,\u00a0Knut Dalen og\u00a0Asbj\u00f8rn Halleraker<\/p>\n<p style=\"font-weight: 400;\">I 1982 hadde klubben sin f\u00f8rste virkelige utstilling i vinduene til Kreditkassen p\u00e5 Torgallmenningen. Klubbens logo er tegnet av Roald Synnev\u00e5g og ble tatt i bruk i 1982, tidligere var det brukt et bilde av et bekkalokk med et speilreflekskamera p\u00e5.<\/p>\n<table class=\" aligncenter\" style=\"font-weight: 400;\">\n<tbody>\n<tr>\n<td><img loading=\"lazy\" decoding=\"async\" class=\"alignnone size-full wp-image-42 aligncenter\" src=\"http:\/\/wp.bekkalokket.com\/wp-content\/uploads\/2018\/06\/omklubben_4.jpg\" alt=\"\" width=\"200\" height=\"198\" srcset=\"https:\/\/bekkalokket.no\/wp-content\/uploads\/2018\/06\/omklubben_4.jpg 200w, https:\/\/bekkalokket.no\/wp-content\/uploads\/2018\/06\/omklubben_4-150x150.jpg 150w\" sizes=\"auto, (max-width: 200px) 100vw, 200px\" \/><\/td>\n<td><img loading=\"lazy\" decoding=\"async\" class=\"alignnone size-full wp-image-43\" src=\"http:\/\/wp.bekkalokket.com\/wp-content\/uploads\/2018\/06\/omklubben_4b.png\" alt=\"\" width=\"200\" height=\"202\" \/><\/td>\n<\/tr>\n<\/tbody>\n<\/table>\n<p style=\"font-weight: 400; text-align: center;\">Lokalet i Manufakturhuset hadde klubben til 1983, da flyttet klubben til H\u00e5stein Skole p\u00e5 Laksev\u00e5g. Det var Willy Haraldsen som var v\u00e5r kontakt med skolen. Han var l\u00e6rer p\u00e5 skolen og bodde like ved. Det ble avholdt Ciba-chrome kurs p\u00e5 H\u00e5stein, og det var mange fargebilder som ble laget i m\u00f8rkerommet ved H\u00e5stein i denne perioden, til forskjellige utstillinger.<\/p>\n<p style=\"font-weight: 400; text-align: center;\"><img loading=\"lazy\" decoding=\"async\" class=\"alignnone size-full wp-image-44\" src=\"http:\/\/wp.bekkalokket.com\/wp-content\/uploads\/2018\/06\/omklubben_5.jpg\" alt=\"\" width=\"480\" height=\"270\" srcset=\"https:\/\/bekkalokket.no\/wp-content\/uploads\/2018\/06\/omklubben_5.jpg 480w, https:\/\/bekkalokket.no\/wp-content\/uploads\/2018\/06\/omklubben_5-300x169.jpg 300w\" sizes=\"auto, (max-width: 480px) 100vw, 480px\" \/><br \/>\nHer er stemningen h\u00f8y p\u00e5 en julefest i 1982<\/p>\n<p style=\"font-weight: 400; text-align: center;\">P\u00e5 H\u00e5stein var klubben til 1987, da flyttet klubben tilbake til sentrum, n\u00e6rmere bestemt i Cort Pilssmauet p\u00e5 Klosteret. Et flott og gammelt kjellerlokale med murhvelving og br\u00f8nn. Der gjorde mange av klubbens medlemmer en betydelig innsats med \u00e5 pusse opp lokalet, blant annet varmekabler i skifergulvet, bardisk, langbord, anretningsdisk, toalett, utstillingsvegger, dartskap, pokalskap, mm. Oppussingen var ferdig i mars 1987 og klubben feiret 10 \u00e5rs jubileum i nyoppusset lokale. Den \u00e5rlige julefesten ble en tradisjon i klubben, og det var virkelig sus over de festene som ble avholdt i kjelleren p\u00e5 Klosteret. Det var Lasse Kaltenborn som var klubbens kontakt med husverten, og det var han som hadde tilsynet med kjelleren. P\u00e5 Klosteret var klubben fram til 1998, da ville husverten ha kjelleren til eget bruk. Klubbens eiendeler, som var for store eller un\u00f8dvendig \u00e5 bruke i et nytt lokale, ble solgt eller lagret hjemme hos medlemmer.<br \/>\nI en kortere tid p\u00e5 slutten av 1998 hadde vi tilholdssted i Nordnes bydelshus p\u00e5 Klosteret, bare et steinkast fra klosterkjelleren. Dette lokalet ble bare et midlertidig oppholdssted. Vi fikk leie et koselig kjellerlokale i Lille \u00d8vregate, dessverre viste det seg at dette var for lite. V\u00e5ren 1999 ble vi forespurt av TNT foto om vi ville dele lokale sammen med Bergen Kamera Klubb. Dette gikk i orden, og klubben fikk m\u00f8telokale i 3 etasje i \u00d8stre Skostredet. Samboerskapet med BKK ble avsluttet i januar 2002, fordi v\u00e5r utleier avsluttet sin virksomhet, og fordi leien ble urimelig h\u00f8y.<br \/>\nKlubben flyttet da til Sandviksbodene i Bergen Kystlag sine lokaler i januar 2002. Disse lokalene viste seg \u00e5 v\u00e6re uegnet og veldig kalde, og h\u00f8sten 2002 flyttet klubben tilbake til Nordnes bydelshus p\u00e5 Klosteret.<\/p>\n<p style=\"font-weight: 400; text-align: center;\">Det har i mange \u00e5r v\u00e6rt diskusjon i styret om hvor mange medlemmer det kan v\u00e6re i klubben. De f\u00f8rste ti \u00e5rene m\u00e5tte et nytt potensielt medlem anbefales av et medlem. Vi ble oppfattet som en veldig lukket klubb, men dette ble det gradvis en bedring p\u00e5.<\/p>\n<p style=\"font-weight: 400; text-align: center;\">Det er flere grunner til at vi ikke hadde som m\u00e5l \u00e5 bli stor, det viktigste er det sosiale aspekt med at vi \u00f8nsket \u00e5 ta vare p\u00e5 nye medlemmer. Det har vi i stor grad klart og har v\u00e6rt et viktig tema ogs\u00e5 n\u00e5r vi kom over 50-60 medlemmer. Lokaliteter og en fornuftig gjennomf\u00f8ring av m\u00f8tene er ogs\u00e5 momenter som ble vurdert i forhold til \u00e5 holde medlemstallet p\u00e5 et fornuftig niv\u00e5.<\/p>\n<p style=\"font-weight: 400; text-align: center;\">Den f\u00f8rste tiden hadde ikke klubben egen lysbildeframviser. Terje \u00d8en fikk i 1981 fri kontingent som kompensasjon for \u00e5 ta med seg en lysbildefremviser p\u00e5 klubbm\u00f8tene.<br \/>\nI klubbens glanstid p\u00e5 H\u00e5stein Skole var det stor interesse for Ciba-chrome, som var en fremkallingsprosess fra dias til fargepapir. Det var en stund interesse for \u00e5 kj\u00f8pe en fremkallingsmaskin for denne ciba prosessen, men klubben hadde ikke r\u00e5d til et slikt innkj\u00f8p. De enkeltmedlemmene som drev aktivt med denne prosessen s\u00e5 seg heller ikke i stand til \u00e5 drifte og investere i denne maskinen. I 1988 fikk vi fra Motofoto et tilbud om \u00e5 overta en fremkallingsmaskin for papirbilder fra fargenegativfilm, men vi frafalt tilbudet fordi det var f\u00e5 av medlemmene som tok negativ fargefilm. Dessuten hadde klubben f\u00e5tt et problem med vedlikehold og drift av en slik maskin. Klubben gikk til anskaffelse av et overtoningsutstyr i 1991. Dette utstyret var brukt og det besto av to Kodak karuseller, en AV kassettspiller og en styringsenhet. Klubben kj\u00f8pte ogs\u00e5 et studioblitzanlegg.<\/p>\n<table class=\" aligncenter\" style=\"font-weight: 400;\">\n<tbody>\n<tr>\n<td><img loading=\"lazy\" decoding=\"async\" class=\"alignnone size-full wp-image-45\" src=\"http:\/\/wp.bekkalokket.com\/wp-content\/uploads\/2018\/06\/omklubben_6.jpg\" alt=\"\" width=\"254\" height=\"336\" srcset=\"https:\/\/bekkalokket.no\/wp-content\/uploads\/2018\/06\/omklubben_6.jpg 254w, https:\/\/bekkalokket.no\/wp-content\/uploads\/2018\/06\/omklubben_6-227x300.jpg 227w\" sizes=\"auto, (max-width: 254px) 100vw, 254px\" \/><\/td>\n<td>I august nummer av fototidsskriftet \u00abFotografi\u00bb i 1980 var klubben presentert, med flere av medlemmenes bilder og med en reportasje om klubben.<\/td>\n<\/tr>\n<\/tbody>\n<\/table>\n<p style=\"font-weight: 400; text-align: center;\">Klubben hadde i en \u00e5rrekke p\u00e5 80 tallet medlemsrabatt hos Enna Foto p\u00e5 V\u00e5gsallmenningen. 10 % p\u00e5 alt utstyr og 15 % p\u00e5 fremkalling og kopiering. Klubben fikk i 1981, i anledningen av at Nyg\u00e5rdsparken hadde 100 \u00e5rs jubileum, foresp\u00f8rsel fra Bergen kommune om \u00e5 arrangere en fotokonkurranse for barne- og ungdomsskolene i Bergen. Dessverre trakk kommunen seg fra dette prosjektet f\u00f8r det ble realisert. I 1979 startet klubben et prosjekt som ble kalt \u00abBergensserien\u00bb, dette ble aldri noen suksess i den form det var tiltenkt. S\u00e5 seint som i 1985 ble medlemmene oppfordret til \u00e5 ta bilder til denne billedserien. Det ble aldri noen \u00abBergensserie\u00bb, men under NSFF Landsm\u00f8te i 1989 som ble avholdt i Bergen, ble det laget en overtoningsserie med lyd. Landsm\u00f8tet i 1989 var et samarbeid mellom Bekkalokket FK, Bergen d\u00f8ves fotoklubb og Bergen Kamera Klubb. Medlemmene i de to klubbene leverte inn bilder og Odd Magne Johansen fra BKK og Roald Synnev\u00e5g satte sammen et lysbildeshow som var en suksess, og som ogs\u00e5 ble brukt i flere sammenhenger seinere. Klubben hadde i 1987 et prosjekt sammen med foreningen \u00abMental barnehjelp\u00bb. Det skulle bli en utstilling med tema \u00abBarns hverdag\u00bb, bildene ble innrammet og laget i tre eksemplarer. Tanken var at det skulle v\u00e6re en vandre utstilling. En av billedseriene henger p\u00e5 Barneklinikken i Bergen. Klubben arrangerte i 1989 og i 1991 \u00abBergensmeisterskapet\u00bb der Tor Henning og Roald var ansvarlige for gjennomf\u00f8ringen.<\/p>\n<p style=\"font-weight: 400; text-align: center;\">\u201dV\u00e5g\u00e5treffet\u201d har i mange \u00e5r v\u00e6rt et begrep og en del av klubbens kultur. F\u00f8rste gang vi deltok var i 1984 og det var ikke uvanlig at vi kj\u00f8rte tre fulle biler oppover mot V\u00e5g\u00e5. En 7 timers kj\u00f8retur pluss innlagte fotostopp p\u00e5 veien, for \u00e5 treffe likesinnede. Rolf Morten Olsen har faktisk v\u00e6rt p\u00e5 alle treffene fra 1984 til 2001 og i 2003. Under et jubileumstreff overrakte vi et Bekkalokk til lederen i V\u00e5g\u00e5 KK.<\/p>\n<p style=\"font-weight: 400; text-align: center;\">For \u00e5 ta vare p\u00e5 \u201dfestmedlemmene\u201d, de som bare viser seg p\u00e5 festlige aktiviteter men f\u00f8ler en sterk tilknytning til klubben, innf\u00f8rte vi i 1984 muligheten til \u00e5 ha \u201dPassivt medlemskap\u201d. De betaler halv kontingent, og har en del begrensninger i tilbudet. De blir blant annet ikke innmeldt i NSFF og kan heller ikke delta i konkurransene i klubben. Noen passive mister vi underveis, mens andre er bare passive i en periode p\u00e5 grunn av reiser og jobbing eller av mer famili\u00e6re grunner.<\/p>\n<p style=\"font-weight: 400; text-align: center;\">Klubben hadde stor utstilling med 45 bilder i Galleri Vest i Vestlandsbanken fra 4. februar til 1. mars 1985. Stor furore vakte det n\u00e5r bankens mann refuserte et bilde til Grete Belinda av noen nakne menn plassert i sv\u00f8mmebasseng. \u201dDet kunne st\u00f8te bankens kunder\u201d<\/p>\n<p style=\"font-weight: 400; text-align: center;\">Det som skulle bli en \u201dPhotoseafari\u201d i den Bergenske skj\u00e6rg\u00e5rd med bokb\u00e5ten Epos i mai 1986, ble en heller regnfull opplevelse. Det har vel aldri regnet s\u00e5 mye p\u00e5 en maidag f\u00f8r, men vi overlevde med god mat og drikke. Dette \u00e5ret fikk klubbens medlemmer en unik mulighet, ved hjelp av gode kontakter, til \u00e5 fotografere inne p\u00e5 Akvariet etter stengetid. Klubbens fotografiske aktivitet i 1986-1987 var preget av at vi jobbet med oppussing av det nye klubblokalet p\u00e5 Klosteret.<\/p>\n<p style=\"font-weight: 400; text-align: center;\">I 1987 ble det f\u00f8rste gang formelt valgt Festkomit\u00e9, valgkomit\u00e9 og revisor. I 1988 ble nok en komit\u00e9 opprettet, denne gang for \u00e5 holde styr p\u00e5 klubbens konkurranseaktivitet, som etter hvert var blitt stor.<\/p>\n<p style=\"font-weight: 400; text-align: center;\">I 1987 ble Lars Kaltenborn utnevnt til den f\u00f8rste \u00abKjellermester\u00bb, en veldig viktig funksjon p\u00e5 klubbm\u00f8tene for at det skapes trivsel. Kjellermester skal holde orden i lokalet og s\u00f8rge for at alt n\u00f8dvendig utstyr og forfriskninger er tilstede under m\u00f8tene. For \u00f8vrig fikk Rolf Morten Olsen i 2000 \u201dSt\u00e5 p\u00e5 prisen\u201d for mange \u00e5r som Kjellermester.<\/p>\n<p style=\"font-weight: 400; text-align: center;\">Et mye omtalt arrangement, \u201dbad taste party\u201d, ble holdt i mars 1989. Selv innbydelsen var av det heslige slaget. Gul velkomstdrink ble servert fra herrebekken, og desserten var gele servert i fremkallersk\u00e5ler med bilde av lederen. For n\u00e6rmere detaljer, kontakt Terje Bergesen. En uforglemmelig aften.<\/p>\n<p style=\"font-weight: 400; text-align: center;\">Klubben hadde mye kontakt med Kvam Fotoklubb i \u00d8ystese p\u00e5 80 og tidlig 90 tallet og vi reiste inn til \u00d8ystese for \u00e5 fotografere sammen med medlemmer fra Kvam i 1989 og 1990. Omtale om bes\u00f8ket i 1990 ble trykket i avisen Hordaland.<\/p>\n<p style=\"font-weight: 400; text-align: center;\">\u00c5sne Digranes, som har jobbet ved Billedsamlingen til Universitetet i Bergen, har ved flere anledninger holdt foredrag i klubben, med et historisk perspektiv. F\u00f8rste gang i 1989 med tema portrettfoto.<\/p>\n<p style=\"font-weight: 400; text-align: center;\">Vi hadde stor utstilling i 1991 med 60 bilder i 5 etasje i kj\u00f8pesenteret Galleriet sammen med Bergen Kameraklubb og D\u00f8ves Fotoklubb. I 1992 var klubben 15 \u00e5r, og en stilfull jubileumsfest ble arrangert i lokalene til Laksev\u00e5g Bueskytterkorps, med mange inviterte tidligere medlemmer. Jubileumsutstilling hadde klubben i \u00c5sane Kultursenter, Oasen Kj\u00f8pesenter og L\u00e6rerh\u00f8yskolen p\u00e5 Land\u00e5s.<\/p>\n<p style=\"font-weight: 400; text-align: center;\">For \u00e5 f\u00e5 inntekter til klubben var det i flere \u00e5r vanlig med loddsalg til jul og til 17.mai. Dette var et lite popul\u00e6rt foretak blant medlemmene, selv om det gav oss kj\u00e6rkomne inntekter. Vi fikk tilbud om \u00e5 v\u00e6re arrang\u00f8r for La Plaza Bingo i sentrum. Vi stod som arrang\u00f8r i navnet og m\u00e5tte v\u00e6re fysisk tilstede i \u00e5pningstiden, der v\u00e5re medlemmer gikk bingovakter. Dette var et lukrativt foretakende som vi hadde i 1993 og i 1994, og som gav oss inntekter p\u00e5 til sammen nesten 34.000,-.<\/p>\n<p style=\"font-weight: 400; text-align: center;\"><em>Revidert 19.02.2017 av Roald Synnev\u00e5g<\/em><\/p>\n<h3 style=\"text-align: center;\"><a href=\"https:\/\/bekkalokket.no\/index.php\/om-klubben\/1977-1999\/\"><strong>1977-1979<\/strong><\/a><\/h3>\n<h3 style=\"text-align: center;\"><strong>1980-1989<\/strong><\/h3>\n<h3 style=\"text-align: center;\"><a href=\"https:\/\/bekkalokket.no\/index.php\/om-klubben\/1990-1999\/\"><strong>1990-1999<\/strong><\/a><\/h3>\n<h3 style=\"text-align: center;\"><a href=\"https:\/\/bekkalokket.no\/index.php\/om-klubben\/2000-2\/\"><strong>2000-2009<\/strong><\/a><\/h3>\n<h3 style=\"text-align: center;\"><a href=\"https:\/\/bekkalokket.no\/index.php\/om-klubben\/225-2\/\"><strong>2010-d.d<\/strong><\/a><\/h3>\n","protected":false},"excerpt":{"rendered":"<p>V\u00e5r historie 1980-1989 Fra et m\u00f8te i 1980 Foran fra ventre: Torbj\u00f8rn Pedersen,\u00a0Gunstein Garmann,\u00a0Terje Bergesen,\u00a0Tor-Henning Olsen og Tina Charlotte Kastel Bak fra venstre: Terje \u00d8en,\u00a0Arne Br\u00e6nd\u00f8,\u00a0Paul Lossius,\u00a0Jan Standal,\u00a0Knut Dalen og\u00a0Asbj\u00f8rn Halleraker I 1982 hadde&#46;&#46;&#46;<\/p>\n","protected":false},"author":5,"featured_media":0,"parent":16,"menu_order":0,"comment_status":"closed","ping_status":"closed","template":"","meta":{"footnotes":""},"class_list":["post-216","page","type-page","status-publish","hentry"],"yoast_head":"<!-- This site is optimized with the Yoast SEO plugin v27.5 - https:\/\/yoast.com\/product\/yoast-seo-wordpress\/ -->\n<title>1980-1989 - Bekkalokket Fotoklubb<\/title>\n<meta name=\"robots\" content=\"index, follow, max-snippet:-1, max-image-preview:large, max-video-preview:-1\" \/>\n<link rel=\"canonical\" href=\"https:\/\/bekkalokket.no\/index.php\/om-klubben\/1980-1989\/\" \/>\n<meta property=\"og:locale\" content=\"nb_NO\" \/>\n<meta property=\"og:type\" content=\"article\" \/>\n<meta property=\"og:title\" content=\"1980-1989 - Bekkalokket Fotoklubb\" \/>\n<meta property=\"og:description\" content=\"V\u00e5r historie 1980-1989 Fra et m\u00f8te i 1980 Foran fra ventre: Torbj\u00f8rn Pedersen,\u00a0Gunstein Garmann,\u00a0Terje Bergesen,\u00a0Tor-Henning Olsen og Tina Charlotte Kastel Bak fra venstre: Terje \u00d8en,\u00a0Arne Br\u00e6nd\u00f8,\u00a0Paul Lossius,\u00a0Jan Standal,\u00a0Knut Dalen og\u00a0Asbj\u00f8rn Halleraker I 1982 hadde&#046;&#046;&#046;\" \/>\n<meta property=\"og:url\" content=\"https:\/\/bekkalokket.no\/index.php\/om-klubben\/1980-1989\/\" \/>\n<meta property=\"og:site_name\" content=\"Bekkalokket Fotoklubb\" \/>\n<meta property=\"article:modified_time\" content=\"2024-08-24T13:32:10+00:00\" \/>\n<meta property=\"og:image\" content=\"http:\/\/wp.bekkalokket.com\/wp-content\/uploads\/2018\/06\/omklubben_3.jpg\" \/>\n<meta name=\"twitter:card\" content=\"summary_large_image\" \/>\n<meta name=\"twitter:label1\" content=\"Ansl. lesetid\" \/>\n\t<meta name=\"twitter:data1\" content=\"10 minutter\" \/>\n<script type=\"application\/ld+json\" class=\"yoast-schema-graph\">{\"@context\":\"https:\\\/\\\/schema.org\",\"@graph\":[{\"@type\":\"WebPage\",\"@id\":\"https:\\\/\\\/bekkalokket.no\\\/index.php\\\/om-klubben\\\/1980-1989\\\/\",\"url\":\"https:\\\/\\\/bekkalokket.no\\\/index.php\\\/om-klubben\\\/1980-1989\\\/\",\"name\":\"1980-1989 - Bekkalokket Fotoklubb\",\"isPartOf\":{\"@id\":\"https:\\\/\\\/bekkalokket.no\\\/#website\"},\"primaryImageOfPage\":{\"@id\":\"https:\\\/\\\/bekkalokket.no\\\/index.php\\\/om-klubben\\\/1980-1989\\\/#primaryimage\"},\"image\":{\"@id\":\"https:\\\/\\\/bekkalokket.no\\\/index.php\\\/om-klubben\\\/1980-1989\\\/#primaryimage\"},\"thumbnailUrl\":\"http:\\\/\\\/wp.bekkalokket.com\\\/wp-content\\\/uploads\\\/2018\\\/06\\\/omklubben_3.jpg\",\"datePublished\":\"2018-06-07T19:24:34+00:00\",\"dateModified\":\"2024-08-24T13:32:10+00:00\",\"breadcrumb\":{\"@id\":\"https:\\\/\\\/bekkalokket.no\\\/index.php\\\/om-klubben\\\/1980-1989\\\/#breadcrumb\"},\"inLanguage\":\"nb-NO\",\"potentialAction\":[{\"@type\":\"ReadAction\",\"target\":[\"https:\\\/\\\/bekkalokket.no\\\/index.php\\\/om-klubben\\\/1980-1989\\\/\"]}]},{\"@type\":\"ImageObject\",\"inLanguage\":\"nb-NO\",\"@id\":\"https:\\\/\\\/bekkalokket.no\\\/index.php\\\/om-klubben\\\/1980-1989\\\/#primaryimage\",\"url\":\"http:\\\/\\\/wp.bekkalokket.com\\\/wp-content\\\/uploads\\\/2018\\\/06\\\/omklubben_3.jpg\",\"contentUrl\":\"http:\\\/\\\/wp.bekkalokket.com\\\/wp-content\\\/uploads\\\/2018\\\/06\\\/omklubben_3.jpg\"},{\"@type\":\"BreadcrumbList\",\"@id\":\"https:\\\/\\\/bekkalokket.no\\\/index.php\\\/om-klubben\\\/1980-1989\\\/#breadcrumb\",\"itemListElement\":[{\"@type\":\"ListItem\",\"position\":1,\"name\":\"Home\",\"item\":\"https:\\\/\\\/bekkalokket.no\\\/\"},{\"@type\":\"ListItem\",\"position\":2,\"name\":\"Om klubben\",\"item\":\"https:\\\/\\\/bekkalokket.no\\\/index.php\\\/om-klubben\\\/\"},{\"@type\":\"ListItem\",\"position\":3,\"name\":\"1980-1989\"}]},{\"@type\":\"WebSite\",\"@id\":\"https:\\\/\\\/bekkalokket.no\\\/#website\",\"url\":\"https:\\\/\\\/bekkalokket.no\\\/\",\"name\":\"Bekkalokket Fotoklubb\",\"description\":\"En sosial og aktiv fotoklubb i Bergen\",\"potentialAction\":[{\"@type\":\"SearchAction\",\"target\":{\"@type\":\"EntryPoint\",\"urlTemplate\":\"https:\\\/\\\/bekkalokket.no\\\/?s={search_term_string}\"},\"query-input\":{\"@type\":\"PropertyValueSpecification\",\"valueRequired\":true,\"valueName\":\"search_term_string\"}}],\"inLanguage\":\"nb-NO\"}]}<\/script>\n<!-- \/ Yoast SEO plugin. -->","yoast_head_json":{"title":"1980-1989 - Bekkalokket Fotoklubb","robots":{"index":"index","follow":"follow","max-snippet":"max-snippet:-1","max-image-preview":"max-image-preview:large","max-video-preview":"max-video-preview:-1"},"canonical":"https:\/\/bekkalokket.no\/index.php\/om-klubben\/1980-1989\/","og_locale":"nb_NO","og_type":"article","og_title":"1980-1989 - Bekkalokket Fotoklubb","og_description":"V\u00e5r historie 1980-1989 Fra et m\u00f8te i 1980 Foran fra ventre: Torbj\u00f8rn Pedersen,\u00a0Gunstein Garmann,\u00a0Terje Bergesen,\u00a0Tor-Henning Olsen og Tina Charlotte Kastel Bak fra venstre: Terje \u00d8en,\u00a0Arne Br\u00e6nd\u00f8,\u00a0Paul Lossius,\u00a0Jan Standal,\u00a0Knut Dalen og\u00a0Asbj\u00f8rn Halleraker I 1982 hadde&#46;&#46;&#46;","og_url":"https:\/\/bekkalokket.no\/index.php\/om-klubben\/1980-1989\/","og_site_name":"Bekkalokket Fotoklubb","article_modified_time":"2024-08-24T13:32:10+00:00","og_image":[{"url":"http:\/\/wp.bekkalokket.com\/wp-content\/uploads\/2018\/06\/omklubben_3.jpg","type":"","width":"","height":""}],"twitter_card":"summary_large_image","twitter_misc":{"Ansl. lesetid":"10 minutter"},"schema":{"@context":"https:\/\/schema.org","@graph":[{"@type":"WebPage","@id":"https:\/\/bekkalokket.no\/index.php\/om-klubben\/1980-1989\/","url":"https:\/\/bekkalokket.no\/index.php\/om-klubben\/1980-1989\/","name":"1980-1989 - Bekkalokket Fotoklubb","isPartOf":{"@id":"https:\/\/bekkalokket.no\/#website"},"primaryImageOfPage":{"@id":"https:\/\/bekkalokket.no\/index.php\/om-klubben\/1980-1989\/#primaryimage"},"image":{"@id":"https:\/\/bekkalokket.no\/index.php\/om-klubben\/1980-1989\/#primaryimage"},"thumbnailUrl":"http:\/\/wp.bekkalokket.com\/wp-content\/uploads\/2018\/06\/omklubben_3.jpg","datePublished":"2018-06-07T19:24:34+00:00","dateModified":"2024-08-24T13:32:10+00:00","breadcrumb":{"@id":"https:\/\/bekkalokket.no\/index.php\/om-klubben\/1980-1989\/#breadcrumb"},"inLanguage":"nb-NO","potentialAction":[{"@type":"ReadAction","target":["https:\/\/bekkalokket.no\/index.php\/om-klubben\/1980-1989\/"]}]},{"@type":"ImageObject","inLanguage":"nb-NO","@id":"https:\/\/bekkalokket.no\/index.php\/om-klubben\/1980-1989\/#primaryimage","url":"http:\/\/wp.bekkalokket.com\/wp-content\/uploads\/2018\/06\/omklubben_3.jpg","contentUrl":"http:\/\/wp.bekkalokket.com\/wp-content\/uploads\/2018\/06\/omklubben_3.jpg"},{"@type":"BreadcrumbList","@id":"https:\/\/bekkalokket.no\/index.php\/om-klubben\/1980-1989\/#breadcrumb","itemListElement":[{"@type":"ListItem","position":1,"name":"Home","item":"https:\/\/bekkalokket.no\/"},{"@type":"ListItem","position":2,"name":"Om klubben","item":"https:\/\/bekkalokket.no\/index.php\/om-klubben\/"},{"@type":"ListItem","position":3,"name":"1980-1989"}]},{"@type":"WebSite","@id":"https:\/\/bekkalokket.no\/#website","url":"https:\/\/bekkalokket.no\/","name":"Bekkalokket Fotoklubb","description":"En sosial og aktiv fotoklubb i Bergen","potentialAction":[{"@type":"SearchAction","target":{"@type":"EntryPoint","urlTemplate":"https:\/\/bekkalokket.no\/?s={search_term_string}"},"query-input":{"@type":"PropertyValueSpecification","valueRequired":true,"valueName":"search_term_string"}}],"inLanguage":"nb-NO"}]}},"_links":{"self":[{"href":"https:\/\/bekkalokket.no\/index.php\/wp-json\/wp\/v2\/pages\/216","targetHints":{"allow":["GET"]}}],"collection":[{"href":"https:\/\/bekkalokket.no\/index.php\/wp-json\/wp\/v2\/pages"}],"about":[{"href":"https:\/\/bekkalokket.no\/index.php\/wp-json\/wp\/v2\/types\/page"}],"author":[{"embeddable":true,"href":"https:\/\/bekkalokket.no\/index.php\/wp-json\/wp\/v2\/users\/5"}],"replies":[{"embeddable":true,"href":"https:\/\/bekkalokket.no\/index.php\/wp-json\/wp\/v2\/comments?post=216"}],"version-history":[{"count":8,"href":"https:\/\/bekkalokket.no\/index.php\/wp-json\/wp\/v2\/pages\/216\/revisions"}],"predecessor-version":[{"id":9086,"href":"https:\/\/bekkalokket.no\/index.php\/wp-json\/wp\/v2\/pages\/216\/revisions\/9086"}],"up":[{"embeddable":true,"href":"https:\/\/bekkalokket.no\/index.php\/wp-json\/wp\/v2\/pages\/16"}],"wp:attachment":[{"href":"https:\/\/bekkalokket.no\/index.php\/wp-json\/wp\/v2\/media?parent=216"}],"curies":[{"name":"wp","href":"https:\/\/api.w.org\/{rel}","templated":true}]}}