{"id":2233,"date":"2019-07-04T21:35:18","date_gmt":"2019-07-04T19:35:18","guid":{"rendered":"https:\/\/bekkalokket.no\/?page_id=2233"},"modified":"2025-12-10T16:01:57","modified_gmt":"2025-12-10T14:01:57","slug":"premieoversikt-klubbkonkurransen","status":"publish","type":"page","link":"https:\/\/bekkalokket.no\/index.php\/premieoversikt-klubbkonkurransen\/","title":{"rendered":"Premieoversikt klubbkonkurransen"},"content":{"rendered":"\n<p>V\u00e6r obs p\u00e5 at klubbpoeng ogs\u00e5 inneholder poeng som autor har f\u00e5tt for premier i NM. <\/p>\n\n\n\n<figure class=\"wp-block-table\"><table class=\"has-fixed-layout\"><tbody><tr><td><a><strong>Autor<\/strong><\/a><strong><\/strong><\/td><td><strong>Klubbpoeng<\/strong><\/td><td><strong>Gullmedaljer<\/strong><\/td><td><strong>S\u00f8lvmedaljer<\/strong><\/td><td><strong>Bronsemedaljer<\/strong><\/td><td><strong>Hederlig omtale<\/strong><\/td><td><strong>Antatte<\/strong><\/td><\/tr><tr><td>Roald Synnev\u00e5g<\/td><td>1888<\/td><td>46<\/td><td>41<\/td><td>63<\/td><td>27<\/td><td>208<\/td><\/tr><tr><td>Audun Nygaard<\/td><td>1052<\/td><td>20<\/td><td>30<\/td><td>46<\/td><td>13<\/td><td>110<\/td><\/tr><tr><td>Kari Mikalsen<\/td><td>747<\/td><td>16<\/td><td>18<\/td><td>24<\/td><td>10<\/td><td>70<\/td><\/tr><tr><td>Tor-Henning Olsen<\/td><td>702<\/td><td>20<\/td><td>26<\/td><td>22<\/td><td>13<\/td><td>79<\/td><\/tr><tr><td>Arne Bergo<\/td><td>597<\/td><td>5<\/td><td>12<\/td><td>21<\/td><td>13<\/td><td>101<\/td><\/tr><tr><td>Morten Tellefsen<\/td><td>486<\/td><td>9<\/td><td>17<\/td><td>4<\/td><td>26<\/td><td>45<\/td><\/tr><tr><td>Jan Standal<\/td><td>483<\/td><td>8<\/td><td>9<\/td><td>19<\/td><td>8<\/td><td>73<\/td><\/tr><tr><td>Kristin Risa<\/td><td>456<\/td><td>2<\/td><td>8<\/td><td>14<\/td><td>13<\/td><td>39<\/td><\/tr><tr><td>Gunnar Bye<\/td><td>369<\/td><td>5<\/td><td>10<\/td><td>9<\/td><td>22<\/td><td>28<\/td><\/tr><tr><td>Jim Hansen<\/td><td>354<\/td><td>6<\/td><td>14<\/td><td>8<\/td><td>3<\/td><td>60<\/td><\/tr><tr><td>Tom Jarane<\/td><td>350<\/td><td>4<\/td><td>10<\/td><td>8<\/td><td>4<\/td><td>76<\/td><\/tr><tr><td>Asbj\u00f8rn M Olsen<\/td><td>347<\/td><td>10<\/td><td>6<\/td><td>6<\/td><td>16<\/td><td>40<\/td><\/tr><tr><td>Espen Lossius<\/td><td>335<\/td><td>8<\/td><td>9<\/td><td>7<\/td><td>19<\/td><td>35<\/td><\/tr><tr><td>Irene Osberg<\/td><td>331<\/td><td>3<\/td><td>7<\/td><td>9<\/td><td><\/td><td>28<\/td><\/tr><tr><td>John Vint<\/td><td>305<\/td><td>1<\/td><td>3<\/td><td>8<\/td><td>9<\/td><td>71<\/td><\/tr><tr><td>Eli S\u00f8rensen<\/td><td>271<\/td><td>4<\/td><td>6<\/td><td>7<\/td><td>9<\/td><td>50<\/td><\/tr><tr><td>Bj\u00f8rn Reidar Olsson<\/td><td>231<\/td><td>2<\/td><td>6<\/td><td>4<\/td><td>8<\/td><td>46<\/td><\/tr><tr><td>Bente Nedreb\u00f8<\/td><td>229<\/td><td>2<\/td><td>4<\/td><td>2<\/td><td>5<\/td><td>45<\/td><\/tr><tr><td>Astrid Bergo<\/td><td>204<\/td><td>1<\/td><td>5<\/td><td>8<\/td><td>4<\/td><td>31<\/td><\/tr><tr><td>Kjell Eirik Irgens Henanger<\/td><td>201<\/td><td>2<\/td><td>3<\/td><td>1<\/td><td>6<\/td><td>21<\/td><\/tr><tr><td>Arne Skinlo<\/td><td>180<\/td><td>5<\/td><td>2<\/td><td>2<\/td><td>8<\/td><td>16<\/td><\/tr><tr><td>Vibeke Seldal<\/td><td>179<\/td><td>3<\/td><td>1<\/td><td>6<\/td><td>3<\/td><td>31<\/td><\/tr><tr><td>Magne Haveraaen<\/td><td>164<\/td><td>2<\/td><td>5<\/td><td>9<\/td><td>1<\/td><td>13<\/td><\/tr><tr><td>Merja Olsson<\/td><td>150<\/td><td>2<\/td><td>1<\/td><td>4<\/td><td>12<\/td><td>29<\/td><\/tr><tr><td>Endre M Lidal<\/td><td>143<\/td><td>1<\/td><td>2<\/td><td>8<\/td><td>9<\/td><td>20<\/td><\/tr><tr><td>Roy Birger Nilsen<\/td><td>140<\/td><td>5<\/td><td>6<\/td><td>4<\/td><td><\/td><td>11<\/td><\/tr><tr><td>Annie Elisabeth Bj\u00f8rklund<\/td><td>137<\/td><td>4<\/td><td>2<\/td><td>2<\/td><td>1<\/td><td>28<\/td><\/tr><tr><td>Oddhild Lien<\/td><td>136<\/td><td>1<\/td><td>4<\/td><td>2<\/td><td>3<\/td><td>30<\/td><\/tr><tr><td>Einar Helge Osland<\/td><td>126<\/td><td>1<\/td><td>3<\/td><td>3<\/td><td><\/td><td>24<\/td><\/tr><tr><td>Knut Henrik Andersen<\/td><td>112<\/td><td>2<\/td><td>1<\/td><td>6<\/td><td>5<\/td><td>27<\/td><\/tr><tr><td>Tine-Irlin Dahl Andersen<\/td><td>105<\/td><td>3<\/td><td>4<\/td><td>1<\/td><td><\/td><td>13<\/td><\/tr><tr><td>Lars Sveen<\/td><td>100<\/td><td>1<\/td><td>4<\/td><td>1<\/td><td>5<\/td><td>19<\/td><\/tr><tr><td>Fredrick Thorsen<\/td><td>97<\/td><td>1<\/td><td>4<\/td><td>3<\/td><td>7<\/td><td>13<\/td><\/tr><tr><td>Frid Ellingsen<\/td><td>96<\/td><td><\/td><td><\/td><td>2<\/td><td>3<\/td><td>18<\/td><\/tr><tr><td>Henning Rasmussen<\/td><td>91<\/td><td><\/td><td>2<\/td><td>3<\/td><td><\/td><td>17<\/td><\/tr><tr><td>Janne Lie<\/td><td>90<\/td><td>3<\/td><td>2<\/td><td>2<\/td><td><\/td><td>12<\/td><\/tr><tr><td>Terje Bergesen<\/td><td>84<\/td><td>2<\/td><td>4<\/td><td>2<\/td><td><\/td><td>14<\/td><\/tr><tr><td>Geir Brekke<\/td><td>73<\/td><td>3<\/td><td><\/td><td>3<\/td><td><\/td><td>5<\/td><\/tr><tr><td>Arne Vetaas<\/td><td>70<\/td><td>1<\/td><td>1<\/td><td><\/td><td><\/td><td>8<\/td><\/tr><tr><td>Eli Johanne Stene<\/td><td>68<\/td><td><\/td><td>2<\/td><td>2<\/td><td>9<\/td><td>13<\/td><\/tr><tr><td>Siv-Anne Skogen<\/td><td>61<\/td><td><\/td><td>2<\/td><td>2<\/td><td><\/td><td>18<\/td><\/tr><tr><td>Jarle Westervik<\/td><td>58<\/td><td>4<\/td><td>2<\/td><td>2<\/td><td><\/td><td>21<\/td><\/tr><tr><td>Elisabeth Skogseth<\/td><td>52<\/td><td><\/td><td>2<\/td><td>2<\/td><td>4<\/td><td>7<\/td><\/tr><tr><td>Johan Odvar Odfjell<\/td><td>51<\/td><td>1<\/td><td>2<\/td><td><\/td><td><\/td><td>5<\/td><\/tr><tr><td>Jannice B\u00e5rtvedt<\/td><td>51<\/td><td>2<\/td><td><\/td><td><\/td><td><\/td><td>19<\/td><\/tr><tr><td>Rolf Morten Olsen<\/td><td>39<\/td><td>1<\/td><td><\/td><td>1<\/td><td>1<\/td><td>8<\/td><\/tr><tr><td>Marit O. Fagerheim<\/td><td>39<\/td><td><\/td><td><\/td><td>2<\/td><td><\/td><td>10<\/td><\/tr><tr><td>Stig Sverre Haraldsen<\/td><td>36<\/td><td>1<\/td><td><\/td><td>3<\/td><td>2<\/td><td>6<\/td><\/tr><tr><td>Inge Solfjell<\/td><td>34<\/td><td>1<\/td><td><\/td><td><\/td><td>1<\/td><td>9<\/td><\/tr><tr><td>Kenneth Mula<\/td><td>33<\/td><td><\/td><td>2<\/td><td>2<\/td><td><\/td><td>3<\/td><\/tr><tr><td>Eva Virkesdal Eidsheim<\/td><td>30<\/td><td><\/td><td><\/td><td><\/td><td>2<\/td><td>10<\/td><\/tr><tr><td>Anders Fotland<\/td><td>30<\/td><td><\/td><td><\/td><td>3<\/td><td>2<\/td><td>6<\/td><\/tr><tr><td>Dag Magne Ulvang<\/td><td>28<\/td><td><\/td><td><\/td><td><\/td><td>2<\/td><td>4<\/td><\/tr><tr><td>Honoria Bjerknes Hamre<\/td><td>27<\/td><td><\/td><td>1<\/td><td>1<\/td><td><\/td><td>5<\/td><\/tr><tr><td>Enrico Curti<\/td><td>24<\/td><td>1<\/td><td><\/td><td>1<\/td><td>1<\/td><td>1<\/td><\/tr><tr><td>Enara Barn\u00e9s Larrukert<\/td><td>24<\/td><td>1<\/td><td><\/td><td><\/td><td>2<\/td><td>6<\/td><\/tr><tr><td>Terje Kolbeinsen<\/td><td>20<\/td><td><\/td><td><\/td><td>2<\/td><td>1<\/td><td>12<\/td><\/tr><tr><td>Per Arne Arntsen<\/td><td>19<\/td><td><\/td><td><\/td><td>1<\/td><td>3<\/td><td>4<\/td><\/tr><tr><td>Ralf Kellmann<\/td><td>15<\/td><td>1<\/td><td><\/td><td><\/td><td><\/td><td>4<\/td><\/tr><tr><td>Terje Tollefsen<\/td><td>14<\/td><td><\/td><td><\/td><td>1<\/td><td><\/td><td>3<\/td><\/tr><tr><td>Willy Samuelsen<\/td><td>11<\/td><td><\/td><td><\/td><td><\/td><td>2<\/td><td>1<\/td><\/tr><tr><td>Harald Dalseth<\/td><td>11<\/td><td><\/td><td><\/td><td>1<\/td><td>1<\/td><td>1<\/td><\/tr><tr><td>Knut Dalen<\/td><td>9<\/td><td><\/td><td>1<\/td><td><\/td><td><\/td><td>1<\/td><\/tr><tr><td>Terje Rasmussen<\/td><td>9<\/td><td><\/td><td><\/td><td>2<\/td><td><\/td><td>2<\/td><\/tr><tr><td>Helge Fagerlie Nilsen<\/td><td>9<\/td><td><\/td><td><\/td><td><\/td><td>1<\/td><td>1<\/td><\/tr><tr><td>Einar Kvalheim<\/td><td>8<\/td><td><\/td><td>1<\/td><td><\/td><td><\/td><td><\/td><\/tr><tr><td>Inga Tveito<\/td><td>8<\/td><td>1<\/td><td><\/td><td><\/td><td><\/td><td>1<\/td><\/tr><tr><td>Roar Iversen<\/td><td>7<\/td><td><\/td><td><\/td><td><\/td><td>1<\/td><td>3<\/td><\/tr><tr><td>Kirsten Boye S\u00e6tre<\/td><td>6<\/td><td><\/td><td><\/td><td><\/td><td>1<\/td><td>1<\/td><\/tr><tr><td>Jone Haakonseth<\/td><td>6<\/td><td><\/td><td><\/td><td><\/td><td>2<\/td><td>2<\/td><\/tr><tr><td>Jan \u00c5gotnes<\/td><td>5<\/td><td><\/td><td>1<\/td><td><\/td><td><\/td><td><\/td><\/tr><tr><td>Torunn Bj\u00f8reid<\/td><td>5<\/td><td><\/td><td><\/td><td><\/td><td><\/td><td>1<\/td><\/tr><tr><td>Terje \u00d8en<\/td><td>5<\/td><td><\/td><td><\/td><td><\/td><td><\/td><td>3<\/td><\/tr><tr><td>Grethe Jorunn Sunnarvik<\/td><td>5<\/td><td><\/td><td><\/td><td>1<\/td><td><\/td><td>2<\/td><\/tr><tr><td>Inger Postvoll<\/td><td>2<\/td><td><\/td><td><\/td><td><\/td><td><\/td><td>2<\/td><\/tr><tr><td>Bente Algr\u00f8y<\/td><td>2<\/td><td><\/td><td><\/td><td><\/td><td><\/td><td>2<\/td><\/tr><tr><td>Andreas Brandenborg Lyshaugen<\/td><td>2<\/td><td><\/td><td><\/td><td><\/td><td><\/td><td>2<\/td><\/tr><tr><td>Svein Ove B\u00f8e<\/td><td>1<\/td><td><\/td><td><\/td><td><\/td><td><\/td><td>1<\/td><\/tr><\/tbody><\/table><\/figure>\n\n\n\n<p class=\"has-text-align-right\"><em>Oppdatert desember 202<\/em>5<\/p>\n\n\n\n<p><\/p>\n","protected":false},"excerpt":{"rendered":"<p>V\u00e6r obs p\u00e5 at klubbpoeng ogs\u00e5 inneholder poeng som autor har f\u00e5tt for premier i NM. Autor Klubbpoeng Gullmedaljer S\u00f8lvmedaljer Bronsemedaljer Hederlig omtale Antatte Roald Synnev\u00e5g 1888 46 41 63 27 208 Audun Nygaard&#46;&#46;&#46;<\/p>\n","protected":false},"author":2,"featured_media":0,"parent":0,"menu_order":0,"comment_status":"closed","ping_status":"closed","template":"","meta":{"footnotes":""},"class_list":["post-2233","page","type-page","status-publish","hentry"],"yoast_head":"<!-- This site is optimized with the Yoast SEO plugin v27.6 - https:\/\/yoast.com\/product\/yoast-seo-wordpress\/ -->\n<title>Premieoversikt klubbkonkurransen - Bekkalokket Fotoklubb<\/title>\n<meta name=\"robots\" content=\"index, follow, max-snippet:-1, max-image-preview:large, max-video-preview:-1\" \/>\n<link rel=\"canonical\" href=\"https:\/\/bekkalokket.no\/index.php\/premieoversikt-klubbkonkurransen\/\" \/>\n<meta property=\"og:locale\" content=\"nb_NO\" \/>\n<meta property=\"og:type\" content=\"article\" \/>\n<meta property=\"og:title\" content=\"Premieoversikt klubbkonkurransen - Bekkalokket Fotoklubb\" \/>\n<meta property=\"og:description\" content=\"V\u00e6r obs p\u00e5 at klubbpoeng ogs\u00e5 inneholder poeng som autor har f\u00e5tt for premier i NM. Autor Klubbpoeng Gullmedaljer S\u00f8lvmedaljer Bronsemedaljer Hederlig omtale Antatte Roald Synnev\u00e5g 1888 46 41 63 27 208 Audun Nygaard&#046;&#046;&#046;\" \/>\n<meta property=\"og:url\" content=\"https:\/\/bekkalokket.no\/index.php\/premieoversikt-klubbkonkurransen\/\" \/>\n<meta property=\"og:site_name\" content=\"Bekkalokket Fotoklubb\" \/>\n<meta property=\"article:modified_time\" content=\"2025-12-10T14:01:57+00:00\" \/>\n<meta name=\"twitter:card\" content=\"summary_large_image\" \/>\n<meta name=\"twitter:label1\" content=\"Ansl. lesetid\" \/>\n\t<meta name=\"twitter:data1\" content=\"4 minutter\" \/>\n<script type=\"application\/ld+json\" class=\"yoast-schema-graph\">{\"@context\":\"https:\\\/\\\/schema.org\",\"@graph\":[{\"@type\":\"WebPage\",\"@id\":\"https:\\\/\\\/bekkalokket.no\\\/index.php\\\/premieoversikt-klubbkonkurransen\\\/\",\"url\":\"https:\\\/\\\/bekkalokket.no\\\/index.php\\\/premieoversikt-klubbkonkurransen\\\/\",\"name\":\"Premieoversikt klubbkonkurransen - Bekkalokket Fotoklubb\",\"isPartOf\":{\"@id\":\"https:\\\/\\\/bekkalokket.no\\\/#website\"},\"datePublished\":\"2019-07-04T19:35:18+00:00\",\"dateModified\":\"2025-12-10T14:01:57+00:00\",\"breadcrumb\":{\"@id\":\"https:\\\/\\\/bekkalokket.no\\\/index.php\\\/premieoversikt-klubbkonkurransen\\\/#breadcrumb\"},\"inLanguage\":\"nb-NO\",\"potentialAction\":[{\"@type\":\"ReadAction\",\"target\":[\"https:\\\/\\\/bekkalokket.no\\\/index.php\\\/premieoversikt-klubbkonkurransen\\\/\"]}]},{\"@type\":\"BreadcrumbList\",\"@id\":\"https:\\\/\\\/bekkalokket.no\\\/index.php\\\/premieoversikt-klubbkonkurransen\\\/#breadcrumb\",\"itemListElement\":[{\"@type\":\"ListItem\",\"position\":1,\"name\":\"Home\",\"item\":\"https:\\\/\\\/bekkalokket.no\\\/\"},{\"@type\":\"ListItem\",\"position\":2,\"name\":\"Premieoversikt klubbkonkurransen\"}]},{\"@type\":\"WebSite\",\"@id\":\"https:\\\/\\\/bekkalokket.no\\\/#website\",\"url\":\"https:\\\/\\\/bekkalokket.no\\\/\",\"name\":\"Bekkalokket Fotoklubb\",\"description\":\"En sosial og aktiv fotoklubb i Bergen\",\"potentialAction\":[{\"@type\":\"SearchAction\",\"target\":{\"@type\":\"EntryPoint\",\"urlTemplate\":\"https:\\\/\\\/bekkalokket.no\\\/?s={search_term_string}\"},\"query-input\":{\"@type\":\"PropertyValueSpecification\",\"valueRequired\":true,\"valueName\":\"search_term_string\"}}],\"inLanguage\":\"nb-NO\"}]}<\/script>\n<!-- \/ Yoast SEO plugin. -->","yoast_head_json":{"title":"Premieoversikt klubbkonkurransen - Bekkalokket Fotoklubb","robots":{"index":"index","follow":"follow","max-snippet":"max-snippet:-1","max-image-preview":"max-image-preview:large","max-video-preview":"max-video-preview:-1"},"canonical":"https:\/\/bekkalokket.no\/index.php\/premieoversikt-klubbkonkurransen\/","og_locale":"nb_NO","og_type":"article","og_title":"Premieoversikt klubbkonkurransen - Bekkalokket Fotoklubb","og_description":"V\u00e6r obs p\u00e5 at klubbpoeng ogs\u00e5 inneholder poeng som autor har f\u00e5tt for premier i NM. Autor Klubbpoeng Gullmedaljer S\u00f8lvmedaljer Bronsemedaljer Hederlig omtale Antatte Roald Synnev\u00e5g 1888 46 41 63 27 208 Audun Nygaard&#46;&#46;&#46;","og_url":"https:\/\/bekkalokket.no\/index.php\/premieoversikt-klubbkonkurransen\/","og_site_name":"Bekkalokket Fotoklubb","article_modified_time":"2025-12-10T14:01:57+00:00","twitter_card":"summary_large_image","twitter_misc":{"Ansl. lesetid":"4 minutter"},"schema":{"@context":"https:\/\/schema.org","@graph":[{"@type":"WebPage","@id":"https:\/\/bekkalokket.no\/index.php\/premieoversikt-klubbkonkurransen\/","url":"https:\/\/bekkalokket.no\/index.php\/premieoversikt-klubbkonkurransen\/","name":"Premieoversikt klubbkonkurransen - Bekkalokket Fotoklubb","isPartOf":{"@id":"https:\/\/bekkalokket.no\/#website"},"datePublished":"2019-07-04T19:35:18+00:00","dateModified":"2025-12-10T14:01:57+00:00","breadcrumb":{"@id":"https:\/\/bekkalokket.no\/index.php\/premieoversikt-klubbkonkurransen\/#breadcrumb"},"inLanguage":"nb-NO","potentialAction":[{"@type":"ReadAction","target":["https:\/\/bekkalokket.no\/index.php\/premieoversikt-klubbkonkurransen\/"]}]},{"@type":"BreadcrumbList","@id":"https:\/\/bekkalokket.no\/index.php\/premieoversikt-klubbkonkurransen\/#breadcrumb","itemListElement":[{"@type":"ListItem","position":1,"name":"Home","item":"https:\/\/bekkalokket.no\/"},{"@type":"ListItem","position":2,"name":"Premieoversikt klubbkonkurransen"}]},{"@type":"WebSite","@id":"https:\/\/bekkalokket.no\/#website","url":"https:\/\/bekkalokket.no\/","name":"Bekkalokket Fotoklubb","description":"En sosial og aktiv fotoklubb i Bergen","potentialAction":[{"@type":"SearchAction","target":{"@type":"EntryPoint","urlTemplate":"https:\/\/bekkalokket.no\/?s={search_term_string}"},"query-input":{"@type":"PropertyValueSpecification","valueRequired":true,"valueName":"search_term_string"}}],"inLanguage":"nb-NO"}]}},"_links":{"self":[{"href":"https:\/\/bekkalokket.no\/index.php\/wp-json\/wp\/v2\/pages\/2233","targetHints":{"allow":["GET"]}}],"collection":[{"href":"https:\/\/bekkalokket.no\/index.php\/wp-json\/wp\/v2\/pages"}],"about":[{"href":"https:\/\/bekkalokket.no\/index.php\/wp-json\/wp\/v2\/types\/page"}],"author":[{"embeddable":true,"href":"https:\/\/bekkalokket.no\/index.php\/wp-json\/wp\/v2\/users\/2"}],"replies":[{"embeddable":true,"href":"https:\/\/bekkalokket.no\/index.php\/wp-json\/wp\/v2\/comments?post=2233"}],"version-history":[{"count":23,"href":"https:\/\/bekkalokket.no\/index.php\/wp-json\/wp\/v2\/pages\/2233\/revisions"}],"predecessor-version":[{"id":10976,"href":"https:\/\/bekkalokket.no\/index.php\/wp-json\/wp\/v2\/pages\/2233\/revisions\/10976"}],"wp:attachment":[{"href":"https:\/\/bekkalokket.no\/index.php\/wp-json\/wp\/v2\/media?parent=2233"}],"curies":[{"name":"wp","href":"https:\/\/api.w.org\/{rel}","templated":true}]}}