{"id":2252,"date":"2018-11-13T22:52:34","date_gmt":"2018-11-13T20:52:34","guid":{"rendered":"https:\/\/bekkalokket.no\/?page_id=2252"},"modified":"2018-12-09T14:22:09","modified_gmt":"2018-12-09T12:22:09","slug":"status-arets-fotograf-2018","status":"publish","type":"page","link":"https:\/\/bekkalokket.no\/index.php\/status-arets-fotograf-2018\/","title":{"rendered":"Status \u00e5rets fotograf 2018"},"content":{"rendered":"<table width=\"628\">\n<tbody>\n<tr>\n<td width=\"70\">Plassering<\/td>\n<td width=\"152\">Autor<\/td>\n<td width=\"62\">NSFF V\u00e5r<\/td>\n<td width=\"67\">Klubb V\u00e5r<\/td>\n<td width=\"68\">NSFF h\u00f8st<\/td>\n<td width=\"73\">Klubb h\u00f8st<\/td>\n<td width=\"64\">Totalsum<\/td>\n<td width=\"72\">Differanse<\/td>\n<\/tr>\n<tr>\n<td>1<\/td>\n<td>Kristin Risa<\/td>\n<td>16<\/td>\n<td>10<\/td>\n<td>29<\/td>\n<td>18<\/td>\n<td>73<\/td>\n<td><\/td>\n<\/tr>\n<tr>\n<td>2<\/td>\n<td>Morten Tellefsen<\/td>\n<td>22<\/td>\n<td>4<\/td>\n<td>23<\/td>\n<td>16<\/td>\n<td>65<\/td>\n<td>8<\/td>\n<\/tr>\n<tr>\n<td>3<\/td>\n<td>Arne Bergo<\/td>\n<td>19<\/td>\n<td>11<\/td>\n<td>19<\/td>\n<td>3<\/td>\n<td>52<\/td>\n<td>13<\/td>\n<\/tr>\n<tr>\n<td>4<\/td>\n<td>Audun Nygaard<\/td>\n<td>15<\/td>\n<td>11<\/td>\n<td>21<\/td>\n<td>3<\/td>\n<td>50<\/td>\n<td>2<\/td>\n<\/tr>\n<tr>\n<td>5<\/td>\n<td>Simen Soltvedt<\/td>\n<td>12<\/td>\n<td>3<\/td>\n<td>25<\/td>\n<td>7<\/td>\n<td>47<\/td>\n<td>3<\/td>\n<\/tr>\n<tr>\n<td>6<\/td>\n<td>Bj\u00f8rn Reidar Olsson<\/td>\n<td>15<\/td>\n<td>5<\/td>\n<td>16<\/td>\n<td>5<\/td>\n<td>41<\/td>\n<td>6<\/td>\n<\/tr>\n<tr>\n<td>7<\/td>\n<td>Roald Synnev\u00e5g<\/td>\n<td>17<\/td>\n<td>10<\/td>\n<td>4<\/td>\n<td>4<\/td>\n<td>35<\/td>\n<td>6<\/td>\n<\/tr>\n<tr>\n<td>8<\/td>\n<td>Knut Henrik Andersen<\/td>\n<td><\/td>\n<td>20<\/td>\n<td>6<\/td>\n<td>3<\/td>\n<td>29<\/td>\n<td>6<\/td>\n<\/tr>\n<tr>\n<td>9<\/td>\n<td>Espen Lossius<\/td>\n<td><\/td>\n<td>2<\/td>\n<td>10<\/td>\n<td>14<\/td>\n<td>26<\/td>\n<td>3<\/td>\n<\/tr>\n<tr>\n<td>10<\/td>\n<td>Bente Nedreb\u00f8<\/td>\n<td>10<\/td>\n<td>3<\/td>\n<td>6<\/td>\n<td>6<\/td>\n<td>25<\/td>\n<td>1<\/td>\n<\/tr>\n<tr>\n<td>11<\/td>\n<td>Eli S\u00f8rensen<\/td>\n<td>2<\/td>\n<td>5<\/td>\n<td>7<\/td>\n<td>8<\/td>\n<td>22<\/td>\n<td>3<\/td>\n<\/tr>\n<tr>\n<td>12<\/td>\n<td>Jim Hansen<\/td>\n<td>7<\/td>\n<td>7<\/td>\n<td><\/td>\n<td>7<\/td>\n<td>21<\/td>\n<td>1<\/td>\n<\/tr>\n<tr>\n<td><\/td>\n<td>Unni Brekke<\/td>\n<td><\/td>\n<td><\/td>\n<td>11<\/td>\n<td>10<\/td>\n<td>21<\/td>\n<td>0<\/td>\n<\/tr>\n<tr>\n<td>14<\/td>\n<td>Merja Olsson<\/td>\n<td>2<\/td>\n<td>13<\/td>\n<td>4<\/td>\n<td>1<\/td>\n<td>20<\/td>\n<td>1<\/td>\n<\/tr>\n<tr>\n<td>15<\/td>\n<td>Astrid Bergo<\/td>\n<td>8<\/td>\n<td>3<\/td>\n<td>2<\/td>\n<td>5<\/td>\n<td>18<\/td>\n<td>2<\/td>\n<\/tr>\n<tr>\n<td>16<\/td>\n<td>Endre M Lidal<\/td>\n<td>5<\/td>\n<td>2<\/td>\n<td>9<\/td>\n<td><\/td>\n<td>16<\/td>\n<td>2<\/td>\n<\/tr>\n<tr>\n<td>17<\/td>\n<td>Gunnar Bye<\/td>\n<td>2<\/td>\n<td>5<\/td>\n<td>2<\/td>\n<td>6<\/td>\n<td>15<\/td>\n<td>1<\/td>\n<\/tr>\n<tr>\n<td>18<\/td>\n<td>Vibeke Seldal<\/td>\n<td>2<\/td>\n<td>4<\/td>\n<td>8<\/td>\n<td><\/td>\n<td>14<\/td>\n<td>1<\/td>\n<\/tr>\n<tr>\n<td>19<\/td>\n<td>Oddhild Lien<\/td>\n<td>2<\/td>\n<td>4<\/td>\n<td>4<\/td>\n<td>3<\/td>\n<td>13<\/td>\n<td>1<\/td>\n<\/tr>\n<tr>\n<td>20<\/td>\n<td>Inge Sofjell<\/td>\n<td><\/td>\n<td>1<\/td>\n<td>7<\/td>\n<td>1<\/td>\n<td>9<\/td>\n<td>4<\/td>\n<\/tr>\n<tr>\n<td><\/td>\n<td>Jan Standal<\/td>\n<td>4<\/td>\n<td>5<\/td>\n<td><\/td>\n<td><\/td>\n<td>9<\/td>\n<td>0<\/td>\n<\/tr>\n<tr>\n<td><\/td>\n<td>Lars Sveen<\/td>\n<td>9<\/td>\n<td><\/td>\n<td><\/td>\n<td><\/td>\n<td>9<\/td>\n<td>0<\/td>\n<\/tr>\n<tr>\n<td><\/td>\n<td>Tone Beate N\u00f8kling<\/td>\n<td>7<\/td>\n<td>2<\/td>\n<td><\/td>\n<td><\/td>\n<td>9<\/td>\n<td>0<\/td>\n<\/tr>\n<tr>\n<td>24<\/td>\n<td>Elisabeth Skogseth<\/td>\n<td>2<\/td>\n<td><\/td>\n<td>5<\/td>\n<td>1<\/td>\n<td>8<\/td>\n<td>1<\/td>\n<\/tr>\n<tr>\n<td>25<\/td>\n<td>Eva Virkesdal Eidsheim<\/td>\n<td>2<\/td>\n<td>2<\/td>\n<td>2<\/td>\n<td>1<\/td>\n<td>7<\/td>\n<td>1<\/td>\n<\/tr>\n<tr>\n<td><\/td>\n<td>Gerry Arne Birkeland<\/td>\n<td><\/td>\n<td>1<\/td>\n<td>6<\/td>\n<td><\/td>\n<td>7<\/td>\n<td>0<\/td>\n<\/tr>\n<tr>\n<td>27<\/td>\n<td>Irene Osberg<\/td>\n<td>6<\/td>\n<td><\/td>\n<td><\/td>\n<td><\/td>\n<td>6<\/td>\n<td>1<\/td>\n<\/tr>\n<tr>\n<td><\/td>\n<td>John Vint<\/td>\n<td>2<\/td>\n<td>4<\/td>\n<td><\/td>\n<td>3<\/td>\n<td>9<\/td>\n<td>-3<\/td>\n<\/tr>\n<tr>\n<td><\/td>\n<td>Tom Jarane<\/td>\n<td><\/td>\n<td>6<\/td>\n<td><\/td>\n<td><\/td>\n<td>6<\/td>\n<td>3<\/td>\n<\/tr>\n<tr>\n<td><\/td>\n<td>Torsten Porwol<\/td>\n<td>2<\/td>\n<td>2<\/td>\n<td>2<\/td>\n<td><\/td>\n<td>6<\/td>\n<td>0<\/td>\n<\/tr>\n<tr>\n<td>31<\/td>\n<td>Terje Tollefsen<\/td>\n<td>2<\/td>\n<td><\/td>\n<td>2<\/td>\n<td><\/td>\n<td>4<\/td>\n<td>2<\/td>\n<\/tr>\n<tr>\n<td>32<\/td>\n<td>Arne Skinnlo<\/td>\n<td><\/td>\n<td>1<\/td>\n<td>2<\/td>\n<td><\/td>\n<td>3<\/td>\n<td>1<\/td>\n<\/tr>\n<tr>\n<td>33<\/td>\n<td>Elin Jahnsen<\/td>\n<td>2<\/td>\n<td><\/td>\n<td><\/td>\n<td><\/td>\n<td>2<\/td>\n<td>1<\/td>\n<\/tr>\n<tr>\n<td><\/td>\n<td>Frid Ellingsen<\/td>\n<td>2<\/td>\n<td><\/td>\n<td><\/td>\n<td><\/td>\n<td>2<\/td>\n<td>0<\/td>\n<\/tr>\n<tr>\n<td><\/td>\n<td>Halvor Larsen<\/td>\n<td><\/td>\n<td><\/td>\n<td>2<\/td>\n<td><\/td>\n<td>2<\/td>\n<td>0<\/td>\n<\/tr>\n<tr>\n<td><\/td>\n<td>J\u00f8rn Hove<\/td>\n<td>2<\/td>\n<td><\/td>\n<td><\/td>\n<td><\/td>\n<td>2<\/td>\n<td>0<\/td>\n<\/tr>\n<tr>\n<td><\/td>\n<td>Kari Mikalsen<\/td>\n<td><\/td>\n<td><\/td>\n<td><\/td>\n<td>2<\/td>\n<td>2<\/td>\n<td>0<\/td>\n<\/tr>\n<tr>\n<td><\/td>\n<td>Kenneth Rivenes<\/td>\n<td><\/td>\n<td><\/td>\n<td><\/td>\n<td>2<\/td>\n<td>2<\/td>\n<td>0<\/td>\n<\/tr>\n<tr>\n<td>39<\/td>\n<td>Bente Algr\u00f8y<\/td>\n<td><\/td>\n<td><\/td>\n<td><\/td>\n<td>1<\/td>\n<td>1<\/td>\n<td>1<\/td>\n<\/tr>\n<tr>\n<td><\/td>\n<td>Chalee Hansen<\/td>\n<td><\/td>\n<td>1<\/td>\n<td><\/td>\n<td><\/td>\n<td>1<\/td>\n<td>0<\/td>\n<\/tr>\n<tr>\n<td><\/td>\n<td>Kristoffer H\u00e5vik Rye<\/td>\n<td><\/td>\n<td><\/td>\n<td><\/td>\n<td>1<\/td>\n<td>1<\/td>\n<td>0<\/td>\n<\/tr>\n<tr>\n<td><\/td>\n<td>Siv-Anne Skogen<\/td>\n<td><\/td>\n<td>1<\/td>\n<td><\/td>\n<td><\/td>\n<td>1<\/td>\n<td>0<\/td>\n<\/tr>\n<tr>\n<td><\/td>\n<td>Svein Ove B\u00f8e<\/td>\n<td><\/td>\n<td><\/td>\n<td><\/td>\n<td>1<\/td>\n<td>1<\/td>\n<td>0<\/td>\n<\/tr>\n<\/tbody>\n<\/table>\n","protected":false},"excerpt":{"rendered":"<p>Plassering Autor NSFF V\u00e5r Klubb V\u00e5r NSFF h\u00f8st Klubb h\u00f8st Totalsum Differanse 1 Kristin Risa 16 10 29 18 73 2 Morten Tellefsen 22 4 23 16 65 8 3 Arne Bergo 19 11&#46;&#46;&#46;<\/p>\n","protected":false},"author":2,"featured_media":0,"parent":0,"menu_order":0,"comment_status":"closed","ping_status":"closed","template":"","meta":{"footnotes":""},"class_list":["post-2252","page","type-page","status-publish","hentry"],"yoast_head":"<!-- This site is optimized with the Yoast SEO plugin v27.4 - https:\/\/yoast.com\/product\/yoast-seo-wordpress\/ -->\n<title>Status \u00e5rets fotograf 2018 - Bekkalokket Fotoklubb<\/title>\n<meta name=\"robots\" content=\"index, follow, max-snippet:-1, max-image-preview:large, max-video-preview:-1\" \/>\n<link rel=\"canonical\" href=\"https:\/\/bekkalokket.no\/index.php\/status-arets-fotograf-2018\/\" \/>\n<meta property=\"og:locale\" content=\"nb_NO\" \/>\n<meta property=\"og:type\" content=\"article\" \/>\n<meta property=\"og:title\" content=\"Status \u00e5rets fotograf 2018 - Bekkalokket Fotoklubb\" \/>\n<meta property=\"og:description\" content=\"Plassering Autor NSFF V\u00e5r Klubb V\u00e5r NSFF h\u00f8st Klubb h\u00f8st Totalsum Differanse 1 Kristin Risa 16 10 29 18 73 2 Morten Tellefsen 22 4 23 16 65 8 3 Arne Bergo 19 11&#046;&#046;&#046;\" \/>\n<meta property=\"og:url\" content=\"https:\/\/bekkalokket.no\/index.php\/status-arets-fotograf-2018\/\" \/>\n<meta property=\"og:site_name\" content=\"Bekkalokket Fotoklubb\" \/>\n<meta property=\"article:modified_time\" content=\"2018-12-09T12:22:09+00:00\" \/>\n<meta name=\"twitter:card\" content=\"summary_large_image\" \/>\n<meta name=\"twitter:label1\" content=\"Ansl. lesetid\" \/>\n\t<meta name=\"twitter:data1\" content=\"1 minutt\" \/>\n<script type=\"application\/ld+json\" class=\"yoast-schema-graph\">{\"@context\":\"https:\\\/\\\/schema.org\",\"@graph\":[{\"@type\":\"WebPage\",\"@id\":\"https:\\\/\\\/bekkalokket.no\\\/index.php\\\/status-arets-fotograf-2018\\\/\",\"url\":\"https:\\\/\\\/bekkalokket.no\\\/index.php\\\/status-arets-fotograf-2018\\\/\",\"name\":\"Status \u00e5rets fotograf 2018 - Bekkalokket Fotoklubb\",\"isPartOf\":{\"@id\":\"https:\\\/\\\/bekkalokket.no\\\/#website\"},\"datePublished\":\"2018-11-13T20:52:34+00:00\",\"dateModified\":\"2018-12-09T12:22:09+00:00\",\"breadcrumb\":{\"@id\":\"https:\\\/\\\/bekkalokket.no\\\/index.php\\\/status-arets-fotograf-2018\\\/#breadcrumb\"},\"inLanguage\":\"nb-NO\",\"potentialAction\":[{\"@type\":\"ReadAction\",\"target\":[\"https:\\\/\\\/bekkalokket.no\\\/index.php\\\/status-arets-fotograf-2018\\\/\"]}]},{\"@type\":\"BreadcrumbList\",\"@id\":\"https:\\\/\\\/bekkalokket.no\\\/index.php\\\/status-arets-fotograf-2018\\\/#breadcrumb\",\"itemListElement\":[{\"@type\":\"ListItem\",\"position\":1,\"name\":\"Home\",\"item\":\"https:\\\/\\\/bekkalokket.no\\\/\"},{\"@type\":\"ListItem\",\"position\":2,\"name\":\"Status \u00e5rets fotograf 2018\"}]},{\"@type\":\"WebSite\",\"@id\":\"https:\\\/\\\/bekkalokket.no\\\/#website\",\"url\":\"https:\\\/\\\/bekkalokket.no\\\/\",\"name\":\"Bekkalokket Fotoklubb\",\"description\":\"En sosial og aktiv fotoklubb i Bergen\",\"potentialAction\":[{\"@type\":\"SearchAction\",\"target\":{\"@type\":\"EntryPoint\",\"urlTemplate\":\"https:\\\/\\\/bekkalokket.no\\\/?s={search_term_string}\"},\"query-input\":{\"@type\":\"PropertyValueSpecification\",\"valueRequired\":true,\"valueName\":\"search_term_string\"}}],\"inLanguage\":\"nb-NO\"}]}<\/script>\n<!-- \/ Yoast SEO plugin. -->","yoast_head_json":{"title":"Status \u00e5rets fotograf 2018 - Bekkalokket Fotoklubb","robots":{"index":"index","follow":"follow","max-snippet":"max-snippet:-1","max-image-preview":"max-image-preview:large","max-video-preview":"max-video-preview:-1"},"canonical":"https:\/\/bekkalokket.no\/index.php\/status-arets-fotograf-2018\/","og_locale":"nb_NO","og_type":"article","og_title":"Status \u00e5rets fotograf 2018 - Bekkalokket Fotoklubb","og_description":"Plassering Autor NSFF V\u00e5r Klubb V\u00e5r NSFF h\u00f8st Klubb h\u00f8st Totalsum Differanse 1 Kristin Risa 16 10 29 18 73 2 Morten Tellefsen 22 4 23 16 65 8 3 Arne Bergo 19 11&#46;&#46;&#46;","og_url":"https:\/\/bekkalokket.no\/index.php\/status-arets-fotograf-2018\/","og_site_name":"Bekkalokket Fotoklubb","article_modified_time":"2018-12-09T12:22:09+00:00","twitter_card":"summary_large_image","twitter_misc":{"Ansl. lesetid":"1 minutt"},"schema":{"@context":"https:\/\/schema.org","@graph":[{"@type":"WebPage","@id":"https:\/\/bekkalokket.no\/index.php\/status-arets-fotograf-2018\/","url":"https:\/\/bekkalokket.no\/index.php\/status-arets-fotograf-2018\/","name":"Status \u00e5rets fotograf 2018 - Bekkalokket Fotoklubb","isPartOf":{"@id":"https:\/\/bekkalokket.no\/#website"},"datePublished":"2018-11-13T20:52:34+00:00","dateModified":"2018-12-09T12:22:09+00:00","breadcrumb":{"@id":"https:\/\/bekkalokket.no\/index.php\/status-arets-fotograf-2018\/#breadcrumb"},"inLanguage":"nb-NO","potentialAction":[{"@type":"ReadAction","target":["https:\/\/bekkalokket.no\/index.php\/status-arets-fotograf-2018\/"]}]},{"@type":"BreadcrumbList","@id":"https:\/\/bekkalokket.no\/index.php\/status-arets-fotograf-2018\/#breadcrumb","itemListElement":[{"@type":"ListItem","position":1,"name":"Home","item":"https:\/\/bekkalokket.no\/"},{"@type":"ListItem","position":2,"name":"Status \u00e5rets fotograf 2018"}]},{"@type":"WebSite","@id":"https:\/\/bekkalokket.no\/#website","url":"https:\/\/bekkalokket.no\/","name":"Bekkalokket Fotoklubb","description":"En sosial og aktiv fotoklubb i Bergen","potentialAction":[{"@type":"SearchAction","target":{"@type":"EntryPoint","urlTemplate":"https:\/\/bekkalokket.no\/?s={search_term_string}"},"query-input":{"@type":"PropertyValueSpecification","valueRequired":true,"valueName":"search_term_string"}}],"inLanguage":"nb-NO"}]}},"_links":{"self":[{"href":"https:\/\/bekkalokket.no\/index.php\/wp-json\/wp\/v2\/pages\/2252","targetHints":{"allow":["GET"]}}],"collection":[{"href":"https:\/\/bekkalokket.no\/index.php\/wp-json\/wp\/v2\/pages"}],"about":[{"href":"https:\/\/bekkalokket.no\/index.php\/wp-json\/wp\/v2\/types\/page"}],"author":[{"embeddable":true,"href":"https:\/\/bekkalokket.no\/index.php\/wp-json\/wp\/v2\/users\/2"}],"replies":[{"embeddable":true,"href":"https:\/\/bekkalokket.no\/index.php\/wp-json\/wp\/v2\/comments?post=2252"}],"version-history":[{"count":3,"href":"https:\/\/bekkalokket.no\/index.php\/wp-json\/wp\/v2\/pages\/2252\/revisions"}],"predecessor-version":[{"id":2256,"href":"https:\/\/bekkalokket.no\/index.php\/wp-json\/wp\/v2\/pages\/2252\/revisions\/2256"}],"wp:attachment":[{"href":"https:\/\/bekkalokket.no\/index.php\/wp-json\/wp\/v2\/media?parent=2252"}],"curies":[{"name":"wp","href":"https:\/\/api.w.org\/{rel}","templated":true}]}}