{"id":2399,"date":"2019-01-03T19:39:10","date_gmt":"2019-01-03T17:39:10","guid":{"rendered":"https:\/\/bekkalokket.no\/?page_id=2399"},"modified":"2019-01-03T19:39:10","modified_gmt":"2019-01-03T17:39:10","slug":"retningslinjer-for-arsmotet-2","status":"publish","type":"page","link":"https:\/\/bekkalokket.no\/index.php\/retningslinjer-for-arsmotet-2\/","title":{"rendered":"Retningslinjer for \u00c5rsm\u00f8tet"},"content":{"rendered":"<div><strong>1. \u00c5pning ved leder i klubben<br \/>\n2. Godkjenning av innkalling<br \/>\n3. Valg av ordstyrer og referent<br \/>\n4. \u00c5rsmelding<br \/>\n5. Regnskap<br \/>\n6. Budsjett<br \/>\n7. Innkomne forslag<br \/>\n8. Aktivitetsplaner<br \/>\n9. Valg av styre og komiteer<br \/>\n10. Eventuelt<\/strong><\/div>\n<div><strong>2. Godkjenning av innkalling<\/strong><br \/>\nMedlemmene kan forlange saker \/ forslag utsatt dersom innkallingen til \u00e5rsm\u00f8tet ikke har fulgt de frister som statuttene tilsier.<\/div>\n<div><span style=\"text-decoration: underline;\">\u00a7 3 \u00c5rsm\u00f8te skal avholdes i l\u00f8pet av januar m\u00e5ned.<\/span><\/div>\n<div>Statuttene kan kun forandres p\u00e5 \u00e5rsm\u00f8te. Forslag til endringer m\u00e5 legges skriftlig frem for styret minst en m\u00e5ned f\u00f8r \u00e5rsm\u00f8tet. Innkomne forslag skal sendes til alle medlemmer sammen med innkalling til \u00e5rsm\u00f8te, innkalling skal sendes ut minimum 14 dager f\u00f8r \u00e5rsm\u00f8tet.<\/div>\n<p><strong>3. Valg av ordstyrer og referent<\/strong><br \/>\nOrdstyrer og referent kan velges blant de medlemmene som er tilstede p\u00e5 \u00e5rsm\u00f8tet. Styret kan komme med anbefalinger.<\/p>\n<p><strong>4. \u00c5rsmelding <\/strong><br \/>\n\u00c5rsmeldingen er en historisk og enkel beskrivende oversikt over viktige begivenheter, hendelser og aktiviteter i \u00e5ret som gikk.<\/p>\n<p>\u00c5rsmeldingen skal blant annet inneholde:<br \/>\n\u2022 Hvem som ble \u201d\u00c5rets fotograf\u201d<br \/>\n\u2022 Hvem som vant \u201d\u00c5rets bilde\u201d (autor og tittel p\u00e5 bildet)<br \/>\n\u2022 Hvem som vant \u201d\u00c5rets kunstfoto\u201d<br \/>\n\u2022 Styrer og komite\u00e8r.<br \/>\n\u2022 Samarbeid med andre klubber.<br \/>\n\u2022 Foredragsholdere.<br \/>\n\u2022 Resym\u00e9 over aktiviteter i \u00e5ret som gikk.<br \/>\n\u2022 Hederstegn og premier som medlemmene er blitt tildelt i \u00e5ret som gikk, b\u00e5de nasjonalt og internasjonalt.<\/p>\n<p><strong>5. Regnskap<\/strong><br \/>\nDersom regnskap ikke blir anbefalt godkjent av revisor, eller ikke blir godkjent av \u00e5rsm\u00f8tet, m\u00e5 kasserer levere inn nytt regnskap til godkjenning innen en m\u00e5ned.<\/p>\n<p><strong>6. Budsjett<\/strong><br \/>\nDersom regnskap ikke blir godkjent av \u00e5rsm\u00f8tet, m\u00e5 kasserer levere inn nytt budsjett til godkjenning innen en m\u00e5ned.<\/p>\n<p><strong>7. Innkomne forslag <\/strong><br \/>\nInnkomne forslag kan for eksempel v\u00e6re:<\/p>\n<p>\u2022 Endring av statutter<br \/>\n<span style=\"text-decoration: underline;\">\u00a7 3 Statuttene kan kun forandres p\u00e5 \u00e5rsm\u00f8te.<\/span> Forslag til endringer m\u00e5 legges skriftlig frem for styret minst en m\u00e5ned f\u00f8r \u00e5rsm\u00f8tet. Innkomne forslag skal sendes til alle medlemmer sammen med innkalling til \u00e5rsm\u00f8te, innkalling skal sendes ut minimum 14 dager f\u00f8r \u00e5rsm\u00f8tet.<\/p>\n<p>\u2022 Endring av retningslinjer<br \/>\n<span style=\"text-decoration: underline;\">\u00a7 4 F\u00f8lgende retningslinjer kan kun endres ved vedtak:<\/span> \u201d\u00c5rsm\u00f8tet\u201d, Styret, Konkurransekomit\u00e9, Internettkomit\u00e9, Komit\u00e9 for kos, trivsel og velv\u00e6re, Historisk komit\u00e9, Jubileumskomit\u00e9, Utstillingskomit\u00e9, \u201d\u00c5rets bilde\u201d, \u201d\u00c5rets fotograf\u201d, Bekkalokkets \u201dUngdomspris\u201d, Bekkalokkets \u201dSt\u00e5 p\u00e5 pris\u201d, \u201dKunstfoto\u201d, Kjellermester, regler for fotokonkurranser, og retningslinjer for utl\u00e5n av klubbens utstyr.<\/p>\n<p>\u2022 Medlemskontigent<br \/>\n<span style=\"text-decoration: underline;\">\u00a7 6 Medlemskontigenten fastsettes p\u00e5 \u00e5rsm\u00f8tet.<\/span><\/p>\n<p>\u2022 Saker ang\u00e5ende lokaliteter<\/p>\n<p>\u2022 Investeringer i nytt utstyr<\/p>\n<p><strong>8. Aktivitetsplaner<\/strong><br \/>\n\u2022 M\u00f8teplan.<br \/>\n\u2022 Fotokonkurranser.<br \/>\n\u2022 Utstillinger.<br \/>\n\u2022 Turer og utflukter.<br \/>\n\u2022 Foredragsholdere.<br \/>\n\u2022 Bes\u00f8k hos bedrifter og hos andre fotoklubber etc.<\/p>\n<p><strong>9. Valg av styre og komite\u00e8r<\/strong><br \/>\n\u00a7 5 Valg av Styre (arbeidsutvalg) skjer p\u00e5 \u00e5rsm\u00f8tet. Det skal skje ved skriftlig valg dersom det kreves.<\/p>\n<p>Leder og styremedlemmer velges for et \u00e5r av gangen. Nestleder, sekret\u00e6r og kasserer velges for 2 \u00e5r av gangen. Disse vervene alternerer slik at ikke alle er p\u00e5 valg samme \u00e5r.<\/p>\n<p>F\u00f8lgende verv \u00f8nskes besatt som Styre (arbeidsutvalg):<br \/>\nLeder, Nestleder, Sekret\u00e6r, Kasserer , tre styremedlemer.<\/p>\n<p>Det skal ogs\u00e5 velges:<br \/>\nValgkomit\u00e9 (to medlemmer)<br \/>\nRevisor (et medlem)<br \/>\nKomit\u00e9 for kos, trivsel og velv\u00e6re (tre medlemmer)<br \/>\nUtstilling komit\u00e9 (to medlemmer)<br \/>\nKonkurransekomit\u00e9 (to medlemmer)<br \/>\nInternettkomit\u00e9 (to medlemmer).<\/p>\n<p>Ved behov velges:<br \/>\nKjellermester<br \/>\nJubileumskomit\u00e9 (fire medlemmer)<br \/>\nHistorisk komit\u00e9 (tre medlemmer).<\/p>\n<p>Lederne i de forskjellige komiteene b\u00f8r minimum ha funksjon som styremedlem i klubbens styre. Dette for \u00e5 kunne informere Styret om planer, \u00f8konomi og samarbeid. Det er ikke noe hinder for at et medlem\/tillitsvalgt kan ha flere verv\/funksjoner.<\/p>\n<p><strong>10. Eventuelt<\/strong><br \/>\nUnder denne posten kan det komme saker \/ forslag som skal diskuteres.<br \/>\nDet er ikke mulig \u00e5 gj\u00f8re vedtak p\u00e5 saker \/ forslag som kommer under denne posten. (\u00a7 7)<\/p>\n","protected":false},"excerpt":{"rendered":"<p>1. \u00c5pning ved leder i klubben 2. Godkjenning av innkalling 3. Valg av ordstyrer og referent 4. \u00c5rsmelding 5. Regnskap 6. Budsjett 7. Innkomne forslag 8. Aktivitetsplaner 9. Valg av styre og komiteer 10.&#46;&#46;&#46;<\/p>\n","protected":false},"author":2,"featured_media":0,"parent":0,"menu_order":0,"comment_status":"closed","ping_status":"closed","template":"","meta":{"footnotes":""},"class_list":["post-2399","page","type-page","status-publish","hentry"],"yoast_head":"<!-- This site is optimized with the Yoast SEO plugin v27.5 - https:\/\/yoast.com\/product\/yoast-seo-wordpress\/ -->\n<title>Retningslinjer for \u00c5rsm\u00f8tet - Bekkalokket Fotoklubb<\/title>\n<meta name=\"robots\" content=\"index, follow, max-snippet:-1, max-image-preview:large, max-video-preview:-1\" \/>\n<link rel=\"canonical\" href=\"https:\/\/bekkalokket.no\/index.php\/retningslinjer-for-arsmotet-2\/\" \/>\n<meta property=\"og:locale\" content=\"nb_NO\" \/>\n<meta property=\"og:type\" content=\"article\" \/>\n<meta property=\"og:title\" content=\"Retningslinjer for \u00c5rsm\u00f8tet - Bekkalokket Fotoklubb\" \/>\n<meta property=\"og:description\" content=\"1. \u00c5pning ved leder i klubben 2. Godkjenning av innkalling 3. Valg av ordstyrer og referent 4. \u00c5rsmelding 5. Regnskap 6. Budsjett 7. Innkomne forslag 8. Aktivitetsplaner 9. Valg av styre og komiteer 10.&#046;&#046;&#046;\" \/>\n<meta property=\"og:url\" content=\"https:\/\/bekkalokket.no\/index.php\/retningslinjer-for-arsmotet-2\/\" \/>\n<meta property=\"og:site_name\" content=\"Bekkalokket Fotoklubb\" \/>\n<meta name=\"twitter:card\" content=\"summary_large_image\" \/>\n<meta name=\"twitter:label1\" content=\"Ansl. lesetid\" \/>\n\t<meta name=\"twitter:data1\" content=\"3 minutter\" \/>\n<script type=\"application\/ld+json\" class=\"yoast-schema-graph\">{\"@context\":\"https:\\\/\\\/schema.org\",\"@graph\":[{\"@type\":\"WebPage\",\"@id\":\"https:\\\/\\\/bekkalokket.no\\\/index.php\\\/retningslinjer-for-arsmotet-2\\\/\",\"url\":\"https:\\\/\\\/bekkalokket.no\\\/index.php\\\/retningslinjer-for-arsmotet-2\\\/\",\"name\":\"Retningslinjer for \u00c5rsm\u00f8tet - Bekkalokket Fotoklubb\",\"isPartOf\":{\"@id\":\"https:\\\/\\\/bekkalokket.no\\\/#website\"},\"datePublished\":\"2019-01-03T17:39:10+00:00\",\"breadcrumb\":{\"@id\":\"https:\\\/\\\/bekkalokket.no\\\/index.php\\\/retningslinjer-for-arsmotet-2\\\/#breadcrumb\"},\"inLanguage\":\"nb-NO\",\"potentialAction\":[{\"@type\":\"ReadAction\",\"target\":[\"https:\\\/\\\/bekkalokket.no\\\/index.php\\\/retningslinjer-for-arsmotet-2\\\/\"]}]},{\"@type\":\"BreadcrumbList\",\"@id\":\"https:\\\/\\\/bekkalokket.no\\\/index.php\\\/retningslinjer-for-arsmotet-2\\\/#breadcrumb\",\"itemListElement\":[{\"@type\":\"ListItem\",\"position\":1,\"name\":\"Home\",\"item\":\"https:\\\/\\\/bekkalokket.no\\\/\"},{\"@type\":\"ListItem\",\"position\":2,\"name\":\"Retningslinjer for \u00c5rsm\u00f8tet\"}]},{\"@type\":\"WebSite\",\"@id\":\"https:\\\/\\\/bekkalokket.no\\\/#website\",\"url\":\"https:\\\/\\\/bekkalokket.no\\\/\",\"name\":\"Bekkalokket Fotoklubb\",\"description\":\"En sosial og aktiv fotoklubb i Bergen\",\"potentialAction\":[{\"@type\":\"SearchAction\",\"target\":{\"@type\":\"EntryPoint\",\"urlTemplate\":\"https:\\\/\\\/bekkalokket.no\\\/?s={search_term_string}\"},\"query-input\":{\"@type\":\"PropertyValueSpecification\",\"valueRequired\":true,\"valueName\":\"search_term_string\"}}],\"inLanguage\":\"nb-NO\"}]}<\/script>\n<!-- \/ Yoast SEO plugin. -->","yoast_head_json":{"title":"Retningslinjer for \u00c5rsm\u00f8tet - Bekkalokket Fotoklubb","robots":{"index":"index","follow":"follow","max-snippet":"max-snippet:-1","max-image-preview":"max-image-preview:large","max-video-preview":"max-video-preview:-1"},"canonical":"https:\/\/bekkalokket.no\/index.php\/retningslinjer-for-arsmotet-2\/","og_locale":"nb_NO","og_type":"article","og_title":"Retningslinjer for \u00c5rsm\u00f8tet - Bekkalokket Fotoklubb","og_description":"1. \u00c5pning ved leder i klubben 2. Godkjenning av innkalling 3. Valg av ordstyrer og referent 4. \u00c5rsmelding 5. Regnskap 6. Budsjett 7. Innkomne forslag 8. Aktivitetsplaner 9. Valg av styre og komiteer 10.&#46;&#46;&#46;","og_url":"https:\/\/bekkalokket.no\/index.php\/retningslinjer-for-arsmotet-2\/","og_site_name":"Bekkalokket Fotoklubb","twitter_card":"summary_large_image","twitter_misc":{"Ansl. lesetid":"3 minutter"},"schema":{"@context":"https:\/\/schema.org","@graph":[{"@type":"WebPage","@id":"https:\/\/bekkalokket.no\/index.php\/retningslinjer-for-arsmotet-2\/","url":"https:\/\/bekkalokket.no\/index.php\/retningslinjer-for-arsmotet-2\/","name":"Retningslinjer for \u00c5rsm\u00f8tet - Bekkalokket Fotoklubb","isPartOf":{"@id":"https:\/\/bekkalokket.no\/#website"},"datePublished":"2019-01-03T17:39:10+00:00","breadcrumb":{"@id":"https:\/\/bekkalokket.no\/index.php\/retningslinjer-for-arsmotet-2\/#breadcrumb"},"inLanguage":"nb-NO","potentialAction":[{"@type":"ReadAction","target":["https:\/\/bekkalokket.no\/index.php\/retningslinjer-for-arsmotet-2\/"]}]},{"@type":"BreadcrumbList","@id":"https:\/\/bekkalokket.no\/index.php\/retningslinjer-for-arsmotet-2\/#breadcrumb","itemListElement":[{"@type":"ListItem","position":1,"name":"Home","item":"https:\/\/bekkalokket.no\/"},{"@type":"ListItem","position":2,"name":"Retningslinjer for \u00c5rsm\u00f8tet"}]},{"@type":"WebSite","@id":"https:\/\/bekkalokket.no\/#website","url":"https:\/\/bekkalokket.no\/","name":"Bekkalokket Fotoklubb","description":"En sosial og aktiv fotoklubb i Bergen","potentialAction":[{"@type":"SearchAction","target":{"@type":"EntryPoint","urlTemplate":"https:\/\/bekkalokket.no\/?s={search_term_string}"},"query-input":{"@type":"PropertyValueSpecification","valueRequired":true,"valueName":"search_term_string"}}],"inLanguage":"nb-NO"}]}},"_links":{"self":[{"href":"https:\/\/bekkalokket.no\/index.php\/wp-json\/wp\/v2\/pages\/2399","targetHints":{"allow":["GET"]}}],"collection":[{"href":"https:\/\/bekkalokket.no\/index.php\/wp-json\/wp\/v2\/pages"}],"about":[{"href":"https:\/\/bekkalokket.no\/index.php\/wp-json\/wp\/v2\/types\/page"}],"author":[{"embeddable":true,"href":"https:\/\/bekkalokket.no\/index.php\/wp-json\/wp\/v2\/users\/2"}],"replies":[{"embeddable":true,"href":"https:\/\/bekkalokket.no\/index.php\/wp-json\/wp\/v2\/comments?post=2399"}],"version-history":[{"count":1,"href":"https:\/\/bekkalokket.no\/index.php\/wp-json\/wp\/v2\/pages\/2399\/revisions"}],"predecessor-version":[{"id":2400,"href":"https:\/\/bekkalokket.no\/index.php\/wp-json\/wp\/v2\/pages\/2399\/revisions\/2400"}],"wp:attachment":[{"href":"https:\/\/bekkalokket.no\/index.php\/wp-json\/wp\/v2\/media?parent=2399"}],"curies":[{"name":"wp","href":"https:\/\/api.w.org\/{rel}","templated":true}]}}