{"id":2411,"date":"2019-01-03T19:43:08","date_gmt":"2019-01-03T17:43:08","guid":{"rendered":"https:\/\/bekkalokket.no\/?page_id=2411"},"modified":"2019-01-03T19:43:08","modified_gmt":"2019-01-03T17:43:08","slug":"retningslinjer-for-vindusutstilling","status":"publish","type":"page","link":"https:\/\/bekkalokket.no\/index.php\/retningslinjer-for-vindusutstilling\/","title":{"rendered":"Retningslinjer for vindusutstilling"},"content":{"rendered":"<div>\n<p>Dette m\u00e5 du ta ansvaret for n\u00e5r du skal ha din egen utstilling!<\/p>\n<p>\u2022 Du m\u00e5 v\u00e6re medlem av Bekkalokket fotoklubb for \u00e5 kunne f\u00e5 stille ut bilder. Det vil si: betalt din kontingent.<\/p>\n<\/div>\n<p>\u2022 Du m\u00e5 selv ta ansvar for egen presentasjon. Bilder p\u00e5 papp, i passepateurt, i rammer, eller som en installasjon. Husk det er lov til \u00e5 be om r\u00e5d og hjelp fra andre i klubben.<\/p>\n<p>\u2022 Du m\u00e5 selv skaffe det som skal brukes til oppheng.. Varmen fra sollys og lyskasterne i taket gj\u00f8r at bildene lett b\u00f8yer seg. Det er myke\/por\u00f8se plater som er trekt med sort stoff , og det kan derfor brukes n\u00e5ler for opphenging av bildene.<\/p>\n<p>\u2022 Du m\u00e5 selv henge opp og ta ned egen utstilling, og hjelpe den som skal ta ned\/henge opp utstilling samtidig med deg.<\/p>\n<p>\u2022 Utstillingene skifter fortrinnsvis f\u00f8rste l\u00f8rdag i m\u00e5neden. Dette skal gj\u00f8res om morgenen n\u00e5r det er lite kunder i butikken. Utstillere som henger opp og tar ned m\u00e5 avtale tid seg i mellom<\/p>\n<p>\u2022 Japan Photo har ikke tilgang til vindu n\u00e5r vi har utstilling der. Det er derfor et felles ansvar \u00e5 vaske vinduet p\u00e5 innsiden, samt t\u00f8rke st\u00f8v i vinduskarmen n\u00e5r man skifter utstilling.<\/p>\n","protected":false},"excerpt":{"rendered":"<p>Dette m\u00e5 du ta ansvaret for n\u00e5r du skal ha din egen utstilling! \u2022 Du m\u00e5 v\u00e6re medlem av Bekkalokket fotoklubb for \u00e5 kunne f\u00e5 stille ut bilder. Det vil si: betalt din kontingent.&#46;&#46;&#46;<\/p>\n","protected":false},"author":2,"featured_media":0,"parent":0,"menu_order":0,"comment_status":"closed","ping_status":"closed","template":"","meta":{"footnotes":""},"class_list":["post-2411","page","type-page","status-publish","hentry"],"yoast_head":"<!-- This site is optimized with the Yoast SEO plugin v27.5 - https:\/\/yoast.com\/product\/yoast-seo-wordpress\/ -->\n<title>Retningslinjer for vindusutstilling - Bekkalokket Fotoklubb<\/title>\n<meta name=\"robots\" content=\"index, follow, max-snippet:-1, max-image-preview:large, max-video-preview:-1\" \/>\n<link rel=\"canonical\" href=\"https:\/\/bekkalokket.no\/index.php\/retningslinjer-for-vindusutstilling\/\" \/>\n<meta property=\"og:locale\" content=\"nb_NO\" \/>\n<meta property=\"og:type\" content=\"article\" \/>\n<meta property=\"og:title\" content=\"Retningslinjer for vindusutstilling - Bekkalokket Fotoklubb\" \/>\n<meta property=\"og:description\" content=\"Dette m\u00e5 du ta ansvaret for n\u00e5r du skal ha din egen utstilling! \u2022 Du m\u00e5 v\u00e6re medlem av Bekkalokket fotoklubb for \u00e5 kunne f\u00e5 stille ut bilder. Det vil si: betalt din kontingent.&#046;&#046;&#046;\" \/>\n<meta property=\"og:url\" content=\"https:\/\/bekkalokket.no\/index.php\/retningslinjer-for-vindusutstilling\/\" \/>\n<meta property=\"og:site_name\" content=\"Bekkalokket Fotoklubb\" \/>\n<meta name=\"twitter:card\" content=\"summary_large_image\" \/>\n<meta name=\"twitter:label1\" content=\"Ansl. lesetid\" \/>\n\t<meta name=\"twitter:data1\" content=\"1 minutt\" \/>\n<script type=\"application\/ld+json\" class=\"yoast-schema-graph\">{\"@context\":\"https:\\\/\\\/schema.org\",\"@graph\":[{\"@type\":\"WebPage\",\"@id\":\"https:\\\/\\\/bekkalokket.no\\\/index.php\\\/retningslinjer-for-vindusutstilling\\\/\",\"url\":\"https:\\\/\\\/bekkalokket.no\\\/index.php\\\/retningslinjer-for-vindusutstilling\\\/\",\"name\":\"Retningslinjer for vindusutstilling - Bekkalokket Fotoklubb\",\"isPartOf\":{\"@id\":\"https:\\\/\\\/bekkalokket.no\\\/#website\"},\"datePublished\":\"2019-01-03T17:43:08+00:00\",\"breadcrumb\":{\"@id\":\"https:\\\/\\\/bekkalokket.no\\\/index.php\\\/retningslinjer-for-vindusutstilling\\\/#breadcrumb\"},\"inLanguage\":\"nb-NO\",\"potentialAction\":[{\"@type\":\"ReadAction\",\"target\":[\"https:\\\/\\\/bekkalokket.no\\\/index.php\\\/retningslinjer-for-vindusutstilling\\\/\"]}]},{\"@type\":\"BreadcrumbList\",\"@id\":\"https:\\\/\\\/bekkalokket.no\\\/index.php\\\/retningslinjer-for-vindusutstilling\\\/#breadcrumb\",\"itemListElement\":[{\"@type\":\"ListItem\",\"position\":1,\"name\":\"Home\",\"item\":\"https:\\\/\\\/bekkalokket.no\\\/\"},{\"@type\":\"ListItem\",\"position\":2,\"name\":\"Retningslinjer for vindusutstilling\"}]},{\"@type\":\"WebSite\",\"@id\":\"https:\\\/\\\/bekkalokket.no\\\/#website\",\"url\":\"https:\\\/\\\/bekkalokket.no\\\/\",\"name\":\"Bekkalokket Fotoklubb\",\"description\":\"En sosial og aktiv fotoklubb i Bergen\",\"potentialAction\":[{\"@type\":\"SearchAction\",\"target\":{\"@type\":\"EntryPoint\",\"urlTemplate\":\"https:\\\/\\\/bekkalokket.no\\\/?s={search_term_string}\"},\"query-input\":{\"@type\":\"PropertyValueSpecification\",\"valueRequired\":true,\"valueName\":\"search_term_string\"}}],\"inLanguage\":\"nb-NO\"}]}<\/script>\n<!-- \/ Yoast SEO plugin. -->","yoast_head_json":{"title":"Retningslinjer for vindusutstilling - Bekkalokket Fotoklubb","robots":{"index":"index","follow":"follow","max-snippet":"max-snippet:-1","max-image-preview":"max-image-preview:large","max-video-preview":"max-video-preview:-1"},"canonical":"https:\/\/bekkalokket.no\/index.php\/retningslinjer-for-vindusutstilling\/","og_locale":"nb_NO","og_type":"article","og_title":"Retningslinjer for vindusutstilling - Bekkalokket Fotoklubb","og_description":"Dette m\u00e5 du ta ansvaret for n\u00e5r du skal ha din egen utstilling! \u2022 Du m\u00e5 v\u00e6re medlem av Bekkalokket fotoklubb for \u00e5 kunne f\u00e5 stille ut bilder. Det vil si: betalt din kontingent.&#46;&#46;&#46;","og_url":"https:\/\/bekkalokket.no\/index.php\/retningslinjer-for-vindusutstilling\/","og_site_name":"Bekkalokket Fotoklubb","twitter_card":"summary_large_image","twitter_misc":{"Ansl. lesetid":"1 minutt"},"schema":{"@context":"https:\/\/schema.org","@graph":[{"@type":"WebPage","@id":"https:\/\/bekkalokket.no\/index.php\/retningslinjer-for-vindusutstilling\/","url":"https:\/\/bekkalokket.no\/index.php\/retningslinjer-for-vindusutstilling\/","name":"Retningslinjer for vindusutstilling - Bekkalokket Fotoklubb","isPartOf":{"@id":"https:\/\/bekkalokket.no\/#website"},"datePublished":"2019-01-03T17:43:08+00:00","breadcrumb":{"@id":"https:\/\/bekkalokket.no\/index.php\/retningslinjer-for-vindusutstilling\/#breadcrumb"},"inLanguage":"nb-NO","potentialAction":[{"@type":"ReadAction","target":["https:\/\/bekkalokket.no\/index.php\/retningslinjer-for-vindusutstilling\/"]}]},{"@type":"BreadcrumbList","@id":"https:\/\/bekkalokket.no\/index.php\/retningslinjer-for-vindusutstilling\/#breadcrumb","itemListElement":[{"@type":"ListItem","position":1,"name":"Home","item":"https:\/\/bekkalokket.no\/"},{"@type":"ListItem","position":2,"name":"Retningslinjer for vindusutstilling"}]},{"@type":"WebSite","@id":"https:\/\/bekkalokket.no\/#website","url":"https:\/\/bekkalokket.no\/","name":"Bekkalokket Fotoklubb","description":"En sosial og aktiv fotoklubb i Bergen","potentialAction":[{"@type":"SearchAction","target":{"@type":"EntryPoint","urlTemplate":"https:\/\/bekkalokket.no\/?s={search_term_string}"},"query-input":{"@type":"PropertyValueSpecification","valueRequired":true,"valueName":"search_term_string"}}],"inLanguage":"nb-NO"}]}},"_links":{"self":[{"href":"https:\/\/bekkalokket.no\/index.php\/wp-json\/wp\/v2\/pages\/2411","targetHints":{"allow":["GET"]}}],"collection":[{"href":"https:\/\/bekkalokket.no\/index.php\/wp-json\/wp\/v2\/pages"}],"about":[{"href":"https:\/\/bekkalokket.no\/index.php\/wp-json\/wp\/v2\/types\/page"}],"author":[{"embeddable":true,"href":"https:\/\/bekkalokket.no\/index.php\/wp-json\/wp\/v2\/users\/2"}],"replies":[{"embeddable":true,"href":"https:\/\/bekkalokket.no\/index.php\/wp-json\/wp\/v2\/comments?post=2411"}],"version-history":[{"count":1,"href":"https:\/\/bekkalokket.no\/index.php\/wp-json\/wp\/v2\/pages\/2411\/revisions"}],"predecessor-version":[{"id":2412,"href":"https:\/\/bekkalokket.no\/index.php\/wp-json\/wp\/v2\/pages\/2411\/revisions\/2412"}],"wp:attachment":[{"href":"https:\/\/bekkalokket.no\/index.php\/wp-json\/wp\/v2\/media?parent=2411"}],"curies":[{"name":"wp","href":"https:\/\/api.w.org\/{rel}","templated":true}]}}