{"id":2413,"date":"2019-01-03T19:43:32","date_gmt":"2019-01-03T17:43:32","guid":{"rendered":"https:\/\/bekkalokket.no\/?page_id=2413"},"modified":"2020-01-27T17:37:14","modified_gmt":"2020-01-27T15:37:14","slug":"retningslinjer-for-utstillingskomite","status":"publish","type":"page","link":"https:\/\/bekkalokket.no\/index.php\/retningslinjer-for-utstillingskomite\/","title":{"rendered":"Retningslinjer for Utstillingskomit\u00e9 &#8211; oppdatert 2019"},"content":{"rendered":"<p>Leder i utstillingskomiteen er styremedlem i klubbens styre. Dette for \u00e5 kunne informere styret om planer, \u00f8konomi og samarbeid. Komit\u00e9en b\u00f8r best\u00e5 av maks 7 medlemmer.<\/p>\n<p>Komit\u00e9en har ansvaret for:<\/p>\n<ul>\n<li>Vindusutstilling hos Japan Foto, Starvhusgaten 4.Utstillingen skal skiftes ut ca. annenhver mnd. etter avtale med leder i butikken.<\/li>\n<li>\u00c5 arrangere andre aktuelle utstillinger.<\/li>\n<li>V\u00e6re en ressurs og inspirator for andre medlemmer ift \u00e5 arrangere utstillinger m.m.<\/li>\n<li>Utstillingskomiteen har ansvar for hvilke bilder som blir valgt ut til den enkelte utstilling.<\/li>\n<li>Alle utstillinger og arrangement som er utenom Japan Photo-utstillingen, skal rapporteres og fremlegges for styret til godkjenning.<\/li>\n<li>Komit\u00e9en arbeider etter de \u00f8konomiske rammer som \u00e5rsm\u00f8tet gir.<\/li>\n<\/ul>\n<p>Revidert 24.02.2019<\/p>\n","protected":false},"excerpt":{"rendered":"<p>Leder i utstillingskomiteen er styremedlem i klubbens styre. Dette for \u00e5 kunne informere styret om planer, \u00f8konomi og samarbeid. Komit\u00e9en b\u00f8r best\u00e5 av maks 7 medlemmer. Komit\u00e9en har ansvaret for: Vindusutstilling hos Japan Foto,&#46;&#46;&#46;<\/p>\n","protected":false},"author":2,"featured_media":0,"parent":0,"menu_order":0,"comment_status":"closed","ping_status":"closed","template":"","meta":{"footnotes":""},"class_list":["post-2413","page","type-page","status-publish","hentry"],"yoast_head":"<!-- This site is optimized with the Yoast SEO plugin v27.6 - https:\/\/yoast.com\/product\/yoast-seo-wordpress\/ -->\n<title>Retningslinjer for Utstillingskomit\u00e9 - oppdatert 2019 - Bekkalokket Fotoklubb<\/title>\n<meta name=\"robots\" content=\"index, follow, max-snippet:-1, max-image-preview:large, max-video-preview:-1\" \/>\n<link rel=\"canonical\" href=\"https:\/\/bekkalokket.no\/index.php\/retningslinjer-for-utstillingskomite\/\" \/>\n<meta property=\"og:locale\" content=\"nb_NO\" \/>\n<meta property=\"og:type\" content=\"article\" \/>\n<meta property=\"og:title\" content=\"Retningslinjer for Utstillingskomit\u00e9 - oppdatert 2019 - Bekkalokket Fotoklubb\" \/>\n<meta property=\"og:description\" content=\"Leder i utstillingskomiteen er styremedlem i klubbens styre. Dette for \u00e5 kunne informere styret om planer, \u00f8konomi og samarbeid. Komit\u00e9en b\u00f8r best\u00e5 av maks 7 medlemmer. Komit\u00e9en har ansvaret for: Vindusutstilling hos Japan Foto,&#046;&#046;&#046;\" \/>\n<meta property=\"og:url\" content=\"https:\/\/bekkalokket.no\/index.php\/retningslinjer-for-utstillingskomite\/\" \/>\n<meta property=\"og:site_name\" content=\"Bekkalokket Fotoklubb\" \/>\n<meta property=\"article:modified_time\" content=\"2020-01-27T15:37:14+00:00\" \/>\n<meta name=\"twitter:card\" content=\"summary_large_image\" \/>\n<meta name=\"twitter:label1\" content=\"Ansl. lesetid\" \/>\n\t<meta name=\"twitter:data1\" content=\"1 minutt\" \/>\n<script type=\"application\/ld+json\" class=\"yoast-schema-graph\">{\"@context\":\"https:\\\/\\\/schema.org\",\"@graph\":[{\"@type\":\"WebPage\",\"@id\":\"https:\\\/\\\/bekkalokket.no\\\/index.php\\\/retningslinjer-for-utstillingskomite\\\/\",\"url\":\"https:\\\/\\\/bekkalokket.no\\\/index.php\\\/retningslinjer-for-utstillingskomite\\\/\",\"name\":\"Retningslinjer for Utstillingskomit\u00e9 - oppdatert 2019 - Bekkalokket Fotoklubb\",\"isPartOf\":{\"@id\":\"https:\\\/\\\/bekkalokket.no\\\/#website\"},\"datePublished\":\"2019-01-03T17:43:32+00:00\",\"dateModified\":\"2020-01-27T15:37:14+00:00\",\"breadcrumb\":{\"@id\":\"https:\\\/\\\/bekkalokket.no\\\/index.php\\\/retningslinjer-for-utstillingskomite\\\/#breadcrumb\"},\"inLanguage\":\"nb-NO\",\"potentialAction\":[{\"@type\":\"ReadAction\",\"target\":[\"https:\\\/\\\/bekkalokket.no\\\/index.php\\\/retningslinjer-for-utstillingskomite\\\/\"]}]},{\"@type\":\"BreadcrumbList\",\"@id\":\"https:\\\/\\\/bekkalokket.no\\\/index.php\\\/retningslinjer-for-utstillingskomite\\\/#breadcrumb\",\"itemListElement\":[{\"@type\":\"ListItem\",\"position\":1,\"name\":\"Home\",\"item\":\"https:\\\/\\\/bekkalokket.no\\\/\"},{\"@type\":\"ListItem\",\"position\":2,\"name\":\"Retningslinjer for Utstillingskomit\u00e9 &#8211; oppdatert 2019\"}]},{\"@type\":\"WebSite\",\"@id\":\"https:\\\/\\\/bekkalokket.no\\\/#website\",\"url\":\"https:\\\/\\\/bekkalokket.no\\\/\",\"name\":\"Bekkalokket Fotoklubb\",\"description\":\"En sosial og aktiv fotoklubb i Bergen\",\"potentialAction\":[{\"@type\":\"SearchAction\",\"target\":{\"@type\":\"EntryPoint\",\"urlTemplate\":\"https:\\\/\\\/bekkalokket.no\\\/?s={search_term_string}\"},\"query-input\":{\"@type\":\"PropertyValueSpecification\",\"valueRequired\":true,\"valueName\":\"search_term_string\"}}],\"inLanguage\":\"nb-NO\"}]}<\/script>\n<!-- \/ Yoast SEO plugin. -->","yoast_head_json":{"title":"Retningslinjer for Utstillingskomit\u00e9 - oppdatert 2019 - Bekkalokket Fotoklubb","robots":{"index":"index","follow":"follow","max-snippet":"max-snippet:-1","max-image-preview":"max-image-preview:large","max-video-preview":"max-video-preview:-1"},"canonical":"https:\/\/bekkalokket.no\/index.php\/retningslinjer-for-utstillingskomite\/","og_locale":"nb_NO","og_type":"article","og_title":"Retningslinjer for Utstillingskomit\u00e9 - oppdatert 2019 - Bekkalokket Fotoklubb","og_description":"Leder i utstillingskomiteen er styremedlem i klubbens styre. Dette for \u00e5 kunne informere styret om planer, \u00f8konomi og samarbeid. Komit\u00e9en b\u00f8r best\u00e5 av maks 7 medlemmer. Komit\u00e9en har ansvaret for: Vindusutstilling hos Japan Foto,&#46;&#46;&#46;","og_url":"https:\/\/bekkalokket.no\/index.php\/retningslinjer-for-utstillingskomite\/","og_site_name":"Bekkalokket Fotoklubb","article_modified_time":"2020-01-27T15:37:14+00:00","twitter_card":"summary_large_image","twitter_misc":{"Ansl. lesetid":"1 minutt"},"schema":{"@context":"https:\/\/schema.org","@graph":[{"@type":"WebPage","@id":"https:\/\/bekkalokket.no\/index.php\/retningslinjer-for-utstillingskomite\/","url":"https:\/\/bekkalokket.no\/index.php\/retningslinjer-for-utstillingskomite\/","name":"Retningslinjer for Utstillingskomit\u00e9 - oppdatert 2019 - Bekkalokket Fotoklubb","isPartOf":{"@id":"https:\/\/bekkalokket.no\/#website"},"datePublished":"2019-01-03T17:43:32+00:00","dateModified":"2020-01-27T15:37:14+00:00","breadcrumb":{"@id":"https:\/\/bekkalokket.no\/index.php\/retningslinjer-for-utstillingskomite\/#breadcrumb"},"inLanguage":"nb-NO","potentialAction":[{"@type":"ReadAction","target":["https:\/\/bekkalokket.no\/index.php\/retningslinjer-for-utstillingskomite\/"]}]},{"@type":"BreadcrumbList","@id":"https:\/\/bekkalokket.no\/index.php\/retningslinjer-for-utstillingskomite\/#breadcrumb","itemListElement":[{"@type":"ListItem","position":1,"name":"Home","item":"https:\/\/bekkalokket.no\/"},{"@type":"ListItem","position":2,"name":"Retningslinjer for Utstillingskomit\u00e9 &#8211; oppdatert 2019"}]},{"@type":"WebSite","@id":"https:\/\/bekkalokket.no\/#website","url":"https:\/\/bekkalokket.no\/","name":"Bekkalokket Fotoklubb","description":"En sosial og aktiv fotoklubb i Bergen","potentialAction":[{"@type":"SearchAction","target":{"@type":"EntryPoint","urlTemplate":"https:\/\/bekkalokket.no\/?s={search_term_string}"},"query-input":{"@type":"PropertyValueSpecification","valueRequired":true,"valueName":"search_term_string"}}],"inLanguage":"nb-NO"}]}},"_links":{"self":[{"href":"https:\/\/bekkalokket.no\/index.php\/wp-json\/wp\/v2\/pages\/2413","targetHints":{"allow":["GET"]}}],"collection":[{"href":"https:\/\/bekkalokket.no\/index.php\/wp-json\/wp\/v2\/pages"}],"about":[{"href":"https:\/\/bekkalokket.no\/index.php\/wp-json\/wp\/v2\/types\/page"}],"author":[{"embeddable":true,"href":"https:\/\/bekkalokket.no\/index.php\/wp-json\/wp\/v2\/users\/2"}],"replies":[{"embeddable":true,"href":"https:\/\/bekkalokket.no\/index.php\/wp-json\/wp\/v2\/comments?post=2413"}],"version-history":[{"count":2,"href":"https:\/\/bekkalokket.no\/index.php\/wp-json\/wp\/v2\/pages\/2413\/revisions"}],"predecessor-version":[{"id":2920,"href":"https:\/\/bekkalokket.no\/index.php\/wp-json\/wp\/v2\/pages\/2413\/revisions\/2920"}],"wp:attachment":[{"href":"https:\/\/bekkalokket.no\/index.php\/wp-json\/wp\/v2\/media?parent=2413"}],"curies":[{"name":"wp","href":"https:\/\/api.w.org\/{rel}","templated":true}]}}