{"id":2421,"date":"2019-01-03T19:45:06","date_gmt":"2019-01-03T17:45:06","guid":{"rendered":"https:\/\/bekkalokket.no\/?page_id=2421"},"modified":"2023-04-30T14:00:14","modified_gmt":"2023-04-30T12:00:14","slug":"retningslinjer-for-arets-bilde","status":"publish","type":"page","link":"https:\/\/bekkalokket.no\/index.php\/retningslinjer-for-arets-bilde\/","title":{"rendered":"Retningslinjer for \u00c5rets bilde"},"content":{"rendered":"<h3>Form\u00e5l<\/h3>\n<div>Stimulere til fotoaktivitet blant medlemmene. Premiere det bildet som medlemmene selv mener skal k\u00e5res til v\u00e6re det beste bildet dette \u00e5ret.<\/div>\n<h3>Regler for deltakelse<\/h3>\n<ul>\n<li>Deltakere m\u00e5 v\u00e6re medlem av Bekkalokket Fotoklubb.<\/li>\n<li>Hver deltaker kan levere inn to bilder.<\/li>\n<li>Innlevering skjer via NSFF.<\/li>\n<li>Frist for innlevering vil bli opplyst i invitasjon.<\/li>\n<li>Det er gratis \u00e5 delta.<\/li>\n<li>Fotografens navn skal holdes hemmelig.<\/li>\n<li>Bildene m\u00e5 v\u00e6re tatt i innev\u00e6rende \u00e5r, dvs 1.desember \u00e5ret f\u00f8r, til 30.november.<\/li>\n<li>Dersom bildene er satt sammen av flere bilder, m\u00e5 hovedmotivet v\u00e6re tatt mellom 1.desember og 30.november.<\/li>\n<li>Kun digitale bilder.<\/li>\n<li>Bildene m\u00e5 v\u00e6re i jpg-format, lengste side skal v\u00e6re 2400 pixler, maks filst\u00f8rrelse 3MB.<\/li>\n<\/ul>\n<h3>Regler for avstemming<\/h3>\n<ul>\n<li>Videofil med bilder vises p\u00e5 klubbm\u00f8tet, og video legges p\u00e5 nett for dem som ikke er p\u00e5 m\u00f8tet.<\/li>\n<li>Avstemning foreg\u00e5r digitalt, via sp\u00f8rreskjema.<\/li>\n<li>Har du levert inn bilder, M\u00c5 du levere stemme, hvis ikke blir bildene dine diskvalifisert.<\/li>\n<li>Siste frist for stemming vil bli angitt i invitasjon.<\/li>\n<li>Det er ikke lov \u00e5 stemme p\u00e5 sine egne bilder.<\/li>\n<li>5 bilder skal rangeres med poengsum 1-5.<\/li>\n<li>Den autor (deltaker) som har f\u00e5tt flest poeng, har vunnet \u00ab\u00c5rets bilde\u00bb.<\/li>\n<li>Dersom det er to eller flere bilder som f\u00e5r like mange poeng, skal det bildet som har f\u00e5tt flest nr.1 rangering bli \u00ab\u00c5rets bilde\u00bb.<\/li>\n<li>Stemmeskjema inneholder link til video, og skjema vil bli sendt ut like f\u00f8r m\u00f8tet starter.<\/li>\n<\/ul>\n<h3>Premiering<\/h3>\n<ul>\n<li>Kun ett bilde vil bli valgt ut.<\/li>\n<li>Vinner av \u00ab\u00c5rets bilde\u00bb f\u00e5r en glasspokal i premie.<\/li>\n<\/ul>\n<h3>N\u00e5r \/ hvor<\/h3>\n<p>Avstemning skjer p\u00e5 siste ordin\u00e6re medlemsm\u00f8te f\u00f8r jul. Offentliggj\u00f8ring av vinner og utdeling av premie skjer p\u00e5 julefesten samme \u00e5r.<\/p>\n<p>Endret 26.01.2023 av Styret i Bekkalokket fotoklubb<\/p>\n","protected":false},"excerpt":{"rendered":"<p>Form\u00e5l Stimulere til fotoaktivitet blant medlemmene. Premiere det bildet som medlemmene selv mener skal k\u00e5res til v\u00e6re det beste bildet dette \u00e5ret. Regler for deltakelse Deltakere m\u00e5 v\u00e6re medlem av Bekkalokket Fotoklubb. Hver deltaker&#46;&#46;&#46;<\/p>\n","protected":false},"author":2,"featured_media":0,"parent":0,"menu_order":0,"comment_status":"closed","ping_status":"closed","template":"","meta":{"footnotes":""},"class_list":["post-2421","page","type-page","status-publish","hentry"],"yoast_head":"<!-- This site is optimized with the Yoast SEO plugin v27.4 - https:\/\/yoast.com\/product\/yoast-seo-wordpress\/ -->\n<title>Retningslinjer for \u00c5rets bilde - Bekkalokket Fotoklubb<\/title>\n<meta name=\"robots\" content=\"index, follow, max-snippet:-1, max-image-preview:large, max-video-preview:-1\" \/>\n<link rel=\"canonical\" href=\"https:\/\/bekkalokket.no\/index.php\/retningslinjer-for-arets-bilde\/\" \/>\n<meta property=\"og:locale\" content=\"nb_NO\" \/>\n<meta property=\"og:type\" content=\"article\" \/>\n<meta property=\"og:title\" content=\"Retningslinjer for \u00c5rets bilde - Bekkalokket Fotoklubb\" \/>\n<meta property=\"og:description\" content=\"Form\u00e5l Stimulere til fotoaktivitet blant medlemmene. Premiere det bildet som medlemmene selv mener skal k\u00e5res til v\u00e6re det beste bildet dette \u00e5ret. Regler for deltakelse Deltakere m\u00e5 v\u00e6re medlem av Bekkalokket Fotoklubb. Hver deltaker&#046;&#046;&#046;\" \/>\n<meta property=\"og:url\" content=\"https:\/\/bekkalokket.no\/index.php\/retningslinjer-for-arets-bilde\/\" \/>\n<meta property=\"og:site_name\" content=\"Bekkalokket Fotoklubb\" \/>\n<meta property=\"article:modified_time\" content=\"2023-04-30T12:00:14+00:00\" \/>\n<meta name=\"twitter:card\" content=\"summary_large_image\" \/>\n<meta name=\"twitter:label1\" content=\"Ansl. lesetid\" \/>\n\t<meta name=\"twitter:data1\" content=\"2 minutter\" \/>\n<script type=\"application\/ld+json\" class=\"yoast-schema-graph\">{\"@context\":\"https:\\\/\\\/schema.org\",\"@graph\":[{\"@type\":\"WebPage\",\"@id\":\"https:\\\/\\\/bekkalokket.no\\\/index.php\\\/retningslinjer-for-arets-bilde\\\/\",\"url\":\"https:\\\/\\\/bekkalokket.no\\\/index.php\\\/retningslinjer-for-arets-bilde\\\/\",\"name\":\"Retningslinjer for \u00c5rets bilde - Bekkalokket Fotoklubb\",\"isPartOf\":{\"@id\":\"https:\\\/\\\/bekkalokket.no\\\/#website\"},\"datePublished\":\"2019-01-03T17:45:06+00:00\",\"dateModified\":\"2023-04-30T12:00:14+00:00\",\"breadcrumb\":{\"@id\":\"https:\\\/\\\/bekkalokket.no\\\/index.php\\\/retningslinjer-for-arets-bilde\\\/#breadcrumb\"},\"inLanguage\":\"nb-NO\",\"potentialAction\":[{\"@type\":\"ReadAction\",\"target\":[\"https:\\\/\\\/bekkalokket.no\\\/index.php\\\/retningslinjer-for-arets-bilde\\\/\"]}]},{\"@type\":\"BreadcrumbList\",\"@id\":\"https:\\\/\\\/bekkalokket.no\\\/index.php\\\/retningslinjer-for-arets-bilde\\\/#breadcrumb\",\"itemListElement\":[{\"@type\":\"ListItem\",\"position\":1,\"name\":\"Home\",\"item\":\"https:\\\/\\\/bekkalokket.no\\\/\"},{\"@type\":\"ListItem\",\"position\":2,\"name\":\"Retningslinjer for \u00c5rets bilde\"}]},{\"@type\":\"WebSite\",\"@id\":\"https:\\\/\\\/bekkalokket.no\\\/#website\",\"url\":\"https:\\\/\\\/bekkalokket.no\\\/\",\"name\":\"Bekkalokket Fotoklubb\",\"description\":\"En sosial og aktiv fotoklubb i Bergen\",\"potentialAction\":[{\"@type\":\"SearchAction\",\"target\":{\"@type\":\"EntryPoint\",\"urlTemplate\":\"https:\\\/\\\/bekkalokket.no\\\/?s={search_term_string}\"},\"query-input\":{\"@type\":\"PropertyValueSpecification\",\"valueRequired\":true,\"valueName\":\"search_term_string\"}}],\"inLanguage\":\"nb-NO\"}]}<\/script>\n<!-- \/ Yoast SEO plugin. -->","yoast_head_json":{"title":"Retningslinjer for \u00c5rets bilde - Bekkalokket Fotoklubb","robots":{"index":"index","follow":"follow","max-snippet":"max-snippet:-1","max-image-preview":"max-image-preview:large","max-video-preview":"max-video-preview:-1"},"canonical":"https:\/\/bekkalokket.no\/index.php\/retningslinjer-for-arets-bilde\/","og_locale":"nb_NO","og_type":"article","og_title":"Retningslinjer for \u00c5rets bilde - Bekkalokket Fotoklubb","og_description":"Form\u00e5l Stimulere til fotoaktivitet blant medlemmene. Premiere det bildet som medlemmene selv mener skal k\u00e5res til v\u00e6re det beste bildet dette \u00e5ret. Regler for deltakelse Deltakere m\u00e5 v\u00e6re medlem av Bekkalokket Fotoklubb. Hver deltaker&#46;&#46;&#46;","og_url":"https:\/\/bekkalokket.no\/index.php\/retningslinjer-for-arets-bilde\/","og_site_name":"Bekkalokket Fotoklubb","article_modified_time":"2023-04-30T12:00:14+00:00","twitter_card":"summary_large_image","twitter_misc":{"Ansl. lesetid":"2 minutter"},"schema":{"@context":"https:\/\/schema.org","@graph":[{"@type":"WebPage","@id":"https:\/\/bekkalokket.no\/index.php\/retningslinjer-for-arets-bilde\/","url":"https:\/\/bekkalokket.no\/index.php\/retningslinjer-for-arets-bilde\/","name":"Retningslinjer for \u00c5rets bilde - Bekkalokket Fotoklubb","isPartOf":{"@id":"https:\/\/bekkalokket.no\/#website"},"datePublished":"2019-01-03T17:45:06+00:00","dateModified":"2023-04-30T12:00:14+00:00","breadcrumb":{"@id":"https:\/\/bekkalokket.no\/index.php\/retningslinjer-for-arets-bilde\/#breadcrumb"},"inLanguage":"nb-NO","potentialAction":[{"@type":"ReadAction","target":["https:\/\/bekkalokket.no\/index.php\/retningslinjer-for-arets-bilde\/"]}]},{"@type":"BreadcrumbList","@id":"https:\/\/bekkalokket.no\/index.php\/retningslinjer-for-arets-bilde\/#breadcrumb","itemListElement":[{"@type":"ListItem","position":1,"name":"Home","item":"https:\/\/bekkalokket.no\/"},{"@type":"ListItem","position":2,"name":"Retningslinjer for \u00c5rets bilde"}]},{"@type":"WebSite","@id":"https:\/\/bekkalokket.no\/#website","url":"https:\/\/bekkalokket.no\/","name":"Bekkalokket Fotoklubb","description":"En sosial og aktiv fotoklubb i Bergen","potentialAction":[{"@type":"SearchAction","target":{"@type":"EntryPoint","urlTemplate":"https:\/\/bekkalokket.no\/?s={search_term_string}"},"query-input":{"@type":"PropertyValueSpecification","valueRequired":true,"valueName":"search_term_string"}}],"inLanguage":"nb-NO"}]}},"_links":{"self":[{"href":"https:\/\/bekkalokket.no\/index.php\/wp-json\/wp\/v2\/pages\/2421","targetHints":{"allow":["GET"]}}],"collection":[{"href":"https:\/\/bekkalokket.no\/index.php\/wp-json\/wp\/v2\/pages"}],"about":[{"href":"https:\/\/bekkalokket.no\/index.php\/wp-json\/wp\/v2\/types\/page"}],"author":[{"embeddable":true,"href":"https:\/\/bekkalokket.no\/index.php\/wp-json\/wp\/v2\/users\/2"}],"replies":[{"embeddable":true,"href":"https:\/\/bekkalokket.no\/index.php\/wp-json\/wp\/v2\/comments?post=2421"}],"version-history":[{"count":4,"href":"https:\/\/bekkalokket.no\/index.php\/wp-json\/wp\/v2\/pages\/2421\/revisions"}],"predecessor-version":[{"id":5930,"href":"https:\/\/bekkalokket.no\/index.php\/wp-json\/wp\/v2\/pages\/2421\/revisions\/5930"}],"wp:attachment":[{"href":"https:\/\/bekkalokket.no\/index.php\/wp-json\/wp\/v2\/media?parent=2421"}],"curies":[{"name":"wp","href":"https:\/\/api.w.org\/{rel}","templated":true}]}}