{"id":2425,"date":"2021-01-21T21:48:00","date_gmt":"2021-01-21T19:48:00","guid":{"rendered":"https:\/\/bekkalokket.no\/?page_id=2425"},"modified":"2021-01-08T00:55:53","modified_gmt":"2021-01-07T22:55:53","slug":"retningslinjer-for-stipend","status":"publish","type":"page","link":"https:\/\/bekkalokket.no\/index.php\/retningslinjer-for-stipend\/","title":{"rendered":"Retningslinjer for stipend"},"content":{"rendered":"<p>Stipend er tiltenkt medlemmer av Bekkalokket Fotoklubb, som enten alene eller i samarbeid med andre medlemmer, \u00f8nsker \u00e5 sette i gang med fotografiske prosjekter. Det kan dreie seg om fotoutstilling, bokutgivelse med fotografisk tilsnitt, eller lignende prosjekter. Prosjektet m\u00e5 v\u00e6re av en viss st\u00f8rrelse og utover en enkel salgsutstilling p\u00e5 en kafe. Stipendet er ment for \u00e5 stimulere Bekkalokket Fotoklubb sine medlemmer til \u00e5 g\u00e5 i gang med fotografiske prosjekter, som i utgangspunktet av \u00f8konomiske grunner vil v\u00e6re vanskelig \u00e5 iverksette.<\/p>\n<p>Det forutsettes at medlemmet er medlem i BFK og har v\u00e6rt medlem av BFK i minimum 2 \u00e5r. Dersom manglende kontingentbetaling eller mislighold av avtalen, vil stipendet bli krevd tilbakebetalt<br \/>\n\u2022 Det skal fremlegges et budsjett og en prosjektbeskrivelse med gjennomf\u00f8ringsplan<br \/>\n\u2022 S\u00f8knaden behandles av styret. S\u00f8knadsfrist 1.desember<br \/>\n\u2022 Det kan s\u00f8kes gjennom hele \u00e5ret. Styret vil gi en aksept p\u00e5 om prosjektet kvalifiserer, men bel\u00f8pes st\u00f8rrelse vil bli avgjort n\u00e5r styret behandler alle s\u00f8knadene etter 1. desember.<br \/>\n\u2022 Stipend gis med inntil kr.5.000,-<br \/>\n\u2022 Prosjektet skal presenteres p\u00e5 et klubbm\u00f8te.<br \/>\n\u2022 Det skal komme frem i en eller annen form at prosjektet er st\u00f8ttet av Bekkalokket Fotoklubb<br \/>\n\u2022 Ordningen med stipend er avhengig av \u00e5rsm\u00f8tets st\u00f8tte hvert \u00e5r.<br \/>\n\u2022 Styret vil gjennom \u00e5ret opplyse om at det finnes stipendmidler.<\/p>\n","protected":false},"excerpt":{"rendered":"<p>Stipend er tiltenkt medlemmer av Bekkalokket Fotoklubb, som enten alene eller i samarbeid med andre medlemmer, \u00f8nsker \u00e5 sette i gang med fotografiske prosjekter. Det kan dreie seg om fotoutstilling, bokutgivelse med fotografisk tilsnitt,&#46;&#46;&#46;<\/p>\n","protected":false},"author":2,"featured_media":0,"parent":0,"menu_order":0,"comment_status":"closed","ping_status":"closed","template":"","meta":{"footnotes":""},"class_list":["post-2425","page","type-page","status-publish","hentry"],"yoast_head":"<!-- This site is optimized with the Yoast SEO plugin v27.5 - https:\/\/yoast.com\/product\/yoast-seo-wordpress\/ -->\n<title>Retningslinjer for stipend - Bekkalokket Fotoklubb<\/title>\n<meta name=\"robots\" content=\"index, follow, max-snippet:-1, max-image-preview:large, max-video-preview:-1\" \/>\n<link rel=\"canonical\" href=\"https:\/\/bekkalokket.no\/index.php\/retningslinjer-for-stipend\/\" \/>\n<meta property=\"og:locale\" content=\"nb_NO\" \/>\n<meta property=\"og:type\" content=\"article\" \/>\n<meta property=\"og:title\" content=\"Retningslinjer for stipend - Bekkalokket Fotoklubb\" \/>\n<meta property=\"og:description\" content=\"Stipend er tiltenkt medlemmer av Bekkalokket Fotoklubb, som enten alene eller i samarbeid med andre medlemmer, \u00f8nsker \u00e5 sette i gang med fotografiske prosjekter. Det kan dreie seg om fotoutstilling, bokutgivelse med fotografisk tilsnitt,&#046;&#046;&#046;\" \/>\n<meta property=\"og:url\" content=\"https:\/\/bekkalokket.no\/index.php\/retningslinjer-for-stipend\/\" \/>\n<meta property=\"og:site_name\" content=\"Bekkalokket Fotoklubb\" \/>\n<meta name=\"twitter:card\" content=\"summary_large_image\" \/>\n<meta name=\"twitter:label1\" content=\"Ansl. lesetid\" \/>\n\t<meta name=\"twitter:data1\" content=\"1 minutt\" \/>\n<script type=\"application\/ld+json\" class=\"yoast-schema-graph\">{\"@context\":\"https:\\\/\\\/schema.org\",\"@graph\":[{\"@type\":\"WebPage\",\"@id\":\"https:\\\/\\\/bekkalokket.no\\\/index.php\\\/retningslinjer-for-stipend\\\/\",\"url\":\"https:\\\/\\\/bekkalokket.no\\\/index.php\\\/retningslinjer-for-stipend\\\/\",\"name\":\"Retningslinjer for stipend - Bekkalokket Fotoklubb\",\"isPartOf\":{\"@id\":\"https:\\\/\\\/bekkalokket.no\\\/#website\"},\"datePublished\":\"2021-01-21T19:48:00+00:00\",\"breadcrumb\":{\"@id\":\"https:\\\/\\\/bekkalokket.no\\\/index.php\\\/retningslinjer-for-stipend\\\/#breadcrumb\"},\"inLanguage\":\"nb-NO\",\"potentialAction\":[{\"@type\":\"ReadAction\",\"target\":[\"https:\\\/\\\/bekkalokket.no\\\/index.php\\\/retningslinjer-for-stipend\\\/\"]}]},{\"@type\":\"BreadcrumbList\",\"@id\":\"https:\\\/\\\/bekkalokket.no\\\/index.php\\\/retningslinjer-for-stipend\\\/#breadcrumb\",\"itemListElement\":[{\"@type\":\"ListItem\",\"position\":1,\"name\":\"Home\",\"item\":\"https:\\\/\\\/bekkalokket.no\\\/\"},{\"@type\":\"ListItem\",\"position\":2,\"name\":\"Retningslinjer for stipend\"}]},{\"@type\":\"WebSite\",\"@id\":\"https:\\\/\\\/bekkalokket.no\\\/#website\",\"url\":\"https:\\\/\\\/bekkalokket.no\\\/\",\"name\":\"Bekkalokket Fotoklubb\",\"description\":\"En sosial og aktiv fotoklubb i Bergen\",\"potentialAction\":[{\"@type\":\"SearchAction\",\"target\":{\"@type\":\"EntryPoint\",\"urlTemplate\":\"https:\\\/\\\/bekkalokket.no\\\/?s={search_term_string}\"},\"query-input\":{\"@type\":\"PropertyValueSpecification\",\"valueRequired\":true,\"valueName\":\"search_term_string\"}}],\"inLanguage\":\"nb-NO\"}]}<\/script>\n<!-- \/ Yoast SEO plugin. -->","yoast_head_json":{"title":"Retningslinjer for stipend - Bekkalokket Fotoklubb","robots":{"index":"index","follow":"follow","max-snippet":"max-snippet:-1","max-image-preview":"max-image-preview:large","max-video-preview":"max-video-preview:-1"},"canonical":"https:\/\/bekkalokket.no\/index.php\/retningslinjer-for-stipend\/","og_locale":"nb_NO","og_type":"article","og_title":"Retningslinjer for stipend - Bekkalokket Fotoklubb","og_description":"Stipend er tiltenkt medlemmer av Bekkalokket Fotoklubb, som enten alene eller i samarbeid med andre medlemmer, \u00f8nsker \u00e5 sette i gang med fotografiske prosjekter. Det kan dreie seg om fotoutstilling, bokutgivelse med fotografisk tilsnitt,&#46;&#46;&#46;","og_url":"https:\/\/bekkalokket.no\/index.php\/retningslinjer-for-stipend\/","og_site_name":"Bekkalokket Fotoklubb","twitter_card":"summary_large_image","twitter_misc":{"Ansl. lesetid":"1 minutt"},"schema":{"@context":"https:\/\/schema.org","@graph":[{"@type":"WebPage","@id":"https:\/\/bekkalokket.no\/index.php\/retningslinjer-for-stipend\/","url":"https:\/\/bekkalokket.no\/index.php\/retningslinjer-for-stipend\/","name":"Retningslinjer for stipend - Bekkalokket Fotoklubb","isPartOf":{"@id":"https:\/\/bekkalokket.no\/#website"},"datePublished":"2021-01-21T19:48:00+00:00","breadcrumb":{"@id":"https:\/\/bekkalokket.no\/index.php\/retningslinjer-for-stipend\/#breadcrumb"},"inLanguage":"nb-NO","potentialAction":[{"@type":"ReadAction","target":["https:\/\/bekkalokket.no\/index.php\/retningslinjer-for-stipend\/"]}]},{"@type":"BreadcrumbList","@id":"https:\/\/bekkalokket.no\/index.php\/retningslinjer-for-stipend\/#breadcrumb","itemListElement":[{"@type":"ListItem","position":1,"name":"Home","item":"https:\/\/bekkalokket.no\/"},{"@type":"ListItem","position":2,"name":"Retningslinjer for stipend"}]},{"@type":"WebSite","@id":"https:\/\/bekkalokket.no\/#website","url":"https:\/\/bekkalokket.no\/","name":"Bekkalokket Fotoklubb","description":"En sosial og aktiv fotoklubb i Bergen","potentialAction":[{"@type":"SearchAction","target":{"@type":"EntryPoint","urlTemplate":"https:\/\/bekkalokket.no\/?s={search_term_string}"},"query-input":{"@type":"PropertyValueSpecification","valueRequired":true,"valueName":"search_term_string"}}],"inLanguage":"nb-NO"}]}},"_links":{"self":[{"href":"https:\/\/bekkalokket.no\/index.php\/wp-json\/wp\/v2\/pages\/2425","targetHints":{"allow":["GET"]}}],"collection":[{"href":"https:\/\/bekkalokket.no\/index.php\/wp-json\/wp\/v2\/pages"}],"about":[{"href":"https:\/\/bekkalokket.no\/index.php\/wp-json\/wp\/v2\/types\/page"}],"author":[{"embeddable":true,"href":"https:\/\/bekkalokket.no\/index.php\/wp-json\/wp\/v2\/users\/2"}],"replies":[{"embeddable":true,"href":"https:\/\/bekkalokket.no\/index.php\/wp-json\/wp\/v2\/comments?post=2425"}],"version-history":[{"count":4,"href":"https:\/\/bekkalokket.no\/index.php\/wp-json\/wp\/v2\/pages\/2425\/revisions"}],"predecessor-version":[{"id":3544,"href":"https:\/\/bekkalokket.no\/index.php\/wp-json\/wp\/v2\/pages\/2425\/revisions\/3544"}],"wp:attachment":[{"href":"https:\/\/bekkalokket.no\/index.php\/wp-json\/wp\/v2\/media?parent=2425"}],"curies":[{"name":"wp","href":"https:\/\/api.w.org\/{rel}","templated":true}]}}