{"id":2429,"date":"2019-01-03T19:54:01","date_gmt":"2019-01-03T17:54:01","guid":{"rendered":"https:\/\/bekkalokket.no\/?page_id=2429"},"modified":"2019-01-03T19:54:01","modified_gmt":"2019-01-03T17:54:01","slug":"retningslinje-for-kasserer","status":"publish","type":"page","link":"https:\/\/bekkalokket.no\/index.php\/retningslinje-for-kasserer\/","title":{"rendered":"Retningslinje for kasserer"},"content":{"rendered":"<p><strong>Innmelding av nye medlemmer<\/strong><\/p>\n<ul>\n<li>S\u00f8rge for at innmeldingskjema er fylt ut og arkivere denne i egen mappe.<\/li>\n<li>Registrere medlemmet i Excel \u00abMedlemsliste Total\u00bb database. Dropboks, Styret \/ \u00d8konomi \/ Medlemsadministrasjon\/medlemslister.<\/li>\n<li>\u00d8ke medlemsantall i regnskapet i Excel, og under fane \u00abNye Medlemmer\u00bb , Dropboks , Styret \/ \u00d8konomi \/ \u00c5rstall \/ BFKregnskap20.<\/li>\n<li>Opprette medlemmet i e-postlisten \u00abmedlemmer Bekkalokket\u00bb i Google Group.<\/li>\n<li>Sende velkomsthilsen p\u00e5 e-post til det nye medlemmer med info om kontingent og om registreringen i e-postlisten.<\/li>\n<\/ul>\n<p><strong>Innbetaling av kontingent<\/strong><\/p>\n<ul>\n<li>F\u00f8re bilaget i hovedbok i regnskapet og \u00f8ke antall betalt kontingent.<\/li>\n<li>Registrere innbetalingen i Excel \u00abMedlemsliste Total\u00bb database.<\/li>\n<li>Melde medlemmet inn i NSFF.no og registrere innbetaling i NSFF.<\/li>\n<\/ul>\n<p><strong>Utmelding av medlemmer<\/strong><\/p>\n<ul>\n<li>Svare p\u00e5 e-post fra medlemmet, velkommen tilbake.<\/li>\n<li>Melde ut i Excel \u00abMedlemsliste Total\u00bb database.<\/li>\n<li>Slette medlemmet i e-postlisten i Google Groups.<\/li>\n<li>\u00d8ke antall i regnskapet i Excel, sluttet i 20.. , Dropboks , Styret \/ \u00d8konomi \/ \u00c5rstall \/ BFKregnskap20..<\/li>\n<li>Melde medlemmet ut av NSFF.no<\/li>\n<\/ul>\n<p><strong>F\u00f8ring av regnskap<\/strong><\/p>\n<ul>\n<li>Foreta alle utbetalinger fra bank.<\/li>\n<li>F\u00f8re alle inng\u00e5ende og utg\u00e5ende bilag i hovedbok: \u00abDropboks, Styret \/ \u00d8konomi \/\u00c5rstall\/BFKregnskap_20\u2014<\/li>\n<li>F\u00f8re alle Vipps innbetalinger i hovedbok.<\/li>\n<li>Kontrollere alle inn og utbetalinger fra bank stemmer med bankutskrift.<\/li>\n<li>F\u00f8re delregnskap for hver komite\u2019, 1st Fjord Bergen og Vestkyst konkurransen.<\/li>\n<li>F\u00f8re statistikk for sommerfester, julefester, inspirasjonsdager\/workshop<\/li>\n<li>F\u00f8re regnskap og oversikt av salget p\u00e5 jubileumsboken og annet salg.<\/li>\n<li>F\u00f8re regnskap for Kjellermester (matpenger).<\/li>\n<li>F\u00f8re regnskap p\u00e5 printere.<\/li>\n<li>F\u00f8re statistikk for Grasrotandelen.<\/li>\n<li>Legge frem regnskap og resultat i forhold til budsjett p\u00e5 hvert styrem\u00f8te og p\u00e5 \u00e5rsm\u00f8te.<\/li>\n<li>Ansvarlig for klubbkassen og matkassen.<\/li>\n<li>Ha oversikt over gjeld og utest\u00e5ende fordringer.<\/li>\n<\/ul>\n<p><strong>Budsjett<\/strong><\/p>\n<ul>\n<li>Lage forslag til styret for neste \u00e5rs budsjett.<\/li>\n<li>Legge frem budsjettforslag til \u00e5rsm\u00f8te<\/li>\n<li>Oppf\u00f8lging av budsjett i forhold til regnskap.<\/li>\n<\/ul>\n","protected":false},"excerpt":{"rendered":"<p>Innmelding av nye medlemmer S\u00f8rge for at innmeldingskjema er fylt ut og arkivere denne i egen mappe. Registrere medlemmet i Excel \u00abMedlemsliste Total\u00bb database. Dropboks, Styret \/ \u00d8konomi \/ Medlemsadministrasjon\/medlemslister. \u00d8ke medlemsantall i regnskapet&#46;&#46;&#46;<\/p>\n","protected":false},"author":2,"featured_media":0,"parent":0,"menu_order":0,"comment_status":"closed","ping_status":"closed","template":"","meta":{"footnotes":""},"class_list":["post-2429","page","type-page","status-publish","hentry"],"yoast_head":"<!-- This site is optimized with the Yoast SEO plugin v27.5 - https:\/\/yoast.com\/product\/yoast-seo-wordpress\/ -->\n<title>Retningslinje for kasserer - Bekkalokket Fotoklubb<\/title>\n<meta name=\"robots\" content=\"index, follow, max-snippet:-1, max-image-preview:large, max-video-preview:-1\" \/>\n<link rel=\"canonical\" href=\"https:\/\/bekkalokket.no\/index.php\/retningslinje-for-kasserer\/\" \/>\n<meta property=\"og:locale\" content=\"nb_NO\" \/>\n<meta property=\"og:type\" content=\"article\" \/>\n<meta property=\"og:title\" content=\"Retningslinje for kasserer - Bekkalokket Fotoklubb\" \/>\n<meta property=\"og:description\" content=\"Innmelding av nye medlemmer S\u00f8rge for at innmeldingskjema er fylt ut og arkivere denne i egen mappe. Registrere medlemmet i Excel \u00abMedlemsliste Total\u00bb database. Dropboks, Styret \/ \u00d8konomi \/ Medlemsadministrasjon\/medlemslister. \u00d8ke medlemsantall i regnskapet&#046;&#046;&#046;\" \/>\n<meta property=\"og:url\" content=\"https:\/\/bekkalokket.no\/index.php\/retningslinje-for-kasserer\/\" \/>\n<meta property=\"og:site_name\" content=\"Bekkalokket Fotoklubb\" \/>\n<meta name=\"twitter:card\" content=\"summary_large_image\" \/>\n<meta name=\"twitter:label1\" content=\"Ansl. lesetid\" \/>\n\t<meta name=\"twitter:data1\" content=\"1 minutt\" \/>\n<script type=\"application\/ld+json\" class=\"yoast-schema-graph\">{\"@context\":\"https:\\\/\\\/schema.org\",\"@graph\":[{\"@type\":\"WebPage\",\"@id\":\"https:\\\/\\\/bekkalokket.no\\\/index.php\\\/retningslinje-for-kasserer\\\/\",\"url\":\"https:\\\/\\\/bekkalokket.no\\\/index.php\\\/retningslinje-for-kasserer\\\/\",\"name\":\"Retningslinje for kasserer - Bekkalokket Fotoklubb\",\"isPartOf\":{\"@id\":\"https:\\\/\\\/bekkalokket.no\\\/#website\"},\"datePublished\":\"2019-01-03T17:54:01+00:00\",\"breadcrumb\":{\"@id\":\"https:\\\/\\\/bekkalokket.no\\\/index.php\\\/retningslinje-for-kasserer\\\/#breadcrumb\"},\"inLanguage\":\"nb-NO\",\"potentialAction\":[{\"@type\":\"ReadAction\",\"target\":[\"https:\\\/\\\/bekkalokket.no\\\/index.php\\\/retningslinje-for-kasserer\\\/\"]}]},{\"@type\":\"BreadcrumbList\",\"@id\":\"https:\\\/\\\/bekkalokket.no\\\/index.php\\\/retningslinje-for-kasserer\\\/#breadcrumb\",\"itemListElement\":[{\"@type\":\"ListItem\",\"position\":1,\"name\":\"Home\",\"item\":\"https:\\\/\\\/bekkalokket.no\\\/\"},{\"@type\":\"ListItem\",\"position\":2,\"name\":\"Retningslinje for kasserer\"}]},{\"@type\":\"WebSite\",\"@id\":\"https:\\\/\\\/bekkalokket.no\\\/#website\",\"url\":\"https:\\\/\\\/bekkalokket.no\\\/\",\"name\":\"Bekkalokket Fotoklubb\",\"description\":\"En sosial og aktiv fotoklubb i Bergen\",\"potentialAction\":[{\"@type\":\"SearchAction\",\"target\":{\"@type\":\"EntryPoint\",\"urlTemplate\":\"https:\\\/\\\/bekkalokket.no\\\/?s={search_term_string}\"},\"query-input\":{\"@type\":\"PropertyValueSpecification\",\"valueRequired\":true,\"valueName\":\"search_term_string\"}}],\"inLanguage\":\"nb-NO\"}]}<\/script>\n<!-- \/ Yoast SEO plugin. -->","yoast_head_json":{"title":"Retningslinje for kasserer - Bekkalokket Fotoklubb","robots":{"index":"index","follow":"follow","max-snippet":"max-snippet:-1","max-image-preview":"max-image-preview:large","max-video-preview":"max-video-preview:-1"},"canonical":"https:\/\/bekkalokket.no\/index.php\/retningslinje-for-kasserer\/","og_locale":"nb_NO","og_type":"article","og_title":"Retningslinje for kasserer - Bekkalokket Fotoklubb","og_description":"Innmelding av nye medlemmer S\u00f8rge for at innmeldingskjema er fylt ut og arkivere denne i egen mappe. Registrere medlemmet i Excel \u00abMedlemsliste Total\u00bb database. Dropboks, Styret \/ \u00d8konomi \/ Medlemsadministrasjon\/medlemslister. \u00d8ke medlemsantall i regnskapet&#46;&#46;&#46;","og_url":"https:\/\/bekkalokket.no\/index.php\/retningslinje-for-kasserer\/","og_site_name":"Bekkalokket Fotoklubb","twitter_card":"summary_large_image","twitter_misc":{"Ansl. lesetid":"1 minutt"},"schema":{"@context":"https:\/\/schema.org","@graph":[{"@type":"WebPage","@id":"https:\/\/bekkalokket.no\/index.php\/retningslinje-for-kasserer\/","url":"https:\/\/bekkalokket.no\/index.php\/retningslinje-for-kasserer\/","name":"Retningslinje for kasserer - Bekkalokket Fotoklubb","isPartOf":{"@id":"https:\/\/bekkalokket.no\/#website"},"datePublished":"2019-01-03T17:54:01+00:00","breadcrumb":{"@id":"https:\/\/bekkalokket.no\/index.php\/retningslinje-for-kasserer\/#breadcrumb"},"inLanguage":"nb-NO","potentialAction":[{"@type":"ReadAction","target":["https:\/\/bekkalokket.no\/index.php\/retningslinje-for-kasserer\/"]}]},{"@type":"BreadcrumbList","@id":"https:\/\/bekkalokket.no\/index.php\/retningslinje-for-kasserer\/#breadcrumb","itemListElement":[{"@type":"ListItem","position":1,"name":"Home","item":"https:\/\/bekkalokket.no\/"},{"@type":"ListItem","position":2,"name":"Retningslinje for kasserer"}]},{"@type":"WebSite","@id":"https:\/\/bekkalokket.no\/#website","url":"https:\/\/bekkalokket.no\/","name":"Bekkalokket Fotoklubb","description":"En sosial og aktiv fotoklubb i Bergen","potentialAction":[{"@type":"SearchAction","target":{"@type":"EntryPoint","urlTemplate":"https:\/\/bekkalokket.no\/?s={search_term_string}"},"query-input":{"@type":"PropertyValueSpecification","valueRequired":true,"valueName":"search_term_string"}}],"inLanguage":"nb-NO"}]}},"_links":{"self":[{"href":"https:\/\/bekkalokket.no\/index.php\/wp-json\/wp\/v2\/pages\/2429","targetHints":{"allow":["GET"]}}],"collection":[{"href":"https:\/\/bekkalokket.no\/index.php\/wp-json\/wp\/v2\/pages"}],"about":[{"href":"https:\/\/bekkalokket.no\/index.php\/wp-json\/wp\/v2\/types\/page"}],"author":[{"embeddable":true,"href":"https:\/\/bekkalokket.no\/index.php\/wp-json\/wp\/v2\/users\/2"}],"replies":[{"embeddable":true,"href":"https:\/\/bekkalokket.no\/index.php\/wp-json\/wp\/v2\/comments?post=2429"}],"version-history":[{"count":1,"href":"https:\/\/bekkalokket.no\/index.php\/wp-json\/wp\/v2\/pages\/2429\/revisions"}],"predecessor-version":[{"id":2430,"href":"https:\/\/bekkalokket.no\/index.php\/wp-json\/wp\/v2\/pages\/2429\/revisions\/2430"}],"wp:attachment":[{"href":"https:\/\/bekkalokket.no\/index.php\/wp-json\/wp\/v2\/media?parent=2429"}],"curies":[{"name":"wp","href":"https:\/\/api.w.org\/{rel}","templated":true}]}}