{"id":2436,"date":"2019-01-03T20:16:35","date_gmt":"2019-01-03T18:16:35","guid":{"rendered":"https:\/\/bekkalokket.no\/?page_id=2436"},"modified":"2022-01-31T15:03:49","modified_gmt":"2022-01-31T13:03:49","slug":"statutter","status":"publish","type":"page","link":"https:\/\/bekkalokket.no\/index.php\/statutter\/","title":{"rendered":"Vedtekter for Bekkalokket Fotoklubb"},"content":{"rendered":"\n<p>&nbsp;<br>Bekkalokket Fotoklubb ble stiftet 21.mars 1977 i Bergen, av Jan Standal, Terje \u00d8en, Arne&nbsp;Br\u00e6nd\u00f8, J\u00f8rn M\u00f8ller-Hansen, Gunnar Larsen, Torstein Larsen, Jan Magne Linnsund og Torbj\u00f8rn S. Pedersen.<\/p>\n\n\n\n<p><strong>\u00a7 1 \u2013\u202fForm\u00e5l<\/strong><br>Klubbens form\u00e5l er \u00e5 fremme og ivareta medlemmenes fotokunnskap og interesse, samt \u00e5 skape et godt og positivt milj\u00f8. Klubben skal v\u00e6re politisk uavhengig.<\/p>\n\n\n\n<p><strong>\u00a7 2<a> \u2013<\/a>\u202fMedlemmer<\/strong><br>Antall medlemmer skal holdes p\u00e5 et niv\u00e5 som muliggj\u00f8r aktivitet og drift av klubben.<\/p>\n\n\n\n<p><strong>\u00a7 3 \u2013\u202f\u00c5rsm\u00f8tet<\/strong><br>\u00c5rsm\u00f8tet er klubbens \u00f8verste organ og skal avholdes i l\u00f8pet av januar m\u00e5ned. \u00c5rsm\u00f8tet reguleres av egne retningslinjer.<\/p>\n\n\n\n<p>Vedtektene og retningslinjene for \u00c5rsm\u00f8tet kan kun endres av \u00c5rsm\u00f8tet.<\/p>\n\n\n\n<p>Ekstraordin\u00e6rt \u00e5rsm\u00f8te sammenkalles n\u00e5r Styret finner det n\u00f8dvendig eller det kreves av minst 1\/3 av medlemmene.<\/p>\n\n\n\n<p><strong>\u00a7 4 \u2013\u202fRetningslinjer<\/strong><br>Alle retningslinjer, unntatt for \u00c5rsm\u00f8tet, kan endres av Styret.<br><br><strong>\u00a7 5 \u2013\u202fValg<\/strong><br>Valg skjer p\u00e5 \u00c5rsm\u00f8tet. Det skal v\u00e6re skriftlig valg dersom det kreves. Klubbens valgkomite skal jobbe aktivt for \u00e5 finne kandidater til\u00a0ulike verv. Valgkomiteens innstilling legges ved sakspapirene til \u00c5rsm\u00f8tet.<\/p>\n\n\n\n<p>Styret&nbsp;&nbsp;<\/p>\n\n\n\n<p>F\u00f8lgende verv&nbsp;utgj\u00f8r&nbsp;Styret:&nbsp;&nbsp;<\/p>\n\n\n\n<p>            leder,\u00a0nestleder, kasserer, og det antall styremedlemmer som beh\u00f8ves.\u00a0<br><br>Styret beslutter om komiteledere ogs\u00e5 skal v\u00e6re styremedlemmer. Dette m\u00e5 meldes fra om til valgkomiteen i god tid f\u00f8r \u00c5rsm\u00f8tet.<\/p>\n\n\n\n<p><strong><br><\/strong>Leder og styremedlemmer velges for et \u00e5r av gangen. Nestleder og kasserer velges for 2 \u00e5r av gangen. Disse vervene alternerer slik at ikke alle er p\u00e5 valg samme \u00e5r.<br>\u00a0<br>Andre verv<br>Det skal ogs\u00e5 velges Valgkomit\u00e9\u00a0(3\u00a0medlemmer) og Revisor (1\u00a0medlem). Antallet komiteer og antall medlemmer i hver komite tilpasses etter planlagt aktivitetsniv\u00e5. Styret instruerer valgkomiteen om planlagt aktivitetsniv\u00e5.\u00a0<\/p>\n\n\n\n<p>Et medlem kan ha flere verv.\u00a0<\/p>\n\n\n\n<p><strong>\u00a7 6\u202f\u2013\u00a0Medlemskontingent og medlemskap<\/strong><\/p>\n\n\n\n<p>Medlemskontingenten fastsettes p\u00e5 \u00e5rsm\u00f8tet. Nye medlemmer som begynner\u202fetter 1.august, betaler 50% klubbkontingent + NSFF kontingent. Nye medlemmer etter 1.november betaler ikke kontingent dette \u00e5ret. Studenter, pensjonister, uf\u00f8retrygdede og familiemedlemmer betaler 75% klubbkontingent + NSFF kontingent. Familierabatt gjelder der medlemmene har samme husholdning og 1 medlem betaler\u202ffull kontingent.<\/p>\n\n\n\n<p>Medlemmer som har en annen klubb som hovedklubb i NSFF betaler&nbsp;bare&nbsp;klubbkontingent.<\/p>\n\n\n\n<p>Alle&nbsp;ordin\u00e6re&nbsp;medlemmer blir innmeldt i NSFF.&nbsp;<\/p>\n\n\n\n<p>Medlemskontingenten&nbsp;betales innen 15. februar hvert \u00e5r. Nye medlemmer betaler senest 1 m\u00e5ned etter innmelding.&nbsp;<\/p>\n\n\n\n<p>Det er mulig med\u00a0passivt\u00a0medlemskap. Dette\u00a0inneb\u00e6rer:\u00a0\u00a0<br>a) Ikke stemmerett p\u00e5 \u00e5rsm\u00f8tet.\u00a0<br>b) Betaler 50 % av\u00a0klubbkontingent.\u00a0<br>c) Har anledning til \u00e5 komme p\u00e5 m\u00f8ter av spesiell interesse, og vil v\u00e6re velkommen\u00a0p\u00e5 alle festlige arrangementer og turer.\u00a0<br>d) Ikke anledning til \u00e5 delta i klubbens konkurranser.\u00a0<br>e) M\u00e5 melde fra til styret om endring av status, fra passiv til aktiv status.\u00a0<br>f) Blir ikke innmeldt som medlem i NSFF, noe som inneb\u00e6rer at de heller ikke kan delta i konkurranser, utstillinger, arrangementer som skjer i NSFF regi.\u00a0<br>g) Har anledning til \u00e5 leie klubbens utstyr til samme pris som aktive medlemmer\u00a0<\/p>\n\n\n\n<p><strong>\u00a7 7 \u2013\u202fBeslutninger<\/strong>\u00a0<br>Klubben har tre\u00a0beslutningsniv\u00e5:\u00a0<br>1. \u00c5rsm\u00f8tet, som er det\u00a0\u00f8verste\u00a0organet.\u00a0<br>2. Styret, som har ansvar for den daglige drift av klubben, og\u00a0kan ta beslutninger innenfor\u00a0de rammer som \u00c5rsm\u00f8tet gir.<br>3. Klubbens komiteer,\u00a0kan\u00a0bare\u00a0ta\u00a0beslutning innenfor de\u00a0retningslinjer,\u00a0rammer\u00a0og budsjetter Styret har gitt. Alle beslutninger ut over dette\u00a0m\u00e5 godkjennes\u00a0av\u00a0Styret.<\/p>\n\n\n\n<p><br>Styret kan s\u00f8ke r\u00e5d&nbsp;hos klubbens&nbsp;komiteer og medlemmer.&nbsp;<\/p>\n\n\n\n<p><br>Beslutninger tas med simpelt flertall.&nbsp;&nbsp;<\/p>\n\n\n\n<p><strong>\u00a7 8 \u2013\u202fEksklusjon\u00a0<\/strong><br>Styret\u00a0kan\u00a0ekskludere\u00a0medlem\u00a0som beg\u00e5r en eller flere\u00a0av\u00a0f\u00f8lgende:\u00a0<br>&#8211;\u00a0Grove brudd p\u00e5 klubbens intensjoner og idealer\u00a0<\/p>\n\n\n\n<p>&#8211;&nbsp;Illojale&nbsp;handlinger eller sabotering av klubbens aktivitet&nbsp;<\/p>\n\n\n\n<p>&#8211;&nbsp;Rasistiske \/ diskriminerende utsagn eller oppf\u00f8rsel&nbsp;<\/p>\n\n\n\n<p>&#8211;&nbsp;Trusler&nbsp;eller&nbsp;vold&nbsp;<\/p>\n\n\n\n<p>&#8211; Tyveri&nbsp;eller h\u00e6rverk p\u00e5&nbsp;under klubbens ansvar<\/p>\n\n\n\n<p><strong>\u00a7 9 \u2013\u202fEiendeler<\/strong>\u00a0<br>Klubbens eiendeler tilh\u00f8rer klubben.\u00a0\u00a0<br>Ved eventuell oppl\u00f8sning fordeles\u00a0verdiene\u00a0likt mellom\u00a0medlemmene.<br><br><strong>\u00a7 10 \u2013\u202f\u00c6resmedlemskap<\/strong><\/p>\n\n\n\n<p>Styret kan tildele&nbsp;\u00e6resmedlemskap i&nbsp;Bekkalokket&nbsp;i tilknytning til jubileer.&nbsp;Alle medlemmer kan foresl\u00e5 kandidater. Se egne retningslinjer.&nbsp;<br>&nbsp;<\/p>\n\n\n\n<p>Revidering av&nbsp;Vedtektene er foretatt p\u00e5 \u00e5rsm\u00f8tene:&nbsp;<br>21\/3 1977 \u2013 19\/1 1984 &#8211; 11\/1 1990 \u2013 11\/1 1996 \u2013 20\/1 2000 &#8211; 25\/1 2001 \u2013 24\/1 2002&nbsp;<br>23 \/1 2003 &#8211; 20\/1 2005 &#8211; 21\/1 2010 &#8211; 23\/1 2011 &#8211; 21\/01 2016 &#8211; 19\/01 2017 \u2013 20\/01 2022<\/p>\n","protected":false},"excerpt":{"rendered":"<p>&nbsp;Bekkalokket Fotoklubb ble stiftet 21.mars 1977 i Bergen, av Jan Standal, Terje \u00d8en, Arne&nbsp;Br\u00e6nd\u00f8, J\u00f8rn M\u00f8ller-Hansen, Gunnar Larsen, Torstein Larsen, Jan Magne Linnsund og Torbj\u00f8rn S. Pedersen. \u00a7 1 \u2013\u202fForm\u00e5lKlubbens form\u00e5l er \u00e5 fremme&#46;&#46;&#46;<\/p>\n","protected":false},"author":2,"featured_media":0,"parent":0,"menu_order":0,"comment_status":"closed","ping_status":"closed","template":"","meta":{"footnotes":""},"class_list":["post-2436","page","type-page","status-publish","hentry"],"yoast_head":"<!-- This site is optimized with the Yoast SEO plugin v27.4 - https:\/\/yoast.com\/product\/yoast-seo-wordpress\/ -->\n<title>Vedtekter for Bekkalokket Fotoklubb - Bekkalokket Fotoklubb<\/title>\n<meta name=\"robots\" content=\"index, follow, max-snippet:-1, max-image-preview:large, max-video-preview:-1\" \/>\n<link rel=\"canonical\" href=\"https:\/\/bekkalokket.no\/index.php\/statutter\/\" \/>\n<meta property=\"og:locale\" content=\"nb_NO\" \/>\n<meta property=\"og:type\" content=\"article\" \/>\n<meta property=\"og:title\" content=\"Vedtekter for Bekkalokket Fotoklubb - Bekkalokket Fotoklubb\" \/>\n<meta property=\"og:description\" content=\"&nbsp;Bekkalokket Fotoklubb ble stiftet 21.mars 1977 i Bergen, av Jan Standal, Terje \u00d8en, Arne&nbsp;Br\u00e6nd\u00f8, J\u00f8rn M\u00f8ller-Hansen, Gunnar Larsen, Torstein Larsen, Jan Magne Linnsund og Torbj\u00f8rn S. Pedersen. \u00a7 1 \u2013\u202fForm\u00e5lKlubbens form\u00e5l er \u00e5 fremme&#046;&#046;&#046;\" \/>\n<meta property=\"og:url\" content=\"https:\/\/bekkalokket.no\/index.php\/statutter\/\" \/>\n<meta property=\"og:site_name\" content=\"Bekkalokket Fotoklubb\" \/>\n<meta property=\"article:modified_time\" content=\"2022-01-31T13:03:49+00:00\" \/>\n<meta name=\"twitter:card\" content=\"summary_large_image\" \/>\n<meta name=\"twitter:label1\" content=\"Ansl. lesetid\" \/>\n\t<meta name=\"twitter:data1\" content=\"4 minutter\" \/>\n<script type=\"application\/ld+json\" class=\"yoast-schema-graph\">{\"@context\":\"https:\\\/\\\/schema.org\",\"@graph\":[{\"@type\":\"WebPage\",\"@id\":\"https:\\\/\\\/bekkalokket.no\\\/index.php\\\/statutter\\\/\",\"url\":\"https:\\\/\\\/bekkalokket.no\\\/index.php\\\/statutter\\\/\",\"name\":\"Vedtekter for Bekkalokket Fotoklubb - Bekkalokket Fotoklubb\",\"isPartOf\":{\"@id\":\"https:\\\/\\\/bekkalokket.no\\\/#website\"},\"datePublished\":\"2019-01-03T18:16:35+00:00\",\"dateModified\":\"2022-01-31T13:03:49+00:00\",\"breadcrumb\":{\"@id\":\"https:\\\/\\\/bekkalokket.no\\\/index.php\\\/statutter\\\/#breadcrumb\"},\"inLanguage\":\"nb-NO\",\"potentialAction\":[{\"@type\":\"ReadAction\",\"target\":[\"https:\\\/\\\/bekkalokket.no\\\/index.php\\\/statutter\\\/\"]}]},{\"@type\":\"BreadcrumbList\",\"@id\":\"https:\\\/\\\/bekkalokket.no\\\/index.php\\\/statutter\\\/#breadcrumb\",\"itemListElement\":[{\"@type\":\"ListItem\",\"position\":1,\"name\":\"Home\",\"item\":\"https:\\\/\\\/bekkalokket.no\\\/\"},{\"@type\":\"ListItem\",\"position\":2,\"name\":\"Vedtekter for Bekkalokket Fotoklubb\"}]},{\"@type\":\"WebSite\",\"@id\":\"https:\\\/\\\/bekkalokket.no\\\/#website\",\"url\":\"https:\\\/\\\/bekkalokket.no\\\/\",\"name\":\"Bekkalokket Fotoklubb\",\"description\":\"En sosial og aktiv fotoklubb i Bergen\",\"potentialAction\":[{\"@type\":\"SearchAction\",\"target\":{\"@type\":\"EntryPoint\",\"urlTemplate\":\"https:\\\/\\\/bekkalokket.no\\\/?s={search_term_string}\"},\"query-input\":{\"@type\":\"PropertyValueSpecification\",\"valueRequired\":true,\"valueName\":\"search_term_string\"}}],\"inLanguage\":\"nb-NO\"}]}<\/script>\n<!-- \/ Yoast SEO plugin. -->","yoast_head_json":{"title":"Vedtekter for Bekkalokket Fotoklubb - Bekkalokket Fotoklubb","robots":{"index":"index","follow":"follow","max-snippet":"max-snippet:-1","max-image-preview":"max-image-preview:large","max-video-preview":"max-video-preview:-1"},"canonical":"https:\/\/bekkalokket.no\/index.php\/statutter\/","og_locale":"nb_NO","og_type":"article","og_title":"Vedtekter for Bekkalokket Fotoklubb - Bekkalokket Fotoklubb","og_description":"&nbsp;Bekkalokket Fotoklubb ble stiftet 21.mars 1977 i Bergen, av Jan Standal, Terje \u00d8en, Arne&nbsp;Br\u00e6nd\u00f8, J\u00f8rn M\u00f8ller-Hansen, Gunnar Larsen, Torstein Larsen, Jan Magne Linnsund og Torbj\u00f8rn S. Pedersen. \u00a7 1 \u2013\u202fForm\u00e5lKlubbens form\u00e5l er \u00e5 fremme&#46;&#46;&#46;","og_url":"https:\/\/bekkalokket.no\/index.php\/statutter\/","og_site_name":"Bekkalokket Fotoklubb","article_modified_time":"2022-01-31T13:03:49+00:00","twitter_card":"summary_large_image","twitter_misc":{"Ansl. lesetid":"4 minutter"},"schema":{"@context":"https:\/\/schema.org","@graph":[{"@type":"WebPage","@id":"https:\/\/bekkalokket.no\/index.php\/statutter\/","url":"https:\/\/bekkalokket.no\/index.php\/statutter\/","name":"Vedtekter for Bekkalokket Fotoklubb - Bekkalokket Fotoklubb","isPartOf":{"@id":"https:\/\/bekkalokket.no\/#website"},"datePublished":"2019-01-03T18:16:35+00:00","dateModified":"2022-01-31T13:03:49+00:00","breadcrumb":{"@id":"https:\/\/bekkalokket.no\/index.php\/statutter\/#breadcrumb"},"inLanguage":"nb-NO","potentialAction":[{"@type":"ReadAction","target":["https:\/\/bekkalokket.no\/index.php\/statutter\/"]}]},{"@type":"BreadcrumbList","@id":"https:\/\/bekkalokket.no\/index.php\/statutter\/#breadcrumb","itemListElement":[{"@type":"ListItem","position":1,"name":"Home","item":"https:\/\/bekkalokket.no\/"},{"@type":"ListItem","position":2,"name":"Vedtekter for Bekkalokket Fotoklubb"}]},{"@type":"WebSite","@id":"https:\/\/bekkalokket.no\/#website","url":"https:\/\/bekkalokket.no\/","name":"Bekkalokket Fotoklubb","description":"En sosial og aktiv fotoklubb i Bergen","potentialAction":[{"@type":"SearchAction","target":{"@type":"EntryPoint","urlTemplate":"https:\/\/bekkalokket.no\/?s={search_term_string}"},"query-input":{"@type":"PropertyValueSpecification","valueRequired":true,"valueName":"search_term_string"}}],"inLanguage":"nb-NO"}]}},"_links":{"self":[{"href":"https:\/\/bekkalokket.no\/index.php\/wp-json\/wp\/v2\/pages\/2436","targetHints":{"allow":["GET"]}}],"collection":[{"href":"https:\/\/bekkalokket.no\/index.php\/wp-json\/wp\/v2\/pages"}],"about":[{"href":"https:\/\/bekkalokket.no\/index.php\/wp-json\/wp\/v2\/types\/page"}],"author":[{"embeddable":true,"href":"https:\/\/bekkalokket.no\/index.php\/wp-json\/wp\/v2\/users\/2"}],"replies":[{"embeddable":true,"href":"https:\/\/bekkalokket.no\/index.php\/wp-json\/wp\/v2\/comments?post=2436"}],"version-history":[{"count":5,"href":"https:\/\/bekkalokket.no\/index.php\/wp-json\/wp\/v2\/pages\/2436\/revisions"}],"predecessor-version":[{"id":4346,"href":"https:\/\/bekkalokket.no\/index.php\/wp-json\/wp\/v2\/pages\/2436\/revisions\/4346"}],"wp:attachment":[{"href":"https:\/\/bekkalokket.no\/index.php\/wp-json\/wp\/v2\/media?parent=2436"}],"curies":[{"name":"wp","href":"https:\/\/api.w.org\/{rel}","templated":true}]}}