{"id":2925,"date":"2020-01-27T17:42:39","date_gmt":"2020-01-27T15:42:39","guid":{"rendered":"https:\/\/bekkalokket.no\/?page_id=2925"},"modified":"2020-01-27T17:42:39","modified_gmt":"2020-01-27T15:42:39","slug":"retningslinjer-for-revisjon-oppdatert-2019","status":"publish","type":"page","link":"https:\/\/bekkalokket.no\/index.php\/retningslinjer-for-revisjon-oppdatert-2019\/","title":{"rendered":"Retningslinjer for revisjon &#8211; oppdatert 2019"},"content":{"rendered":"<p>Bekkalokket Fotoklubb er en organisasjon som ikke har erverv til form\u00e5l og er derfor ikke regnskaps- eller skattepliktig. Definisjoner i lovgivningen er som f\u00f8lger;<\/p>\n<p><strong>Foreninger uten \u00f8konomisk vinning som form\u00e5l<\/strong><br \/>\nIkke-\u00f8konomiske foreninger er regnskapspliktige dersom \u00e9n av f\u00f8lgende terskelverdier er\u00a0oppfylt:<br \/>\n\u2022 Eiendelenes verdi overstiger 20 millioner kroner i \u00e5ret eller<br \/>\n\u2022 Gjennomsnittlig antall ansatte i \u00e5ret overstiger 20 \u00e5rsverk<\/p>\n<p><strong>Ikke \u00f8konomisk vinning \u2013 betydningen av skattefritak<\/strong><br \/>\nDet er et ubetinget krav at ideelle organisasjoner ikke kan ha \u00f8konomisk vinning som form\u00e5l.<br \/>\nSkatteloven \u00a7 2\u201332 f\u00f8rste ledd fritar organisasjoner mv. som ikke har erverv til form\u00e5l, for formues- og inntektsskatt.<\/p>\n<p>Hensikten med revisjon er \u00e5 s\u00f8rge for at systemer og rutiner som sikrer at inn- og utbetalinger blir h\u00e5ndtert p\u00e5 en m\u00e5te som hindrer rot og eventuelt misbruk.<\/p>\n<p>Revisors oppgaver vil v\u00e6re minst en gang i \u00e5ret \u00e5:<\/p>\n<p>\u2022 Kontrollere at saldo p\u00e5 kontoer og kontantkasser stemmer med bankutskrifter og f\u00f8ringer.<\/p>\n<p>\u2022 Ta stikkpr\u00f8ver p\u00e5 at inn og utbetalinger er f\u00f8rt riktig og har korrekte kvitteringer.<\/p>\n<p>\u2022 Kontrollere at bilagene er korrekt nummert.<\/p>\n<p>\u2022 Kontrollere at gjeld og utest\u00e5ende fordringer stemmer.<\/p>\n<p>\u2022 Kontrollere at medlemslistene og innbetalingene er korrekt.<\/p>\n<p>\u2022 Kontrollere og eventuelt kommentere avvik av budsjett i forhold til regnskap.<\/p>\n<p>\u2022 Komme med innspill til regnskapsf\u00f8rselen om den b\u00f8r forbedres.<\/p>\n<p>\u2022 Det er en m\u00e5lsetning \u00e5 f\u00e5 ferdig revidert regnskap til \u00e5rsm\u00f8te i januar hvert \u00e5r og skrive en enkel revisorrapport med eventuelt kommentarer p\u00e5 punkter som ikke lar seg revidere endelig.<\/p>\n<p>&nbsp;<\/p>\n<p>03.01.2019<\/p>\n","protected":false},"excerpt":{"rendered":"<p>Bekkalokket Fotoklubb er en organisasjon som ikke har erverv til form\u00e5l og er derfor ikke regnskaps- eller skattepliktig. Definisjoner i lovgivningen er som f\u00f8lger; Foreninger uten \u00f8konomisk vinning som form\u00e5l Ikke-\u00f8konomiske foreninger er regnskapspliktige&#46;&#46;&#46;<\/p>\n","protected":false},"author":2,"featured_media":0,"parent":0,"menu_order":0,"comment_status":"closed","ping_status":"closed","template":"","meta":{"footnotes":""},"class_list":["post-2925","page","type-page","status-publish","hentry"],"yoast_head":"<!-- This site is optimized with the Yoast SEO plugin v27.6 - https:\/\/yoast.com\/product\/yoast-seo-wordpress\/ -->\n<title>Retningslinjer for revisjon - oppdatert 2019 - Bekkalokket Fotoklubb<\/title>\n<meta name=\"robots\" content=\"index, follow, max-snippet:-1, max-image-preview:large, max-video-preview:-1\" \/>\n<link rel=\"canonical\" href=\"https:\/\/bekkalokket.no\/index.php\/retningslinjer-for-revisjon-oppdatert-2019\/\" \/>\n<meta property=\"og:locale\" content=\"nb_NO\" \/>\n<meta property=\"og:type\" content=\"article\" \/>\n<meta property=\"og:title\" content=\"Retningslinjer for revisjon - oppdatert 2019 - Bekkalokket Fotoklubb\" \/>\n<meta property=\"og:description\" content=\"Bekkalokket Fotoklubb er en organisasjon som ikke har erverv til form\u00e5l og er derfor ikke regnskaps- eller skattepliktig. Definisjoner i lovgivningen er som f\u00f8lger; Foreninger uten \u00f8konomisk vinning som form\u00e5l Ikke-\u00f8konomiske foreninger er regnskapspliktige&#046;&#046;&#046;\" \/>\n<meta property=\"og:url\" content=\"https:\/\/bekkalokket.no\/index.php\/retningslinjer-for-revisjon-oppdatert-2019\/\" \/>\n<meta property=\"og:site_name\" content=\"Bekkalokket Fotoklubb\" \/>\n<meta name=\"twitter:card\" content=\"summary_large_image\" \/>\n<meta name=\"twitter:label1\" content=\"Ansl. lesetid\" \/>\n\t<meta name=\"twitter:data1\" content=\"1 minutt\" \/>\n<script type=\"application\/ld+json\" class=\"yoast-schema-graph\">{\"@context\":\"https:\\\/\\\/schema.org\",\"@graph\":[{\"@type\":\"WebPage\",\"@id\":\"https:\\\/\\\/bekkalokket.no\\\/index.php\\\/retningslinjer-for-revisjon-oppdatert-2019\\\/\",\"url\":\"https:\\\/\\\/bekkalokket.no\\\/index.php\\\/retningslinjer-for-revisjon-oppdatert-2019\\\/\",\"name\":\"Retningslinjer for revisjon - oppdatert 2019 - Bekkalokket Fotoklubb\",\"isPartOf\":{\"@id\":\"https:\\\/\\\/bekkalokket.no\\\/#website\"},\"datePublished\":\"2020-01-27T15:42:39+00:00\",\"breadcrumb\":{\"@id\":\"https:\\\/\\\/bekkalokket.no\\\/index.php\\\/retningslinjer-for-revisjon-oppdatert-2019\\\/#breadcrumb\"},\"inLanguage\":\"nb-NO\",\"potentialAction\":[{\"@type\":\"ReadAction\",\"target\":[\"https:\\\/\\\/bekkalokket.no\\\/index.php\\\/retningslinjer-for-revisjon-oppdatert-2019\\\/\"]}]},{\"@type\":\"BreadcrumbList\",\"@id\":\"https:\\\/\\\/bekkalokket.no\\\/index.php\\\/retningslinjer-for-revisjon-oppdatert-2019\\\/#breadcrumb\",\"itemListElement\":[{\"@type\":\"ListItem\",\"position\":1,\"name\":\"Home\",\"item\":\"https:\\\/\\\/bekkalokket.no\\\/\"},{\"@type\":\"ListItem\",\"position\":2,\"name\":\"Retningslinjer for revisjon &#8211; oppdatert 2019\"}]},{\"@type\":\"WebSite\",\"@id\":\"https:\\\/\\\/bekkalokket.no\\\/#website\",\"url\":\"https:\\\/\\\/bekkalokket.no\\\/\",\"name\":\"Bekkalokket Fotoklubb\",\"description\":\"En sosial og aktiv fotoklubb i Bergen\",\"potentialAction\":[{\"@type\":\"SearchAction\",\"target\":{\"@type\":\"EntryPoint\",\"urlTemplate\":\"https:\\\/\\\/bekkalokket.no\\\/?s={search_term_string}\"},\"query-input\":{\"@type\":\"PropertyValueSpecification\",\"valueRequired\":true,\"valueName\":\"search_term_string\"}}],\"inLanguage\":\"nb-NO\"}]}<\/script>\n<!-- \/ Yoast SEO plugin. -->","yoast_head_json":{"title":"Retningslinjer for revisjon - oppdatert 2019 - Bekkalokket Fotoklubb","robots":{"index":"index","follow":"follow","max-snippet":"max-snippet:-1","max-image-preview":"max-image-preview:large","max-video-preview":"max-video-preview:-1"},"canonical":"https:\/\/bekkalokket.no\/index.php\/retningslinjer-for-revisjon-oppdatert-2019\/","og_locale":"nb_NO","og_type":"article","og_title":"Retningslinjer for revisjon - oppdatert 2019 - Bekkalokket Fotoklubb","og_description":"Bekkalokket Fotoklubb er en organisasjon som ikke har erverv til form\u00e5l og er derfor ikke regnskaps- eller skattepliktig. Definisjoner i lovgivningen er som f\u00f8lger; Foreninger uten \u00f8konomisk vinning som form\u00e5l Ikke-\u00f8konomiske foreninger er regnskapspliktige&#46;&#46;&#46;","og_url":"https:\/\/bekkalokket.no\/index.php\/retningslinjer-for-revisjon-oppdatert-2019\/","og_site_name":"Bekkalokket Fotoklubb","twitter_card":"summary_large_image","twitter_misc":{"Ansl. lesetid":"1 minutt"},"schema":{"@context":"https:\/\/schema.org","@graph":[{"@type":"WebPage","@id":"https:\/\/bekkalokket.no\/index.php\/retningslinjer-for-revisjon-oppdatert-2019\/","url":"https:\/\/bekkalokket.no\/index.php\/retningslinjer-for-revisjon-oppdatert-2019\/","name":"Retningslinjer for revisjon - oppdatert 2019 - Bekkalokket Fotoklubb","isPartOf":{"@id":"https:\/\/bekkalokket.no\/#website"},"datePublished":"2020-01-27T15:42:39+00:00","breadcrumb":{"@id":"https:\/\/bekkalokket.no\/index.php\/retningslinjer-for-revisjon-oppdatert-2019\/#breadcrumb"},"inLanguage":"nb-NO","potentialAction":[{"@type":"ReadAction","target":["https:\/\/bekkalokket.no\/index.php\/retningslinjer-for-revisjon-oppdatert-2019\/"]}]},{"@type":"BreadcrumbList","@id":"https:\/\/bekkalokket.no\/index.php\/retningslinjer-for-revisjon-oppdatert-2019\/#breadcrumb","itemListElement":[{"@type":"ListItem","position":1,"name":"Home","item":"https:\/\/bekkalokket.no\/"},{"@type":"ListItem","position":2,"name":"Retningslinjer for revisjon &#8211; oppdatert 2019"}]},{"@type":"WebSite","@id":"https:\/\/bekkalokket.no\/#website","url":"https:\/\/bekkalokket.no\/","name":"Bekkalokket Fotoklubb","description":"En sosial og aktiv fotoklubb i Bergen","potentialAction":[{"@type":"SearchAction","target":{"@type":"EntryPoint","urlTemplate":"https:\/\/bekkalokket.no\/?s={search_term_string}"},"query-input":{"@type":"PropertyValueSpecification","valueRequired":true,"valueName":"search_term_string"}}],"inLanguage":"nb-NO"}]}},"_links":{"self":[{"href":"https:\/\/bekkalokket.no\/index.php\/wp-json\/wp\/v2\/pages\/2925","targetHints":{"allow":["GET"]}}],"collection":[{"href":"https:\/\/bekkalokket.no\/index.php\/wp-json\/wp\/v2\/pages"}],"about":[{"href":"https:\/\/bekkalokket.no\/index.php\/wp-json\/wp\/v2\/types\/page"}],"author":[{"embeddable":true,"href":"https:\/\/bekkalokket.no\/index.php\/wp-json\/wp\/v2\/users\/2"}],"replies":[{"embeddable":true,"href":"https:\/\/bekkalokket.no\/index.php\/wp-json\/wp\/v2\/comments?post=2925"}],"version-history":[{"count":1,"href":"https:\/\/bekkalokket.no\/index.php\/wp-json\/wp\/v2\/pages\/2925\/revisions"}],"predecessor-version":[{"id":2926,"href":"https:\/\/bekkalokket.no\/index.php\/wp-json\/wp\/v2\/pages\/2925\/revisions\/2926"}],"wp:attachment":[{"href":"https:\/\/bekkalokket.no\/index.php\/wp-json\/wp\/v2\/media?parent=2925"}],"curies":[{"name":"wp","href":"https:\/\/api.w.org\/{rel}","templated":true}]}}