{"id":2929,"date":"2020-01-27T17:43:56","date_gmt":"2020-01-27T15:43:56","guid":{"rendered":"https:\/\/bekkalokket.no\/?page_id=2929"},"modified":"2025-12-11T13:13:00","modified_gmt":"2025-12-11T11:13:00","slug":"retningslinjer-for-komite-for-turer-oppdatert-2019","status":"publish","type":"page","link":"https:\/\/bekkalokket.no\/index.php\/retningslinjer-for-komite-for-turer-oppdatert-2019\/","title":{"rendered":"Retningslinjer for Turkomiteen"},"content":{"rendered":"<h3><strong>Form\u00e5l<\/strong><\/h3>\n<p>Komiteen skal bidra til at medlemmene f\u00e5r mulighet for \u00e5 utvikle sine fotofaglige ferdigheter gjennom turer og reiser.<\/p>\n<h3><strong>Oppgaver og ansvar<\/strong><\/h3>\n<ul>\n<li>Komiteen skal arrangere turer med overnatting for medlemmene, om mulig minst en slik tur hvert \u00e5r<\/li>\n<li>Komiteen kan arrangere dagsturer i n\u00e6romr\u00e5det for medlemmene<\/li>\n<li>Komiteen st\u00e5r fritt til \u00e5 invitere f\u00f8lger til medlemmene med p\u00e5 turene<\/li>\n<li>Komiteen kan vurdere utenlandsturer<\/li>\n<li>Turene skal v\u00e6re et tilbud til alle medlemmer<\/li>\n<li>Komiteen kan tilby turer som arrangeres av andre<\/li>\n<\/ul>\n<h3><strong>Sammensetning<\/strong><\/h3>\n<ul>\n<li>Komiteen b\u00f8r best\u00e5 av 4 medlemmer<\/li>\n<\/ul>\n<h4><\/h4>\n<h3><strong>\u00d8konomi<\/strong><\/h3>\n<ul>\n<li>Komit\u00e9en b\u00f8r, s\u00e5 langt det lar seg gj\u00f8re, unng\u00e5 \u00e5 ta p\u00e5 seg \u00f8konomiske forpliktelser i forbindelse med turer<\/li>\n<li>Deltagere p\u00e5 turene bestiller billetter og overnatting selv<\/li>\n<li>Eventuelle mindre \u00f8konomiske forpliktelser, for eksempel leie av guider etc., blir dekket av komiteens budsjett<\/li>\n<\/ul>\n","protected":false},"excerpt":{"rendered":"<p>Form\u00e5l Komiteen skal bidra til at medlemmene f\u00e5r mulighet for \u00e5 utvikle sine fotofaglige ferdigheter gjennom turer og reiser. Oppgaver og ansvar Komiteen skal arrangere turer med overnatting for medlemmene, om mulig minst en&#46;&#46;&#46;<\/p>\n","protected":false},"author":2,"featured_media":0,"parent":0,"menu_order":0,"comment_status":"closed","ping_status":"closed","template":"","meta":{"footnotes":""},"class_list":["post-2929","page","type-page","status-publish","hentry"],"yoast_head":"<!-- This site is optimized with the Yoast SEO plugin v27.4 - https:\/\/yoast.com\/product\/yoast-seo-wordpress\/ -->\n<title>Retningslinjer for Turkomiteen - Bekkalokket Fotoklubb<\/title>\n<meta name=\"robots\" content=\"index, follow, max-snippet:-1, max-image-preview:large, max-video-preview:-1\" \/>\n<link rel=\"canonical\" href=\"https:\/\/bekkalokket.no\/index.php\/retningslinjer-for-komite-for-turer-oppdatert-2019\/\" \/>\n<meta property=\"og:locale\" content=\"nb_NO\" \/>\n<meta property=\"og:type\" content=\"article\" \/>\n<meta property=\"og:title\" content=\"Retningslinjer for Turkomiteen - Bekkalokket Fotoklubb\" \/>\n<meta property=\"og:description\" content=\"Form\u00e5l Komiteen skal bidra til at medlemmene f\u00e5r mulighet for \u00e5 utvikle sine fotofaglige ferdigheter gjennom turer og reiser. Oppgaver og ansvar Komiteen skal arrangere turer med overnatting for medlemmene, om mulig minst en&#046;&#046;&#046;\" \/>\n<meta property=\"og:url\" content=\"https:\/\/bekkalokket.no\/index.php\/retningslinjer-for-komite-for-turer-oppdatert-2019\/\" \/>\n<meta property=\"og:site_name\" content=\"Bekkalokket Fotoklubb\" \/>\n<meta property=\"article:modified_time\" content=\"2025-12-11T11:13:00+00:00\" \/>\n<meta name=\"twitter:card\" content=\"summary_large_image\" \/>\n<meta name=\"twitter:label1\" content=\"Ansl. lesetid\" \/>\n\t<meta name=\"twitter:data1\" content=\"1 minutt\" \/>\n<script type=\"application\/ld+json\" class=\"yoast-schema-graph\">{\"@context\":\"https:\\\/\\\/schema.org\",\"@graph\":[{\"@type\":\"WebPage\",\"@id\":\"https:\\\/\\\/bekkalokket.no\\\/index.php\\\/retningslinjer-for-komite-for-turer-oppdatert-2019\\\/\",\"url\":\"https:\\\/\\\/bekkalokket.no\\\/index.php\\\/retningslinjer-for-komite-for-turer-oppdatert-2019\\\/\",\"name\":\"Retningslinjer for Turkomiteen - Bekkalokket Fotoklubb\",\"isPartOf\":{\"@id\":\"https:\\\/\\\/bekkalokket.no\\\/#website\"},\"datePublished\":\"2020-01-27T15:43:56+00:00\",\"dateModified\":\"2025-12-11T11:13:00+00:00\",\"breadcrumb\":{\"@id\":\"https:\\\/\\\/bekkalokket.no\\\/index.php\\\/retningslinjer-for-komite-for-turer-oppdatert-2019\\\/#breadcrumb\"},\"inLanguage\":\"nb-NO\",\"potentialAction\":[{\"@type\":\"ReadAction\",\"target\":[\"https:\\\/\\\/bekkalokket.no\\\/index.php\\\/retningslinjer-for-komite-for-turer-oppdatert-2019\\\/\"]}]},{\"@type\":\"BreadcrumbList\",\"@id\":\"https:\\\/\\\/bekkalokket.no\\\/index.php\\\/retningslinjer-for-komite-for-turer-oppdatert-2019\\\/#breadcrumb\",\"itemListElement\":[{\"@type\":\"ListItem\",\"position\":1,\"name\":\"Home\",\"item\":\"https:\\\/\\\/bekkalokket.no\\\/\"},{\"@type\":\"ListItem\",\"position\":2,\"name\":\"Retningslinjer for Turkomiteen\"}]},{\"@type\":\"WebSite\",\"@id\":\"https:\\\/\\\/bekkalokket.no\\\/#website\",\"url\":\"https:\\\/\\\/bekkalokket.no\\\/\",\"name\":\"Bekkalokket Fotoklubb\",\"description\":\"En sosial og aktiv fotoklubb i Bergen\",\"potentialAction\":[{\"@type\":\"SearchAction\",\"target\":{\"@type\":\"EntryPoint\",\"urlTemplate\":\"https:\\\/\\\/bekkalokket.no\\\/?s={search_term_string}\"},\"query-input\":{\"@type\":\"PropertyValueSpecification\",\"valueRequired\":true,\"valueName\":\"search_term_string\"}}],\"inLanguage\":\"nb-NO\"}]}<\/script>\n<!-- \/ Yoast SEO plugin. -->","yoast_head_json":{"title":"Retningslinjer for Turkomiteen - Bekkalokket Fotoklubb","robots":{"index":"index","follow":"follow","max-snippet":"max-snippet:-1","max-image-preview":"max-image-preview:large","max-video-preview":"max-video-preview:-1"},"canonical":"https:\/\/bekkalokket.no\/index.php\/retningslinjer-for-komite-for-turer-oppdatert-2019\/","og_locale":"nb_NO","og_type":"article","og_title":"Retningslinjer for Turkomiteen - Bekkalokket Fotoklubb","og_description":"Form\u00e5l Komiteen skal bidra til at medlemmene f\u00e5r mulighet for \u00e5 utvikle sine fotofaglige ferdigheter gjennom turer og reiser. Oppgaver og ansvar Komiteen skal arrangere turer med overnatting for medlemmene, om mulig minst en&#46;&#46;&#46;","og_url":"https:\/\/bekkalokket.no\/index.php\/retningslinjer-for-komite-for-turer-oppdatert-2019\/","og_site_name":"Bekkalokket Fotoklubb","article_modified_time":"2025-12-11T11:13:00+00:00","twitter_card":"summary_large_image","twitter_misc":{"Ansl. lesetid":"1 minutt"},"schema":{"@context":"https:\/\/schema.org","@graph":[{"@type":"WebPage","@id":"https:\/\/bekkalokket.no\/index.php\/retningslinjer-for-komite-for-turer-oppdatert-2019\/","url":"https:\/\/bekkalokket.no\/index.php\/retningslinjer-for-komite-for-turer-oppdatert-2019\/","name":"Retningslinjer for Turkomiteen - Bekkalokket Fotoklubb","isPartOf":{"@id":"https:\/\/bekkalokket.no\/#website"},"datePublished":"2020-01-27T15:43:56+00:00","dateModified":"2025-12-11T11:13:00+00:00","breadcrumb":{"@id":"https:\/\/bekkalokket.no\/index.php\/retningslinjer-for-komite-for-turer-oppdatert-2019\/#breadcrumb"},"inLanguage":"nb-NO","potentialAction":[{"@type":"ReadAction","target":["https:\/\/bekkalokket.no\/index.php\/retningslinjer-for-komite-for-turer-oppdatert-2019\/"]}]},{"@type":"BreadcrumbList","@id":"https:\/\/bekkalokket.no\/index.php\/retningslinjer-for-komite-for-turer-oppdatert-2019\/#breadcrumb","itemListElement":[{"@type":"ListItem","position":1,"name":"Home","item":"https:\/\/bekkalokket.no\/"},{"@type":"ListItem","position":2,"name":"Retningslinjer for Turkomiteen"}]},{"@type":"WebSite","@id":"https:\/\/bekkalokket.no\/#website","url":"https:\/\/bekkalokket.no\/","name":"Bekkalokket Fotoklubb","description":"En sosial og aktiv fotoklubb i Bergen","potentialAction":[{"@type":"SearchAction","target":{"@type":"EntryPoint","urlTemplate":"https:\/\/bekkalokket.no\/?s={search_term_string}"},"query-input":{"@type":"PropertyValueSpecification","valueRequired":true,"valueName":"search_term_string"}}],"inLanguage":"nb-NO"}]}},"_links":{"self":[{"href":"https:\/\/bekkalokket.no\/index.php\/wp-json\/wp\/v2\/pages\/2929","targetHints":{"allow":["GET"]}}],"collection":[{"href":"https:\/\/bekkalokket.no\/index.php\/wp-json\/wp\/v2\/pages"}],"about":[{"href":"https:\/\/bekkalokket.no\/index.php\/wp-json\/wp\/v2\/types\/page"}],"author":[{"embeddable":true,"href":"https:\/\/bekkalokket.no\/index.php\/wp-json\/wp\/v2\/users\/2"}],"replies":[{"embeddable":true,"href":"https:\/\/bekkalokket.no\/index.php\/wp-json\/wp\/v2\/comments?post=2929"}],"version-history":[{"count":4,"href":"https:\/\/bekkalokket.no\/index.php\/wp-json\/wp\/v2\/pages\/2929\/revisions"}],"predecessor-version":[{"id":10989,"href":"https:\/\/bekkalokket.no\/index.php\/wp-json\/wp\/v2\/pages\/2929\/revisions\/10989"}],"wp:attachment":[{"href":"https:\/\/bekkalokket.no\/index.php\/wp-json\/wp\/v2\/media?parent=2929"}],"curies":[{"name":"wp","href":"https:\/\/api.w.org\/{rel}","templated":true}]}}