{"id":2931,"date":"2020-01-27T17:45:38","date_gmt":"2020-01-27T15:45:38","guid":{"rendered":"https:\/\/bekkalokket.no\/?page_id=2931"},"modified":"2020-01-27T17:45:38","modified_gmt":"2020-01-27T15:45:38","slug":"retningslinjer-for-internasjonal-konkurransekomite-oppdatert-2019","status":"publish","type":"page","link":"https:\/\/bekkalokket.no\/index.php\/retningslinjer-for-internasjonal-konkurransekomite-oppdatert-2019\/","title":{"rendered":"Retningslinjer for Internasjonal konkurransekomite &#8211; oppdatert 2019"},"content":{"rendered":"<p>\u2022 Komiteen b\u00f8r v\u00e6re sammensatt av medlemmer som sammen kan fylle f\u00f8lgende funksjoner knyttet til \u00e5 v\u00e6re arrang\u00f8r av internasjonale konkurranser etter FIAP og\/eller PSA regelverk<\/p>\n<ul>\n<li>Konkurranseansvarlig (chairman)<\/li>\n<li>Sekret\u00e6r (normalt ogs\u00e5 reserve chairman)<\/li>\n<li>Web- og epostansvarlig<\/li>\n<li>Programvareansvarlig (ogs\u00e5 \u00f8nskelig med reserve)<\/li>\n<li>Kasserer<\/li>\n<li>Katalogansvarlig<\/li>\n<li>Konkurransemedarbeidere<\/li>\n<\/ul>\n<p>\u2022 Leder for komiteen b\u00f8r sitte i klubbens styre. Dette for \u00e5 kunne informere styret om planer, \u00f8konomi og samarbeid.<\/p>\n<p>\u2022 Komiteen arbeider etter de \u00f8konomiske rammer som \u00e5rsm\u00f8tet gir.<\/p>\n<p>\u2022 Internasjonal konkurransekomite har ansvar for \u00e5 gjennomf\u00f8re internasjonale konkurranser i regi av Bekkalokket, eller i samarbeid med andre arrang\u00f8rer (Circuit).<\/p>\n<p>\u2022 Nasjonale konkurranser og klubbkonkurranser ligger utenfor komiteens arbeidsomr\u00e5de, men komiteen skal samarbeide med (nasjonal) konkurransekomite n\u00e5r det er hensiktsmessig.<\/p>\n","protected":false},"excerpt":{"rendered":"<p>\u2022 Komiteen b\u00f8r v\u00e6re sammensatt av medlemmer som sammen kan fylle f\u00f8lgende funksjoner knyttet til \u00e5 v\u00e6re arrang\u00f8r av internasjonale konkurranser etter FIAP og\/eller PSA regelverk Konkurranseansvarlig (chairman) Sekret\u00e6r (normalt ogs\u00e5 reserve chairman) Web-&#46;&#46;&#46;<\/p>\n","protected":false},"author":2,"featured_media":0,"parent":0,"menu_order":0,"comment_status":"closed","ping_status":"closed","template":"","meta":{"footnotes":""},"class_list":["post-2931","page","type-page","status-publish","hentry"],"yoast_head":"<!-- This site is optimized with the Yoast SEO plugin v27.5 - https:\/\/yoast.com\/product\/yoast-seo-wordpress\/ -->\n<title>Retningslinjer for Internasjonal konkurransekomite - oppdatert 2019 - Bekkalokket Fotoklubb<\/title>\n<meta name=\"robots\" content=\"index, follow, max-snippet:-1, max-image-preview:large, max-video-preview:-1\" \/>\n<link rel=\"canonical\" href=\"https:\/\/bekkalokket.no\/index.php\/retningslinjer-for-internasjonal-konkurransekomite-oppdatert-2019\/\" \/>\n<meta property=\"og:locale\" content=\"nb_NO\" \/>\n<meta property=\"og:type\" content=\"article\" \/>\n<meta property=\"og:title\" content=\"Retningslinjer for Internasjonal konkurransekomite - oppdatert 2019 - Bekkalokket Fotoklubb\" \/>\n<meta property=\"og:description\" content=\"\u2022 Komiteen b\u00f8r v\u00e6re sammensatt av medlemmer som sammen kan fylle f\u00f8lgende funksjoner knyttet til \u00e5 v\u00e6re arrang\u00f8r av internasjonale konkurranser etter FIAP og\/eller PSA regelverk Konkurranseansvarlig (chairman) Sekret\u00e6r (normalt ogs\u00e5 reserve chairman) Web-&#046;&#046;&#046;\" \/>\n<meta property=\"og:url\" content=\"https:\/\/bekkalokket.no\/index.php\/retningslinjer-for-internasjonal-konkurransekomite-oppdatert-2019\/\" \/>\n<meta property=\"og:site_name\" content=\"Bekkalokket Fotoklubb\" \/>\n<meta name=\"twitter:card\" content=\"summary_large_image\" \/>\n<meta name=\"twitter:label1\" content=\"Ansl. lesetid\" \/>\n\t<meta name=\"twitter:data1\" content=\"1 minutt\" \/>\n<script type=\"application\/ld+json\" class=\"yoast-schema-graph\">{\"@context\":\"https:\\\/\\\/schema.org\",\"@graph\":[{\"@type\":\"WebPage\",\"@id\":\"https:\\\/\\\/bekkalokket.no\\\/index.php\\\/retningslinjer-for-internasjonal-konkurransekomite-oppdatert-2019\\\/\",\"url\":\"https:\\\/\\\/bekkalokket.no\\\/index.php\\\/retningslinjer-for-internasjonal-konkurransekomite-oppdatert-2019\\\/\",\"name\":\"Retningslinjer for Internasjonal konkurransekomite - oppdatert 2019 - Bekkalokket Fotoklubb\",\"isPartOf\":{\"@id\":\"https:\\\/\\\/bekkalokket.no\\\/#website\"},\"datePublished\":\"2020-01-27T15:45:38+00:00\",\"breadcrumb\":{\"@id\":\"https:\\\/\\\/bekkalokket.no\\\/index.php\\\/retningslinjer-for-internasjonal-konkurransekomite-oppdatert-2019\\\/#breadcrumb\"},\"inLanguage\":\"nb-NO\",\"potentialAction\":[{\"@type\":\"ReadAction\",\"target\":[\"https:\\\/\\\/bekkalokket.no\\\/index.php\\\/retningslinjer-for-internasjonal-konkurransekomite-oppdatert-2019\\\/\"]}]},{\"@type\":\"BreadcrumbList\",\"@id\":\"https:\\\/\\\/bekkalokket.no\\\/index.php\\\/retningslinjer-for-internasjonal-konkurransekomite-oppdatert-2019\\\/#breadcrumb\",\"itemListElement\":[{\"@type\":\"ListItem\",\"position\":1,\"name\":\"Home\",\"item\":\"https:\\\/\\\/bekkalokket.no\\\/\"},{\"@type\":\"ListItem\",\"position\":2,\"name\":\"Retningslinjer for Internasjonal konkurransekomite &#8211; oppdatert 2019\"}]},{\"@type\":\"WebSite\",\"@id\":\"https:\\\/\\\/bekkalokket.no\\\/#website\",\"url\":\"https:\\\/\\\/bekkalokket.no\\\/\",\"name\":\"Bekkalokket Fotoklubb\",\"description\":\"En sosial og aktiv fotoklubb i Bergen\",\"potentialAction\":[{\"@type\":\"SearchAction\",\"target\":{\"@type\":\"EntryPoint\",\"urlTemplate\":\"https:\\\/\\\/bekkalokket.no\\\/?s={search_term_string}\"},\"query-input\":{\"@type\":\"PropertyValueSpecification\",\"valueRequired\":true,\"valueName\":\"search_term_string\"}}],\"inLanguage\":\"nb-NO\"}]}<\/script>\n<!-- \/ Yoast SEO plugin. -->","yoast_head_json":{"title":"Retningslinjer for Internasjonal konkurransekomite - oppdatert 2019 - Bekkalokket Fotoklubb","robots":{"index":"index","follow":"follow","max-snippet":"max-snippet:-1","max-image-preview":"max-image-preview:large","max-video-preview":"max-video-preview:-1"},"canonical":"https:\/\/bekkalokket.no\/index.php\/retningslinjer-for-internasjonal-konkurransekomite-oppdatert-2019\/","og_locale":"nb_NO","og_type":"article","og_title":"Retningslinjer for Internasjonal konkurransekomite - oppdatert 2019 - Bekkalokket Fotoklubb","og_description":"\u2022 Komiteen b\u00f8r v\u00e6re sammensatt av medlemmer som sammen kan fylle f\u00f8lgende funksjoner knyttet til \u00e5 v\u00e6re arrang\u00f8r av internasjonale konkurranser etter FIAP og\/eller PSA regelverk Konkurranseansvarlig (chairman) Sekret\u00e6r (normalt ogs\u00e5 reserve chairman) Web-&#46;&#46;&#46;","og_url":"https:\/\/bekkalokket.no\/index.php\/retningslinjer-for-internasjonal-konkurransekomite-oppdatert-2019\/","og_site_name":"Bekkalokket Fotoklubb","twitter_card":"summary_large_image","twitter_misc":{"Ansl. lesetid":"1 minutt"},"schema":{"@context":"https:\/\/schema.org","@graph":[{"@type":"WebPage","@id":"https:\/\/bekkalokket.no\/index.php\/retningslinjer-for-internasjonal-konkurransekomite-oppdatert-2019\/","url":"https:\/\/bekkalokket.no\/index.php\/retningslinjer-for-internasjonal-konkurransekomite-oppdatert-2019\/","name":"Retningslinjer for Internasjonal konkurransekomite - oppdatert 2019 - Bekkalokket Fotoklubb","isPartOf":{"@id":"https:\/\/bekkalokket.no\/#website"},"datePublished":"2020-01-27T15:45:38+00:00","breadcrumb":{"@id":"https:\/\/bekkalokket.no\/index.php\/retningslinjer-for-internasjonal-konkurransekomite-oppdatert-2019\/#breadcrumb"},"inLanguage":"nb-NO","potentialAction":[{"@type":"ReadAction","target":["https:\/\/bekkalokket.no\/index.php\/retningslinjer-for-internasjonal-konkurransekomite-oppdatert-2019\/"]}]},{"@type":"BreadcrumbList","@id":"https:\/\/bekkalokket.no\/index.php\/retningslinjer-for-internasjonal-konkurransekomite-oppdatert-2019\/#breadcrumb","itemListElement":[{"@type":"ListItem","position":1,"name":"Home","item":"https:\/\/bekkalokket.no\/"},{"@type":"ListItem","position":2,"name":"Retningslinjer for Internasjonal konkurransekomite &#8211; oppdatert 2019"}]},{"@type":"WebSite","@id":"https:\/\/bekkalokket.no\/#website","url":"https:\/\/bekkalokket.no\/","name":"Bekkalokket Fotoklubb","description":"En sosial og aktiv fotoklubb i Bergen","potentialAction":[{"@type":"SearchAction","target":{"@type":"EntryPoint","urlTemplate":"https:\/\/bekkalokket.no\/?s={search_term_string}"},"query-input":{"@type":"PropertyValueSpecification","valueRequired":true,"valueName":"search_term_string"}}],"inLanguage":"nb-NO"}]}},"_links":{"self":[{"href":"https:\/\/bekkalokket.no\/index.php\/wp-json\/wp\/v2\/pages\/2931","targetHints":{"allow":["GET"]}}],"collection":[{"href":"https:\/\/bekkalokket.no\/index.php\/wp-json\/wp\/v2\/pages"}],"about":[{"href":"https:\/\/bekkalokket.no\/index.php\/wp-json\/wp\/v2\/types\/page"}],"author":[{"embeddable":true,"href":"https:\/\/bekkalokket.no\/index.php\/wp-json\/wp\/v2\/users\/2"}],"replies":[{"embeddable":true,"href":"https:\/\/bekkalokket.no\/index.php\/wp-json\/wp\/v2\/comments?post=2931"}],"version-history":[{"count":1,"href":"https:\/\/bekkalokket.no\/index.php\/wp-json\/wp\/v2\/pages\/2931\/revisions"}],"predecessor-version":[{"id":2932,"href":"https:\/\/bekkalokket.no\/index.php\/wp-json\/wp\/v2\/pages\/2931\/revisions\/2932"}],"wp:attachment":[{"href":"https:\/\/bekkalokket.no\/index.php\/wp-json\/wp\/v2\/media?parent=2931"}],"curies":[{"name":"wp","href":"https:\/\/api.w.org\/{rel}","templated":true}]}}