{"id":2933,"date":"2020-01-27T17:46:37","date_gmt":"2020-01-27T15:46:37","guid":{"rendered":"https:\/\/bekkalokket.no\/?page_id=2933"},"modified":"2020-01-27T17:46:37","modified_gmt":"2020-01-27T15:46:37","slug":"retningslinjer-for-kasserer-oppdatert-2019","status":"publish","type":"page","link":"https:\/\/bekkalokket.no\/index.php\/retningslinjer-for-kasserer-oppdatert-2019\/","title":{"rendered":"Retningslinjer for kasserer &#8211; oppdatert 2019"},"content":{"rendered":"<p><strong>Innmelding av nye medlemmer<\/strong><\/p>\n<p>\u2022 S\u00f8rge for at innmeldingsskjema er fylt ut og arkivere denne i egen mappe.<\/p>\n<p>\u2022 Registrere medlemmet i Excel \u00abMedlemsliste Total\u00bb database. Dropbox, Styret \/ \u00d8konomi \/ Medlemsadministrasjon\/medlemslister.<\/p>\n<p>\u2022 \u00d8ke medlemsantall i regnskapet i Excel, og under fane \u00abNye Medlemmer\u00bb, Dropbox, Styret \/ \u00d8konomi \/ \u00c5rstall \/ BFKregnskap20..<\/p>\n<p>\u2022 Opprette medlemmet i e-postlisten \u00abmedlemmer Bekkalokket\u00bb i Google Group.<\/p>\n<p>\u2022 Sende velkomsthilsen p\u00e5 e-post til det nye medlemmer med info om kontingent og om registreringen i e-postlisten.<\/p>\n<p><strong>Innbetaling av kontingent<\/strong><\/p>\n<p>\u2022 F\u00f8re bilaget i hovedbok i regnskapet og \u00f8ke antall betalt kontingent.<\/p>\n<p>\u2022 Registrere innbetalingen i Excel \u00abMedlemsliste Total\u00bb database.<\/p>\n<p>\u2022 Melde medlemmet inn i NSFF.no og registrere innbetaling i NSFF.<\/p>\n<p><strong>Utmelding av medlemmer<\/strong><\/p>\n<p>\u2022 Svare p\u00e5 e-post fra medlemmet, velkommen tilbake.<\/p>\n<p>\u2022 Melde ut i Excel \u00abMedlemsliste Total\u00bb database.<\/p>\n<p>\u2022 Slette medlemmet i e-postlisten i Google Groups.<\/p>\n<p>\u2022 \u00d8ke antall i regnskapet i Excel, sluttet i 20xx, Dropbox , Styret \/ \u00d8konomi \/ \u00c5rstall \/ BFKregnskap20..<\/p>\n<p>\u2022 Melde medlemmet ut av NSFF.no<\/p>\n<p><strong>F\u00f8ring av regnskap<\/strong><\/p>\n<p>\u2022 Foreta alle utbetalinger fra bank.<\/p>\n<p>\u2022 F\u00f8re alle inng\u00e5ende og utg\u00e5ende bilag i hovedbok: \u00abDropbox, Styret \/ \u00d8konomi \/\u00c5rstall\/BFKregnskap_20xx<\/p>\n<p>\u2022 F\u00f8re alle Vipps innbetalinger i hovedbok.<\/p>\n<p>\u2022 Kontrollere alle inn og utbetalinger fra bank stemmer med bankutskrift.<\/p>\n<p>\u2022 F\u00f8re delregnskap for hver komite\u2019, Fjord Bergen og Vestkyst konkurransene.<\/p>\n<p>\u2022 F\u00f8re statistikk for sommerfester, julefester, inspirasjonsdager\/workshop.<\/p>\n<p>\u2022 F\u00f8re regnskap og oversikt av salget p\u00e5 jubileumsboken og annet salg.<\/p>\n<p>\u2022 F\u00f8re regnskap for Kjellermester (matpenger).<\/p>\n<p>\u2022 F\u00f8re regnskap p\u00e5 printere.<\/p>\n<p>\u2022 F\u00f8re statistikk for Grasrotandelen.<\/p>\n<p>\u2022 Presentere regnskap og resultat i forhold til budsjett p\u00e5 hvert styrem\u00f8te og p\u00e5 \u00e5rsm\u00f8te.<\/p>\n<p>\u2022 Ansvarlig for klubbkassen og matkassen.<\/p>\n<p>\u2022 Ha oversikt over gjeld og utest\u00e5ende fordringer.<\/p>\n<p><strong>Budsjett<\/strong><\/p>\n<p>\u2022 Lage forslag til styret for neste \u00e5rs budsjett.<\/p>\n<p>\u2022 Presentere styrets budsjettforslag til \u00e5rsm\u00f8te<\/p>\n<p>\u2022 Oppf\u00f8lging av budsjett i forhold til regnskap.<\/p>\n<p>03.01.2019<\/p>\n","protected":false},"excerpt":{"rendered":"<p>Innmelding av nye medlemmer \u2022 S\u00f8rge for at innmeldingsskjema er fylt ut og arkivere denne i egen mappe. \u2022 Registrere medlemmet i Excel \u00abMedlemsliste Total\u00bb database. Dropbox, Styret \/ \u00d8konomi \/ Medlemsadministrasjon\/medlemslister. \u2022 \u00d8ke&#46;&#46;&#46;<\/p>\n","protected":false},"author":2,"featured_media":0,"parent":0,"menu_order":0,"comment_status":"closed","ping_status":"closed","template":"","meta":{"footnotes":""},"class_list":["post-2933","page","type-page","status-publish","hentry"],"yoast_head":"<!-- This site is optimized with the Yoast SEO plugin v27.5 - https:\/\/yoast.com\/product\/yoast-seo-wordpress\/ -->\n<title>Retningslinjer for kasserer - oppdatert 2019 - Bekkalokket Fotoklubb<\/title>\n<meta name=\"robots\" content=\"index, follow, max-snippet:-1, max-image-preview:large, max-video-preview:-1\" \/>\n<link rel=\"canonical\" href=\"https:\/\/bekkalokket.no\/index.php\/retningslinjer-for-kasserer-oppdatert-2019\/\" \/>\n<meta property=\"og:locale\" content=\"nb_NO\" \/>\n<meta property=\"og:type\" content=\"article\" \/>\n<meta property=\"og:title\" content=\"Retningslinjer for kasserer - oppdatert 2019 - Bekkalokket Fotoklubb\" \/>\n<meta property=\"og:description\" content=\"Innmelding av nye medlemmer \u2022 S\u00f8rge for at innmeldingsskjema er fylt ut og arkivere denne i egen mappe. \u2022 Registrere medlemmet i Excel \u00abMedlemsliste Total\u00bb database. Dropbox, Styret \/ \u00d8konomi \/ Medlemsadministrasjon\/medlemslister. \u2022 \u00d8ke&#046;&#046;&#046;\" \/>\n<meta property=\"og:url\" content=\"https:\/\/bekkalokket.no\/index.php\/retningslinjer-for-kasserer-oppdatert-2019\/\" \/>\n<meta property=\"og:site_name\" content=\"Bekkalokket Fotoklubb\" \/>\n<meta name=\"twitter:card\" content=\"summary_large_image\" \/>\n<meta name=\"twitter:label1\" content=\"Ansl. lesetid\" \/>\n\t<meta name=\"twitter:data1\" content=\"1 minutt\" \/>\n<script type=\"application\/ld+json\" class=\"yoast-schema-graph\">{\"@context\":\"https:\\\/\\\/schema.org\",\"@graph\":[{\"@type\":\"WebPage\",\"@id\":\"https:\\\/\\\/bekkalokket.no\\\/index.php\\\/retningslinjer-for-kasserer-oppdatert-2019\\\/\",\"url\":\"https:\\\/\\\/bekkalokket.no\\\/index.php\\\/retningslinjer-for-kasserer-oppdatert-2019\\\/\",\"name\":\"Retningslinjer for kasserer - oppdatert 2019 - Bekkalokket Fotoklubb\",\"isPartOf\":{\"@id\":\"https:\\\/\\\/bekkalokket.no\\\/#website\"},\"datePublished\":\"2020-01-27T15:46:37+00:00\",\"breadcrumb\":{\"@id\":\"https:\\\/\\\/bekkalokket.no\\\/index.php\\\/retningslinjer-for-kasserer-oppdatert-2019\\\/#breadcrumb\"},\"inLanguage\":\"nb-NO\",\"potentialAction\":[{\"@type\":\"ReadAction\",\"target\":[\"https:\\\/\\\/bekkalokket.no\\\/index.php\\\/retningslinjer-for-kasserer-oppdatert-2019\\\/\"]}]},{\"@type\":\"BreadcrumbList\",\"@id\":\"https:\\\/\\\/bekkalokket.no\\\/index.php\\\/retningslinjer-for-kasserer-oppdatert-2019\\\/#breadcrumb\",\"itemListElement\":[{\"@type\":\"ListItem\",\"position\":1,\"name\":\"Home\",\"item\":\"https:\\\/\\\/bekkalokket.no\\\/\"},{\"@type\":\"ListItem\",\"position\":2,\"name\":\"Retningslinjer for kasserer &#8211; oppdatert 2019\"}]},{\"@type\":\"WebSite\",\"@id\":\"https:\\\/\\\/bekkalokket.no\\\/#website\",\"url\":\"https:\\\/\\\/bekkalokket.no\\\/\",\"name\":\"Bekkalokket Fotoklubb\",\"description\":\"En sosial og aktiv fotoklubb i Bergen\",\"potentialAction\":[{\"@type\":\"SearchAction\",\"target\":{\"@type\":\"EntryPoint\",\"urlTemplate\":\"https:\\\/\\\/bekkalokket.no\\\/?s={search_term_string}\"},\"query-input\":{\"@type\":\"PropertyValueSpecification\",\"valueRequired\":true,\"valueName\":\"search_term_string\"}}],\"inLanguage\":\"nb-NO\"}]}<\/script>\n<!-- \/ Yoast SEO plugin. -->","yoast_head_json":{"title":"Retningslinjer for kasserer - oppdatert 2019 - Bekkalokket Fotoklubb","robots":{"index":"index","follow":"follow","max-snippet":"max-snippet:-1","max-image-preview":"max-image-preview:large","max-video-preview":"max-video-preview:-1"},"canonical":"https:\/\/bekkalokket.no\/index.php\/retningslinjer-for-kasserer-oppdatert-2019\/","og_locale":"nb_NO","og_type":"article","og_title":"Retningslinjer for kasserer - oppdatert 2019 - Bekkalokket Fotoklubb","og_description":"Innmelding av nye medlemmer \u2022 S\u00f8rge for at innmeldingsskjema er fylt ut og arkivere denne i egen mappe. \u2022 Registrere medlemmet i Excel \u00abMedlemsliste Total\u00bb database. Dropbox, Styret \/ \u00d8konomi \/ Medlemsadministrasjon\/medlemslister. \u2022 \u00d8ke&#46;&#46;&#46;","og_url":"https:\/\/bekkalokket.no\/index.php\/retningslinjer-for-kasserer-oppdatert-2019\/","og_site_name":"Bekkalokket Fotoklubb","twitter_card":"summary_large_image","twitter_misc":{"Ansl. lesetid":"1 minutt"},"schema":{"@context":"https:\/\/schema.org","@graph":[{"@type":"WebPage","@id":"https:\/\/bekkalokket.no\/index.php\/retningslinjer-for-kasserer-oppdatert-2019\/","url":"https:\/\/bekkalokket.no\/index.php\/retningslinjer-for-kasserer-oppdatert-2019\/","name":"Retningslinjer for kasserer - oppdatert 2019 - Bekkalokket Fotoklubb","isPartOf":{"@id":"https:\/\/bekkalokket.no\/#website"},"datePublished":"2020-01-27T15:46:37+00:00","breadcrumb":{"@id":"https:\/\/bekkalokket.no\/index.php\/retningslinjer-for-kasserer-oppdatert-2019\/#breadcrumb"},"inLanguage":"nb-NO","potentialAction":[{"@type":"ReadAction","target":["https:\/\/bekkalokket.no\/index.php\/retningslinjer-for-kasserer-oppdatert-2019\/"]}]},{"@type":"BreadcrumbList","@id":"https:\/\/bekkalokket.no\/index.php\/retningslinjer-for-kasserer-oppdatert-2019\/#breadcrumb","itemListElement":[{"@type":"ListItem","position":1,"name":"Home","item":"https:\/\/bekkalokket.no\/"},{"@type":"ListItem","position":2,"name":"Retningslinjer for kasserer &#8211; oppdatert 2019"}]},{"@type":"WebSite","@id":"https:\/\/bekkalokket.no\/#website","url":"https:\/\/bekkalokket.no\/","name":"Bekkalokket Fotoklubb","description":"En sosial og aktiv fotoklubb i Bergen","potentialAction":[{"@type":"SearchAction","target":{"@type":"EntryPoint","urlTemplate":"https:\/\/bekkalokket.no\/?s={search_term_string}"},"query-input":{"@type":"PropertyValueSpecification","valueRequired":true,"valueName":"search_term_string"}}],"inLanguage":"nb-NO"}]}},"_links":{"self":[{"href":"https:\/\/bekkalokket.no\/index.php\/wp-json\/wp\/v2\/pages\/2933","targetHints":{"allow":["GET"]}}],"collection":[{"href":"https:\/\/bekkalokket.no\/index.php\/wp-json\/wp\/v2\/pages"}],"about":[{"href":"https:\/\/bekkalokket.no\/index.php\/wp-json\/wp\/v2\/types\/page"}],"author":[{"embeddable":true,"href":"https:\/\/bekkalokket.no\/index.php\/wp-json\/wp\/v2\/users\/2"}],"replies":[{"embeddable":true,"href":"https:\/\/bekkalokket.no\/index.php\/wp-json\/wp\/v2\/comments?post=2933"}],"version-history":[{"count":1,"href":"https:\/\/bekkalokket.no\/index.php\/wp-json\/wp\/v2\/pages\/2933\/revisions"}],"predecessor-version":[{"id":2934,"href":"https:\/\/bekkalokket.no\/index.php\/wp-json\/wp\/v2\/pages\/2933\/revisions\/2934"}],"wp:attachment":[{"href":"https:\/\/bekkalokket.no\/index.php\/wp-json\/wp\/v2\/media?parent=2933"}],"curies":[{"name":"wp","href":"https:\/\/api.w.org\/{rel}","templated":true}]}}