{"id":3257,"date":"2020-05-24T10:48:44","date_gmt":"2020-05-24T08:48:44","guid":{"rendered":"https:\/\/bekkalokket.no\/?page_id=3257"},"modified":"2021-04-04T15:46:33","modified_gmt":"2021-04-04T13:46:33","slug":"klubbkonkurranse-host-2004","status":"publish","type":"page","link":"https:\/\/bekkalokket.no\/index.php\/klubbkonkurranse-host-2004\/","title":{"rendered":"Klubbkonkurranse h\u00f8st 2004"},"content":{"rendered":"\n<p><strong>Tema:<\/strong> &#8221; Utgangspunkt i et dikt &#8221; 1 klasse<br><strong>Jury<\/strong>: Anders Aune og Rune Fj\u00e6reide<\/p>\n\n\n\n<p><br>P\u00e5 jorden et sted<br>Tro ikke frosten som senker en fred<br>av sne i ditt h\u00e5r<br>Alltid er det p\u00e5 jorden et sted<br>tidlig v\u00e5r<br>Tro ikke m\u00f8rket n\u00e5r lyset g\u00e5r ned<br>i skumringens fang<br>Alltid er det p\u00e5 jorden et sted<br>soloppgang.<\/p>\n\n\n\n<p><\/p>\n\n\n\n<div class=\"wp-block-image\"><figure class=\"aligncenter size-large\"><img loading=\"lazy\" decoding=\"async\" width=\"450\" height=\"286\" src=\"https:\/\/bekkalokket.no\/wp-content\/uploads\/2020\/05\/527.jpg\" alt=\"\" class=\"wp-image-3259\" srcset=\"https:\/\/bekkalokket.no\/wp-content\/uploads\/2020\/05\/527.jpg 450w, https:\/\/bekkalokket.no\/wp-content\/uploads\/2020\/05\/527-300x191.jpg 300w\" sizes=\"auto, (max-width: 450px) 100vw, 450px\" \/><figcaption>1. PREMIE<br>Rolf Rose Jensen<br>&#8221; Opplevelsen&#8221;<\/figcaption><\/figure><\/div>\n\n\n\n<p><\/p>\n\n\n\n<div class=\"wp-block-image\"><figure class=\"aligncenter size-large\"><img loading=\"lazy\" decoding=\"async\" width=\"450\" height=\"288\" src=\"https:\/\/bekkalokket.no\/wp-content\/uploads\/2020\/05\/528.jpg\" alt=\"\" class=\"wp-image-3260\" srcset=\"https:\/\/bekkalokket.no\/wp-content\/uploads\/2020\/05\/528.jpg 450w, https:\/\/bekkalokket.no\/wp-content\/uploads\/2020\/05\/528-300x192.jpg 300w\" sizes=\"auto, (max-width: 450px) 100vw, 450px\" \/><figcaption>2. PREMIE<br>Roy Birger Nilsen<br>&#8220;Mot lyset&#8221;<\/figcaption><\/figure><\/div>\n\n\n\n<p><\/p>\n\n\n\n<div class=\"wp-block-image\"><figure class=\"aligncenter size-large\"><img loading=\"lazy\" decoding=\"async\" width=\"450\" height=\"312\" src=\"https:\/\/bekkalokket.no\/wp-content\/uploads\/2020\/05\/529.jpg\" alt=\"\" class=\"wp-image-3261\" srcset=\"https:\/\/bekkalokket.no\/wp-content\/uploads\/2020\/05\/529.jpg 450w, https:\/\/bekkalokket.no\/wp-content\/uploads\/2020\/05\/529-300x208.jpg 300w\" sizes=\"auto, (max-width: 450px) 100vw, 450px\" \/><figcaption>3. PREMIE<br>Jan Standal<br>&#8220;Alltid et lys i tunnelen&#8221;<\/figcaption><\/figure><\/div>\n\n\n\n<p><\/p>\n\n\n\n<p><\/p>\n\n\n\n<div class=\"wp-block-image\"><figure class=\"aligncenter size-large\"><img loading=\"lazy\" decoding=\"async\" width=\"450\" height=\"299\" src=\"https:\/\/bekkalokket.no\/wp-content\/uploads\/2020\/05\/530.jpg\" alt=\"\" class=\"wp-image-3258\" srcset=\"https:\/\/bekkalokket.no\/wp-content\/uploads\/2020\/05\/530.jpg 450w, https:\/\/bekkalokket.no\/wp-content\/uploads\/2020\/05\/530-300x199.jpg 300w\" sizes=\"auto, (max-width: 450px) 100vw, 450px\" \/><figcaption>ANTATT<br>Rolf Rose Jensen<br>&#8221; M\u00e5nelett &#8220;<\/figcaption><\/figure><\/div>\n\n\n\n<p><\/p>\n\n\n\n<p><\/p>\n\n\n\n<p><\/p>\n\n\n\n<p><\/p>\n\n\n\n<div class=\"wp-block-image\"><figure class=\"aligncenter size-large\"><img loading=\"lazy\" decoding=\"async\" width=\"450\" height=\"300\" src=\"https:\/\/bekkalokket.no\/wp-content\/uploads\/2020\/05\/531.jpg\" alt=\"\" class=\"wp-image-3263\" srcset=\"https:\/\/bekkalokket.no\/wp-content\/uploads\/2020\/05\/531.jpg 450w, https:\/\/bekkalokket.no\/wp-content\/uploads\/2020\/05\/531-300x200.jpg 300w\" sizes=\"auto, (max-width: 450px) 100vw, 450px\" \/><figcaption>ANTATT<br>Rolf Rose Jensen<br>&#8221; To fjes &#8220;<\/figcaption><\/figure><\/div>\n\n\n\n<div class=\"wp-block-image\"><figure class=\"aligncenter size-large\"><img loading=\"lazy\" decoding=\"async\" width=\"382\" height=\"450\" src=\"https:\/\/bekkalokket.no\/wp-content\/uploads\/2020\/05\/533.jpg\" alt=\"\" class=\"wp-image-3265\" srcset=\"https:\/\/bekkalokket.no\/wp-content\/uploads\/2020\/05\/533.jpg 382w, https:\/\/bekkalokket.no\/wp-content\/uploads\/2020\/05\/533-255x300.jpg 255w\" sizes=\"auto, (max-width: 382px) 100vw, 382px\" \/><figcaption>ANTATT<br>Unni Brekke<br>&#8221; Tro ikke &#8220;<\/figcaption><\/figure><\/div>\n\n\n\n<p><\/p>\n\n\n\n<div class=\"wp-block-image\"><figure class=\"aligncenter size-large\"><img loading=\"lazy\" decoding=\"async\" width=\"306\" height=\"450\" src=\"https:\/\/bekkalokket.no\/wp-content\/uploads\/2020\/05\/532.jpg\" alt=\"\" class=\"wp-image-3264\" srcset=\"https:\/\/bekkalokket.no\/wp-content\/uploads\/2020\/05\/532.jpg 306w, https:\/\/bekkalokket.no\/wp-content\/uploads\/2020\/05\/532-204x300.jpg 204w\" sizes=\"auto, (max-width: 306px) 100vw, 306px\" \/><figcaption>ANTATT<br>Rolf Rose Jensen<br>&#8221; En av hver &#8220;<\/figcaption><\/figure><\/div>\n\n\n\n<p><\/p>\n\n\n\n<div class=\"wp-block-image\"><figure class=\"aligncenter size-large\"><img loading=\"lazy\" decoding=\"async\" width=\"450\" height=\"300\" src=\"https:\/\/bekkalokket.no\/wp-content\/uploads\/2020\/05\/534.jpg\" alt=\"\" class=\"wp-image-3266\" srcset=\"https:\/\/bekkalokket.no\/wp-content\/uploads\/2020\/05\/534.jpg 450w, https:\/\/bekkalokket.no\/wp-content\/uploads\/2020\/05\/534-300x200.jpg 300w\" sizes=\"auto, (max-width: 450px) 100vw, 450px\" \/><figcaption>ANTATT<br>Tor Henning Olsen<br>&#8220;Light of january &#8220;<\/figcaption><\/figure><\/div>\n","protected":false},"excerpt":{"rendered":"<p>Tema: &#8221; Utgangspunkt i et dikt &#8221; 1 klasseJury: Anders Aune og Rune Fj\u00e6reide P\u00e5 jorden et stedTro ikke frosten som senker en fredav sne i ditt h\u00e5rAlltid er det p\u00e5 jorden et stedtidlig&#46;&#46;&#46;<\/p>\n","protected":false},"author":2,"featured_media":0,"parent":0,"menu_order":0,"comment_status":"closed","ping_status":"closed","template":"","meta":{"footnotes":""},"class_list":["post-3257","page","type-page","status-publish","hentry"],"yoast_head":"<!-- This site is optimized with the Yoast SEO plugin v27.5 - https:\/\/yoast.com\/product\/yoast-seo-wordpress\/ -->\n<title>Klubbkonkurranse h\u00f8st 2004 - Bekkalokket Fotoklubb<\/title>\n<meta name=\"robots\" content=\"index, follow, max-snippet:-1, max-image-preview:large, max-video-preview:-1\" \/>\n<link rel=\"canonical\" href=\"https:\/\/bekkalokket.no\/index.php\/klubbkonkurranse-host-2004\/\" \/>\n<meta property=\"og:locale\" content=\"nb_NO\" \/>\n<meta property=\"og:type\" content=\"article\" \/>\n<meta property=\"og:title\" content=\"Klubbkonkurranse h\u00f8st 2004 - Bekkalokket Fotoklubb\" \/>\n<meta property=\"og:description\" content=\"Tema: &#8221; Utgangspunkt i et dikt &#8221; 1 klasseJury: Anders Aune og Rune Fj\u00e6reide P\u00e5 jorden et stedTro ikke frosten som senker en fredav sne i ditt h\u00e5rAlltid er det p\u00e5 jorden et stedtidlig&#046;&#046;&#046;\" \/>\n<meta property=\"og:url\" content=\"https:\/\/bekkalokket.no\/index.php\/klubbkonkurranse-host-2004\/\" \/>\n<meta property=\"og:site_name\" content=\"Bekkalokket Fotoklubb\" \/>\n<meta property=\"article:modified_time\" content=\"2021-04-04T13:46:33+00:00\" \/>\n<meta property=\"og:image\" content=\"https:\/\/bekkalokket.no\/wp-content\/uploads\/2020\/05\/527.jpg\" \/>\n<meta name=\"twitter:card\" content=\"summary_large_image\" \/>\n<script type=\"application\/ld+json\" class=\"yoast-schema-graph\">{\"@context\":\"https:\\\/\\\/schema.org\",\"@graph\":[{\"@type\":\"WebPage\",\"@id\":\"https:\\\/\\\/bekkalokket.no\\\/index.php\\\/klubbkonkurranse-host-2004\\\/\",\"url\":\"https:\\\/\\\/bekkalokket.no\\\/index.php\\\/klubbkonkurranse-host-2004\\\/\",\"name\":\"Klubbkonkurranse h\u00f8st 2004 - Bekkalokket Fotoklubb\",\"isPartOf\":{\"@id\":\"https:\\\/\\\/bekkalokket.no\\\/#website\"},\"primaryImageOfPage\":{\"@id\":\"https:\\\/\\\/bekkalokket.no\\\/index.php\\\/klubbkonkurranse-host-2004\\\/#primaryimage\"},\"image\":{\"@id\":\"https:\\\/\\\/bekkalokket.no\\\/index.php\\\/klubbkonkurranse-host-2004\\\/#primaryimage\"},\"thumbnailUrl\":\"https:\\\/\\\/bekkalokket.no\\\/wp-content\\\/uploads\\\/2020\\\/05\\\/527.jpg\",\"datePublished\":\"2020-05-24T08:48:44+00:00\",\"dateModified\":\"2021-04-04T13:46:33+00:00\",\"breadcrumb\":{\"@id\":\"https:\\\/\\\/bekkalokket.no\\\/index.php\\\/klubbkonkurranse-host-2004\\\/#breadcrumb\"},\"inLanguage\":\"nb-NO\",\"potentialAction\":[{\"@type\":\"ReadAction\",\"target\":[\"https:\\\/\\\/bekkalokket.no\\\/index.php\\\/klubbkonkurranse-host-2004\\\/\"]}]},{\"@type\":\"ImageObject\",\"inLanguage\":\"nb-NO\",\"@id\":\"https:\\\/\\\/bekkalokket.no\\\/index.php\\\/klubbkonkurranse-host-2004\\\/#primaryimage\",\"url\":\"https:\\\/\\\/bekkalokket.no\\\/wp-content\\\/uploads\\\/2020\\\/05\\\/527.jpg\",\"contentUrl\":\"https:\\\/\\\/bekkalokket.no\\\/wp-content\\\/uploads\\\/2020\\\/05\\\/527.jpg\",\"width\":450,\"height\":286},{\"@type\":\"BreadcrumbList\",\"@id\":\"https:\\\/\\\/bekkalokket.no\\\/index.php\\\/klubbkonkurranse-host-2004\\\/#breadcrumb\",\"itemListElement\":[{\"@type\":\"ListItem\",\"position\":1,\"name\":\"Home\",\"item\":\"https:\\\/\\\/bekkalokket.no\\\/\"},{\"@type\":\"ListItem\",\"position\":2,\"name\":\"Klubbkonkurranse h\u00f8st 2004\"}]},{\"@type\":\"WebSite\",\"@id\":\"https:\\\/\\\/bekkalokket.no\\\/#website\",\"url\":\"https:\\\/\\\/bekkalokket.no\\\/\",\"name\":\"Bekkalokket Fotoklubb\",\"description\":\"En sosial og aktiv fotoklubb i Bergen\",\"potentialAction\":[{\"@type\":\"SearchAction\",\"target\":{\"@type\":\"EntryPoint\",\"urlTemplate\":\"https:\\\/\\\/bekkalokket.no\\\/?s={search_term_string}\"},\"query-input\":{\"@type\":\"PropertyValueSpecification\",\"valueRequired\":true,\"valueName\":\"search_term_string\"}}],\"inLanguage\":\"nb-NO\"}]}<\/script>\n<!-- \/ Yoast SEO plugin. -->","yoast_head_json":{"title":"Klubbkonkurranse h\u00f8st 2004 - Bekkalokket Fotoklubb","robots":{"index":"index","follow":"follow","max-snippet":"max-snippet:-1","max-image-preview":"max-image-preview:large","max-video-preview":"max-video-preview:-1"},"canonical":"https:\/\/bekkalokket.no\/index.php\/klubbkonkurranse-host-2004\/","og_locale":"nb_NO","og_type":"article","og_title":"Klubbkonkurranse h\u00f8st 2004 - Bekkalokket Fotoklubb","og_description":"Tema: &#8221; Utgangspunkt i et dikt &#8221; 1 klasseJury: Anders Aune og Rune Fj\u00e6reide P\u00e5 jorden et stedTro ikke frosten som senker en fredav sne i ditt h\u00e5rAlltid er det p\u00e5 jorden et stedtidlig&#46;&#46;&#46;","og_url":"https:\/\/bekkalokket.no\/index.php\/klubbkonkurranse-host-2004\/","og_site_name":"Bekkalokket Fotoklubb","article_modified_time":"2021-04-04T13:46:33+00:00","og_image":[{"url":"https:\/\/bekkalokket.no\/wp-content\/uploads\/2020\/05\/527.jpg","type":"","width":"","height":""}],"twitter_card":"summary_large_image","schema":{"@context":"https:\/\/schema.org","@graph":[{"@type":"WebPage","@id":"https:\/\/bekkalokket.no\/index.php\/klubbkonkurranse-host-2004\/","url":"https:\/\/bekkalokket.no\/index.php\/klubbkonkurranse-host-2004\/","name":"Klubbkonkurranse h\u00f8st 2004 - Bekkalokket Fotoklubb","isPartOf":{"@id":"https:\/\/bekkalokket.no\/#website"},"primaryImageOfPage":{"@id":"https:\/\/bekkalokket.no\/index.php\/klubbkonkurranse-host-2004\/#primaryimage"},"image":{"@id":"https:\/\/bekkalokket.no\/index.php\/klubbkonkurranse-host-2004\/#primaryimage"},"thumbnailUrl":"https:\/\/bekkalokket.no\/wp-content\/uploads\/2020\/05\/527.jpg","datePublished":"2020-05-24T08:48:44+00:00","dateModified":"2021-04-04T13:46:33+00:00","breadcrumb":{"@id":"https:\/\/bekkalokket.no\/index.php\/klubbkonkurranse-host-2004\/#breadcrumb"},"inLanguage":"nb-NO","potentialAction":[{"@type":"ReadAction","target":["https:\/\/bekkalokket.no\/index.php\/klubbkonkurranse-host-2004\/"]}]},{"@type":"ImageObject","inLanguage":"nb-NO","@id":"https:\/\/bekkalokket.no\/index.php\/klubbkonkurranse-host-2004\/#primaryimage","url":"https:\/\/bekkalokket.no\/wp-content\/uploads\/2020\/05\/527.jpg","contentUrl":"https:\/\/bekkalokket.no\/wp-content\/uploads\/2020\/05\/527.jpg","width":450,"height":286},{"@type":"BreadcrumbList","@id":"https:\/\/bekkalokket.no\/index.php\/klubbkonkurranse-host-2004\/#breadcrumb","itemListElement":[{"@type":"ListItem","position":1,"name":"Home","item":"https:\/\/bekkalokket.no\/"},{"@type":"ListItem","position":2,"name":"Klubbkonkurranse h\u00f8st 2004"}]},{"@type":"WebSite","@id":"https:\/\/bekkalokket.no\/#website","url":"https:\/\/bekkalokket.no\/","name":"Bekkalokket Fotoklubb","description":"En sosial og aktiv fotoklubb i Bergen","potentialAction":[{"@type":"SearchAction","target":{"@type":"EntryPoint","urlTemplate":"https:\/\/bekkalokket.no\/?s={search_term_string}"},"query-input":{"@type":"PropertyValueSpecification","valueRequired":true,"valueName":"search_term_string"}}],"inLanguage":"nb-NO"}]}},"_links":{"self":[{"href":"https:\/\/bekkalokket.no\/index.php\/wp-json\/wp\/v2\/pages\/3257","targetHints":{"allow":["GET"]}}],"collection":[{"href":"https:\/\/bekkalokket.no\/index.php\/wp-json\/wp\/v2\/pages"}],"about":[{"href":"https:\/\/bekkalokket.no\/index.php\/wp-json\/wp\/v2\/types\/page"}],"author":[{"embeddable":true,"href":"https:\/\/bekkalokket.no\/index.php\/wp-json\/wp\/v2\/users\/2"}],"replies":[{"embeddable":true,"href":"https:\/\/bekkalokket.no\/index.php\/wp-json\/wp\/v2\/comments?post=3257"}],"version-history":[{"count":2,"href":"https:\/\/bekkalokket.no\/index.php\/wp-json\/wp\/v2\/pages\/3257\/revisions"}],"predecessor-version":[{"id":3268,"href":"https:\/\/bekkalokket.no\/index.php\/wp-json\/wp\/v2\/pages\/3257\/revisions\/3268"}],"wp:attachment":[{"href":"https:\/\/bekkalokket.no\/index.php\/wp-json\/wp\/v2\/media?parent=3257"}],"curies":[{"name":"wp","href":"https:\/\/api.w.org\/{rel}","templated":true}]}}