{"id":3494,"date":"2020-12-08T11:10:43","date_gmt":"2020-12-08T09:10:43","guid":{"rendered":"https:\/\/bekkalokket.no\/?p=3494"},"modified":"2021-12-07T15:03:29","modified_gmt":"2021-12-07T13:03:29","slug":"grasrotbilder-2020-ladegarden-sykehjem","status":"publish","type":"page","link":"https:\/\/bekkalokket.no\/index.php\/grasrotbilder-2020-ladegarden-sykehjem\/","title":{"rendered":"Grasrotbilder 2020 &#8211; Ladeg\u00e5rden sykehjem"},"content":{"rendered":"\n<p>Som dere vet s\u00e5 har vi over flere \u00e5r donert bilder til institusjoner i Bergensomr\u00e5det. Vi har brukt penger vi har f\u00e5tt via Grasrotandelen for \u00e5 finansierer prosjektene. I 2020 var det ladeg\u00e5rden sykehjem som fikk bilder.<\/p>\n\n\n\n<p>Bildene er tatt av:<\/p>\n\n\n\n<p>Arne Skinlo<br>Eilif Stene<br>Eirik Kj\u00f8de \u00d8deg\u00e5rd<br>Eli S\u00f8rensen<br>Endre M. Lidal<br>John Vint<br>Knut Henrik Andersen<br>Lars Sven<br>Morten Tellefsen<br>Roald Synnev\u00e5g<br>Saptha Gireesh<br>Tom Jarane<\/p>\n\n\n\n<figure class=\"wp-block-gallery columns-3 is-cropped wp-block-gallery-2 is-layout-flex wp-block-gallery-is-layout-flex\"><ul class=\"blocks-gallery-grid\"><li class=\"blocks-gallery-item\"><figure><img loading=\"lazy\" decoding=\"async\" width=\"1024\" height=\"683\" src=\"https:\/\/bekkalokket.no\/wp-content\/uploads\/2020\/12\/Arne-Skinlo-1024x683.jpg\" alt=\"\" data-id=\"3497\" data-full-url=\"https:\/\/bekkalokket.no\/wp-content\/uploads\/2020\/12\/Arne-Skinlo-scaled.jpg\" data-link=\"https:\/\/bekkalokket.no\/index.php\/2020\/12\/08\/grasrotbilder-2020-ladegarden-sykehjem\/arne-skinlo\/\" class=\"wp-image-3497\" srcset=\"https:\/\/bekkalokket.no\/wp-content\/uploads\/2020\/12\/Arne-Skinlo-1024x683.jpg 1024w, https:\/\/bekkalokket.no\/wp-content\/uploads\/2020\/12\/Arne-Skinlo-300x200.jpg 300w, https:\/\/bekkalokket.no\/wp-content\/uploads\/2020\/12\/Arne-Skinlo-768x512.jpg 768w, https:\/\/bekkalokket.no\/wp-content\/uploads\/2020\/12\/Arne-Skinlo-1536x1024.jpg 1536w, https:\/\/bekkalokket.no\/wp-content\/uploads\/2020\/12\/Arne-Skinlo-2048x1365.jpg 2048w\" sizes=\"auto, (max-width: 1024px) 100vw, 1024px\" \/><figcaption class=\"blocks-gallery-item__caption\">Arne Skinlo<\/figcaption><\/figure><\/li><li class=\"blocks-gallery-item\"><figure><img loading=\"lazy\" decoding=\"async\" width=\"1024\" height=\"683\" src=\"https:\/\/bekkalokket.no\/wp-content\/uploads\/2020\/12\/Eilif-Stene-1024x683.jpg\" alt=\"\" data-id=\"3498\" data-full-url=\"https:\/\/bekkalokket.no\/wp-content\/uploads\/2020\/12\/Eilif-Stene-scaled.jpg\" data-link=\"https:\/\/bekkalokket.no\/index.php\/2020\/12\/08\/grasrotbilder-2020-ladegarden-sykehjem\/eilif-stene\/\" class=\"wp-image-3498\" srcset=\"https:\/\/bekkalokket.no\/wp-content\/uploads\/2020\/12\/Eilif-Stene-1024x683.jpg 1024w, https:\/\/bekkalokket.no\/wp-content\/uploads\/2020\/12\/Eilif-Stene-300x200.jpg 300w, https:\/\/bekkalokket.no\/wp-content\/uploads\/2020\/12\/Eilif-Stene-768x513.jpg 768w, https:\/\/bekkalokket.no\/wp-content\/uploads\/2020\/12\/Eilif-Stene-1536x1025.jpg 1536w, https:\/\/bekkalokket.no\/wp-content\/uploads\/2020\/12\/Eilif-Stene-2048x1367.jpg 2048w\" sizes=\"auto, (max-width: 1024px) 100vw, 1024px\" \/><figcaption class=\"blocks-gallery-item__caption\">Eilif Stene<\/figcaption><\/figure><\/li><li class=\"blocks-gallery-item\"><figure><img loading=\"lazy\" decoding=\"async\" width=\"1024\" height=\"683\" src=\"https:\/\/bekkalokket.no\/wp-content\/uploads\/2020\/12\/Eirik-Kjode-Odegard-1024x683.jpg\" alt=\"\" data-id=\"3499\" data-full-url=\"https:\/\/bekkalokket.no\/wp-content\/uploads\/2020\/12\/Eirik-Kjode-Odegard-scaled.jpg\" data-link=\"https:\/\/bekkalokket.no\/index.php\/2020\/12\/08\/grasrotbilder-2020-ladegarden-sykehjem\/eirik-kjode-odegard\/\" class=\"wp-image-3499\" srcset=\"https:\/\/bekkalokket.no\/wp-content\/uploads\/2020\/12\/Eirik-Kjode-Odegard-1024x683.jpg 1024w, https:\/\/bekkalokket.no\/wp-content\/uploads\/2020\/12\/Eirik-Kjode-Odegard-300x200.jpg 300w, https:\/\/bekkalokket.no\/wp-content\/uploads\/2020\/12\/Eirik-Kjode-Odegard-768x512.jpg 768w, https:\/\/bekkalokket.no\/wp-content\/uploads\/2020\/12\/Eirik-Kjode-Odegard-1536x1024.jpg 1536w, https:\/\/bekkalokket.no\/wp-content\/uploads\/2020\/12\/Eirik-Kjode-Odegard-2048x1365.jpg 2048w\" sizes=\"auto, (max-width: 1024px) 100vw, 1024px\" \/><figcaption class=\"blocks-gallery-item__caption\">Eirik Kj\u00f8de \u00d8deg\u00e5rd<\/figcaption><\/figure><\/li><li class=\"blocks-gallery-item\"><figure><img loading=\"lazy\" decoding=\"async\" width=\"1024\" height=\"768\" src=\"https:\/\/bekkalokket.no\/wp-content\/uploads\/2020\/12\/Eli-Sorensen-1024x768.jpg\" alt=\"\" data-id=\"3500\" data-full-url=\"https:\/\/bekkalokket.no\/wp-content\/uploads\/2020\/12\/Eli-Sorensen-scaled.jpg\" data-link=\"https:\/\/bekkalokket.no\/index.php\/2020\/12\/08\/grasrotbilder-2020-ladegarden-sykehjem\/eli-sorensen\/\" class=\"wp-image-3500\" srcset=\"https:\/\/bekkalokket.no\/wp-content\/uploads\/2020\/12\/Eli-Sorensen-1024x768.jpg 1024w, https:\/\/bekkalokket.no\/wp-content\/uploads\/2020\/12\/Eli-Sorensen-300x225.jpg 300w, https:\/\/bekkalokket.no\/wp-content\/uploads\/2020\/12\/Eli-Sorensen-768x576.jpg 768w, https:\/\/bekkalokket.no\/wp-content\/uploads\/2020\/12\/Eli-Sorensen-1536x1152.jpg 1536w, https:\/\/bekkalokket.no\/wp-content\/uploads\/2020\/12\/Eli-Sorensen-2048x1536.jpg 2048w\" sizes=\"auto, (max-width: 1024px) 100vw, 1024px\" \/><figcaption class=\"blocks-gallery-item__caption\">Eli S\u00f8rensen<\/figcaption><\/figure><\/li><li class=\"blocks-gallery-item\"><figure><img loading=\"lazy\" decoding=\"async\" width=\"1024\" height=\"691\" src=\"https:\/\/bekkalokket.no\/wp-content\/uploads\/2020\/12\/Endre-M.-Lidal-1024x691.jpg\" alt=\"\" data-id=\"3501\" data-full-url=\"https:\/\/bekkalokket.no\/wp-content\/uploads\/2020\/12\/Endre-M.-Lidal-scaled.jpg\" data-link=\"https:\/\/bekkalokket.no\/index.php\/2020\/12\/08\/grasrotbilder-2020-ladegarden-sykehjem\/endre-m-lidal\/\" class=\"wp-image-3501\" srcset=\"https:\/\/bekkalokket.no\/wp-content\/uploads\/2020\/12\/Endre-M.-Lidal-1024x691.jpg 1024w, https:\/\/bekkalokket.no\/wp-content\/uploads\/2020\/12\/Endre-M.-Lidal-300x203.jpg 300w, https:\/\/bekkalokket.no\/wp-content\/uploads\/2020\/12\/Endre-M.-Lidal-768x518.jpg 768w, https:\/\/bekkalokket.no\/wp-content\/uploads\/2020\/12\/Endre-M.-Lidal-1536x1037.jpg 1536w, https:\/\/bekkalokket.no\/wp-content\/uploads\/2020\/12\/Endre-M.-Lidal-2048x1382.jpg 2048w\" sizes=\"auto, (max-width: 1024px) 100vw, 1024px\" \/><figcaption class=\"blocks-gallery-item__caption\">Endre M. Lidal<\/figcaption><\/figure><\/li><li class=\"blocks-gallery-item\"><figure><img loading=\"lazy\" decoding=\"async\" width=\"1024\" height=\"768\" src=\"https:\/\/bekkalokket.no\/wp-content\/uploads\/2020\/12\/John-Vint-1024x768.jpg\" alt=\"\" data-id=\"3503\" data-full-url=\"https:\/\/bekkalokket.no\/wp-content\/uploads\/2020\/12\/John-Vint-scaled.jpg\" data-link=\"https:\/\/bekkalokket.no\/index.php\/2020\/12\/08\/grasrotbilder-2020-ladegarden-sykehjem\/john-vint-2\/\" class=\"wp-image-3503\" srcset=\"https:\/\/bekkalokket.no\/wp-content\/uploads\/2020\/12\/John-Vint-1024x768.jpg 1024w, https:\/\/bekkalokket.no\/wp-content\/uploads\/2020\/12\/John-Vint-300x225.jpg 300w, https:\/\/bekkalokket.no\/wp-content\/uploads\/2020\/12\/John-Vint-768x576.jpg 768w, https:\/\/bekkalokket.no\/wp-content\/uploads\/2020\/12\/John-Vint-1536x1152.jpg 1536w, https:\/\/bekkalokket.no\/wp-content\/uploads\/2020\/12\/John-Vint-2048x1536.jpg 2048w\" sizes=\"auto, (max-width: 1024px) 100vw, 1024px\" \/><figcaption class=\"blocks-gallery-item__caption\">John Vint<\/figcaption><\/figure><\/li><li class=\"blocks-gallery-item\"><figure><img loading=\"lazy\" decoding=\"async\" width=\"1024\" height=\"553\" src=\"https:\/\/bekkalokket.no\/wp-content\/uploads\/2020\/12\/Knut-Henrik-Andersen-1024x553.jpg\" alt=\"\" data-id=\"3504\" data-full-url=\"https:\/\/bekkalokket.no\/wp-content\/uploads\/2020\/12\/Knut-Henrik-Andersen-scaled.jpg\" data-link=\"https:\/\/bekkalokket.no\/index.php\/2020\/12\/08\/grasrotbilder-2020-ladegarden-sykehjem\/knut-henrik-andersen\/\" class=\"wp-image-3504\" srcset=\"https:\/\/bekkalokket.no\/wp-content\/uploads\/2020\/12\/Knut-Henrik-Andersen-1024x553.jpg 1024w, https:\/\/bekkalokket.no\/wp-content\/uploads\/2020\/12\/Knut-Henrik-Andersen-300x162.jpg 300w, https:\/\/bekkalokket.no\/wp-content\/uploads\/2020\/12\/Knut-Henrik-Andersen-768x414.jpg 768w, https:\/\/bekkalokket.no\/wp-content\/uploads\/2020\/12\/Knut-Henrik-Andersen-1536x829.jpg 1536w, https:\/\/bekkalokket.no\/wp-content\/uploads\/2020\/12\/Knut-Henrik-Andersen-2048x1105.jpg 2048w\" sizes=\"auto, (max-width: 1024px) 100vw, 1024px\" \/><figcaption class=\"blocks-gallery-item__caption\">Knut Henrik Andersen<\/figcaption><\/figure><\/li><li class=\"blocks-gallery-item\"><figure><img loading=\"lazy\" decoding=\"async\" width=\"1024\" height=\"683\" src=\"https:\/\/bekkalokket.no\/wp-content\/uploads\/2020\/12\/Lars-Sveen-1024x683.jpg\" alt=\"\" data-id=\"3505\" data-full-url=\"https:\/\/bekkalokket.no\/wp-content\/uploads\/2020\/12\/Lars-Sveen-scaled.jpg\" data-link=\"https:\/\/bekkalokket.no\/index.php\/2020\/12\/08\/grasrotbilder-2020-ladegarden-sykehjem\/lars-sveen\/\" class=\"wp-image-3505\" srcset=\"https:\/\/bekkalokket.no\/wp-content\/uploads\/2020\/12\/Lars-Sveen-1024x683.jpg 1024w, https:\/\/bekkalokket.no\/wp-content\/uploads\/2020\/12\/Lars-Sveen-300x200.jpg 300w, https:\/\/bekkalokket.no\/wp-content\/uploads\/2020\/12\/Lars-Sveen-768x512.jpg 768w, https:\/\/bekkalokket.no\/wp-content\/uploads\/2020\/12\/Lars-Sveen-1536x1024.jpg 1536w, https:\/\/bekkalokket.no\/wp-content\/uploads\/2020\/12\/Lars-Sveen-2048x1365.jpg 2048w\" sizes=\"auto, (max-width: 1024px) 100vw, 1024px\" \/><figcaption class=\"blocks-gallery-item__caption\">Lars Sveen<\/figcaption><\/figure><\/li><li class=\"blocks-gallery-item\"><figure><img loading=\"lazy\" decoding=\"async\" width=\"1024\" height=\"727\" src=\"https:\/\/bekkalokket.no\/wp-content\/uploads\/2020\/12\/Morten-Tellefsen-1024x727.jpg\" alt=\"\" data-id=\"3506\" data-full-url=\"https:\/\/bekkalokket.no\/wp-content\/uploads\/2020\/12\/Morten-Tellefsen-scaled.jpg\" data-link=\"https:\/\/bekkalokket.no\/index.php\/2020\/12\/08\/grasrotbilder-2020-ladegarden-sykehjem\/morten-tellefsen\/\" class=\"wp-image-3506\" srcset=\"https:\/\/bekkalokket.no\/wp-content\/uploads\/2020\/12\/Morten-Tellefsen-1024x727.jpg 1024w, https:\/\/bekkalokket.no\/wp-content\/uploads\/2020\/12\/Morten-Tellefsen-300x213.jpg 300w, https:\/\/bekkalokket.no\/wp-content\/uploads\/2020\/12\/Morten-Tellefsen-768x545.jpg 768w, https:\/\/bekkalokket.no\/wp-content\/uploads\/2020\/12\/Morten-Tellefsen-1536x1091.jpg 1536w, https:\/\/bekkalokket.no\/wp-content\/uploads\/2020\/12\/Morten-Tellefsen-2048x1454.jpg 2048w\" sizes=\"auto, (max-width: 1024px) 100vw, 1024px\" \/><figcaption class=\"blocks-gallery-item__caption\">Morten Tellefsen<\/figcaption><\/figure><\/li><li class=\"blocks-gallery-item\"><figure><img loading=\"lazy\" decoding=\"async\" width=\"1024\" height=\"683\" src=\"https:\/\/bekkalokket.no\/wp-content\/uploads\/2020\/12\/Roald-Synnevag-1024x683.jpg\" alt=\"\" data-id=\"3507\" data-full-url=\"https:\/\/bekkalokket.no\/wp-content\/uploads\/2020\/12\/Roald-Synnevag-scaled.jpg\" data-link=\"https:\/\/bekkalokket.no\/index.php\/2020\/12\/08\/grasrotbilder-2020-ladegarden-sykehjem\/roald-synnevag-3\/\" class=\"wp-image-3507\" srcset=\"https:\/\/bekkalokket.no\/wp-content\/uploads\/2020\/12\/Roald-Synnevag-1024x683.jpg 1024w, https:\/\/bekkalokket.no\/wp-content\/uploads\/2020\/12\/Roald-Synnevag-300x200.jpg 300w, https:\/\/bekkalokket.no\/wp-content\/uploads\/2020\/12\/Roald-Synnevag-768x512.jpg 768w, https:\/\/bekkalokket.no\/wp-content\/uploads\/2020\/12\/Roald-Synnevag-1536x1024.jpg 1536w, https:\/\/bekkalokket.no\/wp-content\/uploads\/2020\/12\/Roald-Synnevag-2048x1365.jpg 2048w\" sizes=\"auto, (max-width: 1024px) 100vw, 1024px\" \/><figcaption class=\"blocks-gallery-item__caption\">Roald Synnev\u00e5g<\/figcaption><\/figure><\/li><li class=\"blocks-gallery-item\"><figure><img loading=\"lazy\" decoding=\"async\" width=\"1024\" height=\"683\" src=\"https:\/\/bekkalokket.no\/wp-content\/uploads\/2020\/12\/Saptha-Gireesh-1024x683.jpg\" alt=\"\" data-id=\"3508\" data-full-url=\"https:\/\/bekkalokket.no\/wp-content\/uploads\/2020\/12\/Saptha-Gireesh-scaled.jpg\" data-link=\"https:\/\/bekkalokket.no\/index.php\/2020\/12\/08\/grasrotbilder-2020-ladegarden-sykehjem\/saptha-gireesh\/\" class=\"wp-image-3508\" srcset=\"https:\/\/bekkalokket.no\/wp-content\/uploads\/2020\/12\/Saptha-Gireesh-1024x683.jpg 1024w, https:\/\/bekkalokket.no\/wp-content\/uploads\/2020\/12\/Saptha-Gireesh-300x200.jpg 300w, https:\/\/bekkalokket.no\/wp-content\/uploads\/2020\/12\/Saptha-Gireesh-768x512.jpg 768w, https:\/\/bekkalokket.no\/wp-content\/uploads\/2020\/12\/Saptha-Gireesh-1536x1024.jpg 1536w, https:\/\/bekkalokket.no\/wp-content\/uploads\/2020\/12\/Saptha-Gireesh-2048x1365.jpg 2048w\" sizes=\"auto, (max-width: 1024px) 100vw, 1024px\" \/><figcaption class=\"blocks-gallery-item__caption\">Saptha Gireesh<\/figcaption><\/figure><\/li><li class=\"blocks-gallery-item\"><figure><img loading=\"lazy\" decoding=\"async\" width=\"1024\" height=\"683\" src=\"https:\/\/bekkalokket.no\/wp-content\/uploads\/2020\/12\/Tom-Jarane-1024x683.jpg\" alt=\"\" data-id=\"3509\" data-full-url=\"https:\/\/bekkalokket.no\/wp-content\/uploads\/2020\/12\/Tom-Jarane-scaled.jpg\" data-link=\"https:\/\/bekkalokket.no\/index.php\/2020\/12\/08\/grasrotbilder-2020-ladegarden-sykehjem\/tom-jarane-3\/\" class=\"wp-image-3509\" srcset=\"https:\/\/bekkalokket.no\/wp-content\/uploads\/2020\/12\/Tom-Jarane-1024x683.jpg 1024w, https:\/\/bekkalokket.no\/wp-content\/uploads\/2020\/12\/Tom-Jarane-300x200.jpg 300w, https:\/\/bekkalokket.no\/wp-content\/uploads\/2020\/12\/Tom-Jarane-768x513.jpg 768w, https:\/\/bekkalokket.no\/wp-content\/uploads\/2020\/12\/Tom-Jarane-1536x1025.jpg 1536w, https:\/\/bekkalokket.no\/wp-content\/uploads\/2020\/12\/Tom-Jarane-2048x1367.jpg 2048w\" sizes=\"auto, (max-width: 1024px) 100vw, 1024px\" \/><figcaption class=\"blocks-gallery-item__caption\">Tom Jarane<\/figcaption><\/figure><\/li><\/ul><\/figure>\n\n\n\n<p><strong>Reaksjonen fra  Ladeg\u00e5rden sykehjem <\/strong><\/p>\n\n\n\n<figure class=\"wp-block-gallery columns-1 wp-block-gallery-3 is-layout-flex wp-block-gallery-is-layout-flex\"><ul class=\"blocks-gallery-grid\"><li class=\"blocks-gallery-item\"><figure><img loading=\"lazy\" decoding=\"async\" width=\"691\" height=\"811\" src=\"https:\/\/bekkalokket.no\/wp-content\/uploads\/2021\/12\/2020-12-08-10_06_08-Ladegarden-sykehjem-Innlegg-_-Facebook-e1638882169595.png\" alt=\"\" data-id=\"4304\" data-full-url=\"https:\/\/bekkalokket.no\/wp-content\/uploads\/2021\/12\/2020-12-08-10_06_08-Ladegarden-sykehjem-Innlegg-_-Facebook-e1638882169595.png\" data-link=\"https:\/\/bekkalokket.no\/index.php\/grasrotbilder-2020-ladegarden-sykehjem\/2020-12-08-10_06_08-ladegarden-sykehjem-innlegg-_-facebook-2\/\" class=\"wp-image-4304\" srcset=\"https:\/\/bekkalokket.no\/wp-content\/uploads\/2021\/12\/2020-12-08-10_06_08-Ladegarden-sykehjem-Innlegg-_-Facebook-e1638882169595.png 691w, https:\/\/bekkalokket.no\/wp-content\/uploads\/2021\/12\/2020-12-08-10_06_08-Ladegarden-sykehjem-Innlegg-_-Facebook-e1638882169595-256x300.png 256w\" sizes=\"auto, (max-width: 691px) 100vw, 691px\" \/><\/figure><\/li><li class=\"blocks-gallery-item\"><figure><img loading=\"lazy\" decoding=\"async\" width=\"1024\" height=\"768\" src=\"https:\/\/bekkalokket.no\/wp-content\/uploads\/2021\/12\/130145501_1317240911943801_2979828965429721026_n-1024x768.jpg\" alt=\"\" data-id=\"4301\" data-full-url=\"https:\/\/bekkalokket.no\/wp-content\/uploads\/2021\/12\/130145501_1317240911943801_2979828965429721026_n.jpg\" data-link=\"https:\/\/bekkalokket.no\/index.php\/2020\/12\/08\/grasrotbilder-2020-ladegarden-sykehjem\/130145501_1317240911943801_2979828965429721026_n\/\" class=\"wp-image-4301\" srcset=\"https:\/\/bekkalokket.no\/wp-content\/uploads\/2021\/12\/130145501_1317240911943801_2979828965429721026_n-1024x768.jpg 1024w, https:\/\/bekkalokket.no\/wp-content\/uploads\/2021\/12\/130145501_1317240911943801_2979828965429721026_n-300x225.jpg 300w, https:\/\/bekkalokket.no\/wp-content\/uploads\/2021\/12\/130145501_1317240911943801_2979828965429721026_n-768x576.jpg 768w, https:\/\/bekkalokket.no\/wp-content\/uploads\/2021\/12\/130145501_1317240911943801_2979828965429721026_n-1536x1152.jpg 1536w, https:\/\/bekkalokket.no\/wp-content\/uploads\/2021\/12\/130145501_1317240911943801_2979828965429721026_n.jpg 2048w\" sizes=\"auto, (max-width: 1024px) 100vw, 1024px\" \/><\/figure><\/li><li class=\"blocks-gallery-item\"><figure><img loading=\"lazy\" decoding=\"async\" width=\"766\" height=\"1024\" src=\"https:\/\/bekkalokket.no\/wp-content\/uploads\/2021\/12\/130195056_879032452911395_1677645690469668840_n-766x1024.jpg\" alt=\"\" data-id=\"4302\" data-full-url=\"https:\/\/bekkalokket.no\/wp-content\/uploads\/2021\/12\/130195056_879032452911395_1677645690469668840_n.jpg\" data-link=\"https:\/\/bekkalokket.no\/index.php\/2020\/12\/08\/grasrotbilder-2020-ladegarden-sykehjem\/130195056_879032452911395_1677645690469668840_n\/\" class=\"wp-image-4302\" srcset=\"https:\/\/bekkalokket.no\/wp-content\/uploads\/2021\/12\/130195056_879032452911395_1677645690469668840_n-766x1024.jpg 766w, https:\/\/bekkalokket.no\/wp-content\/uploads\/2021\/12\/130195056_879032452911395_1677645690469668840_n-224x300.jpg 224w, https:\/\/bekkalokket.no\/wp-content\/uploads\/2021\/12\/130195056_879032452911395_1677645690469668840_n-768x1027.jpg 768w, https:\/\/bekkalokket.no\/wp-content\/uploads\/2021\/12\/130195056_879032452911395_1677645690469668840_n-1149x1536.jpg 1149w, https:\/\/bekkalokket.no\/wp-content\/uploads\/2021\/12\/130195056_879032452911395_1677645690469668840_n.jpg 1532w\" sizes=\"auto, (max-width: 766px) 100vw, 766px\" \/><\/figure><\/li><\/ul><\/figure>\n","protected":false},"excerpt":{"rendered":"<p>Som dere vet s\u00e5 har vi over flere \u00e5r donert bilder til institusjoner i Bergensomr\u00e5det. Vi har brukt penger vi har f\u00e5tt via Grasrotandelen for \u00e5 finansierer prosjektene. I 2020 var det ladeg\u00e5rden sykehjem&#46;&#46;&#46;<\/p>\n","protected":false},"author":2,"featured_media":3495,"parent":0,"menu_order":0,"comment_status":"closed","ping_status":"open","template":"","meta":{"footnotes":""},"class_list":["post-3494","page","type-page","status-publish","has-post-thumbnail","hentry"],"yoast_head":"<!-- This site is optimized with the Yoast SEO plugin v27.4 - https:\/\/yoast.com\/product\/yoast-seo-wordpress\/ -->\n<title>Grasrotbilder 2020 - Ladeg\u00e5rden sykehjem - Bekkalokket Fotoklubb<\/title>\n<meta name=\"robots\" content=\"index, follow, max-snippet:-1, max-image-preview:large, max-video-preview:-1\" \/>\n<link rel=\"canonical\" href=\"https:\/\/bekkalokket.no\/index.php\/grasrotbilder-2020-ladegarden-sykehjem\/\" \/>\n<meta property=\"og:locale\" content=\"nb_NO\" \/>\n<meta property=\"og:type\" content=\"article\" \/>\n<meta property=\"og:title\" content=\"Grasrotbilder 2020 - Ladeg\u00e5rden sykehjem - Bekkalokket Fotoklubb\" \/>\n<meta property=\"og:description\" content=\"Som dere vet s\u00e5 har vi over flere \u00e5r donert bilder til institusjoner i Bergensomr\u00e5det. Vi har brukt penger vi har f\u00e5tt via Grasrotandelen for \u00e5 finansierer prosjektene. I 2020 var det ladeg\u00e5rden sykehjem&#046;&#046;&#046;\" \/>\n<meta property=\"og:url\" content=\"https:\/\/bekkalokket.no\/index.php\/grasrotbilder-2020-ladegarden-sykehjem\/\" \/>\n<meta property=\"og:site_name\" content=\"Bekkalokket Fotoklubb\" \/>\n<meta property=\"article:modified_time\" content=\"2021-12-07T13:03:29+00:00\" \/>\n<meta property=\"og:image\" content=\"https:\/\/bekkalokket.no\/wp-content\/uploads\/2020\/12\/2020-12-08-10_06_08-Ladegarden-sykehjem-Innlegg-_-Facebook.png\" \/>\n\t<meta property=\"og:image:width\" content=\"692\" \/>\n\t<meta property=\"og:image:height\" content=\"957\" \/>\n\t<meta property=\"og:image:type\" content=\"image\/png\" \/>\n<meta name=\"twitter:card\" content=\"summary_large_image\" \/>\n<script type=\"application\/ld+json\" class=\"yoast-schema-graph\">{\"@context\":\"https:\\\/\\\/schema.org\",\"@graph\":[{\"@type\":\"WebPage\",\"@id\":\"https:\\\/\\\/bekkalokket.no\\\/index.php\\\/grasrotbilder-2020-ladegarden-sykehjem\\\/\",\"url\":\"https:\\\/\\\/bekkalokket.no\\\/index.php\\\/grasrotbilder-2020-ladegarden-sykehjem\\\/\",\"name\":\"Grasrotbilder 2020 - Ladeg\u00e5rden sykehjem - Bekkalokket Fotoklubb\",\"isPartOf\":{\"@id\":\"https:\\\/\\\/bekkalokket.no\\\/#website\"},\"primaryImageOfPage\":{\"@id\":\"https:\\\/\\\/bekkalokket.no\\\/index.php\\\/grasrotbilder-2020-ladegarden-sykehjem\\\/#primaryimage\"},\"image\":{\"@id\":\"https:\\\/\\\/bekkalokket.no\\\/index.php\\\/grasrotbilder-2020-ladegarden-sykehjem\\\/#primaryimage\"},\"thumbnailUrl\":\"https:\\\/\\\/bekkalokket.no\\\/wp-content\\\/uploads\\\/2020\\\/12\\\/2020-12-08-10_06_08-Ladegarden-sykehjem-Innlegg-_-Facebook.png\",\"datePublished\":\"2020-12-08T09:10:43+00:00\",\"dateModified\":\"2021-12-07T13:03:29+00:00\",\"breadcrumb\":{\"@id\":\"https:\\\/\\\/bekkalokket.no\\\/index.php\\\/grasrotbilder-2020-ladegarden-sykehjem\\\/#breadcrumb\"},\"inLanguage\":\"nb-NO\",\"potentialAction\":[{\"@type\":\"ReadAction\",\"target\":[\"https:\\\/\\\/bekkalokket.no\\\/index.php\\\/grasrotbilder-2020-ladegarden-sykehjem\\\/\"]}]},{\"@type\":\"ImageObject\",\"inLanguage\":\"nb-NO\",\"@id\":\"https:\\\/\\\/bekkalokket.no\\\/index.php\\\/grasrotbilder-2020-ladegarden-sykehjem\\\/#primaryimage\",\"url\":\"https:\\\/\\\/bekkalokket.no\\\/wp-content\\\/uploads\\\/2020\\\/12\\\/2020-12-08-10_06_08-Ladegarden-sykehjem-Innlegg-_-Facebook.png\",\"contentUrl\":\"https:\\\/\\\/bekkalokket.no\\\/wp-content\\\/uploads\\\/2020\\\/12\\\/2020-12-08-10_06_08-Ladegarden-sykehjem-Innlegg-_-Facebook.png\",\"width\":692,\"height\":957},{\"@type\":\"BreadcrumbList\",\"@id\":\"https:\\\/\\\/bekkalokket.no\\\/index.php\\\/grasrotbilder-2020-ladegarden-sykehjem\\\/#breadcrumb\",\"itemListElement\":[{\"@type\":\"ListItem\",\"position\":1,\"name\":\"Home\",\"item\":\"https:\\\/\\\/bekkalokket.no\\\/\"},{\"@type\":\"ListItem\",\"position\":2,\"name\":\"Grasrotbilder 2020 &#8211; Ladeg\u00e5rden sykehjem\"}]},{\"@type\":\"WebSite\",\"@id\":\"https:\\\/\\\/bekkalokket.no\\\/#website\",\"url\":\"https:\\\/\\\/bekkalokket.no\\\/\",\"name\":\"Bekkalokket Fotoklubb\",\"description\":\"En sosial og aktiv fotoklubb i Bergen\",\"potentialAction\":[{\"@type\":\"SearchAction\",\"target\":{\"@type\":\"EntryPoint\",\"urlTemplate\":\"https:\\\/\\\/bekkalokket.no\\\/?s={search_term_string}\"},\"query-input\":{\"@type\":\"PropertyValueSpecification\",\"valueRequired\":true,\"valueName\":\"search_term_string\"}}],\"inLanguage\":\"nb-NO\"}]}<\/script>\n<!-- \/ Yoast SEO plugin. -->","yoast_head_json":{"title":"Grasrotbilder 2020 - Ladeg\u00e5rden sykehjem - Bekkalokket Fotoklubb","robots":{"index":"index","follow":"follow","max-snippet":"max-snippet:-1","max-image-preview":"max-image-preview:large","max-video-preview":"max-video-preview:-1"},"canonical":"https:\/\/bekkalokket.no\/index.php\/grasrotbilder-2020-ladegarden-sykehjem\/","og_locale":"nb_NO","og_type":"article","og_title":"Grasrotbilder 2020 - Ladeg\u00e5rden sykehjem - Bekkalokket Fotoklubb","og_description":"Som dere vet s\u00e5 har vi over flere \u00e5r donert bilder til institusjoner i Bergensomr\u00e5det. Vi har brukt penger vi har f\u00e5tt via Grasrotandelen for \u00e5 finansierer prosjektene. I 2020 var det ladeg\u00e5rden sykehjem&#46;&#46;&#46;","og_url":"https:\/\/bekkalokket.no\/index.php\/grasrotbilder-2020-ladegarden-sykehjem\/","og_site_name":"Bekkalokket Fotoklubb","article_modified_time":"2021-12-07T13:03:29+00:00","og_image":[{"width":692,"height":957,"url":"https:\/\/bekkalokket.no\/wp-content\/uploads\/2020\/12\/2020-12-08-10_06_08-Ladegarden-sykehjem-Innlegg-_-Facebook.png","type":"image\/png"}],"twitter_card":"summary_large_image","schema":{"@context":"https:\/\/schema.org","@graph":[{"@type":"WebPage","@id":"https:\/\/bekkalokket.no\/index.php\/grasrotbilder-2020-ladegarden-sykehjem\/","url":"https:\/\/bekkalokket.no\/index.php\/grasrotbilder-2020-ladegarden-sykehjem\/","name":"Grasrotbilder 2020 - Ladeg\u00e5rden sykehjem - Bekkalokket Fotoklubb","isPartOf":{"@id":"https:\/\/bekkalokket.no\/#website"},"primaryImageOfPage":{"@id":"https:\/\/bekkalokket.no\/index.php\/grasrotbilder-2020-ladegarden-sykehjem\/#primaryimage"},"image":{"@id":"https:\/\/bekkalokket.no\/index.php\/grasrotbilder-2020-ladegarden-sykehjem\/#primaryimage"},"thumbnailUrl":"https:\/\/bekkalokket.no\/wp-content\/uploads\/2020\/12\/2020-12-08-10_06_08-Ladegarden-sykehjem-Innlegg-_-Facebook.png","datePublished":"2020-12-08T09:10:43+00:00","dateModified":"2021-12-07T13:03:29+00:00","breadcrumb":{"@id":"https:\/\/bekkalokket.no\/index.php\/grasrotbilder-2020-ladegarden-sykehjem\/#breadcrumb"},"inLanguage":"nb-NO","potentialAction":[{"@type":"ReadAction","target":["https:\/\/bekkalokket.no\/index.php\/grasrotbilder-2020-ladegarden-sykehjem\/"]}]},{"@type":"ImageObject","inLanguage":"nb-NO","@id":"https:\/\/bekkalokket.no\/index.php\/grasrotbilder-2020-ladegarden-sykehjem\/#primaryimage","url":"https:\/\/bekkalokket.no\/wp-content\/uploads\/2020\/12\/2020-12-08-10_06_08-Ladegarden-sykehjem-Innlegg-_-Facebook.png","contentUrl":"https:\/\/bekkalokket.no\/wp-content\/uploads\/2020\/12\/2020-12-08-10_06_08-Ladegarden-sykehjem-Innlegg-_-Facebook.png","width":692,"height":957},{"@type":"BreadcrumbList","@id":"https:\/\/bekkalokket.no\/index.php\/grasrotbilder-2020-ladegarden-sykehjem\/#breadcrumb","itemListElement":[{"@type":"ListItem","position":1,"name":"Home","item":"https:\/\/bekkalokket.no\/"},{"@type":"ListItem","position":2,"name":"Grasrotbilder 2020 &#8211; Ladeg\u00e5rden sykehjem"}]},{"@type":"WebSite","@id":"https:\/\/bekkalokket.no\/#website","url":"https:\/\/bekkalokket.no\/","name":"Bekkalokket Fotoklubb","description":"En sosial og aktiv fotoklubb i Bergen","potentialAction":[{"@type":"SearchAction","target":{"@type":"EntryPoint","urlTemplate":"https:\/\/bekkalokket.no\/?s={search_term_string}"},"query-input":{"@type":"PropertyValueSpecification","valueRequired":true,"valueName":"search_term_string"}}],"inLanguage":"nb-NO"}]}},"_links":{"self":[{"href":"https:\/\/bekkalokket.no\/index.php\/wp-json\/wp\/v2\/pages\/3494","targetHints":{"allow":["GET"]}}],"collection":[{"href":"https:\/\/bekkalokket.no\/index.php\/wp-json\/wp\/v2\/pages"}],"about":[{"href":"https:\/\/bekkalokket.no\/index.php\/wp-json\/wp\/v2\/types\/page"}],"author":[{"embeddable":true,"href":"https:\/\/bekkalokket.no\/index.php\/wp-json\/wp\/v2\/users\/2"}],"replies":[{"embeddable":true,"href":"https:\/\/bekkalokket.no\/index.php\/wp-json\/wp\/v2\/comments?post=3494"}],"version-history":[{"count":5,"href":"https:\/\/bekkalokket.no\/index.php\/wp-json\/wp\/v2\/pages\/3494\/revisions"}],"predecessor-version":[{"id":4320,"href":"https:\/\/bekkalokket.no\/index.php\/wp-json\/wp\/v2\/pages\/3494\/revisions\/4320"}],"wp:featuredmedia":[{"embeddable":true,"href":"https:\/\/bekkalokket.no\/index.php\/wp-json\/wp\/v2\/media\/3495"}],"wp:attachment":[{"href":"https:\/\/bekkalokket.no\/index.php\/wp-json\/wp\/v2\/media?parent=3494"}],"curies":[{"name":"wp","href":"https:\/\/api.w.org\/{rel}","templated":true}]}}