{"id":369,"date":"2018-06-10T22:04:39","date_gmt":"2018-06-10T20:04:39","guid":{"rendered":"http:\/\/wp.bekkalokket.com\/?page_id=369"},"modified":"2018-06-10T22:13:41","modified_gmt":"2018-06-10T20:13:41","slug":"janne-monsen","status":"publish","type":"page","link":"https:\/\/bekkalokket.no\/index.php\/janne-monsen\/","title":{"rendered":"Janne Monsen"},"content":{"rendered":"<p>En amat\u00f8rfotograf, som tar fantastiske bilder!<\/p>\n<p>Se 10 av dem her:<\/p>\n<div aria-live=\"polite\" id=\"soliloquy-container-360_1\" class=\"soliloquy-container soliloquy-transition-fade  soliloquy-theme-classic\" style=\"max-width:960px;max-height:960px;\"><ul id=\"soliloquy-360_1\" class=\"soliloquy-slider soliloquy-slides soliloquy-wrap soliloquy-clear\"><li aria-hidden=\"true\" class=\"soliloquy-item soliloquy-item-1 soliloquy-image-slide\" draggable=\"false\" style=\"list-style:none\"><img decoding=\"async\" id=\"soliloquy-image-361\" class=\"soliloquy-image soliloquy-image-1\" src=\"https:\/\/bekkalokket.no\/wp-content\/uploads\/2018\/06\/DSC5243.jpg\" alt=\"_DSC5243\" \/><\/li><li aria-hidden=\"true\" class=\"soliloquy-item soliloquy-item-2 soliloquy-image-slide\" draggable=\"false\" style=\"list-style:none\"><img decoding=\"async\" id=\"soliloquy-image-362\" class=\"soliloquy-image soliloquy-image-2\" src=\"https:\/\/bekkalokket.no\/wp-content\/uploads\/2018\/06\/DSC5805.jpg\" alt=\"_DSC5805\" \/><\/li><li aria-hidden=\"true\" class=\"soliloquy-item soliloquy-item-3 soliloquy-image-slide\" draggable=\"false\" style=\"list-style:none\"><img decoding=\"async\" id=\"soliloquy-image-363\" class=\"soliloquy-image soliloquy-image-3\" src=\"https:\/\/bekkalokket.no\/wp-content\/uploads\/2018\/06\/DSC6579-1.jpg\" alt=\"_DSC6579 -1\" \/><\/li><li aria-hidden=\"true\" class=\"soliloquy-item soliloquy-item-4 soliloquy-image-slide\" draggable=\"false\" style=\"list-style:none\"><img decoding=\"async\" id=\"soliloquy-image-364\" class=\"soliloquy-image soliloquy-image-4\" src=\"https:\/\/bekkalokket.no\/wp-content\/uploads\/2018\/06\/DSC9529-1.jpg\" alt=\"_DSC9529 -1\" \/><\/li><li aria-hidden=\"true\" class=\"soliloquy-item soliloquy-item-5 soliloquy-image-slide\" draggable=\"false\" style=\"list-style:none\"><img decoding=\"async\" id=\"soliloquy-image-365\" class=\"soliloquy-image soliloquy-image-5\" src=\"https:\/\/bekkalokket.no\/wp-content\/uploads\/2018\/06\/330077_1280x1024.jpg\" alt=\"330077_1280x1024\" \/><\/li><li aria-hidden=\"true\" class=\"soliloquy-item soliloquy-item-6 soliloquy-image-slide\" draggable=\"false\" style=\"list-style:none\"><img decoding=\"async\" id=\"soliloquy-image-366\" class=\"soliloquy-image soliloquy-image-6\" src=\"https:\/\/bekkalokket.no\/wp-content\/uploads\/2018\/06\/DSC_1096-1.jpg\" alt=\"DSC_1096 -1\" \/><\/li><li aria-hidden=\"true\" class=\"soliloquy-item soliloquy-item-7 soliloquy-image-slide\" draggable=\"false\" style=\"list-style:none\"><img decoding=\"async\" id=\"soliloquy-image-367\" class=\"soliloquy-image soliloquy-image-7\" src=\"https:\/\/bekkalokket.no\/wp-content\/uploads\/2018\/06\/DSC_1160-1.jpg\" alt=\"DSC_1160 -1\" \/><\/li><li aria-hidden=\"true\" class=\"soliloquy-item soliloquy-item-8 soliloquy-image-slide\" draggable=\"false\" style=\"list-style:none\"><img decoding=\"async\" id=\"soliloquy-image-368\" class=\"soliloquy-image soliloquy-image-8\" src=\"https:\/\/bekkalokket.no\/wp-content\/uploads\/2018\/06\/med_U1360I1289723601_SEQ_0.jpg\" alt=\"med_U1360I1289723601_SEQ_0\" \/><\/li><\/ul><\/div><noscript><style type=\"text\/css\">#soliloquy-container-360_1{opacity:1}<\/style><\/noscript>\n<p><em>(bildene kommer ca 5 sekunder hver, s\u00e5 g\u00e5r de automatisk videre til neste bilde)<\/em><\/p>\n","protected":false},"excerpt":{"rendered":"<p>En amat\u00f8rfotograf, som tar fantastiske bilder! Se 10 av dem her: (bildene kommer ca 5 sekunder hver, s\u00e5 g\u00e5r de automatisk videre til neste bilde)<\/p>\n","protected":false},"author":1,"featured_media":0,"parent":0,"menu_order":0,"comment_status":"closed","ping_status":"closed","template":"","meta":{"footnotes":""},"class_list":["post-369","page","type-page","status-publish","hentry"],"yoast_head":"<!-- This site is optimized with the Yoast SEO plugin v27.5 - https:\/\/yoast.com\/product\/yoast-seo-wordpress\/ -->\n<title>Janne Monsen - Bekkalokket Fotoklubb<\/title>\n<meta name=\"robots\" content=\"index, follow, max-snippet:-1, max-image-preview:large, max-video-preview:-1\" \/>\n<link rel=\"canonical\" href=\"https:\/\/bekkalokket.no\/index.php\/gallerier__trashed\/janne-monsen\/\" \/>\n<meta property=\"og:locale\" content=\"nb_NO\" \/>\n<meta property=\"og:type\" content=\"article\" \/>\n<meta property=\"og:title\" content=\"Janne Monsen - Bekkalokket Fotoklubb\" \/>\n<meta property=\"og:description\" content=\"En amat\u00f8rfotograf, som tar fantastiske bilder! Se 10 av dem her: (bildene kommer ca 5 sekunder hver, s\u00e5 g\u00e5r de automatisk videre til neste bilde)\" \/>\n<meta property=\"og:url\" content=\"https:\/\/bekkalokket.no\/index.php\/gallerier__trashed\/janne-monsen\/\" \/>\n<meta property=\"og:site_name\" content=\"Bekkalokket Fotoklubb\" \/>\n<meta property=\"article:modified_time\" content=\"2018-06-10T20:13:41+00:00\" \/>\n<meta name=\"twitter:card\" content=\"summary_large_image\" \/>\n<script type=\"application\/ld+json\" class=\"yoast-schema-graph\">{\"@context\":\"https:\\\/\\\/schema.org\",\"@graph\":[{\"@type\":\"WebPage\",\"@id\":\"https:\\\/\\\/bekkalokket.no\\\/index.php\\\/gallerier__trashed\\\/janne-monsen\\\/\",\"url\":\"https:\\\/\\\/bekkalokket.no\\\/index.php\\\/gallerier__trashed\\\/janne-monsen\\\/\",\"name\":\"Janne Monsen - Bekkalokket Fotoklubb\",\"isPartOf\":{\"@id\":\"https:\\\/\\\/bekkalokket.no\\\/#website\"},\"datePublished\":\"2018-06-10T20:04:39+00:00\",\"dateModified\":\"2018-06-10T20:13:41+00:00\",\"breadcrumb\":{\"@id\":\"https:\\\/\\\/bekkalokket.no\\\/index.php\\\/gallerier__trashed\\\/janne-monsen\\\/#breadcrumb\"},\"inLanguage\":\"nb-NO\",\"potentialAction\":[{\"@type\":\"ReadAction\",\"target\":[\"https:\\\/\\\/bekkalokket.no\\\/index.php\\\/gallerier__trashed\\\/janne-monsen\\\/\"]}]},{\"@type\":\"BreadcrumbList\",\"@id\":\"https:\\\/\\\/bekkalokket.no\\\/index.php\\\/gallerier__trashed\\\/janne-monsen\\\/#breadcrumb\",\"itemListElement\":[{\"@type\":\"ListItem\",\"position\":1,\"name\":\"Home\",\"item\":\"https:\\\/\\\/bekkalokket.no\\\/\"},{\"@type\":\"ListItem\",\"position\":2,\"name\":\"Janne Monsen\"}]},{\"@type\":\"WebSite\",\"@id\":\"https:\\\/\\\/bekkalokket.no\\\/#website\",\"url\":\"https:\\\/\\\/bekkalokket.no\\\/\",\"name\":\"Bekkalokket Fotoklubb\",\"description\":\"En sosial og aktiv fotoklubb i Bergen\",\"potentialAction\":[{\"@type\":\"SearchAction\",\"target\":{\"@type\":\"EntryPoint\",\"urlTemplate\":\"https:\\\/\\\/bekkalokket.no\\\/?s={search_term_string}\"},\"query-input\":{\"@type\":\"PropertyValueSpecification\",\"valueRequired\":true,\"valueName\":\"search_term_string\"}}],\"inLanguage\":\"nb-NO\"}]}<\/script>\n<!-- \/ Yoast SEO plugin. -->","yoast_head_json":{"title":"Janne Monsen - Bekkalokket Fotoklubb","robots":{"index":"index","follow":"follow","max-snippet":"max-snippet:-1","max-image-preview":"max-image-preview:large","max-video-preview":"max-video-preview:-1"},"canonical":"https:\/\/bekkalokket.no\/index.php\/gallerier__trashed\/janne-monsen\/","og_locale":"nb_NO","og_type":"article","og_title":"Janne Monsen - Bekkalokket Fotoklubb","og_description":"En amat\u00f8rfotograf, som tar fantastiske bilder! Se 10 av dem her: (bildene kommer ca 5 sekunder hver, s\u00e5 g\u00e5r de automatisk videre til neste bilde)","og_url":"https:\/\/bekkalokket.no\/index.php\/gallerier__trashed\/janne-monsen\/","og_site_name":"Bekkalokket Fotoklubb","article_modified_time":"2018-06-10T20:13:41+00:00","twitter_card":"summary_large_image","schema":{"@context":"https:\/\/schema.org","@graph":[{"@type":"WebPage","@id":"https:\/\/bekkalokket.no\/index.php\/gallerier__trashed\/janne-monsen\/","url":"https:\/\/bekkalokket.no\/index.php\/gallerier__trashed\/janne-monsen\/","name":"Janne Monsen - Bekkalokket Fotoklubb","isPartOf":{"@id":"https:\/\/bekkalokket.no\/#website"},"datePublished":"2018-06-10T20:04:39+00:00","dateModified":"2018-06-10T20:13:41+00:00","breadcrumb":{"@id":"https:\/\/bekkalokket.no\/index.php\/gallerier__trashed\/janne-monsen\/#breadcrumb"},"inLanguage":"nb-NO","potentialAction":[{"@type":"ReadAction","target":["https:\/\/bekkalokket.no\/index.php\/gallerier__trashed\/janne-monsen\/"]}]},{"@type":"BreadcrumbList","@id":"https:\/\/bekkalokket.no\/index.php\/gallerier__trashed\/janne-monsen\/#breadcrumb","itemListElement":[{"@type":"ListItem","position":1,"name":"Home","item":"https:\/\/bekkalokket.no\/"},{"@type":"ListItem","position":2,"name":"Janne Monsen"}]},{"@type":"WebSite","@id":"https:\/\/bekkalokket.no\/#website","url":"https:\/\/bekkalokket.no\/","name":"Bekkalokket Fotoklubb","description":"En sosial og aktiv fotoklubb i Bergen","potentialAction":[{"@type":"SearchAction","target":{"@type":"EntryPoint","urlTemplate":"https:\/\/bekkalokket.no\/?s={search_term_string}"},"query-input":{"@type":"PropertyValueSpecification","valueRequired":true,"valueName":"search_term_string"}}],"inLanguage":"nb-NO"}]}},"_links":{"self":[{"href":"https:\/\/bekkalokket.no\/index.php\/wp-json\/wp\/v2\/pages\/369","targetHints":{"allow":["GET"]}}],"collection":[{"href":"https:\/\/bekkalokket.no\/index.php\/wp-json\/wp\/v2\/pages"}],"about":[{"href":"https:\/\/bekkalokket.no\/index.php\/wp-json\/wp\/v2\/types\/page"}],"author":[{"embeddable":true,"href":"https:\/\/bekkalokket.no\/index.php\/wp-json\/wp\/v2\/users\/1"}],"replies":[{"embeddable":true,"href":"https:\/\/bekkalokket.no\/index.php\/wp-json\/wp\/v2\/comments?post=369"}],"version-history":[{"count":1,"href":"https:\/\/bekkalokket.no\/index.php\/wp-json\/wp\/v2\/pages\/369\/revisions"}],"predecessor-version":[{"id":371,"href":"https:\/\/bekkalokket.no\/index.php\/wp-json\/wp\/v2\/pages\/369\/revisions\/371"}],"wp:attachment":[{"href":"https:\/\/bekkalokket.no\/index.php\/wp-json\/wp\/v2\/media?parent=369"}],"curies":[{"name":"wp","href":"https:\/\/api.w.org\/{rel}","templated":true}]}}