{"id":3754,"date":"2021-04-04T16:54:32","date_gmt":"2021-04-04T14:54:32","guid":{"rendered":"https:\/\/bekkalokket.no\/?page_id=3754"},"modified":"2021-04-04T17:02:49","modified_gmt":"2021-04-04T15:02:49","slug":"klubbkonkurranse-host-2006","status":"publish","type":"page","link":"https:\/\/bekkalokket.no\/index.php\/klubbkonkurranse-host-2006\/","title":{"rendered":"Klubbkonkurranse h\u00f8st 2006"},"content":{"rendered":"\n<p class=\"has-text-align-left\"><strong>Tema: Fritt motiv<\/strong><\/p>\n\n\n\n<p class=\"has-text-align-left\"><strong>Jury: Kristiansund Kameraklubb <\/strong><\/p>\n\n\n\n<p class=\"has-text-align-left\"><strong>Lysbilder\/Digital<\/strong><\/p>\n\n\n\n<div class=\"wp-block-group\"><div class=\"wp-block-group__inner-container is-layout-flow wp-block-group-is-layout-flow\">\n<div class=\"wp-block-columns is-layout-flex wp-container-core-columns-is-layout-9d6595d7 wp-block-columns-is-layout-flex\">\n<div class=\"wp-block-column is-layout-flow wp-block-column-is-layout-flow\" style=\"flex-basis:100%\">\n<figure class=\"wp-block-table alignleft is-style-regular\"><table><thead><tr><th>Premie<\/th><th>Autor<\/th><th>Tittel<\/th><th>Bildet<\/th><th>Juryens kommentar<\/th><\/tr><\/thead><tbody><tr><td>Gull<\/td><td>Jarle Westervik<\/td><td>Agility<\/td><td><img loading=\"lazy\" decoding=\"async\" width=\"300\" height=\"233\" class=\"wp-image-3779\" style=\"width: 300px;\" src=\"https:\/\/bekkalokket.no\/wp-content\/uploads\/2021\/04\/1gull-2.jpg\" alt=\"\" srcset=\"https:\/\/bekkalokket.no\/wp-content\/uploads\/2021\/04\/1gull-2.jpg 500w, https:\/\/bekkalokket.no\/wp-content\/uploads\/2021\/04\/1gull-2-300x233.jpg 300w\" sizes=\"auto, (max-width: 300px) 100vw, 300px\" \/><\/td><td>Veldig bra timing i opptaks\u00f8yeblikket. Fin komposisjon. Det konsentrerte blikket p\u00e5 hunden fanger oppmerksomheten.<\/td><\/tr><tr><td>S\u00f8lv<\/td><td>Roald Synnev\u00e5g<\/td><td>Tilbake til fremtiden<\/td><td><img loading=\"lazy\" decoding=\"async\" width=\"300\" height=\"200\" class=\"wp-image-3780\" style=\"width: 300px;\" src=\"https:\/\/bekkalokket.no\/wp-content\/uploads\/2021\/04\/2solv-2.jpg\" alt=\"\" srcset=\"https:\/\/bekkalokket.no\/wp-content\/uploads\/2021\/04\/2solv-2.jpg 500w, https:\/\/bekkalokket.no\/wp-content\/uploads\/2021\/04\/2solv-2-300x200.jpg 300w\" sizes=\"auto, (max-width: 300px) 100vw, 300px\" \/><\/td><td>Futuristisk stemning hvor linjene drar oss innover i bildet.<\/td><\/tr><tr><td>Bronse<\/td><td>Roy Birger Nilsen<\/td><td>Jonas<\/td><td><img loading=\"lazy\" decoding=\"async\" width=\"300\" height=\"212\" class=\"wp-image-3781\" style=\"width: 300px;\" src=\"https:\/\/bekkalokket.no\/wp-content\/uploads\/2021\/04\/3bronse-1.jpg\" alt=\"\" srcset=\"https:\/\/bekkalokket.no\/wp-content\/uploads\/2021\/04\/3bronse-1.jpg 500w, https:\/\/bekkalokket.no\/wp-content\/uploads\/2021\/04\/3bronse-1-300x212.jpg 300w\" sizes=\"auto, (max-width: 300px) 100vw, 300px\" \/><\/td><td>Fin belysning p\u00e5 gutten, som fremhever modellen i det r\u00f8ffe milj\u00f8et.<\/td><\/tr><tr><td>Antatt<\/td><td>Unni Brekke<\/td><td>Skipper<\/td><td><img loading=\"lazy\" decoding=\"async\" width=\"300\" height=\"376\" class=\"wp-image-3778\" style=\"width: 300px;\" src=\"https:\/\/bekkalokket.no\/wp-content\/uploads\/2021\/04\/antatt_8.jpg\" alt=\"\" srcset=\"https:\/\/bekkalokket.no\/wp-content\/uploads\/2021\/04\/antatt_8.jpg 500w, https:\/\/bekkalokket.no\/wp-content\/uploads\/2021\/04\/antatt_8-239x300.jpg 239w\" sizes=\"auto, (max-width: 300px) 100vw, 300px\" \/><\/td><td><\/td><\/tr><tr><td>Antatt<\/td><td>Emil W. Breistein<\/td><td>Trerekke<\/td><td><img loading=\"lazy\" decoding=\"async\" width=\"300\" height=\"180\" class=\"wp-image-3777\" style=\"width: 300px;\" src=\"https:\/\/bekkalokket.no\/wp-content\/uploads\/2021\/04\/antatt_7.jpg\" alt=\"\" srcset=\"https:\/\/bekkalokket.no\/wp-content\/uploads\/2021\/04\/antatt_7.jpg 500w, https:\/\/bekkalokket.no\/wp-content\/uploads\/2021\/04\/antatt_7-300x180.jpg 300w\" sizes=\"auto, (max-width: 300px) 100vw, 300px\" \/><\/td><td><\/td><\/tr><tr><td>Antatt<\/td><td>Jarle Westervik<\/td><td>Pepi &amp; Lava<\/td><td><img loading=\"lazy\" decoding=\"async\" width=\"300\" height=\"195\" class=\"wp-image-3776\" style=\"width: 300px;\" src=\"https:\/\/bekkalokket.no\/wp-content\/uploads\/2021\/04\/antatt_6-1.jpg\" alt=\"\" srcset=\"https:\/\/bekkalokket.no\/wp-content\/uploads\/2021\/04\/antatt_6-1.jpg 500w, https:\/\/bekkalokket.no\/wp-content\/uploads\/2021\/04\/antatt_6-1-300x195.jpg 300w\" sizes=\"auto, (max-width: 300px) 100vw, 300px\" \/><\/td><td><\/td><\/tr><tr><td>Antatt<\/td><td>Unni Brekke<\/td><td>Par<\/td><td><img loading=\"lazy\" decoding=\"async\" width=\"300\" height=\"377\" class=\"wp-image-3775\" style=\"width: 300px;\" src=\"https:\/\/bekkalokket.no\/wp-content\/uploads\/2021\/04\/antatt_5-1.jpg\" alt=\"\" srcset=\"https:\/\/bekkalokket.no\/wp-content\/uploads\/2021\/04\/antatt_5-1.jpg 500w, https:\/\/bekkalokket.no\/wp-content\/uploads\/2021\/04\/antatt_5-1-238x300.jpg 238w\" sizes=\"auto, (max-width: 300px) 100vw, 300px\" \/><\/td><td><\/td><\/tr><tr><td>Antatt<\/td><td>Roald Synnev\u00e5g<\/td><td>Mademoiselle Marie<\/td><td><img loading=\"lazy\" decoding=\"async\" width=\"300\" height=\"200\" class=\"wp-image-3785\" style=\"width: 300px;\" src=\"https:\/\/bekkalokket.no\/wp-content\/uploads\/2021\/04\/antatt_4-1.jpg\" alt=\"\" srcset=\"https:\/\/bekkalokket.no\/wp-content\/uploads\/2021\/04\/antatt_4-1.jpg 500w, https:\/\/bekkalokket.no\/wp-content\/uploads\/2021\/04\/antatt_4-1-300x200.jpg 300w\" sizes=\"auto, (max-width: 300px) 100vw, 300px\" \/><\/td><td><\/td><\/tr><tr><td>Antatt<\/td><td>Tom Jarane<\/td><td>Lurendreier<\/td><td><img loading=\"lazy\" decoding=\"async\" width=\"300\" height=\"199\" class=\"wp-image-3784\" style=\"width: 300px;\" src=\"https:\/\/bekkalokket.no\/wp-content\/uploads\/2021\/04\/antatt_3-1.jpg\" alt=\"\" srcset=\"https:\/\/bekkalokket.no\/wp-content\/uploads\/2021\/04\/antatt_3-1.jpg 500w, https:\/\/bekkalokket.no\/wp-content\/uploads\/2021\/04\/antatt_3-1-300x199.jpg 300w\" sizes=\"auto, (max-width: 300px) 100vw, 300px\" \/><\/td><td><\/td><\/tr><tr><td>Antatt<\/td><td>Emil W. Breistein<\/td><td>Festein fyr i storm<\/td><td><img loading=\"lazy\" decoding=\"async\" width=\"300\" height=\"143\" class=\"wp-image-3783\" style=\"width: 300px;\" src=\"https:\/\/bekkalokket.no\/wp-content\/uploads\/2021\/04\/antatt_2-2.jpg\" alt=\"\" srcset=\"https:\/\/bekkalokket.no\/wp-content\/uploads\/2021\/04\/antatt_2-2.jpg 500w, https:\/\/bekkalokket.no\/wp-content\/uploads\/2021\/04\/antatt_2-2-300x143.jpg 300w\" sizes=\"auto, (max-width: 300px) 100vw, 300px\" \/><\/td><td><\/td><\/tr><tr><td>Antatt<\/td><td>Bjarne \u00d8ymyr<\/td><td>Eldstov<\/td><td><img loading=\"lazy\" decoding=\"async\" width=\"300\" height=\"224\" class=\"wp-image-3782\" style=\"width: 300px;\" src=\"https:\/\/bekkalokket.no\/wp-content\/uploads\/2021\/04\/antatt_1-2.jpg\" alt=\"\" srcset=\"https:\/\/bekkalokket.no\/wp-content\/uploads\/2021\/04\/antatt_1-2.jpg 500w, https:\/\/bekkalokket.no\/wp-content\/uploads\/2021\/04\/antatt_1-2-300x224.jpg 300w\" sizes=\"auto, (max-width: 300px) 100vw, 300px\" \/><\/td><td><\/td><\/tr><\/tbody><\/table><\/figure>\n<\/div>\n<\/div>\n<\/div><\/div>\n\n\n\n<p><strong>Fargepapir<\/strong><\/p>\n\n\n\n<figure class=\"wp-block-table is-style-regular\"><table><tbody><tr><td>Premie<\/td><td>Autor<\/td><td>Tittel<\/td><td><\/td><td>Juryens kommentar<\/td><\/tr><tr><td>Gull<\/td><td>Janne Lie<\/td><td>The Return<\/td><td><img loading=\"lazy\" decoding=\"async\" width=\"300\" height=\"225\" class=\"wp-image-3764\" style=\"width: 300px;\" src=\"https:\/\/bekkalokket.no\/wp-content\/uploads\/2021\/04\/1gull-1.jpg\" alt=\"\" srcset=\"https:\/\/bekkalokket.no\/wp-content\/uploads\/2021\/04\/1gull-1.jpg 500w, https:\/\/bekkalokket.no\/wp-content\/uploads\/2021\/04\/1gull-1-300x225.jpg 300w\" sizes=\"auto, (max-width: 300px) 100vw, 300px\" \/><\/td><td>Bilde som vi ble grepet av ved f\u00f8rste blikk. Bra komposisjon, teknisk bra l\u00f8st. Dystre val\u00f8rer underbygger stemningen<\/td><\/tr><tr><td>S\u00f8lv<\/td><td>Rolf Rose Jensen<\/td><td>Luringen i blomsten<\/td><td><img loading=\"lazy\" decoding=\"async\" width=\"300\" height=\"332\" class=\"wp-image-3765\" style=\"width: 300px;\" src=\"https:\/\/bekkalokket.no\/wp-content\/uploads\/2021\/04\/2solv-1.jpg\" alt=\"\" srcset=\"https:\/\/bekkalokket.no\/wp-content\/uploads\/2021\/04\/2solv-1.jpg 500w, https:\/\/bekkalokket.no\/wp-content\/uploads\/2021\/04\/2solv-1-271x300.jpg 271w\" sizes=\"auto, (max-width: 300px) 100vw, 300px\" \/><\/td><td>Velvalgt utsnitt. Buen utgj\u00f8r en viktig del av komposisjonen, sammen med<br>plassering av \u201dluringen\u201d<\/td><\/tr><tr><td>Bronse<\/td><td>Emil W. Breistein<\/td><td>Festein fyr<\/td><td><img loading=\"lazy\" decoding=\"async\" width=\"300\" height=\"154\" class=\"wp-image-3767\" style=\"width: 300px;\" src=\"https:\/\/bekkalokket.no\/wp-content\/uploads\/2021\/04\/4bronse_2.jpg\" alt=\"\" srcset=\"https:\/\/bekkalokket.no\/wp-content\/uploads\/2021\/04\/4bronse_2.jpg 500w, https:\/\/bekkalokket.no\/wp-content\/uploads\/2021\/04\/4bronse_2-300x154.jpg 300w\" sizes=\"auto, (max-width: 300px) 100vw, 300px\" \/><\/td><td>Flott landskapsbilde som blir spennende med t\u00e5ken i forgrunnen. Fargemessig veldig behagelig i gr\u00e5tt, gr\u00f8nt og bl\u00e5tt.<\/td><\/tr><tr><td>Bronse<\/td><td>Unni Brekke<\/td><td>Frukt og gr\u00f8nt<\/td><td><img loading=\"lazy\" decoding=\"async\" width=\"300\" height=\"223\" class=\"wp-image-3766\" style=\"width: 300px;\" src=\"https:\/\/bekkalokket.no\/wp-content\/uploads\/2021\/04\/3bronse_1.jpg\" alt=\"\" srcset=\"https:\/\/bekkalokket.no\/wp-content\/uploads\/2021\/04\/3bronse_1.jpg 500w, https:\/\/bekkalokket.no\/wp-content\/uploads\/2021\/04\/3bronse_1-300x223.jpg 300w\" sizes=\"auto, (max-width: 300px) 100vw, 300px\" \/><\/td><td>Sylskarpt og delikat bilde. Fargerikt og intenst, med en rolig bakgrunn.<\/td><\/tr><tr><td>Antatt<\/td><td>Jan Standal<\/td><td>Waiting<\/td><td><img loading=\"lazy\" decoding=\"async\" width=\"300\" height=\"185\" class=\"wp-image-3773\" style=\"width: 300px;\" src=\"https:\/\/bekkalokket.no\/wp-content\/uploads\/2021\/04\/antatt_6.jpg\" alt=\"\" srcset=\"https:\/\/bekkalokket.no\/wp-content\/uploads\/2021\/04\/antatt_6.jpg 500w, https:\/\/bekkalokket.no\/wp-content\/uploads\/2021\/04\/antatt_6-300x185.jpg 300w\" sizes=\"auto, (max-width: 300px) 100vw, 300px\" \/><\/td><td><\/td><\/tr><tr><td>Antatt<\/td><td>Jan Standal<\/td><td>Traktoregg<\/td><td><img loading=\"lazy\" decoding=\"async\" width=\"300\" height=\"212\" class=\"wp-image-3772\" style=\"width: 300px;\" src=\"https:\/\/bekkalokket.no\/wp-content\/uploads\/2021\/04\/antatt_5.jpg\" alt=\"\" srcset=\"https:\/\/bekkalokket.no\/wp-content\/uploads\/2021\/04\/antatt_5.jpg 500w, https:\/\/bekkalokket.no\/wp-content\/uploads\/2021\/04\/antatt_5-300x212.jpg 300w\" sizes=\"auto, (max-width: 300px) 100vw, 300px\" \/><\/td><td><\/td><\/tr><tr><td>Antatt<\/td><td>Terje Bergesen<\/td><td>Kvinner i Esfahan<\/td><td><img loading=\"lazy\" decoding=\"async\" width=\"300\" height=\"204\" class=\"wp-image-3771\" style=\"width: 300px;\" src=\"https:\/\/bekkalokket.no\/wp-content\/uploads\/2021\/04\/antatt_4.jpg\" alt=\"\" srcset=\"https:\/\/bekkalokket.no\/wp-content\/uploads\/2021\/04\/antatt_4.jpg 500w, https:\/\/bekkalokket.no\/wp-content\/uploads\/2021\/04\/antatt_4-300x204.jpg 300w\" sizes=\"auto, (max-width: 300px) 100vw, 300px\" \/><\/td><td><\/td><\/tr><tr><td>Antatt<\/td><td>Unni Brekke<\/td><td>Kaptein<\/td><td><img loading=\"lazy\" decoding=\"async\" width=\"300\" height=\"430\" class=\"wp-image-3770\" style=\"width: 300px;\" src=\"https:\/\/bekkalokket.no\/wp-content\/uploads\/2021\/04\/antatt_3.jpg\" alt=\"\" srcset=\"https:\/\/bekkalokket.no\/wp-content\/uploads\/2021\/04\/antatt_3.jpg 419w, https:\/\/bekkalokket.no\/wp-content\/uploads\/2021\/04\/antatt_3-209x300.jpg 209w\" sizes=\"auto, (max-width: 300px) 100vw, 300px\" \/><\/td><td><\/td><\/tr><tr><td>Antatt<\/td><td>Jan Standal<\/td><td>Rulletrapp<\/td><td><img loading=\"lazy\" decoding=\"async\" width=\"300\" height=\"200\" class=\"wp-image-3769\" style=\"width: 300px;\" src=\"https:\/\/bekkalokket.no\/wp-content\/uploads\/2021\/04\/antatt_2-1.jpg\" alt=\"\" srcset=\"https:\/\/bekkalokket.no\/wp-content\/uploads\/2021\/04\/antatt_2-1.jpg 500w, https:\/\/bekkalokket.no\/wp-content\/uploads\/2021\/04\/antatt_2-1-300x200.jpg 300w\" sizes=\"auto, (max-width: 300px) 100vw, 300px\" \/><\/td><td><\/td><\/tr><tr><td>Antatt<\/td><td>Annie Elisabeth Bj\u00f8rklund<\/td><td>Ved havet II<\/td><td><img loading=\"lazy\" decoding=\"async\" width=\"300\" height=\"202\" class=\"wp-image-3768\" style=\"width: 300px;\" src=\"https:\/\/bekkalokket.no\/wp-content\/uploads\/2021\/04\/antatt_1-1.jpg\" alt=\"\" srcset=\"https:\/\/bekkalokket.no\/wp-content\/uploads\/2021\/04\/antatt_1-1.jpg 500w, https:\/\/bekkalokket.no\/wp-content\/uploads\/2021\/04\/antatt_1-1-300x202.jpg 300w\" sizes=\"auto, (max-width: 300px) 100vw, 300px\" \/><\/td><td><\/td><\/tr><\/tbody><\/table><\/figure>\n\n\n\n<p><strong>Sort\/Hvit<\/strong><\/p>\n\n\n\n<figure class=\"wp-block-table is-style-regular\"><table><tbody><tr><td>Premie<\/td><td>Autor<\/td><td>Tittel<\/td><td><\/td><td>Juryens kommentar<\/td><\/tr><tr><td>Gull<\/td><td>Jan Standal<\/td><td>En hund etter vann<\/td><td><img loading=\"lazy\" decoding=\"async\" width=\"300\" height=\"300\" class=\"wp-image-3757\" style=\"width: 300px;\" src=\"https:\/\/bekkalokket.no\/wp-content\/uploads\/2021\/04\/1gull.jpg\" alt=\"\" srcset=\"https:\/\/bekkalokket.no\/wp-content\/uploads\/2021\/04\/1gull.jpg 500w, https:\/\/bekkalokket.no\/wp-content\/uploads\/2021\/04\/1gull-300x300.jpg 300w, https:\/\/bekkalokket.no\/wp-content\/uploads\/2021\/04\/1gull-150x150.jpg 150w, https:\/\/bekkalokket.no\/wp-content\/uploads\/2021\/04\/1gull-80x80.jpg 80w, https:\/\/bekkalokket.no\/wp-content\/uploads\/2021\/04\/1gull-320x320.jpg 320w\" sizes=\"auto, (max-width: 300px) 100vw, 300px\" \/><\/td><td>Juryen b\u00f8yer seg i st\u00f8vet for et fantastisk \u00f8yeblikksbilde<\/td><\/tr><tr><td>S\u00f8lv<\/td><td>Roald Synnev\u00e5g<\/td><td>Airport<\/td><td><img loading=\"lazy\" decoding=\"async\" width=\"300\" height=\"205\" class=\"wp-image-3758\" style=\"width: 300px;\" src=\"https:\/\/bekkalokket.no\/wp-content\/uploads\/2021\/04\/2solv.jpg\" alt=\"\" srcset=\"https:\/\/bekkalokket.no\/wp-content\/uploads\/2021\/04\/2solv.jpg 500w, https:\/\/bekkalokket.no\/wp-content\/uploads\/2021\/04\/2solv-300x205.jpg 300w\" sizes=\"auto, (max-width: 300px) 100vw, 300px\" \/><\/td><td>Komposisjonen og elementenes plassering gj\u00f8r bildet<\/td><\/tr><tr><td>Bronse<\/td><td>Jan Standal<\/td><td>Ape<\/td><td><img loading=\"lazy\" decoding=\"async\" width=\"300\" height=\"207\" class=\"wp-image-3759\" style=\"width: 300px;\" src=\"https:\/\/bekkalokket.no\/wp-content\/uploads\/2021\/04\/3bronse.jpg\" alt=\"\" srcset=\"https:\/\/bekkalokket.no\/wp-content\/uploads\/2021\/04\/3bronse.jpg 500w, https:\/\/bekkalokket.no\/wp-content\/uploads\/2021\/04\/3bronse-300x207.jpg 300w\" sizes=\"auto, (max-width: 300px) 100vw, 300px\" \/><\/td><td>Dagens s\u00f8teste med et intenst blikk.<\/td><\/tr><tr><td>Bronse<\/td><td>Roald Synnev\u00e5g<\/td><td>Norwegian Wood<\/td><td><img loading=\"lazy\" decoding=\"async\" width=\"300\" height=\"202\" class=\"wp-image-3760\" style=\"width: 300px;\" src=\"https:\/\/bekkalokket.no\/wp-content\/uploads\/2021\/04\/4bronse2.jpg\" alt=\"\" srcset=\"https:\/\/bekkalokket.no\/wp-content\/uploads\/2021\/04\/4bronse2.jpg 500w, https:\/\/bekkalokket.no\/wp-content\/uploads\/2021\/04\/4bronse2-300x202.jpg 300w\" sizes=\"auto, (max-width: 300px) 100vw, 300px\" \/><\/td><td>Spennende form og gjentakelse<\/td><\/tr><tr><td>Antatt<\/td><td>Jan Standal<\/td><td>T\u00e5kedis<\/td><td><img loading=\"lazy\" decoding=\"async\" width=\"300\" height=\"176\" class=\"wp-image-3762\" style=\"width: 300px;\" src=\"https:\/\/bekkalokket.no\/wp-content\/uploads\/2021\/04\/antatt_2.jpg\" alt=\"\" srcset=\"https:\/\/bekkalokket.no\/wp-content\/uploads\/2021\/04\/antatt_2.jpg 500w, https:\/\/bekkalokket.no\/wp-content\/uploads\/2021\/04\/antatt_2-300x176.jpg 300w\" sizes=\"auto, (max-width: 300px) 100vw, 300px\" \/><\/td><td><\/td><\/tr><tr><td>Antatt<\/td><td>Roy Birger Nilsen<\/td><td>Bandet Helheim<\/td><td><img decoding=\"async\" src=\"https:\/\/bekkalokket.no\/wp-content\/uploads\/2021\/04\/antatt_1.jpg\" alt=\"\"><\/td><td><\/td><\/tr><\/tbody><\/table><\/figure>\n\n\n\n<p><\/p>\n","protected":false},"excerpt":{"rendered":"<p>Tema: Fritt motiv Jury: Kristiansund Kameraklubb Lysbilder\/Digital Premie Autor Tittel Bildet Juryens kommentar Gull Jarle Westervik Agility Veldig bra timing i opptaks\u00f8yeblikket. Fin komposisjon. Det konsentrerte blikket p\u00e5 hunden fanger oppmerksomheten. S\u00f8lv Roald Synnev\u00e5g&#46;&#46;&#46;<\/p>\n","protected":false},"author":2,"featured_media":0,"parent":0,"menu_order":0,"comment_status":"closed","ping_status":"closed","template":"","meta":{"footnotes":""},"class_list":["post-3754","page","type-page","status-publish","hentry"],"yoast_head":"<!-- This site is optimized with the Yoast SEO plugin v27.5 - https:\/\/yoast.com\/product\/yoast-seo-wordpress\/ -->\n<title>Klubbkonkurranse h\u00f8st 2006 - Bekkalokket Fotoklubb<\/title>\n<meta name=\"robots\" content=\"index, follow, max-snippet:-1, max-image-preview:large, max-video-preview:-1\" \/>\n<link rel=\"canonical\" href=\"https:\/\/bekkalokket.no\/index.php\/klubbkonkurranse-host-2006\/\" \/>\n<meta property=\"og:locale\" content=\"nb_NO\" \/>\n<meta property=\"og:type\" content=\"article\" \/>\n<meta property=\"og:title\" content=\"Klubbkonkurranse h\u00f8st 2006 - Bekkalokket Fotoklubb\" \/>\n<meta property=\"og:description\" content=\"Tema: Fritt motiv Jury: Kristiansund Kameraklubb Lysbilder\/Digital Premie Autor Tittel Bildet Juryens kommentar Gull Jarle Westervik Agility Veldig bra timing i opptaks\u00f8yeblikket. Fin komposisjon. Det konsentrerte blikket p\u00e5 hunden fanger oppmerksomheten. S\u00f8lv Roald Synnev\u00e5g&#046;&#046;&#046;\" \/>\n<meta property=\"og:url\" content=\"https:\/\/bekkalokket.no\/index.php\/klubbkonkurranse-host-2006\/\" \/>\n<meta property=\"og:site_name\" content=\"Bekkalokket Fotoklubb\" \/>\n<meta property=\"article:modified_time\" content=\"2021-04-04T15:02:49+00:00\" \/>\n<meta property=\"og:image\" content=\"https:\/\/bekkalokket.no\/wp-content\/uploads\/2021\/04\/1gull-2.jpg\" \/>\n<meta name=\"twitter:card\" content=\"summary_large_image\" \/>\n<meta name=\"twitter:label1\" content=\"Ansl. lesetid\" \/>\n\t<meta name=\"twitter:data1\" content=\"1 minutt\" \/>\n<script type=\"application\/ld+json\" class=\"yoast-schema-graph\">{\"@context\":\"https:\\\/\\\/schema.org\",\"@graph\":[{\"@type\":\"WebPage\",\"@id\":\"https:\\\/\\\/bekkalokket.no\\\/index.php\\\/klubbkonkurranse-host-2006\\\/\",\"url\":\"https:\\\/\\\/bekkalokket.no\\\/index.php\\\/klubbkonkurranse-host-2006\\\/\",\"name\":\"Klubbkonkurranse h\u00f8st 2006 - Bekkalokket Fotoklubb\",\"isPartOf\":{\"@id\":\"https:\\\/\\\/bekkalokket.no\\\/#website\"},\"primaryImageOfPage\":{\"@id\":\"https:\\\/\\\/bekkalokket.no\\\/index.php\\\/klubbkonkurranse-host-2006\\\/#primaryimage\"},\"image\":{\"@id\":\"https:\\\/\\\/bekkalokket.no\\\/index.php\\\/klubbkonkurranse-host-2006\\\/#primaryimage\"},\"thumbnailUrl\":\"https:\\\/\\\/bekkalokket.no\\\/wp-content\\\/uploads\\\/2021\\\/04\\\/1gull-2.jpg\",\"datePublished\":\"2021-04-04T14:54:32+00:00\",\"dateModified\":\"2021-04-04T15:02:49+00:00\",\"breadcrumb\":{\"@id\":\"https:\\\/\\\/bekkalokket.no\\\/index.php\\\/klubbkonkurranse-host-2006\\\/#breadcrumb\"},\"inLanguage\":\"nb-NO\",\"potentialAction\":[{\"@type\":\"ReadAction\",\"target\":[\"https:\\\/\\\/bekkalokket.no\\\/index.php\\\/klubbkonkurranse-host-2006\\\/\"]}]},{\"@type\":\"ImageObject\",\"inLanguage\":\"nb-NO\",\"@id\":\"https:\\\/\\\/bekkalokket.no\\\/index.php\\\/klubbkonkurranse-host-2006\\\/#primaryimage\",\"url\":\"https:\\\/\\\/bekkalokket.no\\\/wp-content\\\/uploads\\\/2021\\\/04\\\/1gull-2.jpg\",\"contentUrl\":\"https:\\\/\\\/bekkalokket.no\\\/wp-content\\\/uploads\\\/2021\\\/04\\\/1gull-2.jpg\",\"width\":500,\"height\":388},{\"@type\":\"BreadcrumbList\",\"@id\":\"https:\\\/\\\/bekkalokket.no\\\/index.php\\\/klubbkonkurranse-host-2006\\\/#breadcrumb\",\"itemListElement\":[{\"@type\":\"ListItem\",\"position\":1,\"name\":\"Home\",\"item\":\"https:\\\/\\\/bekkalokket.no\\\/\"},{\"@type\":\"ListItem\",\"position\":2,\"name\":\"Klubbkonkurranse h\u00f8st 2006\"}]},{\"@type\":\"WebSite\",\"@id\":\"https:\\\/\\\/bekkalokket.no\\\/#website\",\"url\":\"https:\\\/\\\/bekkalokket.no\\\/\",\"name\":\"Bekkalokket Fotoklubb\",\"description\":\"En sosial og aktiv fotoklubb i Bergen\",\"potentialAction\":[{\"@type\":\"SearchAction\",\"target\":{\"@type\":\"EntryPoint\",\"urlTemplate\":\"https:\\\/\\\/bekkalokket.no\\\/?s={search_term_string}\"},\"query-input\":{\"@type\":\"PropertyValueSpecification\",\"valueRequired\":true,\"valueName\":\"search_term_string\"}}],\"inLanguage\":\"nb-NO\"}]}<\/script>\n<!-- \/ Yoast SEO plugin. -->","yoast_head_json":{"title":"Klubbkonkurranse h\u00f8st 2006 - Bekkalokket Fotoklubb","robots":{"index":"index","follow":"follow","max-snippet":"max-snippet:-1","max-image-preview":"max-image-preview:large","max-video-preview":"max-video-preview:-1"},"canonical":"https:\/\/bekkalokket.no\/index.php\/klubbkonkurranse-host-2006\/","og_locale":"nb_NO","og_type":"article","og_title":"Klubbkonkurranse h\u00f8st 2006 - Bekkalokket Fotoklubb","og_description":"Tema: Fritt motiv Jury: Kristiansund Kameraklubb Lysbilder\/Digital Premie Autor Tittel Bildet Juryens kommentar Gull Jarle Westervik Agility Veldig bra timing i opptaks\u00f8yeblikket. Fin komposisjon. Det konsentrerte blikket p\u00e5 hunden fanger oppmerksomheten. S\u00f8lv Roald Synnev\u00e5g&#46;&#46;&#46;","og_url":"https:\/\/bekkalokket.no\/index.php\/klubbkonkurranse-host-2006\/","og_site_name":"Bekkalokket Fotoklubb","article_modified_time":"2021-04-04T15:02:49+00:00","og_image":[{"url":"https:\/\/bekkalokket.no\/wp-content\/uploads\/2021\/04\/1gull-2.jpg","type":"","width":"","height":""}],"twitter_card":"summary_large_image","twitter_misc":{"Ansl. lesetid":"1 minutt"},"schema":{"@context":"https:\/\/schema.org","@graph":[{"@type":"WebPage","@id":"https:\/\/bekkalokket.no\/index.php\/klubbkonkurranse-host-2006\/","url":"https:\/\/bekkalokket.no\/index.php\/klubbkonkurranse-host-2006\/","name":"Klubbkonkurranse h\u00f8st 2006 - Bekkalokket Fotoklubb","isPartOf":{"@id":"https:\/\/bekkalokket.no\/#website"},"primaryImageOfPage":{"@id":"https:\/\/bekkalokket.no\/index.php\/klubbkonkurranse-host-2006\/#primaryimage"},"image":{"@id":"https:\/\/bekkalokket.no\/index.php\/klubbkonkurranse-host-2006\/#primaryimage"},"thumbnailUrl":"https:\/\/bekkalokket.no\/wp-content\/uploads\/2021\/04\/1gull-2.jpg","datePublished":"2021-04-04T14:54:32+00:00","dateModified":"2021-04-04T15:02:49+00:00","breadcrumb":{"@id":"https:\/\/bekkalokket.no\/index.php\/klubbkonkurranse-host-2006\/#breadcrumb"},"inLanguage":"nb-NO","potentialAction":[{"@type":"ReadAction","target":["https:\/\/bekkalokket.no\/index.php\/klubbkonkurranse-host-2006\/"]}]},{"@type":"ImageObject","inLanguage":"nb-NO","@id":"https:\/\/bekkalokket.no\/index.php\/klubbkonkurranse-host-2006\/#primaryimage","url":"https:\/\/bekkalokket.no\/wp-content\/uploads\/2021\/04\/1gull-2.jpg","contentUrl":"https:\/\/bekkalokket.no\/wp-content\/uploads\/2021\/04\/1gull-2.jpg","width":500,"height":388},{"@type":"BreadcrumbList","@id":"https:\/\/bekkalokket.no\/index.php\/klubbkonkurranse-host-2006\/#breadcrumb","itemListElement":[{"@type":"ListItem","position":1,"name":"Home","item":"https:\/\/bekkalokket.no\/"},{"@type":"ListItem","position":2,"name":"Klubbkonkurranse h\u00f8st 2006"}]},{"@type":"WebSite","@id":"https:\/\/bekkalokket.no\/#website","url":"https:\/\/bekkalokket.no\/","name":"Bekkalokket Fotoklubb","description":"En sosial og aktiv fotoklubb i Bergen","potentialAction":[{"@type":"SearchAction","target":{"@type":"EntryPoint","urlTemplate":"https:\/\/bekkalokket.no\/?s={search_term_string}"},"query-input":{"@type":"PropertyValueSpecification","valueRequired":true,"valueName":"search_term_string"}}],"inLanguage":"nb-NO"}]}},"_links":{"self":[{"href":"https:\/\/bekkalokket.no\/index.php\/wp-json\/wp\/v2\/pages\/3754","targetHints":{"allow":["GET"]}}],"collection":[{"href":"https:\/\/bekkalokket.no\/index.php\/wp-json\/wp\/v2\/pages"}],"about":[{"href":"https:\/\/bekkalokket.no\/index.php\/wp-json\/wp\/v2\/types\/page"}],"author":[{"embeddable":true,"href":"https:\/\/bekkalokket.no\/index.php\/wp-json\/wp\/v2\/users\/2"}],"replies":[{"embeddable":true,"href":"https:\/\/bekkalokket.no\/index.php\/wp-json\/wp\/v2\/comments?post=3754"}],"version-history":[{"count":9,"href":"https:\/\/bekkalokket.no\/index.php\/wp-json\/wp\/v2\/pages\/3754\/revisions"}],"predecessor-version":[{"id":3794,"href":"https:\/\/bekkalokket.no\/index.php\/wp-json\/wp\/v2\/pages\/3754\/revisions\/3794"}],"wp:attachment":[{"href":"https:\/\/bekkalokket.no\/index.php\/wp-json\/wp\/v2\/media?parent=3754"}],"curies":[{"name":"wp","href":"https:\/\/api.w.org\/{rel}","templated":true}]}}