{"id":3799,"date":"2021-04-04T17:08:33","date_gmt":"2021-04-04T15:08:33","guid":{"rendered":"https:\/\/bekkalokket.no\/?page_id=3799"},"modified":"2021-04-04T17:08:34","modified_gmt":"2021-04-04T15:08:34","slug":"klubbkonkurranse-1991","status":"publish","type":"page","link":"https:\/\/bekkalokket.no\/index.php\/klubbkonkurranse-1991\/","title":{"rendered":"Klubbkonkurranse 1991"},"content":{"rendered":"\n<p><style>\n\t\t<!--{cke_protected}%3C!%2D%2D%20%0A%09%09BODY%2CDIV%2CTABLE%2CTHEAD%2CTBODY%2CTFOOT%2CTR%2CTH%2CTD%2CP%20%7B%20font-family%3A%22Arial%22%3B%20font-size%3Ax-small%20%7D%0A%09%09%20%2D%2D%3E--><br \/>\n\t<\/style><\/p>\n\n\n\n<figure class=\"wp-block-table is-style-regular\"><table><tbody><tr><td><b><u><span style=\"font-family: Times New Roman; font-size: medium;\">KLUBBKONKURRANSE<\/span><\/u><\/b><\/td><td>&nbsp;<\/td><td>&nbsp;<\/td><td>&nbsp;<\/td><\/tr><tr><td><b><u><span style=\"font-family: Times New Roman; font-size: medium;\">V\u00e5ren 1991<\/span><\/u><\/b><\/td><td>&nbsp;<\/td><td>&nbsp;<\/td><td>&nbsp;<\/td><\/tr><tr><td><b><span style=\"font-family: Times New Roman; font-size: medium;\">TEMA: Fritt Motiv <\/span><\/b><\/td><td>&nbsp;<\/td><td>&nbsp;<\/td><td>&nbsp;<\/td><\/tr><tr><td><b><span style=\"font-family: Times New Roman; font-size: medium;\">JURY: \u00c5lesund Kameraklubb <\/span><\/b><\/td><td>&nbsp;<\/td><td>&nbsp;<\/td><td>&nbsp;<\/td><\/tr><tr><td>&nbsp;<\/td><td>&nbsp;<\/td><td>&nbsp;<\/td><td>&nbsp;<\/td><\/tr><tr><td><b><span style=\"font-family: Times New Roman; font-size: medium;\">Dias:<\/span><\/b><\/td><td><b><span style=\"font-family: Times New Roman; font-size: medium;\">Tittel<\/span><\/b><\/td><td><b><span style=\"font-family: Times New Roman; font-size: medium;\">Autor<\/span><\/b><\/td><td><b><span style=\"font-family: Times New Roman; font-size: medium;\">Premie<\/span><\/b><\/td><\/tr><tr><td>&nbsp;<\/td><td><span style=\"font-family: Times New Roman; font-size: medium;\">I t\u00e5keheimen<\/span><\/td><td><span style=\"font-family: Times New Roman; font-size: medium;\">Rune Fj\u00e6reide<\/span><\/td><td><span style=\"font-family: Times New Roman; font-size: medium;\">1. plass<\/span><\/td><\/tr><tr><td>&nbsp;<\/td><td><span style=\"font-family: Times New Roman; font-size: medium;\">Bokfink 2<\/span><\/td><td><span style=\"font-family: Times New Roman; font-size: medium;\">Jonny Jacobsen<\/span><\/td><td><span style=\"font-family: Times New Roman; font-size: medium;\">2. plass<\/span><\/td><\/tr><tr><td>&nbsp;<\/td><td><span style=\"font-family: Times New Roman; font-size: medium;\">Rob\u00e5t<\/span><\/td><td><span style=\"font-family: Times New Roman; font-size: medium;\">Roald Synnev\u00e5g<\/span><\/td><td><span style=\"font-family: Times New Roman; font-size: medium;\">3. plass<\/span><\/td><\/tr><tr><td>&nbsp;<\/td><td><span style=\"font-family: Times New Roman; font-size: medium;\">Bestefar<\/span><\/td><td><span style=\"font-family: Times New Roman; font-size: medium;\">Rune Fj\u00e6reide<\/span><\/td><td><span style=\"font-family: Times New Roman; font-size: medium;\">Antatt<\/span><\/td><\/tr><tr><td>&nbsp;<\/td><td><span style=\"font-family: Times New Roman; font-size: medium;\">Vintermorgen<\/span><\/td><td><span style=\"font-family: Times New Roman; font-size: medium;\">Rune Fj\u00e6reide<\/span><\/td><td><span style=\"font-family: Times New Roman; font-size: medium;\">Antatt<\/span><\/td><\/tr><tr><td>&nbsp;<\/td><td><span style=\"font-family: Times New Roman; font-size: medium;\">Vindsurfer<\/span><\/td><td><span style=\"font-family: Times New Roman; font-size: medium;\">Jonny Jacobsen<\/span><\/td><td><span style=\"font-family: Times New Roman; font-size: medium;\">Antatt<\/span><\/td><\/tr><tr><td>&nbsp;<\/td><td><span style=\"font-family: Times New Roman; font-size: medium;\">Siluett 4<\/span><\/td><td><span style=\"font-family: Times New Roman; font-size: medium;\">Jonny Jacobsen<\/span><\/td><td><span style=\"font-family: Times New Roman; font-size: medium;\">Antatt<\/span><\/td><\/tr><tr><td><b><span style=\"font-family: Times New Roman; font-size: medium;\">Fargepapir:<\/span><\/b><\/td><td><span style=\"font-family: Times New Roman; font-size: medium;\">Etter skoletid<\/span><\/td><td><span style=\"font-family: Times New Roman; font-size: medium;\">Unni Womersley<\/span><\/td><td><span style=\"font-family: Times New Roman; font-size: medium;\">1. plass<\/span><\/td><\/tr><tr><td>&nbsp;<\/td><td><span style=\"font-family: Times New Roman; font-size: medium;\">Tre steiner<\/span><\/td><td><span style=\"font-family: Times New Roman; font-size: medium;\">Per Gunnar Fosse<\/span><\/td><td><span style=\"font-family: Times New Roman; font-size: medium;\">2. plass<\/span><\/td><\/tr><tr><td>&nbsp;<\/td><td><span style=\"font-family: Times New Roman; font-size: medium;\">Flue<\/span><\/td><td><span style=\"font-family: Times New Roman; font-size: medium;\">Roald Synnev\u00e5g<\/span><\/td><td><span style=\"font-family: Times New Roman; font-size: medium;\">3. plass<\/span><\/td><\/tr><tr><td>&nbsp;<\/td><td><span style=\"font-family: Times New Roman; font-size: medium;\">N.Y.C<\/span><\/td><td><span style=\"font-family: Times New Roman; font-size: medium;\">Tor-Henning Olsen<\/span><\/td><td><span style=\"font-family: Times New Roman; font-size: medium;\">Antatt<\/span><\/td><\/tr><tr><td><b><span style=\"font-family: Times New Roman; font-size: medium;\">Sort\/hvitt:<\/span><\/b><\/td><td><span style=\"font-family: Times New Roman; font-size: medium;\">Not 1<\/span><\/td><td><span style=\"font-family: Times New Roman; font-size: medium;\">Roald Synnev\u00e5g<\/span><\/td><td><span style=\"font-family: Times New Roman; font-size: medium;\">1. plass<\/span><\/td><\/tr><tr><td>&nbsp;<\/td><td><span style=\"font-family: Times New Roman; font-size: medium;\">Erik 3<\/span><\/td><td><span style=\"font-family: Times New Roman; font-size: medium;\">Lars Kaltenborn<\/span><\/td><td><span style=\"font-family: Times New Roman; font-size: medium;\">2. plass<\/span><\/td><\/tr><tr><td>&nbsp;<\/td><td><span style=\"font-family: Times New Roman; font-size: medium;\">Erik 2<\/span><\/td><td><span style=\"font-family: Times New Roman; font-size: medium;\">Lars Kalteborn<\/span><\/td><td><span style=\"font-family: Times New Roman; font-size: medium;\">3. plass<\/span><\/td><\/tr><tr><td>&nbsp;<\/td><td><span style=\"font-family: Times New Roman; font-size: medium;\">B.B.<\/span><\/td><td><span style=\"font-family: Times New Roman; font-size: medium;\">Tor-Henning Olsen<\/span><\/td><td><span style=\"font-family: Times New Roman; font-size: medium;\">Antatt<\/span><\/td><\/tr><tr><td>&nbsp;<\/td><td><span style=\"font-family: Times New Roman; font-size: medium;\">Dragspeler<\/span><\/td><td><span style=\"font-family: Times New Roman; font-size: medium;\">Tor-Henning Olsen<\/span><\/td><td><span style=\"font-family: Times New Roman; font-size: medium;\">Antatt<\/span><\/td><\/tr><tr><td>&nbsp;<\/td><td><span style=\"font-family: Times New Roman; font-size: medium;\">B\u00e5ten og treet<\/span><\/td><td><span style=\"font-family: Times New Roman; font-size: medium;\">Roald Synnev\u00e5g<\/span><\/td><td><span style=\"font-family: Times New Roman; font-size: medium;\">Antatt<\/span><\/td><\/tr><tr><td>&nbsp;<\/td><td><span style=\"font-family: Times New Roman; font-size: medium;\">M\u00e5rensolen<\/span><\/td><td><span style=\"font-family: Times New Roman; font-size: medium;\">Rune Fj\u00e6reide<\/span><\/td><td><span style=\"font-family: Times New Roman; font-size: medium;\">Antatt<\/span><\/td><\/tr><tr><td>&nbsp;<\/td><td>&nbsp;<\/td><td>&nbsp;<\/td><td>&nbsp;<\/td><\/tr><tr><td><b><u><span style=\"font-family: Times New Roman; font-size: medium;\">Sommer 1991<\/span><\/u><\/b><\/td><td>&nbsp;<\/td><td>&nbsp;<\/td><td>&nbsp;<\/td><\/tr><tr><td><b><span style=\"font-family: Times New Roman; font-size: medium;\">TEMA: Bevegelse<\/span><\/b><\/td><td>&nbsp;<\/td><td>&nbsp;<\/td><td>&nbsp;<\/td><\/tr><tr><td><b><span style=\"font-family: Times New Roman; font-size: medium;\">JURY: Bekkalokket Fotoklubb <\/span><\/b><\/td><td>&nbsp;<\/td><td>&nbsp;<\/td><td>&nbsp;<\/td><\/tr><tr><td><b><span style=\"font-family: Times New Roman; font-size: medium;\">&nbsp;<\/span><\/b><\/td><td>&nbsp;<\/td><td>&nbsp;<\/td><td>&nbsp;<\/td><\/tr><tr><td><b><span style=\"font-family: Times New Roman; font-size: medium;\">Dias:<\/span><\/b><\/td><td><b><span style=\"font-family: Times New Roman; font-size: medium;\">Tittel<\/span><\/b><\/td><td><b><span style=\"font-family: Times New Roman; font-size: medium;\">Autor<\/span><\/b><\/td><td><b><span style=\"font-family: Times New Roman; font-size: medium;\">Premie<\/span><\/b><\/td><\/tr><tr><td>&nbsp;<\/td><td><span style=\"font-family: Times New Roman; font-size: medium;\">Catch<\/span><\/td><td><span style=\"font-family: Times New Roman; font-size: medium;\">Tor-Henning Olsen<\/span><\/td><td><span style=\"font-family: Times New Roman; font-size: medium;\">1. plass<\/span><\/td><\/tr><tr><td>&nbsp;<\/td><td><span style=\"font-family: Times New Roman; font-size: medium;\">Hydrostranda<\/span><\/td><td><span style=\"font-family: Times New Roman; font-size: medium;\">Roald Synnev\u00e5g<\/span><\/td><td><span style=\"font-family: Times New Roman; font-size: medium;\">2. plass<\/span><\/td><\/tr><tr><td>&nbsp;<\/td><td><span style=\"font-family: Times New Roman; font-size: medium;\">Elvestryk<\/span><\/td><td><span style=\"font-family: Times New Roman; font-size: medium;\">Roald Synnev\u00e5g<\/span><\/td><td><span style=\"font-family: Times New Roman; font-size: medium;\">3. plass<\/span><\/td><\/tr><tr><td>&nbsp;<\/td><td><span style=\"font-family: Times New Roman; font-size: medium;\">Fossefall<\/span><\/td><td><span style=\"font-family: Times New Roman; font-size: medium;\">Rune Fj\u00e6reide<\/span><\/td><td><span style=\"font-family: Times New Roman; font-size: medium;\">3. plass<\/span><\/td><\/tr><tr><td>&nbsp;<\/td><td><span style=\"font-family: Times New Roman; font-size: medium;\">M\u00e5ke<\/span><\/td><td><span style=\"font-family: Times New Roman; font-size: medium;\">Jonny Jacobsen<\/span><\/td><td><span style=\"font-family: Times New Roman; font-size: medium;\">Antatt<\/span><\/td><\/tr><tr><td>&nbsp;<\/td><td><span style=\"font-family: Times New Roman; font-size: medium;\">Freesbe<\/span><\/td><td><span style=\"font-family: Times New Roman; font-size: medium;\">Jonny Jacobsen<\/span><\/td><td><span style=\"font-family: Times New Roman; font-size: medium;\">Antatt<\/span><\/td><\/tr><tr><td>&nbsp;<\/td><td><span style=\"font-family: Times New Roman; font-size: medium;\">Str\u00e5<\/span><\/td><td><span style=\"font-family: Times New Roman; font-size: medium;\">Rune Fj\u00e6reide<\/span><\/td><td><span style=\"font-family: Times New Roman; font-size: medium;\">Antatt<\/span><\/td><\/tr><tr><td><b><span style=\"font-family: Times New Roman; font-size: medium;\">Sort\/hvitt:<\/span><\/b><\/td><td><span style=\"font-family: Times New Roman; font-size: medium;\">Skog<\/span><\/td><td><span style=\"font-family: Times New Roman; font-size: medium;\">Rune Fj\u00e6reide<\/span><\/td><td><span style=\"font-family: Times New Roman; font-size: medium;\">1. plass<\/span><\/td><\/tr><tr><td>&nbsp;<\/td><td><span style=\"font-family: Times New Roman; font-size: medium;\">Elisabet<\/span><\/td><td><span style=\"font-family: Times New Roman; font-size: medium;\">Terje Bergesen<\/span><\/td><td><span style=\"font-family: Times New Roman; font-size: medium;\">2. plass<\/span><\/td><\/tr><tr><td>&nbsp;<\/td><td><span style=\"font-family: Times New Roman; font-size: medium;\">Tre i foss<\/span><\/td><td><span style=\"font-family: Times New Roman; font-size: medium;\">Roald Synnev\u00e5g<\/span><\/td><td><span style=\"font-family: Times New Roman; font-size: medium;\">3. plass<\/span><\/td><\/tr><tr><td>&nbsp;<\/td><td><span style=\"font-family: Times New Roman; font-size: medium;\">Inferno i vann<\/span><\/td><td><span style=\"font-family: Times New Roman; font-size: medium;\">Roald Synnev\u00e5g<\/span><\/td><td><span style=\"font-family: Times New Roman; font-size: medium;\">Antatt<\/span><\/td><\/tr><tr><td>&nbsp;<\/td><td><span style=\"font-family: Times New Roman; font-size: medium;\">Golten<\/span><\/td><td><span style=\"font-family: Times New Roman; font-size: medium;\">Rune Fj\u00e6reide<\/span><\/td><td><span style=\"font-family: Times New Roman; font-size: medium;\">Antatt<\/span><\/td><\/tr><tr><td>&nbsp;<\/td><td><span style=\"font-family: Times New Roman; font-size: medium;\">Syklist<\/span><\/td><td><span style=\"font-family: Times New Roman; font-size: medium;\">Rune Fj\u00e6reide<\/span><\/td><td><span style=\"font-family: Times New Roman; font-size: medium;\">Antatt<\/span><\/td><\/tr><tr><td>&nbsp;<\/td><td><span style=\"font-family: Times New Roman; font-size: medium;\">Tre<\/span><\/td><td><span style=\"font-family: Times New Roman; font-size: medium;\">Terje Bergsen<\/span><\/td><td><span style=\"font-family: Times New Roman; font-size: medium;\">Antatt<\/span><\/td><\/tr><tr><td>&nbsp;<\/td><td>&nbsp;<\/td><td>&nbsp;<\/td><td>&nbsp;<\/td><\/tr><tr><td><b><u><span style=\"font-family: Times New Roman; font-size: medium;\">H\u00f8st 1991<\/span><\/u><\/b><\/td><td>&nbsp;<\/td><td>&nbsp;<\/td><td>&nbsp;<\/td><\/tr><tr><td><b><span style=\"font-family: Times New Roman; font-size: medium;\">TEMA: Fritt motiv<\/span><\/b><\/td><td>&nbsp;<\/td><td>&nbsp;<\/td><td>&nbsp;<\/td><\/tr><tr><td><b><span style=\"font-family: Times New Roman; font-size: medium;\">JURY: Trondhjems Kameraklubb <\/span><\/b><\/td><td>&nbsp;<\/td><td>&nbsp;<\/td><td>&nbsp;<\/td><\/tr><tr><td><b>Dias:<\/b><\/td><td><b><span style=\"font-family: Times New Roman; font-size: medium;\">Tittel<\/span><\/b><\/td><td><b><span style=\"font-family: Times New Roman; font-size: medium;\">Autor<\/span><\/b><\/td><td><b><span style=\"font-family: Times New Roman; font-size: medium;\">Premie<\/span><\/b><\/td><\/tr><tr><td>&nbsp;<\/td><td><span style=\"font-family: Times New Roman; font-size: medium;\">Svaner 1<\/span><\/td><td><span style=\"font-family: Times New Roman; font-size: medium;\">Rune Fj\u00e6reide<\/span><\/td><td><span style=\"font-family: Times New Roman; font-size: medium;\">1. plass<\/span><\/td><\/tr><tr><td>&nbsp;<\/td><td><span style=\"font-family: Times New Roman; font-size: medium;\">Catrin<\/span><\/td><td><span style=\"font-family: Times New Roman; font-size: medium;\">Tor-Henning Olsen<\/span><\/td><td><span style=\"font-family: Times New Roman; font-size: medium;\">2. plass<\/span><\/td><\/tr><tr><td>&nbsp;<\/td><td><span style=\"font-family: Times New Roman; font-size: medium;\">Krabbe edderkopp<\/span><\/td><td><span style=\"font-family: Times New Roman; font-size: medium;\">Rune Fj\u00e6reide<\/span><\/td><td><span style=\"font-family: Times New Roman; font-size: medium;\">3. plass<\/span><\/td><\/tr><tr><td>&nbsp;<\/td><td><span style=\"font-family: Times New Roman; font-size: medium;\">Night Flight<\/span><\/td><td><span style=\"font-family: Times New Roman; font-size: medium;\">Tor-Henning Olsen<\/span><\/td><td><span style=\"font-family: Times New Roman; font-size: medium;\">Antatt<\/span><\/td><\/tr><tr><td><b><span style=\"font-family: Times New Roman; font-size: medium;\">Fargepapir:<\/span><\/b><\/td><td><span style=\"font-family: Times New Roman; font-size: medium;\">I Alv\u00f8en<\/span><\/td><td><span style=\"font-family: Times New Roman; font-size: medium;\">Rolf Morten Olsen<\/span><\/td><td><span style=\"font-family: Times New Roman; font-size: medium;\">1. plass<\/span><\/td><\/tr><tr><td>&nbsp;<\/td><td><span style=\"font-family: Times New Roman; font-size: medium;\">D\u00f8gnflue 1<\/span><\/td><td><span style=\"font-family: Times New Roman; font-size: medium;\">Rune Fj\u00e6reide<\/span><\/td><td><span style=\"font-family: Times New Roman; font-size: medium;\">2. plass<\/span><\/td><\/tr><tr><td>&nbsp;<\/td><td><span style=\"font-family: Times New Roman; font-size: medium;\">Hatt med sl\u00f8r<\/span><\/td><td><span style=\"font-family: Times New Roman; font-size: medium;\">Tor-Henning Olsen<\/span><\/td><td><span style=\"font-family: Times New Roman; font-size: medium;\">3. plass<\/span><\/td><\/tr><tr><td>&nbsp;<\/td><td><span style=\"font-family: Times New Roman; font-size: medium;\">H\u00f8st p\u00e5 Sognefjell<\/span><\/td><td><span style=\"font-family: Times New Roman; font-size: medium;\">Rolf Morten Olsen<\/span><\/td><td><span style=\"font-family: Times New Roman; font-size: medium;\">Antatt<\/span><\/td><\/tr><tr><td>&nbsp;<\/td><td><span style=\"font-family: Times New Roman; font-size: medium;\">Sommerkveld<\/span><\/td><td><span style=\"font-family: Times New Roman; font-size: medium;\">Tore Franch-Petersen<\/span><\/td><td><span style=\"font-family: Times New Roman; font-size: medium;\">Antatt<\/span><\/td><\/tr><tr><td><b><span style=\"font-family: Times New Roman; font-size: medium;\">Sort\/hvitt:<\/span><\/b><\/td><td><span style=\"font-family: Times New Roman; font-size: medium;\">Elv i Bergsdalen 1<\/span><\/td><td><span style=\"font-family: Times New Roman; font-size: medium;\">Roald Synnev\u00e5g<\/span><\/td><td><span style=\"font-family: Times New Roman; font-size: medium;\">1. plass<\/span><\/td><\/tr><tr><td>&nbsp;<\/td><td><span style=\"font-family: Times New Roman; font-size: medium;\">Farlig lek<\/span><\/td><td><span style=\"font-family: Times New Roman; font-size: medium;\">Rune Fj\u00e6reide<\/span><\/td><td><span style=\"font-family: Times New Roman; font-size: medium;\">2. plass<\/span><\/td><\/tr><tr><td>&nbsp;<\/td><td><span style=\"font-family: Times New Roman; font-size: medium;\">M\u00e5ke ved Brikdalsvann<\/span><\/td><td><span style=\"font-family: Times New Roman; font-size: medium;\">Rune Fj\u00e6reide<\/span><\/td><td><span style=\"font-family: Times New Roman; font-size: medium;\">3. plass<\/span><\/td><\/tr><tr><td>&nbsp;<\/td><td><span style=\"font-family: Times New Roman; font-size: medium;\">Tore<\/span><\/td><td><span style=\"font-family: Times New Roman; font-size: medium;\">Tor-Henning Olsen<\/span><\/td><td><span style=\"font-family: Times New Roman; font-size: medium;\">Antatt<\/span><\/td><\/tr><tr><td>&nbsp;<\/td><td><span style=\"font-family: Times New Roman; font-size: medium;\">Steinsdalen<\/span><\/td><td><span style=\"font-family: Times New Roman; font-size: medium;\">Roald Synnev\u00e5g<\/span><\/td><td><span style=\"font-family: Times New Roman; font-size: medium;\">Antatt<\/span><\/td><\/tr><\/tbody><\/table><\/figure>\n","protected":false},"excerpt":{"rendered":"<p>KLUBBKONKURRANSE &nbsp; &nbsp; &nbsp; V\u00e5ren 1991 &nbsp; &nbsp; &nbsp; TEMA: Fritt Motiv &nbsp; &nbsp; &nbsp; JURY: \u00c5lesund Kameraklubb &nbsp; &nbsp; &nbsp; &nbsp; &nbsp; &nbsp; &nbsp; Dias: Tittel Autor Premie &nbsp; I t\u00e5keheimen Rune Fj\u00e6reide&#46;&#46;&#46;<\/p>\n","protected":false},"author":2,"featured_media":0,"parent":0,"menu_order":0,"comment_status":"closed","ping_status":"closed","template":"","meta":{"footnotes":""},"class_list":["post-3799","page","type-page","status-publish","hentry"],"yoast_head":"<!-- This site is optimized with the Yoast SEO plugin v27.4 - https:\/\/yoast.com\/product\/yoast-seo-wordpress\/ -->\n<title>Klubbkonkurranse 1991 - Bekkalokket Fotoklubb<\/title>\n<meta name=\"robots\" content=\"index, follow, max-snippet:-1, max-image-preview:large, max-video-preview:-1\" \/>\n<link rel=\"canonical\" href=\"https:\/\/bekkalokket.no\/index.php\/klubbkonkurranse-1991\/\" \/>\n<meta property=\"og:locale\" content=\"nb_NO\" \/>\n<meta property=\"og:type\" content=\"article\" \/>\n<meta property=\"og:title\" content=\"Klubbkonkurranse 1991 - Bekkalokket Fotoklubb\" \/>\n<meta property=\"og:description\" content=\"KLUBBKONKURRANSE &nbsp; &nbsp; &nbsp; V\u00e5ren 1991 &nbsp; &nbsp; &nbsp; TEMA: Fritt Motiv &nbsp; &nbsp; &nbsp; JURY: \u00c5lesund Kameraklubb &nbsp; &nbsp; &nbsp; &nbsp; &nbsp; &nbsp; &nbsp; Dias: Tittel Autor Premie &nbsp; I t\u00e5keheimen Rune Fj\u00e6reide&#046;&#046;&#046;\" \/>\n<meta property=\"og:url\" content=\"https:\/\/bekkalokket.no\/index.php\/klubbkonkurranse-1991\/\" \/>\n<meta property=\"og:site_name\" content=\"Bekkalokket Fotoklubb\" \/>\n<meta property=\"article:modified_time\" content=\"2021-04-04T15:08:34+00:00\" \/>\n<meta name=\"twitter:card\" content=\"summary_large_image\" \/>\n<meta name=\"twitter:label1\" content=\"Ansl. lesetid\" \/>\n\t<meta name=\"twitter:data1\" content=\"2 minutter\" \/>\n<script type=\"application\/ld+json\" class=\"yoast-schema-graph\">{\"@context\":\"https:\\\/\\\/schema.org\",\"@graph\":[{\"@type\":\"WebPage\",\"@id\":\"https:\\\/\\\/bekkalokket.no\\\/index.php\\\/klubbkonkurranse-1991\\\/\",\"url\":\"https:\\\/\\\/bekkalokket.no\\\/index.php\\\/klubbkonkurranse-1991\\\/\",\"name\":\"Klubbkonkurranse 1991 - Bekkalokket Fotoklubb\",\"isPartOf\":{\"@id\":\"https:\\\/\\\/bekkalokket.no\\\/#website\"},\"datePublished\":\"2021-04-04T15:08:33+00:00\",\"dateModified\":\"2021-04-04T15:08:34+00:00\",\"breadcrumb\":{\"@id\":\"https:\\\/\\\/bekkalokket.no\\\/index.php\\\/klubbkonkurranse-1991\\\/#breadcrumb\"},\"inLanguage\":\"nb-NO\",\"potentialAction\":[{\"@type\":\"ReadAction\",\"target\":[\"https:\\\/\\\/bekkalokket.no\\\/index.php\\\/klubbkonkurranse-1991\\\/\"]}]},{\"@type\":\"BreadcrumbList\",\"@id\":\"https:\\\/\\\/bekkalokket.no\\\/index.php\\\/klubbkonkurranse-1991\\\/#breadcrumb\",\"itemListElement\":[{\"@type\":\"ListItem\",\"position\":1,\"name\":\"Home\",\"item\":\"https:\\\/\\\/bekkalokket.no\\\/\"},{\"@type\":\"ListItem\",\"position\":2,\"name\":\"Klubbkonkurranse 1991\"}]},{\"@type\":\"WebSite\",\"@id\":\"https:\\\/\\\/bekkalokket.no\\\/#website\",\"url\":\"https:\\\/\\\/bekkalokket.no\\\/\",\"name\":\"Bekkalokket Fotoklubb\",\"description\":\"En sosial og aktiv fotoklubb i Bergen\",\"potentialAction\":[{\"@type\":\"SearchAction\",\"target\":{\"@type\":\"EntryPoint\",\"urlTemplate\":\"https:\\\/\\\/bekkalokket.no\\\/?s={search_term_string}\"},\"query-input\":{\"@type\":\"PropertyValueSpecification\",\"valueRequired\":true,\"valueName\":\"search_term_string\"}}],\"inLanguage\":\"nb-NO\"}]}<\/script>\n<!-- \/ Yoast SEO plugin. -->","yoast_head_json":{"title":"Klubbkonkurranse 1991 - Bekkalokket Fotoklubb","robots":{"index":"index","follow":"follow","max-snippet":"max-snippet:-1","max-image-preview":"max-image-preview:large","max-video-preview":"max-video-preview:-1"},"canonical":"https:\/\/bekkalokket.no\/index.php\/klubbkonkurranse-1991\/","og_locale":"nb_NO","og_type":"article","og_title":"Klubbkonkurranse 1991 - Bekkalokket Fotoklubb","og_description":"KLUBBKONKURRANSE &nbsp; &nbsp; &nbsp; V\u00e5ren 1991 &nbsp; &nbsp; &nbsp; TEMA: Fritt Motiv &nbsp; &nbsp; &nbsp; JURY: \u00c5lesund Kameraklubb &nbsp; &nbsp; &nbsp; &nbsp; &nbsp; &nbsp; &nbsp; Dias: Tittel Autor Premie &nbsp; I t\u00e5keheimen Rune Fj\u00e6reide&#46;&#46;&#46;","og_url":"https:\/\/bekkalokket.no\/index.php\/klubbkonkurranse-1991\/","og_site_name":"Bekkalokket Fotoklubb","article_modified_time":"2021-04-04T15:08:34+00:00","twitter_card":"summary_large_image","twitter_misc":{"Ansl. lesetid":"2 minutter"},"schema":{"@context":"https:\/\/schema.org","@graph":[{"@type":"WebPage","@id":"https:\/\/bekkalokket.no\/index.php\/klubbkonkurranse-1991\/","url":"https:\/\/bekkalokket.no\/index.php\/klubbkonkurranse-1991\/","name":"Klubbkonkurranse 1991 - Bekkalokket Fotoklubb","isPartOf":{"@id":"https:\/\/bekkalokket.no\/#website"},"datePublished":"2021-04-04T15:08:33+00:00","dateModified":"2021-04-04T15:08:34+00:00","breadcrumb":{"@id":"https:\/\/bekkalokket.no\/index.php\/klubbkonkurranse-1991\/#breadcrumb"},"inLanguage":"nb-NO","potentialAction":[{"@type":"ReadAction","target":["https:\/\/bekkalokket.no\/index.php\/klubbkonkurranse-1991\/"]}]},{"@type":"BreadcrumbList","@id":"https:\/\/bekkalokket.no\/index.php\/klubbkonkurranse-1991\/#breadcrumb","itemListElement":[{"@type":"ListItem","position":1,"name":"Home","item":"https:\/\/bekkalokket.no\/"},{"@type":"ListItem","position":2,"name":"Klubbkonkurranse 1991"}]},{"@type":"WebSite","@id":"https:\/\/bekkalokket.no\/#website","url":"https:\/\/bekkalokket.no\/","name":"Bekkalokket Fotoklubb","description":"En sosial og aktiv fotoklubb i Bergen","potentialAction":[{"@type":"SearchAction","target":{"@type":"EntryPoint","urlTemplate":"https:\/\/bekkalokket.no\/?s={search_term_string}"},"query-input":{"@type":"PropertyValueSpecification","valueRequired":true,"valueName":"search_term_string"}}],"inLanguage":"nb-NO"}]}},"_links":{"self":[{"href":"https:\/\/bekkalokket.no\/index.php\/wp-json\/wp\/v2\/pages\/3799","targetHints":{"allow":["GET"]}}],"collection":[{"href":"https:\/\/bekkalokket.no\/index.php\/wp-json\/wp\/v2\/pages"}],"about":[{"href":"https:\/\/bekkalokket.no\/index.php\/wp-json\/wp\/v2\/types\/page"}],"author":[{"embeddable":true,"href":"https:\/\/bekkalokket.no\/index.php\/wp-json\/wp\/v2\/users\/2"}],"replies":[{"embeddable":true,"href":"https:\/\/bekkalokket.no\/index.php\/wp-json\/wp\/v2\/comments?post=3799"}],"version-history":[{"count":1,"href":"https:\/\/bekkalokket.no\/index.php\/wp-json\/wp\/v2\/pages\/3799\/revisions"}],"predecessor-version":[{"id":3800,"href":"https:\/\/bekkalokket.no\/index.php\/wp-json\/wp\/v2\/pages\/3799\/revisions\/3800"}],"wp:attachment":[{"href":"https:\/\/bekkalokket.no\/index.php\/wp-json\/wp\/v2\/media?parent=3799"}],"curies":[{"name":"wp","href":"https:\/\/api.w.org\/{rel}","templated":true}]}}