{"id":4165,"date":"2021-10-05T08:29:46","date_gmt":"2021-10-05T06:29:46","guid":{"rendered":"https:\/\/bekkalokket.no\/?page_id=4165"},"modified":"2021-10-05T08:29:47","modified_gmt":"2021-10-05T06:29:47","slug":"har-du-oversikt-over-utstyret-ditt","status":"publish","type":"page","link":"https:\/\/bekkalokket.no\/index.php\/har-du-oversikt-over-utstyret-ditt\/","title":{"rendered":"Har du oversikt over utstyret ditt?"},"content":{"rendered":"\n<p>Det finnes en gratis tjeneste p\u00e5 Internett, som kanskje kan hjelpe deg. <\/p>\n\n\n\n<p><\/p>\n\n\n\n<p><a href=\"https:\/\/www.lenstag.com\/\" target=\"_blank\" rel=\"noreferrer noopener\">Lenstag.com<\/a><\/p>\n\n\n\n<p>Her kan du registrere alt utstyret du har, og samtidig vil du kunne se hvor bildene dine er brukt p\u00e5 internett, s\u00e5 fremt du legger ved EXIF med serienummer og at de som har u\u00e6rlige hensikter ikke stripper filen. Men det som ogs\u00e5 dette kan brukes til er om utstyr blir stj\u00e5let, og tyven legger ut bilder med EXIF med serienummer, s\u00e5 vet du hvem som har  tatt kameraet ditt.<\/p>\n\n\n\n<p><\/p>\n\n\n\n<p><\/p>\n","protected":false},"excerpt":{"rendered":"<p>Det finnes en gratis tjeneste p\u00e5 Internett, som kanskje kan hjelpe deg. Lenstag.com Her kan du registrere alt utstyret du har, og samtidig vil du kunne se hvor bildene dine er brukt p\u00e5 internett,&#46;&#46;&#46;<\/p>\n","protected":false},"author":2,"featured_media":0,"parent":0,"menu_order":0,"comment_status":"closed","ping_status":"closed","template":"","meta":{"footnotes":""},"class_list":["post-4165","page","type-page","status-publish","hentry"],"yoast_head":"<!-- This site is optimized with the Yoast SEO plugin v27.6 - https:\/\/yoast.com\/product\/yoast-seo-wordpress\/ -->\n<title>Har du oversikt over utstyret ditt? - Bekkalokket Fotoklubb<\/title>\n<meta name=\"robots\" content=\"index, follow, max-snippet:-1, max-image-preview:large, max-video-preview:-1\" \/>\n<link rel=\"canonical\" href=\"https:\/\/bekkalokket.no\/index.php\/har-du-oversikt-over-utstyret-ditt\/\" \/>\n<meta property=\"og:locale\" content=\"nb_NO\" \/>\n<meta property=\"og:type\" content=\"article\" \/>\n<meta property=\"og:title\" content=\"Har du oversikt over utstyret ditt? - Bekkalokket Fotoklubb\" \/>\n<meta property=\"og:description\" content=\"Det finnes en gratis tjeneste p\u00e5 Internett, som kanskje kan hjelpe deg. Lenstag.com Her kan du registrere alt utstyret du har, og samtidig vil du kunne se hvor bildene dine er brukt p\u00e5 internett,&#046;&#046;&#046;\" \/>\n<meta property=\"og:url\" content=\"https:\/\/bekkalokket.no\/index.php\/har-du-oversikt-over-utstyret-ditt\/\" \/>\n<meta property=\"og:site_name\" content=\"Bekkalokket Fotoklubb\" \/>\n<meta property=\"article:modified_time\" content=\"2021-10-05T06:29:47+00:00\" \/>\n<meta name=\"twitter:card\" content=\"summary_large_image\" \/>\n<script type=\"application\/ld+json\" class=\"yoast-schema-graph\">{\"@context\":\"https:\\\/\\\/schema.org\",\"@graph\":[{\"@type\":\"WebPage\",\"@id\":\"https:\\\/\\\/bekkalokket.no\\\/index.php\\\/har-du-oversikt-over-utstyret-ditt\\\/\",\"url\":\"https:\\\/\\\/bekkalokket.no\\\/index.php\\\/har-du-oversikt-over-utstyret-ditt\\\/\",\"name\":\"Har du oversikt over utstyret ditt? - Bekkalokket Fotoklubb\",\"isPartOf\":{\"@id\":\"https:\\\/\\\/bekkalokket.no\\\/#website\"},\"datePublished\":\"2021-10-05T06:29:46+00:00\",\"dateModified\":\"2021-10-05T06:29:47+00:00\",\"breadcrumb\":{\"@id\":\"https:\\\/\\\/bekkalokket.no\\\/index.php\\\/har-du-oversikt-over-utstyret-ditt\\\/#breadcrumb\"},\"inLanguage\":\"nb-NO\",\"potentialAction\":[{\"@type\":\"ReadAction\",\"target\":[\"https:\\\/\\\/bekkalokket.no\\\/index.php\\\/har-du-oversikt-over-utstyret-ditt\\\/\"]}]},{\"@type\":\"BreadcrumbList\",\"@id\":\"https:\\\/\\\/bekkalokket.no\\\/index.php\\\/har-du-oversikt-over-utstyret-ditt\\\/#breadcrumb\",\"itemListElement\":[{\"@type\":\"ListItem\",\"position\":1,\"name\":\"Home\",\"item\":\"https:\\\/\\\/bekkalokket.no\\\/\"},{\"@type\":\"ListItem\",\"position\":2,\"name\":\"Har du oversikt over utstyret ditt?\"}]},{\"@type\":\"WebSite\",\"@id\":\"https:\\\/\\\/bekkalokket.no\\\/#website\",\"url\":\"https:\\\/\\\/bekkalokket.no\\\/\",\"name\":\"Bekkalokket Fotoklubb\",\"description\":\"En sosial og aktiv fotoklubb i Bergen\",\"potentialAction\":[{\"@type\":\"SearchAction\",\"target\":{\"@type\":\"EntryPoint\",\"urlTemplate\":\"https:\\\/\\\/bekkalokket.no\\\/?s={search_term_string}\"},\"query-input\":{\"@type\":\"PropertyValueSpecification\",\"valueRequired\":true,\"valueName\":\"search_term_string\"}}],\"inLanguage\":\"nb-NO\"}]}<\/script>\n<!-- \/ Yoast SEO plugin. -->","yoast_head_json":{"title":"Har du oversikt over utstyret ditt? - Bekkalokket Fotoklubb","robots":{"index":"index","follow":"follow","max-snippet":"max-snippet:-1","max-image-preview":"max-image-preview:large","max-video-preview":"max-video-preview:-1"},"canonical":"https:\/\/bekkalokket.no\/index.php\/har-du-oversikt-over-utstyret-ditt\/","og_locale":"nb_NO","og_type":"article","og_title":"Har du oversikt over utstyret ditt? - Bekkalokket Fotoklubb","og_description":"Det finnes en gratis tjeneste p\u00e5 Internett, som kanskje kan hjelpe deg. Lenstag.com Her kan du registrere alt utstyret du har, og samtidig vil du kunne se hvor bildene dine er brukt p\u00e5 internett,&#46;&#46;&#46;","og_url":"https:\/\/bekkalokket.no\/index.php\/har-du-oversikt-over-utstyret-ditt\/","og_site_name":"Bekkalokket Fotoklubb","article_modified_time":"2021-10-05T06:29:47+00:00","twitter_card":"summary_large_image","schema":{"@context":"https:\/\/schema.org","@graph":[{"@type":"WebPage","@id":"https:\/\/bekkalokket.no\/index.php\/har-du-oversikt-over-utstyret-ditt\/","url":"https:\/\/bekkalokket.no\/index.php\/har-du-oversikt-over-utstyret-ditt\/","name":"Har du oversikt over utstyret ditt? - Bekkalokket Fotoklubb","isPartOf":{"@id":"https:\/\/bekkalokket.no\/#website"},"datePublished":"2021-10-05T06:29:46+00:00","dateModified":"2021-10-05T06:29:47+00:00","breadcrumb":{"@id":"https:\/\/bekkalokket.no\/index.php\/har-du-oversikt-over-utstyret-ditt\/#breadcrumb"},"inLanguage":"nb-NO","potentialAction":[{"@type":"ReadAction","target":["https:\/\/bekkalokket.no\/index.php\/har-du-oversikt-over-utstyret-ditt\/"]}]},{"@type":"BreadcrumbList","@id":"https:\/\/bekkalokket.no\/index.php\/har-du-oversikt-over-utstyret-ditt\/#breadcrumb","itemListElement":[{"@type":"ListItem","position":1,"name":"Home","item":"https:\/\/bekkalokket.no\/"},{"@type":"ListItem","position":2,"name":"Har du oversikt over utstyret ditt?"}]},{"@type":"WebSite","@id":"https:\/\/bekkalokket.no\/#website","url":"https:\/\/bekkalokket.no\/","name":"Bekkalokket Fotoklubb","description":"En sosial og aktiv fotoklubb i Bergen","potentialAction":[{"@type":"SearchAction","target":{"@type":"EntryPoint","urlTemplate":"https:\/\/bekkalokket.no\/?s={search_term_string}"},"query-input":{"@type":"PropertyValueSpecification","valueRequired":true,"valueName":"search_term_string"}}],"inLanguage":"nb-NO"}]}},"_links":{"self":[{"href":"https:\/\/bekkalokket.no\/index.php\/wp-json\/wp\/v2\/pages\/4165","targetHints":{"allow":["GET"]}}],"collection":[{"href":"https:\/\/bekkalokket.no\/index.php\/wp-json\/wp\/v2\/pages"}],"about":[{"href":"https:\/\/bekkalokket.no\/index.php\/wp-json\/wp\/v2\/types\/page"}],"author":[{"embeddable":true,"href":"https:\/\/bekkalokket.no\/index.php\/wp-json\/wp\/v2\/users\/2"}],"replies":[{"embeddable":true,"href":"https:\/\/bekkalokket.no\/index.php\/wp-json\/wp\/v2\/comments?post=4165"}],"version-history":[{"count":1,"href":"https:\/\/bekkalokket.no\/index.php\/wp-json\/wp\/v2\/pages\/4165\/revisions"}],"predecessor-version":[{"id":4166,"href":"https:\/\/bekkalokket.no\/index.php\/wp-json\/wp\/v2\/pages\/4165\/revisions\/4166"}],"wp:attachment":[{"href":"https:\/\/bekkalokket.no\/index.php\/wp-json\/wp\/v2\/media?parent=4165"}],"curies":[{"name":"wp","href":"https:\/\/api.w.org\/{rel}","templated":true}]}}