{"id":4788,"date":"2022-03-12T15:35:20","date_gmt":"2022-03-12T13:35:20","guid":{"rendered":"https:\/\/bekkalokket.no\/?page_id=4788"},"modified":"2023-09-18T15:19:01","modified_gmt":"2023-09-18T13:19:01","slug":"lightroom-rydde-i-katalogen","status":"publish","type":"page","link":"https:\/\/bekkalokket.no\/index.php\/lightroom-rydde-i-katalogen\/","title":{"rendered":"Rydde i Lightroom katalogen | Blogg"},"content":{"rendered":"\n<h2 class=\"wp-block-heading\">Videoklipp som viser hvordan du kan rydde i Lightroom katalogen<\/h2>\n\n\n\n<p>Organiserer du ikke bildene dine riktig kan det bli vanskelig \u00e5 finne igjen bildene i Lightroom. Ved \u00e5 rydde i Lightroom katalogen sikrer du deg raskt tilgang til dine bildefiler.<\/p>\n\n\n\n<p>Via v\u00e5rt videoklipp kan du bli mer kjent med hvordan du rydder i Lightroom katalogen din.<\/p>\n\n\n\n<p>Flytter du bildene i selve harddisken eller p\u00e5 datamaskinen kan du rissikere at du ikke finne bildene igjen.<\/p>\n\n\n\n<p>Derfor m\u00e5 du alltid huske p\u00e5 \u00e5 flytte bildefilene i selve Lightroom.<\/p>\n\n\n\n<h3 class=\"wp-block-heading\">Lightroom gir mange muligheter i forhold til hvordan du kan organisere bilder<\/h3>\n\n\n\n<p>Dersom du lurer p\u00e5 hvordan du kan klare \u00e5 f\u00e5 dette til kan vi hjelpe deg her via v\u00e5rt videoklipp.<\/p>\n\n\n\n<p>N\u00e5r du f\u00f8rst begynner \u00e5 bruke Ligtroom riktig som verkt\u00f8y, s\u00e5 vil du klare \u00e5 f\u00e5 et system der du raskt finner bildene dine.<\/p>\n\n\n\n<p>Databasen i Lightroom har alle metadata i bildene dine som du laster opp slik at du kan finne bildene lett i katalogen.<\/p>\n\n\n\n<h3 class=\"wp-block-heading\">Filstrukturen i Lightroom er viktig, s\u00e5 start alt i dag med \u00e5 rydde i Lighroom katalogen!<\/h3>\n\n\n\n<p>Filstrukturen er viktig for \u00e5 sikre at alle bilder ligger i en mappe som er inkludert i backup-regime ditt.<\/p>\n\n\n\n<h3 class=\"wp-block-heading\"><\/h3>\n\n\n\n<figure class=\"wp-block-embed is-type-video is-provider-youtube wp-block-embed-youtube wp-embed-aspect-16-9 wp-has-aspect-ratio\"><div class=\"wp-block-embed__wrapper\">\n<div class=\"video-container\"><iframe loading=\"lazy\" title=\"Lightroom - rydde i katalogen - (ny versjon med det jeg h\u00e5per er litt bedre lyd)\" width=\"500\" height=\"281\" src=\"https:\/\/www.youtube.com\/embed\/ZoHpiCZmb_k?feature=oembed&#038;wmode=opaque\" frameborder=\"0\" allow=\"accelerometer; autoplay; clipboard-write; encrypted-media; gyroscope; picture-in-picture; web-share\" referrerpolicy=\"strict-origin-when-cross-origin\" allowfullscreen><\/iframe><\/div>\n<\/div><\/figure>\n\n\n\n<p><\/p>\n\n\n\n<h3 class=\"wp-block-heading\"><a href=\"https:\/\/bekkalokket.no\/index.php\/backup-pa-1-2-3\/\">Backup p\u00e5 1-2-3?<\/a><\/h3>\n\n\n\n<p><a href=\"https:\/\/nsff.no\/bli-medlem\/fordeler-enkelte-klubbmedlem\/\">Medlemsfordeler via NSFF (Norsk Selskap for Fotografi)<\/a><\/p>\n\n\n\n<p><\/p>\n","protected":false},"excerpt":{"rendered":"<p>Videoklipp som viser hvordan du kan rydde i Lightroom katalogen Organiserer du ikke bildene dine riktig kan det bli vanskelig \u00e5 finne igjen bildene i Lightroom. Ved \u00e5 rydde i Lightroom katalogen sikrer du&#46;&#46;&#46;<\/p>\n","protected":false},"author":2,"featured_media":0,"parent":0,"menu_order":0,"comment_status":"closed","ping_status":"closed","template":"","meta":{"footnotes":""},"class_list":["post-4788","page","type-page","status-publish","hentry"],"yoast_head":"<!-- This site is optimized with the Yoast SEO plugin v27.4 - https:\/\/yoast.com\/product\/yoast-seo-wordpress\/ -->\n<title>Rydde i Lightroom katalogen | Blogg - Bekkalokket Fotoklubb<\/title>\n<meta name=\"description\" content=\"Vi har laget et videoklipp som viser hvordan du kan rydde i Lightroom katalogen, ogorganiserer dine bilder. Les mer p\u00e5 v\u00e5r blogg!\" \/>\n<meta name=\"robots\" content=\"index, follow, max-snippet:-1, max-image-preview:large, max-video-preview:-1\" \/>\n<link rel=\"canonical\" href=\"https:\/\/bekkalokket.no\/index.php\/lightroom-rydde-i-katalogen\/\" \/>\n<meta property=\"og:locale\" content=\"nb_NO\" \/>\n<meta property=\"og:type\" content=\"article\" \/>\n<meta property=\"og:title\" content=\"Rydde i Lightroom katalogen | Blogg - Bekkalokket Fotoklubb\" \/>\n<meta property=\"og:description\" content=\"Vi har laget et videoklipp som viser hvordan du kan rydde i Lightroom katalogen, ogorganiserer dine bilder. Les mer p\u00e5 v\u00e5r blogg!\" \/>\n<meta property=\"og:url\" content=\"https:\/\/bekkalokket.no\/index.php\/lightroom-rydde-i-katalogen\/\" \/>\n<meta property=\"og:site_name\" content=\"Bekkalokket Fotoklubb\" \/>\n<meta property=\"article:modified_time\" content=\"2023-09-18T13:19:01+00:00\" \/>\n<meta property=\"og:image\" content=\"https:\/\/bekkalokket.no\/wp-content\/uploads\/2023\/09\/Blogg_Rydde-i-LR-Katalogen_18.09.2023.jpg\" \/>\n\t<meta property=\"og:image:width\" content=\"1280\" \/>\n\t<meta property=\"og:image:height\" content=\"720\" \/>\n\t<meta property=\"og:image:type\" content=\"image\/jpeg\" \/>\n<meta name=\"twitter:card\" content=\"summary_large_image\" \/>\n<meta name=\"twitter:label1\" content=\"Ansl. lesetid\" \/>\n\t<meta name=\"twitter:data1\" content=\"2 minutter\" \/>\n<script type=\"application\/ld+json\" class=\"yoast-schema-graph\">{\"@context\":\"https:\\\/\\\/schema.org\",\"@graph\":[{\"@type\":\"WebPage\",\"@id\":\"https:\\\/\\\/bekkalokket.no\\\/index.php\\\/lightroom-rydde-i-katalogen\\\/\",\"url\":\"https:\\\/\\\/bekkalokket.no\\\/index.php\\\/lightroom-rydde-i-katalogen\\\/\",\"name\":\"Rydde i Lightroom katalogen | Blogg - Bekkalokket Fotoklubb\",\"isPartOf\":{\"@id\":\"https:\\\/\\\/bekkalokket.no\\\/#website\"},\"datePublished\":\"2022-03-12T13:35:20+00:00\",\"dateModified\":\"2023-09-18T13:19:01+00:00\",\"description\":\"Vi har laget et videoklipp som viser hvordan du kan rydde i Lightroom katalogen, ogorganiserer dine bilder. Les mer p\u00e5 v\u00e5r blogg!\",\"breadcrumb\":{\"@id\":\"https:\\\/\\\/bekkalokket.no\\\/index.php\\\/lightroom-rydde-i-katalogen\\\/#breadcrumb\"},\"inLanguage\":\"nb-NO\",\"potentialAction\":[{\"@type\":\"ReadAction\",\"target\":[\"https:\\\/\\\/bekkalokket.no\\\/index.php\\\/lightroom-rydde-i-katalogen\\\/\"]}]},{\"@type\":\"BreadcrumbList\",\"@id\":\"https:\\\/\\\/bekkalokket.no\\\/index.php\\\/lightroom-rydde-i-katalogen\\\/#breadcrumb\",\"itemListElement\":[{\"@type\":\"ListItem\",\"position\":1,\"name\":\"Home\",\"item\":\"https:\\\/\\\/bekkalokket.no\\\/\"},{\"@type\":\"ListItem\",\"position\":2,\"name\":\"Rydde i Lightroom katalogen | Blogg\"}]},{\"@type\":\"WebSite\",\"@id\":\"https:\\\/\\\/bekkalokket.no\\\/#website\",\"url\":\"https:\\\/\\\/bekkalokket.no\\\/\",\"name\":\"Bekkalokket Fotoklubb\",\"description\":\"En sosial og aktiv fotoklubb i Bergen\",\"potentialAction\":[{\"@type\":\"SearchAction\",\"target\":{\"@type\":\"EntryPoint\",\"urlTemplate\":\"https:\\\/\\\/bekkalokket.no\\\/?s={search_term_string}\"},\"query-input\":{\"@type\":\"PropertyValueSpecification\",\"valueRequired\":true,\"valueName\":\"search_term_string\"}}],\"inLanguage\":\"nb-NO\"}]}<\/script>\n<!-- \/ Yoast SEO plugin. -->","yoast_head_json":{"title":"Rydde i Lightroom katalogen | Blogg - Bekkalokket Fotoklubb","description":"Vi har laget et videoklipp som viser hvordan du kan rydde i Lightroom katalogen, ogorganiserer dine bilder. Les mer p\u00e5 v\u00e5r blogg!","robots":{"index":"index","follow":"follow","max-snippet":"max-snippet:-1","max-image-preview":"max-image-preview:large","max-video-preview":"max-video-preview:-1"},"canonical":"https:\/\/bekkalokket.no\/index.php\/lightroom-rydde-i-katalogen\/","og_locale":"nb_NO","og_type":"article","og_title":"Rydde i Lightroom katalogen | Blogg - Bekkalokket Fotoklubb","og_description":"Vi har laget et videoklipp som viser hvordan du kan rydde i Lightroom katalogen, ogorganiserer dine bilder. Les mer p\u00e5 v\u00e5r blogg!","og_url":"https:\/\/bekkalokket.no\/index.php\/lightroom-rydde-i-katalogen\/","og_site_name":"Bekkalokket Fotoklubb","article_modified_time":"2023-09-18T13:19:01+00:00","og_image":[{"width":1280,"height":720,"url":"https:\/\/bekkalokket.no\/wp-content\/uploads\/2023\/09\/Blogg_Rydde-i-LR-Katalogen_18.09.2023.jpg","type":"image\/jpeg"}],"twitter_card":"summary_large_image","twitter_misc":{"Ansl. lesetid":"2 minutter"},"schema":{"@context":"https:\/\/schema.org","@graph":[{"@type":"WebPage","@id":"https:\/\/bekkalokket.no\/index.php\/lightroom-rydde-i-katalogen\/","url":"https:\/\/bekkalokket.no\/index.php\/lightroom-rydde-i-katalogen\/","name":"Rydde i Lightroom katalogen | Blogg - Bekkalokket Fotoklubb","isPartOf":{"@id":"https:\/\/bekkalokket.no\/#website"},"datePublished":"2022-03-12T13:35:20+00:00","dateModified":"2023-09-18T13:19:01+00:00","description":"Vi har laget et videoklipp som viser hvordan du kan rydde i Lightroom katalogen, ogorganiserer dine bilder. Les mer p\u00e5 v\u00e5r blogg!","breadcrumb":{"@id":"https:\/\/bekkalokket.no\/index.php\/lightroom-rydde-i-katalogen\/#breadcrumb"},"inLanguage":"nb-NO","potentialAction":[{"@type":"ReadAction","target":["https:\/\/bekkalokket.no\/index.php\/lightroom-rydde-i-katalogen\/"]}]},{"@type":"BreadcrumbList","@id":"https:\/\/bekkalokket.no\/index.php\/lightroom-rydde-i-katalogen\/#breadcrumb","itemListElement":[{"@type":"ListItem","position":1,"name":"Home","item":"https:\/\/bekkalokket.no\/"},{"@type":"ListItem","position":2,"name":"Rydde i Lightroom katalogen | Blogg"}]},{"@type":"WebSite","@id":"https:\/\/bekkalokket.no\/#website","url":"https:\/\/bekkalokket.no\/","name":"Bekkalokket Fotoklubb","description":"En sosial og aktiv fotoklubb i Bergen","potentialAction":[{"@type":"SearchAction","target":{"@type":"EntryPoint","urlTemplate":"https:\/\/bekkalokket.no\/?s={search_term_string}"},"query-input":{"@type":"PropertyValueSpecification","valueRequired":true,"valueName":"search_term_string"}}],"inLanguage":"nb-NO"}]}},"_links":{"self":[{"href":"https:\/\/bekkalokket.no\/index.php\/wp-json\/wp\/v2\/pages\/4788","targetHints":{"allow":["GET"]}}],"collection":[{"href":"https:\/\/bekkalokket.no\/index.php\/wp-json\/wp\/v2\/pages"}],"about":[{"href":"https:\/\/bekkalokket.no\/index.php\/wp-json\/wp\/v2\/types\/page"}],"author":[{"embeddable":true,"href":"https:\/\/bekkalokket.no\/index.php\/wp-json\/wp\/v2\/users\/2"}],"replies":[{"embeddable":true,"href":"https:\/\/bekkalokket.no\/index.php\/wp-json\/wp\/v2\/comments?post=4788"}],"version-history":[{"count":23,"href":"https:\/\/bekkalokket.no\/index.php\/wp-json\/wp\/v2\/pages\/4788\/revisions"}],"predecessor-version":[{"id":7227,"href":"https:\/\/bekkalokket.no\/index.php\/wp-json\/wp\/v2\/pages\/4788\/revisions\/7227"}],"wp:attachment":[{"href":"https:\/\/bekkalokket.no\/index.php\/wp-json\/wp\/v2\/media?parent=4788"}],"curies":[{"name":"wp","href":"https:\/\/api.w.org\/{rel}","templated":true}]}}