{"id":4929,"date":"2022-05-08T14:53:58","date_gmt":"2022-05-08T12:53:58","guid":{"rendered":"https:\/\/bekkalokket.no\/?page_id=4929"},"modified":"2022-12-04T14:12:44","modified_gmt":"2022-12-04T12:12:44","slug":"status-arets-fotograf-2022","status":"publish","type":"page","link":"https:\/\/bekkalokket.no\/index.php\/status-arets-fotograf-2022\/","title":{"rendered":"Status \u00e5rets fotograf 2022"},"content":{"rendered":"\n<figure class=\"wp-block-table\"><table><tbody><tr><td><strong>Plassering<\/strong><\/td><td><strong>Autor<\/strong><\/td><td><strong>NSFF V\u00e5r<\/strong><\/td><td><strong>Klubb V\u00e5r<\/strong><\/td><td><strong>NSFF h\u00f8st<\/strong><\/td><td><strong>Klubb h\u00f8st<\/strong><\/td><td><strong>Totalsum<\/strong><\/td><td><strong>Differanse<\/strong><\/td><\/tr><tr><td>1<\/td><td>Morten Tellefsen<\/td><td>16<\/td><td>19<\/td><td>13<\/td><td>26<\/td><td>74<\/td><td><\/td><\/tr><tr><td>2<\/td><td>Fredrick Thorsen<\/td><td>2<\/td><td>25<\/td><td>17<\/td><td>11<\/td><td>55<\/td><td>19<\/td><\/tr><tr><td>3<\/td><td>Gunnar Bye<\/td><td>8<\/td><td>14<\/td><td>6<\/td><td>17<\/td><td>45<\/td><td>10<\/td><\/tr><tr><td>4<\/td><td>Audun Nygaard<\/td><td>4<\/td><td>14<\/td><td>7<\/td><td>20<\/td><td>44<\/td><td>1<\/td><\/tr><tr><td>5<\/td><td>Asbj\u00f8rn M. Olsen<\/td><td>8<\/td><td>16<\/td><td>6<\/td><td>10<\/td><td>40<\/td><td>4<\/td><\/tr><tr><td>6<\/td><td>Roald Synnev\u00e5g<\/td><td>3<\/td><td>12<\/td><td>8<\/td><td>9<\/td><td>32<\/td><td>8<\/td><\/tr><tr><td>7<\/td><td>Eli S\u00f8rensen<\/td><td>&nbsp;<\/td><td>10<\/td><td>14<\/td><td>6<\/td><td>30<\/td><td>2<\/td><\/tr><tr><td>8<\/td><td>Arne Skinlo<\/td><td>&nbsp;<\/td><td><\/td><td>2<\/td><td>21<\/td><td>23<\/td><td>7<\/td><\/tr><tr><td><\/td><td>Espen Lossius<\/td><td>3<\/td><td>11<\/td><td><\/td><td>9<\/td><td>23<\/td><td>0<\/td><\/tr><tr><td>10<\/td><td>Arne Bergo<\/td><td>&nbsp;<\/td><td>10<\/td><td>4<\/td><td>7<\/td><td>21<\/td><td>2<\/td><\/tr><tr><td>11<\/td><td>Lars Sveen<\/td><td>1<\/td><td>9<\/td><td>3<\/td><td>5<\/td><td>18<\/td><td>3<\/td><\/tr><tr><td>12<\/td><td>Bj\u00f8rn Reidar Olsson<\/td><td>1<\/td><td>2<\/td><td>3<\/td><td>11<\/td><td>17<\/td><td>1<\/td><\/tr><tr><td><\/td><td>Veronika Ask Stuksrud<\/td><td>&nbsp;<\/td><td>4<\/td><td>3<\/td><td>10<\/td><td>17<\/td><td>0<\/td><\/tr><tr><td>14<\/td><td>Eli Johanne Stene<\/td><td>8<\/td><td>1<\/td><td>2<\/td><td>5<\/td><td>16<\/td><td>1<\/td><\/tr><tr><td>15<\/td><td>Irene Osberg<\/td><td>13<\/td><td><\/td><td>1<\/td><td>1<\/td><td>15<\/td><td>1<\/td><\/tr><tr><td><\/td><td>Knut Henrik Andersen<\/td><td>3<\/td><td>4<\/td><td>7<\/td><td>1<\/td><td>15<\/td><td>0<\/td><\/tr><tr><td>17<\/td><td>John Vint<\/td><td>4<\/td><td>5<\/td><td>2<\/td><td>3<\/td><td>14<\/td><td>1<\/td><\/tr><tr><td>18<\/td><td>Elisabeth Skogseth<\/td><td>&nbsp;<\/td><td>11<\/td><td>1<\/td><td>1<\/td><td>13<\/td><td>1<\/td><\/tr><tr><td>19<\/td><td>Bente Nedreb\u00f8<\/td><td>10<\/td><td>1<\/td><td><\/td><td>1<\/td><td>12<\/td><td>1<\/td><\/tr><tr><td><\/td><td>Merja Olsson<\/td><td>3<\/td><td>3<\/td><td>3<\/td><td>3<\/td><td>12<\/td><td>0<\/td><\/tr><tr><td>21<\/td><td>Astrid Bergo<\/td><td>1<\/td><td>2<\/td><td>4<\/td><td>3<\/td><td>10<\/td><td>2<\/td><\/tr><tr><td><\/td><td>Oddhild Lien<\/td><td>1<\/td><td><\/td><td>5<\/td><td>4<\/td><td>10<\/td><td>0<\/td><\/tr><tr><td>23<\/td><td>Kjell Eirik Irgens Henanger<\/td><td>2<\/td><td>1<\/td><td>3<\/td><td>2<\/td><td>8<\/td><td>2<\/td><\/tr><tr><td>24<\/td><td>Endre M. Lidal<\/td><td><\/td><td>4<\/td><td><\/td><td>3<\/td><td>7<\/td><td>1<\/td><\/tr><tr><td><\/td><td>Kari Mikalsen<\/td><td><\/td><td>3<\/td><td>2<\/td><td>2<\/td><td>7<\/td><td>0<\/td><\/tr><tr><td><\/td><td>Vibeke Seldal<\/td><td>1<\/td><td>1<\/td><td>2<\/td><td>3<\/td><td>7<\/td><td>0<\/td><\/tr><tr><td>27<\/td><td>Dag Magne Ulvang<\/td><td><\/td><td><\/td><td>4<\/td><td>1<\/td><td>5<\/td><td>2<\/td><\/tr><tr><td><\/td><td>Eva Virkesdal Eidsheim<\/td><td>1<\/td><td>4<\/td><td><\/td><td><\/td><td>5<\/td><td>0<\/td><\/tr><tr><td><\/td><td>Terje Rasmussen<\/td><td><\/td><td>1<\/td><td><\/td><td>4<\/td><td>5<\/td><td>0<\/td><\/tr><tr><td>30<\/td><td>Inge Solfjell<\/td><td><\/td><td><\/td><td><\/td><td>4<\/td><td>4<\/td><td>1<\/td><\/tr><tr><td>31<\/td><td>Anders Fotland<\/td><td><\/td><td><\/td><td>2<\/td><td>1<\/td><td>3<\/td><td>1<\/td><\/tr><tr><td><\/td><td>Frid Ellingsen<\/td><td>1<\/td><td><\/td><td>1<\/td><td>1<\/td><td>3<\/td><td>0<\/td><\/tr><tr><td><\/td><td>Roy Nybruket<\/td><td><\/td><td><\/td><td>2<\/td><td>1<\/td><td>3<\/td><td>0<\/td><\/tr><tr><td>34<\/td><td>Harald Dalseth<\/td><td><\/td><td><\/td><td>1<\/td><td>1<\/td><td>2<\/td><td>1<\/td><\/tr><tr><td><\/td><td>Helge Fagerlie Nilsen<\/td><td><\/td><td><\/td><td>2<\/td><td><\/td><td>2<\/td><td>0<\/td><\/tr><tr><td><\/td><td>Jim Hansen<\/td><td><\/td><td>2<\/td><td><\/td><td><\/td><td>2<\/td><td>0<\/td><\/tr><tr><td><\/td><td>Kristin Risa<\/td><td>2<\/td><td><\/td><td><\/td><td><\/td><td>2<\/td><td>0<\/td><\/tr><tr><td>38<\/td><td>Grethe Jorunn Sunnarvik<\/td><td><\/td><td>1<\/td><td><\/td><td><\/td><td>1<\/td><td>1<\/td><\/tr><tr><td><\/td><td>Siv-Anne Skogen<\/td><td><\/td><td><\/td><td><\/td><td>1<\/td><td>1<\/td><td>0<\/td><\/tr><\/tbody><\/table><\/figure>\n","protected":false},"excerpt":{"rendered":"<p>Plassering Autor NSFF V\u00e5r Klubb V\u00e5r NSFF h\u00f8st Klubb h\u00f8st Totalsum Differanse 1 Morten Tellefsen 16 19 13 26 74 2 Fredrick Thorsen 2 25 17 11 55 19 3 Gunnar Bye 8 14&#46;&#46;&#46;<\/p>\n","protected":false},"author":2,"featured_media":0,"parent":0,"menu_order":0,"comment_status":"closed","ping_status":"closed","template":"","meta":{"footnotes":""},"class_list":["post-4929","page","type-page","status-publish","hentry"],"yoast_head":"<!-- This site is optimized with the Yoast SEO plugin v27.5 - https:\/\/yoast.com\/product\/yoast-seo-wordpress\/ -->\n<title>Status \u00e5rets fotograf 2022 - Bekkalokket Fotoklubb<\/title>\n<meta name=\"robots\" content=\"index, follow, max-snippet:-1, max-image-preview:large, max-video-preview:-1\" \/>\n<link rel=\"canonical\" href=\"https:\/\/bekkalokket.no\/index.php\/status-arets-fotograf-2022\/\" \/>\n<meta property=\"og:locale\" content=\"nb_NO\" \/>\n<meta property=\"og:type\" content=\"article\" \/>\n<meta property=\"og:title\" content=\"Status \u00e5rets fotograf 2022 - Bekkalokket Fotoklubb\" \/>\n<meta property=\"og:description\" content=\"Plassering Autor NSFF V\u00e5r Klubb V\u00e5r NSFF h\u00f8st Klubb h\u00f8st Totalsum Differanse 1 Morten Tellefsen 16 19 13 26 74 2 Fredrick Thorsen 2 25 17 11 55 19 3 Gunnar Bye 8 14&#046;&#046;&#046;\" \/>\n<meta property=\"og:url\" content=\"https:\/\/bekkalokket.no\/index.php\/status-arets-fotograf-2022\/\" \/>\n<meta property=\"og:site_name\" content=\"Bekkalokket Fotoklubb\" \/>\n<meta property=\"article:modified_time\" content=\"2022-12-04T12:12:44+00:00\" \/>\n<meta name=\"twitter:card\" content=\"summary_large_image\" \/>\n<meta name=\"twitter:label1\" content=\"Ansl. lesetid\" \/>\n\t<meta name=\"twitter:data1\" content=\"2 minutter\" \/>\n<script type=\"application\/ld+json\" class=\"yoast-schema-graph\">{\"@context\":\"https:\\\/\\\/schema.org\",\"@graph\":[{\"@type\":\"WebPage\",\"@id\":\"https:\\\/\\\/bekkalokket.no\\\/index.php\\\/status-arets-fotograf-2022\\\/\",\"url\":\"https:\\\/\\\/bekkalokket.no\\\/index.php\\\/status-arets-fotograf-2022\\\/\",\"name\":\"Status \u00e5rets fotograf 2022 - Bekkalokket Fotoklubb\",\"isPartOf\":{\"@id\":\"https:\\\/\\\/bekkalokket.no\\\/#website\"},\"datePublished\":\"2022-05-08T12:53:58+00:00\",\"dateModified\":\"2022-12-04T12:12:44+00:00\",\"breadcrumb\":{\"@id\":\"https:\\\/\\\/bekkalokket.no\\\/index.php\\\/status-arets-fotograf-2022\\\/#breadcrumb\"},\"inLanguage\":\"nb-NO\",\"potentialAction\":[{\"@type\":\"ReadAction\",\"target\":[\"https:\\\/\\\/bekkalokket.no\\\/index.php\\\/status-arets-fotograf-2022\\\/\"]}]},{\"@type\":\"BreadcrumbList\",\"@id\":\"https:\\\/\\\/bekkalokket.no\\\/index.php\\\/status-arets-fotograf-2022\\\/#breadcrumb\",\"itemListElement\":[{\"@type\":\"ListItem\",\"position\":1,\"name\":\"Home\",\"item\":\"https:\\\/\\\/bekkalokket.no\\\/\"},{\"@type\":\"ListItem\",\"position\":2,\"name\":\"Status \u00e5rets fotograf 2022\"}]},{\"@type\":\"WebSite\",\"@id\":\"https:\\\/\\\/bekkalokket.no\\\/#website\",\"url\":\"https:\\\/\\\/bekkalokket.no\\\/\",\"name\":\"Bekkalokket Fotoklubb\",\"description\":\"En sosial og aktiv fotoklubb i Bergen\",\"potentialAction\":[{\"@type\":\"SearchAction\",\"target\":{\"@type\":\"EntryPoint\",\"urlTemplate\":\"https:\\\/\\\/bekkalokket.no\\\/?s={search_term_string}\"},\"query-input\":{\"@type\":\"PropertyValueSpecification\",\"valueRequired\":true,\"valueName\":\"search_term_string\"}}],\"inLanguage\":\"nb-NO\"}]}<\/script>\n<!-- \/ Yoast SEO plugin. -->","yoast_head_json":{"title":"Status \u00e5rets fotograf 2022 - Bekkalokket Fotoklubb","robots":{"index":"index","follow":"follow","max-snippet":"max-snippet:-1","max-image-preview":"max-image-preview:large","max-video-preview":"max-video-preview:-1"},"canonical":"https:\/\/bekkalokket.no\/index.php\/status-arets-fotograf-2022\/","og_locale":"nb_NO","og_type":"article","og_title":"Status \u00e5rets fotograf 2022 - Bekkalokket Fotoklubb","og_description":"Plassering Autor NSFF V\u00e5r Klubb V\u00e5r NSFF h\u00f8st Klubb h\u00f8st Totalsum Differanse 1 Morten Tellefsen 16 19 13 26 74 2 Fredrick Thorsen 2 25 17 11 55 19 3 Gunnar Bye 8 14&#46;&#46;&#46;","og_url":"https:\/\/bekkalokket.no\/index.php\/status-arets-fotograf-2022\/","og_site_name":"Bekkalokket Fotoklubb","article_modified_time":"2022-12-04T12:12:44+00:00","twitter_card":"summary_large_image","twitter_misc":{"Ansl. lesetid":"2 minutter"},"schema":{"@context":"https:\/\/schema.org","@graph":[{"@type":"WebPage","@id":"https:\/\/bekkalokket.no\/index.php\/status-arets-fotograf-2022\/","url":"https:\/\/bekkalokket.no\/index.php\/status-arets-fotograf-2022\/","name":"Status \u00e5rets fotograf 2022 - Bekkalokket Fotoklubb","isPartOf":{"@id":"https:\/\/bekkalokket.no\/#website"},"datePublished":"2022-05-08T12:53:58+00:00","dateModified":"2022-12-04T12:12:44+00:00","breadcrumb":{"@id":"https:\/\/bekkalokket.no\/index.php\/status-arets-fotograf-2022\/#breadcrumb"},"inLanguage":"nb-NO","potentialAction":[{"@type":"ReadAction","target":["https:\/\/bekkalokket.no\/index.php\/status-arets-fotograf-2022\/"]}]},{"@type":"BreadcrumbList","@id":"https:\/\/bekkalokket.no\/index.php\/status-arets-fotograf-2022\/#breadcrumb","itemListElement":[{"@type":"ListItem","position":1,"name":"Home","item":"https:\/\/bekkalokket.no\/"},{"@type":"ListItem","position":2,"name":"Status \u00e5rets fotograf 2022"}]},{"@type":"WebSite","@id":"https:\/\/bekkalokket.no\/#website","url":"https:\/\/bekkalokket.no\/","name":"Bekkalokket Fotoklubb","description":"En sosial og aktiv fotoklubb i Bergen","potentialAction":[{"@type":"SearchAction","target":{"@type":"EntryPoint","urlTemplate":"https:\/\/bekkalokket.no\/?s={search_term_string}"},"query-input":{"@type":"PropertyValueSpecification","valueRequired":true,"valueName":"search_term_string"}}],"inLanguage":"nb-NO"}]}},"_links":{"self":[{"href":"https:\/\/bekkalokket.no\/index.php\/wp-json\/wp\/v2\/pages\/4929","targetHints":{"allow":["GET"]}}],"collection":[{"href":"https:\/\/bekkalokket.no\/index.php\/wp-json\/wp\/v2\/pages"}],"about":[{"href":"https:\/\/bekkalokket.no\/index.php\/wp-json\/wp\/v2\/types\/page"}],"author":[{"embeddable":true,"href":"https:\/\/bekkalokket.no\/index.php\/wp-json\/wp\/v2\/users\/2"}],"replies":[{"embeddable":true,"href":"https:\/\/bekkalokket.no\/index.php\/wp-json\/wp\/v2\/comments?post=4929"}],"version-history":[{"count":4,"href":"https:\/\/bekkalokket.no\/index.php\/wp-json\/wp\/v2\/pages\/4929\/revisions"}],"predecessor-version":[{"id":5400,"href":"https:\/\/bekkalokket.no\/index.php\/wp-json\/wp\/v2\/pages\/4929\/revisions\/5400"}],"wp:attachment":[{"href":"https:\/\/bekkalokket.no\/index.php\/wp-json\/wp\/v2\/media?parent=4929"}],"curies":[{"name":"wp","href":"https:\/\/api.w.org\/{rel}","templated":true}]}}