{"id":5081,"date":"2022-06-01T15:41:35","date_gmt":"2022-06-01T13:41:35","guid":{"rendered":"https:\/\/bekkalokket.no\/?page_id=5081"},"modified":"2022-09-19T20:30:47","modified_gmt":"2022-09-19T18:30:47","slug":"lightroom-optimalt-diskoppsett","status":"publish","type":"page","link":"https:\/\/bekkalokket.no\/index.php\/lightroom-optimalt-diskoppsett\/","title":{"rendered":"Lightroom &#8211; optimalt diskoppsett"},"content":{"rendered":"\n<h2 class=\"wp-block-heading\">Innledning<\/h2>\n\n\n\n<blockquote class=\"wp-block-quote is-layout-flow wp-block-quote-is-layout-flow\"><p>Advarsel dette er kanskje i overkant teknisk, men ta kontakt med forfatter, om du \u00f8nsker utdyping eller forklaring.<\/p><\/blockquote>\n\n\n\n<p>Om man har laptop eller stasjon\u00e6r maskin, MacOs eller Windows, s\u00e5 m\u00e5 man gj\u00f8r noen valg p\u00e5 plassering av bilder og database.<\/p>\n\n\n\n<p>Bildene anbefaler vi \u00e5 ha samle under EN mappe p\u00e5 EN disk. Om disken g\u00e5r full, kj\u00f8per man en st\u00f8rre og overf\u00f8re ALLE bildene til den ny. Hvorfor? Fordi da er det enklere \u00e5 ta sikkerhetskopi, siden man kun trenger \u00e5 ta med en mappe m\/undermapper for \u00e5 sikre seg.<\/p>\n\n\n\n<p>Databasen som ogs\u00e5 er veldig viktig \u00e5 ha sikkerhetskopi av, kan plasseres p\u00e5 en annen disk, om \u00f8nskelig, men det er ikke sikkert at det hastighetsmessig gir veldig store fordeler \u00e5 splitte disse. Det kommer litt an p\u00e5 hvilken disk man velger.<\/p>\n\n\n\n<p>Mappen med databasen kan bli stor, da det ogs\u00e5 kommer en &#8220;preview-mappe&#8221; og en &#8220;smart preview-mappe&#8221; og disse blir fort store om databasen inneholder mye bilder. Mer om disse mappene senere.<\/p>\n\n\n\n<h2 class=\"wp-block-heading\">Hvilke disk valg har man<\/h2>\n\n\n\n<p>Vi har i dag prim\u00e6rt 3 typer lagringsmedium til v\u00e5re datamaskiner(og hver av disse har forskjellige hastigheter) Det blir litt teknisk, men hold ut.<\/p>\n\n\n\n<ul class=\"wp-block-list\"><li>nvme m.2 ssd<ul><li>Dette er den raskeste typen og man finner den typisk i nyere maskiner som disk for operativsystemet. <\/li><li>Disse kan v\u00e6re vanvittig raske.<\/li><li>Ingen bevegelige deler, og t\u00e5ler mye juling<\/li><li>de blir ikke treigere etter lang tids bruk<\/li><li>De er 5-12 ganger raskere enn klassisk SSD<\/li><li>De kommer i st\u00f8rrelser opp til 2 TB, (Apple f\u00e5r du opp i 8TB)<\/li><\/ul><\/li><li>SSD<ul><li>Dette er forrige generasjon rask disk<\/li><li>De er 3-5 ganger raskere enn en spinnedisk<\/li><li>Ingen bevegelige deler<\/li><li>De blir ikke treigere etter lang tids bruk<\/li><li>Kommer i st\u00f8rrelser opp til 8TB, og 4 TB ligger p\u00e5 mai 2022 p\u00e5 ca 4000,- <\/li><\/ul><\/li><li>Spinnedisk<ul><li>Dette er den klassiske disken, der plater snurrer rundt.<\/li><li>De er ikke raske, men de er store og prisen per Gigabyte lagring er lav.<\/li><li>De t\u00e5ler ikke mye juling, selv om de har navn som rugged og har orange gummi. <\/li><li>G\u00e5r de gulvet er det stor sannsynlighet for at de blir \u00f8delagt, s\u00e6rlig om de er i drift n\u00e5r de faller.<\/li><li>De krever vedlikehold(defragmentering) for ikke \u00e5 bli treigere etter mye bruk<\/li><li>Kommer i st\u00f8rrelser opp rundt 20TB og disse koster mellom 5000-6500 per mai 2022<\/li><li>4TB koster mellom 900-5000. De dyre er laget for \u00e5 v\u00e6re skrudd p\u00e5 24\/7. <\/li><\/ul><\/li><\/ul>\n\n\n\n<p>Har du en stasjon\u00e6r maskin, kan diskene v\u00e6re inne i kabinett og man f\u00e5r ofte en raskere kobling. Har man laptop, s\u00e5 m\u00e5 disken kobles til via usb\/thunderbolt, og da b\u00f8r man velge minimum usb3 for SSD og Spinnedisker, og USB3 gen 2 eller aller helst USB4\/Thunderbolt 4 for nvme-disker. <\/p>\n\n\n\n<p>Har du nettverk hjemme, s\u00e5 kan det v\u00e6re at du tenker p\u00e5 \u00e5 bruke en NAS, som er er en nettverksserver med mange disker. De er ideele til backup, og &#8220;fjernlagring&#8221;, men til dette form\u00e5let blir det for treige, med mindre du har 10gbit nettverk, og det er det sv\u00e6rt f\u00e5 som har.<\/p>\n\n\n\n<h2 class=\"wp-block-heading\">Oppsummering<\/h2>\n\n\n\n<p>For \u00e5 finne ut hvordan man optimalt skal ha LR Classic oppsettet har jeg gjort noen tester. Tabell under slik at du selv kan gj\u00f8re dine vurderinger.<\/p>\n\n\n\n<p>Det raskeste er \u00e5 ha alt p\u00e5 interndisken, men den vil trolig aldri ha plass til alle bildene, og om du velger \u00e5 kj\u00f8pe datamaskinen med en stor nok interndisk, s\u00e5 kommer disken til \u00e5 koste mange ganger mer enn du har lyst \u00e5 betale. Tro du meg.<\/p>\n\n\n\n<p>Det mange gj\u00f8r er \u00e5 ha LR databasen p\u00e5 interndisken, og bildene p\u00e5 en ekstern disk, og det gir et veldig bra kompromiss, men om du skal komme n\u00e6r hastigheten av \u00e5 ha alt p\u00e5 interndisken, s\u00e5 b\u00f8r disk 2 v\u00e6r av typen SSD, og ikke spinnedisk.<\/p>\n\n\n\n<p>G\u00e5r du tom for plass p\u00e5 interndisken, s\u00e5 b\u00f8r du kj\u00f8re alt p\u00e5 en SSD for \u00e5 ikke begynne \u00e5 miste ytelse.<\/p>\n\n\n\n<p>\u00c5 ha alt p\u00e5 en spinnedisk, ville jeg nok fors\u00f8ke \u00e5 unng\u00e5. Sett i s\u00e5 fall opp en spareplan, slik at du p\u00e5 sikt f\u00e5r r\u00e5d til en SSD til alt. \ud83d\ude09 <\/p>\n\n\n\n<h2 class=\"wp-block-heading\">Tabell med mine m\u00e5linger<\/h2>\n\n\n\n<figure class=\"wp-block-table is-style-stripes\"><table><tbody><tr><td><strong>Konfigurasjon<\/strong><\/td><td><strong>&nbsp;<\/strong><\/td><td><strong>Standard size preview<\/strong><\/td><td><strong>&nbsp;<\/strong><\/td><td><strong>&nbsp;<\/strong><\/td><td><strong>1:1 preview<\/strong><\/td><td><strong>&nbsp;<\/strong><\/td><td><strong>&nbsp;<\/strong><\/td><td><strong>Export full size jpg til samme disk som bildene,&nbsp; &#8211; 1;1 preview slettet f\u00f8rst<\/strong><\/td><td><strong>&nbsp;<\/strong><\/td><td><strong>&nbsp;<\/strong><\/td><td><strong>Export full size jpg til samme disk som bildene, uten \u00e5 ha slettet 1:1 preview<\/strong><\/td><td><strong>&nbsp;<\/strong><\/td><\/tr><tr><td>&nbsp;<\/td><td>Tid brukt<\/td><td>Tid brukt per bilde<\/td><td>Tid i minutter om det hadde v\u00e6rt 1000 bilder (interpolert)<\/td><td>Tid brukt<\/td><td>Tid brukt per bilde<\/td><td>Tid i minutter om det hadde v\u00e6rt 1000 bilder (interpolert)<\/td><td>Tid brukt<\/td><td>Tid brukt per bilde<\/td><td>Tid i minutter om det hadde v\u00e6rt 1000 bilder (interpolert)<\/td><td>Tid brukt<\/td><td>Tid brukt per bilde<\/td><td>Tid i minutter om det hadde v\u00e6rt 1000 bilder (interpolert)<\/td><\/tr><tr><td><strong>Bilder og LR database p\u00e5 interndisk<\/strong><\/td><td>1<\/td><td>0,02<\/td><td>0,33<\/td><td>71<\/td><td>1,42<\/td><td>23,67<\/td><td>70<\/td><td>1,4<\/td><td>23,33<\/td><td>&nbsp;<\/td><td>&nbsp;<\/td><td>&nbsp;<\/td><\/tr><tr><td><strong>Bilder og LR database p\u00e5 usb 3 ssd<\/strong><\/td><td>15<\/td><td>0,3<\/td><td>5<\/td><td>82<\/td><td>1,64<\/td><td>27,33<\/td><td>73<\/td><td>1,46<\/td><td>24,33<\/td><td>73<\/td><td>1,46<\/td><td>24,33<\/td><\/tr><tr><td><strong>Bilder p\u00e5 USB3 SSD og LR database p\u00e5 interndisk<\/strong><\/td><td>5<\/td><td>0,1<\/td><td>1,67<\/td><td>82<\/td><td>1,64<\/td><td>27,33<\/td><td>77<\/td><td>1,54<\/td><td>25,67<\/td><td>74<\/td><td>1,48<\/td><td>24,67<\/td><\/tr><tr><td><strong>Bilder og LR database p\u00e5 usb3 spinnedisk<\/strong><\/td><td>26<\/td><td>0,52<\/td><td>8,67<\/td><td>91<\/td><td>1,82<\/td><td>30,33<\/td><td>82<\/td><td>1,64<\/td><td>27,33<\/td><td>79<\/td><td>1,58<\/td><td>26,33<\/td><\/tr><\/tbody><\/table><figcaption><strong>Alle tider oppgitt i sekunder med unntak av interpolerte verdier de er i minutter <br>Det er brukt 50 bilder fra D800 36 mpix og alle bildene har redigeringer<\/strong><\/figcaption><\/figure>\n\n\n\n<p>Opprettet 01.06.2022 av Tom Jarane<\/p>\n\n\n\n<p> <\/p>\n","protected":false},"excerpt":{"rendered":"<p>Innledning Advarsel dette er kanskje i overkant teknisk, men ta kontakt med forfatter, om du \u00f8nsker utdyping eller forklaring. Om man har laptop eller stasjon\u00e6r maskin, MacOs eller Windows, s\u00e5 m\u00e5 man gj\u00f8r noen&#46;&#46;&#46;<\/p>\n","protected":false},"author":2,"featured_media":0,"parent":0,"menu_order":0,"comment_status":"closed","ping_status":"closed","template":"","meta":{"footnotes":""},"class_list":["post-5081","page","type-page","status-publish","hentry"],"yoast_head":"<!-- This site is optimized with the Yoast SEO plugin v27.4 - https:\/\/yoast.com\/product\/yoast-seo-wordpress\/ -->\n<title>Lightroom - optimalt diskoppsett | Bekkalokket Fotoklubb | Blogg<\/title>\n<meta name=\"description\" content=\"Hvordan velger du det korrekte diskoppsettet for optimal hastighet p\u00e5 Adobe Lightroom Classic. Vi har gjort tester se tabell!\" \/>\n<meta name=\"robots\" content=\"index, follow, max-snippet:-1, max-image-preview:large, max-video-preview:-1\" \/>\n<link rel=\"canonical\" href=\"https:\/\/bekkalokket.no\/index.php\/lightroom-optimalt-diskoppsett\/\" \/>\n<meta property=\"og:locale\" content=\"nb_NO\" \/>\n<meta property=\"og:type\" content=\"article\" \/>\n<meta property=\"og:title\" content=\"Lightroom - optimalt diskoppsett | Bekkalokket Fotoklubb | Blogg\" \/>\n<meta property=\"og:description\" content=\"Hvordan velger du det korrekte diskoppsettet for optimal hastighet p\u00e5 Adobe Lightroom Classic. Vi har gjort tester se tabell!\" \/>\n<meta property=\"og:url\" content=\"https:\/\/bekkalokket.no\/index.php\/lightroom-optimalt-diskoppsett\/\" \/>\n<meta property=\"og:site_name\" content=\"Bekkalokket Fotoklubb\" \/>\n<meta property=\"article:modified_time\" content=\"2022-09-19T18:30:47+00:00\" \/>\n<meta name=\"twitter:card\" content=\"summary_large_image\" \/>\n<meta name=\"twitter:label1\" content=\"Ansl. lesetid\" \/>\n\t<meta name=\"twitter:data1\" content=\"5 minutter\" \/>\n<script type=\"application\/ld+json\" class=\"yoast-schema-graph\">{\"@context\":\"https:\\\/\\\/schema.org\",\"@graph\":[{\"@type\":\"WebPage\",\"@id\":\"https:\\\/\\\/bekkalokket.no\\\/index.php\\\/lightroom-optimalt-diskoppsett\\\/\",\"url\":\"https:\\\/\\\/bekkalokket.no\\\/index.php\\\/lightroom-optimalt-diskoppsett\\\/\",\"name\":\"Lightroom - optimalt diskoppsett | Bekkalokket Fotoklubb | Blogg\",\"isPartOf\":{\"@id\":\"https:\\\/\\\/bekkalokket.no\\\/#website\"},\"datePublished\":\"2022-06-01T13:41:35+00:00\",\"dateModified\":\"2022-09-19T18:30:47+00:00\",\"description\":\"Hvordan velger du det korrekte diskoppsettet for optimal hastighet p\u00e5 Adobe Lightroom Classic. Vi har gjort tester se tabell!\",\"breadcrumb\":{\"@id\":\"https:\\\/\\\/bekkalokket.no\\\/index.php\\\/lightroom-optimalt-diskoppsett\\\/#breadcrumb\"},\"inLanguage\":\"nb-NO\",\"potentialAction\":[{\"@type\":\"ReadAction\",\"target\":[\"https:\\\/\\\/bekkalokket.no\\\/index.php\\\/lightroom-optimalt-diskoppsett\\\/\"]}]},{\"@type\":\"BreadcrumbList\",\"@id\":\"https:\\\/\\\/bekkalokket.no\\\/index.php\\\/lightroom-optimalt-diskoppsett\\\/#breadcrumb\",\"itemListElement\":[{\"@type\":\"ListItem\",\"position\":1,\"name\":\"Home\",\"item\":\"https:\\\/\\\/bekkalokket.no\\\/\"},{\"@type\":\"ListItem\",\"position\":2,\"name\":\"Lightroom &#8211; optimalt diskoppsett\"}]},{\"@type\":\"WebSite\",\"@id\":\"https:\\\/\\\/bekkalokket.no\\\/#website\",\"url\":\"https:\\\/\\\/bekkalokket.no\\\/\",\"name\":\"Bekkalokket Fotoklubb\",\"description\":\"En sosial og aktiv fotoklubb i Bergen\",\"potentialAction\":[{\"@type\":\"SearchAction\",\"target\":{\"@type\":\"EntryPoint\",\"urlTemplate\":\"https:\\\/\\\/bekkalokket.no\\\/?s={search_term_string}\"},\"query-input\":{\"@type\":\"PropertyValueSpecification\",\"valueRequired\":true,\"valueName\":\"search_term_string\"}}],\"inLanguage\":\"nb-NO\"}]}<\/script>\n<!-- \/ Yoast SEO plugin. -->","yoast_head_json":{"title":"Lightroom - optimalt diskoppsett | Bekkalokket Fotoklubb | Blogg","description":"Hvordan velger du det korrekte diskoppsettet for optimal hastighet p\u00e5 Adobe Lightroom Classic. Vi har gjort tester se tabell!","robots":{"index":"index","follow":"follow","max-snippet":"max-snippet:-1","max-image-preview":"max-image-preview:large","max-video-preview":"max-video-preview:-1"},"canonical":"https:\/\/bekkalokket.no\/index.php\/lightroom-optimalt-diskoppsett\/","og_locale":"nb_NO","og_type":"article","og_title":"Lightroom - optimalt diskoppsett | Bekkalokket Fotoklubb | Blogg","og_description":"Hvordan velger du det korrekte diskoppsettet for optimal hastighet p\u00e5 Adobe Lightroom Classic. Vi har gjort tester se tabell!","og_url":"https:\/\/bekkalokket.no\/index.php\/lightroom-optimalt-diskoppsett\/","og_site_name":"Bekkalokket Fotoklubb","article_modified_time":"2022-09-19T18:30:47+00:00","twitter_card":"summary_large_image","twitter_misc":{"Ansl. lesetid":"5 minutter"},"schema":{"@context":"https:\/\/schema.org","@graph":[{"@type":"WebPage","@id":"https:\/\/bekkalokket.no\/index.php\/lightroom-optimalt-diskoppsett\/","url":"https:\/\/bekkalokket.no\/index.php\/lightroom-optimalt-diskoppsett\/","name":"Lightroom - optimalt diskoppsett | Bekkalokket Fotoklubb | Blogg","isPartOf":{"@id":"https:\/\/bekkalokket.no\/#website"},"datePublished":"2022-06-01T13:41:35+00:00","dateModified":"2022-09-19T18:30:47+00:00","description":"Hvordan velger du det korrekte diskoppsettet for optimal hastighet p\u00e5 Adobe Lightroom Classic. Vi har gjort tester se tabell!","breadcrumb":{"@id":"https:\/\/bekkalokket.no\/index.php\/lightroom-optimalt-diskoppsett\/#breadcrumb"},"inLanguage":"nb-NO","potentialAction":[{"@type":"ReadAction","target":["https:\/\/bekkalokket.no\/index.php\/lightroom-optimalt-diskoppsett\/"]}]},{"@type":"BreadcrumbList","@id":"https:\/\/bekkalokket.no\/index.php\/lightroom-optimalt-diskoppsett\/#breadcrumb","itemListElement":[{"@type":"ListItem","position":1,"name":"Home","item":"https:\/\/bekkalokket.no\/"},{"@type":"ListItem","position":2,"name":"Lightroom &#8211; optimalt diskoppsett"}]},{"@type":"WebSite","@id":"https:\/\/bekkalokket.no\/#website","url":"https:\/\/bekkalokket.no\/","name":"Bekkalokket Fotoklubb","description":"En sosial og aktiv fotoklubb i Bergen","potentialAction":[{"@type":"SearchAction","target":{"@type":"EntryPoint","urlTemplate":"https:\/\/bekkalokket.no\/?s={search_term_string}"},"query-input":{"@type":"PropertyValueSpecification","valueRequired":true,"valueName":"search_term_string"}}],"inLanguage":"nb-NO"}]}},"_links":{"self":[{"href":"https:\/\/bekkalokket.no\/index.php\/wp-json\/wp\/v2\/pages\/5081","targetHints":{"allow":["GET"]}}],"collection":[{"href":"https:\/\/bekkalokket.no\/index.php\/wp-json\/wp\/v2\/pages"}],"about":[{"href":"https:\/\/bekkalokket.no\/index.php\/wp-json\/wp\/v2\/types\/page"}],"author":[{"embeddable":true,"href":"https:\/\/bekkalokket.no\/index.php\/wp-json\/wp\/v2\/users\/2"}],"replies":[{"embeddable":true,"href":"https:\/\/bekkalokket.no\/index.php\/wp-json\/wp\/v2\/comments?post=5081"}],"version-history":[{"count":2,"href":"https:\/\/bekkalokket.no\/index.php\/wp-json\/wp\/v2\/pages\/5081\/revisions"}],"predecessor-version":[{"id":5084,"href":"https:\/\/bekkalokket.no\/index.php\/wp-json\/wp\/v2\/pages\/5081\/revisions\/5084"}],"wp:attachment":[{"href":"https:\/\/bekkalokket.no\/index.php\/wp-json\/wp\/v2\/media?parent=5081"}],"curies":[{"name":"wp","href":"https:\/\/api.w.org\/{rel}","templated":true}]}}