{"id":5367,"date":"2022-12-01T21:26:10","date_gmt":"2022-12-01T19:26:10","guid":{"rendered":"https:\/\/bekkalokket.no\/?page_id=5367"},"modified":"2026-01-29T15:19:51","modified_gmt":"2026-01-29T13:19:51","slug":"presentasjon-av-klubbprosjektet-rod-trad","status":"publish","type":"page","link":"https:\/\/bekkalokket.no\/index.php\/presentasjon-av-klubbprosjektet-rod-trad\/","title":{"rendered":"Presentasjon av klubbprosjektet R\u00f8d Tr\u00e5d"},"content":{"rendered":"\n<h2 class=\"wp-block-heading\">Bekkalokket`s klubbprosjekt &#8220;R\u00e5d Tr\u00e5d&#8221;<\/h2>\n\n\n\n<p>Som et fellesprosjekt har klubben kj\u00f8pt inn &#8220;en rull&#8221; med r\u00f8d tr\u00e5d. Denne &#8220;r\u00f8de linjen&#8221; skal g\u00e5 gjennom alle bildene p\u00e5 dette prosjektet. MEN &#8230; for at vi skulle f\u00e5 en viss grad av kontroll i prosjektet m\u00e5tte vi ha noen &#8220;kj\u00f8reregler&#8221;. Da blir alltid sluttresultatet best mulig. <\/p>\n\n\n\n<p>Denne spennende utfordringen bringer sammen lidenskapelige fotografer fra alle niv\u00e5er og bakgrunner  med &#8220;en r\u00f8d&#8221; tr\u00e5d som bokstavelig talt som binder oss sammen.<\/p>\n\n\n\n<p>Engasjement i ulike fotoprosjekter i Bekkalokket Fotoklubb er en unik mulighet for v\u00e5re medlemmer til \u00e5 utforske sine kreative grenser, og dele sin lidenskap for fotografi gjennom et samlet prosjekt.<\/p>\n\n\n\n<h3 class=\"wp-block-heading\">Den r\u00f8de tr\u00e5den i klubbprosjektet v\u00e5rt<\/h3>\n\n\n\n<p>Med en rull med r\u00f8d tr\u00e5d som v\u00e5r guide har hver enkelt fotograf f\u00e5tt friheten til \u00e5 velge sitt eget motiv og tolking.<\/p>\n\n\n\n<p>Totalt har 16 fotografer deltatt i klubbprosjektet med 29 bilder.<\/p>\n\n\n\n<p>Resultatet? &#8230;  En kreativ og flott sammensetning av ulike fotografier med forskjellige perspektiver og historier. Alle sammenkoblet av v\u00e5r felles tr\u00e5d. <\/p>\n\n\n\n<p>Se for deg et lerret hvor hvert bilde er et penselstr\u00f8k, og v\u00e5r r\u00f8de tr\u00e5d er det b\u00e6rende elementet som binder dem sammen i et unikt kunstverk av samhold og kreativitet.<\/p>\n\n\n\n<div style=\"height:47px\" aria-hidden=\"true\" class=\"wp-block-spacer\"><\/div>\n\n\n\n<figure class=\"wp-block-embed is-type-video is-provider-youtube wp-block-embed-youtube wp-embed-aspect-16-9 wp-has-aspect-ratio\"><div class=\"wp-block-embed__wrapper\">\n<div class=\"video-container\"><iframe loading=\"lazy\" title=\"Presentasjon av klubbprosjektet R\u00f8d tr\u00e5d\" width=\"500\" height=\"281\" src=\"https:\/\/www.youtube.com\/embed\/0ua6wasc8Oo?feature=oembed&#038;wmode=opaque\" frameborder=\"0\" allow=\"accelerometer; autoplay; clipboard-write; encrypted-media; gyroscope; picture-in-picture; web-share\" referrerpolicy=\"strict-origin-when-cross-origin\" allowfullscreen><\/iframe><\/div>\n<\/div><\/figure>\n\n\n\n<div style=\"height:47px\" aria-hidden=\"true\" class=\"wp-block-spacer\"><\/div>\n\n\n\n<h2 class=\"wp-block-heading\">Hvorfor delta i ulike fotosprosjekter som &#8220;R\u00f8d Tr\u00e5d&#8221;?<\/h2>\n\n\n\n<p>Deltagelse i felles fotoprosjekter handler ikke bare om \u00e5 ta \u00e5 fotografere. Det handler om \u00e5 v\u00e6re en del av noe st\u00f8rre.<\/p>\n\n\n\n<p>Fellesskapsprosjektet som &#8220;R\u00f8d Tr\u00e5d&#8221; gir ikke bare inspirasjon og motivasjon til \u00e5 utforske nye ideer og teknikker, men det fremmer ogs\u00e5 samhold, l\u00e6ring og vekst som fotografer. Gjennom samarbeid og deling av erfaringer kan vi alle utvikle v\u00e5re ferdigheter og lidenskaper til nye mer og bedre.<\/p>\n\n\n\n<p><\/p>\n\n\n\n<h3 class=\"wp-block-heading\">Bli med p\u00e5 v\u00e5rt neste klubbprosjekt <\/h3>\n\n\n\n<p>Delta i en spennende reise i objektivets linse, og oppdag det unike i felleskapet hos Bekkalolokket Fotoklubb.<\/p>\n\n\n\n<p>Fotoprosjekter kan v\u00e6re en flott mulighet for nye medlemmer til \u00e5 utforske sin interesse for fotografering, og l\u00e6re ferdigheter sammen med andre bekkalokkere. <\/p>\n\n\n\n<p>\u00c5 delta i ulike fotoprosjekter kan v\u00e6re veldig berikende som fotograf p\u00e5 mange m\u00e5ter. Alt hander om det \u00e5 skape et inkluderende foto &#8211; og filmmilj\u00f8 der alle medlemmer kan f\u00f8le seg velkommen, og oppfordret til \u00e5 utforske sin lidenskap for fotografi &#8211; og videofilming, uavhengig av erfaring og utstyr.<\/p>\n\n\n\n<p>Her er noen konkrete ting du kan l\u00e6re:<\/p>\n\n\n\n<ul class=\"wp-block-list\">\n<li>Kreativ utforsking<\/li>\n\n\n\n<li>Tekniske ferdigheter<\/li>\n\n\n\n<li>Historiefortelling<\/li>\n\n\n\n<li>Samhandling og samarbeid<\/li>\n\n\n\n<li>Selvutvikling<\/li>\n<\/ul>\n\n\n\n<p>Alt i alt kan deltagelse i fotoprosjekter v\u00e6re verdifull l\u00e6ringsopplevelse, som kan bidra til at du blir en enda mer erfaren, kreativ og dyktig fotograf.<\/p>\n\n\n\n<p><a href=\"https:\/\/bekkalokket.no\/index.php\/utstillinger-og-prosjekter\/\" target=\"_blank\" rel=\"noreferrer noopener\">V\u00e5re prosjekter og utstillinger<\/a><\/p>\n\n\n\n<p><a href=\"https:\/\/bekkalokket.no\/index.php\/bli-medlem-i-bekkalokket-fotoklubb\/\" target=\"_blank\" rel=\"noreferrer noopener\">Bli medlem<\/a><\/p>\n\n\n\n<p><a href=\"https:\/\/nsff.no\/norsk-selskap-for-fotografi-fellesskap-for-norske-film-og-fotoklubber\/\" target=\"_blank\" rel=\"noreferrer noopener\">Enkeltmedlemmers fordeler via NSFF(Norsk Selskap for Fotografi)<\/a><\/p>\n\n\n\n<h3 class=\"wp-block-heading\"><\/h3>\n","protected":false},"excerpt":{"rendered":"<p>Bekkalokket`s klubbprosjekt &#8220;R\u00e5d Tr\u00e5d&#8221; Som et fellesprosjekt har klubben kj\u00f8pt inn &#8220;en rull&#8221; med r\u00f8d tr\u00e5d. Denne &#8220;r\u00f8de linjen&#8221; skal g\u00e5 gjennom alle bildene p\u00e5 dette prosjektet. MEN &#8230; for at vi skulle f\u00e5&#46;&#46;&#46;<\/p>\n","protected":false},"author":2,"featured_media":7578,"parent":0,"menu_order":-2,"comment_status":"closed","ping_status":"closed","template":"","meta":{"footnotes":""},"class_list":["post-5367","page","type-page","status-publish","has-post-thumbnail","hentry"],"yoast_head":"<!-- This site is optimized with the Yoast SEO plugin v27.4 - https:\/\/yoast.com\/product\/yoast-seo-wordpress\/ -->\n<title>Presentasjon av klubbprosjektet R\u00f8d Tr\u00e5d - Bekkalokket Fotoklubb<\/title>\n<meta name=\"description\" content=\"Som et felles fotoprosjekt, har klubben kj\u00f8pt inn \u00aben rull\u00bb med r\u00f8d tr\u00e5d. En r\u00f8d linje skal da g\u00e5 gjennom alle bildene i prosjektet. Les mer!\" \/>\n<meta name=\"robots\" content=\"index, follow, max-snippet:-1, max-image-preview:large, max-video-preview:-1\" \/>\n<link rel=\"canonical\" href=\"https:\/\/bekkalokket.no\/index.php\/presentasjon-av-klubbprosjektet-rod-trad\/\" \/>\n<meta property=\"og:locale\" content=\"nb_NO\" \/>\n<meta property=\"og:type\" content=\"article\" \/>\n<meta property=\"og:title\" content=\"Presentasjon av klubbprosjektet R\u00f8d Tr\u00e5d - Bekkalokket Fotoklubb\" \/>\n<meta property=\"og:description\" content=\"Som et felles fotoprosjekt, har klubben kj\u00f8pt inn \u00aben rull\u00bb med r\u00f8d tr\u00e5d. En r\u00f8d linje skal da g\u00e5 gjennom alle bildene i prosjektet. Les mer!\" \/>\n<meta property=\"og:url\" content=\"https:\/\/bekkalokket.no\/index.php\/presentasjon-av-klubbprosjektet-rod-trad\/\" \/>\n<meta property=\"og:site_name\" content=\"Bekkalokket Fotoklubb\" \/>\n<meta property=\"article:modified_time\" content=\"2026-01-29T13:19:51+00:00\" \/>\n<meta property=\"og:image\" content=\"https:\/\/bekkalokket.no\/wp-content\/uploads\/2023\/10\/Rod_Trad_EndreLidal_01.jpg\" \/>\n\t<meta property=\"og:image:width\" content=\"1321\" \/>\n\t<meta property=\"og:image:height\" content=\"881\" \/>\n\t<meta property=\"og:image:type\" content=\"image\/jpeg\" \/>\n<meta name=\"twitter:card\" content=\"summary_large_image\" \/>\n<meta name=\"twitter:label1\" content=\"Ansl. lesetid\" \/>\n\t<meta name=\"twitter:data1\" content=\"3 minutter\" \/>\n<script type=\"application\/ld+json\" class=\"yoast-schema-graph\">{\"@context\":\"https:\\\/\\\/schema.org\",\"@graph\":[{\"@type\":\"WebPage\",\"@id\":\"https:\\\/\\\/bekkalokket.no\\\/index.php\\\/presentasjon-av-klubbprosjektet-rod-trad\\\/\",\"url\":\"https:\\\/\\\/bekkalokket.no\\\/index.php\\\/presentasjon-av-klubbprosjektet-rod-trad\\\/\",\"name\":\"Presentasjon av klubbprosjektet R\u00f8d Tr\u00e5d - Bekkalokket Fotoklubb\",\"isPartOf\":{\"@id\":\"https:\\\/\\\/bekkalokket.no\\\/#website\"},\"primaryImageOfPage\":{\"@id\":\"https:\\\/\\\/bekkalokket.no\\\/index.php\\\/presentasjon-av-klubbprosjektet-rod-trad\\\/#primaryimage\"},\"image\":{\"@id\":\"https:\\\/\\\/bekkalokket.no\\\/index.php\\\/presentasjon-av-klubbprosjektet-rod-trad\\\/#primaryimage\"},\"thumbnailUrl\":\"https:\\\/\\\/bekkalokket.no\\\/wp-content\\\/uploads\\\/2023\\\/10\\\/Rod_Trad_EndreLidal_01.jpg\",\"datePublished\":\"2022-12-01T19:26:10+00:00\",\"dateModified\":\"2026-01-29T13:19:51+00:00\",\"description\":\"Som et felles fotoprosjekt, har klubben kj\u00f8pt inn \u00aben rull\u00bb med r\u00f8d tr\u00e5d. En r\u00f8d linje skal da g\u00e5 gjennom alle bildene i prosjektet. Les mer!\",\"breadcrumb\":{\"@id\":\"https:\\\/\\\/bekkalokket.no\\\/index.php\\\/presentasjon-av-klubbprosjektet-rod-trad\\\/#breadcrumb\"},\"inLanguage\":\"nb-NO\",\"potentialAction\":[{\"@type\":\"ReadAction\",\"target\":[\"https:\\\/\\\/bekkalokket.no\\\/index.php\\\/presentasjon-av-klubbprosjektet-rod-trad\\\/\"]}]},{\"@type\":\"ImageObject\",\"inLanguage\":\"nb-NO\",\"@id\":\"https:\\\/\\\/bekkalokket.no\\\/index.php\\\/presentasjon-av-klubbprosjektet-rod-trad\\\/#primaryimage\",\"url\":\"https:\\\/\\\/bekkalokket.no\\\/wp-content\\\/uploads\\\/2023\\\/10\\\/Rod_Trad_EndreLidal_01.jpg\",\"contentUrl\":\"https:\\\/\\\/bekkalokket.no\\\/wp-content\\\/uploads\\\/2023\\\/10\\\/Rod_Trad_EndreLidal_01.jpg\",\"width\":1321,\"height\":881,\"caption\":\"Klubbprosjektet \\\"R\u00f8d tr\u00e5d\\\" i Bekkalokket Fotoklubb.\"},{\"@type\":\"BreadcrumbList\",\"@id\":\"https:\\\/\\\/bekkalokket.no\\\/index.php\\\/presentasjon-av-klubbprosjektet-rod-trad\\\/#breadcrumb\",\"itemListElement\":[{\"@type\":\"ListItem\",\"position\":1,\"name\":\"Home\",\"item\":\"https:\\\/\\\/bekkalokket.no\\\/\"},{\"@type\":\"ListItem\",\"position\":2,\"name\":\"Presentasjon av klubbprosjektet R\u00f8d Tr\u00e5d\"}]},{\"@type\":\"WebSite\",\"@id\":\"https:\\\/\\\/bekkalokket.no\\\/#website\",\"url\":\"https:\\\/\\\/bekkalokket.no\\\/\",\"name\":\"Bekkalokket Fotoklubb\",\"description\":\"En sosial og aktiv fotoklubb i Bergen\",\"potentialAction\":[{\"@type\":\"SearchAction\",\"target\":{\"@type\":\"EntryPoint\",\"urlTemplate\":\"https:\\\/\\\/bekkalokket.no\\\/?s={search_term_string}\"},\"query-input\":{\"@type\":\"PropertyValueSpecification\",\"valueRequired\":true,\"valueName\":\"search_term_string\"}}],\"inLanguage\":\"nb-NO\"}]}<\/script>\n<!-- \/ Yoast SEO plugin. -->","yoast_head_json":{"title":"Presentasjon av klubbprosjektet R\u00f8d Tr\u00e5d - Bekkalokket Fotoklubb","description":"Som et felles fotoprosjekt, har klubben kj\u00f8pt inn \u00aben rull\u00bb med r\u00f8d tr\u00e5d. En r\u00f8d linje skal da g\u00e5 gjennom alle bildene i prosjektet. Les mer!","robots":{"index":"index","follow":"follow","max-snippet":"max-snippet:-1","max-image-preview":"max-image-preview:large","max-video-preview":"max-video-preview:-1"},"canonical":"https:\/\/bekkalokket.no\/index.php\/presentasjon-av-klubbprosjektet-rod-trad\/","og_locale":"nb_NO","og_type":"article","og_title":"Presentasjon av klubbprosjektet R\u00f8d Tr\u00e5d - Bekkalokket Fotoklubb","og_description":"Som et felles fotoprosjekt, har klubben kj\u00f8pt inn \u00aben rull\u00bb med r\u00f8d tr\u00e5d. En r\u00f8d linje skal da g\u00e5 gjennom alle bildene i prosjektet. Les mer!","og_url":"https:\/\/bekkalokket.no\/index.php\/presentasjon-av-klubbprosjektet-rod-trad\/","og_site_name":"Bekkalokket Fotoklubb","article_modified_time":"2026-01-29T13:19:51+00:00","og_image":[{"width":1321,"height":881,"url":"https:\/\/bekkalokket.no\/wp-content\/uploads\/2023\/10\/Rod_Trad_EndreLidal_01.jpg","type":"image\/jpeg"}],"twitter_card":"summary_large_image","twitter_misc":{"Ansl. lesetid":"3 minutter"},"schema":{"@context":"https:\/\/schema.org","@graph":[{"@type":"WebPage","@id":"https:\/\/bekkalokket.no\/index.php\/presentasjon-av-klubbprosjektet-rod-trad\/","url":"https:\/\/bekkalokket.no\/index.php\/presentasjon-av-klubbprosjektet-rod-trad\/","name":"Presentasjon av klubbprosjektet R\u00f8d Tr\u00e5d - Bekkalokket Fotoklubb","isPartOf":{"@id":"https:\/\/bekkalokket.no\/#website"},"primaryImageOfPage":{"@id":"https:\/\/bekkalokket.no\/index.php\/presentasjon-av-klubbprosjektet-rod-trad\/#primaryimage"},"image":{"@id":"https:\/\/bekkalokket.no\/index.php\/presentasjon-av-klubbprosjektet-rod-trad\/#primaryimage"},"thumbnailUrl":"https:\/\/bekkalokket.no\/wp-content\/uploads\/2023\/10\/Rod_Trad_EndreLidal_01.jpg","datePublished":"2022-12-01T19:26:10+00:00","dateModified":"2026-01-29T13:19:51+00:00","description":"Som et felles fotoprosjekt, har klubben kj\u00f8pt inn \u00aben rull\u00bb med r\u00f8d tr\u00e5d. En r\u00f8d linje skal da g\u00e5 gjennom alle bildene i prosjektet. Les mer!","breadcrumb":{"@id":"https:\/\/bekkalokket.no\/index.php\/presentasjon-av-klubbprosjektet-rod-trad\/#breadcrumb"},"inLanguage":"nb-NO","potentialAction":[{"@type":"ReadAction","target":["https:\/\/bekkalokket.no\/index.php\/presentasjon-av-klubbprosjektet-rod-trad\/"]}]},{"@type":"ImageObject","inLanguage":"nb-NO","@id":"https:\/\/bekkalokket.no\/index.php\/presentasjon-av-klubbprosjektet-rod-trad\/#primaryimage","url":"https:\/\/bekkalokket.no\/wp-content\/uploads\/2023\/10\/Rod_Trad_EndreLidal_01.jpg","contentUrl":"https:\/\/bekkalokket.no\/wp-content\/uploads\/2023\/10\/Rod_Trad_EndreLidal_01.jpg","width":1321,"height":881,"caption":"Klubbprosjektet \"R\u00f8d tr\u00e5d\" i Bekkalokket Fotoklubb."},{"@type":"BreadcrumbList","@id":"https:\/\/bekkalokket.no\/index.php\/presentasjon-av-klubbprosjektet-rod-trad\/#breadcrumb","itemListElement":[{"@type":"ListItem","position":1,"name":"Home","item":"https:\/\/bekkalokket.no\/"},{"@type":"ListItem","position":2,"name":"Presentasjon av klubbprosjektet R\u00f8d Tr\u00e5d"}]},{"@type":"WebSite","@id":"https:\/\/bekkalokket.no\/#website","url":"https:\/\/bekkalokket.no\/","name":"Bekkalokket Fotoklubb","description":"En sosial og aktiv fotoklubb i Bergen","potentialAction":[{"@type":"SearchAction","target":{"@type":"EntryPoint","urlTemplate":"https:\/\/bekkalokket.no\/?s={search_term_string}"},"query-input":{"@type":"PropertyValueSpecification","valueRequired":true,"valueName":"search_term_string"}}],"inLanguage":"nb-NO"}]}},"_links":{"self":[{"href":"https:\/\/bekkalokket.no\/index.php\/wp-json\/wp\/v2\/pages\/5367","targetHints":{"allow":["GET"]}}],"collection":[{"href":"https:\/\/bekkalokket.no\/index.php\/wp-json\/wp\/v2\/pages"}],"about":[{"href":"https:\/\/bekkalokket.no\/index.php\/wp-json\/wp\/v2\/types\/page"}],"author":[{"embeddable":true,"href":"https:\/\/bekkalokket.no\/index.php\/wp-json\/wp\/v2\/users\/2"}],"replies":[{"embeddable":true,"href":"https:\/\/bekkalokket.no\/index.php\/wp-json\/wp\/v2\/comments?post=5367"}],"version-history":[{"count":9,"href":"https:\/\/bekkalokket.no\/index.php\/wp-json\/wp\/v2\/pages\/5367\/revisions"}],"predecessor-version":[{"id":11082,"href":"https:\/\/bekkalokket.no\/index.php\/wp-json\/wp\/v2\/pages\/5367\/revisions\/11082"}],"wp:featuredmedia":[{"embeddable":true,"href":"https:\/\/bekkalokket.no\/index.php\/wp-json\/wp\/v2\/media\/7578"}],"wp:attachment":[{"href":"https:\/\/bekkalokket.no\/index.php\/wp-json\/wp\/v2\/media?parent=5367"}],"curies":[{"name":"wp","href":"https:\/\/api.w.org\/{rel}","templated":true}]}}