{"id":5371,"date":"2022-12-04T13:53:53","date_gmt":"2022-12-04T11:53:53","guid":{"rendered":"https:\/\/bekkalokket.no\/?page_id=5371"},"modified":"2022-12-04T13:53:54","modified_gmt":"2022-12-04T11:53:54","slug":"klubbkonkurranser-1993","status":"publish","type":"page","link":"https:\/\/bekkalokket.no\/index.php\/klubbkonkurranser-1993\/","title":{"rendered":"Klubbkonkurranser 1993"},"content":{"rendered":"\n<figure class=\"wp-block-table\"><table><tbody><tr><td>KONKURRANSE<\/td><td>Klasse<\/td><td>TITTEL<\/td><td>Autor<\/td><td>PREMIE<\/td><\/tr><tr><td>v\u00e5r<\/td><td>Dias<\/td><td>Vinterfoss 4<\/td><td>Tor-Henning Olsen<\/td><td>1. plass<\/td><\/tr><tr><td>v\u00e5r<\/td><td>Dias<\/td><td>Lars<\/td><td>Tor-Henning Olsen<\/td><td>2. plass<\/td><\/tr><tr><td>v\u00e5r<\/td><td>Dias<\/td><td>Seimsfossen 2<\/td><td>Roald Synnev\u00e5g<\/td><td>3. plass<\/td><\/tr><tr><td>v\u00e5r<\/td><td>Dias<\/td><td>Rimfrost<\/td><td>Rune Fj\u00e6reide<\/td><td>Antatt<\/td><\/tr><tr><td>v\u00e5r<\/td><td>Dias<\/td><td>Kosestund i blomsterlund 1<\/td><td>Rune Fj\u00e6reide<\/td><td>Antatt<\/td><\/tr><tr><td>v\u00e5r<\/td><td>Dias<\/td><td>Leken<\/td><td>Tor-Henning Olsen<\/td><td>Antatt<\/td><\/tr><tr><td>v\u00e5r<\/td><td>Dias<\/td><td>Arild med hatt<\/td><td>Tor-Henning Olsen<\/td><td>Antatt<\/td><\/tr><tr><td>v\u00e5r<\/td><td>Fargepapir<\/td><td>Kusymre<\/td><td>Rune Fj\u00e6reide<\/td><td>1. plass<\/td><\/tr><tr><td>v\u00e5r<\/td><td>Fargepapir<\/td><td>Mon Plasir 2<\/td><td>Tor-Henning Olsen<\/td><td>2. plass<\/td><\/tr><tr><td>v\u00e5r<\/td><td>Fargepapir<\/td><td>Catrin<\/td><td>Tor-Henning Olsen<\/td><td>3. plass<\/td><\/tr><tr><td>v\u00e5r<\/td><td>Fargepapir<\/td><td>Engang kjerre<\/td><td>Jostein \u00d8ksne<\/td><td>Antatt<\/td><\/tr><tr><td>v\u00e5r<\/td><td>Sort\/hvitt<\/td><td>Matjakt 1<\/td><td>Rune Fj\u00e6reide<\/td><td>1. plass<\/td><\/tr><tr><td>v\u00e5r<\/td><td>Sort\/hvitt<\/td><td>Lars Ove 4\/93<\/td><td>Tor-Henning Olsen<\/td><td>2. plass<\/td><\/tr><tr><td>v\u00e5r<\/td><td>Sort\/hvitt<\/td><td>Treet og fossen<\/td><td>Roald Synnev\u00e5g<\/td><td>3. plass<\/td><\/tr><tr><td>v\u00e5r<\/td><td>Sort\/hvitt<\/td><td>Tyrkia-92<\/td><td>Terje Bergesen<\/td><td>Antatt<\/td><\/tr><tr><td>v\u00e5r<\/td><td>Sort\/hvitt<\/td><td>Akt<\/td><td>Terje Bergesen<\/td><td>Antatt<\/td><\/tr><tr><td>sommer<\/td><td>Dias<\/td><td>Atle<\/td><td>Roald Synnev\u00e5g<\/td><td>1. plass<\/td><\/tr><tr><td>sommer<\/td><td>Dias<\/td><td>Uten tittel<\/td><td>Tor-Henning Olsen<\/td><td>2. plass<\/td><\/tr><tr><td>sommer<\/td><td>Dias<\/td><td>Ansikter<\/td><td>Tor-Henning Olsen<\/td><td>3. plass<\/td><\/tr><tr><td>sommer<\/td><td>Dias<\/td><td>Catrine 1<\/td><td>Jonny Jacobsen<\/td><td>Antatt<\/td><\/tr><tr><td>sommer<\/td><td>Dias<\/td><td>Silje april-93<\/td><td>Roald Synnev\u00e5g<\/td><td>Antatt<\/td><\/tr><tr><td>sommer<\/td><td>Dias<\/td><td>Siluett<\/td><td>Tor-Henning Olsen<\/td><td>Antatt<\/td><\/tr><tr><td>sommer<\/td><td>Dias<\/td><td>Vandrer<\/td><td>Tor-Henning Olsen<\/td><td>Antatt<\/td><\/tr><tr><td>sommer<\/td><td>Fargepapir<\/td><td>Lars 4\/93<\/td><td>Tor-Henning Olsen<\/td><td>1. plass<\/td><\/tr><tr><td>sommer<\/td><td>Sort\/hvitt<\/td><td>Arild 4\/93<\/td><td>Tor-Henning Olsen<\/td><td>1. plass<\/td><\/tr><tr><td>sommer<\/td><td>Sort\/hvitt<\/td><td>4 Mattis Gaup<\/td><td>Terje Bergesen<\/td><td>2. plass<\/td><\/tr><tr><td>sommer<\/td><td>Sort\/hvitt<\/td><td>Rune<\/td><td>Magne Tur\u00f8y<\/td><td>3. plass<\/td><\/tr><tr><td>sommer<\/td><td>Sort\/hvitt<\/td><td>Adrian 2<\/td><td>Roald Synnev\u00e5g<\/td><td>Antatt<\/td><\/tr><tr><td>h\u00f8st<\/td><td>Dias<\/td><td>Portrett med statue<\/td><td>Tor-Henning Olsen<\/td><td>1. plass<\/td><\/tr><tr><td>h\u00f8st<\/td><td>Dias<\/td><td>\u00d8yenstikker<\/td><td>Rune Fj\u00e6reide<\/td><td>2. plass<\/td><\/tr><tr><td>h\u00f8st<\/td><td>Dias<\/td><td>Korn\u00e5ker<\/td><td>Rolf Morten Olsen<\/td><td>3. plass<\/td><\/tr><tr><td>h\u00f8st<\/td><td>Dias<\/td><td>Bregne<\/td><td>Rune Fj\u00e6reide<\/td><td>Antatt<\/td><\/tr><tr><td>h\u00f8st<\/td><td>Dias<\/td><td>Lunde i flukt<\/td><td>Rune Fj\u00e6reide<\/td><td>Antatt<\/td><\/tr><tr><td>h\u00f8st<\/td><td>Dias<\/td><td>Sau i motlys<\/td><td>Rune Fj\u00e6reide<\/td><td>Antatt<\/td><\/tr><tr><td>h\u00f8st<\/td><td>Dias<\/td><td>Blikkstille<\/td><td>Sissel Flakne Str\u00f8mmen<\/td><td>Antatt<\/td><\/tr><tr><td>h\u00f8st<\/td><td>Dias<\/td><td>Vintermorgen<\/td><td>Sissel Flakne Str\u00f8mmen<\/td><td>Antatt<\/td><\/tr><tr><td>h\u00f8st<\/td><td>Fargepapir<\/td><td>Gammel og ensom<\/td><td>Roald Synnev\u00e5g<\/td><td>1. plass<\/td><\/tr><tr><td>h\u00f8st<\/td><td>Fargepapir<\/td><td>Kanotur<\/td><td>Jostein \u00d8ksne<\/td><td>2. plass<\/td><\/tr><tr><td>h\u00f8st<\/td><td>Fargepapir<\/td><td>H\u00f8yt som \u00f8rnen flyver<\/td><td>Roald Synnev\u00e5g<\/td><td>2. plass<\/td><\/tr><tr><td>h\u00f8st<\/td><td>Fargepapir<\/td><td>M\u00f8ll 2<\/td><td>Roald Synnev\u00e5g<\/td><td>Antatt<\/td><\/tr><tr><td>h\u00f8st<\/td><td>Fargepapir<\/td><td>Barn i fokus.<\/td><td>Roald Synnev\u00e5g<\/td><td>Antatt<\/td><\/tr><tr><td>h\u00f8st<\/td><td>Sort\/hvitt<\/td><td>Portret med pipe<\/td><td>Tor-Henning Olsen<\/td><td>1. plass<\/td><\/tr><tr><td>h\u00f8st<\/td><td>Sort\/hvitt<\/td><td>Kristine<\/td><td>Rune Fj\u00e6reide<\/td><td>2. plass<\/td><\/tr><tr><td>h\u00f8st<\/td><td>Sort\/hvitt<\/td><td>Instefjord<\/td><td>Roald Synnev\u00e5g<\/td><td>3. plass<\/td><\/tr><tr><td>h\u00f8st<\/td><td>Sort\/hvitt<\/td><td>Aboretet 2<\/td><td>Roald Synnev\u00e5g<\/td><td>Antatt<\/td><\/tr><tr><td>h\u00f8st<\/td><td>Sort\/hvitt<\/td><td>Alex 2<\/td><td>Tor-Henning Olsen<\/td><td>Antatt<\/td><\/tr><\/tbody><\/table><\/figure>\n","protected":false},"excerpt":{"rendered":"<p>KONKURRANSE Klasse TITTEL Autor PREMIE v\u00e5r Dias Vinterfoss 4 Tor-Henning Olsen 1. plass v\u00e5r Dias Lars Tor-Henning Olsen 2. plass v\u00e5r Dias Seimsfossen 2 Roald Synnev\u00e5g 3. plass v\u00e5r Dias Rimfrost Rune Fj\u00e6reide Antatt&#46;&#46;&#46;<\/p>\n","protected":false},"author":2,"featured_media":0,"parent":0,"menu_order":0,"comment_status":"closed","ping_status":"closed","template":"","meta":{"footnotes":""},"class_list":["post-5371","page","type-page","status-publish","hentry"],"yoast_head":"<!-- This site is optimized with the Yoast SEO plugin v27.4 - https:\/\/yoast.com\/product\/yoast-seo-wordpress\/ -->\n<title>Klubbkonkurranser 1993 - Bekkalokket Fotoklubb<\/title>\n<meta name=\"robots\" content=\"index, follow, max-snippet:-1, max-image-preview:large, max-video-preview:-1\" \/>\n<link rel=\"canonical\" href=\"https:\/\/bekkalokket.no\/index.php\/klubbkonkurranser-1993\/\" \/>\n<meta property=\"og:locale\" content=\"nb_NO\" \/>\n<meta property=\"og:type\" content=\"article\" \/>\n<meta property=\"og:title\" content=\"Klubbkonkurranser 1993 - Bekkalokket Fotoklubb\" \/>\n<meta property=\"og:description\" content=\"KONKURRANSE Klasse TITTEL Autor PREMIE v\u00e5r Dias Vinterfoss 4 Tor-Henning Olsen 1. plass v\u00e5r Dias Lars Tor-Henning Olsen 2. plass v\u00e5r Dias Seimsfossen 2 Roald Synnev\u00e5g 3. plass v\u00e5r Dias Rimfrost Rune Fj\u00e6reide Antatt&#046;&#046;&#046;\" \/>\n<meta property=\"og:url\" content=\"https:\/\/bekkalokket.no\/index.php\/klubbkonkurranser-1993\/\" \/>\n<meta property=\"og:site_name\" content=\"Bekkalokket Fotoklubb\" \/>\n<meta property=\"article:modified_time\" content=\"2022-12-04T11:53:54+00:00\" \/>\n<meta name=\"twitter:card\" content=\"summary_large_image\" \/>\n<meta name=\"twitter:label1\" content=\"Ansl. lesetid\" \/>\n\t<meta name=\"twitter:data1\" content=\"2 minutter\" \/>\n<script type=\"application\/ld+json\" class=\"yoast-schema-graph\">{\"@context\":\"https:\\\/\\\/schema.org\",\"@graph\":[{\"@type\":\"WebPage\",\"@id\":\"https:\\\/\\\/bekkalokket.no\\\/index.php\\\/klubbkonkurranser-1993\\\/\",\"url\":\"https:\\\/\\\/bekkalokket.no\\\/index.php\\\/klubbkonkurranser-1993\\\/\",\"name\":\"Klubbkonkurranser 1993 - Bekkalokket Fotoklubb\",\"isPartOf\":{\"@id\":\"https:\\\/\\\/bekkalokket.no\\\/#website\"},\"datePublished\":\"2022-12-04T11:53:53+00:00\",\"dateModified\":\"2022-12-04T11:53:54+00:00\",\"breadcrumb\":{\"@id\":\"https:\\\/\\\/bekkalokket.no\\\/index.php\\\/klubbkonkurranser-1993\\\/#breadcrumb\"},\"inLanguage\":\"nb-NO\",\"potentialAction\":[{\"@type\":\"ReadAction\",\"target\":[\"https:\\\/\\\/bekkalokket.no\\\/index.php\\\/klubbkonkurranser-1993\\\/\"]}]},{\"@type\":\"BreadcrumbList\",\"@id\":\"https:\\\/\\\/bekkalokket.no\\\/index.php\\\/klubbkonkurranser-1993\\\/#breadcrumb\",\"itemListElement\":[{\"@type\":\"ListItem\",\"position\":1,\"name\":\"Home\",\"item\":\"https:\\\/\\\/bekkalokket.no\\\/\"},{\"@type\":\"ListItem\",\"position\":2,\"name\":\"Klubbkonkurranser 1993\"}]},{\"@type\":\"WebSite\",\"@id\":\"https:\\\/\\\/bekkalokket.no\\\/#website\",\"url\":\"https:\\\/\\\/bekkalokket.no\\\/\",\"name\":\"Bekkalokket Fotoklubb\",\"description\":\"En sosial og aktiv fotoklubb i Bergen\",\"potentialAction\":[{\"@type\":\"SearchAction\",\"target\":{\"@type\":\"EntryPoint\",\"urlTemplate\":\"https:\\\/\\\/bekkalokket.no\\\/?s={search_term_string}\"},\"query-input\":{\"@type\":\"PropertyValueSpecification\",\"valueRequired\":true,\"valueName\":\"search_term_string\"}}],\"inLanguage\":\"nb-NO\"}]}<\/script>\n<!-- \/ Yoast SEO plugin. -->","yoast_head_json":{"title":"Klubbkonkurranser 1993 - Bekkalokket Fotoklubb","robots":{"index":"index","follow":"follow","max-snippet":"max-snippet:-1","max-image-preview":"max-image-preview:large","max-video-preview":"max-video-preview:-1"},"canonical":"https:\/\/bekkalokket.no\/index.php\/klubbkonkurranser-1993\/","og_locale":"nb_NO","og_type":"article","og_title":"Klubbkonkurranser 1993 - Bekkalokket Fotoklubb","og_description":"KONKURRANSE Klasse TITTEL Autor PREMIE v\u00e5r Dias Vinterfoss 4 Tor-Henning Olsen 1. plass v\u00e5r Dias Lars Tor-Henning Olsen 2. plass v\u00e5r Dias Seimsfossen 2 Roald Synnev\u00e5g 3. plass v\u00e5r Dias Rimfrost Rune Fj\u00e6reide Antatt&#46;&#46;&#46;","og_url":"https:\/\/bekkalokket.no\/index.php\/klubbkonkurranser-1993\/","og_site_name":"Bekkalokket Fotoklubb","article_modified_time":"2022-12-04T11:53:54+00:00","twitter_card":"summary_large_image","twitter_misc":{"Ansl. lesetid":"2 minutter"},"schema":{"@context":"https:\/\/schema.org","@graph":[{"@type":"WebPage","@id":"https:\/\/bekkalokket.no\/index.php\/klubbkonkurranser-1993\/","url":"https:\/\/bekkalokket.no\/index.php\/klubbkonkurranser-1993\/","name":"Klubbkonkurranser 1993 - Bekkalokket Fotoklubb","isPartOf":{"@id":"https:\/\/bekkalokket.no\/#website"},"datePublished":"2022-12-04T11:53:53+00:00","dateModified":"2022-12-04T11:53:54+00:00","breadcrumb":{"@id":"https:\/\/bekkalokket.no\/index.php\/klubbkonkurranser-1993\/#breadcrumb"},"inLanguage":"nb-NO","potentialAction":[{"@type":"ReadAction","target":["https:\/\/bekkalokket.no\/index.php\/klubbkonkurranser-1993\/"]}]},{"@type":"BreadcrumbList","@id":"https:\/\/bekkalokket.no\/index.php\/klubbkonkurranser-1993\/#breadcrumb","itemListElement":[{"@type":"ListItem","position":1,"name":"Home","item":"https:\/\/bekkalokket.no\/"},{"@type":"ListItem","position":2,"name":"Klubbkonkurranser 1993"}]},{"@type":"WebSite","@id":"https:\/\/bekkalokket.no\/#website","url":"https:\/\/bekkalokket.no\/","name":"Bekkalokket Fotoklubb","description":"En sosial og aktiv fotoklubb i Bergen","potentialAction":[{"@type":"SearchAction","target":{"@type":"EntryPoint","urlTemplate":"https:\/\/bekkalokket.no\/?s={search_term_string}"},"query-input":{"@type":"PropertyValueSpecification","valueRequired":true,"valueName":"search_term_string"}}],"inLanguage":"nb-NO"}]}},"_links":{"self":[{"href":"https:\/\/bekkalokket.no\/index.php\/wp-json\/wp\/v2\/pages\/5371","targetHints":{"allow":["GET"]}}],"collection":[{"href":"https:\/\/bekkalokket.no\/index.php\/wp-json\/wp\/v2\/pages"}],"about":[{"href":"https:\/\/bekkalokket.no\/index.php\/wp-json\/wp\/v2\/types\/page"}],"author":[{"embeddable":true,"href":"https:\/\/bekkalokket.no\/index.php\/wp-json\/wp\/v2\/users\/2"}],"replies":[{"embeddable":true,"href":"https:\/\/bekkalokket.no\/index.php\/wp-json\/wp\/v2\/comments?post=5371"}],"version-history":[{"count":1,"href":"https:\/\/bekkalokket.no\/index.php\/wp-json\/wp\/v2\/pages\/5371\/revisions"}],"predecessor-version":[{"id":5372,"href":"https:\/\/bekkalokket.no\/index.php\/wp-json\/wp\/v2\/pages\/5371\/revisions\/5372"}],"wp:attachment":[{"href":"https:\/\/bekkalokket.no\/index.php\/wp-json\/wp\/v2\/media?parent=5371"}],"curies":[{"name":"wp","href":"https:\/\/api.w.org\/{rel}","templated":true}]}}