{"id":5391,"date":"2022-12-04T14:03:40","date_gmt":"2022-12-04T12:03:40","guid":{"rendered":"https:\/\/bekkalokket.no\/?page_id=5391"},"modified":"2022-12-04T14:03:46","modified_gmt":"2022-12-04T12:03:46","slug":"klubbkonkurranser-2003","status":"publish","type":"page","link":"https:\/\/bekkalokket.no\/index.php\/klubbkonkurranser-2003\/","title":{"rendered":"Klubbkonkurranser 2003"},"content":{"rendered":"\n<figure class=\"wp-block-table\"><table><tbody><tr><td>KONKURRANSE<\/td><td>Klasse<\/td><td>TITTEL<\/td><td>Autor<\/td><td>PREMIE<\/td><\/tr><tr><td>v\u00e5r<\/td><td>Dias<\/td><td>N\u00e6rhet<\/td><td>Tor-Henning Olsen<\/td><td>1. plass<\/td><\/tr><tr><td>v\u00e5r<\/td><td>Dias<\/td><td>Ensomhet<\/td><td>Tor-Henning Olsen<\/td><td>2. plass<\/td><\/tr><tr><td>v\u00e5r<\/td><td>Dias<\/td><td>P\u00e5 toppen<\/td><td>Tor-Henning Olsen<\/td><td>3. plass<\/td><\/tr><tr><td>v\u00e5r<\/td><td>Dias<\/td><td>Sahara, Tunisia 2 &#8211; 91607<\/td><td>Magne Haveraaen<\/td><td>Antatt<\/td><\/tr><tr><td>v\u00e5r<\/td><td>Dias<\/td><td>Soloppgang i Bulandet<\/td><td>Roald Synnev\u00e5g<\/td><td>Antatt<\/td><\/tr><tr><td>v\u00e5r<\/td><td>Fargepapir<\/td><td>D\u00e5pslue<\/td><td>Annie Elisabeth Bj\u00f8rklund<\/td><td>1. plass<\/td><\/tr><tr><td>v\u00e5r<\/td><td>Fargepapir<\/td><td>Skogstur<\/td><td>Kari Mikalsen<\/td><td>2. plass<\/td><\/tr><tr><td>v\u00e5r<\/td><td>Fargepapir<\/td><td>Jasmin<\/td><td>Magne Haveraaen<\/td><td>3. plass<\/td><\/tr><tr><td>v\u00e5r<\/td><td>Fargepapir<\/td><td>Himmel og hav<\/td><td>Kari Mikalsen<\/td><td>Antatt<\/td><\/tr><tr><td>v\u00e5r<\/td><td>Sort\/hvitt<\/td><td>Easy rider<\/td><td>Roald Synnev\u00e5g<\/td><td>1. plass<\/td><\/tr><tr><td>v\u00e5r<\/td><td>Sort\/hvitt<\/td><td>Mor og barn<\/td><td>Roald Synnev\u00e5g<\/td><td>2. plass<\/td><\/tr><tr><td>v\u00e5r<\/td><td>Sort\/hvitt<\/td><td>Marie og kaninen<\/td><td>Roald Synnev\u00e5g<\/td><td>3. plass<\/td><\/tr><tr><td>h\u00f8st<\/td><td>Dias<\/td><td>Islanske fugler<\/td><td>Tine-Irlin Dahl Andersen<\/td><td>1. plass<\/td><\/tr><tr><td>h\u00f8st<\/td><td>Dias<\/td><td>Pregnant<\/td><td>Kari Mikalsen<\/td><td>2. plass<\/td><\/tr><tr><td>h\u00f8st<\/td><td>Dias<\/td><td>Golten<\/td><td>Jarle Westervik<\/td><td>3. plass<\/td><\/tr><tr><td>h\u00f8st<\/td><td>Dias<\/td><td>Torghatten<\/td><td>Honoria Bjerknes Hamre<\/td><td>Antatt<\/td><\/tr><tr><td>h\u00f8st<\/td><td>Dias<\/td><td>P\u00e5 trappa<\/td><td>Jarle Westervik<\/td><td>Antatt<\/td><\/tr><tr><td>h\u00f8st<\/td><td>Dias<\/td><td>Neon light<\/td><td>Jarle Westervik<\/td><td>Antatt<\/td><\/tr><tr><td>h\u00f8st<\/td><td>Dias<\/td><td>Rose<\/td><td>Jostein B\u00f8<\/td><td>Antatt<\/td><\/tr><tr><td>h\u00f8st<\/td><td>Dias<\/td><td>Anita og Wim<\/td><td>Kari Mikalsen<\/td><td>Antatt<\/td><\/tr><tr><td>h\u00f8st<\/td><td>Dias<\/td><td>Jenta og b\u00e5ten<\/td><td>Roald Synnev\u00e5g<\/td><td>Antatt<\/td><\/tr><tr><td>h\u00f8st<\/td><td>Dias<\/td><td>Morgen p\u00e5 Skagen<\/td><td>Tine-Irlin Dahl Andersen<\/td><td>Antatt<\/td><\/tr><tr><td>h\u00f8st<\/td><td>Fargepapir<\/td><td>Prammer III<\/td><td>Roald Synnev\u00e5g<\/td><td>1. plass<\/td><\/tr><tr><td>h\u00f8st<\/td><td>Fargepapir<\/td><td>Sauer ved Runde<\/td><td>Jan Standal<\/td><td>2. plass<\/td><\/tr><tr><td>h\u00f8st<\/td><td>Fargepapir<\/td><td>Oops<\/td><td>Jan Standal<\/td><td>3. plass<\/td><\/tr><tr><td>h\u00f8st<\/td><td>Fargepapir<\/td><td>Uten tittel<\/td><td>Annie Elisabeth Bj\u00f8rklund<\/td><td>Antatt<\/td><\/tr><tr><td>h\u00f8st<\/td><td>Fargepapir<\/td><td>Uten tittel 2<\/td><td>Annie Elisabeth Bj\u00f8rklund<\/td><td>Antatt<\/td><\/tr><tr><td>h\u00f8st<\/td><td>Fargepapir<\/td><td>P\u00e5 oppdagelsesferd<\/td><td>Jarle Westervik<\/td><td>Antatt<\/td><\/tr><tr><td>h\u00f8st<\/td><td>Fargepapir<\/td><td>Islandshester<\/td><td>Jarle Westervik<\/td><td>Antatt<\/td><\/tr><tr><td>h\u00f8st<\/td><td>Fargepapir<\/td><td>Celina<\/td><td>Jim Hansen<\/td><td>Antatt<\/td><\/tr><tr><td>h\u00f8st<\/td><td>Fargepapir<\/td><td>Rolf Rose<\/td><td>Kari Mikalsen<\/td><td>Antatt<\/td><\/tr><tr><td>h\u00f8st<\/td><td>Fargepapir<\/td><td>Wolfgang Paul<\/td><td>Kjell Rasmussen<\/td><td>Antatt<\/td><\/tr><tr><td>h\u00f8st<\/td><td>Fargepapir<\/td><td>Lek<\/td><td>\u00d8ystein Anfinsen<\/td><td>Antatt<\/td><\/tr><tr><td>h\u00f8st<\/td><td>Fargepapir<\/td><td>Frostl\u00f8v<\/td><td>Tine-Irlin Dahl Andersen<\/td><td>Antatt<\/td><\/tr><tr><td>h\u00f8st<\/td><td>Sort\/hvitt<\/td><td>Sommer i Sofienbergparken<\/td><td>Roald Synnev\u00e5g<\/td><td>1. plass<\/td><\/tr><tr><td>h\u00f8st<\/td><td>Sort\/hvitt<\/td><td>Foss<\/td><td>Jan Standal<\/td><td>2. plass<\/td><\/tr><tr><td>h\u00f8st<\/td><td>Sort\/hvitt<\/td><td>Naustdal<\/td><td>Jan Standal<\/td><td>3. plass<\/td><\/tr><tr><td>h\u00f8st<\/td><td>Sort\/hvitt<\/td><td>Hester<\/td><td>Jan Standal<\/td><td>Antatt<\/td><\/tr><tr><td>h\u00f8st<\/td><td>Sort\/hvitt<\/td><td>Hanne<\/td><td>Jarle Westervik<\/td><td>Antatt<\/td><\/tr><tr><td>h\u00f8st<\/td><td>Sort\/hvitt<\/td><td>Jenny<\/td><td>Roald Synnev\u00e5g<\/td><td>Antatt<\/td><\/tr><tr><td>h\u00f8st<\/td><td>Sort\/hvitt<\/td><td>Fredsdue<\/td><td>Tine-Irlin Dahl Andersen<\/td><td>Antatt<\/td><\/tr><tr><td>h\u00f8st<\/td><td>Sort\/hvitt<\/td><td>Steinis<\/td><td>Tine-Irlin Dahl Andersen<\/td><td>Antatt<\/td><\/tr><tr><td>h\u00f8st<\/td><td>Sort\/hvitt<\/td><td>Haugarock<\/td><td>Tine-Irlin Dahl Andersen<\/td><td>Antatt<\/td><\/tr><\/tbody><\/table><\/figure>\n","protected":false},"excerpt":{"rendered":"<p>KONKURRANSE Klasse TITTEL Autor PREMIE v\u00e5r Dias N\u00e6rhet Tor-Henning Olsen 1. plass v\u00e5r Dias Ensomhet Tor-Henning Olsen 2. plass v\u00e5r Dias P\u00e5 toppen Tor-Henning Olsen 3. plass v\u00e5r Dias Sahara, Tunisia 2 &#8211; 91607&#46;&#46;&#46;<\/p>\n","protected":false},"author":2,"featured_media":0,"parent":0,"menu_order":0,"comment_status":"closed","ping_status":"closed","template":"","meta":{"footnotes":""},"class_list":["post-5391","page","type-page","status-publish","hentry"],"yoast_head":"<!-- This site is optimized with the Yoast SEO plugin v27.5 - https:\/\/yoast.com\/product\/yoast-seo-wordpress\/ -->\n<title>Klubbkonkurranser 2003 - Bekkalokket Fotoklubb<\/title>\n<meta name=\"robots\" content=\"index, follow, max-snippet:-1, max-image-preview:large, max-video-preview:-1\" \/>\n<link rel=\"canonical\" href=\"https:\/\/bekkalokket.no\/index.php\/klubbkonkurranser-2003\/\" \/>\n<meta property=\"og:locale\" content=\"nb_NO\" \/>\n<meta property=\"og:type\" content=\"article\" \/>\n<meta property=\"og:title\" content=\"Klubbkonkurranser 2003 - Bekkalokket Fotoklubb\" \/>\n<meta property=\"og:description\" content=\"KONKURRANSE Klasse TITTEL Autor PREMIE v\u00e5r Dias N\u00e6rhet Tor-Henning Olsen 1. plass v\u00e5r Dias Ensomhet Tor-Henning Olsen 2. plass v\u00e5r Dias P\u00e5 toppen Tor-Henning Olsen 3. plass v\u00e5r Dias Sahara, Tunisia 2 &#8211; 91607&#046;&#046;&#046;\" \/>\n<meta property=\"og:url\" content=\"https:\/\/bekkalokket.no\/index.php\/klubbkonkurranser-2003\/\" \/>\n<meta property=\"og:site_name\" content=\"Bekkalokket Fotoklubb\" \/>\n<meta property=\"article:modified_time\" content=\"2022-12-04T12:03:46+00:00\" \/>\n<meta name=\"twitter:card\" content=\"summary_large_image\" \/>\n<meta name=\"twitter:label1\" content=\"Ansl. lesetid\" \/>\n\t<meta name=\"twitter:data1\" content=\"2 minutter\" \/>\n<script type=\"application\/ld+json\" class=\"yoast-schema-graph\">{\"@context\":\"https:\\\/\\\/schema.org\",\"@graph\":[{\"@type\":\"WebPage\",\"@id\":\"https:\\\/\\\/bekkalokket.no\\\/index.php\\\/klubbkonkurranser-2003\\\/\",\"url\":\"https:\\\/\\\/bekkalokket.no\\\/index.php\\\/klubbkonkurranser-2003\\\/\",\"name\":\"Klubbkonkurranser 2003 - Bekkalokket Fotoklubb\",\"isPartOf\":{\"@id\":\"https:\\\/\\\/bekkalokket.no\\\/#website\"},\"datePublished\":\"2022-12-04T12:03:40+00:00\",\"dateModified\":\"2022-12-04T12:03:46+00:00\",\"breadcrumb\":{\"@id\":\"https:\\\/\\\/bekkalokket.no\\\/index.php\\\/klubbkonkurranser-2003\\\/#breadcrumb\"},\"inLanguage\":\"nb-NO\",\"potentialAction\":[{\"@type\":\"ReadAction\",\"target\":[\"https:\\\/\\\/bekkalokket.no\\\/index.php\\\/klubbkonkurranser-2003\\\/\"]}]},{\"@type\":\"BreadcrumbList\",\"@id\":\"https:\\\/\\\/bekkalokket.no\\\/index.php\\\/klubbkonkurranser-2003\\\/#breadcrumb\",\"itemListElement\":[{\"@type\":\"ListItem\",\"position\":1,\"name\":\"Home\",\"item\":\"https:\\\/\\\/bekkalokket.no\\\/\"},{\"@type\":\"ListItem\",\"position\":2,\"name\":\"Klubbkonkurranser 2003\"}]},{\"@type\":\"WebSite\",\"@id\":\"https:\\\/\\\/bekkalokket.no\\\/#website\",\"url\":\"https:\\\/\\\/bekkalokket.no\\\/\",\"name\":\"Bekkalokket Fotoklubb\",\"description\":\"En sosial og aktiv fotoklubb i Bergen\",\"potentialAction\":[{\"@type\":\"SearchAction\",\"target\":{\"@type\":\"EntryPoint\",\"urlTemplate\":\"https:\\\/\\\/bekkalokket.no\\\/?s={search_term_string}\"},\"query-input\":{\"@type\":\"PropertyValueSpecification\",\"valueRequired\":true,\"valueName\":\"search_term_string\"}}],\"inLanguage\":\"nb-NO\"}]}<\/script>\n<!-- \/ Yoast SEO plugin. -->","yoast_head_json":{"title":"Klubbkonkurranser 2003 - Bekkalokket Fotoklubb","robots":{"index":"index","follow":"follow","max-snippet":"max-snippet:-1","max-image-preview":"max-image-preview:large","max-video-preview":"max-video-preview:-1"},"canonical":"https:\/\/bekkalokket.no\/index.php\/klubbkonkurranser-2003\/","og_locale":"nb_NO","og_type":"article","og_title":"Klubbkonkurranser 2003 - Bekkalokket Fotoklubb","og_description":"KONKURRANSE Klasse TITTEL Autor PREMIE v\u00e5r Dias N\u00e6rhet Tor-Henning Olsen 1. plass v\u00e5r Dias Ensomhet Tor-Henning Olsen 2. plass v\u00e5r Dias P\u00e5 toppen Tor-Henning Olsen 3. plass v\u00e5r Dias Sahara, Tunisia 2 &#8211; 91607&#46;&#46;&#46;","og_url":"https:\/\/bekkalokket.no\/index.php\/klubbkonkurranser-2003\/","og_site_name":"Bekkalokket Fotoklubb","article_modified_time":"2022-12-04T12:03:46+00:00","twitter_card":"summary_large_image","twitter_misc":{"Ansl. lesetid":"2 minutter"},"schema":{"@context":"https:\/\/schema.org","@graph":[{"@type":"WebPage","@id":"https:\/\/bekkalokket.no\/index.php\/klubbkonkurranser-2003\/","url":"https:\/\/bekkalokket.no\/index.php\/klubbkonkurranser-2003\/","name":"Klubbkonkurranser 2003 - Bekkalokket Fotoklubb","isPartOf":{"@id":"https:\/\/bekkalokket.no\/#website"},"datePublished":"2022-12-04T12:03:40+00:00","dateModified":"2022-12-04T12:03:46+00:00","breadcrumb":{"@id":"https:\/\/bekkalokket.no\/index.php\/klubbkonkurranser-2003\/#breadcrumb"},"inLanguage":"nb-NO","potentialAction":[{"@type":"ReadAction","target":["https:\/\/bekkalokket.no\/index.php\/klubbkonkurranser-2003\/"]}]},{"@type":"BreadcrumbList","@id":"https:\/\/bekkalokket.no\/index.php\/klubbkonkurranser-2003\/#breadcrumb","itemListElement":[{"@type":"ListItem","position":1,"name":"Home","item":"https:\/\/bekkalokket.no\/"},{"@type":"ListItem","position":2,"name":"Klubbkonkurranser 2003"}]},{"@type":"WebSite","@id":"https:\/\/bekkalokket.no\/#website","url":"https:\/\/bekkalokket.no\/","name":"Bekkalokket Fotoklubb","description":"En sosial og aktiv fotoklubb i Bergen","potentialAction":[{"@type":"SearchAction","target":{"@type":"EntryPoint","urlTemplate":"https:\/\/bekkalokket.no\/?s={search_term_string}"},"query-input":{"@type":"PropertyValueSpecification","valueRequired":true,"valueName":"search_term_string"}}],"inLanguage":"nb-NO"}]}},"_links":{"self":[{"href":"https:\/\/bekkalokket.no\/index.php\/wp-json\/wp\/v2\/pages\/5391","targetHints":{"allow":["GET"]}}],"collection":[{"href":"https:\/\/bekkalokket.no\/index.php\/wp-json\/wp\/v2\/pages"}],"about":[{"href":"https:\/\/bekkalokket.no\/index.php\/wp-json\/wp\/v2\/types\/page"}],"author":[{"embeddable":true,"href":"https:\/\/bekkalokket.no\/index.php\/wp-json\/wp\/v2\/users\/2"}],"replies":[{"embeddable":true,"href":"https:\/\/bekkalokket.no\/index.php\/wp-json\/wp\/v2\/comments?post=5391"}],"version-history":[{"count":1,"href":"https:\/\/bekkalokket.no\/index.php\/wp-json\/wp\/v2\/pages\/5391\/revisions"}],"predecessor-version":[{"id":5392,"href":"https:\/\/bekkalokket.no\/index.php\/wp-json\/wp\/v2\/pages\/5391\/revisions\/5392"}],"wp:attachment":[{"href":"https:\/\/bekkalokket.no\/index.php\/wp-json\/wp\/v2\/media?parent=5391"}],"curies":[{"name":"wp","href":"https:\/\/api.w.org\/{rel}","templated":true}]}}