{"id":5587,"date":"2023-02-16T21:25:25","date_gmt":"2023-02-16T19:25:25","guid":{"rendered":"https:\/\/bekkalokket.no\/?page_id=5587"},"modified":"2023-09-19T23:22:17","modified_gmt":"2023-09-19T21:22:17","slug":"bekkalokket-fotoklubb-historisk-oversikt","status":"publish","type":"page","link":"https:\/\/bekkalokket.no\/index.php\/bekkalokket-fotoklubb-historisk-oversikt\/","title":{"rendered":"Bekkalokket Fotoklubb &#8211; historisk oversikt"},"content":{"rendered":"\n<h2 class=\"wp-block-heading\">2020-&#8230;&#8230;..<\/h2>\n\n\n\n<h2 class=\"wp-block-heading\">2020<\/h2>\n\n\n\n<p>Tom Jarane overtok som leder dette \u00e5ret. I januar 2020 var Bekkalokket medarrang\u00f8r i Miroc Digital Circuit, og i juryen i Bergen var Morten Tellefsen fra Bekkalokket FK, Kari Elisabeth Espeland fra T\u00f8nsberg KK og Bengt Carlsson fra Sverige.<\/p>\n\n\n\n<p><\/p>\n\n\n\n<figure class=\"wp-block-image size-large\"><img loading=\"lazy\" decoding=\"async\" width=\"1024\" height=\"507\" src=\"https:\/\/bekkalokket.no\/wp-content\/uploads\/2023\/04\/20201017_191354-scaled-e1682785851366-1024x507.jpg\" alt=\"\" class=\"wp-image-5898\" srcset=\"https:\/\/bekkalokket.no\/wp-content\/uploads\/2023\/04\/20201017_191354-scaled-e1682785851366-1024x507.jpg 1024w, https:\/\/bekkalokket.no\/wp-content\/uploads\/2023\/04\/20201017_191354-scaled-e1682785851366-300x148.jpg 300w, https:\/\/bekkalokket.no\/wp-content\/uploads\/2023\/04\/20201017_191354-scaled-e1682785851366-768x380.jpg 768w, https:\/\/bekkalokket.no\/wp-content\/uploads\/2023\/04\/20201017_191354-scaled-e1682785851366-1536x760.jpg 1536w, https:\/\/bekkalokket.no\/wp-content\/uploads\/2023\/04\/20201017_191354-scaled-e1682785851366-2048x1014.jpg 2048w\" sizes=\"auto, (max-width: 1024px) 100vw, 1024px\" \/><\/figure>\n\n\n\n<p><\/p>\n\n\n\n<p>3rd Fjord-Bergen Exhibition of Photographic Art 2020 hadde 200 deltakere fra 40 land leverte 2890 bilder. I juryen satt Terje Kolbeinsen og Guro Sandg\u00e5rd fra Haugalandet Fotoklubb og Roald Synnev\u00e5g.<\/p>\n\n\n\n<p>I forbindelse med Bergens 950 \u00e5rs jubileum ble den planlagte utstillingen i Kulturhuset Danckert Krohn utsatt p\u00e5 grunn av pandemien. Det ble da en digital utstilling, men i september lyktes det \u00e5 ha en utend\u00f8rs utstilling hvor 30 av klubbens medlemmer deltok med bilder.<\/p>\n\n\n\n<p>12 bilder finansiert av klubbens grasrotmidler ble gitt til Ladeg\u00e5rden Sykehjem.<\/p>\n\n\n\n<p>I det trasige pandemi\u00e5ret ble b\u00e5de sommerfest og julefest avlyst. Ogs\u00e5 den planlagte klubbturen til Gdansk i Polen m\u00e5tte avlyses. Klubbm\u00f8tene ble ogs\u00e5 preget av pandemien, og fra midten av mars var det kun digitale m\u00f8ter p\u00e5 Zoom. Tom Jarane og Endre M. Lidal gjorde en fantastisk jobb med \u00e5 produsere digitalt innhold til nettm\u00f8tene som resulterte i \u00abEksponert\u00bb-serien hvor 15 av klubbens medlemmer ble portrettert\/intervjuvet. Begge to fikk \u00abst\u00e5 p\u00e5 prisen\u00bb for dette. Eksponert er publisert gjennom YouTube: <a href=\"https:\/\/www.youtube.com\/playlist?list=PL9KEAnULz9YrF_lMH0yQ3M8BjhmNMbISu\">https:\/\/www.youtube.com\/playlist?list=PL9KEAnULz9YrF_lMH0yQ3M8BjhmNMbISu<\/a><strong><\/strong><\/p>\n\n\n\n<p>H\u00f8sten 2020 ble preget av hybridm\u00f8ter der inntil 20 medlemmer kunne melde seg p\u00e5 for fysisk oppm\u00f8te. Hybridm\u00f8tene ble arrangert av Tom og Endre, og ekstra lydutstyr ble kj\u00f8pt inn for \u00e5 kunne b\u00e5de sende og motta lyd fra de som deltok i salen og de som deltok via Zoom. P\u00e5 denne m\u00e5ten klarte klubben \u00e5 opprettholde ukentlige m\u00f8ter. F\u00f8r det ble korona-nedstenging var naturfotograf Tommy Solberg i klubben. Vi hadde mange interne foredragsholdere og av eksterne foredrag kan nevnes Atle Ove Martinussen, Atle Sveen og Ragne Kristine Sigmond. I oktober ble det holdt en utend\u00f8rs portrett-workshop i Musehagen med Raymond Lakshol som instrukt\u00f8r. <strong><\/strong><\/p>\n\n\n\n<p>Juryen i Vestkysten Fotokamp 2020 besto av Tom Jarane, Jan Standal og Elisabeth Skogseth.<\/p>\n\n\n\n<p>\u00c5rets fotograf ble Espen Lossius og \u00e5rets bilde \u00abV\u00e6ren\u00bb var tatt av Audun Nygaard. Klubbens administrative hederstegn i s\u00f8lv ble tildelt Jim Hansen og Janne Lie, bronse ble tildelt Inge Solfjell, Endre Lidal, Espen Lossius, Eli S\u00f8rensen og Torunn Bj\u00f8reid. Plakett i s\u00f8lv med eikel\u00f8v til Arne Bergo.<\/p>\n\n\n\n<p>Bente Nedreb\u00f8 ble tildelt ENSFF\/b og NSMiF\/s. ANSFF og ENSFF til Bj\u00f8rn Reidar Olsson.&nbsp; Internasjonal plakett i bronse med bl\u00e5 emalje, ANSFF og NSMiF\/b til Morten Tellefsen. Internasjonal plakett i s\u00f8lv med bl\u00e5 emalje Asbj\u00f8rn M. Olsen. Internasjonal plakett i gull med orange emalje (8000 poeng), NSMiF\/g og EFIAP\/d1 til Roald. Roald ble ogs\u00e5 tildelt Eksellense S\u00f8lv &#8211; Suomen Kameraseurojen Lutto (Landsforbundet i Finland) for sitt arbeid i Nordisk samarbeid.<\/p>\n\n\n\n<p>Klubben kom p\u00e5 fjerde plass i NM og fikk 10 bilder i \u00e5rboken for 2019<\/p>\n\n\n\n<h2 class=\"wp-block-heading\">2021<\/h2>\n\n\n\n<p>Endre M. Lidal overtok som leder dette \u00e5ret.<\/p>\n\n\n\n<p>Koronaviruset var ogs\u00e5 i 2021 p\u00e5virket aktivitetene i Bekkalokket. Klubben klarte likevel \u00e5 holde m\u00f8teaktiviteten p\u00e5 vanlig niv\u00e5, gjennom \u00e5 benytte digitale teknologier. Foredragsholdere i 2021; Odd H\u00f8ydalsvik, Christian H\u00f8iberg, Hien Lam (2 ganger), Kai Jensen, Wenche Dahle, Rune S\u00e6vig, Julia Anna Gospodarou, Riccardo Busi, Knut-Inge Johnsen og Malin Barth. I tillegg var som vanlig mange av klubbens medlemmer aktiv med foredrag.<\/p>\n\n\n\n<p>P\u00e5 tross av korona-restriksjoner klarte klubben likevel \u00e5 arrangere b\u00e5de sommerfest p\u00e5 Sunnfjordlaget sin hytte p\u00e5 Stamsneset og julefest i klubblokalet. P\u00e5 tross av varierende koronarestriksjoner klarte Workshop-komiteen \u00e5 f\u00e5 til en workshop i gatefoto med Trond Lindholm som mentor. Utstillingskomiteen, i lag med Terje Bergesen og Roald Synnev\u00e5g, fikk designet og produsert (elever ved Sl\u00e5tthaug VGS) 9 utstillings vegger som t\u00e5ler \u00e5 brukes til utend\u00f8rs utstillinger.<\/p>\n\n\n\n<p>Klubben var ogs\u00e5 i 2021 medarrang\u00f8r i Miroc Digital Circuit. Rolf Sylta og Tove F\u00f8lid, begge fra Bergen Kameraklubb og Roald Synnev\u00e5g juryerte. Grasrotmidlene ble brukt til 12 bilder som ble gitt til \u00c5rets grasrotutstilling bli gitt til Bergen R\u00f8de Kors sykehjem. Terje Bergesen inviterte Bekkalokket sine medlemmer for fjerde gang til Strandryddedag i Tj\u00f8revika p\u00e5 Misje i \u00d8ygarden.<\/p>\n\n\n\n<p>4th Fjord-Bergen Exhibition of Photographic Art 2021 ble arrangert i oktober. Juryen besto av Riccardo Busi, FIAP president, Italia, Bj\u00f8rn Ole Nyborg, Kristiansand og Astrid Bergo fra Bekkalokket FK. 171 deltakere fra 38 land leverte 2400 bilder. 4 klasser, farge, mono, natur og portrett menneske og\/eller kj\u00e6ledyr. NSFF pokaler gikk til Bryne Fotoklubb som beste norske klubb, og til Vegard Hansen fra samme klubb som beste norske fotograf. Beste fotograf totalt ble Daniel Lybaert som fikk FIAP blue pin.<\/p>\n\n\n\n<p>\u00c5rets fotograf ble Asbj\u00f8rn M. Olsen og \u00e5rets bilde \u00abBavallen roadgap 3\u00bb var tatt av Kjell Eirik Irgens Henanger. Klubbens administrative hederstegn i bronse ble tildelt Eva Virkesdal Eidsheim, Kirsten Boye S\u00e6tre. Plakett i bronse med eikel\u00f8v til Kristin Risa. Arne Bergo ble tildelt EFIAP\/p, NSMiF\/g og ENSFF\/s. Bj\u00f8rn Reidar Olsson, Morten Tellefsen fikk NSMiF\/s og Nasjonal plakett bronse med r\u00f8d emalje, Merja Olsson fikk NSMiF\/b, Bente Nedreb\u00f8 fikk MNFFF\/b, Astrid Bergo, Asbj\u00f8rn M. Olsen fikk AFIAP og Internasjonal plakett i gull med gr\u00f8nn emalje. Roald Synnev\u00e5g fikk GPU Aphrodite, NSMiF\/p og EFIAP\/d2. I tillegg ble det delt ut 12 nasjonale plaketter og 16 internasjonale plaketter.<\/p>\n\n\n\n<p>Gunnar Bye fikk \u00abSt\u00e5 p\u00e5 prisen\u00bb for sitt engasjement for printing av bilder og for \u00e5 ha bidratt s\u00e5 sterkt til at klubbens medlemmer kunne levere mange print til konkurranser i 2021<\/p>\n\n\n\n<p>Bergensjuryen i Vestkysten Fotokamp var: Tom Jarane, Bente Nedreb\u00f8 og Endre M. Lidal.<\/p>\n\n\n\n<p>Klubben kom p\u00e5 en skuffende 11 plass i Klubb NM, men fikk 12 bilder i \u00e5rboken for 2020, og var nok en gang den klubben med flest bilder i boken. Klubben kom p\u00e5 172 plass av 218 klubber i 16th FIAP Clubs World Cup.<\/p>\n\n\n\n<p>Bekkalokket FK ble tildelt Bergen kommune sin kulturpris 2021 for Bergenhus bydel. Dette er en stor \u00e6re og en flott annerkjennelse for all den frivillige innsatsen medlemmene legger ned i klubbarbeid.<\/p>\n\n\n\n<h2 class=\"wp-block-heading\">2022 \u2013 45 \u00e5rs jubileum<\/h2>\n\n\n\n<p>Koronaviruset hadde ogs\u00e5 i 2022 p\u00e5virket aktivitetene i Bekkalokket, men i mye mindre grad enn foreg\u00e5ende \u00e5r. M\u00f8tene i januar ble avholdt p\u00e5 Zoom. Klubbens medlemstall holdt seg relativt stabilt gjennom pandemitiden.<\/p>\n\n\n\n<p>\u00c5rets fotograf ble Morten Tellefsen, som ogs\u00e5 vant \u00e5rets bilde med \u00abSnow walk\u00bb<\/p>\n\n\n\n<p>Klubbens administrative hederstegn i gull ble tildelt Marit Oset Fagerheim. Endre M. Lidal, John Vint, Inge Solfjel fikk s\u00f8lv og bronse til Anders Fotland, Tommy Rong.<\/p>\n\n\n\n<p>Arne Bergo ble tildelt ENSFF-G, NSMiF\/p og HonENFFF. ANSFF ble tildelt Asbj\u00f8rn M. Olsen, Astrid Bergo, Merja Olsson, Oddhild Lien. Morten Tellefsen ble tildelt Nasjonal plakett s\u00f8lv med r\u00f8d emalje (300 poeng), Internasjonal plakett i s\u00f8lv med bl\u00e5 emalje (500 poeng) og NSMiF\/g. Gunnar Bye ble tildelt Internasjonal plakett i bronse med bl\u00e5 emalje (250 poeng), Nasjonal plakett bronse med r\u00f8d emalje (200 poeng) og NSMiF\/b. Asbj\u00f8rn M. Olsen fikk NSMiF\/b og EFIAP. Kjell Eirik Irgens Henanger ble tildelt Internasjonal plakett i bronse med bl\u00e5 emalje (250 poeng) og AFIAP. Bente Nedreb\u00f8 og Bj\u00f8rn Reidar Olsson fikk NSMiF\/g. Roald ble tildelt Nasjonal plakett gull med r\u00f8d emalje (600 poeng), Internasjonal plakett i bronse med lilla emalje (10000 poeng), MNFFF-B, APSA Associate, GPU Hermes og EFIAP\/d3. Roald ble ogs\u00e5 tildelt \u00abRiksforbundet Svensk Fotografi (RSF) &#8211; F\u00f6rtj\u00e4nsttecken i guld, for gagnerikt arbete f\u00f6r fotografien\u00bb. &nbsp;<\/p>\n\n\n\n<p>Eksterne foredragsholdere i 2022: Anders Lundberg, Morten L\u00f8berg, Malin Barth, Kevin Mullins, Vemund Grimstad, Ole Grundt Hvoslef, Stephanie Johnson og Arne Martin Guddal.<\/p>\n\n\n\n<p>26.mars var det stor jubileumsfest i Kalfaret Selskapslokale (D\u00f8veforeningen), arrangert av Jubileumskomiteen. Det ble servert 3 retters middag, samt kaker og kaffe. Ispedd dette var det mange taler, bl.a. fra leder i NSFF og leder i Bekkalokket.<\/p>\n\n\n\n<p>Jubileumskomiteen hadde ogs\u00e5 forberedt en overraskelse til medlemmene p\u00e5 jubileumsfesten, i form av en overraskelsesfilm. Basert p\u00e5 innsendte bilder fra medlemmene hadde fotograf og kunstner Ole Grundt Hvoslef animert en flott film og satt til musikk og lydeffekter. Denne filmen ble tatt imot med rungende applaus og mange lovord. (S\u00e5 godt likte vi filmen at den ble vist igjen under \u00e5pningen av Nasjonalt Film- og Fototreff som vi arrangerte i mai).<\/p>\n\n\n\n<p>I jubileums\u00e5r har vi ogs\u00e5 mulighet til \u00e5 dele ut \u00e6resmedlemskap i Bekkalokket Fotoklubb. Det er styret, sammen med eksisterende \u00e6resmedlemmer som vurderer innkomne forslag til kandidater og i 2022 ble det utdelt \u00e6resmedlemskap til Annie Elisabeth Bj\u00f8rklund og Kari Mikalsen. Annie fikk sitt \u00e6resmedlemskap utdelt under jubileumsfesten. Kari var ikke tilstedes der og fikk derfor sitt \u00e6resmedlemskap under festmiddagen p\u00e5 Nasjonalt Film- og Fototreff.<\/p>\n\n\n\n<p>Klubben arrangerte Nasjonalt Film- og Fototreff i mai p\u00e5 hotell Scandic \u00d8rnen. Det var 88 betalende deltagere p\u00e5 treffet hvor 23 klubber var representert. P\u00e5 fredag deltok 67 p\u00e5 middag p\u00e5 hotellet og p\u00e5 l\u00f8rdag deltok 96 p\u00e5 festmiddagen p\u00e5 Fl\u00f8yrestauranten. Deler av NSFF sin \u00e5rbokutstilling 2021 ble stilt ut. Det var mange eksterne foredragsholdere; Odd Mehus, Otto Munchow, Hien Lam og Susanne \u00d8rbeck, NSFF Filmutvalg og workshop med Pernille Sommer. Marit Oset Fagerheim var den som var ansvarlig for treffet og styrte med en sikker h\u00e5nd.<\/p>\n\n\n\n<p>I anledning 45 \u00e5rs jubileum hadde klubben utend\u00f8rsutstilling p\u00e5 de nye utstillingsveggene. T\u00e5rnplass, Lagunen senter og \u00c5sane senter. 31 medlemmer hadde med 57 bilder.<\/p>\n\n\n\n<p>Det ble ogs\u00e5 utstilling av 11 bilder i butikken til Cewe og hos Foto.no. 24 medlemmer deltok p\u00e5 utstilling i Sunnivas minnefond p\u00e5 \u00c5sane kulturhus<\/p>\n\n\n\n<p>Bekkalokket Fotoklubb arrangerte 5th Fjord-Bergen internasjonale fotokonkurranse. 194 deltakere fra 31 land fra alle verdensdeler som sendte inn 2143 bilder. Juryen har best\u00e5tt av Vegard Hanssen fra Bryne FK, Rolf Sylta fra Bergen KK og Bente Nedreb\u00f8 fra Bekkalokket FK. Beste autor ble Kranitz Roland fra Ungarn, som fikk FIAP Blue pin. Beste norske fotograf Nina Carlsen- Bryne Fotoklubb, blir tildelt NSFF pokal. Beste norske klubb blir tildelt NSFF pokal, som gikk til Bryne Fotoklubb. Utstillings\u00e5pningen, med 20 innrammede medaljebilder, fant sted i klubbens lokaler p\u00e5 Nordnes Bydelshus. Der var ogs\u00e5 visning av alle de 135 premierte bildene. Det var premieutdeling til de av de premierte fotografene som hadde mulighet til \u00e5 komme. Utstillingen ble etterp\u00e5 flyttet til Bergen lufthavn, hvor den ble st\u00e5ende i to uker til glede for ankomne passasjerer fra utlandet.<\/p>\n\n\n\n<p>I Bekkalokket sin jury i Vestkysten Fotokamp var Endre M. Lidal, Roy Birger Nilsen og John Vint.<\/p>\n\n\n\n<p>B\u00e5de sommerfest i Sunnfjordlagets hytte og julefest i klubblokalet var tilbake i god gammel tradisjon, med offentliggj\u00f8ring av konkurransene, premieutdeling og ikke minst god mat og god stemning.<\/p>\n\n\n\n<p>\u00abSt\u00e5-p\u00e5-prisen\u00bb for 2022 gikk til Roald Synnev\u00e5g og til Bente Nedreb\u00f8. Roald fikk prisen for det enorme arbeidet han legger ned for klubben og klubbens medlemmer, samt for \u00e5 fremme klubben i inn og utland. Bente fikk prisen for sin lange tjeneste som leder for konkurransekomit\u00e9en v\u00e5r<\/p>\n\n\n\n<p>I 2022 kom Bekkalokket p\u00e5 en oppl\u00f8ftende 3. plass i Klubb NM og klubben kom p\u00e5 en 111. plass av 224 i 17th FIAP Clubs World Cup. Bekkalokket Fotoklubb fikk 11 bilder i \u00e5rboken for 2021, deriblant forsidebildet av Audun Nygaard.<\/p>\n","protected":false},"excerpt":{"rendered":"<p>2020-&#8230;&#8230;.. 2020 Tom Jarane overtok som leder dette \u00e5ret. I januar 2020 var Bekkalokket medarrang\u00f8r i Miroc Digital Circuit, og i juryen i Bergen var Morten Tellefsen fra Bekkalokket FK, Kari Elisabeth Espeland fra&#46;&#46;&#46;<\/p>\n","protected":false},"author":5,"featured_media":0,"parent":0,"menu_order":0,"comment_status":"closed","ping_status":"closed","template":"","meta":{"footnotes":""},"class_list":["post-5587","page","type-page","status-publish","hentry"],"yoast_head":"<!-- This site is optimized with the Yoast SEO plugin v27.5 - https:\/\/yoast.com\/product\/yoast-seo-wordpress\/ -->\n<title>Bekkalokket Fotoklubb - historisk oversikt - Bekkalokket Fotoklubb<\/title>\n<meta name=\"robots\" content=\"index, follow, max-snippet:-1, max-image-preview:large, max-video-preview:-1\" \/>\n<link rel=\"canonical\" href=\"https:\/\/bekkalokket.no\/index.php\/bekkalokket-fotoklubb-historisk-oversikt\/\" \/>\n<meta property=\"og:locale\" content=\"nb_NO\" \/>\n<meta property=\"og:type\" content=\"article\" \/>\n<meta property=\"og:title\" content=\"Bekkalokket Fotoklubb - historisk oversikt - Bekkalokket Fotoklubb\" \/>\n<meta property=\"og:description\" content=\"2020-&#8230;&#8230;.. 2020 Tom Jarane overtok som leder dette \u00e5ret. I januar 2020 var Bekkalokket medarrang\u00f8r i Miroc Digital Circuit, og i juryen i Bergen var Morten Tellefsen fra Bekkalokket FK, Kari Elisabeth Espeland fra&#046;&#046;&#046;\" \/>\n<meta property=\"og:url\" content=\"https:\/\/bekkalokket.no\/index.php\/bekkalokket-fotoklubb-historisk-oversikt\/\" \/>\n<meta property=\"og:site_name\" content=\"Bekkalokket Fotoklubb\" \/>\n<meta property=\"article:modified_time\" content=\"2023-09-19T21:22:17+00:00\" \/>\n<meta property=\"og:image\" content=\"https:\/\/bekkalokket.no\/wp-content\/uploads\/2023\/04\/20201017_191354-scaled-e1682785851366-1024x507.jpg\" \/>\n<meta name=\"twitter:card\" content=\"summary_large_image\" \/>\n<meta name=\"twitter:label1\" content=\"Ansl. lesetid\" \/>\n\t<meta name=\"twitter:data1\" content=\"10 minutter\" \/>\n<script type=\"application\/ld+json\" class=\"yoast-schema-graph\">{\"@context\":\"https:\\\/\\\/schema.org\",\"@graph\":[{\"@type\":\"WebPage\",\"@id\":\"https:\\\/\\\/bekkalokket.no\\\/index.php\\\/bekkalokket-fotoklubb-historisk-oversikt\\\/\",\"url\":\"https:\\\/\\\/bekkalokket.no\\\/index.php\\\/bekkalokket-fotoklubb-historisk-oversikt\\\/\",\"name\":\"Bekkalokket Fotoklubb - historisk oversikt - Bekkalokket Fotoklubb\",\"isPartOf\":{\"@id\":\"https:\\\/\\\/bekkalokket.no\\\/#website\"},\"primaryImageOfPage\":{\"@id\":\"https:\\\/\\\/bekkalokket.no\\\/index.php\\\/bekkalokket-fotoklubb-historisk-oversikt\\\/#primaryimage\"},\"image\":{\"@id\":\"https:\\\/\\\/bekkalokket.no\\\/index.php\\\/bekkalokket-fotoklubb-historisk-oversikt\\\/#primaryimage\"},\"thumbnailUrl\":\"https:\\\/\\\/bekkalokket.no\\\/wp-content\\\/uploads\\\/2023\\\/04\\\/20201017_191354-scaled-e1682785851366-1024x507.jpg\",\"datePublished\":\"2023-02-16T19:25:25+00:00\",\"dateModified\":\"2023-09-19T21:22:17+00:00\",\"breadcrumb\":{\"@id\":\"https:\\\/\\\/bekkalokket.no\\\/index.php\\\/bekkalokket-fotoklubb-historisk-oversikt\\\/#breadcrumb\"},\"inLanguage\":\"nb-NO\",\"potentialAction\":[{\"@type\":\"ReadAction\",\"target\":[\"https:\\\/\\\/bekkalokket.no\\\/index.php\\\/bekkalokket-fotoklubb-historisk-oversikt\\\/\"]}]},{\"@type\":\"ImageObject\",\"inLanguage\":\"nb-NO\",\"@id\":\"https:\\\/\\\/bekkalokket.no\\\/index.php\\\/bekkalokket-fotoklubb-historisk-oversikt\\\/#primaryimage\",\"url\":\"https:\\\/\\\/bekkalokket.no\\\/wp-content\\\/uploads\\\/2023\\\/04\\\/20201017_191354-scaled-e1682785851366.jpg\",\"contentUrl\":\"https:\\\/\\\/bekkalokket.no\\\/wp-content\\\/uploads\\\/2023\\\/04\\\/20201017_191354-scaled-e1682785851366.jpg\",\"width\":2560,\"height\":1267},{\"@type\":\"BreadcrumbList\",\"@id\":\"https:\\\/\\\/bekkalokket.no\\\/index.php\\\/bekkalokket-fotoklubb-historisk-oversikt\\\/#breadcrumb\",\"itemListElement\":[{\"@type\":\"ListItem\",\"position\":1,\"name\":\"Home\",\"item\":\"https:\\\/\\\/bekkalokket.no\\\/\"},{\"@type\":\"ListItem\",\"position\":2,\"name\":\"Bekkalokket Fotoklubb &#8211; historisk oversikt\"}]},{\"@type\":\"WebSite\",\"@id\":\"https:\\\/\\\/bekkalokket.no\\\/#website\",\"url\":\"https:\\\/\\\/bekkalokket.no\\\/\",\"name\":\"Bekkalokket Fotoklubb\",\"description\":\"En sosial og aktiv fotoklubb i Bergen\",\"potentialAction\":[{\"@type\":\"SearchAction\",\"target\":{\"@type\":\"EntryPoint\",\"urlTemplate\":\"https:\\\/\\\/bekkalokket.no\\\/?s={search_term_string}\"},\"query-input\":{\"@type\":\"PropertyValueSpecification\",\"valueRequired\":true,\"valueName\":\"search_term_string\"}}],\"inLanguage\":\"nb-NO\"}]}<\/script>\n<!-- \/ Yoast SEO plugin. -->","yoast_head_json":{"title":"Bekkalokket Fotoklubb - historisk oversikt - Bekkalokket Fotoklubb","robots":{"index":"index","follow":"follow","max-snippet":"max-snippet:-1","max-image-preview":"max-image-preview:large","max-video-preview":"max-video-preview:-1"},"canonical":"https:\/\/bekkalokket.no\/index.php\/bekkalokket-fotoklubb-historisk-oversikt\/","og_locale":"nb_NO","og_type":"article","og_title":"Bekkalokket Fotoklubb - historisk oversikt - Bekkalokket Fotoklubb","og_description":"2020-&#8230;&#8230;.. 2020 Tom Jarane overtok som leder dette \u00e5ret. I januar 2020 var Bekkalokket medarrang\u00f8r i Miroc Digital Circuit, og i juryen i Bergen var Morten Tellefsen fra Bekkalokket FK, Kari Elisabeth Espeland fra&#46;&#46;&#46;","og_url":"https:\/\/bekkalokket.no\/index.php\/bekkalokket-fotoklubb-historisk-oversikt\/","og_site_name":"Bekkalokket Fotoklubb","article_modified_time":"2023-09-19T21:22:17+00:00","og_image":[{"url":"https:\/\/bekkalokket.no\/wp-content\/uploads\/2023\/04\/20201017_191354-scaled-e1682785851366-1024x507.jpg","type":"","width":"","height":""}],"twitter_card":"summary_large_image","twitter_misc":{"Ansl. lesetid":"10 minutter"},"schema":{"@context":"https:\/\/schema.org","@graph":[{"@type":"WebPage","@id":"https:\/\/bekkalokket.no\/index.php\/bekkalokket-fotoklubb-historisk-oversikt\/","url":"https:\/\/bekkalokket.no\/index.php\/bekkalokket-fotoklubb-historisk-oversikt\/","name":"Bekkalokket Fotoklubb - historisk oversikt - Bekkalokket Fotoklubb","isPartOf":{"@id":"https:\/\/bekkalokket.no\/#website"},"primaryImageOfPage":{"@id":"https:\/\/bekkalokket.no\/index.php\/bekkalokket-fotoklubb-historisk-oversikt\/#primaryimage"},"image":{"@id":"https:\/\/bekkalokket.no\/index.php\/bekkalokket-fotoklubb-historisk-oversikt\/#primaryimage"},"thumbnailUrl":"https:\/\/bekkalokket.no\/wp-content\/uploads\/2023\/04\/20201017_191354-scaled-e1682785851366-1024x507.jpg","datePublished":"2023-02-16T19:25:25+00:00","dateModified":"2023-09-19T21:22:17+00:00","breadcrumb":{"@id":"https:\/\/bekkalokket.no\/index.php\/bekkalokket-fotoklubb-historisk-oversikt\/#breadcrumb"},"inLanguage":"nb-NO","potentialAction":[{"@type":"ReadAction","target":["https:\/\/bekkalokket.no\/index.php\/bekkalokket-fotoklubb-historisk-oversikt\/"]}]},{"@type":"ImageObject","inLanguage":"nb-NO","@id":"https:\/\/bekkalokket.no\/index.php\/bekkalokket-fotoklubb-historisk-oversikt\/#primaryimage","url":"https:\/\/bekkalokket.no\/wp-content\/uploads\/2023\/04\/20201017_191354-scaled-e1682785851366.jpg","contentUrl":"https:\/\/bekkalokket.no\/wp-content\/uploads\/2023\/04\/20201017_191354-scaled-e1682785851366.jpg","width":2560,"height":1267},{"@type":"BreadcrumbList","@id":"https:\/\/bekkalokket.no\/index.php\/bekkalokket-fotoklubb-historisk-oversikt\/#breadcrumb","itemListElement":[{"@type":"ListItem","position":1,"name":"Home","item":"https:\/\/bekkalokket.no\/"},{"@type":"ListItem","position":2,"name":"Bekkalokket Fotoklubb &#8211; historisk oversikt"}]},{"@type":"WebSite","@id":"https:\/\/bekkalokket.no\/#website","url":"https:\/\/bekkalokket.no\/","name":"Bekkalokket Fotoklubb","description":"En sosial og aktiv fotoklubb i Bergen","potentialAction":[{"@type":"SearchAction","target":{"@type":"EntryPoint","urlTemplate":"https:\/\/bekkalokket.no\/?s={search_term_string}"},"query-input":{"@type":"PropertyValueSpecification","valueRequired":true,"valueName":"search_term_string"}}],"inLanguage":"nb-NO"}]}},"_links":{"self":[{"href":"https:\/\/bekkalokket.no\/index.php\/wp-json\/wp\/v2\/pages\/5587","targetHints":{"allow":["GET"]}}],"collection":[{"href":"https:\/\/bekkalokket.no\/index.php\/wp-json\/wp\/v2\/pages"}],"about":[{"href":"https:\/\/bekkalokket.no\/index.php\/wp-json\/wp\/v2\/types\/page"}],"author":[{"embeddable":true,"href":"https:\/\/bekkalokket.no\/index.php\/wp-json\/wp\/v2\/users\/5"}],"replies":[{"embeddable":true,"href":"https:\/\/bekkalokket.no\/index.php\/wp-json\/wp\/v2\/comments?post=5587"}],"version-history":[{"count":4,"href":"https:\/\/bekkalokket.no\/index.php\/wp-json\/wp\/v2\/pages\/5587\/revisions"}],"predecessor-version":[{"id":5901,"href":"https:\/\/bekkalokket.no\/index.php\/wp-json\/wp\/v2\/pages\/5587\/revisions\/5901"}],"wp:attachment":[{"href":"https:\/\/bekkalokket.no\/index.php\/wp-json\/wp\/v2\/media?parent=5587"}],"curies":[{"name":"wp","href":"https:\/\/api.w.org\/{rel}","templated":true}]}}