{"id":6531,"date":"2023-05-22T11:41:54","date_gmt":"2023-05-22T09:41:54","guid":{"rendered":"https:\/\/bekkalokket.no\/?page_id=6531"},"modified":"2023-05-22T11:41:55","modified_gmt":"2023-05-22T09:41:55","slug":"landsmote-2004-koster","status":"publish","type":"page","link":"https:\/\/bekkalokket.no\/index.php\/landsmote-2004-koster\/","title":{"rendered":"Landsm\u00f8te 2004 Koster"},"content":{"rendered":"\n<p>Landsm\u00f8te 2004 ble avholdt p\u00e5 Koster utenfor Str\u00f8mstad i Sverige med 4 deltagere fra klubben, Terje Bergesen, Svein Skj\u00f8tskift, Roald Synnev\u00e5g og\u00a0Jan Standal\u00a0med presidentfrue (Kirsti). Klubbens utskremte medlemmer holdt som vanlig en h\u00f8y profil b\u00e5de sosialt og som representanter p\u00e5 Landsm\u00f8tet.<\/p>\n\n\n\n<p>Valg av nytt styre i NSFF gikk denne gangen smertefritt, da alle posisjoner i styret var fylt opp av valgkomiteen. Roald Synnev\u00e5g ble valgt som sekret\u00e6r og leder i programtjenesten. Kari Mikalsen og Tor Henning Olsen gikk inn som medlemmer i samme komite. \u00d8ystein Anfinsen ble valgt for 2 \u00e5r som medrevisor til\u00a0Jan Standal\u00a0som ble valgt \u00e5ret f\u00f8r. Svein skj\u00f8tskift sto ikke p\u00e5 valg og fortsetter som kasserer 1 \u00e5r til. Roald Synnev\u00e5g fortsetter med scanning av bildearkivet til NSFF. Jan og Roald viste en power point presentasjon i klubblederm\u00f8te med tema: &#8221; Hvordan drive en fotoklubb.&#8221; med p\u00e5f\u00f8lgende diskusjon. Det viser seg at v\u00e5r klubb er i s\u00e6rklasse n\u00e5r det gjelder bla. kvalitetssikring og organisering. Vi har mye \u00e5 tilf\u00f8re til andre fotoklubber i Norge. Det er noe vi mer en gjerne gj\u00f8r, og h\u00e5per at det kan v\u00e6re til nytte for b\u00e5de klubber og NSFF. Mange klager over at NSFF som organisasjon ikke gj\u00f8r nok for klubbene, men hva tilf\u00f8rer klubbene til organisasjonen? det var noe vi pr\u00f8vde \u00e5 sette fokus p\u00e5. Bekkalokket FK har siden slutten p\u00e5 \u00e5ttitallet bidratt med mye innad i NSFF, og nok en gang tar vi ansvar f\u00f8r \u00e5 f\u00f8re NSFF videre.<\/p>\n\n\n\n<p>Klubben markerte seg ikke bare p\u00e5 det administrative plan innen NSFF, men ogs\u00e5 fotografisk, med mange flotte plasseringer i Landskonkurransen. Rolf Rose Jensen fikk en gull,- og en s\u00f8lvmedalje samt to hederlig omtalte bilder. Kari Mikalsen fikk en gullmedalje og et antatt bilde, Tine Irlin Christensen fikk en bronsemedalje og to antatte bilder, Jonny Jacobsen fikk en bronsemedalje.\u00a0Jan Standal\u00a0fikk et antatt bilde. Det er ekstra hyggelig for klubben og de autorene det gjelder at det i denne runden av Landskonkurransen er \u201dnye navn\u201d p\u00e5 resultatlistene, og det viser at klubben har stor bredde. Klubben leder sammenlagt og Rolf er forel\u00f8pig beste fotograf. Men vi skal ikke hvile p\u00e5 laurb\u00e6rene, til h\u00f8sten er det kolleksjon som tema i Landskonkurransen, og vi vet at det er andre fotoklubber og fotografer som skal mobilisere for \u00e5 sl\u00e5 oss. N\u00e5 m\u00e5 vi tenke kolleksjon fremover, og det blir helt sikkert et tema som vi skal jobbe med p\u00e5 klubbkveldene i sommer og frem til Landskonkurransen til h\u00f8sten.<\/p>\n\n\n\n<figure class=\"wp-block-gallery has-nested-images columns-default is-cropped wp-block-gallery-2 is-layout-flex wp-block-gallery-is-layout-flex\">\n<figure class=\"wp-block-image size-large\"><img loading=\"lazy\" decoding=\"async\" width=\"590\" height=\"416\" data-id=\"6541\" src=\"https:\/\/bekkalokket.no\/wp-content\/uploads\/2023\/05\/213.jpg\" alt=\"\" class=\"wp-image-6541\" srcset=\"https:\/\/bekkalokket.no\/wp-content\/uploads\/2023\/05\/213.jpg 590w, https:\/\/bekkalokket.no\/wp-content\/uploads\/2023\/05\/213-300x212.jpg 300w\" sizes=\"auto, (max-width: 590px) 100vw, 590px\" \/><\/figure>\n\n\n\n<figure class=\"wp-block-image size-large\"><img loading=\"lazy\" decoding=\"async\" width=\"292\" height=\"195\" data-id=\"6549\" src=\"https:\/\/bekkalokket.no\/wp-content\/uploads\/2023\/05\/221.jpg\" alt=\"\" class=\"wp-image-6549\"\/><\/figure>\n\n\n\n<figure class=\"wp-block-image size-large\"><img loading=\"lazy\" decoding=\"async\" width=\"292\" height=\"195\" data-id=\"6548\" src=\"https:\/\/bekkalokket.no\/wp-content\/uploads\/2023\/05\/220.jpg\" alt=\"\" class=\"wp-image-6548\"\/><\/figure>\n\n\n\n<figure class=\"wp-block-image size-large\"><img loading=\"lazy\" decoding=\"async\" width=\"292\" height=\"195\" data-id=\"6547\" src=\"https:\/\/bekkalokket.no\/wp-content\/uploads\/2023\/05\/219.jpg\" alt=\"\" class=\"wp-image-6547\"\/><\/figure>\n\n\n\n<figure class=\"wp-block-image size-large\"><img loading=\"lazy\" decoding=\"async\" width=\"292\" height=\"195\" data-id=\"6546\" src=\"https:\/\/bekkalokket.no\/wp-content\/uploads\/2023\/05\/218.jpg\" alt=\"\" class=\"wp-image-6546\"\/><\/figure>\n\n\n\n<figure class=\"wp-block-image size-large\"><img loading=\"lazy\" decoding=\"async\" width=\"292\" height=\"219\" data-id=\"6545\" src=\"https:\/\/bekkalokket.no\/wp-content\/uploads\/2023\/05\/217.jpg\" alt=\"\" class=\"wp-image-6545\"\/><\/figure>\n\n\n\n<figure class=\"wp-block-image size-large\"><img loading=\"lazy\" decoding=\"async\" width=\"292\" height=\"219\" data-id=\"6544\" src=\"https:\/\/bekkalokket.no\/wp-content\/uploads\/2023\/05\/216.jpg\" alt=\"\" class=\"wp-image-6544\"\/><\/figure>\n\n\n\n<figure class=\"wp-block-image size-large\"><img loading=\"lazy\" decoding=\"async\" width=\"292\" height=\"195\" data-id=\"6543\" src=\"https:\/\/bekkalokket.no\/wp-content\/uploads\/2023\/05\/215.jpg\" alt=\"\" class=\"wp-image-6543\"\/><\/figure>\n\n\n\n<figure class=\"wp-block-image size-large\"><img loading=\"lazy\" decoding=\"async\" width=\"292\" height=\"195\" data-id=\"6542\" src=\"https:\/\/bekkalokket.no\/wp-content\/uploads\/2023\/05\/214.jpg\" alt=\"\" class=\"wp-image-6542\"\/><\/figure>\n<\/figure>\n","protected":false},"excerpt":{"rendered":"<p>Landsm\u00f8te 2004 ble avholdt p\u00e5 Koster utenfor Str\u00f8mstad i Sverige med 4 deltagere fra klubben, Terje Bergesen, Svein Skj\u00f8tskift, Roald Synnev\u00e5g og\u00a0Jan Standal\u00a0med presidentfrue (Kirsti). Klubbens utskremte medlemmer holdt som vanlig en h\u00f8y profil&#46;&#46;&#46;<\/p>\n","protected":false},"author":2,"featured_media":0,"parent":0,"menu_order":0,"comment_status":"closed","ping_status":"closed","template":"","meta":{"footnotes":""},"class_list":["post-6531","page","type-page","status-publish","hentry"],"yoast_head":"<!-- This site is optimized with the Yoast SEO plugin v27.5 - https:\/\/yoast.com\/product\/yoast-seo-wordpress\/ -->\n<title>Landsm\u00f8te 2004 Koster - Bekkalokket Fotoklubb<\/title>\n<meta name=\"robots\" content=\"index, follow, max-snippet:-1, max-image-preview:large, max-video-preview:-1\" \/>\n<link rel=\"canonical\" href=\"https:\/\/bekkalokket.no\/index.php\/landsmote-2004-koster\/\" \/>\n<meta property=\"og:locale\" content=\"nb_NO\" \/>\n<meta property=\"og:type\" content=\"article\" \/>\n<meta property=\"og:title\" content=\"Landsm\u00f8te 2004 Koster - Bekkalokket Fotoklubb\" \/>\n<meta property=\"og:description\" content=\"Landsm\u00f8te 2004 ble avholdt p\u00e5 Koster utenfor Str\u00f8mstad i Sverige med 4 deltagere fra klubben, Terje Bergesen, Svein Skj\u00f8tskift, Roald Synnev\u00e5g og\u00a0Jan Standal\u00a0med presidentfrue (Kirsti). Klubbens utskremte medlemmer holdt som vanlig en h\u00f8y profil&#046;&#046;&#046;\" \/>\n<meta property=\"og:url\" content=\"https:\/\/bekkalokket.no\/index.php\/landsmote-2004-koster\/\" \/>\n<meta property=\"og:site_name\" content=\"Bekkalokket Fotoklubb\" \/>\n<meta property=\"article:modified_time\" content=\"2023-05-22T09:41:55+00:00\" \/>\n<meta property=\"og:image\" content=\"https:\/\/bekkalokket.no\/wp-content\/uploads\/2023\/05\/213.jpg\" \/>\n<meta name=\"twitter:card\" content=\"summary_large_image\" \/>\n<meta name=\"twitter:label1\" content=\"Ansl. lesetid\" \/>\n\t<meta name=\"twitter:data1\" content=\"5 minutter\" \/>\n<script type=\"application\/ld+json\" class=\"yoast-schema-graph\">{\"@context\":\"https:\\\/\\\/schema.org\",\"@graph\":[{\"@type\":\"WebPage\",\"@id\":\"https:\\\/\\\/bekkalokket.no\\\/index.php\\\/landsmote-2004-koster\\\/\",\"url\":\"https:\\\/\\\/bekkalokket.no\\\/index.php\\\/landsmote-2004-koster\\\/\",\"name\":\"Landsm\u00f8te 2004 Koster - Bekkalokket Fotoklubb\",\"isPartOf\":{\"@id\":\"https:\\\/\\\/bekkalokket.no\\\/#website\"},\"primaryImageOfPage\":{\"@id\":\"https:\\\/\\\/bekkalokket.no\\\/index.php\\\/landsmote-2004-koster\\\/#primaryimage\"},\"image\":{\"@id\":\"https:\\\/\\\/bekkalokket.no\\\/index.php\\\/landsmote-2004-koster\\\/#primaryimage\"},\"thumbnailUrl\":\"https:\\\/\\\/bekkalokket.no\\\/wp-content\\\/uploads\\\/2023\\\/05\\\/213.jpg\",\"datePublished\":\"2023-05-22T09:41:54+00:00\",\"dateModified\":\"2023-05-22T09:41:55+00:00\",\"breadcrumb\":{\"@id\":\"https:\\\/\\\/bekkalokket.no\\\/index.php\\\/landsmote-2004-koster\\\/#breadcrumb\"},\"inLanguage\":\"nb-NO\",\"potentialAction\":[{\"@type\":\"ReadAction\",\"target\":[\"https:\\\/\\\/bekkalokket.no\\\/index.php\\\/landsmote-2004-koster\\\/\"]}]},{\"@type\":\"ImageObject\",\"inLanguage\":\"nb-NO\",\"@id\":\"https:\\\/\\\/bekkalokket.no\\\/index.php\\\/landsmote-2004-koster\\\/#primaryimage\",\"url\":\"https:\\\/\\\/bekkalokket.no\\\/wp-content\\\/uploads\\\/2023\\\/05\\\/213.jpg\",\"contentUrl\":\"https:\\\/\\\/bekkalokket.no\\\/wp-content\\\/uploads\\\/2023\\\/05\\\/213.jpg\",\"width\":590,\"height\":416,\"caption\":\"B0041P 0010\"},{\"@type\":\"BreadcrumbList\",\"@id\":\"https:\\\/\\\/bekkalokket.no\\\/index.php\\\/landsmote-2004-koster\\\/#breadcrumb\",\"itemListElement\":[{\"@type\":\"ListItem\",\"position\":1,\"name\":\"Home\",\"item\":\"https:\\\/\\\/bekkalokket.no\\\/\"},{\"@type\":\"ListItem\",\"position\":2,\"name\":\"Landsm\u00f8te 2004 Koster\"}]},{\"@type\":\"WebSite\",\"@id\":\"https:\\\/\\\/bekkalokket.no\\\/#website\",\"url\":\"https:\\\/\\\/bekkalokket.no\\\/\",\"name\":\"Bekkalokket Fotoklubb\",\"description\":\"En sosial og aktiv fotoklubb i Bergen\",\"potentialAction\":[{\"@type\":\"SearchAction\",\"target\":{\"@type\":\"EntryPoint\",\"urlTemplate\":\"https:\\\/\\\/bekkalokket.no\\\/?s={search_term_string}\"},\"query-input\":{\"@type\":\"PropertyValueSpecification\",\"valueRequired\":true,\"valueName\":\"search_term_string\"}}],\"inLanguage\":\"nb-NO\"}]}<\/script>\n<!-- \/ Yoast SEO plugin. -->","yoast_head_json":{"title":"Landsm\u00f8te 2004 Koster - Bekkalokket Fotoklubb","robots":{"index":"index","follow":"follow","max-snippet":"max-snippet:-1","max-image-preview":"max-image-preview:large","max-video-preview":"max-video-preview:-1"},"canonical":"https:\/\/bekkalokket.no\/index.php\/landsmote-2004-koster\/","og_locale":"nb_NO","og_type":"article","og_title":"Landsm\u00f8te 2004 Koster - Bekkalokket Fotoklubb","og_description":"Landsm\u00f8te 2004 ble avholdt p\u00e5 Koster utenfor Str\u00f8mstad i Sverige med 4 deltagere fra klubben, Terje Bergesen, Svein Skj\u00f8tskift, Roald Synnev\u00e5g og\u00a0Jan Standal\u00a0med presidentfrue (Kirsti). Klubbens utskremte medlemmer holdt som vanlig en h\u00f8y profil&#46;&#46;&#46;","og_url":"https:\/\/bekkalokket.no\/index.php\/landsmote-2004-koster\/","og_site_name":"Bekkalokket Fotoklubb","article_modified_time":"2023-05-22T09:41:55+00:00","og_image":[{"url":"https:\/\/bekkalokket.no\/wp-content\/uploads\/2023\/05\/213.jpg","type":"","width":"","height":""}],"twitter_card":"summary_large_image","twitter_misc":{"Ansl. lesetid":"5 minutter"},"schema":{"@context":"https:\/\/schema.org","@graph":[{"@type":"WebPage","@id":"https:\/\/bekkalokket.no\/index.php\/landsmote-2004-koster\/","url":"https:\/\/bekkalokket.no\/index.php\/landsmote-2004-koster\/","name":"Landsm\u00f8te 2004 Koster - Bekkalokket Fotoklubb","isPartOf":{"@id":"https:\/\/bekkalokket.no\/#website"},"primaryImageOfPage":{"@id":"https:\/\/bekkalokket.no\/index.php\/landsmote-2004-koster\/#primaryimage"},"image":{"@id":"https:\/\/bekkalokket.no\/index.php\/landsmote-2004-koster\/#primaryimage"},"thumbnailUrl":"https:\/\/bekkalokket.no\/wp-content\/uploads\/2023\/05\/213.jpg","datePublished":"2023-05-22T09:41:54+00:00","dateModified":"2023-05-22T09:41:55+00:00","breadcrumb":{"@id":"https:\/\/bekkalokket.no\/index.php\/landsmote-2004-koster\/#breadcrumb"},"inLanguage":"nb-NO","potentialAction":[{"@type":"ReadAction","target":["https:\/\/bekkalokket.no\/index.php\/landsmote-2004-koster\/"]}]},{"@type":"ImageObject","inLanguage":"nb-NO","@id":"https:\/\/bekkalokket.no\/index.php\/landsmote-2004-koster\/#primaryimage","url":"https:\/\/bekkalokket.no\/wp-content\/uploads\/2023\/05\/213.jpg","contentUrl":"https:\/\/bekkalokket.no\/wp-content\/uploads\/2023\/05\/213.jpg","width":590,"height":416,"caption":"B0041P 0010"},{"@type":"BreadcrumbList","@id":"https:\/\/bekkalokket.no\/index.php\/landsmote-2004-koster\/#breadcrumb","itemListElement":[{"@type":"ListItem","position":1,"name":"Home","item":"https:\/\/bekkalokket.no\/"},{"@type":"ListItem","position":2,"name":"Landsm\u00f8te 2004 Koster"}]},{"@type":"WebSite","@id":"https:\/\/bekkalokket.no\/#website","url":"https:\/\/bekkalokket.no\/","name":"Bekkalokket Fotoklubb","description":"En sosial og aktiv fotoklubb i Bergen","potentialAction":[{"@type":"SearchAction","target":{"@type":"EntryPoint","urlTemplate":"https:\/\/bekkalokket.no\/?s={search_term_string}"},"query-input":{"@type":"PropertyValueSpecification","valueRequired":true,"valueName":"search_term_string"}}],"inLanguage":"nb-NO"}]}},"_links":{"self":[{"href":"https:\/\/bekkalokket.no\/index.php\/wp-json\/wp\/v2\/pages\/6531","targetHints":{"allow":["GET"]}}],"collection":[{"href":"https:\/\/bekkalokket.no\/index.php\/wp-json\/wp\/v2\/pages"}],"about":[{"href":"https:\/\/bekkalokket.no\/index.php\/wp-json\/wp\/v2\/types\/page"}],"author":[{"embeddable":true,"href":"https:\/\/bekkalokket.no\/index.php\/wp-json\/wp\/v2\/users\/2"}],"replies":[{"embeddable":true,"href":"https:\/\/bekkalokket.no\/index.php\/wp-json\/wp\/v2\/comments?post=6531"}],"version-history":[{"count":1,"href":"https:\/\/bekkalokket.no\/index.php\/wp-json\/wp\/v2\/pages\/6531\/revisions"}],"predecessor-version":[{"id":6550,"href":"https:\/\/bekkalokket.no\/index.php\/wp-json\/wp\/v2\/pages\/6531\/revisions\/6550"}],"wp:attachment":[{"href":"https:\/\/bekkalokket.no\/index.php\/wp-json\/wp\/v2\/media?parent=6531"}],"curies":[{"name":"wp","href":"https:\/\/api.w.org\/{rel}","templated":true}]}}