{"id":6629,"date":"2023-05-22T12:06:52","date_gmt":"2023-05-22T10:06:52","guid":{"rendered":"https:\/\/bekkalokket.no\/?p=6629"},"modified":"2023-05-22T12:09:35","modified_gmt":"2023-05-22T10:09:35","slug":"klubbtur-til-kinsarvik-2009-2","status":"publish","type":"page","link":"https:\/\/bekkalokket.no\/index.php\/klubbtur-til-kinsarvik-2009-2\/","title":{"rendered":"Tur til Arboretet 2013"},"content":{"rendered":"\n<p>Den 12. mai arrangerte kos og trivselskomiteen utflukt til Arboretet. Tema: Macrofotografering. 18 personar m\u00f8tte opp. Trass i at vermeldingene ikkje var s\u00e5 aller verst, vart det sj\u00f8lvsagt litt regn i starten.<\/p>\n\n\n\n<p>Jim hadde ein liten introduksjon for oss alle. Dermed var det berre \u00e5 legge seg ned, &#8211; i den japanske hagen. Der var litt markblomster. Men ellers var det sparsomt med gr\u00f8ne vekster!<\/p>\n\n\n\n<p>V\u00e5ren er ekstrem sein i \u00e5r. Vi avslutta i Gr\u00f8nevika der vi skulle grille. Og det regna! Vi skifta p\u00e5 \u00e5 halde paraplyer over grillane!&nbsp;<\/p>\n\n\n\n<p><br>Trass i regn og kulde, var det ein kjempetur! Triveleg selskap og god stemning.<\/p>\n\n\n\n<figure class=\"wp-block-gallery has-nested-images columns-default is-cropped wp-block-gallery-2 is-layout-flex wp-block-gallery-is-layout-flex\">\n<figure class=\"wp-block-image size-large\"><img loading=\"lazy\" decoding=\"async\" width=\"500\" height=\"332\" data-id=\"6601\" src=\"https:\/\/bekkalokket.no\/wp-content\/uploads\/2023\/05\/Oddhild_Lien-5.jpg\" alt=\"\" class=\"wp-image-6601\" srcset=\"https:\/\/bekkalokket.no\/wp-content\/uploads\/2023\/05\/Oddhild_Lien-5.jpg 500w, https:\/\/bekkalokket.no\/wp-content\/uploads\/2023\/05\/Oddhild_Lien-5-300x199.jpg 300w\" sizes=\"auto, (max-width: 500px) 100vw, 500px\" \/><\/figure>\n\n\n\n<figure class=\"wp-block-image size-large\"><img loading=\"lazy\" decoding=\"async\" width=\"500\" height=\"297\" data-id=\"6600\" src=\"https:\/\/bekkalokket.no\/wp-content\/uploads\/2023\/05\/Oddhild_Lien-4.jpg\" alt=\"\" class=\"wp-image-6600\" srcset=\"https:\/\/bekkalokket.no\/wp-content\/uploads\/2023\/05\/Oddhild_Lien-4.jpg 500w, https:\/\/bekkalokket.no\/wp-content\/uploads\/2023\/05\/Oddhild_Lien-4-300x178.jpg 300w\" sizes=\"auto, (max-width: 500px) 100vw, 500px\" \/><\/figure>\n\n\n\n<figure class=\"wp-block-image size-large\"><img loading=\"lazy\" decoding=\"async\" width=\"500\" height=\"441\" data-id=\"6599\" src=\"https:\/\/bekkalokket.no\/wp-content\/uploads\/2023\/05\/Oddhild_Lien-3.jpg\" alt=\"\" class=\"wp-image-6599\" srcset=\"https:\/\/bekkalokket.no\/wp-content\/uploads\/2023\/05\/Oddhild_Lien-3.jpg 500w, https:\/\/bekkalokket.no\/wp-content\/uploads\/2023\/05\/Oddhild_Lien-3-300x265.jpg 300w\" sizes=\"auto, (max-width: 500px) 100vw, 500px\" \/><\/figure>\n\n\n\n<figure class=\"wp-block-image size-large\"><img loading=\"lazy\" decoding=\"async\" width=\"332\" height=\"500\" data-id=\"6598\" src=\"https:\/\/bekkalokket.no\/wp-content\/uploads\/2023\/05\/Oddhild_Lien-2.jpg\" alt=\"\" class=\"wp-image-6598\" srcset=\"https:\/\/bekkalokket.no\/wp-content\/uploads\/2023\/05\/Oddhild_Lien-2.jpg 332w, https:\/\/bekkalokket.no\/wp-content\/uploads\/2023\/05\/Oddhild_Lien-2-199x300.jpg 199w\" sizes=\"auto, (max-width: 332px) 100vw, 332px\" \/><\/figure>\n\n\n\n<figure class=\"wp-block-image size-large\"><img loading=\"lazy\" decoding=\"async\" width=\"500\" height=\"332\" data-id=\"6597\" src=\"https:\/\/bekkalokket.no\/wp-content\/uploads\/2023\/05\/Oddhild_Lien-1.jpg\" alt=\"\" class=\"wp-image-6597\" srcset=\"https:\/\/bekkalokket.no\/wp-content\/uploads\/2023\/05\/Oddhild_Lien-1.jpg 500w, https:\/\/bekkalokket.no\/wp-content\/uploads\/2023\/05\/Oddhild_Lien-1-300x199.jpg 300w\" sizes=\"auto, (max-width: 500px) 100vw, 500px\" \/><\/figure>\n\n\n\n<figure class=\"wp-block-image size-large\"><img loading=\"lazy\" decoding=\"async\" width=\"1024\" height=\"683\" data-id=\"6596\" src=\"https:\/\/bekkalokket.no\/wp-content\/uploads\/2023\/05\/Chalee-Hansen-5.jpg\" alt=\"\" class=\"wp-image-6596\" srcset=\"https:\/\/bekkalokket.no\/wp-content\/uploads\/2023\/05\/Chalee-Hansen-5.jpg 1024w, https:\/\/bekkalokket.no\/wp-content\/uploads\/2023\/05\/Chalee-Hansen-5-300x200.jpg 300w, https:\/\/bekkalokket.no\/wp-content\/uploads\/2023\/05\/Chalee-Hansen-5-768x512.jpg 768w\" sizes=\"auto, (max-width: 1024px) 100vw, 1024px\" \/><\/figure>\n\n\n\n<figure class=\"wp-block-image size-large\"><img loading=\"lazy\" decoding=\"async\" width=\"1024\" height=\"683\" data-id=\"6595\" src=\"https:\/\/bekkalokket.no\/wp-content\/uploads\/2023\/05\/Chalee-Hansen-4.jpg\" alt=\"\" class=\"wp-image-6595\" srcset=\"https:\/\/bekkalokket.no\/wp-content\/uploads\/2023\/05\/Chalee-Hansen-4.jpg 1024w, https:\/\/bekkalokket.no\/wp-content\/uploads\/2023\/05\/Chalee-Hansen-4-300x200.jpg 300w, https:\/\/bekkalokket.no\/wp-content\/uploads\/2023\/05\/Chalee-Hansen-4-768x512.jpg 768w\" sizes=\"auto, (max-width: 1024px) 100vw, 1024px\" \/><\/figure>\n\n\n\n<figure class=\"wp-block-image size-large\"><img loading=\"lazy\" decoding=\"async\" width=\"1024\" height=\"683\" data-id=\"6594\" src=\"https:\/\/bekkalokket.no\/wp-content\/uploads\/2023\/05\/Chalee-Hansen-3.jpg\" alt=\"\" class=\"wp-image-6594\" srcset=\"https:\/\/bekkalokket.no\/wp-content\/uploads\/2023\/05\/Chalee-Hansen-3.jpg 1024w, https:\/\/bekkalokket.no\/wp-content\/uploads\/2023\/05\/Chalee-Hansen-3-300x200.jpg 300w, https:\/\/bekkalokket.no\/wp-content\/uploads\/2023\/05\/Chalee-Hansen-3-768x512.jpg 768w\" sizes=\"auto, (max-width: 1024px) 100vw, 1024px\" \/><\/figure>\n\n\n\n<figure class=\"wp-block-image size-large\"><img loading=\"lazy\" decoding=\"async\" width=\"1024\" height=\"683\" data-id=\"6593\" src=\"https:\/\/bekkalokket.no\/wp-content\/uploads\/2023\/05\/Chalee-Hansen-2.jpg\" alt=\"\" class=\"wp-image-6593\" srcset=\"https:\/\/bekkalokket.no\/wp-content\/uploads\/2023\/05\/Chalee-Hansen-2.jpg 1024w, https:\/\/bekkalokket.no\/wp-content\/uploads\/2023\/05\/Chalee-Hansen-2-300x200.jpg 300w, https:\/\/bekkalokket.no\/wp-content\/uploads\/2023\/05\/Chalee-Hansen-2-768x512.jpg 768w\" sizes=\"auto, (max-width: 1024px) 100vw, 1024px\" \/><\/figure>\n\n\n\n<figure class=\"wp-block-image size-large\"><img loading=\"lazy\" decoding=\"async\" width=\"1024\" height=\"683\" data-id=\"6592\" src=\"https:\/\/bekkalokket.no\/wp-content\/uploads\/2023\/05\/Chalee-Hansen-1.jpg\" alt=\"\" class=\"wp-image-6592\" srcset=\"https:\/\/bekkalokket.no\/wp-content\/uploads\/2023\/05\/Chalee-Hansen-1.jpg 1024w, https:\/\/bekkalokket.no\/wp-content\/uploads\/2023\/05\/Chalee-Hansen-1-300x200.jpg 300w, https:\/\/bekkalokket.no\/wp-content\/uploads\/2023\/05\/Chalee-Hansen-1-768x512.jpg 768w\" sizes=\"auto, (max-width: 1024px) 100vw, 1024px\" \/><\/figure>\n<\/figure>\n","protected":false},"excerpt":{"rendered":"<p>Den 12. mai arrangerte kos og trivselskomiteen utflukt til Arboretet. Tema: Macrofotografering. 18 personar m\u00f8tte opp. Trass i at vermeldingene ikkje var s\u00e5 aller verst, vart det sj\u00f8lvsagt litt regn i starten. Jim hadde&#46;&#46;&#46;<\/p>\n","protected":false},"author":2,"featured_media":0,"parent":0,"menu_order":0,"comment_status":"closed","ping_status":"open","template":"","meta":{"footnotes":""},"class_list":["post-6629","page","type-page","status-publish","hentry"],"yoast_head":"<!-- This site is optimized with the Yoast SEO plugin v27.5 - https:\/\/yoast.com\/product\/yoast-seo-wordpress\/ -->\n<title>Tur til Arboretet 2013 - Bekkalokket Fotoklubb<\/title>\n<meta name=\"robots\" content=\"index, follow, max-snippet:-1, max-image-preview:large, max-video-preview:-1\" \/>\n<link rel=\"canonical\" href=\"https:\/\/bekkalokket.no\/index.php\/klubbtur-til-kinsarvik-2009-2\/\" \/>\n<meta property=\"og:locale\" content=\"nb_NO\" \/>\n<meta property=\"og:type\" content=\"article\" \/>\n<meta property=\"og:title\" content=\"Tur til Arboretet 2013 - Bekkalokket Fotoklubb\" \/>\n<meta property=\"og:description\" content=\"Den 12. mai arrangerte kos og trivselskomiteen utflukt til Arboretet. Tema: Macrofotografering. 18 personar m\u00f8tte opp. Trass i at vermeldingene ikkje var s\u00e5 aller verst, vart det sj\u00f8lvsagt litt regn i starten. Jim hadde&#046;&#046;&#046;\" \/>\n<meta property=\"og:url\" content=\"https:\/\/bekkalokket.no\/index.php\/klubbtur-til-kinsarvik-2009-2\/\" \/>\n<meta property=\"og:site_name\" content=\"Bekkalokket Fotoklubb\" \/>\n<meta property=\"article:modified_time\" content=\"2023-05-22T10:09:35+00:00\" \/>\n<meta property=\"og:image\" content=\"https:\/\/bekkalokket.no\/wp-content\/uploads\/2023\/05\/Oddhild_Lien-5.jpg\" \/>\n<meta name=\"twitter:card\" content=\"summary_large_image\" \/>\n<meta name=\"twitter:label1\" content=\"Ansl. lesetid\" \/>\n\t<meta name=\"twitter:data1\" content=\"3 minutter\" \/>\n<script type=\"application\/ld+json\" class=\"yoast-schema-graph\">{\"@context\":\"https:\\\/\\\/schema.org\",\"@graph\":[{\"@type\":\"WebPage\",\"@id\":\"https:\\\/\\\/bekkalokket.no\\\/index.php\\\/klubbtur-til-kinsarvik-2009-2\\\/\",\"url\":\"https:\\\/\\\/bekkalokket.no\\\/index.php\\\/klubbtur-til-kinsarvik-2009-2\\\/\",\"name\":\"Tur til Arboretet 2013 - Bekkalokket Fotoklubb\",\"isPartOf\":{\"@id\":\"https:\\\/\\\/bekkalokket.no\\\/#website\"},\"primaryImageOfPage\":{\"@id\":\"https:\\\/\\\/bekkalokket.no\\\/index.php\\\/klubbtur-til-kinsarvik-2009-2\\\/#primaryimage\"},\"image\":{\"@id\":\"https:\\\/\\\/bekkalokket.no\\\/index.php\\\/klubbtur-til-kinsarvik-2009-2\\\/#primaryimage\"},\"thumbnailUrl\":\"https:\\\/\\\/bekkalokket.no\\\/wp-content\\\/uploads\\\/2023\\\/05\\\/Oddhild_Lien-5.jpg\",\"datePublished\":\"2023-05-22T10:06:52+00:00\",\"dateModified\":\"2023-05-22T10:09:35+00:00\",\"breadcrumb\":{\"@id\":\"https:\\\/\\\/bekkalokket.no\\\/index.php\\\/klubbtur-til-kinsarvik-2009-2\\\/#breadcrumb\"},\"inLanguage\":\"nb-NO\",\"potentialAction\":[{\"@type\":\"ReadAction\",\"target\":[\"https:\\\/\\\/bekkalokket.no\\\/index.php\\\/klubbtur-til-kinsarvik-2009-2\\\/\"]}]},{\"@type\":\"ImageObject\",\"inLanguage\":\"nb-NO\",\"@id\":\"https:\\\/\\\/bekkalokket.no\\\/index.php\\\/klubbtur-til-kinsarvik-2009-2\\\/#primaryimage\",\"url\":\"https:\\\/\\\/bekkalokket.no\\\/wp-content\\\/uploads\\\/2023\\\/05\\\/Oddhild_Lien-5.jpg\",\"contentUrl\":\"https:\\\/\\\/bekkalokket.no\\\/wp-content\\\/uploads\\\/2023\\\/05\\\/Oddhild_Lien-5.jpg\",\"width\":500,\"height\":332},{\"@type\":\"BreadcrumbList\",\"@id\":\"https:\\\/\\\/bekkalokket.no\\\/index.php\\\/klubbtur-til-kinsarvik-2009-2\\\/#breadcrumb\",\"itemListElement\":[{\"@type\":\"ListItem\",\"position\":1,\"name\":\"Home\",\"item\":\"https:\\\/\\\/bekkalokket.no\\\/\"},{\"@type\":\"ListItem\",\"position\":2,\"name\":\"Tur til Arboretet 2013\"}]},{\"@type\":\"WebSite\",\"@id\":\"https:\\\/\\\/bekkalokket.no\\\/#website\",\"url\":\"https:\\\/\\\/bekkalokket.no\\\/\",\"name\":\"Bekkalokket Fotoklubb\",\"description\":\"En sosial og aktiv fotoklubb i Bergen\",\"potentialAction\":[{\"@type\":\"SearchAction\",\"target\":{\"@type\":\"EntryPoint\",\"urlTemplate\":\"https:\\\/\\\/bekkalokket.no\\\/?s={search_term_string}\"},\"query-input\":{\"@type\":\"PropertyValueSpecification\",\"valueRequired\":true,\"valueName\":\"search_term_string\"}}],\"inLanguage\":\"nb-NO\"}]}<\/script>\n<!-- \/ Yoast SEO plugin. -->","yoast_head_json":{"title":"Tur til Arboretet 2013 - Bekkalokket Fotoklubb","robots":{"index":"index","follow":"follow","max-snippet":"max-snippet:-1","max-image-preview":"max-image-preview:large","max-video-preview":"max-video-preview:-1"},"canonical":"https:\/\/bekkalokket.no\/index.php\/klubbtur-til-kinsarvik-2009-2\/","og_locale":"nb_NO","og_type":"article","og_title":"Tur til Arboretet 2013 - Bekkalokket Fotoklubb","og_description":"Den 12. mai arrangerte kos og trivselskomiteen utflukt til Arboretet. Tema: Macrofotografering. 18 personar m\u00f8tte opp. Trass i at vermeldingene ikkje var s\u00e5 aller verst, vart det sj\u00f8lvsagt litt regn i starten. Jim hadde&#46;&#46;&#46;","og_url":"https:\/\/bekkalokket.no\/index.php\/klubbtur-til-kinsarvik-2009-2\/","og_site_name":"Bekkalokket Fotoklubb","article_modified_time":"2023-05-22T10:09:35+00:00","og_image":[{"url":"https:\/\/bekkalokket.no\/wp-content\/uploads\/2023\/05\/Oddhild_Lien-5.jpg","type":"","width":"","height":""}],"twitter_card":"summary_large_image","twitter_misc":{"Ansl. lesetid":"3 minutter"},"schema":{"@context":"https:\/\/schema.org","@graph":[{"@type":"WebPage","@id":"https:\/\/bekkalokket.no\/index.php\/klubbtur-til-kinsarvik-2009-2\/","url":"https:\/\/bekkalokket.no\/index.php\/klubbtur-til-kinsarvik-2009-2\/","name":"Tur til Arboretet 2013 - Bekkalokket Fotoklubb","isPartOf":{"@id":"https:\/\/bekkalokket.no\/#website"},"primaryImageOfPage":{"@id":"https:\/\/bekkalokket.no\/index.php\/klubbtur-til-kinsarvik-2009-2\/#primaryimage"},"image":{"@id":"https:\/\/bekkalokket.no\/index.php\/klubbtur-til-kinsarvik-2009-2\/#primaryimage"},"thumbnailUrl":"https:\/\/bekkalokket.no\/wp-content\/uploads\/2023\/05\/Oddhild_Lien-5.jpg","datePublished":"2023-05-22T10:06:52+00:00","dateModified":"2023-05-22T10:09:35+00:00","breadcrumb":{"@id":"https:\/\/bekkalokket.no\/index.php\/klubbtur-til-kinsarvik-2009-2\/#breadcrumb"},"inLanguage":"nb-NO","potentialAction":[{"@type":"ReadAction","target":["https:\/\/bekkalokket.no\/index.php\/klubbtur-til-kinsarvik-2009-2\/"]}]},{"@type":"ImageObject","inLanguage":"nb-NO","@id":"https:\/\/bekkalokket.no\/index.php\/klubbtur-til-kinsarvik-2009-2\/#primaryimage","url":"https:\/\/bekkalokket.no\/wp-content\/uploads\/2023\/05\/Oddhild_Lien-5.jpg","contentUrl":"https:\/\/bekkalokket.no\/wp-content\/uploads\/2023\/05\/Oddhild_Lien-5.jpg","width":500,"height":332},{"@type":"BreadcrumbList","@id":"https:\/\/bekkalokket.no\/index.php\/klubbtur-til-kinsarvik-2009-2\/#breadcrumb","itemListElement":[{"@type":"ListItem","position":1,"name":"Home","item":"https:\/\/bekkalokket.no\/"},{"@type":"ListItem","position":2,"name":"Tur til Arboretet 2013"}]},{"@type":"WebSite","@id":"https:\/\/bekkalokket.no\/#website","url":"https:\/\/bekkalokket.no\/","name":"Bekkalokket Fotoklubb","description":"En sosial og aktiv fotoklubb i Bergen","potentialAction":[{"@type":"SearchAction","target":{"@type":"EntryPoint","urlTemplate":"https:\/\/bekkalokket.no\/?s={search_term_string}"},"query-input":{"@type":"PropertyValueSpecification","valueRequired":true,"valueName":"search_term_string"}}],"inLanguage":"nb-NO"}]}},"_links":{"self":[{"href":"https:\/\/bekkalokket.no\/index.php\/wp-json\/wp\/v2\/pages\/6629","targetHints":{"allow":["GET"]}}],"collection":[{"href":"https:\/\/bekkalokket.no\/index.php\/wp-json\/wp\/v2\/pages"}],"about":[{"href":"https:\/\/bekkalokket.no\/index.php\/wp-json\/wp\/v2\/types\/page"}],"author":[{"embeddable":true,"href":"https:\/\/bekkalokket.no\/index.php\/wp-json\/wp\/v2\/users\/2"}],"replies":[{"embeddable":true,"href":"https:\/\/bekkalokket.no\/index.php\/wp-json\/wp\/v2\/comments?post=6629"}],"version-history":[{"count":2,"href":"https:\/\/bekkalokket.no\/index.php\/wp-json\/wp\/v2\/pages\/6629\/revisions"}],"predecessor-version":[{"id":6631,"href":"https:\/\/bekkalokket.no\/index.php\/wp-json\/wp\/v2\/pages\/6629\/revisions\/6631"}],"wp:attachment":[{"href":"https:\/\/bekkalokket.no\/index.php\/wp-json\/wp\/v2\/media?parent=6629"}],"curies":[{"name":"wp","href":"https:\/\/api.w.org\/{rel}","templated":true}]}}