{"id":7293,"date":"2023-09-20T10:09:10","date_gmt":"2023-09-20T08:09:10","guid":{"rendered":"https:\/\/bekkalokket.no\/?page_id=7293"},"modified":"2025-09-04T13:39:50","modified_gmt":"2025-09-04T11:39:50","slug":"strandrydding","status":"publish","type":"page","link":"https:\/\/bekkalokket.no\/index.php\/strandrydding\/","title":{"rendered":"Strandrydding"},"content":{"rendered":"\n<h2 class=\"wp-block-heading\">Hold naturen ren i ditt n\u00e6romr\u00e5de<\/h2>\n\n\n\n<p>Strandrydding i regi av ulike akt\u00f8rer som frivillige organisasjoner, foreninger og lag er med p\u00e5 \u00e5 holde Norges kystlinje renere for s\u00f8ppel, og viktig tiltak for \u00e5 n\u00e5 FN`s b\u00e6rekraftsm\u00e5l.<\/p>\n\n\n\n<p>Norge er et langstrakt land med verdens nest lengste kystlinje, og har mange dype fjorder.<\/p>\n\n\n\n<p>Bekkalokket Fotoklubb \u00f8nsker \u00e5 bidra med \u00e5 holde Norges kystlinje ren for s\u00f8ppel. og har derfor deltatt i strandryddedagen med \u00e5 rydde stranden i Tj\u00f8revika p\u00e5 Sotra.<\/p>\n\n\n\n<p>De fleste av oss har et felles \u00f8nske om \u00e5 bevare det vakre og sv\u00e6rt n\u00f8dvendige mangfoldet av liv i havet.<\/p>\n\n\n\n<p>Havbunnen og vannet er biologiske skattkister som er viktig \u00e5 verne.<\/p>\n\n\n\n<p>Uansett hvilke ressurser vi utnytter, p\u00e5virker vi ressursen eller milj\u00f8et rundt oss. Avtrykket etter menneskelig aktivitet m\u00e5 vi gj\u00f8re s\u00e5 lite som mulig. <\/p>\n\n\n\n<p><strong>Havforskningsinstituttet (HI<\/strong>) er et av de st\u00f8rste marine forskingsinstitutta i Europa med hovedkontor i Bergen.<\/p>\n\n\n\n<p><a href=\"https:\/\/www.hi.no\/hi\/temasider\/hav-og-kyst\">Forsking og r\u00e5d fr\u00e5 HI<\/a><\/p>\n\n\n\n<p><a href=\"https:\/\/www.hi.no\/hi\/temasider\/hav-og-kyst\/marint-vern\">Marint vern<\/a><\/p>\n\n\n\n<h2 class=\"wp-block-heading\">FN`s B\u00e6rekraftm\u00e5l Nr.14 <\/h2>\n\n\n\n<p>Vi har mange reguleringer og systemer for \u00e5 sikre god forvaltning av havomr\u00e5dene langs kysten v\u00e5r.<\/p>\n\n\n\n<p>Norge investerer mye i forskning, kartlegging og overv\u00e5king knyttet til havet.<\/p>\n\n\n\n<p>Plast og mikroplast i havet er et \u00f8kende problem for mennesker og livet i havet. <\/p>\n\n\n\n<p>Mikroplast utgj\u00f8r en fare for det marine milj\u00f8 p\u00e5 tre forskjellige m\u00e5ter:<\/p>\n\n\n\n<ol class=\"wp-block-list\">\n<li>V<em>ed opptak av giftige stoffer i og p\u00e5 mikroplast<\/em><\/li>\n\n\n\n<li><em>Ved at det lekker ut giftige stoffer fra mikroplast<\/em><\/li>\n\n\n\n<li><em>Direkte ansamling av mikroplast i indre organer<\/em><\/li>\n<\/ol>\n\n\n\n<p>Det forskes heldigvis aktivt for \u00e5 finne mer egnede biologisk nedbrytbare plastmaterialer for \u00e5 erstatte de tradisjonelle plastmaterialene. Kostnader og holdbarhet er ofte to faktorer som st\u00e5r i veien for utviklingen.<\/p>\n\n\n\n<p><a href=\"https:\/\/snl.no\/plast\">Plast<\/a><\/p>\n\n\n\n<p><a href=\"https:\/\/snl.no\/havforurensning\">Havforurensning<\/a><\/p>\n\n\n\n<p>Bli mer kjent med FN`s B\u00e6rekraftsm\u00e5l Nr. 14 ved \u00e5 klikke deg inn p\u00e5 linken under.<\/p>\n\n\n\n<figure class=\"wp-block-image size-full is-resized\"><a href=\"https:\/\/www.fn.no\/om-fn\/fns-baerekraftsmaal\/livet-i-havet\" target=\"_blank\" rel=\"noreferrer noopener\"><img loading=\"lazy\" decoding=\"async\" width=\"2560\" height=\"2560\" src=\"https:\/\/bekkalokket.no\/wp-content\/uploads\/2023\/09\/E_PRINT_INVERTED_14-scaled.jpg\" alt=\"\" class=\"wp-image-7309\" style=\"object-fit:cover;width:306px;height:306px\" srcset=\"https:\/\/bekkalokket.no\/wp-content\/uploads\/2023\/09\/E_PRINT_INVERTED_14-scaled.jpg 2560w, https:\/\/bekkalokket.no\/wp-content\/uploads\/2023\/09\/E_PRINT_INVERTED_14-300x300.jpg 300w, https:\/\/bekkalokket.no\/wp-content\/uploads\/2023\/09\/E_PRINT_INVERTED_14-1024x1024.jpg 1024w, https:\/\/bekkalokket.no\/wp-content\/uploads\/2023\/09\/E_PRINT_INVERTED_14-150x150.jpg 150w, https:\/\/bekkalokket.no\/wp-content\/uploads\/2023\/09\/E_PRINT_INVERTED_14-768x768.jpg 768w, https:\/\/bekkalokket.no\/wp-content\/uploads\/2023\/09\/E_PRINT_INVERTED_14-1536x1536.jpg 1536w, https:\/\/bekkalokket.no\/wp-content\/uploads\/2023\/09\/E_PRINT_INVERTED_14-2048x2048.jpg 2048w, https:\/\/bekkalokket.no\/wp-content\/uploads\/2023\/09\/E_PRINT_INVERTED_14-80x80.jpg 80w, https:\/\/bekkalokket.no\/wp-content\/uploads\/2023\/09\/E_PRINT_INVERTED_14-320x320.jpg 320w\" sizes=\"auto, (max-width: 2560px) 100vw, 2560px\" \/><\/a><\/figure>\n\n\n\n<p><a href=\"https:\/\/www.fn.no\/om-fn\/fns-baerekraftsmaal\/livet-i-havet\">Livet i havet<\/a><\/p>\n\n\n\n<p><\/p>\n\n\n\n<p>Norge har utviklet en reguleringsplan for Barentshavet, Norskehavet og Nordsj\u00f8en. Myndighetene har ogs\u00e5 identifisert viktige omr\u00e5der for biomangfold.&nbsp;&nbsp;<\/p>\n\n\n\n<p>Strandryddedagen koordineres av <strong>Hold Norge rent (HNR)<\/strong>, og er Norges st\u00f8rste kollektive ryddedugnad.<\/p>\n\n\n\n<p>Strandryddeuka er ikke ett arrangement, men en samling av mange arrangementer over hele landet.<\/p>\n\n\n\n<p>Jo mer vi vet om hva vi rydder, til lettere er det \u00e5 sette inn gode tiltak som s\u00f8rge for at ikke mer s\u00f8ppel havner i naturen.<\/p>\n\n\n\n<p><a href=\"https:\/\/holdnorgerent.no\/\">Hold Norge Rent<\/a><\/p>\n\n\n\n<p><a href=\"https:\/\/bekkalokket.no\/index.php\/strandrydding\/\">Strandryddeuka 08.-17.september 2023<\/a><\/p>\n\n\n\n<p>Standrydding er b\u00e5de sosialt, g\u00f8y og er aktivitet som gir mening. Aktiviteten gir ogs\u00e5 en unik mulighet for nye klubbmedlemmer til \u00e5 bli mer kjent med klubbens medlemmer og fotoklubben.<\/p>\n\n\n\n<p>Ryddeaksjonen er ikke ferdig f\u00f8r alt s\u00f8ppel og avfall er levert.<\/p>\n\n\n\n<p>Dugnaden med \u00e5 rydde strender for plast og annet s\u00f8ppel har spredt seg til hele landet v\u00e5rt med langstrakter fjorder og strender.<\/p>\n\n\n\n<p>Veiledning og tips for strandrydding kan du lese mer om p\u00e5 hjemmesiden til <strong>senter for marin fors\u00f8pling (MARFO)<\/strong>.<\/p>\n\n\n\n<p>Her vil du finne sjekkliste for hvordan du kan organisere en ryddeaksjon.<\/p>\n\n\n\n<p>MARFO (innholdet er fj\u00e6rnet)<\/p>\n\n\n\n<p>Sjekkliste for planlegging av ryddeaksjon (innholdet er fj\u00e6rnet)<\/p>\n\n\n\n<h4 class=\"wp-block-heading\">Kjenner du til at det finnes et digitalt verkt\u00f8y for frivillige ryddere?<\/h4>\n\n\n\n<p>Ved \u00e5 bruke &#8220;Rydde&#8221; bidrar du med verdifull data inn til det nasjonale arbeidet mot marin fors\u00f8pling.<\/p>\n\n\n\n<p><a href=\"https:\/\/ryddenorge.no\/#read-more-information\">Rydde<\/a><\/p>\n\n\n\n<h3 class=\"wp-block-heading\">Strandrydding med Bekkalokket Fotoklubb<\/h3>\n\n\n\n<div class=\"wp-block-columns is-layout-flex wp-container-core-columns-is-layout-9d6595d7 wp-block-columns-is-layout-flex\">\n<div class=\"wp-block-column is-layout-flow wp-block-column-is-layout-flow\">\n<figure class=\"wp-block-image size-large\"><a href=\"https:\/\/bekkalokket.no\/index.php\/2021\/04\/24\/strandrydding_2021\/\" target=\"_blank\" rel=\"noreferrer noopener\"><img loading=\"lazy\" decoding=\"async\" width=\"1024\" height=\"1024\" src=\"https:\/\/bekkalokket.no\/wp-content\/uploads\/2021\/04\/177534215_365119241527183_7826246749792755060_n-1024x1024.jpg\" alt=\"Strandrydding i Tj\u00f8revika p\u00e5 Sotra. 7 ivrige fylt hele 3 big-bags med neste 1000 kg plast og tauverk. God innsats\" class=\"wp-image-4011\" srcset=\"https:\/\/bekkalokket.no\/wp-content\/uploads\/2021\/04\/177534215_365119241527183_7826246749792755060_n-1024x1024.jpg 1024w, https:\/\/bekkalokket.no\/wp-content\/uploads\/2021\/04\/177534215_365119241527183_7826246749792755060_n-300x300.jpg 300w, https:\/\/bekkalokket.no\/wp-content\/uploads\/2021\/04\/177534215_365119241527183_7826246749792755060_n-150x150.jpg 150w, https:\/\/bekkalokket.no\/wp-content\/uploads\/2021\/04\/177534215_365119241527183_7826246749792755060_n-768x768.jpg 768w, https:\/\/bekkalokket.no\/wp-content\/uploads\/2021\/04\/177534215_365119241527183_7826246749792755060_n-1536x1536.jpg 1536w, https:\/\/bekkalokket.no\/wp-content\/uploads\/2021\/04\/177534215_365119241527183_7826246749792755060_n.jpg 2048w, https:\/\/bekkalokket.no\/wp-content\/uploads\/2021\/04\/177534215_365119241527183_7826246749792755060_n-80x80.jpg 80w, https:\/\/bekkalokket.no\/wp-content\/uploads\/2021\/04\/177534215_365119241527183_7826246749792755060_n-320x320.jpg 320w\" sizes=\"auto, (max-width: 1024px) 100vw, 1024px\" \/><\/a><figcaption class=\"wp-element-caption\"><a href=\"https:\/\/bekkalokket.no\/index.php\/2021\/04\/24\/strandrydding_2021\/\">Strandrydding i Tj\u00f8revika p\u00e5 Sotra. 7 ivrige fylt hele 3 big-bags med neste 1000 kg plast og tauverk. God innsats <\/a><\/figcaption><\/figure>\n<\/div>\n\n\n\n<div class=\"wp-block-column is-layout-flow wp-block-column-is-layout-flow\"><\/div>\n\n\n\n<div class=\"wp-block-column is-layout-flow wp-block-column-is-layout-flow\"><\/div>\n<\/div>\n\n\n\n<h3 class=\"wp-block-heading\"><strong>Noen av v\u00e5re sosiale aktiviteter<\/strong><\/h3>\n\n\n\n<p><a href=\"https:\/\/bekkalokket.no\/index.php\/turer-vi-har-vaert-pa\/\">Turer vi har v\u00e6rt p\u00e5<\/a><\/p>\n\n\n\n<p><a href=\"https:\/\/nsff.no\/om-nsff\/film-og-fototreff\/film-og-fototreff-2022\/film-og-fototreff-bergen-2022\/\">Film og Fototreff i Bergen 2022<\/a><\/p>\n\n\n\n<p><a href=\"https:\/\/bekkalokket.no\/index.php\/tur-til-ardal-2023\/\" target=\"_blank\" rel=\"noreferrer noopener\">V\u00e5rturen til \u00c5rdal 2023<\/a><\/p>\n\n\n\n<p><a href=\"https:\/\/bekkalokket.no\/index.php\/forside\/libeller-og-oyenstikkere-med-eli-sorensen\/\" target=\"_blank\" rel=\"noreferrer noopener\">Libeller og \u00f8yenstikkere med Eli S\u00f8rensen 2023<\/a><\/p>\n\n\n\n<h5 class=\"wp-block-heading\"><\/h5>\n","protected":false},"excerpt":{"rendered":"<p>Hold naturen ren i ditt n\u00e6romr\u00e5de Strandrydding i regi av ulike akt\u00f8rer som frivillige organisasjoner, foreninger og lag er med p\u00e5 \u00e5 holde Norges kystlinje renere for s\u00f8ppel, og viktig tiltak for \u00e5 n\u00e5&#46;&#46;&#46;<\/p>\n","protected":false},"author":8,"featured_media":4010,"parent":0,"menu_order":0,"comment_status":"closed","ping_status":"closed","template":"","meta":{"footnotes":""},"class_list":["post-7293","page","type-page","status-publish","has-post-thumbnail","hentry"],"yoast_head":"<!-- This site is optimized with the Yoast SEO plugin v27.5 - https:\/\/yoast.com\/product\/yoast-seo-wordpress\/ -->\n<title>Strandrydding - Bekkalokket Fotoklubb<\/title>\n<meta name=\"description\" content=\"Strandryddingsdagen koordineres av Hold Norge rent, og er Norges st\u00f8rste kollektive ryddedugnad. Les mer om strandrydding!\" \/>\n<meta name=\"robots\" content=\"index, follow, max-snippet:-1, max-image-preview:large, max-video-preview:-1\" \/>\n<link rel=\"canonical\" href=\"https:\/\/bekkalokket.no\/index.php\/strandrydding\/\" \/>\n<meta property=\"og:locale\" content=\"nb_NO\" \/>\n<meta property=\"og:type\" content=\"article\" \/>\n<meta property=\"og:title\" content=\"Strandrydding - Bekkalokket Fotoklubb\" \/>\n<meta property=\"og:description\" content=\"Strandryddingsdagen koordineres av Hold Norge rent, og er Norges st\u00f8rste kollektive ryddedugnad. Les mer om strandrydding!\" \/>\n<meta property=\"og:url\" content=\"https:\/\/bekkalokket.no\/index.php\/strandrydding\/\" \/>\n<meta property=\"og:site_name\" content=\"Bekkalokket Fotoklubb\" \/>\n<meta property=\"article:modified_time\" content=\"2025-09-04T11:39:50+00:00\" \/>\n<meta property=\"og:image\" content=\"https:\/\/bekkalokket.no\/wp-content\/uploads\/2021\/04\/177635385_2168777539931825_1707396729213444937_n.jpg\" \/>\n\t<meta property=\"og:image:width\" content=\"2048\" \/>\n\t<meta property=\"og:image:height\" content=\"2048\" \/>\n\t<meta property=\"og:image:type\" content=\"image\/jpeg\" \/>\n<meta name=\"twitter:card\" content=\"summary_large_image\" \/>\n<meta name=\"twitter:label1\" content=\"Ansl. lesetid\" \/>\n\t<meta name=\"twitter:data1\" content=\"4 minutter\" \/>\n<script type=\"application\/ld+json\" class=\"yoast-schema-graph\">{\"@context\":\"https:\\\/\\\/schema.org\",\"@graph\":[{\"@type\":\"WebPage\",\"@id\":\"https:\\\/\\\/bekkalokket.no\\\/index.php\\\/strandrydding\\\/\",\"url\":\"https:\\\/\\\/bekkalokket.no\\\/index.php\\\/strandrydding\\\/\",\"name\":\"Strandrydding - Bekkalokket Fotoklubb\",\"isPartOf\":{\"@id\":\"https:\\\/\\\/bekkalokket.no\\\/#website\"},\"primaryImageOfPage\":{\"@id\":\"https:\\\/\\\/bekkalokket.no\\\/index.php\\\/strandrydding\\\/#primaryimage\"},\"image\":{\"@id\":\"https:\\\/\\\/bekkalokket.no\\\/index.php\\\/strandrydding\\\/#primaryimage\"},\"thumbnailUrl\":\"https:\\\/\\\/bekkalokket.no\\\/wp-content\\\/uploads\\\/2021\\\/04\\\/177635385_2168777539931825_1707396729213444937_n.jpg\",\"datePublished\":\"2023-09-20T08:09:10+00:00\",\"dateModified\":\"2025-09-04T11:39:50+00:00\",\"description\":\"Strandryddingsdagen koordineres av Hold Norge rent, og er Norges st\u00f8rste kollektive ryddedugnad. Les mer om strandrydding!\",\"breadcrumb\":{\"@id\":\"https:\\\/\\\/bekkalokket.no\\\/index.php\\\/strandrydding\\\/#breadcrumb\"},\"inLanguage\":\"nb-NO\",\"potentialAction\":[{\"@type\":\"ReadAction\",\"target\":[\"https:\\\/\\\/bekkalokket.no\\\/index.php\\\/strandrydding\\\/\"]}]},{\"@type\":\"ImageObject\",\"inLanguage\":\"nb-NO\",\"@id\":\"https:\\\/\\\/bekkalokket.no\\\/index.php\\\/strandrydding\\\/#primaryimage\",\"url\":\"https:\\\/\\\/bekkalokket.no\\\/wp-content\\\/uploads\\\/2021\\\/04\\\/177635385_2168777539931825_1707396729213444937_n.jpg\",\"contentUrl\":\"https:\\\/\\\/bekkalokket.no\\\/wp-content\\\/uploads\\\/2021\\\/04\\\/177635385_2168777539931825_1707396729213444937_n.jpg\",\"width\":2048,\"height\":2048,\"caption\":\"Strandrydding i Tj\u00f8revika p\u00e5 Sotra. 7 ivrige fylt hele 3 big-bags med neste 1000 kg plast og tauverk. God innsats\"},{\"@type\":\"BreadcrumbList\",\"@id\":\"https:\\\/\\\/bekkalokket.no\\\/index.php\\\/strandrydding\\\/#breadcrumb\",\"itemListElement\":[{\"@type\":\"ListItem\",\"position\":1,\"name\":\"Home\",\"item\":\"https:\\\/\\\/bekkalokket.no\\\/\"},{\"@type\":\"ListItem\",\"position\":2,\"name\":\"Strandrydding\"}]},{\"@type\":\"WebSite\",\"@id\":\"https:\\\/\\\/bekkalokket.no\\\/#website\",\"url\":\"https:\\\/\\\/bekkalokket.no\\\/\",\"name\":\"Bekkalokket Fotoklubb\",\"description\":\"En sosial og aktiv fotoklubb i Bergen\",\"potentialAction\":[{\"@type\":\"SearchAction\",\"target\":{\"@type\":\"EntryPoint\",\"urlTemplate\":\"https:\\\/\\\/bekkalokket.no\\\/?s={search_term_string}\"},\"query-input\":{\"@type\":\"PropertyValueSpecification\",\"valueRequired\":true,\"valueName\":\"search_term_string\"}}],\"inLanguage\":\"nb-NO\"}]}<\/script>\n<!-- \/ Yoast SEO plugin. -->","yoast_head_json":{"title":"Strandrydding - Bekkalokket Fotoklubb","description":"Strandryddingsdagen koordineres av Hold Norge rent, og er Norges st\u00f8rste kollektive ryddedugnad. Les mer om strandrydding!","robots":{"index":"index","follow":"follow","max-snippet":"max-snippet:-1","max-image-preview":"max-image-preview:large","max-video-preview":"max-video-preview:-1"},"canonical":"https:\/\/bekkalokket.no\/index.php\/strandrydding\/","og_locale":"nb_NO","og_type":"article","og_title":"Strandrydding - Bekkalokket Fotoklubb","og_description":"Strandryddingsdagen koordineres av Hold Norge rent, og er Norges st\u00f8rste kollektive ryddedugnad. Les mer om strandrydding!","og_url":"https:\/\/bekkalokket.no\/index.php\/strandrydding\/","og_site_name":"Bekkalokket Fotoklubb","article_modified_time":"2025-09-04T11:39:50+00:00","og_image":[{"width":2048,"height":2048,"url":"https:\/\/bekkalokket.no\/wp-content\/uploads\/2021\/04\/177635385_2168777539931825_1707396729213444937_n.jpg","type":"image\/jpeg"}],"twitter_card":"summary_large_image","twitter_misc":{"Ansl. lesetid":"4 minutter"},"schema":{"@context":"https:\/\/schema.org","@graph":[{"@type":"WebPage","@id":"https:\/\/bekkalokket.no\/index.php\/strandrydding\/","url":"https:\/\/bekkalokket.no\/index.php\/strandrydding\/","name":"Strandrydding - Bekkalokket Fotoklubb","isPartOf":{"@id":"https:\/\/bekkalokket.no\/#website"},"primaryImageOfPage":{"@id":"https:\/\/bekkalokket.no\/index.php\/strandrydding\/#primaryimage"},"image":{"@id":"https:\/\/bekkalokket.no\/index.php\/strandrydding\/#primaryimage"},"thumbnailUrl":"https:\/\/bekkalokket.no\/wp-content\/uploads\/2021\/04\/177635385_2168777539931825_1707396729213444937_n.jpg","datePublished":"2023-09-20T08:09:10+00:00","dateModified":"2025-09-04T11:39:50+00:00","description":"Strandryddingsdagen koordineres av Hold Norge rent, og er Norges st\u00f8rste kollektive ryddedugnad. Les mer om strandrydding!","breadcrumb":{"@id":"https:\/\/bekkalokket.no\/index.php\/strandrydding\/#breadcrumb"},"inLanguage":"nb-NO","potentialAction":[{"@type":"ReadAction","target":["https:\/\/bekkalokket.no\/index.php\/strandrydding\/"]}]},{"@type":"ImageObject","inLanguage":"nb-NO","@id":"https:\/\/bekkalokket.no\/index.php\/strandrydding\/#primaryimage","url":"https:\/\/bekkalokket.no\/wp-content\/uploads\/2021\/04\/177635385_2168777539931825_1707396729213444937_n.jpg","contentUrl":"https:\/\/bekkalokket.no\/wp-content\/uploads\/2021\/04\/177635385_2168777539931825_1707396729213444937_n.jpg","width":2048,"height":2048,"caption":"Strandrydding i Tj\u00f8revika p\u00e5 Sotra. 7 ivrige fylt hele 3 big-bags med neste 1000 kg plast og tauverk. God innsats"},{"@type":"BreadcrumbList","@id":"https:\/\/bekkalokket.no\/index.php\/strandrydding\/#breadcrumb","itemListElement":[{"@type":"ListItem","position":1,"name":"Home","item":"https:\/\/bekkalokket.no\/"},{"@type":"ListItem","position":2,"name":"Strandrydding"}]},{"@type":"WebSite","@id":"https:\/\/bekkalokket.no\/#website","url":"https:\/\/bekkalokket.no\/","name":"Bekkalokket Fotoklubb","description":"En sosial og aktiv fotoklubb i Bergen","potentialAction":[{"@type":"SearchAction","target":{"@type":"EntryPoint","urlTemplate":"https:\/\/bekkalokket.no\/?s={search_term_string}"},"query-input":{"@type":"PropertyValueSpecification","valueRequired":true,"valueName":"search_term_string"}}],"inLanguage":"nb-NO"}]}},"_links":{"self":[{"href":"https:\/\/bekkalokket.no\/index.php\/wp-json\/wp\/v2\/pages\/7293","targetHints":{"allow":["GET"]}}],"collection":[{"href":"https:\/\/bekkalokket.no\/index.php\/wp-json\/wp\/v2\/pages"}],"about":[{"href":"https:\/\/bekkalokket.no\/index.php\/wp-json\/wp\/v2\/types\/page"}],"author":[{"embeddable":true,"href":"https:\/\/bekkalokket.no\/index.php\/wp-json\/wp\/v2\/users\/8"}],"replies":[{"embeddable":true,"href":"https:\/\/bekkalokket.no\/index.php\/wp-json\/wp\/v2\/comments?post=7293"}],"version-history":[{"count":60,"href":"https:\/\/bekkalokket.no\/index.php\/wp-json\/wp\/v2\/pages\/7293\/revisions"}],"predecessor-version":[{"id":10584,"href":"https:\/\/bekkalokket.no\/index.php\/wp-json\/wp\/v2\/pages\/7293\/revisions\/10584"}],"wp:featuredmedia":[{"embeddable":true,"href":"https:\/\/bekkalokket.no\/index.php\/wp-json\/wp\/v2\/media\/4010"}],"wp:attachment":[{"href":"https:\/\/bekkalokket.no\/index.php\/wp-json\/wp\/v2\/media?parent=7293"}],"curies":[{"name":"wp","href":"https:\/\/api.w.org\/{rel}","templated":true}]}}