{"id":779,"date":"2018-08-26T14:42:00","date_gmt":"2018-08-26T12:42:00","guid":{"rendered":"http:\/\/bekkalokket.com\/?page_id=779"},"modified":"2025-11-06T17:11:14","modified_gmt":"2025-11-06T15:11:14","slug":"medlemsfordeler-i-bekkalokket-fotoklubb","status":"publish","type":"page","link":"https:\/\/bekkalokket.no\/index.php\/om-klubben\/medlemsfordeler-i-bekkalokket-fotoklubb\/","title":{"rendered":"Medlemsfordeler"},"content":{"rendered":"\n<div class=\"wp-block-media-text is-stacked-on-mobile is-vertically-aligned-center\"><figure class=\"wp-block-media-text__media\"><img loading=\"lazy\" decoding=\"async\" width=\"1024\" height=\"510\" src=\"https:\/\/bekkalokket.no\/wp-content\/uploads\/2024\/06\/Odda-Tyssedal-TerjeB-3-1024x510.jpg\" alt=\"\" class=\"wp-image-8959 size-full\" srcset=\"https:\/\/bekkalokket.no\/wp-content\/uploads\/2024\/06\/Odda-Tyssedal-TerjeB-3-1024x510.jpg 1024w, https:\/\/bekkalokket.no\/wp-content\/uploads\/2024\/06\/Odda-Tyssedal-TerjeB-3-300x149.jpg 300w, https:\/\/bekkalokket.no\/wp-content\/uploads\/2024\/06\/Odda-Tyssedal-TerjeB-3-768x382.jpg 768w, https:\/\/bekkalokket.no\/wp-content\/uploads\/2024\/06\/Odda-Tyssedal-TerjeB-3-1536x765.jpg 1536w, https:\/\/bekkalokket.no\/wp-content\/uploads\/2024\/06\/Odda-Tyssedal-TerjeB-3.jpg 1920w\" sizes=\"auto, (max-width: 1024px) 100vw, 1024px\" \/><\/figure><div class=\"wp-block-media-text__content\">\n<p><\/p>\n\n\n\n<p><strong>FOTO &#8211;  FELLESSKAP &#8211; INSPIRASJON<\/strong><\/p>\n\n\n\n<div class=\"wp-block-buttons is-layout-flex wp-block-buttons-is-layout-flex\">\n<div class=\"wp-block-button\"><a class=\"wp-block-button__link wp-element-button\" href=\"https:\/\/bekkalokket.no\/index.php\/meld-deg-inn-her\/\">Meld deg inn her!<\/a><\/div>\n<\/div>\n<\/div><\/div>\n\n\n\n<div style=\"height:27px\" aria-hidden=\"true\" class=\"wp-block-spacer\"><\/div>\n\n\n\n<p>Hos Bekkalokket Fotoklubb f\u00e5r du muligheten til \u00e5 utvikle deg som fotograf , utfordre egne grenser og utforske nye kreative retninger \u2013 enten du jobber med foto, video eller begge deler. Finn ut av v\u00e5re medlemsfordeler i Bekkalokket Fotoklubb ved \u00e5 lese denne artikkelen.<\/p>\n\n\n\n<div style=\"height:28px\" aria-hidden=\"true\" class=\"wp-block-spacer\"><\/div>\n\n\n\n<h3 class=\"wp-block-heading\">Inspirasjon og felleskap<\/h3>\n\n\n\n<p>Selv om fotografering ofte er en individuell aktivitet, tilbyr vi et fellesskap der du kan dele inspirasjon, erfaringer og glede med andre som brenner for visuelle uttrykk. Gjennom ukentlige m\u00f8ter i hjertet av Bergen sentrum f\u00e5r du tilgang til et aktivt milj\u00f8 som motiverer og engasjerer.<\/p>\n\n\n\n<p>Uansett om du er nybegynner eller erfaren, finner du hos oss rom for utvikling og muligheter til \u00e5 ta lidenskapen din videre.<\/p>\n\n\n\n<div style=\"height:29px\" aria-hidden=\"true\" class=\"wp-block-spacer\"><\/div>\n\n\n\n<div class=\"wp-block-columns is-layout-flex wp-container-core-columns-is-layout-9d6595d7 wp-block-columns-is-layout-flex\">\n<div class=\"wp-block-column is-layout-flow wp-block-column-is-layout-flow\">\n<figure class=\"wp-block-image size-large\"><a href=\"https:\/\/bekkalokket.no\/index.php\/2024\/06\/14\/fotoustillingen-norsk-natur-og-kulturlandskap\/\"><img loading=\"lazy\" decoding=\"async\" width=\"1024\" height=\"635\" src=\"https:\/\/bekkalokket.no\/wp-content\/uploads\/2024\/06\/IMG_9985_II-1024x635.jpg\" alt=\"Utend\u00f8rs fotoutstilling &quot;Norsk natur - og kulturlandskap&quot;.\" class=\"wp-image-8887\" srcset=\"https:\/\/bekkalokket.no\/wp-content\/uploads\/2024\/06\/IMG_9985_II-1024x635.jpg 1024w, https:\/\/bekkalokket.no\/wp-content\/uploads\/2024\/06\/IMG_9985_II-300x186.jpg 300w, https:\/\/bekkalokket.no\/wp-content\/uploads\/2024\/06\/IMG_9985_II-768x477.jpg 768w, https:\/\/bekkalokket.no\/wp-content\/uploads\/2024\/06\/IMG_9985_II-1536x953.jpg 1536w, https:\/\/bekkalokket.no\/wp-content\/uploads\/2024\/06\/IMG_9985_II-2048x1271.jpg 2048w\" sizes=\"auto, (max-width: 1024px) 100vw, 1024px\" \/><\/a><figcaption class=\"wp-element-caption\"><a href=\"https:\/\/bekkalokket.no\/index.php\/2024\/06\/14\/fotoustillingen-norsk-natur-og-kulturlandskap\/\" target=\"_blank\" rel=\"noreferrer noopener\">Utend\u00f8rs fotoutstilling -&#8220;Norsk natur &#8211; og kulturlandskap&#8221;<\/a><\/figcaption><\/figure>\n<\/div>\n\n\n\n<div class=\"wp-block-column is-layout-flow wp-block-column-is-layout-flow\">\n<figure class=\"wp-block-image size-full\"><a href=\"https:\/\/bekkalokket.no\/index.php\/inspirasjonshelg-printing\/\"><img loading=\"lazy\" decoding=\"async\" width=\"1920\" height=\"1280\" src=\"https:\/\/bekkalokket.no\/wp-content\/uploads\/2025\/05\/Workshopbilder_Samling_over_resultata_Jan_Standal.jpg\" alt=\"Workshop Samling over resultata av Jan Standal\" class=\"wp-image-10178\" srcset=\"https:\/\/bekkalokket.no\/wp-content\/uploads\/2025\/05\/Workshopbilder_Samling_over_resultata_Jan_Standal.jpg 1920w, https:\/\/bekkalokket.no\/wp-content\/uploads\/2025\/05\/Workshopbilder_Samling_over_resultata_Jan_Standal-300x200.jpg 300w, https:\/\/bekkalokket.no\/wp-content\/uploads\/2025\/05\/Workshopbilder_Samling_over_resultata_Jan_Standal-1024x683.jpg 1024w, https:\/\/bekkalokket.no\/wp-content\/uploads\/2025\/05\/Workshopbilder_Samling_over_resultata_Jan_Standal-768x512.jpg 768w, https:\/\/bekkalokket.no\/wp-content\/uploads\/2025\/05\/Workshopbilder_Samling_over_resultata_Jan_Standal-1536x1024.jpg 1536w\" sizes=\"auto, (max-width: 1920px) 100vw, 1920px\" \/><\/a><figcaption class=\"wp-element-caption\"><a href=\"https:\/\/bekkalokket.no\/index.php\/inspirasjonshelg-printing\/\" target=\"_blank\" rel=\"noreferrer noopener\">Inspirasjonshelg &#8211; Printing<\/a><\/figcaption><\/figure>\n<\/div>\n\n\n\n<div class=\"wp-block-column is-layout-flow wp-block-column-is-layout-flow\">\n<figure class=\"wp-block-image size-full\"><a href=\"https:\/\/bekkalokket.no\/index.php\/2025\/06\/24\/samarbeid-med-bergen-musikkteater\/\"><img loading=\"lazy\" decoding=\"async\" width=\"626\" height=\"238\" src=\"https:\/\/bekkalokket.no\/wp-content\/uploads\/2025\/06\/Bilde5.jpg\" alt=\"Bekkalokket Fotoklubb bidrar med foto i Bergen Musikkteaters oppsetning av RENT. Les mer om det spennende samarbeidet mellom foto og teater!\" class=\"wp-image-10262\" srcset=\"https:\/\/bekkalokket.no\/wp-content\/uploads\/2025\/06\/Bilde5.jpg 626w, https:\/\/bekkalokket.no\/wp-content\/uploads\/2025\/06\/Bilde5-300x114.jpg 300w\" sizes=\"auto, (max-width: 626px) 100vw, 626px\" \/><\/a><figcaption class=\"wp-element-caption\"><a href=\"https:\/\/bekkalokket.no\/index.php\/2025\/06\/24\/samarbeid-med-bergen-musikkteater\/\" target=\"_blank\" rel=\"noreferrer noopener\">Bekkalokket Fotoklubb samarbeider med Bergen Musikkteater i oppsetning av Broadwaymusikalen RENT.<\/a><\/figcaption><\/figure>\n<\/div>\n<\/div>\n\n\n\n<div style=\"height:40px\" aria-hidden=\"true\" class=\"wp-block-spacer\"><\/div>\n\n\n\n<h2 class=\"wp-block-heading\"><strong>Hva kan vi tilby av medlemsfordeler i Bekkalokket Fotoklubb?<\/strong><\/h2>\n\n\n\n<ul class=\"wp-block-list\">\n<li>Alle klubbens medlemmer f\u00e5r muligheten til \u00e5 presentere egne bilder p\u00e5 utvalgte klubbkvelder<\/li>\n\n\n\n<li>Foredrag i ulike tema innen foto og video, holdt b\u00e5de av klubbens egne medlemmer og inviterte eksterne foredragsholdere<\/li>\n\n\n\n<li>Deltagelse i <a href=\"https:\/\/bekkalokket.no\/index.php\/premieoversikt-klubbkonkurransen\/\" target=\"_blank\" rel=\"noreferrer noopener\">2 klubbkonkurranser<\/a> og <a href=\"https:\/\/nsff.no\/konkurranser\/nm-i-foto\/\" target=\"_blank\" rel=\"noreferrer noopener\">2 landskonkurranser<\/a> (NSFF) hvert \u00e5r \u2013 og v\u00e6re med i konkurransen om \u00e5 bli k\u00e5ret til <a href=\"https:\/\/bekkalokket.no\/index.php\/retningslinjer-for-arets-bilde\/\" target=\"_blank\" rel=\"noreferrer noopener\">&#8220;\u00c5rets fotograf&#8221;<\/a> som er sammenlagtpoeng fra disse 4 konkurransene.<\/li>\n\n\n\n<li> Medlemmen oppfordres til \u00e5 vise prosjekter de jobber med.<\/li>\n\n\n\n<li>K\u00e5ring av <a href=\"https:\/\/bekkalokket.no\/index.php\/retningslinjer-for-arets-bilde\/\" target=\"_blank\" rel=\"noreferrer noopener\">&#8220;\u00c5rets bilde&#8221;<\/a> <\/li>\n\n\n\n<li>Deltagelse i <a href=\"https:\/\/bekkalokket.no\/index.php\/retningslinjer-for-kunstfotografi\/\" target=\"_blank\" rel=\"noreferrer noopener\">&#8220;\u00c5rets kunstfoto&#8221;<\/a>. Alle som deltar i konkurranser, har foredrag\/innlegg og viser bilder p\u00e5 klubbkveldene f\u00e5r lodd som vi trekker p\u00e5 julefesten. Vinneren f\u00e5r et flott kunstfoto som styret har kj\u00f8pt inn av en anerkjent kunstfotograf.<\/li>\n\n\n\n<li>Klubbutstillinger i eksterne lokaler. <\/li>\n\n\n\n<li>Sm\u00e5 og store turer. De siste \u00e5rene har vi v\u00e6rt p\u00e5 turer til Odda, \u00c5rdal og Dublin. <\/li>\n\n\n\n<li>Samarbeid med vennskapsklubber som <a href=\"https:\/\/staustellcameraclub.co.uk\/\" target=\"_blank\" rel=\"noreferrer noopener\">St. Austell Camera Club<\/a><\/li>\n\n\n\n<li>Workshops og inspirasjonshelger<\/li>\n\n\n\n<li> Utleie av utstyr, Studio blitzanlegg og skjerm- og skriverkalibrator.<\/li>\n\n\n\n<li>Sosiale sammenkomster. Kaf\u00e9bes\u00f8k med gallerirunder og \u00e5rets to h\u00f8ydepunkter sommeravslutning og &nbsp;julebord.<\/li>\n\n\n\n<li> Samarbeid med andre fotoklubber.<\/li>\n\n\n\n<li>Hos oss kan du velge mellom aktivt og passivt medlemskap. Som aktivt medlem deltar du p\u00e5 klubbkvelder, fototurer og arrangementer, mens passivt medlemskap passer for deg som \u00f8nsker \u00e5 st\u00f8tte klubben uten \u00e5 delta fast p\u00e5 aktiviteter<\/li>\n\n\n\n<li> Automatisk medlemskap i Norsk Selskap For Fotografi ( NSFF ) for aktive medlemmer.<\/li>\n<\/ul>\n\n\n\n<div style=\"height:61px\" aria-hidden=\"true\" class=\"wp-block-spacer\"><\/div>\n\n\n\n<h2 class=\"wp-block-heading\">Via v\u00e5r paraplyorganisasjon NSFF og fotobutikker er det en rekke medlemsfordeler<\/h2>\n\n\n\n<p>Gjennom et aktivt medlemskap i foto- og filmklubb vil man \u00f8ke sin kompetanse og finne inspirasjon. Ved at klubben er med i NSFF gis det enkelte medlem en rekke fordeler.<\/p>\n\n\n\n<div class=\"wp-block-columns is-layout-flex wp-container-core-columns-is-layout-9d6595d7 wp-block-columns-is-layout-flex\">\n<div class=\"wp-block-column is-layout-flow wp-block-column-is-layout-flow\">\n<figure class=\"wp-block-image size-large\"><img loading=\"lazy\" decoding=\"async\" width=\"1024\" height=\"538\" src=\"https:\/\/bekkalokket.no\/wp-content\/uploads\/2022\/05\/nsff_lenkebilde-1024x538.jpg\" alt=\"Norsk Selskap for Fotografi\" class=\"wp-image-4949\" srcset=\"https:\/\/bekkalokket.no\/wp-content\/uploads\/2022\/05\/nsff_lenkebilde-1024x538.jpg 1024w, https:\/\/bekkalokket.no\/wp-content\/uploads\/2022\/05\/nsff_lenkebilde-300x158.jpg 300w, https:\/\/bekkalokket.no\/wp-content\/uploads\/2022\/05\/nsff_lenkebilde-768x403.jpg 768w, https:\/\/bekkalokket.no\/wp-content\/uploads\/2022\/05\/nsff_lenkebilde.jpg 1200w\" sizes=\"auto, (max-width: 1024px) 100vw, 1024px\" \/><\/figure>\n\n\n\n<p><a href=\"https:\/\/nsff.no\/norsk-selskap-for-fotografi-fellesskap-for-norske-film-og-fotoklubber\/\" target=\"_blank\" rel=\"noreferrer noopener\">Les mer!<\/a><\/p>\n<\/div>\n\n\n\n<div class=\"wp-block-column is-layout-flow wp-block-column-is-layout-flow\">\n<figure class=\"wp-block-image size-full\"><a href=\"https:\/\/nsff.no\/om-nsff\/sponsor\/\" target=\"_blank\" rel=\" noreferrer noopener\"><img loading=\"lazy\" decoding=\"async\" width=\"746\" height=\"420\" src=\"https:\/\/bekkalokket.no\/wp-content\/uploads\/2022\/02\/CEWE_JapanPhoto.png\" alt=\"Medlemsfordeler: Rabatt hos Cewe for Bekkalokket Fotoklubb sine medlemmer\" class=\"wp-image-4409\" srcset=\"https:\/\/bekkalokket.no\/wp-content\/uploads\/2022\/02\/CEWE_JapanPhoto.png 746w, https:\/\/bekkalokket.no\/wp-content\/uploads\/2022\/02\/CEWE_JapanPhoto-300x169.png 300w\" sizes=\"auto, (max-width: 746px) 100vw, 746px\" \/><\/a><figcaption class=\"wp-element-caption\"><a href=\"https:\/\/nsff.no\/om-nsff\/sponsor\/\" target=\"_blank\" rel=\"noreferrer noopener\">Les mer!<\/a><\/figcaption><\/figure>\n<\/div>\n\n\n\n<div class=\"wp-block-column is-layout-flow wp-block-column-is-layout-flow\">\n<figure class=\"wp-block-image size-full\"><a href=\"https:\/\/www.fotojorgen.no\/\"><img loading=\"lazy\" decoding=\"async\" width=\"1024\" height=\"131\" src=\"https:\/\/bekkalokket.no\/wp-content\/uploads\/2025\/09\/Logo-JPG.jpg\" alt=\"Medlemsfordeler hos Bekkalokket Fotoklubb i Bergen med rabattavtaler hos Foto-J\u00f8rgen.\" class=\"wp-image-10510\" srcset=\"https:\/\/bekkalokket.no\/wp-content\/uploads\/2025\/09\/Logo-JPG.jpg 1024w, https:\/\/bekkalokket.no\/wp-content\/uploads\/2025\/09\/Logo-JPG-300x38.jpg 300w, https:\/\/bekkalokket.no\/wp-content\/uploads\/2025\/09\/Logo-JPG-768x98.jpg 768w\" sizes=\"auto, (max-width: 1024px) 100vw, 1024px\" \/><\/a><\/figure>\n\n\n\n<p><a href=\"https:\/\/www.fotojorgen.no\/\" target=\"_blank\" rel=\"noreferrer noopener\">Les mer!<\/a><\/p>\n<\/div>\n<\/div>\n\n\n\n<div style=\"height:56px\" aria-hidden=\"true\" class=\"wp-block-spacer\"><\/div>\n\n\n\n<h3 class=\"wp-block-heading\"> Foto-J\u00f8rgen AS i Bergen<\/h3>\n\n\n\n<ul class=\"wp-block-list\">\n<li>25% rabatt p\u00e5 fagprint<\/li>\n\n\n\n<li>10% rabatt p\u00e5 blekk<\/li>\n\n\n\n<li>10% rabatt p\u00e5 Epson papir<\/li>\n\n\n\n<li>20% rabatt p\u00e5 Canson papir<\/li>\n\n\n\n<li>50% rabatt p\u00e5 sensorrens<\/li>\n<\/ul>\n\n\n\n<p>Foto-J\u00f8rgen As tar  ogs\u00e5 imot bruktutstyr b\u00e5de for kj\u00f8p og innbytte.<\/p>\n\n\n\n<p><\/p>\n\n\n\n<p><a href=\"https:\/\/nsff.no\/bli-medlem\/fordeler-enkelte-klubbmedlem\/\" target=\"_blank\" rel=\"noreferrer noopener\">Enkelt medlemmers fordeler via NSFF<\/a>                                       <\/p>\n\n\n\n<p><a href=\"https:\/\/nsff.no\/bli-medlem\/klubbfordeler\/\" target=\"_blank\" rel=\"noreferrer noopener\">Klubbens fordeler via NSF<\/a><a href=\"https:\/\/nsff.no\/norsk-selskap-for-fotografi-fellesskap-for-norske-film-og-fotoklubber\/\" target=\"_blank\" rel=\"noreferrer noopener\">F<\/a><\/p>\n\n\n\n<h2 class=\"wp-block-heading\"><strong>Hva \u00f8nsker klubben av aktive medlemmer?<\/strong><\/h2>\n\n\n\n<p>I Bekkalokket Fotoklubb \u00f8nsker vi \u00e5 skape et levende og inspirerende milj\u00f8. Som aktivt medlem oppfordres du til \u00e5 bidra der du kan og v\u00e6re en del av fellesskapet. Vi setter pris p\u00e5 at du:<\/p>\n\n\n\n<ul class=\"wp-block-list\">\n<li>Utforsker fotograferingen din aktivt og tar med kameraet p\u00e5 turer, m\u00f8ter og arrangementer.<\/li>\n\n\n\n<li>Deler bildene dine p\u00e5 utvalgte medlemsm\u00f8ter slik at vi kan inspirere og l\u00e6re av hverandre.<\/li>\n\n\n\n<li>Bidrar n\u00e5r det trengs, enten ved \u00e5 ta p\u00e5 deg et verv, delta i et utvalg eller hjelpe til p\u00e5 dugnader i klubben.<\/li>\n\n\n\n<li>Blir med p\u00e5 sosiale aktiviteter og fototurer n\u00e5r du har mulighet, slik at vi sammen bygger et sterkt og kreativt fellesskap.<\/li>\n<\/ul>\n\n\n\n<h3 class=\"wp-block-heading\"><\/h3>\n\n\n\n<p><a href=\"https:\/\/bekkalokket.no\/index.php\/bli-medlem-i-bekkalokket-fotoklubb\/\">Meld deg inn her<\/a><\/p>\n\n\n\n<p><\/p>\n\n\n\n<p><strong>Bli en del av fellesskapet &#8211; <strong>Vi gleder oss til \u00e5 \u00f8nske deg velkommen!<\/strong><\/strong><\/p>\n\n\n\n<div style=\"height:65px\" aria-hidden=\"true\" class=\"wp-block-spacer\"><\/div>\n\n\n\n<figure class=\"wp-block-image size-large\"><img loading=\"lazy\" decoding=\"async\" width=\"1024\" height=\"211\" src=\"https:\/\/bekkalokket.no\/wp-content\/uploads\/2018\/08\/Ny-header-til-nettsiden-m-NFFF-logo-1024x211.jpg\" alt=\"Medlemsfordeler i Bekkalokket Fotoklubb.\" class=\"wp-image-2154\" srcset=\"https:\/\/bekkalokket.no\/wp-content\/uploads\/2018\/08\/Ny-header-til-nettsiden-m-NFFF-logo-1024x211.jpg 1024w, https:\/\/bekkalokket.no\/wp-content\/uploads\/2018\/08\/Ny-header-til-nettsiden-m-NFFF-logo-300x62.jpg 300w, https:\/\/bekkalokket.no\/wp-content\/uploads\/2018\/08\/Ny-header-til-nettsiden-m-NFFF-logo-768x158.jpg 768w\" sizes=\"auto, (max-width: 1024px) 100vw, 1024px\" \/><\/figure>\n\n\n\n<p><\/p>\n\n\n\n<p><\/p>\n\n\n\n<p><a href=\"https:\/\/bekkalokket.no\/index.php\/utstillinger-og-prosjekter\/\">Klubbutstillinger i eksterne lokaler<\/a><\/p>\n\n\n\n<p><a href=\"https:\/\/bekkalokket.no\/index.php\/grasrotutstillingen-2024\/\">Grasrotutstillingen 2024<\/a><\/p>\n","protected":false},"excerpt":{"rendered":"<p>Hos Bekkalokket Fotoklubb f\u00e5r du muligheten til \u00e5 utvikle deg som fotograf , utfordre egne grenser og utforske nye kreative retninger \u2013 enten du jobber med foto, video eller begge deler. Finn ut av&#46;&#46;&#46;<\/p>\n","protected":false},"author":2,"featured_media":9525,"parent":16,"menu_order":0,"comment_status":"open","ping_status":"closed","template":"","meta":{"footnotes":""},"class_list":["post-779","page","type-page","status-publish","has-post-thumbnail","hentry"],"yoast_head":"<!-- This site is optimized with the Yoast SEO plugin v27.4 - https:\/\/yoast.com\/product\/yoast-seo-wordpress\/ -->\n<title>Medlemsfordeler - Bekkalokket Fotoklubb<\/title>\n<meta name=\"description\" content=\"Medlemsfordeler i Bekkalokket Fotoklubb. F\u00e5 med deg inspirerende foredragsholdere, workshops, fotokonkurranser, sosiale aktiviteter. Les mer!\" \/>\n<meta name=\"robots\" content=\"index, follow, max-snippet:-1, max-image-preview:large, max-video-preview:-1\" \/>\n<link rel=\"canonical\" href=\"https:\/\/bekkalokket.no\/index.php\/om-klubben\/medlemsfordeler-i-bekkalokket-fotoklubb\/\" \/>\n<meta property=\"og:locale\" content=\"nb_NO\" \/>\n<meta property=\"og:type\" content=\"article\" \/>\n<meta property=\"og:title\" content=\"Medlemsfordeler - Bekkalokket Fotoklubb\" \/>\n<meta property=\"og:description\" content=\"Medlemsfordeler i Bekkalokket Fotoklubb. F\u00e5 med deg inspirerende foredragsholdere, workshops, fotokonkurranser, sosiale aktiviteter. Les mer!\" \/>\n<meta property=\"og:url\" content=\"https:\/\/bekkalokket.no\/index.php\/om-klubben\/medlemsfordeler-i-bekkalokket-fotoklubb\/\" \/>\n<meta property=\"og:site_name\" content=\"Bekkalokket Fotoklubb\" \/>\n<meta property=\"article:modified_time\" content=\"2025-11-06T15:11:14+00:00\" \/>\n<meta property=\"og:image\" content=\"https:\/\/bekkalokket.no\/wp-content\/uploads\/2022\/05\/cropped-last-ned.jpg\" \/>\n\t<meta property=\"og:image:width\" content=\"196\" \/>\n\t<meta property=\"og:image:height\" content=\"196\" \/>\n\t<meta property=\"og:image:type\" content=\"image\/jpeg\" \/>\n<meta name=\"twitter:card\" content=\"summary_large_image\" \/>\n<meta name=\"twitter:label1\" content=\"Ansl. lesetid\" \/>\n\t<meta name=\"twitter:data1\" content=\"6 minutter\" \/>\n<script type=\"application\/ld+json\" class=\"yoast-schema-graph\">{\"@context\":\"https:\\\/\\\/schema.org\",\"@graph\":[{\"@type\":\"WebPage\",\"@id\":\"https:\\\/\\\/bekkalokket.no\\\/index.php\\\/om-klubben\\\/medlemsfordeler-i-bekkalokket-fotoklubb\\\/\",\"url\":\"https:\\\/\\\/bekkalokket.no\\\/index.php\\\/om-klubben\\\/medlemsfordeler-i-bekkalokket-fotoklubb\\\/\",\"name\":\"Medlemsfordeler - Bekkalokket Fotoklubb\",\"isPartOf\":{\"@id\":\"https:\\\/\\\/bekkalokket.no\\\/#website\"},\"primaryImageOfPage\":{\"@id\":\"https:\\\/\\\/bekkalokket.no\\\/index.php\\\/om-klubben\\\/medlemsfordeler-i-bekkalokket-fotoklubb\\\/#primaryimage\"},\"image\":{\"@id\":\"https:\\\/\\\/bekkalokket.no\\\/index.php\\\/om-klubben\\\/medlemsfordeler-i-bekkalokket-fotoklubb\\\/#primaryimage\"},\"thumbnailUrl\":\"https:\\\/\\\/bekkalokket.no\\\/wp-content\\\/uploads\\\/2022\\\/05\\\/cropped-last-ned.jpg\",\"datePublished\":\"2018-08-26T12:42:00+00:00\",\"dateModified\":\"2025-11-06T15:11:14+00:00\",\"description\":\"Medlemsfordeler i Bekkalokket Fotoklubb. F\u00e5 med deg inspirerende foredragsholdere, workshops, fotokonkurranser, sosiale aktiviteter. Les mer!\",\"breadcrumb\":{\"@id\":\"https:\\\/\\\/bekkalokket.no\\\/index.php\\\/om-klubben\\\/medlemsfordeler-i-bekkalokket-fotoklubb\\\/#breadcrumb\"},\"inLanguage\":\"nb-NO\",\"potentialAction\":[{\"@type\":\"ReadAction\",\"target\":[\"https:\\\/\\\/bekkalokket.no\\\/index.php\\\/om-klubben\\\/medlemsfordeler-i-bekkalokket-fotoklubb\\\/\"]}]},{\"@type\":\"ImageObject\",\"inLanguage\":\"nb-NO\",\"@id\":\"https:\\\/\\\/bekkalokket.no\\\/index.php\\\/om-klubben\\\/medlemsfordeler-i-bekkalokket-fotoklubb\\\/#primaryimage\",\"url\":\"https:\\\/\\\/bekkalokket.no\\\/wp-content\\\/uploads\\\/2022\\\/05\\\/cropped-last-ned.jpg\",\"contentUrl\":\"https:\\\/\\\/bekkalokket.no\\\/wp-content\\\/uploads\\\/2022\\\/05\\\/cropped-last-ned.jpg\",\"width\":196,\"height\":196,\"caption\":\"Logo til Bekkalokket Fotoklubb\"},{\"@type\":\"BreadcrumbList\",\"@id\":\"https:\\\/\\\/bekkalokket.no\\\/index.php\\\/om-klubben\\\/medlemsfordeler-i-bekkalokket-fotoklubb\\\/#breadcrumb\",\"itemListElement\":[{\"@type\":\"ListItem\",\"position\":1,\"name\":\"Home\",\"item\":\"https:\\\/\\\/bekkalokket.no\\\/\"},{\"@type\":\"ListItem\",\"position\":2,\"name\":\"Om klubben\",\"item\":\"https:\\\/\\\/bekkalokket.no\\\/index.php\\\/om-klubben\\\/\"},{\"@type\":\"ListItem\",\"position\":3,\"name\":\"Medlemsfordeler\"}]},{\"@type\":\"WebSite\",\"@id\":\"https:\\\/\\\/bekkalokket.no\\\/#website\",\"url\":\"https:\\\/\\\/bekkalokket.no\\\/\",\"name\":\"Bekkalokket Fotoklubb\",\"description\":\"En sosial og aktiv fotoklubb i Bergen\",\"potentialAction\":[{\"@type\":\"SearchAction\",\"target\":{\"@type\":\"EntryPoint\",\"urlTemplate\":\"https:\\\/\\\/bekkalokket.no\\\/?s={search_term_string}\"},\"query-input\":{\"@type\":\"PropertyValueSpecification\",\"valueRequired\":true,\"valueName\":\"search_term_string\"}}],\"inLanguage\":\"nb-NO\"}]}<\/script>\n<!-- \/ Yoast SEO plugin. -->","yoast_head_json":{"title":"Medlemsfordeler - Bekkalokket Fotoklubb","description":"Medlemsfordeler i Bekkalokket Fotoklubb. F\u00e5 med deg inspirerende foredragsholdere, workshops, fotokonkurranser, sosiale aktiviteter. Les mer!","robots":{"index":"index","follow":"follow","max-snippet":"max-snippet:-1","max-image-preview":"max-image-preview:large","max-video-preview":"max-video-preview:-1"},"canonical":"https:\/\/bekkalokket.no\/index.php\/om-klubben\/medlemsfordeler-i-bekkalokket-fotoklubb\/","og_locale":"nb_NO","og_type":"article","og_title":"Medlemsfordeler - Bekkalokket Fotoklubb","og_description":"Medlemsfordeler i Bekkalokket Fotoklubb. F\u00e5 med deg inspirerende foredragsholdere, workshops, fotokonkurranser, sosiale aktiviteter. Les mer!","og_url":"https:\/\/bekkalokket.no\/index.php\/om-klubben\/medlemsfordeler-i-bekkalokket-fotoklubb\/","og_site_name":"Bekkalokket Fotoklubb","article_modified_time":"2025-11-06T15:11:14+00:00","og_image":[{"width":196,"height":196,"url":"https:\/\/bekkalokket.no\/wp-content\/uploads\/2022\/05\/cropped-last-ned.jpg","type":"image\/jpeg"}],"twitter_card":"summary_large_image","twitter_misc":{"Ansl. lesetid":"6 minutter"},"schema":{"@context":"https:\/\/schema.org","@graph":[{"@type":"WebPage","@id":"https:\/\/bekkalokket.no\/index.php\/om-klubben\/medlemsfordeler-i-bekkalokket-fotoklubb\/","url":"https:\/\/bekkalokket.no\/index.php\/om-klubben\/medlemsfordeler-i-bekkalokket-fotoklubb\/","name":"Medlemsfordeler - Bekkalokket Fotoklubb","isPartOf":{"@id":"https:\/\/bekkalokket.no\/#website"},"primaryImageOfPage":{"@id":"https:\/\/bekkalokket.no\/index.php\/om-klubben\/medlemsfordeler-i-bekkalokket-fotoklubb\/#primaryimage"},"image":{"@id":"https:\/\/bekkalokket.no\/index.php\/om-klubben\/medlemsfordeler-i-bekkalokket-fotoklubb\/#primaryimage"},"thumbnailUrl":"https:\/\/bekkalokket.no\/wp-content\/uploads\/2022\/05\/cropped-last-ned.jpg","datePublished":"2018-08-26T12:42:00+00:00","dateModified":"2025-11-06T15:11:14+00:00","description":"Medlemsfordeler i Bekkalokket Fotoklubb. F\u00e5 med deg inspirerende foredragsholdere, workshops, fotokonkurranser, sosiale aktiviteter. Les mer!","breadcrumb":{"@id":"https:\/\/bekkalokket.no\/index.php\/om-klubben\/medlemsfordeler-i-bekkalokket-fotoklubb\/#breadcrumb"},"inLanguage":"nb-NO","potentialAction":[{"@type":"ReadAction","target":["https:\/\/bekkalokket.no\/index.php\/om-klubben\/medlemsfordeler-i-bekkalokket-fotoklubb\/"]}]},{"@type":"ImageObject","inLanguage":"nb-NO","@id":"https:\/\/bekkalokket.no\/index.php\/om-klubben\/medlemsfordeler-i-bekkalokket-fotoklubb\/#primaryimage","url":"https:\/\/bekkalokket.no\/wp-content\/uploads\/2022\/05\/cropped-last-ned.jpg","contentUrl":"https:\/\/bekkalokket.no\/wp-content\/uploads\/2022\/05\/cropped-last-ned.jpg","width":196,"height":196,"caption":"Logo til Bekkalokket Fotoklubb"},{"@type":"BreadcrumbList","@id":"https:\/\/bekkalokket.no\/index.php\/om-klubben\/medlemsfordeler-i-bekkalokket-fotoklubb\/#breadcrumb","itemListElement":[{"@type":"ListItem","position":1,"name":"Home","item":"https:\/\/bekkalokket.no\/"},{"@type":"ListItem","position":2,"name":"Om klubben","item":"https:\/\/bekkalokket.no\/index.php\/om-klubben\/"},{"@type":"ListItem","position":3,"name":"Medlemsfordeler"}]},{"@type":"WebSite","@id":"https:\/\/bekkalokket.no\/#website","url":"https:\/\/bekkalokket.no\/","name":"Bekkalokket Fotoklubb","description":"En sosial og aktiv fotoklubb i Bergen","potentialAction":[{"@type":"SearchAction","target":{"@type":"EntryPoint","urlTemplate":"https:\/\/bekkalokket.no\/?s={search_term_string}"},"query-input":{"@type":"PropertyValueSpecification","valueRequired":true,"valueName":"search_term_string"}}],"inLanguage":"nb-NO"}]}},"_links":{"self":[{"href":"https:\/\/bekkalokket.no\/index.php\/wp-json\/wp\/v2\/pages\/779","targetHints":{"allow":["GET"]}}],"collection":[{"href":"https:\/\/bekkalokket.no\/index.php\/wp-json\/wp\/v2\/pages"}],"about":[{"href":"https:\/\/bekkalokket.no\/index.php\/wp-json\/wp\/v2\/types\/page"}],"author":[{"embeddable":true,"href":"https:\/\/bekkalokket.no\/index.php\/wp-json\/wp\/v2\/users\/2"}],"replies":[{"embeddable":true,"href":"https:\/\/bekkalokket.no\/index.php\/wp-json\/wp\/v2\/comments?post=779"}],"version-history":[{"count":88,"href":"https:\/\/bekkalokket.no\/index.php\/wp-json\/wp\/v2\/pages\/779\/revisions"}],"predecessor-version":[{"id":10859,"href":"https:\/\/bekkalokket.no\/index.php\/wp-json\/wp\/v2\/pages\/779\/revisions\/10859"}],"up":[{"embeddable":true,"href":"https:\/\/bekkalokket.no\/index.php\/wp-json\/wp\/v2\/pages\/16"}],"wp:featuredmedia":[{"embeddable":true,"href":"https:\/\/bekkalokket.no\/index.php\/wp-json\/wp\/v2\/media\/9525"}],"wp:attachment":[{"href":"https:\/\/bekkalokket.no\/index.php\/wp-json\/wp\/v2\/media?parent=779"}],"curies":[{"name":"wp","href":"https:\/\/api.w.org\/{rel}","templated":true}]}}