{"id":789,"date":"2018-08-26T14:53:11","date_gmt":"2018-08-26T12:53:11","guid":{"rendered":"http:\/\/bekkalokket.com\/?page_id=789"},"modified":"2018-08-26T14:53:11","modified_gmt":"2018-08-26T12:53:11","slug":"retningslinjer-for-historisk-komite","status":"publish","type":"page","link":"https:\/\/bekkalokket.no\/index.php\/retningslinjer-for-historisk-komite\/","title":{"rendered":"Retningslinjer for Historisk Komit\u00e8"},"content":{"rendered":"<div>Historisk komit\u00e9 skal samle inn historisk materiale. Dette b\u00f8r samles p\u00e5 en database, og eventuelt trykkes som et sammendrag i et hefte til jubileet i 2002.<\/div>\n<p>Det historiske materiale b\u00f8r presenteres p\u00e5 jubileumsfesten \/ \u00e5rsm\u00f8tet.<\/p>\n<p>Historisk komit\u00e9 velges av \u00e5rsm\u00f8tet.<\/p>\n<p>Komiteen b\u00f8r best\u00e5 av minst tre medlemmer.<\/p>\n<p>Leder for komiteen b\u00f8r minimum ha funksjon som styremedlem i klubbens styre. Dette for \u00e5 kunne informere Styret om planer, \u00f8konomi og samarbeid.<\/p>\n<p>Komiteen b\u00f8r ha et samarbeid med Jubileumskomiteen.<\/p>\n<p>Komiteen arbeider etter de \u00f8konomiske rammer som styret gir.<\/p>\n<p>Som historisk materiale kan nevnes:<br \/>\n\u2022 Medlemslister<br \/>\n\u2022 Bulletiner<br \/>\n\u2022 Aktivitets- og m\u00f8teprogrammer<br \/>\n\u2022 \u00c5rsmeldinger<br \/>\n\u2022 Bilder og rapporter fra turer som klubben har arrangert eller deltatt p\u00e5.<br \/>\n\u2022 Bilder og omtaler av utstillinger hvor klubbens medlemmer har deltatt.<br \/>\n\u2022 Styresammensetninger.<br \/>\n\u2022 Verv som klubbens medlemmer har \/ har hatt i NSFF, etc.<br \/>\n\u2022 Utmerkelser som klubbens medlemmer har f\u00e5tt i NSFF, etc.<\/p>\n<p>&nbsp;<\/p>\n","protected":false},"excerpt":{"rendered":"<p>Historisk komit\u00e9 skal samle inn historisk materiale. Dette b\u00f8r samles p\u00e5 en database, og eventuelt trykkes som et sammendrag i et hefte til jubileet i 2002. Det historiske materiale b\u00f8r presenteres p\u00e5 jubileumsfesten \/&#46;&#46;&#46;<\/p>\n","protected":false},"author":2,"featured_media":0,"parent":0,"menu_order":0,"comment_status":"closed","ping_status":"closed","template":"","meta":{"footnotes":""},"class_list":["post-789","page","type-page","status-publish","hentry"],"yoast_head":"<!-- This site is optimized with the Yoast SEO plugin v27.5 - https:\/\/yoast.com\/product\/yoast-seo-wordpress\/ -->\n<title>Retningslinjer for Historisk Komit\u00e8 - Bekkalokket Fotoklubb<\/title>\n<meta name=\"robots\" content=\"index, follow, max-snippet:-1, max-image-preview:large, max-video-preview:-1\" \/>\n<link rel=\"canonical\" href=\"https:\/\/bekkalokket.no\/index.php\/retningslinjer-for-historisk-komite\/\" \/>\n<meta property=\"og:locale\" content=\"nb_NO\" \/>\n<meta property=\"og:type\" content=\"article\" \/>\n<meta property=\"og:title\" content=\"Retningslinjer for Historisk Komit\u00e8 - Bekkalokket Fotoklubb\" \/>\n<meta property=\"og:description\" content=\"Historisk komit\u00e9 skal samle inn historisk materiale. Dette b\u00f8r samles p\u00e5 en database, og eventuelt trykkes som et sammendrag i et hefte til jubileet i 2002. Det historiske materiale b\u00f8r presenteres p\u00e5 jubileumsfesten \/&#046;&#046;&#046;\" \/>\n<meta property=\"og:url\" content=\"https:\/\/bekkalokket.no\/index.php\/retningslinjer-for-historisk-komite\/\" \/>\n<meta property=\"og:site_name\" content=\"Bekkalokket Fotoklubb\" \/>\n<meta name=\"twitter:card\" content=\"summary_large_image\" \/>\n<meta name=\"twitter:label1\" content=\"Ansl. lesetid\" \/>\n\t<meta name=\"twitter:data1\" content=\"1 minutt\" \/>\n<script type=\"application\/ld+json\" class=\"yoast-schema-graph\">{\"@context\":\"https:\\\/\\\/schema.org\",\"@graph\":[{\"@type\":\"WebPage\",\"@id\":\"https:\\\/\\\/bekkalokket.no\\\/index.php\\\/retningslinjer-for-historisk-komite\\\/\",\"url\":\"https:\\\/\\\/bekkalokket.no\\\/index.php\\\/retningslinjer-for-historisk-komite\\\/\",\"name\":\"Retningslinjer for Historisk Komit\u00e8 - Bekkalokket Fotoklubb\",\"isPartOf\":{\"@id\":\"https:\\\/\\\/bekkalokket.no\\\/#website\"},\"datePublished\":\"2018-08-26T12:53:11+00:00\",\"breadcrumb\":{\"@id\":\"https:\\\/\\\/bekkalokket.no\\\/index.php\\\/retningslinjer-for-historisk-komite\\\/#breadcrumb\"},\"inLanguage\":\"nb-NO\",\"potentialAction\":[{\"@type\":\"ReadAction\",\"target\":[\"https:\\\/\\\/bekkalokket.no\\\/index.php\\\/retningslinjer-for-historisk-komite\\\/\"]}]},{\"@type\":\"BreadcrumbList\",\"@id\":\"https:\\\/\\\/bekkalokket.no\\\/index.php\\\/retningslinjer-for-historisk-komite\\\/#breadcrumb\",\"itemListElement\":[{\"@type\":\"ListItem\",\"position\":1,\"name\":\"Home\",\"item\":\"https:\\\/\\\/bekkalokket.no\\\/\"},{\"@type\":\"ListItem\",\"position\":2,\"name\":\"Retningslinjer for Historisk Komit\u00e8\"}]},{\"@type\":\"WebSite\",\"@id\":\"https:\\\/\\\/bekkalokket.no\\\/#website\",\"url\":\"https:\\\/\\\/bekkalokket.no\\\/\",\"name\":\"Bekkalokket Fotoklubb\",\"description\":\"En sosial og aktiv fotoklubb i Bergen\",\"potentialAction\":[{\"@type\":\"SearchAction\",\"target\":{\"@type\":\"EntryPoint\",\"urlTemplate\":\"https:\\\/\\\/bekkalokket.no\\\/?s={search_term_string}\"},\"query-input\":{\"@type\":\"PropertyValueSpecification\",\"valueRequired\":true,\"valueName\":\"search_term_string\"}}],\"inLanguage\":\"nb-NO\"}]}<\/script>\n<!-- \/ Yoast SEO plugin. -->","yoast_head_json":{"title":"Retningslinjer for Historisk Komit\u00e8 - Bekkalokket Fotoklubb","robots":{"index":"index","follow":"follow","max-snippet":"max-snippet:-1","max-image-preview":"max-image-preview:large","max-video-preview":"max-video-preview:-1"},"canonical":"https:\/\/bekkalokket.no\/index.php\/retningslinjer-for-historisk-komite\/","og_locale":"nb_NO","og_type":"article","og_title":"Retningslinjer for Historisk Komit\u00e8 - Bekkalokket Fotoklubb","og_description":"Historisk komit\u00e9 skal samle inn historisk materiale. Dette b\u00f8r samles p\u00e5 en database, og eventuelt trykkes som et sammendrag i et hefte til jubileet i 2002. Det historiske materiale b\u00f8r presenteres p\u00e5 jubileumsfesten \/&#46;&#46;&#46;","og_url":"https:\/\/bekkalokket.no\/index.php\/retningslinjer-for-historisk-komite\/","og_site_name":"Bekkalokket Fotoklubb","twitter_card":"summary_large_image","twitter_misc":{"Ansl. lesetid":"1 minutt"},"schema":{"@context":"https:\/\/schema.org","@graph":[{"@type":"WebPage","@id":"https:\/\/bekkalokket.no\/index.php\/retningslinjer-for-historisk-komite\/","url":"https:\/\/bekkalokket.no\/index.php\/retningslinjer-for-historisk-komite\/","name":"Retningslinjer for Historisk Komit\u00e8 - Bekkalokket Fotoklubb","isPartOf":{"@id":"https:\/\/bekkalokket.no\/#website"},"datePublished":"2018-08-26T12:53:11+00:00","breadcrumb":{"@id":"https:\/\/bekkalokket.no\/index.php\/retningslinjer-for-historisk-komite\/#breadcrumb"},"inLanguage":"nb-NO","potentialAction":[{"@type":"ReadAction","target":["https:\/\/bekkalokket.no\/index.php\/retningslinjer-for-historisk-komite\/"]}]},{"@type":"BreadcrumbList","@id":"https:\/\/bekkalokket.no\/index.php\/retningslinjer-for-historisk-komite\/#breadcrumb","itemListElement":[{"@type":"ListItem","position":1,"name":"Home","item":"https:\/\/bekkalokket.no\/"},{"@type":"ListItem","position":2,"name":"Retningslinjer for Historisk Komit\u00e8"}]},{"@type":"WebSite","@id":"https:\/\/bekkalokket.no\/#website","url":"https:\/\/bekkalokket.no\/","name":"Bekkalokket Fotoklubb","description":"En sosial og aktiv fotoklubb i Bergen","potentialAction":[{"@type":"SearchAction","target":{"@type":"EntryPoint","urlTemplate":"https:\/\/bekkalokket.no\/?s={search_term_string}"},"query-input":{"@type":"PropertyValueSpecification","valueRequired":true,"valueName":"search_term_string"}}],"inLanguage":"nb-NO"}]}},"_links":{"self":[{"href":"https:\/\/bekkalokket.no\/index.php\/wp-json\/wp\/v2\/pages\/789","targetHints":{"allow":["GET"]}}],"collection":[{"href":"https:\/\/bekkalokket.no\/index.php\/wp-json\/wp\/v2\/pages"}],"about":[{"href":"https:\/\/bekkalokket.no\/index.php\/wp-json\/wp\/v2\/types\/page"}],"author":[{"embeddable":true,"href":"https:\/\/bekkalokket.no\/index.php\/wp-json\/wp\/v2\/users\/2"}],"replies":[{"embeddable":true,"href":"https:\/\/bekkalokket.no\/index.php\/wp-json\/wp\/v2\/comments?post=789"}],"version-history":[{"count":1,"href":"https:\/\/bekkalokket.no\/index.php\/wp-json\/wp\/v2\/pages\/789\/revisions"}],"predecessor-version":[{"id":790,"href":"https:\/\/bekkalokket.no\/index.php\/wp-json\/wp\/v2\/pages\/789\/revisions\/790"}],"wp:attachment":[{"href":"https:\/\/bekkalokket.no\/index.php\/wp-json\/wp\/v2\/media?parent=789"}],"curies":[{"name":"wp","href":"https:\/\/api.w.org\/{rel}","templated":true}]}}