{"id":795,"date":"2018-08-26T14:57:19","date_gmt":"2018-08-26T12:57:19","guid":{"rendered":"http:\/\/bekkalokket.com\/?page_id=795"},"modified":"2018-08-26T14:57:19","modified_gmt":"2018-08-26T12:57:19","slug":"retningslinjer-for-jubileumskomite","status":"publish","type":"page","link":"https:\/\/bekkalokket.no\/index.php\/retningslinjer-for-jubileumskomite\/","title":{"rendered":"Retningslinjer for Jubileumskomit\u00e8"},"content":{"rendered":"<p><!--p require(\"..\/menyer\/meny-statutt.inc\");--><\/p>\n<div>\n<div>Jubileumskomite\u00e8ns form\u00e5l er \u00e5 arrangere en jubileumsfest i 2002, da Bekkalokket fotoklubb feirer 25 \u00e5r.<\/div>\n<ul>\n<li>Komite\u00e8n b\u00f8r best\u00e5 av minst fire medlemmer.<\/li>\n<li>Leder for komite\u00e8n b\u00f8r minimum ha funksjon som styremedlem i klubbens styre. Dette for \u00e5 kunne informere Styret om planer, \u00f8konomi og samarbeid.<\/li>\n<li>Komite\u00e8n skal framlegge en framdriftsplan for styret, som viser datoer for aktiviteter i forbindelse med jubileums\u00e5ret.<\/li>\n<li>Det b\u00f8r ogs\u00e5 lages en utstilling som komiteen har ansvar for blir arrangert, i samarbeid med <a href=\"index.php?option=com_content&amp;view=article&amp;id=143:retningslinjer-for-utstillingskomite&amp;catid=42&amp;Itemid=154\" target=\"_self\">Utstillingskomite\u00e8n<\/a>, som har det tekniske ansvaret.<\/li>\n<li>Jubileumskomiteen b\u00f8r ha et tett samarbeid med <a href=\"index.php?option=com_content&amp;view=article&amp;id=137:retningslinjer-for-komite-for-kos-trivsel-og-velvaere&amp;catid=42&amp;Itemid=148\" target=\"_self\">Komit\u00e9 for kos, trivsel og velv\u00e6re<\/a>, som har det tekniske ansvaret, og med <a href=\"index.php?option=com_content&amp;view=article&amp;id=132:retningslinjer-for-historisk-komite&amp;catid=42&amp;Itemid=143\" target=\"_self\">Historisk komit\u00e9<\/a>\u00a0som skal presentere klubbens historie.<\/li>\n<li>Komite\u00e8n arbeider etter de \u00f8konomiske rammer som styret gir.<\/li>\n<\/ul>\n<\/div>\n","protected":false},"excerpt":{"rendered":"<p>Jubileumskomite\u00e8ns form\u00e5l er \u00e5 arrangere en jubileumsfest i 2002, da Bekkalokket fotoklubb feirer 25 \u00e5r. Komite\u00e8n b\u00f8r best\u00e5 av minst fire medlemmer. Leder for komite\u00e8n b\u00f8r minimum ha funksjon som styremedlem i klubbens styre.&#46;&#46;&#46;<\/p>\n","protected":false},"author":2,"featured_media":0,"parent":0,"menu_order":0,"comment_status":"closed","ping_status":"closed","template":"","meta":{"footnotes":""},"class_list":["post-795","page","type-page","status-publish","hentry"],"yoast_head":"<!-- This site is optimized with the Yoast SEO plugin v27.5 - https:\/\/yoast.com\/product\/yoast-seo-wordpress\/ -->\n<title>Retningslinjer for Jubileumskomit\u00e8 - Bekkalokket Fotoklubb<\/title>\n<meta name=\"robots\" content=\"index, follow, max-snippet:-1, max-image-preview:large, max-video-preview:-1\" \/>\n<link rel=\"canonical\" href=\"https:\/\/bekkalokket.no\/index.php\/retningslinjer-for-jubileumskomite\/\" \/>\n<meta property=\"og:locale\" content=\"nb_NO\" \/>\n<meta property=\"og:type\" content=\"article\" \/>\n<meta property=\"og:title\" content=\"Retningslinjer for Jubileumskomit\u00e8 - Bekkalokket Fotoklubb\" \/>\n<meta property=\"og:description\" content=\"Jubileumskomite\u00e8ns form\u00e5l er \u00e5 arrangere en jubileumsfest i 2002, da Bekkalokket fotoklubb feirer 25 \u00e5r. Komite\u00e8n b\u00f8r best\u00e5 av minst fire medlemmer. Leder for komite\u00e8n b\u00f8r minimum ha funksjon som styremedlem i klubbens styre.&#046;&#046;&#046;\" \/>\n<meta property=\"og:url\" content=\"https:\/\/bekkalokket.no\/index.php\/retningslinjer-for-jubileumskomite\/\" \/>\n<meta property=\"og:site_name\" content=\"Bekkalokket Fotoklubb\" \/>\n<meta name=\"twitter:card\" content=\"summary_large_image\" \/>\n<meta name=\"twitter:label1\" content=\"Ansl. lesetid\" \/>\n\t<meta name=\"twitter:data1\" content=\"1 minutt\" \/>\n<script type=\"application\/ld+json\" class=\"yoast-schema-graph\">{\"@context\":\"https:\\\/\\\/schema.org\",\"@graph\":[{\"@type\":\"WebPage\",\"@id\":\"https:\\\/\\\/bekkalokket.no\\\/index.php\\\/retningslinjer-for-jubileumskomite\\\/\",\"url\":\"https:\\\/\\\/bekkalokket.no\\\/index.php\\\/retningslinjer-for-jubileumskomite\\\/\",\"name\":\"Retningslinjer for Jubileumskomit\u00e8 - Bekkalokket Fotoklubb\",\"isPartOf\":{\"@id\":\"https:\\\/\\\/bekkalokket.no\\\/#website\"},\"datePublished\":\"2018-08-26T12:57:19+00:00\",\"breadcrumb\":{\"@id\":\"https:\\\/\\\/bekkalokket.no\\\/index.php\\\/retningslinjer-for-jubileumskomite\\\/#breadcrumb\"},\"inLanguage\":\"nb-NO\",\"potentialAction\":[{\"@type\":\"ReadAction\",\"target\":[\"https:\\\/\\\/bekkalokket.no\\\/index.php\\\/retningslinjer-for-jubileumskomite\\\/\"]}]},{\"@type\":\"BreadcrumbList\",\"@id\":\"https:\\\/\\\/bekkalokket.no\\\/index.php\\\/retningslinjer-for-jubileumskomite\\\/#breadcrumb\",\"itemListElement\":[{\"@type\":\"ListItem\",\"position\":1,\"name\":\"Home\",\"item\":\"https:\\\/\\\/bekkalokket.no\\\/\"},{\"@type\":\"ListItem\",\"position\":2,\"name\":\"Retningslinjer for Jubileumskomit\u00e8\"}]},{\"@type\":\"WebSite\",\"@id\":\"https:\\\/\\\/bekkalokket.no\\\/#website\",\"url\":\"https:\\\/\\\/bekkalokket.no\\\/\",\"name\":\"Bekkalokket Fotoklubb\",\"description\":\"En sosial og aktiv fotoklubb i Bergen\",\"potentialAction\":[{\"@type\":\"SearchAction\",\"target\":{\"@type\":\"EntryPoint\",\"urlTemplate\":\"https:\\\/\\\/bekkalokket.no\\\/?s={search_term_string}\"},\"query-input\":{\"@type\":\"PropertyValueSpecification\",\"valueRequired\":true,\"valueName\":\"search_term_string\"}}],\"inLanguage\":\"nb-NO\"}]}<\/script>\n<!-- \/ Yoast SEO plugin. -->","yoast_head_json":{"title":"Retningslinjer for Jubileumskomit\u00e8 - Bekkalokket Fotoklubb","robots":{"index":"index","follow":"follow","max-snippet":"max-snippet:-1","max-image-preview":"max-image-preview:large","max-video-preview":"max-video-preview:-1"},"canonical":"https:\/\/bekkalokket.no\/index.php\/retningslinjer-for-jubileumskomite\/","og_locale":"nb_NO","og_type":"article","og_title":"Retningslinjer for Jubileumskomit\u00e8 - Bekkalokket Fotoklubb","og_description":"Jubileumskomite\u00e8ns form\u00e5l er \u00e5 arrangere en jubileumsfest i 2002, da Bekkalokket fotoklubb feirer 25 \u00e5r. Komite\u00e8n b\u00f8r best\u00e5 av minst fire medlemmer. Leder for komite\u00e8n b\u00f8r minimum ha funksjon som styremedlem i klubbens styre.&#46;&#46;&#46;","og_url":"https:\/\/bekkalokket.no\/index.php\/retningslinjer-for-jubileumskomite\/","og_site_name":"Bekkalokket Fotoklubb","twitter_card":"summary_large_image","twitter_misc":{"Ansl. lesetid":"1 minutt"},"schema":{"@context":"https:\/\/schema.org","@graph":[{"@type":"WebPage","@id":"https:\/\/bekkalokket.no\/index.php\/retningslinjer-for-jubileumskomite\/","url":"https:\/\/bekkalokket.no\/index.php\/retningslinjer-for-jubileumskomite\/","name":"Retningslinjer for Jubileumskomit\u00e8 - Bekkalokket Fotoklubb","isPartOf":{"@id":"https:\/\/bekkalokket.no\/#website"},"datePublished":"2018-08-26T12:57:19+00:00","breadcrumb":{"@id":"https:\/\/bekkalokket.no\/index.php\/retningslinjer-for-jubileumskomite\/#breadcrumb"},"inLanguage":"nb-NO","potentialAction":[{"@type":"ReadAction","target":["https:\/\/bekkalokket.no\/index.php\/retningslinjer-for-jubileumskomite\/"]}]},{"@type":"BreadcrumbList","@id":"https:\/\/bekkalokket.no\/index.php\/retningslinjer-for-jubileumskomite\/#breadcrumb","itemListElement":[{"@type":"ListItem","position":1,"name":"Home","item":"https:\/\/bekkalokket.no\/"},{"@type":"ListItem","position":2,"name":"Retningslinjer for Jubileumskomit\u00e8"}]},{"@type":"WebSite","@id":"https:\/\/bekkalokket.no\/#website","url":"https:\/\/bekkalokket.no\/","name":"Bekkalokket Fotoklubb","description":"En sosial og aktiv fotoklubb i Bergen","potentialAction":[{"@type":"SearchAction","target":{"@type":"EntryPoint","urlTemplate":"https:\/\/bekkalokket.no\/?s={search_term_string}"},"query-input":{"@type":"PropertyValueSpecification","valueRequired":true,"valueName":"search_term_string"}}],"inLanguage":"nb-NO"}]}},"_links":{"self":[{"href":"https:\/\/bekkalokket.no\/index.php\/wp-json\/wp\/v2\/pages\/795","targetHints":{"allow":["GET"]}}],"collection":[{"href":"https:\/\/bekkalokket.no\/index.php\/wp-json\/wp\/v2\/pages"}],"about":[{"href":"https:\/\/bekkalokket.no\/index.php\/wp-json\/wp\/v2\/types\/page"}],"author":[{"embeddable":true,"href":"https:\/\/bekkalokket.no\/index.php\/wp-json\/wp\/v2\/users\/2"}],"replies":[{"embeddable":true,"href":"https:\/\/bekkalokket.no\/index.php\/wp-json\/wp\/v2\/comments?post=795"}],"version-history":[{"count":1,"href":"https:\/\/bekkalokket.no\/index.php\/wp-json\/wp\/v2\/pages\/795\/revisions"}],"predecessor-version":[{"id":796,"href":"https:\/\/bekkalokket.no\/index.php\/wp-json\/wp\/v2\/pages\/795\/revisions\/796"}],"wp:attachment":[{"href":"https:\/\/bekkalokket.no\/index.php\/wp-json\/wp\/v2\/media?parent=795"}],"curies":[{"name":"wp","href":"https:\/\/api.w.org\/{rel}","templated":true}]}}