{"id":797,"date":"2018-08-26T14:59:15","date_gmt":"2018-08-26T12:59:15","guid":{"rendered":"http:\/\/bekkalokket.com\/?page_id=797"},"modified":"2018-08-26T14:59:15","modified_gmt":"2018-08-26T12:59:15","slug":"retningslinjer-for-kjellermester","status":"publish","type":"page","link":"https:\/\/bekkalokket.no\/index.php\/retningslinjer-for-kjellermester\/","title":{"rendered":"Retningslinjer for Kjellermester"},"content":{"rendered":"<div>\n<div>Kjellermesteren arbeider etter de \u00f8konomiske rammer som styret gir.<\/div>\n<div>Kjellermesteren velges av \u00e5rsm\u00f8tet.<\/div>\n<div><strong>Kjellermesteren har ansvar for \u00e5:<\/strong><br \/>\n\u2022 S\u00f8rge for at det er ryddig og rent i m\u00f8telokalet.<br \/>\n\u2022 At det er en brukbar temperatur i m\u00f8telokalet f\u00f8r m\u00f8tene begynner.<br \/>\n\u2022 Innkj\u00f8p av brus, \u00f8l, vin, tebr\u00f8d, kaker, etc.<br \/>\n\u2022 Trekke the og kaffe f\u00f8r m\u00f8tet begynner.<br \/>\n\u2022 Arrangere et vinlotteri p\u00e5 hvert m\u00f8te.<br \/>\n\u2022 F\u00f8re regnskap p\u00e5 hvert m\u00f8te i samsvar med kasserer sine henvisninger.<br \/>\n\u2022 Utl\u00e5n av blitz-anlegg og karusell-fremvisere, etc.<br \/>\n\u2022 Vedlikehold og ettersyn av klubbens utstyr.<\/div>\n<\/div>\n","protected":false},"excerpt":{"rendered":"<p>Kjellermesteren arbeider etter de \u00f8konomiske rammer som styret gir. Kjellermesteren velges av \u00e5rsm\u00f8tet. Kjellermesteren har ansvar for \u00e5: \u2022 S\u00f8rge for at det er ryddig og rent i m\u00f8telokalet. \u2022 At det er en&#46;&#46;&#46;<\/p>\n","protected":false},"author":2,"featured_media":0,"parent":0,"menu_order":0,"comment_status":"closed","ping_status":"closed","template":"","meta":{"footnotes":""},"class_list":["post-797","page","type-page","status-publish","hentry"],"yoast_head":"<!-- This site is optimized with the Yoast SEO plugin v27.6 - https:\/\/yoast.com\/product\/yoast-seo-wordpress\/ -->\n<title>Retningslinjer for Kjellermester - Bekkalokket Fotoklubb<\/title>\n<meta name=\"robots\" content=\"index, follow, max-snippet:-1, max-image-preview:large, max-video-preview:-1\" \/>\n<link rel=\"canonical\" href=\"https:\/\/bekkalokket.no\/index.php\/retningslinjer-for-kjellermester\/\" \/>\n<meta property=\"og:locale\" content=\"nb_NO\" \/>\n<meta property=\"og:type\" content=\"article\" \/>\n<meta property=\"og:title\" content=\"Retningslinjer for Kjellermester - Bekkalokket Fotoklubb\" \/>\n<meta property=\"og:description\" content=\"Kjellermesteren arbeider etter de \u00f8konomiske rammer som styret gir. Kjellermesteren velges av \u00e5rsm\u00f8tet. Kjellermesteren har ansvar for \u00e5: \u2022 S\u00f8rge for at det er ryddig og rent i m\u00f8telokalet. \u2022 At det er en&#046;&#046;&#046;\" \/>\n<meta property=\"og:url\" content=\"https:\/\/bekkalokket.no\/index.php\/retningslinjer-for-kjellermester\/\" \/>\n<meta property=\"og:site_name\" content=\"Bekkalokket Fotoklubb\" \/>\n<meta name=\"twitter:card\" content=\"summary_large_image\" \/>\n<script type=\"application\/ld+json\" class=\"yoast-schema-graph\">{\"@context\":\"https:\\\/\\\/schema.org\",\"@graph\":[{\"@type\":\"WebPage\",\"@id\":\"https:\\\/\\\/bekkalokket.no\\\/index.php\\\/retningslinjer-for-kjellermester\\\/\",\"url\":\"https:\\\/\\\/bekkalokket.no\\\/index.php\\\/retningslinjer-for-kjellermester\\\/\",\"name\":\"Retningslinjer for Kjellermester - Bekkalokket Fotoklubb\",\"isPartOf\":{\"@id\":\"https:\\\/\\\/bekkalokket.no\\\/#website\"},\"datePublished\":\"2018-08-26T12:59:15+00:00\",\"breadcrumb\":{\"@id\":\"https:\\\/\\\/bekkalokket.no\\\/index.php\\\/retningslinjer-for-kjellermester\\\/#breadcrumb\"},\"inLanguage\":\"nb-NO\",\"potentialAction\":[{\"@type\":\"ReadAction\",\"target\":[\"https:\\\/\\\/bekkalokket.no\\\/index.php\\\/retningslinjer-for-kjellermester\\\/\"]}]},{\"@type\":\"BreadcrumbList\",\"@id\":\"https:\\\/\\\/bekkalokket.no\\\/index.php\\\/retningslinjer-for-kjellermester\\\/#breadcrumb\",\"itemListElement\":[{\"@type\":\"ListItem\",\"position\":1,\"name\":\"Home\",\"item\":\"https:\\\/\\\/bekkalokket.no\\\/\"},{\"@type\":\"ListItem\",\"position\":2,\"name\":\"Retningslinjer for Kjellermester\"}]},{\"@type\":\"WebSite\",\"@id\":\"https:\\\/\\\/bekkalokket.no\\\/#website\",\"url\":\"https:\\\/\\\/bekkalokket.no\\\/\",\"name\":\"Bekkalokket Fotoklubb\",\"description\":\"En sosial og aktiv fotoklubb i Bergen\",\"potentialAction\":[{\"@type\":\"SearchAction\",\"target\":{\"@type\":\"EntryPoint\",\"urlTemplate\":\"https:\\\/\\\/bekkalokket.no\\\/?s={search_term_string}\"},\"query-input\":{\"@type\":\"PropertyValueSpecification\",\"valueRequired\":true,\"valueName\":\"search_term_string\"}}],\"inLanguage\":\"nb-NO\"}]}<\/script>\n<!-- \/ Yoast SEO plugin. -->","yoast_head_json":{"title":"Retningslinjer for Kjellermester - Bekkalokket Fotoklubb","robots":{"index":"index","follow":"follow","max-snippet":"max-snippet:-1","max-image-preview":"max-image-preview:large","max-video-preview":"max-video-preview:-1"},"canonical":"https:\/\/bekkalokket.no\/index.php\/retningslinjer-for-kjellermester\/","og_locale":"nb_NO","og_type":"article","og_title":"Retningslinjer for Kjellermester - Bekkalokket Fotoklubb","og_description":"Kjellermesteren arbeider etter de \u00f8konomiske rammer som styret gir. Kjellermesteren velges av \u00e5rsm\u00f8tet. Kjellermesteren har ansvar for \u00e5: \u2022 S\u00f8rge for at det er ryddig og rent i m\u00f8telokalet. \u2022 At det er en&#46;&#46;&#46;","og_url":"https:\/\/bekkalokket.no\/index.php\/retningslinjer-for-kjellermester\/","og_site_name":"Bekkalokket Fotoklubb","twitter_card":"summary_large_image","schema":{"@context":"https:\/\/schema.org","@graph":[{"@type":"WebPage","@id":"https:\/\/bekkalokket.no\/index.php\/retningslinjer-for-kjellermester\/","url":"https:\/\/bekkalokket.no\/index.php\/retningslinjer-for-kjellermester\/","name":"Retningslinjer for Kjellermester - Bekkalokket Fotoklubb","isPartOf":{"@id":"https:\/\/bekkalokket.no\/#website"},"datePublished":"2018-08-26T12:59:15+00:00","breadcrumb":{"@id":"https:\/\/bekkalokket.no\/index.php\/retningslinjer-for-kjellermester\/#breadcrumb"},"inLanguage":"nb-NO","potentialAction":[{"@type":"ReadAction","target":["https:\/\/bekkalokket.no\/index.php\/retningslinjer-for-kjellermester\/"]}]},{"@type":"BreadcrumbList","@id":"https:\/\/bekkalokket.no\/index.php\/retningslinjer-for-kjellermester\/#breadcrumb","itemListElement":[{"@type":"ListItem","position":1,"name":"Home","item":"https:\/\/bekkalokket.no\/"},{"@type":"ListItem","position":2,"name":"Retningslinjer for Kjellermester"}]},{"@type":"WebSite","@id":"https:\/\/bekkalokket.no\/#website","url":"https:\/\/bekkalokket.no\/","name":"Bekkalokket Fotoklubb","description":"En sosial og aktiv fotoklubb i Bergen","potentialAction":[{"@type":"SearchAction","target":{"@type":"EntryPoint","urlTemplate":"https:\/\/bekkalokket.no\/?s={search_term_string}"},"query-input":{"@type":"PropertyValueSpecification","valueRequired":true,"valueName":"search_term_string"}}],"inLanguage":"nb-NO"}]}},"_links":{"self":[{"href":"https:\/\/bekkalokket.no\/index.php\/wp-json\/wp\/v2\/pages\/797","targetHints":{"allow":["GET"]}}],"collection":[{"href":"https:\/\/bekkalokket.no\/index.php\/wp-json\/wp\/v2\/pages"}],"about":[{"href":"https:\/\/bekkalokket.no\/index.php\/wp-json\/wp\/v2\/types\/page"}],"author":[{"embeddable":true,"href":"https:\/\/bekkalokket.no\/index.php\/wp-json\/wp\/v2\/users\/2"}],"replies":[{"embeddable":true,"href":"https:\/\/bekkalokket.no\/index.php\/wp-json\/wp\/v2\/comments?post=797"}],"version-history":[{"count":1,"href":"https:\/\/bekkalokket.no\/index.php\/wp-json\/wp\/v2\/pages\/797\/revisions"}],"predecessor-version":[{"id":798,"href":"https:\/\/bekkalokket.no\/index.php\/wp-json\/wp\/v2\/pages\/797\/revisions\/798"}],"wp:attachment":[{"href":"https:\/\/bekkalokket.no\/index.php\/wp-json\/wp\/v2\/media?parent=797"}],"curies":[{"name":"wp","href":"https:\/\/api.w.org\/{rel}","templated":true}]}}