{"id":805,"date":"2018-08-26T15:02:15","date_gmt":"2018-08-26T13:02:15","guid":{"rendered":"http:\/\/bekkalokket.com\/?page_id=805"},"modified":"2023-04-30T13:26:33","modified_gmt":"2023-04-30T11:26:33","slug":"retningslinjer-for-kunstfotografi","status":"publish","type":"page","link":"https:\/\/bekkalokket.no\/index.php\/retningslinjer-for-kunstfotografi\/","title":{"rendered":"Retningslinjer for Kunstfotografi"},"content":{"rendered":"<p>Hensikten med \u00e5 lodde ut et kunstfotografi er \u00e5 motivere til deltagelse og aktivitet p\u00e5 klubbm\u00f8ter og i utstillinger. Lotteriet skal v\u00e6re en motvekt til bel\u00f8nning gjennom fotokonkurranser. Gjennom sin deltakelse har medlemmene mulighet til \u00e5 f\u00e5 lodd i dette unike lotteriet. Trekningen foreg\u00e5r p\u00e5 julefesten eller p\u00e5 \u00e5rsm\u00f8tet. Innkj\u00f8p av kunstfoto og gjennomf\u00f8ring av lotteriet blir bare gjennomf\u00f8rt dersom klubbens \u00f8konomi tilsier det. Denne avgj\u00f8relsen blir tatt av styret, som ogs\u00e5 har ansvar for utvelgelsen av bildet.<\/p>\n<p>Bildet skal inneha gode kunstneriske kvaliteter, kanskje noe litt annerledes enn klubbens egne medlemmer produserer, og bildet som \u00abloddes\u00bb ut p\u00e5 \u00e5rets siste m\u00f8te er ogs\u00e5 flott rammet inn. Forutsetningen er selvsagt den heldige fortsatt er aktiv som medlem, ellers blir det ny trekning. Sekret\u00e6r holder \u00ablodd-kontroll\u00bb fra m\u00f8tene.<\/p>\n<p><strong>Premisser for tildeling av lodder som ligger til grunn for trekning: <\/strong><\/p>\n<div>\n<p>Klubbaktivitet:<\/p>\n<p>Hovedprogram for kvelden 5 lodd.<br \/>\nPecha Kucha (uansett antall Pecha Kucha p\u00e5 kveld) 3 lodd.<br \/>\nBildeserie visning (medlemmenes 15 minutter eller lignende) 2 lodd.<br \/>\nVise bilder p\u00e5 klubbm\u00f8te 2 lodd.<br \/>\nDelta med bilder i Tema-foto, eller lignende 2 lodd.<br \/>\nInnsending av bilder til utstillinger i regi av klubben 2 lodd.<br \/>\nSende inn bilder til NSFF \u00c5rboka 1 lodd.<\/p>\n<p>Endret 26.01.2023 av Styret i Bekkalokket fotoklubb<\/p>\n<\/div>\n","protected":false},"excerpt":{"rendered":"<p>Hensikten med \u00e5 lodde ut et kunstfotografi er \u00e5 motivere til deltagelse og aktivitet p\u00e5 klubbm\u00f8ter og i utstillinger. Lotteriet skal v\u00e6re en motvekt til bel\u00f8nning gjennom fotokonkurranser. Gjennom sin deltakelse har medlemmene mulighet&#46;&#46;&#46;<\/p>\n","protected":false},"author":2,"featured_media":0,"parent":0,"menu_order":0,"comment_status":"closed","ping_status":"closed","template":"","meta":{"footnotes":""},"class_list":["post-805","page","type-page","status-publish","hentry"],"yoast_head":"<!-- This site is optimized with the Yoast SEO plugin v27.5 - https:\/\/yoast.com\/product\/yoast-seo-wordpress\/ -->\n<title>Retningslinjer for Kunstfotografi - Bekkalokket Fotoklubb<\/title>\n<meta name=\"robots\" content=\"index, follow, max-snippet:-1, max-image-preview:large, max-video-preview:-1\" \/>\n<link rel=\"canonical\" href=\"https:\/\/bekkalokket.no\/index.php\/retningslinjer-for-kunstfotografi\/\" \/>\n<meta property=\"og:locale\" content=\"nb_NO\" \/>\n<meta property=\"og:type\" content=\"article\" \/>\n<meta property=\"og:title\" content=\"Retningslinjer for Kunstfotografi - Bekkalokket Fotoklubb\" \/>\n<meta property=\"og:description\" content=\"Hensikten med \u00e5 lodde ut et kunstfotografi er \u00e5 motivere til deltagelse og aktivitet p\u00e5 klubbm\u00f8ter og i utstillinger. Lotteriet skal v\u00e6re en motvekt til bel\u00f8nning gjennom fotokonkurranser. Gjennom sin deltakelse har medlemmene mulighet&#046;&#046;&#046;\" \/>\n<meta property=\"og:url\" content=\"https:\/\/bekkalokket.no\/index.php\/retningslinjer-for-kunstfotografi\/\" \/>\n<meta property=\"og:site_name\" content=\"Bekkalokket Fotoklubb\" \/>\n<meta property=\"article:modified_time\" content=\"2023-04-30T11:26:33+00:00\" \/>\n<meta name=\"twitter:card\" content=\"summary_large_image\" \/>\n<meta name=\"twitter:label1\" content=\"Ansl. lesetid\" \/>\n\t<meta name=\"twitter:data1\" content=\"2 minutter\" \/>\n<script type=\"application\/ld+json\" class=\"yoast-schema-graph\">{\"@context\":\"https:\\\/\\\/schema.org\",\"@graph\":[{\"@type\":\"WebPage\",\"@id\":\"https:\\\/\\\/bekkalokket.no\\\/index.php\\\/retningslinjer-for-kunstfotografi\\\/\",\"url\":\"https:\\\/\\\/bekkalokket.no\\\/index.php\\\/retningslinjer-for-kunstfotografi\\\/\",\"name\":\"Retningslinjer for Kunstfotografi - Bekkalokket Fotoklubb\",\"isPartOf\":{\"@id\":\"https:\\\/\\\/bekkalokket.no\\\/#website\"},\"datePublished\":\"2018-08-26T13:02:15+00:00\",\"dateModified\":\"2023-04-30T11:26:33+00:00\",\"breadcrumb\":{\"@id\":\"https:\\\/\\\/bekkalokket.no\\\/index.php\\\/retningslinjer-for-kunstfotografi\\\/#breadcrumb\"},\"inLanguage\":\"nb-NO\",\"potentialAction\":[{\"@type\":\"ReadAction\",\"target\":[\"https:\\\/\\\/bekkalokket.no\\\/index.php\\\/retningslinjer-for-kunstfotografi\\\/\"]}]},{\"@type\":\"BreadcrumbList\",\"@id\":\"https:\\\/\\\/bekkalokket.no\\\/index.php\\\/retningslinjer-for-kunstfotografi\\\/#breadcrumb\",\"itemListElement\":[{\"@type\":\"ListItem\",\"position\":1,\"name\":\"Home\",\"item\":\"https:\\\/\\\/bekkalokket.no\\\/\"},{\"@type\":\"ListItem\",\"position\":2,\"name\":\"Retningslinjer for Kunstfotografi\"}]},{\"@type\":\"WebSite\",\"@id\":\"https:\\\/\\\/bekkalokket.no\\\/#website\",\"url\":\"https:\\\/\\\/bekkalokket.no\\\/\",\"name\":\"Bekkalokket Fotoklubb\",\"description\":\"En sosial og aktiv fotoklubb i Bergen\",\"potentialAction\":[{\"@type\":\"SearchAction\",\"target\":{\"@type\":\"EntryPoint\",\"urlTemplate\":\"https:\\\/\\\/bekkalokket.no\\\/?s={search_term_string}\"},\"query-input\":{\"@type\":\"PropertyValueSpecification\",\"valueRequired\":true,\"valueName\":\"search_term_string\"}}],\"inLanguage\":\"nb-NO\"}]}<\/script>\n<!-- \/ Yoast SEO plugin. -->","yoast_head_json":{"title":"Retningslinjer for Kunstfotografi - Bekkalokket Fotoklubb","robots":{"index":"index","follow":"follow","max-snippet":"max-snippet:-1","max-image-preview":"max-image-preview:large","max-video-preview":"max-video-preview:-1"},"canonical":"https:\/\/bekkalokket.no\/index.php\/retningslinjer-for-kunstfotografi\/","og_locale":"nb_NO","og_type":"article","og_title":"Retningslinjer for Kunstfotografi - Bekkalokket Fotoklubb","og_description":"Hensikten med \u00e5 lodde ut et kunstfotografi er \u00e5 motivere til deltagelse og aktivitet p\u00e5 klubbm\u00f8ter og i utstillinger. Lotteriet skal v\u00e6re en motvekt til bel\u00f8nning gjennom fotokonkurranser. Gjennom sin deltakelse har medlemmene mulighet&#46;&#46;&#46;","og_url":"https:\/\/bekkalokket.no\/index.php\/retningslinjer-for-kunstfotografi\/","og_site_name":"Bekkalokket Fotoklubb","article_modified_time":"2023-04-30T11:26:33+00:00","twitter_card":"summary_large_image","twitter_misc":{"Ansl. lesetid":"2 minutter"},"schema":{"@context":"https:\/\/schema.org","@graph":[{"@type":"WebPage","@id":"https:\/\/bekkalokket.no\/index.php\/retningslinjer-for-kunstfotografi\/","url":"https:\/\/bekkalokket.no\/index.php\/retningslinjer-for-kunstfotografi\/","name":"Retningslinjer for Kunstfotografi - Bekkalokket Fotoklubb","isPartOf":{"@id":"https:\/\/bekkalokket.no\/#website"},"datePublished":"2018-08-26T13:02:15+00:00","dateModified":"2023-04-30T11:26:33+00:00","breadcrumb":{"@id":"https:\/\/bekkalokket.no\/index.php\/retningslinjer-for-kunstfotografi\/#breadcrumb"},"inLanguage":"nb-NO","potentialAction":[{"@type":"ReadAction","target":["https:\/\/bekkalokket.no\/index.php\/retningslinjer-for-kunstfotografi\/"]}]},{"@type":"BreadcrumbList","@id":"https:\/\/bekkalokket.no\/index.php\/retningslinjer-for-kunstfotografi\/#breadcrumb","itemListElement":[{"@type":"ListItem","position":1,"name":"Home","item":"https:\/\/bekkalokket.no\/"},{"@type":"ListItem","position":2,"name":"Retningslinjer for Kunstfotografi"}]},{"@type":"WebSite","@id":"https:\/\/bekkalokket.no\/#website","url":"https:\/\/bekkalokket.no\/","name":"Bekkalokket Fotoklubb","description":"En sosial og aktiv fotoklubb i Bergen","potentialAction":[{"@type":"SearchAction","target":{"@type":"EntryPoint","urlTemplate":"https:\/\/bekkalokket.no\/?s={search_term_string}"},"query-input":{"@type":"PropertyValueSpecification","valueRequired":true,"valueName":"search_term_string"}}],"inLanguage":"nb-NO"}]}},"_links":{"self":[{"href":"https:\/\/bekkalokket.no\/index.php\/wp-json\/wp\/v2\/pages\/805","targetHints":{"allow":["GET"]}}],"collection":[{"href":"https:\/\/bekkalokket.no\/index.php\/wp-json\/wp\/v2\/pages"}],"about":[{"href":"https:\/\/bekkalokket.no\/index.php\/wp-json\/wp\/v2\/types\/page"}],"author":[{"embeddable":true,"href":"https:\/\/bekkalokket.no\/index.php\/wp-json\/wp\/v2\/users\/2"}],"replies":[{"embeddable":true,"href":"https:\/\/bekkalokket.no\/index.php\/wp-json\/wp\/v2\/comments?post=805"}],"version-history":[{"count":3,"href":"https:\/\/bekkalokket.no\/index.php\/wp-json\/wp\/v2\/pages\/805\/revisions"}],"predecessor-version":[{"id":5926,"href":"https:\/\/bekkalokket.no\/index.php\/wp-json\/wp\/v2\/pages\/805\/revisions\/5926"}],"wp:attachment":[{"href":"https:\/\/bekkalokket.no\/index.php\/wp-json\/wp\/v2\/media?parent=805"}],"curies":[{"name":"wp","href":"https:\/\/api.w.org\/{rel}","templated":true}]}}