{"id":9561,"date":"2024-11-14T15:04:41","date_gmt":"2024-11-14T13:04:41","guid":{"rendered":"https:\/\/bekkalokket.no\/?page_id=9561"},"modified":"2024-11-14T17:15:56","modified_gmt":"2024-11-14T15:15:56","slug":"grasrotutstillingen-2024","status":"publish","type":"page","link":"https:\/\/bekkalokket.no\/index.php\/grasrotutstillingen-2024\/","title":{"rendered":"Grasrotutstillingen 2024 Way-back"},"content":{"rendered":"\n<h2 class=\"wp-block-heading\"><strong>\u00c5rets mottaker av grasrotmidler er Way-back<\/strong>\u00a0<\/h2>\n\n\n\n<p>Grasrotutstillingen 2024 ble gitt til stiftelsen <a href=\"https:\/\/www.wayback.no\/\" target=\"_blank\" rel=\"noreferrer noopener\">Way-back<\/a>, som holder til i Eidv\u00e5g Fabrikker i \u00c5sane utenfor Bergen.<\/p>\n\n\n\n<p>Vi i Bekkalokket Fotoklubb mottar penger fra grasrotandelen til Norsk Tipping, og vi \u00f8nsker at disse pengene skal g\u00e5 til utstillingsform\u00e5l. Vi bruker en stor del av det \u00e5rlige bel\u00f8pet til \u00e5 lage en utstilling til andre organisasjoner, som trenger bilder p\u00e5 veggene.<\/p>\n\n\n\n<h3 class=\"wp-block-heading\">Way-Back stiftelsen<\/h3>\n\n\n\n<p>Way-Back er en ideell stiftelse som arbeider for innsattes tilbakef\u00f8ring til samfunnet. De fokuserer p\u00e5 \u00e5 koordinere forholdene mellom ulike instanser som NAV, utdannelsesinstitusjon, lege og rusomsorg. <\/p>\n\n\n\n<p>Dette gj\u00f8r at overgangen til frihet blir tilrettelagt for den enkelte p\u00e5 hans og hennes egne premisser.&nbsp;<\/p>\n\n\n\n<h4 class=\"wp-block-heading\">M\u00e5lsettinger til Way-Back<\/h4>\n\n\n\n<p>Way-backs m\u00e5lsettinger er at innsatte som skal l\u00f8slates f\u00e5r et bedre grunnlag til \u00e5 bygge et krim- og rusfritt liv dersom man er motivert for det. De vil hjelpe de som kommer ut etter endt soning slik at de f\u00e5r en lettere overgang til samfunnet, og ikke vender tilbake til kriminalitet og rus.&nbsp;<\/p>\n\n\n\n<p>Alle medlemmer blir tildelt en fadder. <\/p>\n\n\n\n<ul class=\"wp-block-list\">\n<li>En fadder g\u00e5r inn i fengselet og bes\u00f8ker innsatte.<\/li>\n\n\n\n<li>En fadder har bakgrunn fra soning i fengselet.<\/li>\n\n\n\n<li>En fadder har fokus p\u00e5 et lovlydig rusfritt liv og hva som m\u00e5 til for \u00e5 leve det.<\/li>\n\n\n\n<li>En fadder stiller med stor erfaring og ekspertise innen kriminalomsorg og nettverksbygging.&nbsp;&nbsp;<\/li>\n<\/ul>\n\n\n\n<div style=\"height:26px\" aria-hidden=\"true\" class=\"wp-block-spacer\"><\/div>\n\n\n\n<h3 class=\"wp-block-heading\">Utvelgelse av bilder til Way-Back<\/h3>\n\n\n\n<p>Det ble p\u00e5 vanlig vis utlyst mulighet til innsending av inntil 4 bilder hver blant klubbens medlemmer i Bekkalokket Fotoklubb. <\/p>\n\n\n\n<p>Resultatet var at Utstillingskomiteen fikk inn 105 bilder fordelt p\u00e5 33 autorer. P\u00e5 m\u00f8te i utstillingskomit\u00e9en 17.09.2024 valgte komiteen ut 16 bilder til utstillingen hos Way-back. <\/p>\n\n\n\n<p>Senere ble dette p\u00e5 grunn av plasshensyn redusert til 14 bilder. 3 autorer fikk med to bilder hver, s\u00e5 totalt 11 av klubbens medlemmer er representert p\u00e5 utstillingen.&nbsp;<\/p>\n\n\n\n<h3 class=\"wp-block-heading\">Trykking av bilder &#8211; Cewe JapanPhoto<\/h3>\n\n\n\n<p><a href=\"https:\/\/www.cewe.no\/om-oss.html\" target=\"_blank\" rel=\"noreferrer noopener\">Cewe\/Japan Foto<\/a> har et nytt system for innlevering av bilder, og leder i komit\u00e9en tok derfor kontakt med Thor H\u00e5konsen hos Cewe sentralt, som blant annet er ansvarlig for fotokultur i CEWE Japan Photo. Resultatet av samarbeidet ble trykk av flotte bilder som n\u00e5 henger p\u00e5 vegger hos Way-Back i Eidv\u00e5g Fabrikker.<\/p>\n\n\n\n<p>Bildene ble bestilt p\u00e5 skumplater, og med st\u00f8rrelser fra 40x60cm til 105x140cm.<\/p>\n\n\n\n<p>Bekkalokkes klubbmedlemmer Terje \u00d8en og Lars Sveen hang opp bildene i Way-back sine lokaler i Eidsv\u00e5g Fabrikker.<\/p>\n\n\n\n<p><\/p>\n\n\n\n<h3 class=\"wp-block-heading\">\u00c5pning av Way-Back utstillingen i Eidsv\u00e5g Fabrikker<\/h3>\n\n\n\n<p>Utstillingen ble \u00e5pnet onsdag 06.11.2024 med korte taler av leder Lars Sveen i utstillingskomit\u00e9en og leder i Bekkalokket Fotoklubb Oddhild Lien.<\/p>\n\n\n\n<p>En kort PowerPoint presentasjon ble vist p\u00e5 klubbm\u00f8tet 07.11.2024, slik at flere klubbensmedlemmer fikk sjanse til \u00e5 f\u00e5 et inntrykk av Way-back utstillingen.&nbsp;<\/p>\n\n\n\n<h3 class=\"wp-block-heading\">Utdelinger av grasrotmidler fra Norsk Tipping<\/h3>\n\n\n\n<p>Grasrotandelen gir deg muligheten til \u00e5 bestemme hvem som skal f\u00e5 en del av Norsk Tippings overskudd \u2013 uten at det koster deg noe ekstra.<\/p>\n\n\n\n<p>Alle&nbsp;<a href=\"https:\/\/www.norsk-tipping.no\/grasrotandelen\" target=\"_blank\" rel=\"noreferrer noopener\">Norsk Tipping<\/a>&nbsp;sine kunder kan bli grasrotgivere ved \u00e5 knytte seg til ett lag eller en forening, og det er&nbsp;<a href=\"https:\/\/www.regjeringen.no\/no\/dep\/kud\/id545\/\" target=\"_blank\" rel=\"noreferrer noopener\">Kulturdepartementet<\/a>&nbsp;som bestemmer hvem som kan motta grasrotmidler.<\/p>\n\n\n\n<p>Grasrotgiver velger selv hvilket lag eller forening som skal motta inntil 7% av spillinnsatsen.&nbsp;<\/p>\n\n\n\n<p><\/p>\n\n\n\n<h2 class=\"wp-block-heading\">Bilder fra <strong>Way-back<\/strong>&nbsp;utstillingen i Eidv\u00e5g Fabrikker <\/h2>\n\n\n\n<div class=\"wp-block-columns is-layout-flex wp-container-core-columns-is-layout-9d6595d7 wp-block-columns-is-layout-flex\">\n<div class=\"wp-block-column is-layout-flow wp-block-column-is-layout-flow\">\n<figure class=\"wp-block-image size-large\"><img loading=\"lazy\" decoding=\"async\" width=\"1024\" height=\"683\" src=\"https:\/\/bekkalokket.no\/wp-content\/uploads\/2024\/11\/9-kopi-1024x683.jpg\" alt=\"\" class=\"wp-image-9571\" srcset=\"https:\/\/bekkalokket.no\/wp-content\/uploads\/2024\/11\/9-kopi-1024x683.jpg 1024w, https:\/\/bekkalokket.no\/wp-content\/uploads\/2024\/11\/9-kopi-300x200.jpg 300w, https:\/\/bekkalokket.no\/wp-content\/uploads\/2024\/11\/9-kopi-768x512.jpg 768w, https:\/\/bekkalokket.no\/wp-content\/uploads\/2024\/11\/9-kopi-1536x1024.jpg 1536w, https:\/\/bekkalokket.no\/wp-content\/uploads\/2024\/11\/9-kopi.jpg 2040w\" sizes=\"auto, (max-width: 1024px) 100vw, 1024px\" \/><\/figure>\n<\/div>\n\n\n\n<div class=\"wp-block-column is-layout-flow wp-block-column-is-layout-flow\">\n<figure class=\"wp-block-image size-large\"><img loading=\"lazy\" decoding=\"async\" width=\"1024\" height=\"683\" src=\"https:\/\/bekkalokket.no\/wp-content\/uploads\/2024\/11\/12-kopi-1024x683.jpg\" alt=\"\" class=\"wp-image-9572\" srcset=\"https:\/\/bekkalokket.no\/wp-content\/uploads\/2024\/11\/12-kopi-1024x683.jpg 1024w, https:\/\/bekkalokket.no\/wp-content\/uploads\/2024\/11\/12-kopi-300x200.jpg 300w, https:\/\/bekkalokket.no\/wp-content\/uploads\/2024\/11\/12-kopi-768x512.jpg 768w, https:\/\/bekkalokket.no\/wp-content\/uploads\/2024\/11\/12-kopi-1536x1024.jpg 1536w, https:\/\/bekkalokket.no\/wp-content\/uploads\/2024\/11\/12-kopi.jpg 1993w\" sizes=\"auto, (max-width: 1024px) 100vw, 1024px\" \/><\/figure>\n<\/div>\n\n\n\n<div class=\"wp-block-column is-layout-flow wp-block-column-is-layout-flow\">\n<figure class=\"wp-block-image size-large\"><img loading=\"lazy\" decoding=\"async\" width=\"1024\" height=\"683\" src=\"https:\/\/bekkalokket.no\/wp-content\/uploads\/2024\/11\/6-kopi-1024x683.jpg\" alt=\"\" class=\"wp-image-9573\" srcset=\"https:\/\/bekkalokket.no\/wp-content\/uploads\/2024\/11\/6-kopi-1024x683.jpg 1024w, https:\/\/bekkalokket.no\/wp-content\/uploads\/2024\/11\/6-kopi-300x200.jpg 300w, https:\/\/bekkalokket.no\/wp-content\/uploads\/2024\/11\/6-kopi-768x512.jpg 768w, https:\/\/bekkalokket.no\/wp-content\/uploads\/2024\/11\/6-kopi-1536x1024.jpg 1536w, https:\/\/bekkalokket.no\/wp-content\/uploads\/2024\/11\/6-kopi.jpg 2040w\" sizes=\"auto, (max-width: 1024px) 100vw, 1024px\" \/><\/figure>\n<\/div>\n<\/div>\n\n\n\n<div class=\"wp-block-columns is-layout-flex wp-container-core-columns-is-layout-9d6595d7 wp-block-columns-is-layout-flex\">\n<div class=\"wp-block-column is-layout-flow wp-block-column-is-layout-flow\">\n<figure class=\"wp-block-image size-large\"><img loading=\"lazy\" decoding=\"async\" width=\"1024\" height=\"683\" src=\"https:\/\/bekkalokket.no\/wp-content\/uploads\/2024\/11\/4-kopi-1024x683.jpg\" alt=\"\" class=\"wp-image-9574\" srcset=\"https:\/\/bekkalokket.no\/wp-content\/uploads\/2024\/11\/4-kopi-1024x683.jpg 1024w, https:\/\/bekkalokket.no\/wp-content\/uploads\/2024\/11\/4-kopi-300x200.jpg 300w, https:\/\/bekkalokket.no\/wp-content\/uploads\/2024\/11\/4-kopi-768x512.jpg 768w, https:\/\/bekkalokket.no\/wp-content\/uploads\/2024\/11\/4-kopi-1536x1024.jpg 1536w, https:\/\/bekkalokket.no\/wp-content\/uploads\/2024\/11\/4-kopi.jpg 2010w\" sizes=\"auto, (max-width: 1024px) 100vw, 1024px\" \/><\/figure>\n<\/div>\n\n\n\n<div class=\"wp-block-column is-layout-flow wp-block-column-is-layout-flow\">\n<figure class=\"wp-block-image size-large\"><img loading=\"lazy\" decoding=\"async\" width=\"1024\" height=\"682\" src=\"https:\/\/bekkalokket.no\/wp-content\/uploads\/2024\/11\/18-kopi-1024x682.jpg\" alt=\"\" class=\"wp-image-9575\" srcset=\"https:\/\/bekkalokket.no\/wp-content\/uploads\/2024\/11\/18-kopi-1024x682.jpg 1024w, https:\/\/bekkalokket.no\/wp-content\/uploads\/2024\/11\/18-kopi-300x200.jpg 300w, https:\/\/bekkalokket.no\/wp-content\/uploads\/2024\/11\/18-kopi-768x512.jpg 768w, https:\/\/bekkalokket.no\/wp-content\/uploads\/2024\/11\/18-kopi.jpg 1294w\" sizes=\"auto, (max-width: 1024px) 100vw, 1024px\" \/><\/figure>\n<\/div>\n\n\n\n<div class=\"wp-block-column is-layout-flow wp-block-column-is-layout-flow\">\n<figure class=\"wp-block-image size-large is-resized\"><img loading=\"lazy\" decoding=\"async\" width=\"1024\" height=\"683\" src=\"https:\/\/bekkalokket.no\/wp-content\/uploads\/2024\/11\/15-kopi-1024x683.jpg\" alt=\"\" class=\"wp-image-9577\" style=\"width:292px;height:auto\" srcset=\"https:\/\/bekkalokket.no\/wp-content\/uploads\/2024\/11\/15-kopi-1024x683.jpg 1024w, https:\/\/bekkalokket.no\/wp-content\/uploads\/2024\/11\/15-kopi-300x200.jpg 300w, https:\/\/bekkalokket.no\/wp-content\/uploads\/2024\/11\/15-kopi-768x512.jpg 768w, https:\/\/bekkalokket.no\/wp-content\/uploads\/2024\/11\/15-kopi-1536x1024.jpg 1536w, https:\/\/bekkalokket.no\/wp-content\/uploads\/2024\/11\/15-kopi.jpg 2040w\" sizes=\"auto, (max-width: 1024px) 100vw, 1024px\" \/><\/figure>\n<\/div>\n<\/div>\n\n\n\n<div class=\"wp-block-columns is-layout-flex wp-container-core-columns-is-layout-9d6595d7 wp-block-columns-is-layout-flex\">\n<div class=\"wp-block-column is-layout-flow wp-block-column-is-layout-flow\">\n<figure class=\"wp-block-image size-large is-resized\"><img loading=\"lazy\" decoding=\"async\" width=\"683\" height=\"1024\" src=\"https:\/\/bekkalokket.no\/wp-content\/uploads\/2024\/11\/17-kopi-1-683x1024.jpg\" alt=\"\" class=\"wp-image-9578\" style=\"width:261px;height:auto\" srcset=\"https:\/\/bekkalokket.no\/wp-content\/uploads\/2024\/11\/17-kopi-1-683x1024.jpg 683w, https:\/\/bekkalokket.no\/wp-content\/uploads\/2024\/11\/17-kopi-1-200x300.jpg 200w, https:\/\/bekkalokket.no\/wp-content\/uploads\/2024\/11\/17-kopi-1-768x1152.jpg 768w, https:\/\/bekkalokket.no\/wp-content\/uploads\/2024\/11\/17-kopi-1-1024x1536.jpg 1024w, https:\/\/bekkalokket.no\/wp-content\/uploads\/2024\/11\/17-kopi-1.jpg 1360w\" sizes=\"auto, (max-width: 683px) 100vw, 683px\" \/><\/figure>\n<\/div>\n\n\n\n<div class=\"wp-block-column is-layout-flow wp-block-column-is-layout-flow\">\n<figure class=\"wp-block-image size-large\"><img loading=\"lazy\" decoding=\"async\" width=\"768\" height=\"1024\" src=\"https:\/\/bekkalokket.no\/wp-content\/uploads\/2024\/11\/19-kopi-768x1024.jpg\" alt=\"\" class=\"wp-image-9579\" srcset=\"https:\/\/bekkalokket.no\/wp-content\/uploads\/2024\/11\/19-kopi-768x1024.jpg 768w, https:\/\/bekkalokket.no\/wp-content\/uploads\/2024\/11\/19-kopi-225x300.jpg 225w, https:\/\/bekkalokket.no\/wp-content\/uploads\/2024\/11\/19-kopi-1152x1536.jpg 1152w, https:\/\/bekkalokket.no\/wp-content\/uploads\/2024\/11\/19-kopi.jpg 1530w\" sizes=\"auto, (max-width: 768px) 100vw, 768px\" \/><\/figure>\n<\/div>\n\n\n\n<div class=\"wp-block-column is-layout-flow wp-block-column-is-layout-flow\"><\/div>\n<\/div>\n\n\n\n<p><\/p>\n\n\n\n<p><a href=\"https:\/\/www.wayback.no\/\" target=\"_blank\" rel=\"noreferrer noopener\">Way-back stiftelsen<\/a> &#8211; <\/p>\n\n\n\n<p><a href=\"https:\/\/bekkalokket.no\/index.php\/grasrotutstillingen-2023-bjorgvin-fengsel\/\" target=\"_blank\" rel=\"noreferrer noopener\">Grasrotustilling 2023 &#8211; Bj\u00f8rgvin Fengsel<\/a><\/p>\n\n\n\n<p><a href=\"https:\/\/bekkalokket.no\/index.php\/grasrotutstilling-2021-bergen-rode-kors-sykehjem\/\" target=\"_blank\" rel=\"noreferrer noopener\">Grasrotutstilling 2021 &#8211; Bergen R\u00f8de Kors Sykehjem<\/a><\/p>\n\n\n\n<p><a href=\"https:\/\/bekkalokket.no\/index.php\/grasrotbilder-2020-ladegarden-sykehjem\/\" target=\"_blank\" rel=\"noreferrer noopener\">Grasrotutstilling 2020 &#8211; Ladeg\u00e5rd Sykehjem<\/a><\/p>\n\n\n\n<p><a href=\"https:\/\/bekkalokket.no\/index.php\/bli-medlem-i-bekkalokket-fotoklubb\/\" target=\"_blank\" rel=\"noreferrer noopener\">Bli medlem i Bekkalokket Fotoklubb<\/a><\/p>\n\n\n\n<p><a href=\"https:\/\/bekkalokket.no\/index.php\/foredragsholdere\/\" target=\"_blank\" rel=\"noreferrer noopener\">V\u00e5re foredragsholdere <\/a><\/p>\n","protected":false},"excerpt":{"rendered":"<p>\u00c5rets mottaker av grasrotmidler er Way-back\u00a0 Grasrotutstillingen 2024 ble gitt til stiftelsen Way-back, som holder til i Eidv\u00e5g Fabrikker i \u00c5sane utenfor Bergen. Vi i Bekkalokket Fotoklubb mottar penger fra grasrotandelen til Norsk Tipping,&#46;&#46;&#46;<\/p>\n","protected":false},"author":8,"featured_media":9584,"parent":0,"menu_order":0,"comment_status":"closed","ping_status":"closed","template":"","meta":{"footnotes":""},"class_list":["post-9561","page","type-page","status-publish","has-post-thumbnail","hentry"],"yoast_head":"<!-- This site is optimized with the Yoast SEO plugin v27.4 - https:\/\/yoast.com\/product\/yoast-seo-wordpress\/ -->\n<title>Grasrotutstillingen 2024 Way-back - Bekkalokket Fotoklubb<\/title>\n<meta name=\"description\" content=\"Mottaker av Grasrotutstillingen 2024 ble stiftelsen Way-back som holder til i Eidv\u00e5g Fabrikker utenfor Bergen. Les mer p\u00e5 hjemmesiden!\" \/>\n<meta name=\"robots\" content=\"index, follow, max-snippet:-1, max-image-preview:large, max-video-preview:-1\" \/>\n<link rel=\"canonical\" href=\"https:\/\/bekkalokket.no\/index.php\/grasrotutstillingen-2024\/\" \/>\n<meta property=\"og:locale\" content=\"nb_NO\" \/>\n<meta property=\"og:type\" content=\"article\" \/>\n<meta property=\"og:title\" content=\"Grasrotutstillingen 2024 Way-back - Bekkalokket Fotoklubb\" \/>\n<meta property=\"og:description\" content=\"Mottaker av Grasrotutstillingen 2024 ble stiftelsen Way-back som holder til i Eidv\u00e5g Fabrikker utenfor Bergen. Les mer p\u00e5 hjemmesiden!\" \/>\n<meta property=\"og:url\" content=\"https:\/\/bekkalokket.no\/index.php\/grasrotutstillingen-2024\/\" \/>\n<meta property=\"og:site_name\" content=\"Bekkalokket Fotoklubb\" \/>\n<meta property=\"article:modified_time\" content=\"2024-11-14T15:15:56+00:00\" \/>\n<meta property=\"og:image\" content=\"https:\/\/bekkalokket.no\/wp-content\/uploads\/2024\/11\/9-kopi_Ipg.jpg\" \/>\n\t<meta property=\"og:image:width\" content=\"2012\" \/>\n\t<meta property=\"og:image:height\" content=\"743\" \/>\n\t<meta property=\"og:image:type\" content=\"image\/jpeg\" \/>\n<meta name=\"twitter:card\" content=\"summary_large_image\" \/>\n<meta name=\"twitter:label1\" content=\"Ansl. lesetid\" \/>\n\t<meta name=\"twitter:data1\" content=\"5 minutter\" \/>\n<script type=\"application\/ld+json\" class=\"yoast-schema-graph\">{\"@context\":\"https:\\\/\\\/schema.org\",\"@graph\":[{\"@type\":\"WebPage\",\"@id\":\"https:\\\/\\\/bekkalokket.no\\\/index.php\\\/grasrotutstillingen-2024\\\/\",\"url\":\"https:\\\/\\\/bekkalokket.no\\\/index.php\\\/grasrotutstillingen-2024\\\/\",\"name\":\"Grasrotutstillingen 2024 Way-back - Bekkalokket Fotoklubb\",\"isPartOf\":{\"@id\":\"https:\\\/\\\/bekkalokket.no\\\/#website\"},\"primaryImageOfPage\":{\"@id\":\"https:\\\/\\\/bekkalokket.no\\\/index.php\\\/grasrotutstillingen-2024\\\/#primaryimage\"},\"image\":{\"@id\":\"https:\\\/\\\/bekkalokket.no\\\/index.php\\\/grasrotutstillingen-2024\\\/#primaryimage\"},\"thumbnailUrl\":\"https:\\\/\\\/bekkalokket.no\\\/wp-content\\\/uploads\\\/2024\\\/11\\\/9-kopi_Ipg.jpg\",\"datePublished\":\"2024-11-14T13:04:41+00:00\",\"dateModified\":\"2024-11-14T15:15:56+00:00\",\"description\":\"Mottaker av Grasrotutstillingen 2024 ble stiftelsen Way-back som holder til i Eidv\u00e5g Fabrikker utenfor Bergen. Les mer p\u00e5 hjemmesiden!\",\"breadcrumb\":{\"@id\":\"https:\\\/\\\/bekkalokket.no\\\/index.php\\\/grasrotutstillingen-2024\\\/#breadcrumb\"},\"inLanguage\":\"nb-NO\",\"potentialAction\":[{\"@type\":\"ReadAction\",\"target\":[\"https:\\\/\\\/bekkalokket.no\\\/index.php\\\/grasrotutstillingen-2024\\\/\"]}]},{\"@type\":\"ImageObject\",\"inLanguage\":\"nb-NO\",\"@id\":\"https:\\\/\\\/bekkalokket.no\\\/index.php\\\/grasrotutstillingen-2024\\\/#primaryimage\",\"url\":\"https:\\\/\\\/bekkalokket.no\\\/wp-content\\\/uploads\\\/2024\\\/11\\\/9-kopi_Ipg.jpg\",\"contentUrl\":\"https:\\\/\\\/bekkalokket.no\\\/wp-content\\\/uploads\\\/2024\\\/11\\\/9-kopi_Ipg.jpg\",\"width\":2012,\"height\":743},{\"@type\":\"BreadcrumbList\",\"@id\":\"https:\\\/\\\/bekkalokket.no\\\/index.php\\\/grasrotutstillingen-2024\\\/#breadcrumb\",\"itemListElement\":[{\"@type\":\"ListItem\",\"position\":1,\"name\":\"Home\",\"item\":\"https:\\\/\\\/bekkalokket.no\\\/\"},{\"@type\":\"ListItem\",\"position\":2,\"name\":\"Grasrotutstillingen 2024 Way-back\"}]},{\"@type\":\"WebSite\",\"@id\":\"https:\\\/\\\/bekkalokket.no\\\/#website\",\"url\":\"https:\\\/\\\/bekkalokket.no\\\/\",\"name\":\"Bekkalokket Fotoklubb\",\"description\":\"En sosial og aktiv fotoklubb i Bergen\",\"potentialAction\":[{\"@type\":\"SearchAction\",\"target\":{\"@type\":\"EntryPoint\",\"urlTemplate\":\"https:\\\/\\\/bekkalokket.no\\\/?s={search_term_string}\"},\"query-input\":{\"@type\":\"PropertyValueSpecification\",\"valueRequired\":true,\"valueName\":\"search_term_string\"}}],\"inLanguage\":\"nb-NO\"}]}<\/script>\n<!-- \/ Yoast SEO plugin. -->","yoast_head_json":{"title":"Grasrotutstillingen 2024 Way-back - Bekkalokket Fotoklubb","description":"Mottaker av Grasrotutstillingen 2024 ble stiftelsen Way-back som holder til i Eidv\u00e5g Fabrikker utenfor Bergen. Les mer p\u00e5 hjemmesiden!","robots":{"index":"index","follow":"follow","max-snippet":"max-snippet:-1","max-image-preview":"max-image-preview:large","max-video-preview":"max-video-preview:-1"},"canonical":"https:\/\/bekkalokket.no\/index.php\/grasrotutstillingen-2024\/","og_locale":"nb_NO","og_type":"article","og_title":"Grasrotutstillingen 2024 Way-back - Bekkalokket Fotoklubb","og_description":"Mottaker av Grasrotutstillingen 2024 ble stiftelsen Way-back som holder til i Eidv\u00e5g Fabrikker utenfor Bergen. Les mer p\u00e5 hjemmesiden!","og_url":"https:\/\/bekkalokket.no\/index.php\/grasrotutstillingen-2024\/","og_site_name":"Bekkalokket Fotoklubb","article_modified_time":"2024-11-14T15:15:56+00:00","og_image":[{"width":2012,"height":743,"url":"https:\/\/bekkalokket.no\/wp-content\/uploads\/2024\/11\/9-kopi_Ipg.jpg","type":"image\/jpeg"}],"twitter_card":"summary_large_image","twitter_misc":{"Ansl. lesetid":"5 minutter"},"schema":{"@context":"https:\/\/schema.org","@graph":[{"@type":"WebPage","@id":"https:\/\/bekkalokket.no\/index.php\/grasrotutstillingen-2024\/","url":"https:\/\/bekkalokket.no\/index.php\/grasrotutstillingen-2024\/","name":"Grasrotutstillingen 2024 Way-back - Bekkalokket Fotoklubb","isPartOf":{"@id":"https:\/\/bekkalokket.no\/#website"},"primaryImageOfPage":{"@id":"https:\/\/bekkalokket.no\/index.php\/grasrotutstillingen-2024\/#primaryimage"},"image":{"@id":"https:\/\/bekkalokket.no\/index.php\/grasrotutstillingen-2024\/#primaryimage"},"thumbnailUrl":"https:\/\/bekkalokket.no\/wp-content\/uploads\/2024\/11\/9-kopi_Ipg.jpg","datePublished":"2024-11-14T13:04:41+00:00","dateModified":"2024-11-14T15:15:56+00:00","description":"Mottaker av Grasrotutstillingen 2024 ble stiftelsen Way-back som holder til i Eidv\u00e5g Fabrikker utenfor Bergen. Les mer p\u00e5 hjemmesiden!","breadcrumb":{"@id":"https:\/\/bekkalokket.no\/index.php\/grasrotutstillingen-2024\/#breadcrumb"},"inLanguage":"nb-NO","potentialAction":[{"@type":"ReadAction","target":["https:\/\/bekkalokket.no\/index.php\/grasrotutstillingen-2024\/"]}]},{"@type":"ImageObject","inLanguage":"nb-NO","@id":"https:\/\/bekkalokket.no\/index.php\/grasrotutstillingen-2024\/#primaryimage","url":"https:\/\/bekkalokket.no\/wp-content\/uploads\/2024\/11\/9-kopi_Ipg.jpg","contentUrl":"https:\/\/bekkalokket.no\/wp-content\/uploads\/2024\/11\/9-kopi_Ipg.jpg","width":2012,"height":743},{"@type":"BreadcrumbList","@id":"https:\/\/bekkalokket.no\/index.php\/grasrotutstillingen-2024\/#breadcrumb","itemListElement":[{"@type":"ListItem","position":1,"name":"Home","item":"https:\/\/bekkalokket.no\/"},{"@type":"ListItem","position":2,"name":"Grasrotutstillingen 2024 Way-back"}]},{"@type":"WebSite","@id":"https:\/\/bekkalokket.no\/#website","url":"https:\/\/bekkalokket.no\/","name":"Bekkalokket Fotoklubb","description":"En sosial og aktiv fotoklubb i Bergen","potentialAction":[{"@type":"SearchAction","target":{"@type":"EntryPoint","urlTemplate":"https:\/\/bekkalokket.no\/?s={search_term_string}"},"query-input":{"@type":"PropertyValueSpecification","valueRequired":true,"valueName":"search_term_string"}}],"inLanguage":"nb-NO"}]}},"_links":{"self":[{"href":"https:\/\/bekkalokket.no\/index.php\/wp-json\/wp\/v2\/pages\/9561","targetHints":{"allow":["GET"]}}],"collection":[{"href":"https:\/\/bekkalokket.no\/index.php\/wp-json\/wp\/v2\/pages"}],"about":[{"href":"https:\/\/bekkalokket.no\/index.php\/wp-json\/wp\/v2\/types\/page"}],"author":[{"embeddable":true,"href":"https:\/\/bekkalokket.no\/index.php\/wp-json\/wp\/v2\/users\/8"}],"replies":[{"embeddable":true,"href":"https:\/\/bekkalokket.no\/index.php\/wp-json\/wp\/v2\/comments?post=9561"}],"version-history":[{"count":25,"href":"https:\/\/bekkalokket.no\/index.php\/wp-json\/wp\/v2\/pages\/9561\/revisions"}],"predecessor-version":[{"id":9627,"href":"https:\/\/bekkalokket.no\/index.php\/wp-json\/wp\/v2\/pages\/9561\/revisions\/9627"}],"wp:featuredmedia":[{"embeddable":true,"href":"https:\/\/bekkalokket.no\/index.php\/wp-json\/wp\/v2\/media\/9584"}],"wp:attachment":[{"href":"https:\/\/bekkalokket.no\/index.php\/wp-json\/wp\/v2\/media?parent=9561"}],"curies":[{"name":"wp","href":"https:\/\/api.w.org\/{rel}","templated":true}]}}